{"id":14277,"date":"2019-11-12T11:40:39","date_gmt":"2019-11-12T16:40:39","guid":{"rendered":"https:\/\/cifar661.wpengine.com\/?page_id=14277"},"modified":"2026-04-13T11:21:16","modified_gmt":"2026-04-13T15:21:16","slug":"home","status":"publish","type":"page","link":"https:\/\/cifar.ca\/fr\/","title":{"rendered":"Page d&rsquo;accueil"},"content":{"rendered":"\r\n<h1>Home &#8211; CIFAR<\/h1>\r\n<h2>Suivez-nous<\/h2>\r\n<p><button class=\"connect square balloon white-transparent facebook left\" data-url=\"https:\/\/www.facebook.com\/CIFAR\/\" aria-haspopup=\"false\" aria-label=\"Suis nous surFaceBook\" data-balloon-pos=\"right\"> FaceBook <\/button> <button class=\"connect square balloon white-transparent twitter\" data-url=\"https:\/\/twitter.com\/nouvelles_CIFAR\" aria-haspopup=\"false\" aria-label=\"Suis nous surTwitter\" data-balloon-pos=\"right\"> Twitter <\/button> <button class=\"connect square balloon white-transparent youtube left\" data-url=\"https:\/\/www.youtube.com\/channel\/UCZj1nnTIiutUjEg-22e8UTA\" aria-haspopup=\"false\" aria-label=\"Suis nous surYouTube\" data-balloon-pos=\"right\"> YouTube <\/button> <button class=\"connect square balloon white-transparent linkedin\" data-url=\"https:\/\/ca.linkedin.com\/company\/canadian-institute-for-advanced-research\" aria-haspopup=\"false\" aria-label=\"Suis nous surLinkedIn\" data-balloon-pos=\"right\"> LinkedIn <\/button> <button class=\"connect square balloon white-transparent instagram left\" data-url=\"https:\/\/www.instagram.com\/cifar.ca_fr\/\" aria-haspopup=\"false\" aria-label=\"Suis nous surInstagram\" data-balloon-pos=\"right\"> Instagram <\/button> <img decoding=\"async\" src=\"https:\/\/dummyimage.com\/1x1\/ffffff\/ffffff\" alt=\"\" data-src=\"https:\/\/cifar.ca\/wp-content\/uploads\/2026\/03\/TurningAward_HompageBanner_2026-9-Richard-Sutton-FR-1-1240x500.png\" \/> <a href=\"https:\/\/cifar.ca\/fr\/sujets\/non-classifiee\/\"> Non classifi\u00e9(e) <\/a><\/p>\r\n<h2>Gilles Brassard et Charles H. Bennett du CIFAR re\u00e7oivent le prix A.M. Turing 2025 de l&rsquo;ACM<\/h2>\r\n<p><a href=\"https:\/\/cifar.ca\/fr\/cifarnews\/2026\/03\/19\/gilles-brassard-et-charles-h-bennett-du-cifar-recoivent-le-prix-a-m-turing-2026-de-lacm-pour-leurs-travaux-revolutionnaires-qui-ont-etabli-le-domaine-de-linformatique-quantique\/\" aria-label=\"Find out more - Gilles Brassard et Charles H. Bennett du CIFAR re\u00e7oivent le prix A.M. Turing 2025 de l\"> En savoir plus <\/a> <img decoding=\"async\" src=\"https:\/\/dummyimage.com\/1x1\/ffffff\/ffffff\" alt=\"\" data-src=\"https:\/\/cifar.ca\/wp-content\/uploads\/2026\/04\/cifar-marquee-1240x500-2.jpg\" \/><\/p>\r\n<h2>\u00c9cole Fronti\u00e8res de l&rsquo;IA du CIFAR &#8211; Inscrivez-vous maintenant<\/h2>\r\n<p><a href=\"https:\/\/cifar.ca\/fr\/initiatives-a-lintention-de-la-prochaine-generation\/ecole-frontieres-de-lia-du-cifar\/\" aria-label=\"Find out more - \u00c9cole Fronti\u00e8res de l\"> En savoir plus <\/a> <img decoding=\"async\" src=\"https:\/\/dummyimage.com\/1x1\/ffffff\/ffffff\" alt=\"\" data-src=\"https:\/\/cifar.ca\/wp-content\/uploads\/2026\/02\/cifar-marquee-1240x500-1.jpg\" \/><\/p>\r\n<h2>Le CIFAR octroie plus d&rsquo;un million de dollars pour soutenir la recherche sur les d\u00e9fis sociotechniques de l&rsquo;IA<\/h2>\r\n<p><a href=\"https:\/\/cifar.ca\/fr\/cifarnews\/2026\/03\/28\/le-cifar-octroie-plus-dun-million-de-dollars-pour-soutenir-la-recherche-sur-les-defis-sociotechniques-de-lia\/\" aria-label=\"Find out more - Le CIFAR octroie plus d\"> En savoir plus <\/a> <img decoding=\"async\" src=\"https:\/\/dummyimage.com\/1x1\/ffffff\/ffffff\" alt=\"\" data-src=\"https:\/\/cifar.ca\/wp-content\/uploads\/2026\/04\/marquee-1240x500-1.jpg\" \/><\/p>\r\n<h2>IA et neurologie : les nouveaux horizons de la recherche<\/h2>\r\n<p><a href=\"https:\/\/cifar.ca\/fr\/cifarnews\/2026\/03\/28\/ia-et-neurologie-les-nouveaux-horizons-de-la-recherche\/\" aria-label=\"Find out more - IA et neurologie : les nouveaux horizons de la recherche\"> En savoir plus <\/a> <img decoding=\"async\" src=\"https:\/\/dummyimage.com\/1x1\/ffffff\/ffffff\" alt=\"\" data-src=\"https:\/\/cifar.ca\/wp-content\/uploads\/2026\/03\/CIFARMitacs-Homepage-Banner-1240x500.png\" \/> <a href=\"https:\/\/cifar.ca\/fr\/sujets\/nouvelles\/annonce-fr\/\"> Annonce <\/a><\/p>\r\n<h2>Le CIFAR et Mitacs s&rsquo;associent pour attirer les plus grands talents de la prochaine g\u00e9n\u00e9ration au Canada<\/h2>\r\n<p><a href=\"https:\/\/cifar.ca\/fr\/cifarnews\/2026\/03\/02\/le-cifar-et-mitacs-sassocient-pour-attirer-les-plus-grands-talents-de-la-prochaine-generation-au-canada\/\" aria-label=\"Find out more - Le CIFAR et Mitacs s\"> En savoir plus <\/a> <img loading=\"lazy\" decoding=\"async\" title=\"lines for web 2.0 small -01\" src=\"https:\/\/cifar.ca\/wp-content\/uploads\/2020\/09\/lines-for-web-2.0-small-01.png\" alt=\"smaller line_two\" width=\"34\" height=\"34\" \/><\/p>\r\n<h6>\u00c0 PROPOS DU CIFAR<\/h6>\r\n<h3>Le CIFAR est une organisation de recherche mondiale bas\u00e9e au Canada.<\/h3>\r\n<p>Nous rassemblons de brillants cerveaux pour trouver r\u00e9ponse aux plus grandes questions auxquelles font face la science et l&rsquo;humanit\u00e9.<\/p>\r\n<p>&nbsp;<\/p>\r\n<h4>CE QUE NOUS FAISONS<\/h4>\r\n<p><strong>Nous nous penchons sur les questions les plus importantes auxquelles font face la science et l&rsquo;humanit\u00e9.<\/strong><\/p>\r\n<p>Nos programmes r\u00e9unissent les plus grands chercheurs du monde pour faire progresser les connaissances et changer le monde.<\/p>\r\n<p>De l&rsquo;informatique quantique et de l&rsquo;intelligence artificielle \u00e0 la th\u00e9orie de l&rsquo;innovation, en passant par les d\u00e9terminants sociaux de la sant\u00e9 et le microbiome, nous nous concentrons sur des r\u00e9sultats audacieux \u00e0 fort impact.<\/p>\r\n<p><a href=\"https:\/\/cifar.ca\/fr\/notre-histoire\/\"><strong>Notre histoire<\/strong><\/a><\/p>\r\n<h4>CE QUE NOUS SOMMES<\/h4>\r\n<p><strong>R\u00e9seaux de brillants cerveaux.<\/strong>Notre communaut\u00e9 compte plus de 400 scientifiques issus de 161 \u00e9tablissements dans 18 pays. Les membres, les titulaires de chaire et les sp\u00e9cialistes-conseils figurent parmi les scientifiques les plus cit\u00e9s du monde. Vingt-trois scientifiques affili\u00e9s au CIFAR ont remport\u00e9 un prix Nobel.<a href=\"https:\/\/cifar.ca\/fr\/boursiers-et-conseillers\/\"><strong>Membres et sp\u00e9cialiste-conseils<br \/><\/strong><\/a><strong><a href=\"https:\/\/cifar.ca\/fr\/chercheurs-mondiaux-cifar-azrieli\/\">chercheurs mondiaux CIFAR-Azrieli<\/a> <\/strong><a href=\"https:\/\/cifar.ca\/fr\/ia\/chaires-en-ia-canada-cifar\/\"><strong>Chaires en IA Canada-CIFAR<\/strong><\/a><\/p>\r\n<h4>MODE DE TRAVAIL<\/h4>\r\n<p><strong>Nous misons sur la collaboration interdisciplinaire mondiale \u00e0 long terme.<\/strong><\/p>\r\n<p><a href=\"https:\/\/cifar.ca\/fr\/programmes-de-recherche\/\"><strong>Recherche<\/strong><\/a><br \/>Nous offrons aux chercheurs un environnement de confiance, de transparence et de partage des connaissances incomparable qui leur permet de s&rsquo;attaquer \u00e0 des questions audacieuses \u00e0 fort impact. <a href=\"https:\/\/cifar.ca\/fr\/programmes-de-recherche\/\"><strong>Mobilisation du savoir<\/strong><strong><br \/><\/strong><\/a>Nous invitons les experts de l&rsquo;industrie, de la soci\u00e9t\u00e9 civile, des soins de sant\u00e9 et des gouvernements \u00e0 se joindre aux chefs de file mondiaux de la recherche pour avoir des conversations approfondies, intersectorielles et ax\u00e9es sur l&rsquo;avenir qui favorisent le changement et l&rsquo;innovation. <a href=\"https:\/\/cifar.ca\/fr\/ia\/\"><strong>Intelligence artificielle<\/strong><\/a><br \/>Nous renfor\u00e7ons le leadership technique et responsable du Canada en mati\u00e8re d&rsquo;IA gr\u00e2ce \u00e0 la Strat\u00e9gie pancanadienne en mati\u00e8re d&rsquo;intelligence artificielle du CIFAR. <a href=\"https:\/\/cifar.ca\/fr\/programs\/next-generation\/\"><strong>Initiatives \u00e0 l&rsquo;intention de la prochaine g\u00e9n\u00e9ration<\/strong><\/a><br \/>Nous offrons formation, financement et mentorat aux chercheurs en d\u00e9but de carri\u00e8re pour en faire des chefs de file de la recherche. <img loading=\"lazy\" decoding=\"async\" title=\"lines for web 2.0 small -01\" src=\"https:\/\/cifar.ca\/wp-content\/uploads\/2020\/09\/lines-for-web-2.0-small-01.png\" alt=\"smaller line_two\" width=\"34\" height=\"34\" \/><\/p>\r\n<h2>INITIATIVES ACTUELLES<\/h2>\r\n<h3>Nous explorons des id\u00e9es qui suscitent de profonds changements.<\/h3>\r\n<p>D\u00e9couvrez nos plus r\u00e9centes initiatives et activit\u00e9s.<\/p>\r\n<p><a tabindex=\"-1\" href=\"https:\/\/cifar.ca\/fr\/ia\/objectifia\/?Objectif IA\" target=\"_self\" aria-label=\"cliquez pour ouvrir. Objectif IA\" aria-hidden=\"345345\"> <img decoding=\"async\" src=\"https:\/\/dummyimage.com\/1x1\/ffffff\/ffffff\" alt=\"\" data-src=\"https:\/\/cifar.ca\/wp-content\/uploads\/2023\/08\/homepage-initiatives-destination-ai-480x340-fr-1.jpg\" data-original=\"https:\/\/cifar.ca\/wp-content\/uploads\/2023\/08\/homepage-initiatives-destination-ai-480x340-fr-1.jpg\" \/> <\/a><\/p>\r\n<h4>Objectif IA<\/h4>\r\n<p><a href=\"https:\/\/cifar.ca\/fr\/ia\/objectifia\/\" target=\"_self\" aria-label=\"S\"> S&rsquo;inscrire maintenant <\/a> <a tabindex=\"-1\" href=\"https:\/\/cifar.ca\/fr\/evenements-publics\/?Conf\u00e9rences CIFAR\" target=\"_self\" aria-label=\"cliquez pour ouvrir. Conf\u00e9rences CIFAR\" aria-hidden=\"345345\"> <img decoding=\"async\" src=\"https:\/\/dummyimage.com\/1x1\/ffffff\/ffffff\" alt=\"\" data-src=\"https:\/\/cifar.ca\/wp-content\/uploads\/2023\/09\/CIFARTalks_FutureCities_homepage-480x340.jpg\" data-original=\"https:\/\/cifar.ca\/wp-content\/uploads\/2023\/09\/CIFARTalks_FutureCities_homepage.jpg\" \/> <\/a><\/p>\r\n<h4>Conf\u00e9rences CIFAR<\/h4>\r\n<p><a href=\"https:\/\/cifar.ca\/fr\/evenements-publics\/\" target=\"_self\" aria-label=\"REGARDEZ EN LIGNE. Conf\u00e9rences CIFAR\"> REGARDEZ EN LIGNE <\/a> <a tabindex=\"-1\" href=\"https:\/\/cifar.ca\/fr\/initiatives-a-lintention-de-la-prochaine-generation\/chercheurs-mondiaux\/?Chercheurs mondiaux CIFAR\" target=\"_self\" aria-label=\"cliquez pour ouvrir. Chercheurs mondiaux CIFAR\" aria-hidden=\"345345\"> <img decoding=\"async\" src=\"https:\/\/dummyimage.com\/1x1\/ffffff\/ffffff\" alt=\"\" data-src=\"https:\/\/cifar.ca\/wp-content\/uploads\/2022\/09\/homepage-initiatives-gs2-480x340.jpg\" data-original=\"https:\/\/cifar.ca\/wp-content\/uploads\/2022\/09\/homepage-initiatives-gs2.jpg\" \/> <\/a><\/p>\r\n<h4>Chercheurs mondiaux CIFAR<\/h4>\r\n<p><a href=\"https:\/\/cifar.ca\/fr\/initiatives-a-lintention-de-la-prochaine-generation\/chercheurs-mondiaux\/\" target=\"_self\" aria-label=\"CHEFS DE FILE DE LA RECHERCHE. Chercheurs mondiaux CIFAR\"> CHEFS DE FILE DE LA RECHERCHE <\/a> <a tabindex=\"-1\" href=\"https:\/\/cifar.ca\/fr\/soutenez-nous\/?Soutenez-nous\" target=\"_self\" aria-label=\"cliquez pour ouvrir. Soutenez-nous\" aria-hidden=\"345345\"> <img decoding=\"async\" src=\"https:\/\/dummyimage.com\/1x1\/ffffff\/ffffff\" alt=\"\" data-src=\"https:\/\/cifar.ca\/wp-content\/uploads\/2020\/09\/Scrolling-card-banners-04-480x340.png\" data-original=\"https:\/\/cifar.ca\/wp-content\/uploads\/2020\/09\/Scrolling-card-banners-04.png\" \/> <\/a><\/p>\r\n<h4>Soutenez-nous<\/h4>\r\n<p><a href=\"https:\/\/cifar.ca\/fr\/soutenez-nous\/\" target=\"_self\" aria-label=\"FAITES UN DON D\u00c8S MAINTENANT. Soutenez-nous\"> FAITES UN DON D\u00c8S MAINTENANT <\/a> <button> Scroll Left <\/button> <button> Scroll Right <\/button><\/p>\r\n<h2>Soutenez-nous<\/h2>\r\n<p>L&rsquo;Institut canadien de recherches avanc\u00e9es (CIFAR) est une organisation de recherche d&rsquo;influence mondiale fi\u00e8rement bas\u00e9e au Canada. Nous mobilisons les plus brillants personnes du monde, dans toutes les disciplines et \u00e0 tous les stades de carri\u00e8re, pour faire progresser les connaissances transformatrices et r\u00e9soudre ensemble les plus grands probl\u00e8mes de l&rsquo;humanit\u00e9. Nous recevons l&rsquo;appui des gouvernements du Canada, de l&rsquo;Alberta et du Qu\u00e9bec, ainsi que de fondations, de particuliers, d&rsquo;entreprises et d&rsquo;organisations partenaires du Canada et du monde entier.<\/p>\r\n<!-- Mandeep add class on anchor -->\r\n<p><a href=\"https:\/\/cifar.ca\/fr\/dons\/\" target=\"_self\"> Dons <\/a><\/p>\r\n","protected":false},"excerpt":{"rendered":"<p>Home &#8211; CIFAR Suivez-nous FaceBook Twitter YouTube LinkedIn Instagram Non classifi\u00e9(e) Gilles Brassard et Charles H. Bennett du CIFAR re\u00e7oivent le prix A.M. Turing 2025 [&hellip;]<\/p>\n","protected":false},"author":65,"featured_media":0,"parent":0,"menu_order":0,"comment_status":"closed","ping_status":"closed","template":"","meta":{"_acf_changed":false,"footnotes":""},"class_list":["post-14277","page","type-page","status-publish","hentry"],"acf":[],"yoast_head":"<!-- This site is optimized with the Yoast SEO plugin v27.2 - https:\/\/yoast.com\/product\/yoast-seo-wordpress\/ -->\n<title>CIFAR<\/title>\n<meta name=\"robots\" content=\"index, follow, max-snippet:-1, max-image-preview:large, max-video-preview:-1\" \/>\n<link rel=\"canonical\" href=\"https:\/\/cifar.ca\/fr\/\" \/>\n<meta property=\"og:locale\" content=\"fr_FR\" \/>\n<meta property=\"og:type\" content=\"article\" \/>\n<meta property=\"og:title\" content=\"Page d&#039;accueil - CIFAR\" \/>\n<meta property=\"og:description\" content=\"Home &#8211; CIFAR Suivez-nous FaceBook Twitter YouTube LinkedIn Instagram Non classifi\u00e9(e) Gilles Brassard et Charles H. Bennett du CIFAR re\u00e7oivent le prix A.M. Turing 2025 [&hellip;]\" \/>\n<meta property=\"og:url\" content=\"https:\/\/cifar.ca\/fr\/\" \/>\n<meta property=\"og:site_name\" content=\"CIFAR\" \/>\n<meta property=\"article:modified_time\" content=\"2026-04-13T15:21:16+00:00\" \/>\n<meta property=\"og:image\" content=\"https:\/\/dummyimage.com\/1x1\/ffffff\/ffffff\" \/>\n<meta name=\"twitter:card\" content=\"summary_large_image\" \/>\n<meta name=\"twitter:label1\" content=\"Dur\u00e9e de lecture estim\u00e9e\" \/>\n\t<meta name=\"twitter:data1\" content=\"5 minutes\" \/>\n<script type=\"application\/ld+json\" class=\"yoast-schema-graph\">{\"@context\":\"https:\/\/schema.org\",\"@graph\":[{\"@type\":\"WebPage\",\"@id\":\"https:\/\/cifar.ca\/fr\/\",\"url\":\"https:\/\/cifar.ca\/fr\/\",\"name\":\"Page d'accueil - CIFAR\",\"isPartOf\":{\"@id\":\"https:\/\/cifar.ca\/fr\/#website\"},\"primaryImageOfPage\":{\"@id\":\"https:\/\/cifar.ca\/fr\/#primaryimage\"},\"image\":{\"@id\":\"https:\/\/cifar.ca\/fr\/#primaryimage\"},\"thumbnailUrl\":\"https:\/\/dummyimage.com\/1x1\/ffffff\/ffffff\",\"datePublished\":\"2019-11-12T16:40:39+00:00\",\"dateModified\":\"2026-04-13T15:21:16+00:00\",\"breadcrumb\":{\"@id\":\"https:\/\/cifar.ca\/fr\/#breadcrumb\"},\"inLanguage\":\"fr-FR\",\"potentialAction\":[{\"@type\":\"ReadAction\",\"target\":[\"https:\/\/cifar.ca\/fr\/\"]}]},{\"@type\":\"ImageObject\",\"inLanguage\":\"fr-FR\",\"@id\":\"https:\/\/cifar.ca\/fr\/#primaryimage\",\"url\":\"https:\/\/dummyimage.com\/1x1\/ffffff\/ffffff\",\"contentUrl\":\"https:\/\/dummyimage.com\/1x1\/ffffff\/ffffff\"},{\"@type\":\"BreadcrumbList\",\"@id\":\"https:\/\/cifar.ca\/fr\/#breadcrumb\",\"itemListElement\":[{\"@type\":\"ListItem\",\"position\":1,\"name\":\"Acceuil\",\"item\":\"https:\/\/cifar.ca\/fr\/\"},{\"@type\":\"ListItem\",\"position\":2,\"name\":\"Page d&#8217;accueil\"}]},{\"@type\":\"WebSite\",\"@id\":\"https:\/\/cifar.ca\/fr\/#website\",\"url\":\"https:\/\/cifar.ca\/fr\/\",\"name\":\"CIFAR\",\"description\":\"Convoquer des esprits extraordinaires pour r\u00e9pondre aux questions les plus importantes auxquelles la science et l'humanit\u00e9 sont confront\u00e9es.\",\"publisher\":{\"@id\":\"https:\/\/cifar.ca\/fr\/#organization\"},\"potentialAction\":[{\"@type\":\"SearchAction\",\"target\":{\"@type\":\"EntryPoint\",\"urlTemplate\":\"https:\/\/cifar.ca\/fr\/?s={search_term_string}\"},\"query-input\":{\"@type\":\"PropertyValueSpecification\",\"valueRequired\":true,\"valueName\":\"search_term_string\"}}],\"inLanguage\":\"fr-FR\"},{\"@type\":\"Organization\",\"@id\":\"https:\/\/cifar.ca\/fr\/#organization\",\"name\":\"CIFAR\",\"url\":\"https:\/\/cifar.ca\/fr\/\",\"logo\":{\"@type\":\"ImageObject\",\"inLanguage\":\"fr-FR\",\"@id\":\"https:\/\/cifar.ca\/fr\/#\/schema\/logo\/image\/\",\"url\":\"https:\/\/cifar.ca\/wp-content\/uploads\/2020\/01\/cifar-logo-rgb-colour.png\",\"contentUrl\":\"https:\/\/cifar.ca\/wp-content\/uploads\/2020\/01\/cifar-logo-rgb-colour.png\",\"width\":1884,\"height\":681,\"caption\":\"CIFAR\"},\"image\":{\"@id\":\"https:\/\/cifar.ca\/fr\/#\/schema\/logo\/image\/\"}}]}<\/script>\n<!-- \/ Yoast SEO plugin. -->","yoast_head_json":{"title":"CIFAR","robots":{"index":"index","follow":"follow","max-snippet":"max-snippet:-1","max-image-preview":"max-image-preview:large","max-video-preview":"max-video-preview:-1"},"canonical":"https:\/\/cifar.ca\/fr\/","og_locale":"fr_FR","og_type":"article","og_title":"Page d'accueil - CIFAR","og_description":"Home &#8211; CIFAR Suivez-nous FaceBook Twitter YouTube LinkedIn Instagram Non classifi\u00e9(e) Gilles Brassard et Charles H. Bennett du CIFAR re\u00e7oivent le prix A.M. Turing 2025 [&hellip;]","og_url":"https:\/\/cifar.ca\/fr\/","og_site_name":"CIFAR","article_modified_time":"2026-04-13T15:21:16+00:00","og_image":[{"url":"https:\/\/dummyimage.com\/1x1\/ffffff\/ffffff","type":"","width":"","height":""}],"twitter_card":"summary_large_image","twitter_misc":{"Dur\u00e9e de lecture estim\u00e9e":"5 minutes"},"schema":{"@context":"https:\/\/schema.org","@graph":[{"@type":"WebPage","@id":"https:\/\/cifar.ca\/fr\/","url":"https:\/\/cifar.ca\/fr\/","name":"Page d'accueil - CIFAR","isPartOf":{"@id":"https:\/\/cifar.ca\/fr\/#website"},"primaryImageOfPage":{"@id":"https:\/\/cifar.ca\/fr\/#primaryimage"},"image":{"@id":"https:\/\/cifar.ca\/fr\/#primaryimage"},"thumbnailUrl":"https:\/\/dummyimage.com\/1x1\/ffffff\/ffffff","datePublished":"2019-11-12T16:40:39+00:00","dateModified":"2026-04-13T15:21:16+00:00","breadcrumb":{"@id":"https:\/\/cifar.ca\/fr\/#breadcrumb"},"inLanguage":"fr-FR","potentialAction":[{"@type":"ReadAction","target":["https:\/\/cifar.ca\/fr\/"]}]},{"@type":"ImageObject","inLanguage":"fr-FR","@id":"https:\/\/cifar.ca\/fr\/#primaryimage","url":"https:\/\/dummyimage.com\/1x1\/ffffff\/ffffff","contentUrl":"https:\/\/dummyimage.com\/1x1\/ffffff\/ffffff"},{"@type":"BreadcrumbList","@id":"https:\/\/cifar.ca\/fr\/#breadcrumb","itemListElement":[{"@type":"ListItem","position":1,"name":"Acceuil","item":"https:\/\/cifar.ca\/fr\/"},{"@type":"ListItem","position":2,"name":"Page d&#8217;accueil"}]},{"@type":"WebSite","@id":"https:\/\/cifar.ca\/fr\/#website","url":"https:\/\/cifar.ca\/fr\/","name":"CIFAR","description":"Convoquer des esprits extraordinaires pour r\u00e9pondre aux questions les plus importantes auxquelles la science et l'humanit\u00e9 sont confront\u00e9es.","publisher":{"@id":"https:\/\/cifar.ca\/fr\/#organization"},"potentialAction":[{"@type":"SearchAction","target":{"@type":"EntryPoint","urlTemplate":"https:\/\/cifar.ca\/fr\/?s={search_term_string}"},"query-input":{"@type":"PropertyValueSpecification","valueRequired":true,"valueName":"search_term_string"}}],"inLanguage":"fr-FR"},{"@type":"Organization","@id":"https:\/\/cifar.ca\/fr\/#organization","name":"CIFAR","url":"https:\/\/cifar.ca\/fr\/","logo":{"@type":"ImageObject","inLanguage":"fr-FR","@id":"https:\/\/cifar.ca\/fr\/#\/schema\/logo\/image\/","url":"https:\/\/cifar.ca\/wp-content\/uploads\/2020\/01\/cifar-logo-rgb-colour.png","contentUrl":"https:\/\/cifar.ca\/wp-content\/uploads\/2020\/01\/cifar-logo-rgb-colour.png","width":1884,"height":681,"caption":"CIFAR"},"image":{"@id":"https:\/\/cifar.ca\/fr\/#\/schema\/logo\/image\/"}}]}},"_links":{"self":[{"href":"https:\/\/cifar.ca\/fr\/wp-json\/wp\/v2\/pages\/14277","targetHints":{"allow":["GET"]}}],"collection":[{"href":"https:\/\/cifar.ca\/fr\/wp-json\/wp\/v2\/pages"}],"about":[{"href":"https:\/\/cifar.ca\/fr\/wp-json\/wp\/v2\/types\/page"}],"author":[{"embeddable":true,"href":"https:\/\/cifar.ca\/fr\/wp-json\/wp\/v2\/users\/65"}],"replies":[{"embeddable":true,"href":"https:\/\/cifar.ca\/fr\/wp-json\/wp\/v2\/comments?post=14277"}],"version-history":[{"count":0,"href":"https:\/\/cifar.ca\/fr\/wp-json\/wp\/v2\/pages\/14277\/revisions"}],"wp:attachment":[{"href":"https:\/\/cifar.ca\/fr\/wp-json\/wp\/v2\/media?parent=14277"}],"curies":[{"name":"wp","href":"https:\/\/api.w.org\/{rel}","templated":true}]}}