{"id":14409,"date":"2018-06-08T10:15:30","date_gmt":"2018-06-08T14:15:30","guid":{"rendered":"https:\/\/cifar661.wpengine.com\/support\/legs-de-bienfaisance\/"},"modified":"2025-12-17T06:36:25","modified_gmt":"2025-12-17T11:36:25","slug":"legs-de-bienfaisance","status":"publish","type":"page","link":"https:\/\/cifar.ca\/fr\/soutenez-nous\/legs-de-bienfaisance\/","title":{"rendered":"Legs de bienfaisance"},"content":{"rendered":"\r\n\r\n\t\t\t<h2>\r\n\t\t\tSuivez-nous\t\t<\/h2>\r\n\t\t<button class='connect square balloon white-transparent facebook left' data-url='https:\/\/www.facebook.com\/CIFAR\/' aria-haspopup=\"false\"   aria-label='Suis nous surFaceBook' data-balloon-pos='right'>\r\n\t\t\tFaceBook\r\n\t\t<\/button>\r\n\t\t<button class='connect square balloon white-transparent twitter' data-url='https:\/\/twitter.com\/nouvelles_CIFAR' aria-haspopup=\"false\"   aria-label='Suis nous surTwitter' data-balloon-pos='right'>\r\n\t\t\tTwitter\r\n\t\t<\/button>\r\n\t\t<button class='connect square balloon white-transparent youtube left' data-url='https:\/\/www.youtube.com\/channel\/UCZj1nnTIiutUjEg-22e8UTA' aria-haspopup=\"false\"   aria-label='Suis nous surYouTube' data-balloon-pos='right'>\r\n\t\t\tYouTube\r\n\t\t<\/button>\r\n\t\t<button class='connect square balloon white-transparent linkedin' data-url='https:\/\/ca.linkedin.com\/company\/canadian-institute-for-advanced-research' aria-haspopup=\"false\"   aria-label='Suis nous surLinkedIn' data-balloon-pos='right'>\r\n\t\t\tLinkedIn\r\n\t\t<\/button>\r\n\r\n\t\t\t\t<img loading=\"lazy\" decoding=\"async\" src=\"https:\/\/cifar.ca\/wp-content\/uploads\/2020\/09\/lines-for-web-2.0-small-01.png\" alt=\"smaller line_two\" itemprop=\"image\" height=\"34\" width=\"34\" title=\"lines for web 2.0 small -01\" onerror=\"this.style.display='none'\"  \/>\t\t\t\t\t\r\n\t<h2>LAISSER UNE TRACE<\/h2>\r\n<h3>D&rsquo;autres fa\u00e7ons de donner.<\/h3>\r\n<p>Beaucoup de Canadiens appuient des organismes de bienfaisance par des dons futurs provenant de leur succession. Un legs de bienfaisance se fait en pr\u00e9cisant au liquidateur de votre succession, dans les dispositions testamentaires, que vous voulez l\u00e9guer un ou plusieurs de vos actifs \u00e0 un organisme de bienfaisance. Un legs de bienfaisance est un moyen efficace de soutenir le CIFAR tout en aidant \u00e0 r\u00e9aliser d&rsquo;importantes \u00e9conomies d&rsquo;imp\u00f4ts pour votre succession, \u00e0 accro\u00eetre l&rsquo;h\u00e9ritage laiss\u00e9 \u00e0 vos proches et \u00e0 contribuer \u00e0 faire un monde meilleur.<\/p>\r\n\t\t\t<p><strong>Simplicit\u00e9<\/strong><\/p>\r\n<p>Un legs de bienfaisance peut se faire quel que soit votre \u00e2ge et le montant que vous souhaitez donner. Il vous suffit de demander \u00e0 votre notaire ou \u00e0 votre avocat d&rsquo;inclure un legs au profit du CIFAR dans votre testament.<\/p>\r\n\t\t\t<p><strong>Contr\u00f4le<\/strong><\/p>\r\n<p>Vous conservez l&rsquo;usage de l&rsquo;actif de votre don de bienfaisance toute votre vie.<\/p>\r\n\t\t\t<p><strong>Satisfaction<\/strong><\/p>\r\n<p>Les dons planifi\u00e9s sont faits pour des raisons personnelles et permettent au CIFAR de continuer \u00e0 se consacrer \u00e0 la cr\u00e9ation de r\u00e9seaux de recherche mondiaux qui suscitent des id\u00e9es susceptibles de changer le monde. De plus, votre legs peut constituer un geste comm\u00e9moratif durable pour vous, votre famille ou toute personne que vous souhaitez honorer.<\/p>\r\n\t\t\t<p><strong>Rentabilit\u00e9 <\/strong><\/p>\r\n<p>Il n&rsquo;y a aucun frais suppl\u00e9mentaire. Vos revenus actuels ne diminueront pas.<\/p>\r\n\t\t\t<p><strong>Planification fiscale <\/strong><\/p>\r\n<p>Le CIFAR d\u00e9livrera un re\u00e7u d&rsquo;imp\u00f4t pour activit\u00e9s de bienfaisance pour la valeur totale de votre legs, augmentant ainsi les h\u00e9ritages de vos proches.<\/p>\r\n\t\t\t<p><strong>Souplesse<\/strong> <\/p>\r\n<p>Votre legs peut repr\u00e9senter un montant pr\u00e9cis, un pourcentage de votre succession ou le reliquat de votre succession.<\/p>\r\n\t\t\t\t<img loading=\"lazy\" decoding=\"async\" src=\"https:\/\/cifar.ca\/wp-content\/uploads\/2020\/09\/lines-for-web-2.0-small-01.png\" alt=\"smaller line_two\" itemprop=\"image\" height=\"34\" width=\"34\" title=\"lines for web 2.0 small -01\" onerror=\"this.style.display='none'\"  \/>\t\t\t\t\t\r\n\t<h2>PLANIFIER UN DON<\/h2>\r\n<h3>Quelles sont les prochaines \u00e9tapes?<\/h3>\r\n<p>Le CIFAR vous recommande fortement de consulter un professionnel qui veillera \u00e0 examiner vos objectifs financiers, \u00e0 revoir votre situation fiscale et \u00e0 adapter votre don planifi\u00e9 \u00e0 votre situation. Le CIFAR vous recommande de consulter votre notaire, avocat ou planificateur successoral en ce qui concerne le libell\u00e9 pr\u00e9cis de tout legs de bienfaisance.<\/p>\r\n<p>Pour avoir le plus de souplesse possible et r\u00e9pondre \u00e0 des besoins urgents, le CIFAR favorise les legs sans affectation. Toutefois, si vous souhaitez affecter votre legs, nous serons ravis de parler de cette possibilit\u00e9 avec vous. Pour nous permettre d&rsquo;utiliser les legs avec affectation de la mani\u00e8re escompt\u00e9e tout en ayant la capacit\u00e9 de r\u00e9pondre aux impr\u00e9vus, veuillez consulter notre <button data-href=\"https:\/\/cifar.ca\/wp-content\/uploads\/2020\/01\/samplecharitablebequestlanguage_2017_fr-2.pdf\" data-target=\"_blank\">document <\/button>d&rsquo;exemples de libell\u00e9s de legs.<\/p>\r\n<p>Pour de plus amples renseignements, veuillez \u00e9crire \u00e0 l&rsquo;adresse <a href=\"mailto:legacy@cifar.ca\">legacy@cifar.ca<\/a> et un membre de notre \u00e9quipe se fera un plaisir de vous aider.<\/p>\r\n<h2>\r\n\t\tSoutenez-nous\r\n\t<\/h2>\r\n\t<p><strong>Le CIFAR<\/strong> est un organisme de bienfaisance enregistr\u00e9 qui re\u00e7oit le soutien des gouvernements du Canada, de l&rsquo;Alberta et du Qu\u00e9bec, ainsi que de fondations, de donateurs individuels, d&rsquo;entreprises et de partenaires canadiens et internationaux.<\/p>\r\n   <!-- Mandeep add class on anchor -->\r\n\t<a href=\"https:\/\/cifar.ca\/fr\/dons\/\" target=\"_self\" rel=\"noopener\">\r\n\t\t\t\t\tDons\t\t\t\t\t\t\t\r\n\t\t\t\t\t\t<\/a>\r\n\r\n","protected":false},"excerpt":{"rendered":"<p>Suivez-nous FaceBook Twitter YouTube LinkedIn LAISSER UNE TRACE D&rsquo;autres fa\u00e7ons de donner. Beaucoup de Canadiens appuient des organismes de bienfaisance par des dons futurs provenant [&hellip;]<\/p>\n","protected":false},"author":65,"featured_media":36902,"parent":14266,"menu_order":0,"comment_status":"closed","ping_status":"closed","template":"","meta":{"_acf_changed":false,"footnotes":""},"class_list":["post-14409","page","type-page","status-publish","has-post-thumbnail","hentry"],"acf":[],"yoast_head":"<!-- This site is optimized with the Yoast SEO plugin v27.2 - https:\/\/yoast.com\/product\/yoast-seo-wordpress\/ -->\n<title>CIFAR<\/title>\n<meta name=\"robots\" content=\"index, follow, max-snippet:-1, max-image-preview:large, max-video-preview:-1\" \/>\n<link rel=\"canonical\" href=\"https:\/\/cifar.ca\/fr\/soutenez-nous\/legs-de-bienfaisance\/\" \/>\n<meta property=\"og:locale\" content=\"fr_FR\" \/>\n<meta property=\"og:type\" content=\"article\" \/>\n<meta property=\"og:title\" content=\"Legs de bienfaisance - CIFAR\" \/>\n<meta property=\"og:description\" content=\"Suivez-nous FaceBook Twitter YouTube LinkedIn LAISSER UNE TRACE D&rsquo;autres fa\u00e7ons de donner. Beaucoup de Canadiens appuient des organismes de bienfaisance par des dons futurs provenant [&hellip;]\" \/>\n<meta property=\"og:url\" content=\"https:\/\/cifar.ca\/fr\/soutenez-nous\/legs-de-bienfaisance\/\" \/>\n<meta property=\"og:site_name\" content=\"CIFAR\" \/>\n<meta property=\"article:modified_time\" content=\"2025-12-17T11:36:25+00:00\" \/>\n<meta property=\"og:image\" content=\"https:\/\/cifar.ca\/wp-content\/uploads\/2020\/10\/red-2.2-09.png\" \/>\n\t<meta property=\"og:image:width\" content=\"2501\" \/>\n\t<meta property=\"og:image:height\" content=\"842\" \/>\n\t<meta property=\"og:image:type\" content=\"image\/png\" \/>\n<meta name=\"twitter:card\" content=\"summary_large_image\" \/>\n<meta name=\"twitter:label1\" content=\"Dur\u00e9e de lecture estim\u00e9e\" \/>\n\t<meta name=\"twitter:data1\" content=\"3 minutes\" \/>\n<script type=\"application\/ld+json\" class=\"yoast-schema-graph\">{\"@context\":\"https:\/\/schema.org\",\"@graph\":[{\"@type\":\"WebPage\",\"@id\":\"https:\/\/cifar.ca\/fr\/soutenez-nous\/legs-de-bienfaisance\/\",\"url\":\"https:\/\/cifar.ca\/fr\/soutenez-nous\/legs-de-bienfaisance\/\",\"name\":\"Legs de bienfaisance - CIFAR\",\"isPartOf\":{\"@id\":\"https:\/\/cifar.ca\/fr\/#website\"},\"primaryImageOfPage\":{\"@id\":\"https:\/\/cifar.ca\/fr\/soutenez-nous\/legs-de-bienfaisance\/#primaryimage\"},\"image\":{\"@id\":\"https:\/\/cifar.ca\/fr\/soutenez-nous\/legs-de-bienfaisance\/#primaryimage\"},\"thumbnailUrl\":\"https:\/\/cifar.ca\/wp-content\/uploads\/2020\/10\/red-2.2-09.png\",\"datePublished\":\"2018-06-08T14:15:30+00:00\",\"dateModified\":\"2025-12-17T11:36:25+00:00\",\"breadcrumb\":{\"@id\":\"https:\/\/cifar.ca\/fr\/soutenez-nous\/legs-de-bienfaisance\/#breadcrumb\"},\"inLanguage\":\"fr-FR\",\"potentialAction\":[{\"@type\":\"ReadAction\",\"target\":[\"https:\/\/cifar.ca\/fr\/soutenez-nous\/legs-de-bienfaisance\/\"]}]},{\"@type\":\"ImageObject\",\"inLanguage\":\"fr-FR\",\"@id\":\"https:\/\/cifar.ca\/fr\/soutenez-nous\/legs-de-bienfaisance\/#primaryimage\",\"url\":\"https:\/\/cifar.ca\/wp-content\/uploads\/2020\/10\/red-2.2-09.png\",\"contentUrl\":\"https:\/\/cifar.ca\/wp-content\/uploads\/2020\/10\/red-2.2-09.png\",\"width\":2501,\"height\":842},{\"@type\":\"BreadcrumbList\",\"@id\":\"https:\/\/cifar.ca\/fr\/soutenez-nous\/legs-de-bienfaisance\/#breadcrumb\",\"itemListElement\":[{\"@type\":\"ListItem\",\"position\":1,\"name\":\"Acceuil\",\"item\":\"https:\/\/cifar.ca\/fr\/\"},{\"@type\":\"ListItem\",\"position\":2,\"name\":\"Soutenez-nous\",\"item\":\"https:\/\/cifar.ca\/fr\/soutenez-nous\/\"},{\"@type\":\"ListItem\",\"position\":3,\"name\":\"Legs de bienfaisance\"}]},{\"@type\":\"WebSite\",\"@id\":\"https:\/\/cifar.ca\/fr\/#website\",\"url\":\"https:\/\/cifar.ca\/fr\/\",\"name\":\"CIFAR\",\"description\":\"Convoquer des esprits extraordinaires pour r\u00e9pondre aux questions les plus importantes auxquelles la science et l'humanit\u00e9 sont confront\u00e9es.\",\"publisher\":{\"@id\":\"https:\/\/cifar.ca\/fr\/#organization\"},\"potentialAction\":[{\"@type\":\"SearchAction\",\"target\":{\"@type\":\"EntryPoint\",\"urlTemplate\":\"https:\/\/cifar.ca\/fr\/?s={search_term_string}\"},\"query-input\":{\"@type\":\"PropertyValueSpecification\",\"valueRequired\":true,\"valueName\":\"search_term_string\"}}],\"inLanguage\":\"fr-FR\"},{\"@type\":\"Organization\",\"@id\":\"https:\/\/cifar.ca\/fr\/#organization\",\"name\":\"CIFAR\",\"url\":\"https:\/\/cifar.ca\/fr\/\",\"logo\":{\"@type\":\"ImageObject\",\"inLanguage\":\"fr-FR\",\"@id\":\"https:\/\/cifar.ca\/fr\/#\/schema\/logo\/image\/\",\"url\":\"https:\/\/cifar.ca\/wp-content\/uploads\/2020\/01\/cifar-logo-rgb-colour.png\",\"contentUrl\":\"https:\/\/cifar.ca\/wp-content\/uploads\/2020\/01\/cifar-logo-rgb-colour.png\",\"width\":1884,\"height\":681,\"caption\":\"CIFAR\"},\"image\":{\"@id\":\"https:\/\/cifar.ca\/fr\/#\/schema\/logo\/image\/\"}}]}<\/script>\n<!-- \/ Yoast SEO plugin. -->","yoast_head_json":{"title":"CIFAR","robots":{"index":"index","follow":"follow","max-snippet":"max-snippet:-1","max-image-preview":"max-image-preview:large","max-video-preview":"max-video-preview:-1"},"canonical":"https:\/\/cifar.ca\/fr\/soutenez-nous\/legs-de-bienfaisance\/","og_locale":"fr_FR","og_type":"article","og_title":"Legs de bienfaisance - CIFAR","og_description":"Suivez-nous FaceBook Twitter YouTube LinkedIn LAISSER UNE TRACE D&rsquo;autres fa\u00e7ons de donner. Beaucoup de Canadiens appuient des organismes de bienfaisance par des dons futurs provenant [&hellip;]","og_url":"https:\/\/cifar.ca\/fr\/soutenez-nous\/legs-de-bienfaisance\/","og_site_name":"CIFAR","article_modified_time":"2025-12-17T11:36:25+00:00","og_image":[{"width":2501,"height":842,"url":"https:\/\/cifar.ca\/wp-content\/uploads\/2020\/10\/red-2.2-09.png","type":"image\/png"}],"twitter_card":"summary_large_image","twitter_misc":{"Dur\u00e9e de lecture estim\u00e9e":"3 minutes"},"schema":{"@context":"https:\/\/schema.org","@graph":[{"@type":"WebPage","@id":"https:\/\/cifar.ca\/fr\/soutenez-nous\/legs-de-bienfaisance\/","url":"https:\/\/cifar.ca\/fr\/soutenez-nous\/legs-de-bienfaisance\/","name":"Legs de bienfaisance - CIFAR","isPartOf":{"@id":"https:\/\/cifar.ca\/fr\/#website"},"primaryImageOfPage":{"@id":"https:\/\/cifar.ca\/fr\/soutenez-nous\/legs-de-bienfaisance\/#primaryimage"},"image":{"@id":"https:\/\/cifar.ca\/fr\/soutenez-nous\/legs-de-bienfaisance\/#primaryimage"},"thumbnailUrl":"https:\/\/cifar.ca\/wp-content\/uploads\/2020\/10\/red-2.2-09.png","datePublished":"2018-06-08T14:15:30+00:00","dateModified":"2025-12-17T11:36:25+00:00","breadcrumb":{"@id":"https:\/\/cifar.ca\/fr\/soutenez-nous\/legs-de-bienfaisance\/#breadcrumb"},"inLanguage":"fr-FR","potentialAction":[{"@type":"ReadAction","target":["https:\/\/cifar.ca\/fr\/soutenez-nous\/legs-de-bienfaisance\/"]}]},{"@type":"ImageObject","inLanguage":"fr-FR","@id":"https:\/\/cifar.ca\/fr\/soutenez-nous\/legs-de-bienfaisance\/#primaryimage","url":"https:\/\/cifar.ca\/wp-content\/uploads\/2020\/10\/red-2.2-09.png","contentUrl":"https:\/\/cifar.ca\/wp-content\/uploads\/2020\/10\/red-2.2-09.png","width":2501,"height":842},{"@type":"BreadcrumbList","@id":"https:\/\/cifar.ca\/fr\/soutenez-nous\/legs-de-bienfaisance\/#breadcrumb","itemListElement":[{"@type":"ListItem","position":1,"name":"Acceuil","item":"https:\/\/cifar.ca\/fr\/"},{"@type":"ListItem","position":2,"name":"Soutenez-nous","item":"https:\/\/cifar.ca\/fr\/soutenez-nous\/"},{"@type":"ListItem","position":3,"name":"Legs de bienfaisance"}]},{"@type":"WebSite","@id":"https:\/\/cifar.ca\/fr\/#website","url":"https:\/\/cifar.ca\/fr\/","name":"CIFAR","description":"Convoquer des esprits extraordinaires pour r\u00e9pondre aux questions les plus importantes auxquelles la science et l'humanit\u00e9 sont confront\u00e9es.","publisher":{"@id":"https:\/\/cifar.ca\/fr\/#organization"},"potentialAction":[{"@type":"SearchAction","target":{"@type":"EntryPoint","urlTemplate":"https:\/\/cifar.ca\/fr\/?s={search_term_string}"},"query-input":{"@type":"PropertyValueSpecification","valueRequired":true,"valueName":"search_term_string"}}],"inLanguage":"fr-FR"},{"@type":"Organization","@id":"https:\/\/cifar.ca\/fr\/#organization","name":"CIFAR","url":"https:\/\/cifar.ca\/fr\/","logo":{"@type":"ImageObject","inLanguage":"fr-FR","@id":"https:\/\/cifar.ca\/fr\/#\/schema\/logo\/image\/","url":"https:\/\/cifar.ca\/wp-content\/uploads\/2020\/01\/cifar-logo-rgb-colour.png","contentUrl":"https:\/\/cifar.ca\/wp-content\/uploads\/2020\/01\/cifar-logo-rgb-colour.png","width":1884,"height":681,"caption":"CIFAR"},"image":{"@id":"https:\/\/cifar.ca\/fr\/#\/schema\/logo\/image\/"}}]}},"_links":{"self":[{"href":"https:\/\/cifar.ca\/fr\/wp-json\/wp\/v2\/pages\/14409","targetHints":{"allow":["GET"]}}],"collection":[{"href":"https:\/\/cifar.ca\/fr\/wp-json\/wp\/v2\/pages"}],"about":[{"href":"https:\/\/cifar.ca\/fr\/wp-json\/wp\/v2\/types\/page"}],"author":[{"embeddable":true,"href":"https:\/\/cifar.ca\/fr\/wp-json\/wp\/v2\/users\/65"}],"replies":[{"embeddable":true,"href":"https:\/\/cifar.ca\/fr\/wp-json\/wp\/v2\/comments?post=14409"}],"version-history":[{"count":0,"href":"https:\/\/cifar.ca\/fr\/wp-json\/wp\/v2\/pages\/14409\/revisions"}],"up":[{"embeddable":true,"href":"https:\/\/cifar.ca\/fr\/wp-json\/wp\/v2\/pages\/14266"}],"wp:featuredmedia":[{"embeddable":true,"href":"https:\/\/cifar.ca\/fr\/wp-json\/wp\/v2\/media\/36902"}],"wp:attachment":[{"href":"https:\/\/cifar.ca\/fr\/wp-json\/wp\/v2\/media?parent=14409"}],"curies":[{"name":"wp","href":"https:\/\/api.w.org\/{rel}","templated":true}]}}