{"id":33274,"date":"2020-05-19T22:17:58","date_gmt":"2020-05-20T02:17:58","guid":{"rendered":"https:\/\/cifar661.wpengine.com\/reach-magazine-archive\/"},"modified":"2025-12-17T06:16:38","modified_gmt":"2025-12-17T11:16:38","slug":"la-revue-reach","status":"publish","type":"page","link":"https:\/\/cifar.ca\/fr\/publications-et-rapports\/la-revue-reach\/","title":{"rendered":"Revue Reach"},"content":{"rendered":"\r\n\r\n\t\t\t<h2>\r\n\t\t\tSuivez-nous\t\t<\/h2>\r\n\t\t<button class='connect square balloon white-transparent facebook left' data-url='https:\/\/www.facebook.com\/CIFAR\/' aria-haspopup=\"false\"   aria-label='Suis nous surFaceBook' data-balloon-pos='right'>\r\n\t\t\tFaceBook\r\n\t\t<\/button>\r\n\t\t<button class='connect square balloon white-transparent twitter' data-url='https:\/\/twitter.com\/cifar_news' aria-haspopup=\"false\"   aria-label='Suis nous surTwitter' data-balloon-pos='right'>\r\n\t\t\tTwitter\r\n\t\t<\/button>\r\n\t\t<button class='connect square balloon white-transparent youtube left' data-url='https:\/\/www.youtube.com\/channel\/UCZj1nnTIiutUjEg-22e8UTA' aria-haspopup=\"false\"   aria-label='Suis nous surYouTube' data-balloon-pos='right'>\r\n\t\t\tYouTube\r\n\t\t<\/button>\r\n\t\t<button class='connect square balloon white-transparent linkedin' data-url='https:\/\/ca.linkedin.com\/company\/canadian-institute-for-advanced-research' aria-haspopup=\"false\"   aria-label='Suis nous surLinkedIn' data-balloon-pos='right'>\r\n\t\t\tLinkedIn\r\n\t\t<\/button>\r\n\t\t<button class='connect square balloon white-transparent instagram left' data-url='https:\/\/www.instagram.com\/cifar.ca_fr\/' aria-haspopup=\"false\"   aria-label='Suis nous surInstagram' data-balloon-pos='right'>\r\n\t\t\tInstagram\r\n\t\t<\/button>\r\n\r\n<h2>\r\n\t\t\tDes id\u00e9es pour changer le monde.\t<\/h2>\r\n\t<p>REACH est une revue annuelle qui met en vedette les personnes et les collaborations au sein de la communaut\u00e9 mondiale de la recherche du CIFAR.<\/p>\r\n\t\t\t\t<img loading=\"lazy\" decoding=\"async\" src=\"https:\/\/cifar.ca\/wp-content\/uploads\/2020\/09\/lines-for-web-2.0-small-01.png\" alt=\"smaller line_two\" itemprop=\"image\" height=\"34\" width=\"34\" title=\"lines for web 2.0 small -01\" onerror=\"this.style.display='none'\"  \/>\t\t\t\t\t\r\n<h2>\r\n\t\t\tNUM\u00c9RO COURANT\t<\/h2>\r\n\t\t\t\t<img loading=\"lazy\" decoding=\"async\" src=\"https:\/\/cifar.ca\/wp-content\/uploads\/2025\/06\/REACH-cover-FR-2025.png\" alt=\"REACH 2025 cover page. On the cover: Microscope and photos of buildings, plant, shells and microbiome.\" itemprop=\"image\" height=\"1270\" width=\"1000\" title=\"REACH-cover-FR-2025\" onerror=\"this.style.display='none'\"  \/>\t\t\t\t\t\r\n   <!-- Mandeep add class on anchor -->\r\n\t<a href=\"https:\/\/cifar.ca\/wp-content\/uploads\/2025\/06\/Reach2025-FR-web.pdf\" target=\"_self\">\r\n\t\t\t\t\tVOIR LE PDF\t\t\t\t\t\t\t\r\n\t\t\t\t\t\t<\/a>\r\n\t<h2><strong>REACH 2025<\/strong><\/h2>\r\n<p><a href=\"https:\/\/cifar.ca\/fr\/publications-et-rapports\/la-revue-reach\/message-president\/\" target=\"_blank\" rel=\"noopener\"><b>Message du pr\u00e9sident<\/b><\/a><\/p>\r\n<b><a href=\"https:\/\/cifar.ca\/fr\/publications-et-rapports\/la-revue-reach\/percees-recherche\/\" target=\"_blank\" rel=\"noopener\">Perc\u00e9es de la recherche<\/a><br \/>\r\n<\/b>Les scientifiques du CIFAR repoussent les fronti\u00e8res de l&rsquo;innovation\r\n<a href=\"https:\/\/cifar.ca\/fr\/publications-et-rapports\/la-revue-reach\/nouvelle-ere-conception-batiments\/\" target=\"_blank\" rel=\"noopener\"><b>Une nouvelle \u00e8re dans la conception des b\u00e2timents<\/b><\/a><br \/>\r\nLa conception des b\u00e2timents a une incidence sur nos microorganismes. Comment concevoir des espaces plus sains?\r\n<b><a href=\"https:\/\/cifar.ca\/fr\/publications-et-rapports\/la-revue-reach\/cycle-haine\/\" target=\"_blank\" rel=\"noopener\">Le cycle de la haine<\/a><br \/>\r\n<\/b>Pourquoi la haine persiste-t-elle et comment la sensibilisation peut-elle la d\u00e9manteler?\r\n<b><a href=\"https:\/\/cifar.ca\/fr\/publications-et-rapports\/la-revue-reach\/lavenir-lenergie\/\" target=\"_blank\" rel=\"noopener\">L&rsquo;avenir de l&rsquo;\u00e9nergie<\/a><br \/>\r\n<\/b>Les scientifiques d\u00e9couvrent de nouveaux carburants et des solutions de captage du carbone plus intelligentes\r\n<b><a href=\"https:\/\/cifar.ca\/fr\/publications-et-rapports\/la-revue-reach\/reseaux-novateurs\/\" target=\"_blank\" rel=\"noopener\">R\u00e9seaux novateurs<\/a><br \/>\r\n<\/b>Les outils d&rsquo;ia permettent de mieux pr\u00e9voir et pr\u00e9venir les maladies mortelles\r\n<b><a href=\"https:\/\/cifar.ca\/fr\/publications-et-rapports\/la-revue-reach\/robots-dintelligence-artificielle\/\" target=\"_blank\" rel=\"noopener\">Robots dot\u00e9s d&rsquo;intelligence artificielle<\/a><br \/>\r\n<\/b>Ces robots d&rsquo;assistance sociale pourraient r\u00e9volutionner les soins aux personnes \u00e2g\u00e9es\r\n<b><a href=\"https:\/\/cifar.ca\/fr\/publications-et-rapports\/la-revue-reach\/de-leau-partout-de-leau\/\" target=\"_blank\" rel=\"noopener\">De l&rsquo;eau, partout de l&rsquo;eau<\/a><br \/>\r\n<\/b>Une analyse de l&rsquo;eau peu co\u00fbteuse et accessible gr\u00e2ce aux sp\u00e9cialistes quantiques du CIFAR\r\n<b><a href=\"https:\/\/cifar.ca\/fr\/publications-et-rapports\/la-revue-reach\/geoffrey-hinton\/\" target=\"_blank\" rel=\"noopener\">Geoffrey Hinton<\/a><br \/>\r\n<\/b>Un effort de longue haleine en IA, prix Nobel \u00e0 l&rsquo;appui\r\n<b><a href=\"https:\/\/cifar.ca\/fr\/publications-et-rapports\/la-revue-reach\/paul-hoffman\/\" target=\"_blank\" rel=\"noopener\">Paul Hoffman<\/a><br \/>\r\n<\/b>Un visionnaire qui a \u00e9lucid\u00e9 les myst\u00e8res glac\u00e9s de la Terre\r\n<b><a href=\"https:\/\/cifar.ca\/fr\/publications-et-rapports\/la-revue-reach\/ralph-barford\/\" target=\"_blank\" rel=\"noopener\">Ralph M. Barford<\/a><br \/>\r\n<\/b>Une vie pr\u00e8s des gens et pleine de possibilit\u00e9s\r\n<b><a href=\"https:\/\/cifar.ca\/fr\/publications-et-rapports\/la-revue-reach\/voir-plus-loin\/\" target=\"_blank\" rel=\"noopener\">Voir plus loin que le bout de&#8230;sa fourchette<\/a><br \/>\r\n<\/b>Des scientifiques recourent \u00e0 l&rsquo;alimentation pour lutter contre l&rsquo;extractivisme et l&rsquo;in\u00e9galit\u00e9 \u00e0 l&rsquo;\u00e9chelle mondiale\r\n\t\t\t\t<img loading=\"lazy\" decoding=\"async\" src=\"https:\/\/cifar.ca\/wp-content\/uploads\/2020\/09\/lines-for-web-2.0-small-01.png\" alt=\"smaller line_two\" itemprop=\"image\" height=\"34\" width=\"34\" title=\"lines for web 2.0 small -01\" onerror=\"this.style.display='none'\"  \/>\t\t\t\t\t\r\n<h2>\r\n\t\t\tNUM\u00c9ROS PR\u00c9C\u00c9DENTS\t<\/h2>\r\n\t\t\t\t<a href=\"https:\/\/cifar.ca\/wp-content\/uploads\/2024\/06\/Reach2024_FR_web.pdf\" target=\"_self\" itemprop=\"url\">\r\n\t\t\t\t<img loading=\"lazy\" decoding=\"async\" src=\"https:\/\/cifar.ca\/wp-content\/uploads\/2024\/06\/Reach2024_FR_cover.jpg\" alt=\"Reach 2024\" itemprop=\"image\" height=\"1523\" width=\"1162\" title=\"Reach2024_FR_cover\" onerror=\"this.style.display='none'\"  \/>\t\t\t\t<\/a>\r\n\t<h3><strong>2024<\/strong><\/h3>\r\n   <!-- Mandeep add class on anchor -->\r\n\t<a href=\"https:\/\/cifar.ca\/wp-content\/uploads\/2024\/06\/Reach2024_FR_web.pdf\" target=\"_self\">\r\n\t\t\t\t\tVOIR LE PDF\t\t\t\t\t\t\t\r\n\t\t\t\t\t\t<\/a>\r\n\t\t\t\t<a href=\"https:\/\/cifar.ca\/wp-content\/uploads\/2023\/06\/Reach2023_digital_FR.pdf\" target=\"_self\" itemprop=\"url\">\r\n\t\t\t\t<img loading=\"lazy\" decoding=\"async\" src=\"https:\/\/cifar.ca\/wp-content\/uploads\/2023\/06\/REACH-FR-Cover.png\" alt=\"Photo de couverture du magazine REACH\" itemprop=\"image\" height=\"965\" width=\"758\" title=\"REACH FR Cover\" onerror=\"this.style.display='none'\"  \/>\t\t\t\t<\/a>\r\n\t<h3><strong>2023<\/strong><\/h3>\r\n   <!-- Mandeep add class on anchor -->\r\n\t<a href=\"https:\/\/cifar.ca\/wp-content\/uploads\/2023\/06\/Reach2023_digital_FR.pdf\" target=\"_self\">\r\n\t\t\t\t\tVOIR LE PDF\t\t\t\t\t\t\t\r\n\t\t\t\t\t\t<\/a>\r\n\t\t\t\t<a href=\"https:\/\/cifar.ca\/wp-content\/uploads\/2022\/01\/REACH2022_FR_digital.pdf\" target=\"_self\" itemprop=\"url\">\r\n\t\t\t\t<img loading=\"lazy\" decoding=\"async\" src=\"https:\/\/cifar.ca\/wp-content\/uploads\/2022\/01\/REACH2022_FR_cover.jpg\" alt=\"Num\u00e9ro d'hiver 2022 de la revue REACH\" itemprop=\"image\" height=\"2560\" width=\"1792\" title=\"REACH2022_FR_cover\" onerror=\"this.style.display='none'\"  \/>\t\t\t\t<\/a>\r\n\t<h3><strong>2022<\/strong><\/h3>\r\n   <!-- Mandeep add class on anchor -->\r\n\t<a href=\"https:\/\/cifar.ca\/wp-content\/uploads\/2022\/01\/REACH2022_FR_digital.pdf\" target=\"_self\">\r\n\t\t\t\t\tVOIR LE PDF\t\t\t\t\t\t\t\r\n\t\t\t\t\t\t<\/a>\r\n\t\t\t\t<a href=\"https:\/\/cifar.ca\/wp-content\/uploads\/2020\/05\/CIFAR_Reach-digital-2019-FR.pdf\" target=\"_self\" itemprop=\"url\">\r\n\t\t\t\t<img loading=\"lazy\" decoding=\"async\" src=\"https:\/\/cifar.ca\/wp-content\/uploads\/2020\/09\/Reach2019-FR.jpg\" alt=\"Reach2019-FR\" itemprop=\"image\" height=\"1024\" width=\"717\" title=\"Reach2019-FR\" onerror=\"this.style.display='none'\"  \/>\t\t\t\t<\/a>\r\n\t<h3><strong>2019<\/strong><\/h3>\r\n   <!-- Mandeep add class on anchor -->\r\n\t<a href=\"https:\/\/cifar.ca\/wp-content\/uploads\/2020\/05\/CIFAR_Reach-digital-2019-FR.pdf\" target=\"_self\">\r\n\t\t\t\t\tVOIR LE PDF\t\t\t\t\t\t\t\r\n\t\t\t\t\t\t<\/a>\r\n\t\t\t\t<a href=\"https:\/\/cifar.ca\/wp-content\/uploads\/2020\/05\/CIFAR_Reach-digital-2018-FR.pdf\" target=\"_self\" itemprop=\"url\">\r\n\t\t\t\t<img loading=\"lazy\" decoding=\"async\" src=\"https:\/\/cifar.ca\/wp-content\/uploads\/2020\/05\/Reach2018-FR.jpg\" alt=\"Reach 2018 French\" itemprop=\"image\" height=\"1024\" width=\"717\" title=\"Reach2018-FR\" onerror=\"this.style.display='none'\"  \/>\t\t\t\t<\/a>\r\n\t<h3><strong>PRINTEMPS 2018<\/strong><\/h3>\r\n   <!-- Mandeep add class on anchor -->\r\n\t<a href=\"https:\/\/cifar.ca\/wp-content\/uploads\/2020\/05\/CIFAR_Reach-digital-2018-FR.pdf\" target=\"_self\">\r\n\t\t\t\t\tVOIR LE PDF\t\t\t\t\t\t\t\r\n\t\t\t\t\t\t<\/a>\r\n\t\t\t\t<a href=\"https:\/\/cifar.ca\/wp-content\/uploads\/2020\/05\/CIFAR_Reach-digital-2017-FR.pdf\" target=\"_self\" itemprop=\"url\">\r\n\t\t\t\t<img loading=\"lazy\" decoding=\"async\" src=\"https:\/\/cifar.ca\/wp-content\/uploads\/2020\/05\/Reach2017-FR.jpg\" alt=\"Reach 2017 French\" itemprop=\"image\" height=\"1024\" width=\"717\" title=\"Reach2017-FR\" onerror=\"this.style.display='none'\"  \/>\t\t\t\t<\/a>\r\n\t<h3><strong>PRINTEMPS 2017<\/strong><\/h3>\r\n   <!-- Mandeep add class on anchor -->\r\n\t<a href=\"https:\/\/cifar.ca\/wp-content\/uploads\/2020\/05\/CIFAR_Reach-digital-2017-FR.pdf\" target=\"_self\">\r\n\t\t\t\t\tVOIR LE PDF\t\t\t\t\t\t\t\r\n\t\t\t\t\t\t<\/a>\r\n\t\t\t\t<a href=\"https:\/\/cifar.ca\/wp-content\/uploads\/2020\/05\/CIFAR_Reach-digital-2016-FR.pdf\" target=\"_self\" itemprop=\"url\">\r\n\t\t\t\t<img loading=\"lazy\" decoding=\"async\" src=\"https:\/\/cifar.ca\/wp-content\/uploads\/2020\/05\/Reach2016-FR.jpg\" alt=\"Reach 2016 French\" itemprop=\"image\" height=\"1024\" width=\"717\" title=\"Reach2016-FR\" onerror=\"this.style.display='none'\"  \/>\t\t\t\t<\/a>\r\n\t<h3><strong>PRINTEMPS 2016<\/strong><\/h3>\r\n   <!-- Mandeep add class on anchor -->\r\n\t<a href=\"https:\/\/cifar.ca\/wp-content\/uploads\/2020\/05\/CIFAR_Reach-digital-2016-FR.pdf\" target=\"_self\">\r\n\t\t\t\t\tVOIR LE PDF\t\t\t\t\t\t\t\r\n\t\t\t\t\t\t<\/a>\r\n\t\t\t\t<a href=\"https:\/\/cifar.ca\/wp-content\/uploads\/2020\/05\/CIFAR_Reach-digital-2015-FR.pdf\" target=\"_self\" itemprop=\"url\">\r\n\t\t\t\t<img loading=\"lazy\" decoding=\"async\" src=\"https:\/\/cifar.ca\/wp-content\/uploads\/2020\/05\/Reach2015-FR.jpg\" alt=\"Reach 2015 French\" itemprop=\"image\" height=\"1024\" width=\"717\" title=\"Reach2015-FR\" onerror=\"this.style.display='none'\"  \/>\t\t\t\t<\/a>\r\n\t<h3><strong>PRINTEMPS 2015<\/strong><\/h3>\r\n   <!-- Mandeep add class on anchor -->\r\n\t<a href=\"https:\/\/cifar.ca\/wp-content\/uploads\/2020\/05\/CIFAR_Reach-digital-2015-FR.pdf\" target=\"_self\">\r\n\t\t\t\t\tVOIR LE PDF\t\t\t\t\t\t\t\r\n\t\t\t\t\t\t<\/a>\r\n<h2>\r\n\t\t\tSoutenez-nous\t<\/h2>\r\n\t<p>L&rsquo;Institut canadien de recherches avanc\u00e9es (CIFAR) est une organisation de recherche d&rsquo;influence mondiale fi\u00e8rement bas\u00e9e au Canada. Nous mobilisons les plus brillants personnes du monde, dans toutes les disciplines et \u00e0 tous les stades de carri\u00e8re, pour faire progresser les connaissances transformatrices et r\u00e9soudre ensemble les plus grands probl\u00e8mes de l&rsquo;humanit\u00e9. Nous recevons l&rsquo;appui des gouvernements du Canada, de l&rsquo;Alberta et du Qu\u00e9bec, ainsi que de fondations, de particuliers, d&rsquo;entreprises et d&rsquo;organisations partenaires du Canada et du monde entier.<\/p>\r\n   <!-- Mandeep add class on anchor -->\r\n\t<a href=\"https:\/\/cifar.ca\/fr\/dons\/\" target=\"_self\">\r\n\t\t\t\t\tDons\t\t\t\t\t\t\t\r\n\t\t\t\t\t\t<\/a>\r\n\r\n","protected":false},"excerpt":{"rendered":"<p>Suivez-nous FaceBook Twitter YouTube LinkedIn Instagram Des id\u00e9es pour changer le monde. REACH est une revue annuelle qui met en vedette les personnes et les [&hellip;]<\/p>\n","protected":false},"author":65,"featured_media":61747,"parent":38497,"menu_order":0,"comment_status":"closed","ping_status":"closed","template":"","meta":{"_acf_changed":false,"footnotes":""},"class_list":["post-33274","page","type-page","status-publish","has-post-thumbnail","hentry"],"acf":[],"yoast_head":"<!-- This site is optimized with the Yoast SEO plugin v27.2 - https:\/\/yoast.com\/product\/yoast-seo-wordpress\/ -->\n<title>CIFAR<\/title>\n<meta name=\"robots\" content=\"index, follow, max-snippet:-1, max-image-preview:large, max-video-preview:-1\" \/>\n<link rel=\"canonical\" href=\"https:\/\/cifar.ca\/fr\/publications-et-rapports\/la-revue-reach\/\" \/>\n<meta property=\"og:locale\" content=\"fr_FR\" \/>\n<meta property=\"og:type\" content=\"article\" \/>\n<meta property=\"og:title\" content=\"Revue Reach - CIFAR\" \/>\n<meta property=\"og:description\" content=\"Suivez-nous FaceBook Twitter YouTube LinkedIn Instagram Des id\u00e9es pour changer le monde. REACH est une revue annuelle qui met en vedette les personnes et les [&hellip;]\" \/>\n<meta property=\"og:url\" content=\"https:\/\/cifar.ca\/fr\/publications-et-rapports\/la-revue-reach\/\" \/>\n<meta property=\"og:site_name\" content=\"CIFAR\" \/>\n<meta property=\"article:modified_time\" content=\"2025-12-17T11:16:38+00:00\" \/>\n<meta property=\"og:image\" content=\"https:\/\/cifar.ca\/wp-content\/uploads\/2025\/05\/REACH-2025-feature-image.png\" \/>\n\t<meta property=\"og:image:width\" content=\"1024\" \/>\n\t<meta property=\"og:image:height\" content=\"576\" \/>\n\t<meta property=\"og:image:type\" content=\"image\/png\" \/>\n<meta name=\"twitter:card\" content=\"summary_large_image\" \/>\n<meta name=\"twitter:label1\" content=\"Dur\u00e9e de lecture estim\u00e9e\" \/>\n\t<meta name=\"twitter:data1\" content=\"4 minutes\" \/>\n<script type=\"application\/ld+json\" class=\"yoast-schema-graph\">{\"@context\":\"https:\/\/schema.org\",\"@graph\":[{\"@type\":\"WebPage\",\"@id\":\"https:\/\/cifar.ca\/fr\/publications-et-rapports\/la-revue-reach\/\",\"url\":\"https:\/\/cifar.ca\/fr\/publications-et-rapports\/la-revue-reach\/\",\"name\":\"Revue Reach - CIFAR\",\"isPartOf\":{\"@id\":\"https:\/\/cifar.ca\/fr\/#website\"},\"primaryImageOfPage\":{\"@id\":\"https:\/\/cifar.ca\/fr\/publications-et-rapports\/la-revue-reach\/#primaryimage\"},\"image\":{\"@id\":\"https:\/\/cifar.ca\/fr\/publications-et-rapports\/la-revue-reach\/#primaryimage\"},\"thumbnailUrl\":\"https:\/\/cifar.ca\/wp-content\/uploads\/2025\/05\/REACH-2025-feature-image.png\",\"datePublished\":\"2020-05-20T02:17:58+00:00\",\"dateModified\":\"2025-12-17T11:16:38+00:00\",\"breadcrumb\":{\"@id\":\"https:\/\/cifar.ca\/fr\/publications-et-rapports\/la-revue-reach\/#breadcrumb\"},\"inLanguage\":\"fr-FR\",\"potentialAction\":[{\"@type\":\"ReadAction\",\"target\":[\"https:\/\/cifar.ca\/fr\/publications-et-rapports\/la-revue-reach\/\"]}]},{\"@type\":\"ImageObject\",\"inLanguage\":\"fr-FR\",\"@id\":\"https:\/\/cifar.ca\/fr\/publications-et-rapports\/la-revue-reach\/#primaryimage\",\"url\":\"https:\/\/cifar.ca\/wp-content\/uploads\/2025\/05\/REACH-2025-feature-image.png\",\"contentUrl\":\"https:\/\/cifar.ca\/wp-content\/uploads\/2025\/05\/REACH-2025-feature-image.png\",\"width\":1920,\"height\":1080,\"caption\":\"REACH 2025 cover page. On the cover: Microscope and photos of buildings, plant, shells and microbiome.\"},{\"@type\":\"BreadcrumbList\",\"@id\":\"https:\/\/cifar.ca\/fr\/publications-et-rapports\/la-revue-reach\/#breadcrumb\",\"itemListElement\":[{\"@type\":\"ListItem\",\"position\":1,\"name\":\"Acceuil\",\"item\":\"https:\/\/cifar.ca\/fr\/\"},{\"@type\":\"ListItem\",\"position\":2,\"name\":\"Publications et rapports\",\"item\":\"https:\/\/cifar.ca\/fr\/publications-et-rapports\/\"},{\"@type\":\"ListItem\",\"position\":3,\"name\":\"Revue Reach\"}]},{\"@type\":\"WebSite\",\"@id\":\"https:\/\/cifar.ca\/fr\/#website\",\"url\":\"https:\/\/cifar.ca\/fr\/\",\"name\":\"CIFAR\",\"description\":\"Convoquer des esprits extraordinaires pour r\u00e9pondre aux questions les plus importantes auxquelles la science et l'humanit\u00e9 sont confront\u00e9es.\",\"publisher\":{\"@id\":\"https:\/\/cifar.ca\/fr\/#organization\"},\"potentialAction\":[{\"@type\":\"SearchAction\",\"target\":{\"@type\":\"EntryPoint\",\"urlTemplate\":\"https:\/\/cifar.ca\/fr\/?s={search_term_string}\"},\"query-input\":{\"@type\":\"PropertyValueSpecification\",\"valueRequired\":true,\"valueName\":\"search_term_string\"}}],\"inLanguage\":\"fr-FR\"},{\"@type\":\"Organization\",\"@id\":\"https:\/\/cifar.ca\/fr\/#organization\",\"name\":\"CIFAR\",\"url\":\"https:\/\/cifar.ca\/fr\/\",\"logo\":{\"@type\":\"ImageObject\",\"inLanguage\":\"fr-FR\",\"@id\":\"https:\/\/cifar.ca\/fr\/#\/schema\/logo\/image\/\",\"url\":\"https:\/\/cifar.ca\/wp-content\/uploads\/2020\/01\/cifar-logo-rgb-colour.png\",\"contentUrl\":\"https:\/\/cifar.ca\/wp-content\/uploads\/2020\/01\/cifar-logo-rgb-colour.png\",\"width\":1884,\"height\":681,\"caption\":\"CIFAR\"},\"image\":{\"@id\":\"https:\/\/cifar.ca\/fr\/#\/schema\/logo\/image\/\"}}]}<\/script>\n<!-- \/ Yoast SEO plugin. -->","yoast_head_json":{"title":"CIFAR","robots":{"index":"index","follow":"follow","max-snippet":"max-snippet:-1","max-image-preview":"max-image-preview:large","max-video-preview":"max-video-preview:-1"},"canonical":"https:\/\/cifar.ca\/fr\/publications-et-rapports\/la-revue-reach\/","og_locale":"fr_FR","og_type":"article","og_title":"Revue Reach - CIFAR","og_description":"Suivez-nous FaceBook Twitter YouTube LinkedIn Instagram Des id\u00e9es pour changer le monde. REACH est une revue annuelle qui met en vedette les personnes et les [&hellip;]","og_url":"https:\/\/cifar.ca\/fr\/publications-et-rapports\/la-revue-reach\/","og_site_name":"CIFAR","article_modified_time":"2025-12-17T11:16:38+00:00","og_image":[{"url":"https:\/\/cifar.ca\/wp-content\/uploads\/2025\/05\/REACH-2025-feature-image.png","width":1024,"height":576,"type":"image\/png"}],"twitter_card":"summary_large_image","twitter_misc":{"Dur\u00e9e de lecture estim\u00e9e":"4 minutes"},"schema":{"@context":"https:\/\/schema.org","@graph":[{"@type":"WebPage","@id":"https:\/\/cifar.ca\/fr\/publications-et-rapports\/la-revue-reach\/","url":"https:\/\/cifar.ca\/fr\/publications-et-rapports\/la-revue-reach\/","name":"Revue Reach - CIFAR","isPartOf":{"@id":"https:\/\/cifar.ca\/fr\/#website"},"primaryImageOfPage":{"@id":"https:\/\/cifar.ca\/fr\/publications-et-rapports\/la-revue-reach\/#primaryimage"},"image":{"@id":"https:\/\/cifar.ca\/fr\/publications-et-rapports\/la-revue-reach\/#primaryimage"},"thumbnailUrl":"https:\/\/cifar.ca\/wp-content\/uploads\/2025\/05\/REACH-2025-feature-image.png","datePublished":"2020-05-20T02:17:58+00:00","dateModified":"2025-12-17T11:16:38+00:00","breadcrumb":{"@id":"https:\/\/cifar.ca\/fr\/publications-et-rapports\/la-revue-reach\/#breadcrumb"},"inLanguage":"fr-FR","potentialAction":[{"@type":"ReadAction","target":["https:\/\/cifar.ca\/fr\/publications-et-rapports\/la-revue-reach\/"]}]},{"@type":"ImageObject","inLanguage":"fr-FR","@id":"https:\/\/cifar.ca\/fr\/publications-et-rapports\/la-revue-reach\/#primaryimage","url":"https:\/\/cifar.ca\/wp-content\/uploads\/2025\/05\/REACH-2025-feature-image.png","contentUrl":"https:\/\/cifar.ca\/wp-content\/uploads\/2025\/05\/REACH-2025-feature-image.png","width":1920,"height":1080,"caption":"REACH 2025 cover page. On the cover: Microscope and photos of buildings, plant, shells and microbiome."},{"@type":"BreadcrumbList","@id":"https:\/\/cifar.ca\/fr\/publications-et-rapports\/la-revue-reach\/#breadcrumb","itemListElement":[{"@type":"ListItem","position":1,"name":"Acceuil","item":"https:\/\/cifar.ca\/fr\/"},{"@type":"ListItem","position":2,"name":"Publications et rapports","item":"https:\/\/cifar.ca\/fr\/publications-et-rapports\/"},{"@type":"ListItem","position":3,"name":"Revue Reach"}]},{"@type":"WebSite","@id":"https:\/\/cifar.ca\/fr\/#website","url":"https:\/\/cifar.ca\/fr\/","name":"CIFAR","description":"Convoquer des esprits extraordinaires pour r\u00e9pondre aux questions les plus importantes auxquelles la science et l'humanit\u00e9 sont confront\u00e9es.","publisher":{"@id":"https:\/\/cifar.ca\/fr\/#organization"},"potentialAction":[{"@type":"SearchAction","target":{"@type":"EntryPoint","urlTemplate":"https:\/\/cifar.ca\/fr\/?s={search_term_string}"},"query-input":{"@type":"PropertyValueSpecification","valueRequired":true,"valueName":"search_term_string"}}],"inLanguage":"fr-FR"},{"@type":"Organization","@id":"https:\/\/cifar.ca\/fr\/#organization","name":"CIFAR","url":"https:\/\/cifar.ca\/fr\/","logo":{"@type":"ImageObject","inLanguage":"fr-FR","@id":"https:\/\/cifar.ca\/fr\/#\/schema\/logo\/image\/","url":"https:\/\/cifar.ca\/wp-content\/uploads\/2020\/01\/cifar-logo-rgb-colour.png","contentUrl":"https:\/\/cifar.ca\/wp-content\/uploads\/2020\/01\/cifar-logo-rgb-colour.png","width":1884,"height":681,"caption":"CIFAR"},"image":{"@id":"https:\/\/cifar.ca\/fr\/#\/schema\/logo\/image\/"}}]}},"_links":{"self":[{"href":"https:\/\/cifar.ca\/fr\/wp-json\/wp\/v2\/pages\/33274","targetHints":{"allow":["GET"]}}],"collection":[{"href":"https:\/\/cifar.ca\/fr\/wp-json\/wp\/v2\/pages"}],"about":[{"href":"https:\/\/cifar.ca\/fr\/wp-json\/wp\/v2\/types\/page"}],"author":[{"embeddable":true,"href":"https:\/\/cifar.ca\/fr\/wp-json\/wp\/v2\/users\/65"}],"replies":[{"embeddable":true,"href":"https:\/\/cifar.ca\/fr\/wp-json\/wp\/v2\/comments?post=33274"}],"version-history":[{"count":0,"href":"https:\/\/cifar.ca\/fr\/wp-json\/wp\/v2\/pages\/33274\/revisions"}],"up":[{"embeddable":true,"href":"https:\/\/cifar.ca\/fr\/wp-json\/wp\/v2\/pages\/38497"}],"wp:featuredmedia":[{"embeddable":true,"href":"https:\/\/cifar.ca\/fr\/wp-json\/wp\/v2\/media\/61747"}],"wp:attachment":[{"href":"https:\/\/cifar.ca\/fr\/wp-json\/wp\/v2\/media?parent=33274"}],"curies":[{"name":"wp","href":"https:\/\/api.w.org\/{rel}","templated":true}]}}