{"id":39528,"date":"2020-09-22T23:40:07","date_gmt":"2020-09-23T03:40:07","guid":{"rendered":"https:\/\/cifar661.wpengine.com\/awards\/"},"modified":"2025-12-17T06:44:25","modified_gmt":"2025-12-17T11:44:25","slug":"prix","status":"publish","type":"page","link":"https:\/\/cifar.ca\/fr\/prix\/","title":{"rendered":"Prix"},"content":{"rendered":"\r\n\r\n\t\t\t<h2>\r\n\t\t\tSuivez-nous\t\t<\/h2>\r\n\t\t<button class='connect square balloon white-transparent facebook left' data-url='https:\/\/www.facebook.com\/CIFAR\/' aria-haspopup=\"false\"   aria-label='Suis nous surFaceBook' data-balloon-pos='right'>\r\n\t\t\tFaceBook\r\n\t\t<\/button>\r\n\t\t<button class='connect square balloon white-transparent twitter' data-url='https:\/\/twitter.com\/nouvelles_CIFAR' aria-haspopup=\"false\"   aria-label='Suis nous surTwitter' data-balloon-pos='right'>\r\n\t\t\tTwitter\r\n\t\t<\/button>\r\n\t\t<button class='connect square balloon white-transparent youtube left' data-url='https:\/\/www.youtube.com\/channel\/UCZj1nnTIiutUjEg-22e8UTA' aria-haspopup=\"false\"   aria-label='Suis nous surYouTube' data-balloon-pos='right'>\r\n\t\t\tYouTube\r\n\t\t<\/button>\r\n\t\t<button class='connect square balloon white-transparent linkedin' data-url='https:\/\/ca.linkedin.com\/company\/canadian-institute-for-advanced-research' aria-haspopup=\"false\"   aria-label='Suis nous surLinkedIn' data-balloon-pos='right'>\r\n\t\t\tLinkedIn\r\n\t\t<\/button>\r\n\t\t<button class='connect square balloon white-transparent instagram left' data-url='https:\/\/www.instagram.com\/cifar.ca_fr\/' aria-haspopup=\"false\"   aria-label='Suis nous surInstagram' data-balloon-pos='right'>\r\n\t\t\tInstagram\r\n\t\t<\/button>\r\n\r\n\t\t\t\t<img loading=\"lazy\" decoding=\"async\" src=\"https:\/\/cifar.ca\/wp-content\/uploads\/2020\/09\/lines-for-web-2.0-small-01.png\" alt=\"smaller line_two\" itemprop=\"image\" height=\"34\" width=\"34\" title=\"lines for web 2.0 small -01\" onerror=\"this.style.display='none'\"  \/>\t\t\t\t\t\r\n\t<h2>EXCELLENCE EN RECHERCHE<\/h2>\r\n<h3>Nous changeons les paradigmes de la recherche.<\/h3>\r\n<p>Chaque chercheur qui se joint \u00e0 un programme du CIFAR fait montre d&rsquo;excellence, de cr\u00e9ativit\u00e9 et d&rsquo;ouverture \u00e0 l&rsquo;apprentissage selon diff\u00e9rents points de vue. Notre communaut\u00e9 se compose de boursiers, de titulaires de chaire, de chercheurs et de conseillers qui se situent \u00e0 la fine pointe de leur domaine. Nombre d&rsquo;entre eux ont re\u00e7u des prix d&rsquo;excellence nationaux et internationaux en reconnaissance de leur contribution \u00e0 la science, \u00e0 l&rsquo;art, aux sciences sociales et aux sciences humaines.<\/p>\r\n<p>&nbsp;<\/p>\r\n\t\t\t\t<img loading=\"lazy\" decoding=\"async\" src=\"https:\/\/cifar.ca\/wp-content\/uploads\/2020\/09\/lines-for-web-2.0-small-03.png\" alt=\"smaller line_one\" itemprop=\"image\" height=\"34\" width=\"34\" title=\"lines for web 2.0 small -03\" onerror=\"this.style.display='none'\"  \/>\t\t\t\t\t\r\n\t<h2>RECHERCHE DE POINTE<\/h2>\r\n<h3>26 membres et sp\u00e9cialistes-conseils du CIFAR ont re\u00e7u un prix Nobel.<br \/>\r\n<\/h3>\r\n<p>Qu&rsquo;il s&rsquo;agisse de d\u00e9couvertes sur la physique fondamentale du cosmos ou les r\u00e8gles de base qui r\u00e9gissent nos \u00e9conomies, les progr\u00e8s r\u00e9alis\u00e9s par les chercheurs de notre communaut\u00e9 sont reconnus aux plus hauts \u00e9chelons.<\/p>\r\n   <!-- Mandeep add class on anchor -->\r\n\t<a href=\"https:\/\/cifar.ca\/fr\/prix\/les-laureats-dun-prix-nobel-au-sein-du-cifar\/\" target=\"_self\">\r\n\t\t\t\tPRIX NOBEL DU CIFAR\r\n\t\t\t<\/a>\r\n\t\t\t\t<img loading=\"lazy\" decoding=\"async\" src=\"https:\/\/cifar.ca\/wp-content\/uploads\/2020\/09\/lines-for-web-2.0-small-01.png\" alt=\"smaller line_two\" itemprop=\"image\" height=\"34\" width=\"34\" title=\"lines for web 2.0 small -01\" onerror=\"this.style.display='none'\"  \/>\t\t\t\t\t\r\n\t<h2>ACTIVIT\u00c9S SAVANTES \u00c0 FORT IMPACT<\/h2>\r\n<h3>Les id\u00e9es r\u00e9volutionnaires issues des programmes de recherche du CIFAR modifient des domaines entiers de recherche.<\/h3>\r\nDe 2018 \u00e0 2023, <strong>219<\/strong> membres de programme et sp\u00e9cialistes-conseils du CIFAR, et membres du programme des chercheurs mondiaux CIFAR-Azrieli (62 %) ont contribu\u00e9 au centile sup\u00e9rieur des articles les plus cit\u00e9s \u00e0 l&rsquo;\u00e9chelle mondiale.<br \/>\r\n<br \/>\r\nEn 2024-2025, les membres de nos programmes ont produit <strong>2 211<\/strong>\u00a0publications.<br \/>\r\n<br \/>\r\nEn outre, en 2024-2025, <strong>117<\/strong> prix majeurs ont \u00e9t\u00e9 d\u00e9cern\u00e9s aux membres, aux sp\u00e9cialistes-conseils, aux membres du programme des chercheurs mondiaux CIFAR-Azrieli et aux titulaires de chaire en IA Canada-CIFAR.\r\n   <!-- Mandeep add class on anchor -->\r\n\t<a href=\"https:\/\/cifarimpact.ca\/?lang=fr\" target=\"_self\">\r\n\t\t\t\tLire notre dernier Rapport d&rsquo;impact\r\n\t\t\t<\/a>\r\n<h2>\r\n\t\t\tSoutenez-nous\t<\/h2>\r\n\t<p>L&rsquo;Institut canadien de recherches avanc\u00e9es (CIFAR) est une organisation de recherche d&rsquo;influence mondiale fi\u00e8rement bas\u00e9e au Canada. Nous mobilisons les plus brillants personnes du monde, dans toutes les disciplines et \u00e0 tous les stades de carri\u00e8re, pour faire progresser les connaissances transformatrices et r\u00e9soudre ensemble les plus grands probl\u00e8mes de l&rsquo;humanit\u00e9. Nous recevons l&rsquo;appui des gouvernements du Canada, de l&rsquo;Alberta et du Qu\u00e9bec, ainsi que de fondations, de particuliers, d&rsquo;entreprises et d&rsquo;organisations partenaires du Canada et du monde entier.<\/p>\r\n   <!-- Mandeep add class on anchor -->\r\n\t<a href=\"https:\/\/cifar.ca\/fr\/dons\/\" target=\"_self\">\r\n\t\t\t\t\tDons\t\t\t\t\t\t\t\r\n\t\t\t\t\t\t<\/a>\r\n\r\n","protected":false},"excerpt":{"rendered":"<p>Suivez-nous FaceBook Twitter YouTube LinkedIn Instagram EXCELLENCE EN RECHERCHE Nous changeons les paradigmes de la recherche. Chaque chercheur qui se joint \u00e0 un programme du [&hellip;]<\/p>\n","protected":false},"author":65,"featured_media":35307,"parent":0,"menu_order":0,"comment_status":"closed","ping_status":"closed","template":"","meta":{"_acf_changed":false,"footnotes":""},"class_list":["post-39528","page","type-page","status-publish","has-post-thumbnail","hentry"],"acf":[],"yoast_head":"<!-- This site is optimized with the Yoast SEO plugin v27.2 - https:\/\/yoast.com\/product\/yoast-seo-wordpress\/ -->\n<title>CIFAR<\/title>\n<meta name=\"robots\" content=\"index, follow, max-snippet:-1, max-image-preview:large, max-video-preview:-1\" \/>\n<link rel=\"canonical\" href=\"https:\/\/cifar.ca\/fr\/prix\/\" \/>\n<meta property=\"og:locale\" content=\"fr_FR\" \/>\n<meta property=\"og:type\" content=\"article\" \/>\n<meta property=\"og:title\" content=\"Prix - CIFAR\" \/>\n<meta property=\"og:description\" content=\"Suivez-nous FaceBook Twitter YouTube LinkedIn Instagram EXCELLENCE EN RECHERCHE Nous changeons les paradigmes de la recherche. Chaque chercheur qui se joint \u00e0 un programme du [&hellip;]\" \/>\n<meta property=\"og:url\" content=\"https:\/\/cifar.ca\/fr\/prix\/\" \/>\n<meta property=\"og:site_name\" content=\"CIFAR\" \/>\n<meta property=\"article:modified_time\" content=\"2025-12-17T11:44:25+00:00\" \/>\n<meta property=\"og:image\" content=\"https:\/\/cifar.ca\/wp-content\/uploads\/2020\/09\/iStock-1076031652-scaled.jpg\" \/>\n\t<meta property=\"og:image:width\" content=\"2560\" \/>\n\t<meta property=\"og:image:height\" content=\"761\" \/>\n\t<meta property=\"og:image:type\" content=\"image\/jpeg\" \/>\n<meta name=\"twitter:card\" content=\"summary_large_image\" \/>\n<meta name=\"twitter:label1\" content=\"Dur\u00e9e de lecture estim\u00e9e\" \/>\n\t<meta name=\"twitter:data1\" content=\"3 minutes\" \/>\n<script type=\"application\/ld+json\" class=\"yoast-schema-graph\">{\"@context\":\"https:\/\/schema.org\",\"@graph\":[{\"@type\":\"WebPage\",\"@id\":\"https:\/\/cifar.ca\/fr\/prix\/\",\"url\":\"https:\/\/cifar.ca\/fr\/prix\/\",\"name\":\"Prix - CIFAR\",\"isPartOf\":{\"@id\":\"https:\/\/cifar.ca\/fr\/#website\"},\"primaryImageOfPage\":{\"@id\":\"https:\/\/cifar.ca\/fr\/prix\/#primaryimage\"},\"image\":{\"@id\":\"https:\/\/cifar.ca\/fr\/prix\/#primaryimage\"},\"thumbnailUrl\":\"https:\/\/cifar.ca\/wp-content\/uploads\/2020\/09\/iStock-1076031652-scaled.jpg\",\"datePublished\":\"2020-09-23T03:40:07+00:00\",\"dateModified\":\"2025-12-17T11:44:25+00:00\",\"breadcrumb\":{\"@id\":\"https:\/\/cifar.ca\/fr\/prix\/#breadcrumb\"},\"inLanguage\":\"fr-FR\",\"potentialAction\":[{\"@type\":\"ReadAction\",\"target\":[\"https:\/\/cifar.ca\/fr\/prix\/\"]}]},{\"@type\":\"ImageObject\",\"inLanguage\":\"fr-FR\",\"@id\":\"https:\/\/cifar.ca\/fr\/prix\/#primaryimage\",\"url\":\"https:\/\/cifar.ca\/wp-content\/uploads\/2020\/09\/iStock-1076031652-scaled.jpg\",\"contentUrl\":\"https:\/\/cifar.ca\/wp-content\/uploads\/2020\/09\/iStock-1076031652-scaled.jpg\",\"width\":2560,\"height\":761,\"caption\":\"Abstract topographic background. White paper cut art design for website template. Topography map concept. 3d rendering\"},{\"@type\":\"BreadcrumbList\",\"@id\":\"https:\/\/cifar.ca\/fr\/prix\/#breadcrumb\",\"itemListElement\":[{\"@type\":\"ListItem\",\"position\":1,\"name\":\"Acceuil\",\"item\":\"https:\/\/cifar.ca\/fr\/\"},{\"@type\":\"ListItem\",\"position\":2,\"name\":\"Prix\"}]},{\"@type\":\"WebSite\",\"@id\":\"https:\/\/cifar.ca\/fr\/#website\",\"url\":\"https:\/\/cifar.ca\/fr\/\",\"name\":\"CIFAR\",\"description\":\"Convoquer des esprits extraordinaires pour r\u00e9pondre aux questions les plus importantes auxquelles la science et l'humanit\u00e9 sont confront\u00e9es.\",\"publisher\":{\"@id\":\"https:\/\/cifar.ca\/fr\/#organization\"},\"potentialAction\":[{\"@type\":\"SearchAction\",\"target\":{\"@type\":\"EntryPoint\",\"urlTemplate\":\"https:\/\/cifar.ca\/fr\/?s={search_term_string}\"},\"query-input\":{\"@type\":\"PropertyValueSpecification\",\"valueRequired\":true,\"valueName\":\"search_term_string\"}}],\"inLanguage\":\"fr-FR\"},{\"@type\":\"Organization\",\"@id\":\"https:\/\/cifar.ca\/fr\/#organization\",\"name\":\"CIFAR\",\"url\":\"https:\/\/cifar.ca\/fr\/\",\"logo\":{\"@type\":\"ImageObject\",\"inLanguage\":\"fr-FR\",\"@id\":\"https:\/\/cifar.ca\/fr\/#\/schema\/logo\/image\/\",\"url\":\"https:\/\/cifar.ca\/wp-content\/uploads\/2020\/01\/cifar-logo-rgb-colour.png\",\"contentUrl\":\"https:\/\/cifar.ca\/wp-content\/uploads\/2020\/01\/cifar-logo-rgb-colour.png\",\"width\":1884,\"height\":681,\"caption\":\"CIFAR\"},\"image\":{\"@id\":\"https:\/\/cifar.ca\/fr\/#\/schema\/logo\/image\/\"}}]}<\/script>\n<!-- \/ Yoast SEO plugin. -->","yoast_head_json":{"title":"CIFAR","robots":{"index":"index","follow":"follow","max-snippet":"max-snippet:-1","max-image-preview":"max-image-preview:large","max-video-preview":"max-video-preview:-1"},"canonical":"https:\/\/cifar.ca\/fr\/prix\/","og_locale":"fr_FR","og_type":"article","og_title":"Prix - CIFAR","og_description":"Suivez-nous FaceBook Twitter YouTube LinkedIn Instagram EXCELLENCE EN RECHERCHE Nous changeons les paradigmes de la recherche. Chaque chercheur qui se joint \u00e0 un programme du [&hellip;]","og_url":"https:\/\/cifar.ca\/fr\/prix\/","og_site_name":"CIFAR","article_modified_time":"2025-12-17T11:44:25+00:00","og_image":[{"width":2560,"height":761,"url":"https:\/\/cifar.ca\/wp-content\/uploads\/2020\/09\/iStock-1076031652-scaled.jpg","type":"image\/jpeg"}],"twitter_card":"summary_large_image","twitter_misc":{"Dur\u00e9e de lecture estim\u00e9e":"3 minutes"},"schema":{"@context":"https:\/\/schema.org","@graph":[{"@type":"WebPage","@id":"https:\/\/cifar.ca\/fr\/prix\/","url":"https:\/\/cifar.ca\/fr\/prix\/","name":"Prix - CIFAR","isPartOf":{"@id":"https:\/\/cifar.ca\/fr\/#website"},"primaryImageOfPage":{"@id":"https:\/\/cifar.ca\/fr\/prix\/#primaryimage"},"image":{"@id":"https:\/\/cifar.ca\/fr\/prix\/#primaryimage"},"thumbnailUrl":"https:\/\/cifar.ca\/wp-content\/uploads\/2020\/09\/iStock-1076031652-scaled.jpg","datePublished":"2020-09-23T03:40:07+00:00","dateModified":"2025-12-17T11:44:25+00:00","breadcrumb":{"@id":"https:\/\/cifar.ca\/fr\/prix\/#breadcrumb"},"inLanguage":"fr-FR","potentialAction":[{"@type":"ReadAction","target":["https:\/\/cifar.ca\/fr\/prix\/"]}]},{"@type":"ImageObject","inLanguage":"fr-FR","@id":"https:\/\/cifar.ca\/fr\/prix\/#primaryimage","url":"https:\/\/cifar.ca\/wp-content\/uploads\/2020\/09\/iStock-1076031652-scaled.jpg","contentUrl":"https:\/\/cifar.ca\/wp-content\/uploads\/2020\/09\/iStock-1076031652-scaled.jpg","width":2560,"height":761,"caption":"Abstract topographic background. White paper cut art design for website template. Topography map concept. 3d rendering"},{"@type":"BreadcrumbList","@id":"https:\/\/cifar.ca\/fr\/prix\/#breadcrumb","itemListElement":[{"@type":"ListItem","position":1,"name":"Acceuil","item":"https:\/\/cifar.ca\/fr\/"},{"@type":"ListItem","position":2,"name":"Prix"}]},{"@type":"WebSite","@id":"https:\/\/cifar.ca\/fr\/#website","url":"https:\/\/cifar.ca\/fr\/","name":"CIFAR","description":"Convoquer des esprits extraordinaires pour r\u00e9pondre aux questions les plus importantes auxquelles la science et l'humanit\u00e9 sont confront\u00e9es.","publisher":{"@id":"https:\/\/cifar.ca\/fr\/#organization"},"potentialAction":[{"@type":"SearchAction","target":{"@type":"EntryPoint","urlTemplate":"https:\/\/cifar.ca\/fr\/?s={search_term_string}"},"query-input":{"@type":"PropertyValueSpecification","valueRequired":true,"valueName":"search_term_string"}}],"inLanguage":"fr-FR"},{"@type":"Organization","@id":"https:\/\/cifar.ca\/fr\/#organization","name":"CIFAR","url":"https:\/\/cifar.ca\/fr\/","logo":{"@type":"ImageObject","inLanguage":"fr-FR","@id":"https:\/\/cifar.ca\/fr\/#\/schema\/logo\/image\/","url":"https:\/\/cifar.ca\/wp-content\/uploads\/2020\/01\/cifar-logo-rgb-colour.png","contentUrl":"https:\/\/cifar.ca\/wp-content\/uploads\/2020\/01\/cifar-logo-rgb-colour.png","width":1884,"height":681,"caption":"CIFAR"},"image":{"@id":"https:\/\/cifar.ca\/fr\/#\/schema\/logo\/image\/"}}]}},"_links":{"self":[{"href":"https:\/\/cifar.ca\/fr\/wp-json\/wp\/v2\/pages\/39528","targetHints":{"allow":["GET"]}}],"collection":[{"href":"https:\/\/cifar.ca\/fr\/wp-json\/wp\/v2\/pages"}],"about":[{"href":"https:\/\/cifar.ca\/fr\/wp-json\/wp\/v2\/types\/page"}],"author":[{"embeddable":true,"href":"https:\/\/cifar.ca\/fr\/wp-json\/wp\/v2\/users\/65"}],"replies":[{"embeddable":true,"href":"https:\/\/cifar.ca\/fr\/wp-json\/wp\/v2\/comments?post=39528"}],"version-history":[{"count":0,"href":"https:\/\/cifar.ca\/fr\/wp-json\/wp\/v2\/pages\/39528\/revisions"}],"wp:featuredmedia":[{"embeddable":true,"href":"https:\/\/cifar.ca\/fr\/wp-json\/wp\/v2\/media\/35307"}],"wp:attachment":[{"href":"https:\/\/cifar.ca\/fr\/wp-json\/wp\/v2\/media?parent=39528"}],"curies":[{"name":"wp","href":"https:\/\/api.w.org\/{rel}","templated":true}]}}