{"id":39680,"date":"2020-10-28T23:11:19","date_gmt":"2020-10-29T03:11:19","guid":{"rendered":"https:\/\/cifar661.wpengine.com\/measures-de-lutte-centre-la-covid-19\/groundbreaking-research-focused-on-covid-19\/"},"modified":"2025-12-17T06:44:15","modified_gmt":"2025-12-17T11:44:15","slug":"recherche-de-pointe-axee-sur-la-covid-19","status":"publish","type":"page","link":"https:\/\/cifar.ca\/fr\/mesures-de-lutte-contre-la-covid-19\/recherche-de-pointe-axee-sur-la-covid-19\/","title":{"rendered":"Recherche de pointe ax\u00e9e sur la COVID-19"},"content":{"rendered":"\r\n\r\n\t\t\t<h2>\r\n\t\t\tSuivez-nous\t\t<\/h2>\r\n\t\t<button class='connect square balloon white-transparent facebook left' data-url='https:\/\/www.facebook.com\/CIFAR\/' aria-haspopup=\"false\"   aria-label='Suis nous surFaceBook' data-balloon-pos='right'>\r\n\t\t\tFaceBook\r\n\t\t<\/button>\r\n\t\t<button class='connect square balloon white-transparent twitter' data-url='https:\/\/twitter.com\/nouvelles_CIFAR' aria-haspopup=\"false\"   aria-label='Suis nous surTwitter' data-balloon-pos='right'>\r\n\t\t\tTwitter\r\n\t\t<\/button>\r\n\t\t<button class='connect square balloon white-transparent youtube left' data-url='https:\/\/www.youtube.com\/channel\/UCZj1nnTIiutUjEg-22e8UTA' aria-haspopup=\"false\"   aria-label='Suis nous surYouTube' data-balloon-pos='right'>\r\n\t\t\tYouTube\r\n\t\t<\/button>\r\n\t\t<button class='connect square balloon white-transparent linkedin' data-url='https:\/\/ca.linkedin.com\/company\/canadian-institute-for-advanced-research' aria-haspopup=\"false\"   aria-label='Suis nous surLinkedIn' data-balloon-pos='right'>\r\n\t\t\tLinkedIn\r\n\t\t<\/button>\r\n\t\t<button class='connect square balloon white-transparent instagram left' data-url='https:\/\/www.instagram.com\/cifar.ca_fr\/' aria-haspopup=\"false\"   aria-label='Suis nous surInstagram' data-balloon-pos='right'>\r\n\t\t\tInstagram\r\n\t\t<\/button>\r\n\r\n\t\t\t\t<img loading=\"lazy\" decoding=\"async\" src=\"https:\/\/cifar.ca\/wp-content\/uploads\/2020\/09\/lines-for-web-2.0-small-01.png\" alt=\"smaller line_two\" itemprop=\"image\" height=\"34\" width=\"34\" title=\"lines for web 2.0 small -01\" onerror=\"this.style.display='none'\"  \/>\t\t\t\t\t\r\n\t<h2>QUESTIONS URGENTES<br \/>\r\n<\/h2>\r\n<strong>Notre communaut\u00e9 de chercheurs lutte contre la pand\u00e9mie de COVID-19<br \/>\r\n<\/strong>\r\n<p>Voici quelques exemples de nouvelles orientations de recherche ax\u00e9es sur la COVID-19 \u00e9manant de plus de 100\u00a0projets auxquels participent nos boursiers, nos titulaires de chaire, nos chercheurs et nos conseillers\u00a0:<\/p>\r\n\t<p><strong>Al\u00e1n Aspuru-Guzik<\/strong> (boursier, \u00c9nergie solaire bio-inspir\u00e9e, titulaire d&rsquo;une chaire en IA Canada-CIFAR, Institut Vecteur) accro\u00eet la production de mol\u00e9cules th\u00e9rapeutiques, de nouveaux savons et surfaces virucides, et d&rsquo;inhibiteurs de la machinerie reproductrice du virus. De plus, Aspuru-Guzik dirige un projet qui pr\u00e9voit le recours \u00e0 des mod\u00e8les d&rsquo;apprentissage pour trouver les surfactants et les surfaces virucides les plus efficaces pour r\u00e9duire la dur\u00e9e de vie du virus \u00e0 moins d&rsquo;une heure.<\/p>\r\n<p>Les \u00e9quipes de <strong>Yoshua Bengio<\/strong> (Codirecteur du programme Apprentissage automatique, apprentissage biologiques, titulaire d&rsquo;une chaire en IA Canada-CIFAR, Mila), de <strong>Jian Tang<\/strong> (titulaire d&rsquo;une chaire en IA Canada-CIFAR, Mila), de l&rsquo;\u00e9tudiant dipl\u00f4m\u00e9 <strong>Maksym Korablyov<\/strong> (Universit\u00e9 de Montr\u00e9al) et de la jeune entreprise InVivo AI du Mila ont mis au point un syst\u00e8me d&rsquo;apprentissage par renforcement profond qui peut \u00e9valuer rapidement des milliards de mol\u00e9cules candidates. Cette m\u00e9thode permet de modifier graduellement la structure mol\u00e9culaire par l&rsquo;ajout ou le retrait d&rsquo;\u00e9l\u00e9ments constitutifs afin de cr\u00e9er de nouvelles structures mol\u00e9culaires qui peuvent se lier \u00e0 une prot\u00e9ine cible.<\/p>\r\n<p><strong>Arturo Casadevall<\/strong> (R\u00e8gne fongique, Universit\u00e9 Johns Hopkins) <a href=\"https:\/\/hub.jhu.edu\/2020\/03\/13\/covid-19-antibody-sera-arturo-casadevall\/\">met au point un traitement contre la COVID-19<\/a> \u00e0 base d&rsquo;anticorps de survivants qui ont \u00e9t\u00e9 extraits de s\u00e9rum sanguin. Le traitement <a href=\"https:\/\/ccpp19.org\/seeking_treatment\/index.html\">a \u00e9t\u00e9 approuv\u00e9<\/a> pour des raisons de compassion par la Food and Drug Administration (\u00c9.-U.). Le National COVID-19 Convalescent Plasma Project demande maintenant aux patients gu\u00e9ris de la COVID-19 <a href=\"https:\/\/ccpp19.org\/donors\/index.html\">de faire un don de plasma<\/a>.<\/p>\r\n<p><strong>Eran Elinav<\/strong> (Microbiome humain, Institut Weizmann) <a href=\"https:\/\/www.instagram.com\/tv\/B-OwA7-gZMP\/?utm_source=ig_web_copy_link\">a redirig\u00e9 l&rsquo;expertise en robotique et en microbiologie de son institut<\/a> pour cr\u00e9er un syst\u00e8me de d\u00e9tection \u00e0 haut d\u00e9bit pleinement automatis\u00e9 du SARS-CoV-2, en mesure d&rsquo;analyser 20 000 \u00e9chantillons diagnostiques en un seul cycle de quelques heures. Il s&rsquo;attend \u00e0 ce que l&rsquo;\u00e9talonnage se termine dans la semaine du 30 mars. Ensuite viendra le d\u00e9ploiement de la technologie pour tester des Isra\u00e9liens et, subs\u00e9quemment, le partage du processus \u00e0 l&rsquo;\u00e9chelle mondiale.<\/p>\r\n<p><strong>David Fleet<\/strong> (titulaire d&rsquo;une chaire en IA Canada-CIFAR, Institut Vecteur) et une \u00e9quipe de chercheurs ont mis au point un logiciel qui a permis de r\u00e9aliser la premi\u00e8re cartographie 3D du coronavirus.<\/p>\r\n<p><strong>Naama Geva-Zatorsky<\/strong> (Chercheuse mondiale CIFAR-Azrieli, Microbiome humain) est en train de mettre au point un <a href=\"https:\/\/www.timesofisrael.com\/technion-researchers-create-rapid-home-testing-kit-for-coronavirus\/\">test de d\u00e9pistage du coronavirus \u00e0 domicile<\/a> simple, peu co\u00fbteux et rapide qui sera utilis\u00e9 en Isra\u00ebl. L&rsquo;\u00e9quipe \u00e9labore un protocole qui permet l&rsquo;adaptation de mat\u00e9riaux existants pour produire un test \u00e0 domicile dont les r\u00e9sultats sont connus en moins d&rsquo;une heure.\u00a0\u00a0<\/p>\r\n<p><strong>Marzyeh Ghassemi<\/strong> (titulaire d&rsquo;une chaire en IA Canada-CIFAR, Institut Vecteur) exploite l&rsquo;IA pour le d\u00e9pistage et la stratification du risque chez les patients atteints de la COVID-19 \u00e0 l&rsquo;aide de donn\u00e9es de tomodensitom\u00e9trie et de radiographie.<\/p>\r\n<p><strong>Allison Harell<\/strong> (Limites, groupe et appartenance, Universit\u00e9 du Qu\u00e9bec \u00e0 Montr\u00e9al) et son \u00e9quipe au <a href=\"https:\/\/c-dem.ca\/fr\/1360-2\/\">Consortium de la d\u00e9mocratie \u00e9lectorale<\/a> ont men\u00e9 un sondage au Canada \u00e0 la fin du mois de mars sur le niveau de peur, le comportement personnel li\u00e9 \u00e0 la distanciation physique, les normes associ\u00e9es \u00e0 la distanciation physique et la satisfaction \u00e0 l&rsquo;\u00e9gard de la gestion de la pand\u00e9mie par le gouvernement. <a href=\"https:\/\/policyoptions.irpp.org\/magazines\/april-2020\/how-canadas-pandemic-response-is-shifting-political-views\/\">Cet article<\/a> dans Policy Options traite des r\u00e9sultats du sondage sur la satisfaction \u00e0 l&rsquo;\u00e9gard du gouvernement.<\/p>\r\n<p><strong>Susan Helper<\/strong> (Innovation, \u00e9quit\u00e9 et avenir de la prosp\u00e9rit\u00e9, Universit\u00e9 Case Western Reserve) donne des conseils sur les meilleures options disponibles en mati\u00e8re de politiques \u00e9conomiques. Elle a \u00e9crit des articles sur la fa\u00e7on de transformer <a href=\"https:\/\/equitablegrowth.org\/creative-economic-solutions-could-help-us-avoid-the-next-great-depression\/\">les h\u00f4tels et les fabricants automobiles<\/a> pour lutter contre la COVID-19 et comment la <a href=\"https:\/\/equitablegrowth.org\/retool-u-s-supply-chains-to-address-weaknesses-exposed-by-new-coronavirus\/\">cha\u00eene d&rsquo;approvisionnement des \u00c9tats-Unis doit changer<\/a>, et elle a formul\u00e9 des <a href=\"https:\/\/medium.com\/economic-policy-ideas-for-covid-19\/principles-for-economic-policy-in-the-covid-19-recession-2fc87f5f0e80\">principes g\u00e9n\u00e9raux de politiques \u00e9conomiques<\/a> li\u00e9s \u00e0 la conjoncture actuelle. Elle a aussi prononc\u00e9 une allocution sur <a href=\"https:\/\/wviz.ideastream.org\/programs\/city-club-forum\/the-economic-impact-of-coronavirus\">l&rsquo;incidence \u00e9conomique du coronavirus<\/a>.<\/p>\r\n<p><strong>Evan Lieberman<\/strong> (Limites, groupes et appartenance; MIT) est le coauteur d&rsquo;un <a href=\"https:\/\/drive.google.com\/file\/d\/1SSLa7GzuCuXZTAAPavKdGe5_8jPkLD1P\/view\">livre blanc<\/a> sur la solidarit\u00e9 dans lequel il \u00e9claircit la nature de la solidarit\u00e9 sociale et examine comment renforcer et maintenir celle-ci en regard de la pand\u00e9mie de COVID-19.\u00a0<\/p>\r\n<p><strong>Arthur McDonald<\/strong> (Extr\u00eame Univers et gravit\u00e9, Universit\u00e9 Queen&rsquo;s) a mis sur pied une \u00e9quipe de sp\u00e9cialistes de la mati\u00e8re sombre de TRIUMF, de Chalk River et du SNOLAB afin de fabriquer 30 000 ventilateurs pour les patients atteints de la COVID-19. Ils \u0153uvrent en partenariat avec une collaboration internationale de <a href=\"https:\/\/www.zdnet.com\/article\/astrophysicists-looking-for-dark-matter-invent-dirt-cheap-open-source-ventilator-to-combat-covid-19\/\">sp\u00e9cialistes de la mati\u00e8re sombre<\/a> qui tirent profit de leur exp\u00e9rience dans les syst\u00e8mes de traitement des gaz et les syst\u00e8mes de contr\u00f4le complexes pour fabriquer des ventilateurs dont la petite taille et la portabilit\u00e9 en faciliteront l&rsquo;exp\u00e9dition vers les centres de soins. <a href=\"https:\/\/www.thewhig.com\/news\/local-news\/nobel-prize-winner-art-mcdonald-to-facilitate-manufacturing-of-30000-ventilators\">Le ventilateur<\/a> a \u00e9t\u00e9 approuv\u00e9 en cas d&rsquo;urgence par la Food and Drug Administration des \u00c9tats-Unis et est maintenant en attente d&rsquo;approbation par Sant\u00e9 Canada.<\/p>\r\n<p><strong>Quaid Morris<\/strong> (titulaire d&rsquo;une chaire en IA Canada-CIFAR, Institut Vecteur) utilise l&rsquo;IA pour explorer des fa\u00e7ons d&rsquo;analyser des s\u00e9quences du virus de la COVID-19.<\/p>\r\n<p>\u00c0 l&rsquo;aide de l&rsquo;exploration de donn\u00e9es, <strong>Reihaneh Rabbany<\/strong> (titulaire d&rsquo;une chaire en IA Canada-CIFAR, Mila) analyse des gazouillis sur Twitter li\u00e9s \u00e0 la COVID-19 pour d\u00e9couvrir des tendances temporelles et spatiales, ainsi que des mentions et des mots-cl\u00e9s courants li\u00e9s \u00e0 la COVID-19.<\/p>\r\n<p><strong>Irina Rish<\/strong> (titulaire d&rsquo;une chaire en IA Canada-CIFAR, Mila) et Guy Wolf (Universit\u00e9 de Montr\u00e9al) pilotent un projet qui a recours \u00e0 l&rsquo;analyse de donn\u00e9es pour mieux comprendre le m\u00e9canisme de l&rsquo;\u00e9volution de la maladie COVID-19 afin d&rsquo;\u00e9valuer le risque associ\u00e9 \u00e0 des profils m\u00e9dicaux et \u00e0 des patients donn\u00e9s, ainsi que pour contribuer \u00e0 rep\u00e9rer des cibles de liaison d&rsquo;antiviraux et de vaccins \u00e9ventuels.<\/p>\r\n<p><strong>Bo Wang<\/strong> (titulaire d&rsquo;une chaire en IA Canada-CIFAR, Institut Vecteur) et ses collaborateurs \u00e0 l&rsquo;Institut Vecteur ont lanc\u00e9 un outil de recherche d&rsquo;articles scientifiques pour contribuer \u00e0 la lutte contre la COVID-19. L&rsquo;outil procure la saisie la plus r\u00e9cente des articles scientifiques pertinents pour aider les chercheurs de par le monde.<\/p>\r\n<p><strong>Frank Wood<\/strong> (titulaire d&rsquo;une chaire en IA Canada-CIFAR, Mila) et ses collaborateurs au sein du groupe de recherche PLAI \u00e0 l&rsquo;Universit\u00e9 de la Colombie-Britannique ont \u00e9crit l&rsquo;article <a href=\"https:\/\/arxiv.org\/abs\/2003.13221\">Planning as Inference in Epidemiological Models<\/a>. Ces recherches d\u00e9montrent comment exploiter les logiciels existants pour automatiser une partie du processus d&rsquo;\u00e9laboration de politiques sur la lutte contre les maladies infectieuses en tirant des d\u00e9ductions dans des mod\u00e8les \u00e9pid\u00e9miologiques dynamiques existants.<\/p>\r\n<p>&nbsp;<\/p>\r\n<h2>\r\n\t\tSoutenez-nous\r\n\t<\/h2>\r\n\t<p>L&rsquo;Institut canadien de recherches avanc\u00e9es (CIFAR) est une organisation de recherche d&rsquo;influence mondiale fi\u00e8rement bas\u00e9e au Canada. Nous mobilisons les plus brillants personnes du monde, dans toutes les disciplines et \u00e0 tous les stades de carri\u00e8re, pour faire progresser les connaissances transformatrices et r\u00e9soudre ensemble les plus grands probl\u00e8mes de l&rsquo;humanit\u00e9. Nous recevons l&rsquo;appui des gouvernements du Canada, de l&rsquo;Alberta et du Qu\u00e9bec, ainsi que de fondations, de particuliers, d&rsquo;entreprises et d&rsquo;organisations partenaires du Canada et du monde entier.<\/p>\r\n   <!-- Mandeep add class on anchor -->\r\n\t<a href=\"https:\/\/cifar.ca\/fr\/dons\/\" target=\"_self\" rel=\"noopener\">\r\n\t\t\t\t\tDons\t\t\t\t\t\t\t\r\n\t\t\t\t\t\t<\/a>\r\n\r\n","protected":false},"excerpt":{"rendered":"<p>Suivez-nous FaceBook Twitter YouTube LinkedIn Instagram QUESTIONS URGENTES Notre communaut\u00e9 de chercheurs lutte contre la pand\u00e9mie de COVID-19 Voici quelques exemples de nouvelles orientations de [&hellip;]<\/p>\n","protected":false},"author":65,"featured_media":34588,"parent":39674,"menu_order":0,"comment_status":"closed","ping_status":"closed","template":"","meta":{"_acf_changed":false,"footnotes":""},"class_list":["post-39680","page","type-page","status-publish","has-post-thumbnail","hentry"],"acf":[],"yoast_head":"<!-- This site is optimized with the Yoast SEO plugin v27.2 - https:\/\/yoast.com\/product\/yoast-seo-wordpress\/ -->\n<title>CIFAR<\/title>\n<meta name=\"robots\" content=\"index, follow, max-snippet:-1, max-image-preview:large, max-video-preview:-1\" \/>\n<link rel=\"canonical\" href=\"https:\/\/cifar.ca\/fr\/mesures-de-lutte-contre-la-covid-19\/recherche-de-pointe-axee-sur-la-covid-19\/\" \/>\n<meta property=\"og:locale\" content=\"fr_FR\" \/>\n<meta property=\"og:type\" content=\"article\" \/>\n<meta property=\"og:title\" content=\"Recherche de pointe ax\u00e9e sur la COVID-19 - CIFAR\" \/>\n<meta property=\"og:description\" content=\"Suivez-nous FaceBook Twitter YouTube LinkedIn Instagram QUESTIONS URGENTES Notre communaut\u00e9 de chercheurs lutte contre la pand\u00e9mie de COVID-19 Voici quelques exemples de nouvelles orientations de [&hellip;]\" \/>\n<meta property=\"og:url\" content=\"https:\/\/cifar.ca\/fr\/mesures-de-lutte-contre-la-covid-19\/recherche-de-pointe-axee-sur-la-covid-19\/\" \/>\n<meta property=\"og:site_name\" content=\"CIFAR\" \/>\n<meta property=\"article:modified_time\" content=\"2025-12-17T11:44:15+00:00\" \/>\n<meta property=\"og:image\" content=\"https:\/\/cifar.ca\/wp-content\/uploads\/2020\/05\/WEB_1920x800_COVID.jpg\" \/>\n\t<meta property=\"og:image:width\" content=\"1920\" \/>\n\t<meta property=\"og:image:height\" content=\"900\" \/>\n\t<meta property=\"og:image:type\" content=\"image\/jpeg\" \/>\n<meta name=\"twitter:card\" content=\"summary_large_image\" \/>\n<meta name=\"twitter:label1\" content=\"Dur\u00e9e de lecture estim\u00e9e\" \/>\n\t<meta name=\"twitter:data1\" content=\"6 minutes\" \/>\n<script type=\"application\/ld+json\" class=\"yoast-schema-graph\">{\"@context\":\"https:\/\/schema.org\",\"@graph\":[{\"@type\":\"WebPage\",\"@id\":\"https:\/\/cifar.ca\/fr\/mesures-de-lutte-contre-la-covid-19\/recherche-de-pointe-axee-sur-la-covid-19\/\",\"url\":\"https:\/\/cifar.ca\/fr\/mesures-de-lutte-contre-la-covid-19\/recherche-de-pointe-axee-sur-la-covid-19\/\",\"name\":\"Recherche de pointe ax\u00e9e sur la COVID-19 - CIFAR\",\"isPartOf\":{\"@id\":\"https:\/\/cifar.ca\/fr\/#website\"},\"primaryImageOfPage\":{\"@id\":\"https:\/\/cifar.ca\/fr\/mesures-de-lutte-contre-la-covid-19\/recherche-de-pointe-axee-sur-la-covid-19\/#primaryimage\"},\"image\":{\"@id\":\"https:\/\/cifar.ca\/fr\/mesures-de-lutte-contre-la-covid-19\/recherche-de-pointe-axee-sur-la-covid-19\/#primaryimage\"},\"thumbnailUrl\":\"https:\/\/cifar.ca\/wp-content\/uploads\/2020\/05\/WEB_1920x800_COVID.jpg\",\"datePublished\":\"2020-10-29T03:11:19+00:00\",\"dateModified\":\"2025-12-17T11:44:15+00:00\",\"breadcrumb\":{\"@id\":\"https:\/\/cifar.ca\/fr\/mesures-de-lutte-contre-la-covid-19\/recherche-de-pointe-axee-sur-la-covid-19\/#breadcrumb\"},\"inLanguage\":\"fr-FR\",\"potentialAction\":[{\"@type\":\"ReadAction\",\"target\":[\"https:\/\/cifar.ca\/fr\/mesures-de-lutte-contre-la-covid-19\/recherche-de-pointe-axee-sur-la-covid-19\/\"]}]},{\"@type\":\"ImageObject\",\"inLanguage\":\"fr-FR\",\"@id\":\"https:\/\/cifar.ca\/fr\/mesures-de-lutte-contre-la-covid-19\/recherche-de-pointe-axee-sur-la-covid-19\/#primaryimage\",\"url\":\"https:\/\/cifar.ca\/wp-content\/uploads\/2020\/05\/WEB_1920x800_COVID.jpg\",\"contentUrl\":\"https:\/\/cifar.ca\/wp-content\/uploads\/2020\/05\/WEB_1920x800_COVID.jpg\",\"width\":1920,\"height\":900,\"caption\":\"step report\"},{\"@type\":\"BreadcrumbList\",\"@id\":\"https:\/\/cifar.ca\/fr\/mesures-de-lutte-contre-la-covid-19\/recherche-de-pointe-axee-sur-la-covid-19\/#breadcrumb\",\"itemListElement\":[{\"@type\":\"ListItem\",\"position\":1,\"name\":\"Acceuil\",\"item\":\"https:\/\/cifar.ca\/fr\/\"},{\"@type\":\"ListItem\",\"position\":2,\"name\":\"Mesures de lutte contre la COVID-19\",\"item\":\"https:\/\/cifar.ca\/fr\/mesures-de-lutte-contre-la-covid-19\/\"},{\"@type\":\"ListItem\",\"position\":3,\"name\":\"Recherche de pointe ax\u00e9e sur la COVID-19\"}]},{\"@type\":\"WebSite\",\"@id\":\"https:\/\/cifar.ca\/fr\/#website\",\"url\":\"https:\/\/cifar.ca\/fr\/\",\"name\":\"CIFAR\",\"description\":\"Convoquer des esprits extraordinaires pour r\u00e9pondre aux questions les plus importantes auxquelles la science et l'humanit\u00e9 sont confront\u00e9es.\",\"publisher\":{\"@id\":\"https:\/\/cifar.ca\/fr\/#organization\"},\"potentialAction\":[{\"@type\":\"SearchAction\",\"target\":{\"@type\":\"EntryPoint\",\"urlTemplate\":\"https:\/\/cifar.ca\/fr\/?s={search_term_string}\"},\"query-input\":{\"@type\":\"PropertyValueSpecification\",\"valueRequired\":true,\"valueName\":\"search_term_string\"}}],\"inLanguage\":\"fr-FR\"},{\"@type\":\"Organization\",\"@id\":\"https:\/\/cifar.ca\/fr\/#organization\",\"name\":\"CIFAR\",\"url\":\"https:\/\/cifar.ca\/fr\/\",\"logo\":{\"@type\":\"ImageObject\",\"inLanguage\":\"fr-FR\",\"@id\":\"https:\/\/cifar.ca\/fr\/#\/schema\/logo\/image\/\",\"url\":\"https:\/\/cifar.ca\/wp-content\/uploads\/2020\/01\/cifar-logo-rgb-colour.png\",\"contentUrl\":\"https:\/\/cifar.ca\/wp-content\/uploads\/2020\/01\/cifar-logo-rgb-colour.png\",\"width\":1884,\"height\":681,\"caption\":\"CIFAR\"},\"image\":{\"@id\":\"https:\/\/cifar.ca\/fr\/#\/schema\/logo\/image\/\"}}]}<\/script>\n<!-- \/ Yoast SEO plugin. -->","yoast_head_json":{"title":"CIFAR","robots":{"index":"index","follow":"follow","max-snippet":"max-snippet:-1","max-image-preview":"max-image-preview:large","max-video-preview":"max-video-preview:-1"},"canonical":"https:\/\/cifar.ca\/fr\/mesures-de-lutte-contre-la-covid-19\/recherche-de-pointe-axee-sur-la-covid-19\/","og_locale":"fr_FR","og_type":"article","og_title":"Recherche de pointe ax\u00e9e sur la COVID-19 - CIFAR","og_description":"Suivez-nous FaceBook Twitter YouTube LinkedIn Instagram QUESTIONS URGENTES Notre communaut\u00e9 de chercheurs lutte contre la pand\u00e9mie de COVID-19 Voici quelques exemples de nouvelles orientations de [&hellip;]","og_url":"https:\/\/cifar.ca\/fr\/mesures-de-lutte-contre-la-covid-19\/recherche-de-pointe-axee-sur-la-covid-19\/","og_site_name":"CIFAR","article_modified_time":"2025-12-17T11:44:15+00:00","og_image":[{"width":1920,"height":900,"url":"https:\/\/cifar.ca\/wp-content\/uploads\/2020\/05\/WEB_1920x800_COVID.jpg","type":"image\/jpeg"}],"twitter_card":"summary_large_image","twitter_misc":{"Dur\u00e9e de lecture estim\u00e9e":"6 minutes"},"schema":{"@context":"https:\/\/schema.org","@graph":[{"@type":"WebPage","@id":"https:\/\/cifar.ca\/fr\/mesures-de-lutte-contre-la-covid-19\/recherche-de-pointe-axee-sur-la-covid-19\/","url":"https:\/\/cifar.ca\/fr\/mesures-de-lutte-contre-la-covid-19\/recherche-de-pointe-axee-sur-la-covid-19\/","name":"Recherche de pointe ax\u00e9e sur la COVID-19 - CIFAR","isPartOf":{"@id":"https:\/\/cifar.ca\/fr\/#website"},"primaryImageOfPage":{"@id":"https:\/\/cifar.ca\/fr\/mesures-de-lutte-contre-la-covid-19\/recherche-de-pointe-axee-sur-la-covid-19\/#primaryimage"},"image":{"@id":"https:\/\/cifar.ca\/fr\/mesures-de-lutte-contre-la-covid-19\/recherche-de-pointe-axee-sur-la-covid-19\/#primaryimage"},"thumbnailUrl":"https:\/\/cifar.ca\/wp-content\/uploads\/2020\/05\/WEB_1920x800_COVID.jpg","datePublished":"2020-10-29T03:11:19+00:00","dateModified":"2025-12-17T11:44:15+00:00","breadcrumb":{"@id":"https:\/\/cifar.ca\/fr\/mesures-de-lutte-contre-la-covid-19\/recherche-de-pointe-axee-sur-la-covid-19\/#breadcrumb"},"inLanguage":"fr-FR","potentialAction":[{"@type":"ReadAction","target":["https:\/\/cifar.ca\/fr\/mesures-de-lutte-contre-la-covid-19\/recherche-de-pointe-axee-sur-la-covid-19\/"]}]},{"@type":"ImageObject","inLanguage":"fr-FR","@id":"https:\/\/cifar.ca\/fr\/mesures-de-lutte-contre-la-covid-19\/recherche-de-pointe-axee-sur-la-covid-19\/#primaryimage","url":"https:\/\/cifar.ca\/wp-content\/uploads\/2020\/05\/WEB_1920x800_COVID.jpg","contentUrl":"https:\/\/cifar.ca\/wp-content\/uploads\/2020\/05\/WEB_1920x800_COVID.jpg","width":1920,"height":900,"caption":"step report"},{"@type":"BreadcrumbList","@id":"https:\/\/cifar.ca\/fr\/mesures-de-lutte-contre-la-covid-19\/recherche-de-pointe-axee-sur-la-covid-19\/#breadcrumb","itemListElement":[{"@type":"ListItem","position":1,"name":"Acceuil","item":"https:\/\/cifar.ca\/fr\/"},{"@type":"ListItem","position":2,"name":"Mesures de lutte contre la COVID-19","item":"https:\/\/cifar.ca\/fr\/mesures-de-lutte-contre-la-covid-19\/"},{"@type":"ListItem","position":3,"name":"Recherche de pointe ax\u00e9e sur la COVID-19"}]},{"@type":"WebSite","@id":"https:\/\/cifar.ca\/fr\/#website","url":"https:\/\/cifar.ca\/fr\/","name":"CIFAR","description":"Convoquer des esprits extraordinaires pour r\u00e9pondre aux questions les plus importantes auxquelles la science et l'humanit\u00e9 sont confront\u00e9es.","publisher":{"@id":"https:\/\/cifar.ca\/fr\/#organization"},"potentialAction":[{"@type":"SearchAction","target":{"@type":"EntryPoint","urlTemplate":"https:\/\/cifar.ca\/fr\/?s={search_term_string}"},"query-input":{"@type":"PropertyValueSpecification","valueRequired":true,"valueName":"search_term_string"}}],"inLanguage":"fr-FR"},{"@type":"Organization","@id":"https:\/\/cifar.ca\/fr\/#organization","name":"CIFAR","url":"https:\/\/cifar.ca\/fr\/","logo":{"@type":"ImageObject","inLanguage":"fr-FR","@id":"https:\/\/cifar.ca\/fr\/#\/schema\/logo\/image\/","url":"https:\/\/cifar.ca\/wp-content\/uploads\/2020\/01\/cifar-logo-rgb-colour.png","contentUrl":"https:\/\/cifar.ca\/wp-content\/uploads\/2020\/01\/cifar-logo-rgb-colour.png","width":1884,"height":681,"caption":"CIFAR"},"image":{"@id":"https:\/\/cifar.ca\/fr\/#\/schema\/logo\/image\/"}}]}},"_links":{"self":[{"href":"https:\/\/cifar.ca\/fr\/wp-json\/wp\/v2\/pages\/39680","targetHints":{"allow":["GET"]}}],"collection":[{"href":"https:\/\/cifar.ca\/fr\/wp-json\/wp\/v2\/pages"}],"about":[{"href":"https:\/\/cifar.ca\/fr\/wp-json\/wp\/v2\/types\/page"}],"author":[{"embeddable":true,"href":"https:\/\/cifar.ca\/fr\/wp-json\/wp\/v2\/users\/65"}],"replies":[{"embeddable":true,"href":"https:\/\/cifar.ca\/fr\/wp-json\/wp\/v2\/comments?post=39680"}],"version-history":[{"count":0,"href":"https:\/\/cifar.ca\/fr\/wp-json\/wp\/v2\/pages\/39680\/revisions"}],"up":[{"embeddable":true,"href":"https:\/\/cifar.ca\/fr\/wp-json\/wp\/v2\/pages\/39674"}],"wp:featuredmedia":[{"embeddable":true,"href":"https:\/\/cifar.ca\/fr\/wp-json\/wp\/v2\/media\/34588"}],"wp:attachment":[{"href":"https:\/\/cifar.ca\/fr\/wp-json\/wp\/v2\/media?parent=39680"}],"curies":[{"name":"wp","href":"https:\/\/api.w.org\/{rel}","templated":true}]}}