{"id":39723,"date":"2020-09-08T18:10:27","date_gmt":"2020-09-08T22:10:27","guid":{"rendered":"https:\/\/cifar661.wpengine.com\/partnerships\/"},"modified":"2025-12-17T06:12:29","modified_gmt":"2025-12-17T11:12:29","slug":"partenariats","status":"publish","type":"page","link":"https:\/\/cifar.ca\/fr\/partenariats\/","title":{"rendered":"Partenariats"},"content":{"rendered":"\r\n\r\n\t\t\t<h2>\r\n\t\t\tSuivez-nous\t\t<\/h2>\r\n\t\t<button class='connect square balloon white-transparent facebook left' data-url='https:\/\/www.facebook.com\/CIFAR\/' aria-haspopup=\"false\"   aria-label='Suis nous surFaceBook' data-balloon-pos='right'>\r\n\t\t\tFaceBook\r\n\t\t<\/button>\r\n\t\t<button class='connect square balloon white-transparent twitter' data-url='https:\/\/twitter.com\/nouvelles_CIFAR' aria-haspopup=\"false\"   aria-label='Suis nous surTwitter' data-balloon-pos='right'>\r\n\t\t\tTwitter\r\n\t\t<\/button>\r\n\t\t<button class='connect square balloon white-transparent youtube left' data-url='https:\/\/www.youtube.com\/channel\/UCZj1nnTIiutUjEg-22e8UTA' aria-haspopup=\"false\"   aria-label='Suis nous surYouTube' data-balloon-pos='right'>\r\n\t\t\tYouTube\r\n\t\t<\/button>\r\n\t\t<button class='connect square balloon white-transparent linkedin' data-url='https:\/\/ca.linkedin.com\/company\/canadian-institute-for-advanced-research' aria-haspopup=\"false\"   aria-label='Suis nous surLinkedIn' data-balloon-pos='right'>\r\n\t\t\tLinkedIn\r\n\t\t<\/button>\r\n\t\t<button class='connect square balloon white-transparent instagram left' data-url='https:\/\/www.instagram.com\/cifar.ca_fr\/' aria-haspopup=\"false\"   aria-label='Suis nous surInstagram' data-balloon-pos='right'>\r\n\t\t\tInstagram\r\n\t\t<\/button>\r\n\r\n\t\t\t\t<img loading=\"lazy\" decoding=\"async\" src=\"https:\/\/cifar.ca\/wp-content\/uploads\/2020\/09\/lines-for-web-2.0-small-01.png\" alt=\"smaller line_two\" itemprop=\"image\" height=\"34\" width=\"34\" title=\"lines for web 2.0 small -01\" onerror=\"this.style.display='none'\"  \/>\t\t\t\t\t\r\n\t<h2>R\u00c9SEAUX INTERDISCIPLINAIRES<\/h2>\r\n<h3>Les partenariats du CIFAR ont un impact significatif.<\/h3>\r\n<p>Gr\u00e2ce \u00e0 des r\u00e9seaux \u00e9tablis de chercheurs et de d\u00e9cideurs de haut niveau dans le monde entier, nous faisons \u00e9quipe avec des organisations qui apportent des atouts exceptionnels \u00e0 des initiatives communes et accroissent notre potentiel d&rsquo;impact positif.<\/p>\r\n   <!-- Mandeep add class on anchor -->\r\n\t<a href=\"mailto:partnerships@cifar.ca\" target=\"_self\" rel=\"noopener\">\r\n\t\t\t\tFAITES \u00c9QUIPE AVEC NOUS\r\n\t\t\t<\/a>\r\n                        \r\n                <!--[if IE 9]><video style=\"display: none;><![endif]-->\r\n                <source data-src=\"https:\/\/cifar.ca\/wp-content\/uploads\/2020\/10\/media-collage-partnership-960x450-1-430x450.jpg\"\r\n                    media=\"--media-collage-small\" \/>\r\n                <source data-src=\"https:\/\/cifar.ca\/wp-content\/uploads\/2020\/10\/media-collage-partnership-960x450-1-780x450.jpg\"\r\n                    media=\"--media-collage-medium\" \/>\r\n                <source data-src=\"https:\/\/cifar.ca\/wp-content\/uploads\/2020\/10\/media-collage-partnership-960x450-1.jpg \/>\u00a0\u00bb\r\n                <!--[if IE 9]><\/video><![endif]-->\r\n                <img data-src=\"https:\/\/cifar.ca\/wp-content\/uploads\/2020\/10\/media-collage-partnership-960x450-1.jpg\"\r\n                                        alt=\"three event attendees interacting\" \/>\r\n            \r\n                        \r\n                <!--[if IE 9]><video style=\"display: none;><![endif]-->\r\n                <source data-src=\"https:\/\/cifar.ca\/wp-content\/uploads\/2020\/10\/CIFAR-2020-01-16-73-430x670.jpg\"\r\n                    media=\"--media-collage-small\" \/>\r\n                <source data-src=\"https:\/\/cifar.ca\/wp-content\/uploads\/2020\/10\/CIFAR-2020-01-16-73-480x450.jpg\"\r\n                    media=\"--media-collage-medium\" \/>\r\n                <source data-src=\"https:\/\/cifar.ca\/wp-content\/uploads\/2020\/10\/CIFAR-2020-01-16-73-480x450.jpg \/>\u00a0\u00bb\r\n                <!--[if IE 9]><\/video><![endif]-->\r\n                <img data-src=\"https:\/\/cifar.ca\/wp-content\/uploads\/2020\/10\/CIFAR-2020-01-16-73-480x450.jpg\"\r\n                                        alt=\"Woman holding microphone speaking on a panel at event\" \/>\r\n            \r\n                        \r\n                <!--[if IE 9]><video style=\"display: none;><![endif]-->\r\n                <source data-src=\"https:\/\/cifar.ca\/wp-content\/uploads\/2020\/10\/NEFDay1Web_239-430x670.jpg\"\r\n                    media=\"--media-collage-small\" \/>\r\n                <source data-src=\"https:\/\/cifar.ca\/wp-content\/uploads\/2020\/10\/NEFDay1Web_239-480x450.jpg\"\r\n                    media=\"--media-collage-medium\" \/>\r\n                <source data-src=\"https:\/\/cifar.ca\/wp-content\/uploads\/2020\/10\/NEFDay1Web_239-480x450.jpg \/>\u00a0\u00bb\r\n                <!--[if IE 9]><\/video><![endif]-->\r\n                <img data-src=\"https:\/\/cifar.ca\/wp-content\/uploads\/2020\/10\/NEFDay1Web_239-480x450.jpg\"\r\n                                        alt=\"Woman holding microphone\" \/>\r\n            \r\n\t\t\t\t<img loading=\"lazy\" decoding=\"async\" src=\"https:\/\/cifar.ca\/wp-content\/uploads\/2020\/09\/lines-for-web-2.0-small-01.png\" alt=\"smaller line_two\" itemprop=\"image\" height=\"34\" width=\"34\" title=\"lines for web 2.0 small -01\" onerror=\"this.style.display='none'\"  \/>\t\t\t\t\t\r\n\t<h2>PARTENAIRES<\/h2>\r\n<h3>Les nouvelles id\u00e9es sont la source de l&rsquo;innovation.<\/h3>\r\n<p>Nos partenariats reposent sur des objectifs strat\u00e9giques communs et m\u00e8nent souvent \u00e0 des \u00e9v\u00e9nements conjoints, ainsi qu&rsquo;\u00e0 des activit\u00e9s li\u00e9es \u00e0 la recherche et aux politiques publiques organis\u00e9es en collaboration. En voici quelques exemples r\u00e9cents\u00a0:<\/p>\r\n\t\t\t\t\t<h4>Mettre en relation les communaut\u00e9s de recherche internationales<\/h4>\r\n\t\t\t\t\t\t<p>En d\u00e9cembre 2019, afin de faciliter la collaboration internationale et l&rsquo;\u00e9change d&rsquo;id\u00e9es entre les plus grands chercheurs en IA du monde, notre <a href=\"https:\/\/cifar.ca\/fr\/programmes-de-recherche\/apprentissage-automatique-apprentissage-biologiques\/\">programme Apprentissage automatique, apprentissage biologique<\/a> a sign\u00e9 un protocole d&rsquo;entente avec le Laboratoire europ\u00e9en pour l&rsquo;apprentissage et les syst\u00e8mes intelligents (ELLIS). Les \u00e9changes d&rsquo;\u00e9tudiants dipl\u00f4m\u00e9s et les r\u00e9unions conjointes renforceront les liens existants.<\/p>\r\n<p>Les objectifs de recherche du <a href=\"https:\/\/cifar.ca\/fr\/programmes-de-recherche\/materiaux-quantiques\/\">programme Mat\u00e9riaux quantiques<\/a> du CIFAR correspondent \u00e9troitement \u00e0 ceux du Centre de physique quantique computationnelle de l&rsquo;Institut Flatiron. Gr\u00e2ce \u00e0 un partenariat qui pr\u00e9voit des ateliers communs et des invitations r\u00e9ciproques \u00e0 des r\u00e9unions, nous r\u00e9unissons les meilleurs sp\u00e9cialistes mondiaux des mat\u00e9riaux pour faire avancer les connaissances en physique quantique.<\/p>\r\n\t\t\t\t\t<h4>Se pencher sur les d\u00e9fis soci\u00e9taux<\/h4>\r\n\t\t\t\t\t\t<p>En novembre 2019, nous avons tenu une <a href=\"https:\/\/cifar.ca\/fr\/cifarnews\/2019\/12\/12\/l-in-galit-en-tant-que-processus-multidimensionnel\/\">conf\u00e9rence r\u00e9capitulative de deux jours<\/a> pour notre <a href=\"https:\/\/cifar.ca\/fr\/programmes-de-recherche\/bien-etre-collectif\/\">programme Bien-\u00eatre collectif<\/a> avec le Weatherhead Center for International Affairs de l&rsquo;Universit\u00e9 Harvard et l&rsquo;American Academy of Arts and Sciences. Les discussions ont port\u00e9 sur la mani\u00e8re dont la compr\u00e9hension de l&rsquo;in\u00e9galit\u00e9 sous toutes ses formes peut mener \u00e0 de meilleures politiques.<\/p>\r\n\t\t\t\t\t<h4>Cr\u00e9er des r\u00e9seaux de solutions<\/h4>\r\n\t\t\t\t\t\t<p>En partenariat avec le Centre de recherches pour le d\u00e9veloppement international (CRDI), nous avons cr\u00e9\u00e9 un nouveau mod\u00e8le d&rsquo;innovation conjointe. Nos <a href=\"https:\/\/cifar.ca\/fr\/ai\/ia-et-societe\/reseaux-de-solutions-du-cifar\/\">R\u00e9seaux de solutions<\/a> soutiennent la mise au point de solutions de gouvernance de l&rsquo;IA dans les pays \u00e0 faibles et \u00e0 moyens revenus.<\/p>\t\t\t\t\t\r\n\t\t\t\t\t<h4>Stimuler les conversations mondiales sur les politiques<\/h4>\r\n\t\t\t\t\t\t<p>Gr\u00e2ce \u00e0 des partenariats avec le Centre national de la recherche scientifique (CNRS) de France et l&rsquo;UK Research and Innovation (UKRI), nous avons men\u00e9 des <a href=\"https:\/\/cifar.ca\/fr\/ai\/ia-et-societe\/ateliers-ia-et-societe\/\">discussions mondiales sur les politiques<\/a> et combl\u00e9 le foss\u00e9 entre les technologies puissantes de l&rsquo;IA et les politiques qui veilleront \u00e0 leur utilisation responsable.Dans le cadre d&rsquo;un <a href=\"https:\/\/cifar.ca\/fr\/evenements\/symposium-canado-americain-sur-l-ia-et-l-innovation-economique\/\">\u00e9v\u00e9nement conjoint<\/a> avec Innovation, Science et D\u00e9veloppement \u00e9conomique Canada et le d\u00e9partement d&rsquo;\u00c9tat am\u00e9ricain, nous avons examin\u00e9 les politiques publiques relatives aux strat\u00e9gies en mati\u00e8re d&rsquo;IA. La discussion a port\u00e9 sur la gestion des risques et la croissance \u00e9conomique transfrontali\u00e8res.<\/p>\t\t\t\t\t\r\n<h2>\r\n\t\tSoutenez-nous\r\n\t<\/h2>\r\n\t<p>L&rsquo;Institut canadien de recherches avanc\u00e9es (CIFAR) est une organisation de recherche d&rsquo;influence mondiale fi\u00e8rement bas\u00e9e au Canada. Nous mobilisons les plus brillants personnes du monde, dans toutes les disciplines et \u00e0 tous les stades de carri\u00e8re, pour faire progresser les connaissances transformatrices et r\u00e9soudre ensemble les plus grands probl\u00e8mes de l&rsquo;humanit\u00e9. Nous recevons l&rsquo;appui des gouvernements du Canada, de l&rsquo;Alberta et du Qu\u00e9bec, ainsi que de fondations, de particuliers, d&rsquo;entreprises et d&rsquo;organisations partenaires du Canada et du monde entier.<\/p>\r\n   <!-- Mandeep add class on anchor -->\r\n\t<a href=\"https:\/\/cifar.ca\/fr\/dons\/\" target=\"_self\" rel=\"noopener\">\r\n\t\t\t\t\tDons\t\t\t\t\t\t\t\r\n\t\t\t\t\t\t<\/a>\r\n\r\n","protected":false},"excerpt":{"rendered":"<p>Suivez-nous FaceBook Twitter YouTube LinkedIn Instagram R\u00c9SEAUX INTERDISCIPLINAIRES Les partenariats du CIFAR ont un impact significatif. Gr\u00e2ce \u00e0 des r\u00e9seaux \u00e9tablis de chercheurs et de [&hellip;]<\/p>\n","protected":false},"author":65,"featured_media":35679,"parent":0,"menu_order":0,"comment_status":"closed","ping_status":"closed","template":"","meta":{"_acf_changed":false,"footnotes":""},"class_list":["post-39723","page","type-page","status-publish","has-post-thumbnail","hentry"],"acf":[],"yoast_head":"<!-- This site is optimized with the Yoast SEO plugin v27.2 - https:\/\/yoast.com\/product\/yoast-seo-wordpress\/ -->\n<title>CIFAR<\/title>\n<meta name=\"robots\" content=\"index, follow, max-snippet:-1, max-image-preview:large, max-video-preview:-1\" \/>\n<link rel=\"canonical\" href=\"https:\/\/cifar.ca\/fr\/partenariats\/\" \/>\n<meta property=\"og:locale\" content=\"fr_FR\" \/>\n<meta property=\"og:type\" content=\"article\" \/>\n<meta property=\"og:title\" content=\"Partenariats - CIFAR\" \/>\n<meta property=\"og:description\" content=\"Suivez-nous FaceBook Twitter YouTube LinkedIn Instagram R\u00c9SEAUX INTERDISCIPLINAIRES Les partenariats du CIFAR ont un impact significatif. Gr\u00e2ce \u00e0 des r\u00e9seaux \u00e9tablis de chercheurs et de [&hellip;]\" \/>\n<meta property=\"og:url\" content=\"https:\/\/cifar.ca\/fr\/partenariats\/\" \/>\n<meta property=\"og:site_name\" content=\"CIFAR\" \/>\n<meta property=\"article:modified_time\" content=\"2025-12-17T11:12:29+00:00\" \/>\n<meta property=\"og:image\" content=\"https:\/\/cifar.ca\/wp-content\/uploads\/2020\/09\/iStock-1175782519.jpg\" \/>\n\t<meta property=\"og:image:width\" content=\"1024\" \/>\n\t<meta property=\"og:image:height\" content=\"683\" \/>\n\t<meta property=\"og:image:type\" content=\"image\/jpeg\" \/>\n<meta name=\"twitter:card\" content=\"summary_large_image\" \/>\n<meta name=\"twitter:label1\" content=\"Dur\u00e9e de lecture estim\u00e9e\" \/>\n\t<meta name=\"twitter:data1\" content=\"4 minutes\" \/>\n<script type=\"application\/ld+json\" class=\"yoast-schema-graph\">{\"@context\":\"https:\/\/schema.org\",\"@graph\":[{\"@type\":\"WebPage\",\"@id\":\"https:\/\/cifar.ca\/fr\/partenariats\/\",\"url\":\"https:\/\/cifar.ca\/fr\/partenariats\/\",\"name\":\"Partenariats - CIFAR\",\"isPartOf\":{\"@id\":\"https:\/\/cifar.ca\/fr\/#website\"},\"primaryImageOfPage\":{\"@id\":\"https:\/\/cifar.ca\/fr\/partenariats\/#primaryimage\"},\"image\":{\"@id\":\"https:\/\/cifar.ca\/fr\/partenariats\/#primaryimage\"},\"thumbnailUrl\":\"https:\/\/cifar.ca\/wp-content\/uploads\/2020\/09\/iStock-1175782519.jpg\",\"datePublished\":\"2020-09-08T22:10:27+00:00\",\"dateModified\":\"2025-12-17T11:12:29+00:00\",\"breadcrumb\":{\"@id\":\"https:\/\/cifar.ca\/fr\/partenariats\/#breadcrumb\"},\"inLanguage\":\"fr-FR\",\"potentialAction\":[{\"@type\":\"ReadAction\",\"target\":[\"https:\/\/cifar.ca\/fr\/partenariats\/\"]}]},{\"@type\":\"ImageObject\",\"inLanguage\":\"fr-FR\",\"@id\":\"https:\/\/cifar.ca\/fr\/partenariats\/#primaryimage\",\"url\":\"https:\/\/cifar.ca\/wp-content\/uploads\/2020\/09\/iStock-1175782519.jpg\",\"contentUrl\":\"https:\/\/cifar.ca\/wp-content\/uploads\/2020\/09\/iStock-1175782519.jpg\",\"width\":7800,\"height\":5200,\"caption\":\"3d rendering of Circles, Pattern, Backgrounds, Abstract, White background.\"},{\"@type\":\"BreadcrumbList\",\"@id\":\"https:\/\/cifar.ca\/fr\/partenariats\/#breadcrumb\",\"itemListElement\":[{\"@type\":\"ListItem\",\"position\":1,\"name\":\"Acceuil\",\"item\":\"https:\/\/cifar.ca\/fr\/\"},{\"@type\":\"ListItem\",\"position\":2,\"name\":\"Partenariats\"}]},{\"@type\":\"WebSite\",\"@id\":\"https:\/\/cifar.ca\/fr\/#website\",\"url\":\"https:\/\/cifar.ca\/fr\/\",\"name\":\"CIFAR\",\"description\":\"Convoquer des esprits extraordinaires pour r\u00e9pondre aux questions les plus importantes auxquelles la science et l'humanit\u00e9 sont confront\u00e9es.\",\"publisher\":{\"@id\":\"https:\/\/cifar.ca\/fr\/#organization\"},\"potentialAction\":[{\"@type\":\"SearchAction\",\"target\":{\"@type\":\"EntryPoint\",\"urlTemplate\":\"https:\/\/cifar.ca\/fr\/?s={search_term_string}\"},\"query-input\":{\"@type\":\"PropertyValueSpecification\",\"valueRequired\":true,\"valueName\":\"search_term_string\"}}],\"inLanguage\":\"fr-FR\"},{\"@type\":\"Organization\",\"@id\":\"https:\/\/cifar.ca\/fr\/#organization\",\"name\":\"CIFAR\",\"url\":\"https:\/\/cifar.ca\/fr\/\",\"logo\":{\"@type\":\"ImageObject\",\"inLanguage\":\"fr-FR\",\"@id\":\"https:\/\/cifar.ca\/fr\/#\/schema\/logo\/image\/\",\"url\":\"https:\/\/cifar.ca\/wp-content\/uploads\/2020\/01\/cifar-logo-rgb-colour.png\",\"contentUrl\":\"https:\/\/cifar.ca\/wp-content\/uploads\/2020\/01\/cifar-logo-rgb-colour.png\",\"width\":1884,\"height\":681,\"caption\":\"CIFAR\"},\"image\":{\"@id\":\"https:\/\/cifar.ca\/fr\/#\/schema\/logo\/image\/\"}}]}<\/script>\n<!-- \/ Yoast SEO plugin. -->","yoast_head_json":{"title":"CIFAR","robots":{"index":"index","follow":"follow","max-snippet":"max-snippet:-1","max-image-preview":"max-image-preview:large","max-video-preview":"max-video-preview:-1"},"canonical":"https:\/\/cifar.ca\/fr\/partenariats\/","og_locale":"fr_FR","og_type":"article","og_title":"Partenariats - CIFAR","og_description":"Suivez-nous FaceBook Twitter YouTube LinkedIn Instagram R\u00c9SEAUX INTERDISCIPLINAIRES Les partenariats du CIFAR ont un impact significatif. Gr\u00e2ce \u00e0 des r\u00e9seaux \u00e9tablis de chercheurs et de [&hellip;]","og_url":"https:\/\/cifar.ca\/fr\/partenariats\/","og_site_name":"CIFAR","article_modified_time":"2025-12-17T11:12:29+00:00","og_image":[{"url":"https:\/\/cifar.ca\/wp-content\/uploads\/2020\/09\/iStock-1175782519.jpg","width":1024,"height":683,"type":"image\/jpeg"}],"twitter_card":"summary_large_image","twitter_misc":{"Dur\u00e9e de lecture estim\u00e9e":"4 minutes"},"schema":{"@context":"https:\/\/schema.org","@graph":[{"@type":"WebPage","@id":"https:\/\/cifar.ca\/fr\/partenariats\/","url":"https:\/\/cifar.ca\/fr\/partenariats\/","name":"Partenariats - CIFAR","isPartOf":{"@id":"https:\/\/cifar.ca\/fr\/#website"},"primaryImageOfPage":{"@id":"https:\/\/cifar.ca\/fr\/partenariats\/#primaryimage"},"image":{"@id":"https:\/\/cifar.ca\/fr\/partenariats\/#primaryimage"},"thumbnailUrl":"https:\/\/cifar.ca\/wp-content\/uploads\/2020\/09\/iStock-1175782519.jpg","datePublished":"2020-09-08T22:10:27+00:00","dateModified":"2025-12-17T11:12:29+00:00","breadcrumb":{"@id":"https:\/\/cifar.ca\/fr\/partenariats\/#breadcrumb"},"inLanguage":"fr-FR","potentialAction":[{"@type":"ReadAction","target":["https:\/\/cifar.ca\/fr\/partenariats\/"]}]},{"@type":"ImageObject","inLanguage":"fr-FR","@id":"https:\/\/cifar.ca\/fr\/partenariats\/#primaryimage","url":"https:\/\/cifar.ca\/wp-content\/uploads\/2020\/09\/iStock-1175782519.jpg","contentUrl":"https:\/\/cifar.ca\/wp-content\/uploads\/2020\/09\/iStock-1175782519.jpg","width":7800,"height":5200,"caption":"3d rendering of Circles, Pattern, Backgrounds, Abstract, White background."},{"@type":"BreadcrumbList","@id":"https:\/\/cifar.ca\/fr\/partenariats\/#breadcrumb","itemListElement":[{"@type":"ListItem","position":1,"name":"Acceuil","item":"https:\/\/cifar.ca\/fr\/"},{"@type":"ListItem","position":2,"name":"Partenariats"}]},{"@type":"WebSite","@id":"https:\/\/cifar.ca\/fr\/#website","url":"https:\/\/cifar.ca\/fr\/","name":"CIFAR","description":"Convoquer des esprits extraordinaires pour r\u00e9pondre aux questions les plus importantes auxquelles la science et l'humanit\u00e9 sont confront\u00e9es.","publisher":{"@id":"https:\/\/cifar.ca\/fr\/#organization"},"potentialAction":[{"@type":"SearchAction","target":{"@type":"EntryPoint","urlTemplate":"https:\/\/cifar.ca\/fr\/?s={search_term_string}"},"query-input":{"@type":"PropertyValueSpecification","valueRequired":true,"valueName":"search_term_string"}}],"inLanguage":"fr-FR"},{"@type":"Organization","@id":"https:\/\/cifar.ca\/fr\/#organization","name":"CIFAR","url":"https:\/\/cifar.ca\/fr\/","logo":{"@type":"ImageObject","inLanguage":"fr-FR","@id":"https:\/\/cifar.ca\/fr\/#\/schema\/logo\/image\/","url":"https:\/\/cifar.ca\/wp-content\/uploads\/2020\/01\/cifar-logo-rgb-colour.png","contentUrl":"https:\/\/cifar.ca\/wp-content\/uploads\/2020\/01\/cifar-logo-rgb-colour.png","width":1884,"height":681,"caption":"CIFAR"},"image":{"@id":"https:\/\/cifar.ca\/fr\/#\/schema\/logo\/image\/"}}]}},"_links":{"self":[{"href":"https:\/\/cifar.ca\/fr\/wp-json\/wp\/v2\/pages\/39723","targetHints":{"allow":["GET"]}}],"collection":[{"href":"https:\/\/cifar.ca\/fr\/wp-json\/wp\/v2\/pages"}],"about":[{"href":"https:\/\/cifar.ca\/fr\/wp-json\/wp\/v2\/types\/page"}],"author":[{"embeddable":true,"href":"https:\/\/cifar.ca\/fr\/wp-json\/wp\/v2\/users\/65"}],"replies":[{"embeddable":true,"href":"https:\/\/cifar.ca\/fr\/wp-json\/wp\/v2\/comments?post=39723"}],"version-history":[{"count":0,"href":"https:\/\/cifar.ca\/fr\/wp-json\/wp\/v2\/pages\/39723\/revisions"}],"wp:featuredmedia":[{"embeddable":true,"href":"https:\/\/cifar.ca\/fr\/wp-json\/wp\/v2\/media\/35679"}],"wp:attachment":[{"href":"https:\/\/cifar.ca\/fr\/wp-json\/wp\/v2\/media?parent=39723"}],"curies":[{"name":"wp","href":"https:\/\/api.w.org\/{rel}","templated":true}]}}