{"id":39955,"date":"2018-04-27T11:44:23","date_gmt":"2018-04-27T15:44:23","guid":{"rendered":"https:\/\/cifar661.wpengine.com\/supporters\/"},"modified":"2025-12-17T06:36:56","modified_gmt":"2025-12-17T11:36:56","slug":"bienfaiteurs","status":"publish","type":"page","link":"https:\/\/cifar.ca\/fr\/bienfaiteurs\/","title":{"rendered":"Bienfaiteurs"},"content":{"rendered":"\r\n\r\n\t\t\t<h2>\r\n\t\t\tSuivez-nous\t\t<\/h2>\r\n\t\t<button class='connect square balloon white-transparent facebook left' data-url='https:\/\/www.facebook.com\/CIFAR\/' aria-haspopup=\"false\"   aria-label='Suis nous surFaceBook' data-balloon-pos='right'>\r\n\t\t\tFaceBook\r\n\t\t<\/button>\r\n\t\t<button class='connect square balloon white-transparent twitter' data-url='https:\/\/twitter.com\/nouvelles_CIFAR' aria-haspopup=\"false\"   aria-label='Suis nous surTwitter' data-balloon-pos='right'>\r\n\t\t\tTwitter\r\n\t\t<\/button>\r\n\t\t<button class='connect square balloon white-transparent youtube left' data-url='https:\/\/www.youtube.com\/channel\/UCZj1nnTIiutUjEg-22e8UTA' aria-haspopup=\"false\"   aria-label='Suis nous surYouTube' data-balloon-pos='right'>\r\n\t\t\tYouTube\r\n\t\t<\/button>\r\n\t\t<button class='connect square balloon white-transparent linkedin' data-url='https:\/\/ca.linkedin.com\/company\/canadian-institute-for-advanced-research' aria-haspopup=\"false\"   aria-label='Suis nous surLinkedIn' data-balloon-pos='right'>\r\n\t\t\tLinkedIn\r\n\t\t<\/button>\r\n\t\t<button class='connect square balloon white-transparent instagram left' data-url='https:\/\/www.instagram.com\/cifar.ca_fr\/' aria-haspopup=\"false\"   aria-label='Suis nous surInstagram' data-balloon-pos='right'>\r\n\t\t\tInstagram\r\n\t\t<\/button>\r\n<h1>\r\n\t\t\tCommunaut\u00e9 bienfaitrice du CIFAR\t<\/h1>\r\n\t\t\t\t<img loading=\"lazy\" decoding=\"async\" src=\"https:\/\/cifar.ca\/wp-content\/uploads\/2020\/09\/lines-for-web-2.0-small-01.png\" alt=\"smaller line_two\" itemprop=\"image\" height=\"34\" width=\"34\" title=\"lines for web 2.0 small -01\" onerror=\"this.style.display='none'\"  \/>\t\t\t\t\t\r\n\t\r\n<h3>Nous remercions chaleureusement notre communaut\u00e9 donatrice de sa g\u00e9n\u00e9rosit\u00e9 et de son engagement \u00e0 l&rsquo;\u00e9gard de notre mission. Gr\u00e2ce \u00e0 ce soutien, le CIFAR peut se pencher sur les questions les plus urgentes auxquelles sont confront\u00e9es la science et l&rsquo;humanit\u00e9.<\/h3>\r\n\t\t\t\t<img loading=\"lazy\" decoding=\"async\" src=\"https:\/\/cifar.ca\/wp-content\/uploads\/2020\/09\/lines-for-web-2.0-small-01.png\" alt=\"smaller line_two\" itemprop=\"image\" height=\"34\" width=\"34\" title=\"lines for web 2.0 small -01\" onerror=\"this.style.display='none'\"  \/>\t\t\t\t\t\r\n\t<h2>DONS CUMULATIFS<\/h2>\r\n<h3>Nous sommes fiers de c\u00e9l\u00e9brer la g\u00e9n\u00e9rosit\u00e9 exceptionnelle des entit\u00e9s donatrices dont les dons cumulatifs ont contribu\u00e9 \u00e0 d\u00e9finir l&rsquo;histoire du CIFAR. Les dons cumulatifs* de cette communaut\u00e9 donatrice t\u00e9moignent d&rsquo;un engagement et d&rsquo;une volont\u00e9 remarquables de b\u00e2tir un avenir meilleur pour tout le monde.<\/h3>\r\n\t<h4>Cercle des bienfaiteurs<\/h4>\r\n\t<h4>20 000 0000 $ ET PLUS<\/h4>\r\n\t<p>Fondation Azrieli<\/p>\r\n\t<h4>10 000 0000 $ &#8211; 19 999 999 $<\/h4>\r\n\t<p>Fondation Brain Canada <\/p>\r\n\t<p>Fondation RBC<\/p>\r\n\t<p>Anonyme (1)<\/p>\r\n\t<h4>5\u2009000\u2009000 $ &#8211; 9\u2009999\u2009999 $<\/h4>\r\n\t<p>MacMillan Family Foundation<\/p>\r\n\t<h4>2 500 000 $ &#8211; 4 999 999 $<\/h4>\r\n\t<p>BMO Financial Group<\/p>\r\n<p>Richard &#038; Donna Ivey<\/p>\r\n<p>Ivey Foundation<\/p>\r\n<p>Lawson Foundation<\/p>\r\n\t<p>Manulife Financial<\/p>\r\n<p>Meta Platforms, Inc.<\/p>\r\n<p>Michael and Sonja Koerner Charitable Foundation<\/p>\r\n\t<p>Bruce H. Mitchell<\/p>\r\n<p>Power Corporation du Canada<\/p>\r\n<p>Fondation R. Howard Webster <\/p>\r\n\t<h4>1 000 000 $ &#8211; 2 499 999 $<\/h4>\r\n\t<p>Alfred P. Sloan Foundation <\/p>\r\n<p>Arthur J.E. Child Foundation<\/p>\r\n<p>Canada Life<\/p>\r\n<p>CIBC<\/p>\r\n<p>CP<\/p>\r\n<p>General Motors<\/p>\r\n<p>The George Cedric Metcalf Charitable Foundation <\/p>\r\n<p>Glencore<\/p>\r\n\t<p>Google.org<\/p>\r\n<p>Rosamond Ivey<\/p>\r\n<p>The Henry White Kinnear Foundation<\/p>\r\n<p>J.W. McConnell Family Foundation<\/p>\r\n<p>The Joseph Lebovic Charitable Foundation<\/p>\r\n<p>The Larry and Judy Tanenbaum Family Foundation<\/p>\r\n<p>Magna International Inc.<\/p>\r\n<p>Max Bell Foundation<\/p>\r\n<p>Margaret &amp; Wallace McCain<\/p>\r\n\t<p>MDA Inc.<\/p>\r\n<p>Fondation Molson<\/p>\r\n<p>Gilles &amp; Julia Ouellette<\/p>\r\n<p>The Ralph M. Barford Foundation<\/p>\r\n<p>Scotiabank<\/p>\r\n<p>TD Bank Group<\/p>\r\n<p>Templeton World Charity Foundation, Inc.<\/p>\r\n<p>Fondation Familiale Trottier<\/p>\r\n<p>Vale Canada Limited<\/p>\r\n\t<p><i>*Refl\u00e8te les dons jusqu&rsquo;au 31 mars 2025.<\/i><\/p>\r\n\t<h4>Fraser Mustard Legacy Society<\/h4>\r\n\t<h5><strong>Nous sommes profond\u00e9ment reconnaissants aux personnes g\u00e9n\u00e9reuses qui ont inscrit le CIFAR dans leur h\u00e9ritage par voie de legs significatif.<\/strong><\/h5>\r\n\t<p>Lesley Evans\u00a0\u00a0<\/p>\r\n\t<p>Elizabeth Gerrits \u00a0 <\/p>\r\n\t<p>Richard Ivey<\/p>\r\n\t<p>Lawrence Tanenbaum<\/p>\r\n\t<p>Pour savoir comment accro\u00eetre votre impact ou pour toute question, veuillez communiquer avec jennifer.marczak@cifar.ca, Gestionnaire, Relations avec les donateurs.<\/p>\r\n<h2>\r\n\t\t\tSoutenez-nous\t<\/h2>\r\n\t<p>L&rsquo;Institut canadien de recherches avanc\u00e9es (CIFAR) est une organisation de recherche d&rsquo;influence mondiale fi\u00e8rement bas\u00e9e au Canada. Nous mobilisons les plus brillants personnes du monde, dans toutes les disciplines et \u00e0 tous les stades de carri\u00e8re, pour faire progresser les connaissances transformatrices et r\u00e9soudre ensemble les plus grands probl\u00e8mes de l&rsquo;humanit\u00e9. Nous recevons l&rsquo;appui des gouvernements du Canada, de l&rsquo;Alberta et du Qu\u00e9bec, ainsi que de fondations, de particuliers, d&rsquo;entreprises et d&rsquo;organisations partenaires du Canada et du monde entier.<\/p>\r\n   <!-- Mandeep add class on anchor -->\r\n\t<a href=\"https:\/\/cifar.ca\/fr\/dons\/\" target=\"_self\">\r\n\t\t\t\t\tDons\t\t\t\t\t\t\t\r\n\t\t\t\t\t\t<\/a>\r\n\r\n","protected":false},"excerpt":{"rendered":"<p>Suivez-nous FaceBook Twitter YouTube LinkedIn Instagram Communaut\u00e9 bienfaitrice du CIFAR Nous remercions chaleureusement notre communaut\u00e9 donatrice de sa g\u00e9n\u00e9rosit\u00e9 et de son engagement \u00e0 l&rsquo;\u00e9gard [&hellip;]<\/p>\n","protected":false},"author":65,"featured_media":36902,"parent":0,"menu_order":0,"comment_status":"closed","ping_status":"closed","template":"","meta":{"_acf_changed":false,"footnotes":""},"class_list":["post-39955","page","type-page","status-publish","has-post-thumbnail","hentry"],"acf":[],"yoast_head":"<!-- This site is optimized with the Yoast SEO plugin v27.2 - https:\/\/yoast.com\/product\/yoast-seo-wordpress\/ -->\n<title>CIFAR<\/title>\n<meta name=\"robots\" content=\"index, follow, max-snippet:-1, max-image-preview:large, max-video-preview:-1\" \/>\n<link rel=\"canonical\" href=\"https:\/\/cifar.ca\/fr\/bienfaiteurs\/\" \/>\n<meta property=\"og:locale\" content=\"fr_FR\" \/>\n<meta property=\"og:type\" content=\"article\" \/>\n<meta property=\"og:title\" content=\"Bienfaiteurs - CIFAR\" \/>\n<meta property=\"og:description\" content=\"Suivez-nous FaceBook Twitter YouTube LinkedIn Instagram Communaut\u00e9 bienfaitrice du CIFAR Nous remercions chaleureusement notre communaut\u00e9 donatrice de sa g\u00e9n\u00e9rosit\u00e9 et de son engagement \u00e0 l&rsquo;\u00e9gard [&hellip;]\" \/>\n<meta property=\"og:url\" content=\"https:\/\/cifar.ca\/fr\/bienfaiteurs\/\" \/>\n<meta property=\"og:site_name\" content=\"CIFAR\" \/>\n<meta property=\"article:modified_time\" content=\"2025-12-17T11:36:56+00:00\" \/>\n<meta property=\"og:image\" content=\"https:\/\/cifar.ca\/wp-content\/uploads\/2020\/10\/red-2.2-09.png\" \/>\n\t<meta property=\"og:image:width\" content=\"2501\" \/>\n\t<meta property=\"og:image:height\" content=\"842\" \/>\n\t<meta property=\"og:image:type\" content=\"image\/png\" \/>\n<meta name=\"twitter:card\" content=\"summary_large_image\" \/>\n<meta name=\"twitter:label1\" content=\"Dur\u00e9e de lecture estim\u00e9e\" \/>\n\t<meta name=\"twitter:data1\" content=\"3 minutes\" \/>\n<script type=\"application\/ld+json\" class=\"yoast-schema-graph\">{\"@context\":\"https:\/\/schema.org\",\"@graph\":[{\"@type\":\"WebPage\",\"@id\":\"https:\/\/cifar.ca\/fr\/bienfaiteurs\/\",\"url\":\"https:\/\/cifar.ca\/fr\/bienfaiteurs\/\",\"name\":\"Bienfaiteurs - CIFAR\",\"isPartOf\":{\"@id\":\"https:\/\/cifar.ca\/fr\/#website\"},\"primaryImageOfPage\":{\"@id\":\"https:\/\/cifar.ca\/fr\/bienfaiteurs\/#primaryimage\"},\"image\":{\"@id\":\"https:\/\/cifar.ca\/fr\/bienfaiteurs\/#primaryimage\"},\"thumbnailUrl\":\"https:\/\/cifar.ca\/wp-content\/uploads\/2020\/10\/red-2.2-09.png\",\"datePublished\":\"2018-04-27T15:44:23+00:00\",\"dateModified\":\"2025-12-17T11:36:56+00:00\",\"breadcrumb\":{\"@id\":\"https:\/\/cifar.ca\/fr\/bienfaiteurs\/#breadcrumb\"},\"inLanguage\":\"fr-FR\",\"potentialAction\":[{\"@type\":\"ReadAction\",\"target\":[\"https:\/\/cifar.ca\/fr\/bienfaiteurs\/\"]}]},{\"@type\":\"ImageObject\",\"inLanguage\":\"fr-FR\",\"@id\":\"https:\/\/cifar.ca\/fr\/bienfaiteurs\/#primaryimage\",\"url\":\"https:\/\/cifar.ca\/wp-content\/uploads\/2020\/10\/red-2.2-09.png\",\"contentUrl\":\"https:\/\/cifar.ca\/wp-content\/uploads\/2020\/10\/red-2.2-09.png\",\"width\":2501,\"height\":842},{\"@type\":\"BreadcrumbList\",\"@id\":\"https:\/\/cifar.ca\/fr\/bienfaiteurs\/#breadcrumb\",\"itemListElement\":[{\"@type\":\"ListItem\",\"position\":1,\"name\":\"Acceuil\",\"item\":\"https:\/\/cifar.ca\/fr\/\"},{\"@type\":\"ListItem\",\"position\":2,\"name\":\"Bienfaiteurs\"}]},{\"@type\":\"WebSite\",\"@id\":\"https:\/\/cifar.ca\/fr\/#website\",\"url\":\"https:\/\/cifar.ca\/fr\/\",\"name\":\"CIFAR\",\"description\":\"Convoquer des esprits extraordinaires pour r\u00e9pondre aux questions les plus importantes auxquelles la science et l'humanit\u00e9 sont confront\u00e9es.\",\"publisher\":{\"@id\":\"https:\/\/cifar.ca\/fr\/#organization\"},\"potentialAction\":[{\"@type\":\"SearchAction\",\"target\":{\"@type\":\"EntryPoint\",\"urlTemplate\":\"https:\/\/cifar.ca\/fr\/?s={search_term_string}\"},\"query-input\":{\"@type\":\"PropertyValueSpecification\",\"valueRequired\":true,\"valueName\":\"search_term_string\"}}],\"inLanguage\":\"fr-FR\"},{\"@type\":\"Organization\",\"@id\":\"https:\/\/cifar.ca\/fr\/#organization\",\"name\":\"CIFAR\",\"url\":\"https:\/\/cifar.ca\/fr\/\",\"logo\":{\"@type\":\"ImageObject\",\"inLanguage\":\"fr-FR\",\"@id\":\"https:\/\/cifar.ca\/fr\/#\/schema\/logo\/image\/\",\"url\":\"https:\/\/cifar.ca\/wp-content\/uploads\/2020\/01\/cifar-logo-rgb-colour.png\",\"contentUrl\":\"https:\/\/cifar.ca\/wp-content\/uploads\/2020\/01\/cifar-logo-rgb-colour.png\",\"width\":1884,\"height\":681,\"caption\":\"CIFAR\"},\"image\":{\"@id\":\"https:\/\/cifar.ca\/fr\/#\/schema\/logo\/image\/\"}}]}<\/script>\n<!-- \/ Yoast SEO plugin. -->","yoast_head_json":{"title":"CIFAR","robots":{"index":"index","follow":"follow","max-snippet":"max-snippet:-1","max-image-preview":"max-image-preview:large","max-video-preview":"max-video-preview:-1"},"canonical":"https:\/\/cifar.ca\/fr\/bienfaiteurs\/","og_locale":"fr_FR","og_type":"article","og_title":"Bienfaiteurs - CIFAR","og_description":"Suivez-nous FaceBook Twitter YouTube LinkedIn Instagram Communaut\u00e9 bienfaitrice du CIFAR Nous remercions chaleureusement notre communaut\u00e9 donatrice de sa g\u00e9n\u00e9rosit\u00e9 et de son engagement \u00e0 l&rsquo;\u00e9gard [&hellip;]","og_url":"https:\/\/cifar.ca\/fr\/bienfaiteurs\/","og_site_name":"CIFAR","article_modified_time":"2025-12-17T11:36:56+00:00","og_image":[{"width":2501,"height":842,"url":"https:\/\/cifar.ca\/wp-content\/uploads\/2020\/10\/red-2.2-09.png","type":"image\/png"}],"twitter_card":"summary_large_image","twitter_misc":{"Dur\u00e9e de lecture estim\u00e9e":"3 minutes"},"schema":{"@context":"https:\/\/schema.org","@graph":[{"@type":"WebPage","@id":"https:\/\/cifar.ca\/fr\/bienfaiteurs\/","url":"https:\/\/cifar.ca\/fr\/bienfaiteurs\/","name":"Bienfaiteurs - CIFAR","isPartOf":{"@id":"https:\/\/cifar.ca\/fr\/#website"},"primaryImageOfPage":{"@id":"https:\/\/cifar.ca\/fr\/bienfaiteurs\/#primaryimage"},"image":{"@id":"https:\/\/cifar.ca\/fr\/bienfaiteurs\/#primaryimage"},"thumbnailUrl":"https:\/\/cifar.ca\/wp-content\/uploads\/2020\/10\/red-2.2-09.png","datePublished":"2018-04-27T15:44:23+00:00","dateModified":"2025-12-17T11:36:56+00:00","breadcrumb":{"@id":"https:\/\/cifar.ca\/fr\/bienfaiteurs\/#breadcrumb"},"inLanguage":"fr-FR","potentialAction":[{"@type":"ReadAction","target":["https:\/\/cifar.ca\/fr\/bienfaiteurs\/"]}]},{"@type":"ImageObject","inLanguage":"fr-FR","@id":"https:\/\/cifar.ca\/fr\/bienfaiteurs\/#primaryimage","url":"https:\/\/cifar.ca\/wp-content\/uploads\/2020\/10\/red-2.2-09.png","contentUrl":"https:\/\/cifar.ca\/wp-content\/uploads\/2020\/10\/red-2.2-09.png","width":2501,"height":842},{"@type":"BreadcrumbList","@id":"https:\/\/cifar.ca\/fr\/bienfaiteurs\/#breadcrumb","itemListElement":[{"@type":"ListItem","position":1,"name":"Acceuil","item":"https:\/\/cifar.ca\/fr\/"},{"@type":"ListItem","position":2,"name":"Bienfaiteurs"}]},{"@type":"WebSite","@id":"https:\/\/cifar.ca\/fr\/#website","url":"https:\/\/cifar.ca\/fr\/","name":"CIFAR","description":"Convoquer des esprits extraordinaires pour r\u00e9pondre aux questions les plus importantes auxquelles la science et l'humanit\u00e9 sont confront\u00e9es.","publisher":{"@id":"https:\/\/cifar.ca\/fr\/#organization"},"potentialAction":[{"@type":"SearchAction","target":{"@type":"EntryPoint","urlTemplate":"https:\/\/cifar.ca\/fr\/?s={search_term_string}"},"query-input":{"@type":"PropertyValueSpecification","valueRequired":true,"valueName":"search_term_string"}}],"inLanguage":"fr-FR"},{"@type":"Organization","@id":"https:\/\/cifar.ca\/fr\/#organization","name":"CIFAR","url":"https:\/\/cifar.ca\/fr\/","logo":{"@type":"ImageObject","inLanguage":"fr-FR","@id":"https:\/\/cifar.ca\/fr\/#\/schema\/logo\/image\/","url":"https:\/\/cifar.ca\/wp-content\/uploads\/2020\/01\/cifar-logo-rgb-colour.png","contentUrl":"https:\/\/cifar.ca\/wp-content\/uploads\/2020\/01\/cifar-logo-rgb-colour.png","width":1884,"height":681,"caption":"CIFAR"},"image":{"@id":"https:\/\/cifar.ca\/fr\/#\/schema\/logo\/image\/"}}]}},"_links":{"self":[{"href":"https:\/\/cifar.ca\/fr\/wp-json\/wp\/v2\/pages\/39955","targetHints":{"allow":["GET"]}}],"collection":[{"href":"https:\/\/cifar.ca\/fr\/wp-json\/wp\/v2\/pages"}],"about":[{"href":"https:\/\/cifar.ca\/fr\/wp-json\/wp\/v2\/types\/page"}],"author":[{"embeddable":true,"href":"https:\/\/cifar.ca\/fr\/wp-json\/wp\/v2\/users\/65"}],"replies":[{"embeddable":true,"href":"https:\/\/cifar.ca\/fr\/wp-json\/wp\/v2\/comments?post=39955"}],"version-history":[{"count":0,"href":"https:\/\/cifar.ca\/fr\/wp-json\/wp\/v2\/pages\/39955\/revisions"}],"wp:featuredmedia":[{"embeddable":true,"href":"https:\/\/cifar.ca\/fr\/wp-json\/wp\/v2\/media\/36902"}],"wp:attachment":[{"href":"https:\/\/cifar.ca\/fr\/wp-json\/wp\/v2\/media?parent=39955"}],"curies":[{"name":"wp","href":"https:\/\/api.w.org\/{rel}","templated":true}]}}