{"id":39972,"date":"2020-07-17T14:14:12","date_gmt":"2020-07-17T18:14:12","guid":{"rendered":"https:\/\/cifar661.wpengine.com\/measures-de-lutte-centre-la-covid-19\/manulife-cifar-population-health-well-being-grant-program\/"},"modified":"2025-12-17T06:44:16","modified_gmt":"2025-12-17T11:44:16","slug":"programme-de-subventions-en-sante-des-populations-et-en-bien-etre-manuvie-cifar","status":"publish","type":"page","link":"https:\/\/cifar.ca\/fr\/mesures-de-lutte-contre-la-covid-19\/programme-de-subventions-en-sante-des-populations-et-en-bien-etre-manuvie-cifar\/","title":{"rendered":"Programme de subventions en sant\u00e9 des populations et en bien-\u00eatre Manuvie-CIFAR"},"content":{"rendered":"\r\n\r\n\t\t\t<h2>\r\n\t\t\tSuivez-nous\t\t<\/h2>\r\n\t\t<button class='connect square balloon white-transparent facebook left' data-url='https:\/\/www.facebook.com\/CIFAR\/' aria-haspopup=\"false\"   aria-label='Suis nous surFaceBook' data-balloon-pos='right'>\r\n\t\t\tFaceBook\r\n\t\t<\/button>\r\n\t\t<button class='connect square balloon white-transparent twitter' data-url='https:\/\/twitter.com\/nouvelles_CIFAR' aria-haspopup=\"false\"   aria-label='Suis nous surTwitter' data-balloon-pos='right'>\r\n\t\t\tTwitter\r\n\t\t<\/button>\r\n\t\t<button class='connect square balloon white-transparent youtube left' data-url='https:\/\/www.youtube.com\/channel\/UCZj1nnTIiutUjEg-22e8UTA' aria-haspopup=\"false\"   aria-label='Suis nous surYouTube' data-balloon-pos='right'>\r\n\t\t\tYouTube\r\n\t\t<\/button>\r\n\t\t<button class='connect square balloon white-transparent linkedin' data-url='https:\/\/ca.linkedin.com\/company\/canadian-institute-for-advanced-research' aria-haspopup=\"false\"   aria-label='Suis nous surLinkedIn' data-balloon-pos='right'>\r\n\t\t\tLinkedIn\r\n\t\t<\/button>\r\n\t\t<button class='connect square balloon white-transparent instagram left' data-url='https:\/\/www.instagram.com\/cifar.ca_fr\/' aria-haspopup=\"false\"   aria-label='Suis nous surInstagram' data-balloon-pos='right'>\r\n\t\t\tInstagram\r\n\t\t<\/button>\r\n\r\n\t\t\t\t<img loading=\"lazy\" decoding=\"async\" src=\"https:\/\/cifar.ca\/wp-content\/uploads\/2020\/09\/lines-for-web-2.0-small-01.png\" alt=\"smaller line_two\" itemprop=\"image\" height=\"34\" width=\"34\" title=\"lines for web 2.0 small -01\" onerror=\"this.style.display='none'\"  \/>\t\t\t\t\t\r\n\t<h2 dir=\"ltr\">SANT\u00c9 DES POPULATIONS<\/h2>\r\n<strong>Pour comprendre toutes les r\u00e9percussions de<br \/>\r\nla pand\u00e9mie, la recherche interdisciplinaire est essentielle.<\/strong>\r\nEn mai 2020, le CIFAR a lanc\u00e9 un appel cibl\u00e9 \u00e0 propositions de collaborations de recherche interdisciplinaires sur la sant\u00e9 publique et la sant\u00e9 des populations li\u00e9es \u00e0 la COVID-19 en vue de susciter des id\u00e9es et des projets novateurs, audacieux et \u00e0 fort impact.\r\n<br \/>\r\nCes subventions visent \u00e0 encourager les collaborations interdisciplinaires qui repoussent les fronti\u00e8res de la recherche ou qui abordent de nouveaux th\u00e8mes issus des programmes de recherche du CIFAR appliqu\u00e9s \u00e0 la COVID-19. Les fonds visent \u00e0 soutenir des projets de recherche entre des membres de programmes du CIFAR afin d&rsquo;\u00e9tudier divers aspects sociaux, comportementaux et de sant\u00e9 publique associ\u00e9s \u00e0 la COVID-19.\r\n<br \/>\r\nLes six projets retenus ont \u00e9t\u00e9 annonc\u00e9s en juillet\u00a02020.\r\n   <!-- Mandeep add class on anchor -->\r\n\t<a href=\"https:\/\/cifar.ca\/fr\/cifarnews\/2020\/07\/28\/manuvie-et-le-cifar-financent-six-nouveaux-projets-de-recherche-sur-la-covid-19-et-la-sante-des-populations\/\" target=\"_self\" rel=\"noopener\">\r\n\t\t\t\tEN SAVOIR PLUS\r\n\t\t\t<\/a>\r\n\t\t\t\t<img loading=\"lazy\" decoding=\"async\" src=\"https:\/\/cifar.ca\/wp-content\/uploads\/2020\/07\/manulife-and-cifar-logo-lockup-eng-3-ai-01.png\" alt=\"manulife cifar logo\" itemprop=\"image\" height=\"52\" width=\"332\" title=\"manulife-and-cifar-logo-lockup-eng-3-ai--01\" onerror=\"this.style.display='none'\"  \/>\t\t\t\t\t\r\n<h2>\r\n\t\tSoutenez-nous\r\n\t<\/h2>\r\n\t<p>L&rsquo;Institut canadien de recherches avanc\u00e9es (CIFAR) est une organisation de recherche d&rsquo;influence mondiale fi\u00e8rement bas\u00e9e au Canada. Nous mobilisons les plus brillants personnes du monde, dans toutes les disciplines et \u00e0 tous les stades de carri\u00e8re, pour faire progresser les connaissances transformatrices et r\u00e9soudre ensemble les plus grands probl\u00e8mes de l&rsquo;humanit\u00e9. Nous recevons l&rsquo;appui des gouvernements du Canada, de l&rsquo;Alberta et du Qu\u00e9bec, ainsi que de fondations, de particuliers, d&rsquo;entreprises et d&rsquo;organisations partenaires du Canada et du monde entier.<\/p>\r\n   <!-- Mandeep add class on anchor -->\r\n\t<a href=\"https:\/\/cifar.ca\/fr\/dons\/\" target=\"_self\" rel=\"noopener\">\r\n\t\t\t\t\tDons\t\t\t\t\t\t\t\r\n\t\t\t\t\t\t<\/a>\r\n\r\n","protected":false},"excerpt":{"rendered":"<p>Research projects on the social, behavioural, and public health-related aspects of COVID-19.<\/p>\n","protected":false},"author":65,"featured_media":33990,"parent":39674,"menu_order":0,"comment_status":"closed","ping_status":"closed","template":"","meta":{"_acf_changed":false,"footnotes":""},"class_list":["post-39972","page","type-page","status-publish","has-post-thumbnail","hentry"],"acf":[],"yoast_head":"<!-- This site is optimized with the Yoast SEO plugin v27.2 - https:\/\/yoast.com\/product\/yoast-seo-wordpress\/ -->\n<title>CIFAR<\/title>\n<meta name=\"robots\" content=\"index, follow, max-snippet:-1, max-image-preview:large, max-video-preview:-1\" \/>\n<link rel=\"canonical\" href=\"https:\/\/cifar.ca\/fr\/mesures-de-lutte-contre-la-covid-19\/programme-de-subventions-en-sante-des-populations-et-en-bien-etre-manuvie-cifar\/\" \/>\n<meta property=\"og:locale\" content=\"fr_FR\" \/>\n<meta property=\"og:type\" content=\"article\" \/>\n<meta property=\"og:title\" content=\"Programme de subventions en sant\u00e9 des populations et en bien-\u00eatre Manuvie-CIFAR - CIFAR\" \/>\n<meta property=\"og:description\" content=\"Research projects on the social, behavioural, and public health-related aspects of COVID-19.\" \/>\n<meta property=\"og:url\" content=\"https:\/\/cifar.ca\/fr\/mesures-de-lutte-contre-la-covid-19\/programme-de-subventions-en-sante-des-populations-et-en-bien-etre-manuvie-cifar\/\" \/>\n<meta property=\"og:site_name\" content=\"CIFAR\" \/>\n<meta property=\"article:modified_time\" content=\"2025-12-17T11:44:16+00:00\" \/>\n<meta property=\"og:image\" content=\"https:\/\/cifar.ca\/wp-content\/uploads\/2020\/07\/manulife-1200-x-2400.jpg\" \/>\n\t<meta property=\"og:image:width\" content=\"2400\" \/>\n\t<meta property=\"og:image:height\" content=\"1200\" \/>\n\t<meta property=\"og:image:type\" content=\"image\/jpeg\" \/>\n<meta name=\"twitter:card\" content=\"summary_large_image\" \/>\n<meta name=\"twitter:label1\" content=\"Dur\u00e9e de lecture estim\u00e9e\" \/>\n\t<meta name=\"twitter:data1\" content=\"2 minutes\" \/>\n<script type=\"application\/ld+json\" class=\"yoast-schema-graph\">{\"@context\":\"https:\/\/schema.org\",\"@graph\":[{\"@type\":\"WebPage\",\"@id\":\"https:\/\/cifar.ca\/fr\/mesures-de-lutte-contre-la-covid-19\/programme-de-subventions-en-sante-des-populations-et-en-bien-etre-manuvie-cifar\/\",\"url\":\"https:\/\/cifar.ca\/fr\/mesures-de-lutte-contre-la-covid-19\/programme-de-subventions-en-sante-des-populations-et-en-bien-etre-manuvie-cifar\/\",\"name\":\"Programme de subventions en sant\u00e9 des populations et en bien-\u00eatre Manuvie-CIFAR - CIFAR\",\"isPartOf\":{\"@id\":\"https:\/\/cifar.ca\/fr\/#website\"},\"primaryImageOfPage\":{\"@id\":\"https:\/\/cifar.ca\/fr\/mesures-de-lutte-contre-la-covid-19\/programme-de-subventions-en-sante-des-populations-et-en-bien-etre-manuvie-cifar\/#primaryimage\"},\"image\":{\"@id\":\"https:\/\/cifar.ca\/fr\/mesures-de-lutte-contre-la-covid-19\/programme-de-subventions-en-sante-des-populations-et-en-bien-etre-manuvie-cifar\/#primaryimage\"},\"thumbnailUrl\":\"https:\/\/cifar.ca\/wp-content\/uploads\/2020\/07\/manulife-1200-x-2400.jpg\",\"datePublished\":\"2020-07-17T18:14:12+00:00\",\"dateModified\":\"2025-12-17T11:44:16+00:00\",\"breadcrumb\":{\"@id\":\"https:\/\/cifar.ca\/fr\/mesures-de-lutte-contre-la-covid-19\/programme-de-subventions-en-sante-des-populations-et-en-bien-etre-manuvie-cifar\/#breadcrumb\"},\"inLanguage\":\"fr-FR\",\"potentialAction\":[{\"@type\":\"ReadAction\",\"target\":[\"https:\/\/cifar.ca\/fr\/mesures-de-lutte-contre-la-covid-19\/programme-de-subventions-en-sante-des-populations-et-en-bien-etre-manuvie-cifar\/\"]}]},{\"@type\":\"ImageObject\",\"inLanguage\":\"fr-FR\",\"@id\":\"https:\/\/cifar.ca\/fr\/mesures-de-lutte-contre-la-covid-19\/programme-de-subventions-en-sante-des-populations-et-en-bien-etre-manuvie-cifar\/#primaryimage\",\"url\":\"https:\/\/cifar.ca\/wp-content\/uploads\/2020\/07\/manulife-1200-x-2400.jpg\",\"contentUrl\":\"https:\/\/cifar.ca\/wp-content\/uploads\/2020\/07\/manulife-1200-x-2400.jpg\",\"width\":2400,\"height\":1200,\"caption\":\"illustration of diverse people with masks\"},{\"@type\":\"BreadcrumbList\",\"@id\":\"https:\/\/cifar.ca\/fr\/mesures-de-lutte-contre-la-covid-19\/programme-de-subventions-en-sante-des-populations-et-en-bien-etre-manuvie-cifar\/#breadcrumb\",\"itemListElement\":[{\"@type\":\"ListItem\",\"position\":1,\"name\":\"Acceuil\",\"item\":\"https:\/\/cifar.ca\/fr\/\"},{\"@type\":\"ListItem\",\"position\":2,\"name\":\"Mesures de lutte contre la COVID-19\",\"item\":\"https:\/\/cifar.ca\/fr\/mesures-de-lutte-contre-la-covid-19\/\"},{\"@type\":\"ListItem\",\"position\":3,\"name\":\"Programme de subventions en sant\u00e9 des populations et en bien-\u00eatre Manuvie-CIFAR\"}]},{\"@type\":\"WebSite\",\"@id\":\"https:\/\/cifar.ca\/fr\/#website\",\"url\":\"https:\/\/cifar.ca\/fr\/\",\"name\":\"CIFAR\",\"description\":\"Convoquer des esprits extraordinaires pour r\u00e9pondre aux questions les plus importantes auxquelles la science et l'humanit\u00e9 sont confront\u00e9es.\",\"publisher\":{\"@id\":\"https:\/\/cifar.ca\/fr\/#organization\"},\"potentialAction\":[{\"@type\":\"SearchAction\",\"target\":{\"@type\":\"EntryPoint\",\"urlTemplate\":\"https:\/\/cifar.ca\/fr\/?s={search_term_string}\"},\"query-input\":{\"@type\":\"PropertyValueSpecification\",\"valueRequired\":true,\"valueName\":\"search_term_string\"}}],\"inLanguage\":\"fr-FR\"},{\"@type\":\"Organization\",\"@id\":\"https:\/\/cifar.ca\/fr\/#organization\",\"name\":\"CIFAR\",\"url\":\"https:\/\/cifar.ca\/fr\/\",\"logo\":{\"@type\":\"ImageObject\",\"inLanguage\":\"fr-FR\",\"@id\":\"https:\/\/cifar.ca\/fr\/#\/schema\/logo\/image\/\",\"url\":\"https:\/\/cifar.ca\/wp-content\/uploads\/2020\/01\/cifar-logo-rgb-colour.png\",\"contentUrl\":\"https:\/\/cifar.ca\/wp-content\/uploads\/2020\/01\/cifar-logo-rgb-colour.png\",\"width\":1884,\"height\":681,\"caption\":\"CIFAR\"},\"image\":{\"@id\":\"https:\/\/cifar.ca\/fr\/#\/schema\/logo\/image\/\"}}]}<\/script>\n<!-- \/ Yoast SEO plugin. -->","yoast_head_json":{"title":"CIFAR","robots":{"index":"index","follow":"follow","max-snippet":"max-snippet:-1","max-image-preview":"max-image-preview:large","max-video-preview":"max-video-preview:-1"},"canonical":"https:\/\/cifar.ca\/fr\/mesures-de-lutte-contre-la-covid-19\/programme-de-subventions-en-sante-des-populations-et-en-bien-etre-manuvie-cifar\/","og_locale":"fr_FR","og_type":"article","og_title":"Programme de subventions en sant\u00e9 des populations et en bien-\u00eatre Manuvie-CIFAR - CIFAR","og_description":"Research projects on the social, behavioural, and public health-related aspects of COVID-19.","og_url":"https:\/\/cifar.ca\/fr\/mesures-de-lutte-contre-la-covid-19\/programme-de-subventions-en-sante-des-populations-et-en-bien-etre-manuvie-cifar\/","og_site_name":"CIFAR","article_modified_time":"2025-12-17T11:44:16+00:00","og_image":[{"width":2400,"height":1200,"url":"https:\/\/cifar.ca\/wp-content\/uploads\/2020\/07\/manulife-1200-x-2400.jpg","type":"image\/jpeg"}],"twitter_card":"summary_large_image","twitter_misc":{"Dur\u00e9e de lecture estim\u00e9e":"2 minutes"},"schema":{"@context":"https:\/\/schema.org","@graph":[{"@type":"WebPage","@id":"https:\/\/cifar.ca\/fr\/mesures-de-lutte-contre-la-covid-19\/programme-de-subventions-en-sante-des-populations-et-en-bien-etre-manuvie-cifar\/","url":"https:\/\/cifar.ca\/fr\/mesures-de-lutte-contre-la-covid-19\/programme-de-subventions-en-sante-des-populations-et-en-bien-etre-manuvie-cifar\/","name":"Programme de subventions en sant\u00e9 des populations et en bien-\u00eatre Manuvie-CIFAR - CIFAR","isPartOf":{"@id":"https:\/\/cifar.ca\/fr\/#website"},"primaryImageOfPage":{"@id":"https:\/\/cifar.ca\/fr\/mesures-de-lutte-contre-la-covid-19\/programme-de-subventions-en-sante-des-populations-et-en-bien-etre-manuvie-cifar\/#primaryimage"},"image":{"@id":"https:\/\/cifar.ca\/fr\/mesures-de-lutte-contre-la-covid-19\/programme-de-subventions-en-sante-des-populations-et-en-bien-etre-manuvie-cifar\/#primaryimage"},"thumbnailUrl":"https:\/\/cifar.ca\/wp-content\/uploads\/2020\/07\/manulife-1200-x-2400.jpg","datePublished":"2020-07-17T18:14:12+00:00","dateModified":"2025-12-17T11:44:16+00:00","breadcrumb":{"@id":"https:\/\/cifar.ca\/fr\/mesures-de-lutte-contre-la-covid-19\/programme-de-subventions-en-sante-des-populations-et-en-bien-etre-manuvie-cifar\/#breadcrumb"},"inLanguage":"fr-FR","potentialAction":[{"@type":"ReadAction","target":["https:\/\/cifar.ca\/fr\/mesures-de-lutte-contre-la-covid-19\/programme-de-subventions-en-sante-des-populations-et-en-bien-etre-manuvie-cifar\/"]}]},{"@type":"ImageObject","inLanguage":"fr-FR","@id":"https:\/\/cifar.ca\/fr\/mesures-de-lutte-contre-la-covid-19\/programme-de-subventions-en-sante-des-populations-et-en-bien-etre-manuvie-cifar\/#primaryimage","url":"https:\/\/cifar.ca\/wp-content\/uploads\/2020\/07\/manulife-1200-x-2400.jpg","contentUrl":"https:\/\/cifar.ca\/wp-content\/uploads\/2020\/07\/manulife-1200-x-2400.jpg","width":2400,"height":1200,"caption":"illustration of diverse people with masks"},{"@type":"BreadcrumbList","@id":"https:\/\/cifar.ca\/fr\/mesures-de-lutte-contre-la-covid-19\/programme-de-subventions-en-sante-des-populations-et-en-bien-etre-manuvie-cifar\/#breadcrumb","itemListElement":[{"@type":"ListItem","position":1,"name":"Acceuil","item":"https:\/\/cifar.ca\/fr\/"},{"@type":"ListItem","position":2,"name":"Mesures de lutte contre la COVID-19","item":"https:\/\/cifar.ca\/fr\/mesures-de-lutte-contre-la-covid-19\/"},{"@type":"ListItem","position":3,"name":"Programme de subventions en sant\u00e9 des populations et en bien-\u00eatre Manuvie-CIFAR"}]},{"@type":"WebSite","@id":"https:\/\/cifar.ca\/fr\/#website","url":"https:\/\/cifar.ca\/fr\/","name":"CIFAR","description":"Convoquer des esprits extraordinaires pour r\u00e9pondre aux questions les plus importantes auxquelles la science et l'humanit\u00e9 sont confront\u00e9es.","publisher":{"@id":"https:\/\/cifar.ca\/fr\/#organization"},"potentialAction":[{"@type":"SearchAction","target":{"@type":"EntryPoint","urlTemplate":"https:\/\/cifar.ca\/fr\/?s={search_term_string}"},"query-input":{"@type":"PropertyValueSpecification","valueRequired":true,"valueName":"search_term_string"}}],"inLanguage":"fr-FR"},{"@type":"Organization","@id":"https:\/\/cifar.ca\/fr\/#organization","name":"CIFAR","url":"https:\/\/cifar.ca\/fr\/","logo":{"@type":"ImageObject","inLanguage":"fr-FR","@id":"https:\/\/cifar.ca\/fr\/#\/schema\/logo\/image\/","url":"https:\/\/cifar.ca\/wp-content\/uploads\/2020\/01\/cifar-logo-rgb-colour.png","contentUrl":"https:\/\/cifar.ca\/wp-content\/uploads\/2020\/01\/cifar-logo-rgb-colour.png","width":1884,"height":681,"caption":"CIFAR"},"image":{"@id":"https:\/\/cifar.ca\/fr\/#\/schema\/logo\/image\/"}}]}},"_links":{"self":[{"href":"https:\/\/cifar.ca\/fr\/wp-json\/wp\/v2\/pages\/39972","targetHints":{"allow":["GET"]}}],"collection":[{"href":"https:\/\/cifar.ca\/fr\/wp-json\/wp\/v2\/pages"}],"about":[{"href":"https:\/\/cifar.ca\/fr\/wp-json\/wp\/v2\/types\/page"}],"author":[{"embeddable":true,"href":"https:\/\/cifar.ca\/fr\/wp-json\/wp\/v2\/users\/65"}],"replies":[{"embeddable":true,"href":"https:\/\/cifar.ca\/fr\/wp-json\/wp\/v2\/comments?post=39972"}],"version-history":[{"count":0,"href":"https:\/\/cifar.ca\/fr\/wp-json\/wp\/v2\/pages\/39972\/revisions"}],"up":[{"embeddable":true,"href":"https:\/\/cifar.ca\/fr\/wp-json\/wp\/v2\/pages\/39674"}],"wp:featuredmedia":[{"embeddable":true,"href":"https:\/\/cifar.ca\/fr\/wp-json\/wp\/v2\/media\/33990"}],"wp:attachment":[{"href":"https:\/\/cifar.ca\/fr\/wp-json\/wp\/v2\/media?parent=39972"}],"curies":[{"name":"wp","href":"https:\/\/api.w.org\/{rel}","templated":true}]}}