{"id":40577,"date":"2018-06-06T17:20:30","date_gmt":"2018-06-06T21:20:30","guid":{"rendered":"https:\/\/cifar661.wpengine.com\/?page_id=40577"},"modified":"2025-12-17T06:46:37","modified_gmt":"2025-12-17T11:46:37","slug":"carrieres","status":"publish","type":"page","link":"https:\/\/cifar.ca\/fr\/carrieres\/","title":{"rendered":"Carri\u00e8res"},"content":{"rendered":"\r\n\r\n\t\t\t<h2>\r\n\t\t\tSuivez-nous\t\t<\/h2>\r\n\t\t<button class='connect square balloon white-transparent facebook left' data-url='https:\/\/www.facebook.com\/CIFAR\/' aria-haspopup=\"false\"   aria-label='Suis nous surFaceBook' data-balloon-pos='right'>\r\n\t\t\tFaceBook\r\n\t\t<\/button>\r\n\t\t<button class='connect square balloon white-transparent twitter' data-url='https:\/\/twitter.com\/nouvelles_CIFAR' aria-haspopup=\"false\"   aria-label='Suis nous surTwitter' data-balloon-pos='right'>\r\n\t\t\tTwitter\r\n\t\t<\/button>\r\n\t\t<button class='connect square balloon white-transparent youtube left' data-url='https:\/\/www.youtube.com\/channel\/UCZj1nnTIiutUjEg-22e8UTA' aria-haspopup=\"false\"   aria-label='Suis nous surYouTube' data-balloon-pos='right'>\r\n\t\t\tYouTube\r\n\t\t<\/button>\r\n\t\t<button class='connect square balloon white-transparent linkedin' data-url='https:\/\/ca.linkedin.com\/company\/canadian-institute-for-advanced-research' aria-haspopup=\"false\"   aria-label='Suis nous surLinkedIn' data-balloon-pos='right'>\r\n\t\t\tLinkedIn\r\n\t\t<\/button>\r\n\t\t<button class='connect square balloon white-transparent instagram left' data-url='https:\/\/www.instagram.com\/cifar.ca_fr\/' aria-haspopup=\"false\"   aria-label='Suis nous surInstagram' data-balloon-pos='right'>\r\n\t\t\tInstagram\r\n\t\t<\/button>\r\n\r\n\t\t\t\t<img loading=\"lazy\" decoding=\"async\" src=\"https:\/\/cifar.ca\/wp-content\/uploads\/2020\/09\/lines-for-web-2.0-small-01.png\" alt=\"smaller line_two\" itemprop=\"image\" height=\"34\" width=\"34\" title=\"lines for web 2.0 small -01\" onerror=\"this.style.display='none'\"  \/>\t\t\t\t\t\r\n\t<h2>TRAVAILLER AVEC NOUS<\/h2>\r\n<h3>Nous r\u00e9unissons de brillants cerveaux.<\/h3>\r\n<p>Dans notre bureau du centre MaRS dans le quartier de la d\u00e9couverte de Toronto, notre <a href=\"https:\/\/cifar.ca\/fr\/repertoire-du-personnel\/\">\u00e9quipe<\/a> de professionnels d\u00e9vou\u00e9s permet la r\u00e9alisation de recherches r\u00e9volutionnaires. Depuis 1982, nous avons cr\u00e9\u00e9 une communaut\u00e9 de chercheurs qui compte aujourd&rsquo;hui 20\u00a0laur\u00e9ats d&rsquo;un prix Nobel et plus de 400\u00a0chercheurs de 18\u00a0pays.<\/p>\r\n<p>Par l&rsquo;entremise de <a href=\"https:\/\/cifar.ca\/fr\/programmes-de-recherche\/\">programmes<\/a> qui traitent de sujets aussi diversifi\u00e9s que la conscience, l&rsquo;informatique quantique ou l&rsquo;intelligence artificielle, le CIFAR \u0153uvre \u00e0 l&rsquo;appui d&rsquo;un vaste \u00e9ventail de collaborations de recherche de pointe.<\/p>\r\n\t\t\t\t\t<h4>Accessibilit\u00e9 pour les candidats handicap\u00e9s<\/h4>\r\n\t\t\t\t\t\tLe CIFAR s&rsquo;engage \u00e0 offrir un accommodement raisonnable aux candidats handicap\u00e9s pendant les processus d&#8217;embauche et de s\u00e9lection, conform\u00e9ment \u00e0 la <em>Loi sur l&rsquo;accessibilit\u00e9 pour les personnes handicap\u00e9es de l&rsquo;Ontario, 2005<\/em>, et au Code des droits de la personne de l&rsquo;Ontario.Pour faire une demande d&rsquo;accommodement raisonnable, veuillez \u00e9crire \u00e0 l&rsquo;adresse <a href=\"mailto:careers@cifar.ca\">careers@cifar.ca<\/a> et mettre en objet \u00ab\u00a0Accessibilit\u00e9\u00a0\u00bb ou appeler au 416-971-4251.Veuillez fournir votre nom, votre mode de communication pr\u00e9f\u00e9r\u00e9 et une description d\u00e9taill\u00e9e de l&rsquo;accommodement dont vous avez besoin. Veuillez mentionner tout mat\u00e9riel ou processus \u00e9ventuel qui assurerait votre \u00e9galit\u00e9 d&rsquo;acc\u00e8s \u00e0 l&#8217;emploi.\t\t\t\t\t\r\n\t\t\t\t<img loading=\"lazy\" decoding=\"async\" src=\"https:\/\/cifar.ca\/wp-content\/uploads\/2020\/09\/lines-for-web-2.0-small-01.png\" alt=\"smaller line_two\" itemprop=\"image\" height=\"34\" width=\"34\" title=\"lines for web 2.0 small -01\" onerror=\"this.style.display='none'\"  \/>\t\t\t\t\t\r\n\t<h2>AVANTAGES ET B\u00c9N\u00c9FICES<\/h2>\r\n<h3>Nous valorisons nos employ\u00e9s.<\/h3>\r\n\t\t\t<h4><img loading=\"lazy\" decoding=\"async\" src=\"https:\/\/cifar.ca\/wp-content\/uploads\/2020\/10\/icons-05-1.png\" alt=\"\" width=\"89\" height=\"78\" \/><br \/>\r\nOccasions d&rsquo;apprentissage<\/h4>\r\n<p>Attendez-vous \u00e0 des ateliers r\u00e9guliers, \u00e0 des d\u00eeners-conf\u00e9rences et \u00e0 des investissements dans des occasions de perfectionnement professionnel.<\/p>\r\n\t\t\t<h4><img loading=\"lazy\" decoding=\"async\" src=\"https:\/\/cifar.ca\/wp-content\/uploads\/2020\/10\/icons-03-1.png\" alt=\"\" width=\"77\" height=\"76\" srcset=\"https:\/\/cifar.ca\/wp-content\/uploads\/2020\/10\/icons-03-1.png 769w, https:\/\/cifar.ca\/wp-content\/uploads\/2020\/10\/icons-03-1-125x125.png 125w, https:\/\/cifar.ca\/wp-content\/uploads\/2020\/10\/icons-03-1-190x190.png 190w\" sizes=\"auto, (max-width: 77px) 100vw, 77px\" \/><br \/>Avantages g\u00e9n\u00e9reux<\/h4>\r\n<p>Notre programme d&rsquo;avantages sociaux souple permet aux employ\u00e9s de choisir le niveau de couverture requis pour leur famille. De plus, vous avez la possibilit\u00e9 de participer \u00e0 un r\u00e9gime de retraite \u00e0 prestations d\u00e9termin\u00e9es et de profiter de notre programme d&rsquo;aide aux employ\u00e9s et \u00e0 leur famille accessible en tout temps.<\/p>\r\n\t\t\t<h5><img loading=\"lazy\" decoding=\"async\" src=\"https:\/\/cifar.ca\/wp-content\/uploads\/2020\/10\/icons-01-1.png\" alt=\"\" width=\"66\" height=\"81\" \/><br \/>Respect de la famille<\/h5>\r\n<p>Nous offrons de g\u00e9n\u00e9reux compl\u00e9ments de cong\u00e9 de maternit\u00e9 et de cong\u00e9 parental et un environnement de travail souple, y compris des possibilit\u00e9s de travail \u00e0 domicile.<\/p>\r\n\t\t\t<h4><img loading=\"lazy\" decoding=\"async\" src=\"https:\/\/cifar.ca\/wp-content\/uploads\/2020\/10\/icons-06-1.png\" alt=\"\" width=\"65\" height=\"84\" \/><br \/>\r\nRecherche de pointe<\/h4>\r\n<p>L&rsquo;impact du CIFAR profite \u00e0 de grands domaines d&rsquo;\u00e9tudes et se traduit par des d\u00e9couvertes, des rem\u00e8des, des traitements, des inventions et des brevets. Prenez part aux avanc\u00e9es transformatrices dans toute la gamme des sciences physiques et sociales.<\/p>\r\n\t\t\t<h4><img loading=\"lazy\" decoding=\"async\" src=\"https:\/\/cifar.ca\/wp-content\/uploads\/2020\/10\/Screen-Shot-2020-10-13-at-11.26.11-PM.png\" alt=\"\" width=\"76\" height=\"86\" \/><br \/>\r\nEngagement en faveur de l&rsquo;excellence<\/h4>\r\n<p>L&rsquo;\u00e9quipe d\u00e9vou\u00e9e du CIFAR est hautement qualifi\u00e9e, motiv\u00e9e et ouverte d&rsquo;esprit. Nous participons r\u00e9guli\u00e8rement \u00e0 des activit\u00e9s de renforcement de l&rsquo;esprit d&rsquo;\u00e9quipe, nous collaborons et nous visons la plus haute qualit\u00e9 dans tout ce que nous faisons.<\/p>\r\n\t\t\t\t<img loading=\"lazy\" decoding=\"async\" src=\"https:\/\/cifar.ca\/wp-content\/uploads\/2020\/09\/lines-for-web-2.0-small-01.png\" alt=\"smaller line_two\" itemprop=\"image\" height=\"34\" width=\"34\" title=\"lines for web 2.0 small -01\" onerror=\"this.style.display='none'\"  \/>\t\t\t\t\t\r\n\t<h2>Great Place to Work<\/h2>\r\n<p>R\u00e9affirmant son engagement envers l&rsquo;excellence et une culture organisationnelle inclusive, positive et dynamique, le CIFAR est fier de sa certification Great Place to Work. Apprenez-en davantage sur nos valeurs ci-dessous.<\/p>\r\n\t\t\t\t<img loading=\"lazy\" decoding=\"async\" src=\"https:\/\/cifar.ca\/wp-content\/uploads\/2024\/03\/CIFAR_CA_French_2024_Certification_Badge.png\" alt=\"Great Place to Work Certifi\u00e9e Mars 2024-Mars 2025 Canada\" itemprop=\"image\" height=\"212\" width=\"150\" title=\"CIFAR_CA_French_2024_Certification_Badge\" onerror=\"this.style.display='none'\"  \/>\t\t\t\t\t\r\n\t\t\t\t<img loading=\"lazy\" decoding=\"async\" src=\"https:\/\/cifar.ca\/wp-content\/uploads\/2020\/09\/lines-for-web-2.0-small-01.png\" alt=\"smaller line_two\" itemprop=\"image\" height=\"34\" width=\"34\" title=\"lines for web 2.0 small -01\" onerror=\"this.style.display='none'\"  \/>\t\t\t\t\t\r\n\t<h2>NOS VALEURS<\/h2>\r\n<h3>Six valeurs fondamentales guident notre<br \/>\r\ntravail\u00a0:<\/h3>\r\n\t\t\t\t\t<h4>Excellence<\/h4>\r\n\t\t\t\t\t\tNous visons la plus haute qualit\u00e9 dans tout ce que nous faisons. Nous nous attendons<br \/>\r\nau meilleur de nous-m\u00eames et des autres.\r\n\t\t\t\t\t<h4>Diversit\u00e9<\/h4>\r\n\t\t\t\t\t\t<p>Nous valorisons la diversit\u00e9 et souhaitons \u00eatre inclusifs dans tous les aspects de notre travail.<\/p>\t\t\t\t\t\r\n\t\t\t\t\t<h4>Cr\u00e9ativit\u00e9<\/h4>\r\n\t\t\t\t\t\t<p>Pour trouver r\u00e9ponse aux questions importantes, nous encourageons les nouvelles id\u00e9es audacieuses et les approches novatrices.<\/p>\t\t\t\t\t\r\n\t\t\t\t\t<h4>Prise de risque<\/h4>\r\n\t\t\t\t\t\t<p>Nous sommes pr\u00eats \u00e0 prendre des risques, \u00e0 accepter les revers et \u00e0 aller de l&rsquo;avant pour atteindre nos ambitieux objectifs.<\/p>\t\t\t\t\t\r\n\t\t\t\t\t<h4>Collaboration<\/h4>\r\n\t\t\t\t\t\t<p>Nous travaillons en partenariat avec des coll\u00e8gues, des chercheurs, des ma\u00eetres \u00e0 penser et des bienfaiteurs &#8211; en partageant id\u00e9es et ressources pour obtenir de meilleurs r\u00e9sultats.<\/p>\t\t\t\t\t\r\n\t\t\t\t\t<h4>Respect<\/h4>\r\n\t\t\t\t\t\t<p>Nous encourageons une culture d&rsquo;ouverture et de confiance, o\u00f9 l&rsquo;expertise de chacun est respect\u00e9e et o\u00f9 les personnes partagent ouvertement leurs id\u00e9es et leurs nouvelles approches.<\/p>\t\t\t\t\t\r\n                        \r\n                <!--[if IE 9]><video style=\"display: none;><![endif]-->\r\n                <source data-src=\"https:\/\/cifar.ca\/wp-content\/uploads\/2020\/10\/offices-3-430x450.jpg\"\r\n                    media=\"--media-collage-small\" \/>\r\n                <source data-src=\"https:\/\/cifar.ca\/wp-content\/uploads\/2020\/10\/offices-3-780x450.jpg\"\r\n                    media=\"--media-collage-medium\" \/>\r\n                <source data-src=\"https:\/\/cifar.ca\/wp-content\/uploads\/2020\/10\/offices-3.jpg \/>\u00a0\u00bb\r\n                <!--[if IE 9]><\/video><![endif]-->\r\n                <img data-src=\"https:\/\/cifar.ca\/wp-content\/uploads\/2020\/10\/offices-3.jpg\"\r\n                                        alt=\"modern office meeting room\" \/>\r\n            \r\n                        \r\n                <!--[if IE 9]><video style=\"display: none;><![endif]-->\r\n                <source data-src=\"https:\/\/cifar.ca\/wp-content\/uploads\/2020\/10\/CIFAR-office-IMG_2468-430x670.jpg\"\r\n                    media=\"--media-collage-small\" \/>\r\n                <source data-src=\"https:\/\/cifar.ca\/wp-content\/uploads\/2020\/10\/CIFAR-office-IMG_2468-480x450.jpg\"\r\n                    media=\"--media-collage-medium\" \/>\r\n                <source data-src=\"https:\/\/cifar.ca\/wp-content\/uploads\/2020\/10\/CIFAR-office-IMG_2468-480x450.jpg \/>\u00a0\u00bb\r\n                <!--[if IE 9]><\/video><![endif]-->\r\n                <img data-src=\"https:\/\/cifar.ca\/wp-content\/uploads\/2020\/10\/CIFAR-office-IMG_2468-480x450.jpg\"\r\n                                        alt=\"CIFAR office interior\" \/>\r\n            \r\n                        \r\n                <!--[if IE 9]><video style=\"display: none;><![endif]-->\r\n                <source data-src=\"https:\/\/cifar.ca\/wp-content\/uploads\/2020\/11\/media-collage-building-480x450-1-430x450.jpg\"\r\n                    media=\"--media-collage-small\" \/>\r\n                <source data-src=\"https:\/\/cifar.ca\/wp-content\/uploads\/2020\/11\/media-collage-building-480x450-1-480x450.jpg\"\r\n                    media=\"--media-collage-medium\" \/>\r\n                <source data-src=\"https:\/\/cifar.ca\/wp-content\/uploads\/2020\/11\/media-collage-building-480x450-1-480x450.jpg \/>\u00a0\u00bb\r\n                <!--[if IE 9]><\/video><![endif]-->\r\n                <img data-src=\"https:\/\/cifar.ca\/wp-content\/uploads\/2020\/11\/media-collage-building-480x450-1-480x450.jpg\"\r\n                                        alt=\"CIFAR office building\" \/>\r\n            \r\n\t\t\t\t<img loading=\"lazy\" decoding=\"async\" src=\"https:\/\/cifar.ca\/wp-content\/uploads\/2020\/09\/edi-graphics6b718593aa76405db444ee4f87db971e-1-2.jpg\" alt=\"equity\" itemprop=\"image\" height=\"1298\" width=\"1939\" title=\"edi-graphics6b718593aa76405db444ee4f87db971e-1 2\" onerror=\"this.style.display='none'\"  \/>\t\t\t\t\t\r\n\t\t\t\t<img loading=\"lazy\" decoding=\"async\" src=\"https:\/\/cifar.ca\/wp-content\/uploads\/2020\/09\/lines-for-web-2.0-small-01.png\" alt=\"smaller line_two\" itemprop=\"image\" height=\"34\" width=\"34\" title=\"lines for web 2.0 small -01\" onerror=\"this.style.display='none'\"  \/>\t\t\t\t\t\r\n\t<h2>\u00c9QUIT\u00c9, DIVERSIT\u00c9 ET INCLUSION<\/h2>\r\n<p><strong>Le CIFAR accorde une grande importance \u00e0 l&rsquo;\u00e9quit\u00e9, \u00e0 la diversit\u00e9 et \u00e0 l&rsquo;inclusion.<\/strong><\/p>\r\n<p>Nous sommes conscients que la r\u00e9union de personnes issues de multiples horizons, ayant des opinions et des perspectives diverses est essentielle pour faire progresser l&rsquo;excellence de notre organisation et accro\u00eetre son impact. Nos dirigeants, notre personnel et nos b\u00e9n\u00e9voles s&rsquo;efforcent de cr\u00e9er un milieu de travail \u00e9quitable, diversifi\u00e9 et inclusif; en retour, ce milieu donnera \u00e0 notre communaut\u00e9 mondiale de chercheurs le soutien qui lui permettra de se pencher avec succ\u00e8s sur les questions les plus importantes auxquelles la science et l&rsquo;humanit\u00e9 sont confront\u00e9es. Pour mener \u00e0 bien notre mission, il est essentiel que chaque personne se sente valoris\u00e9e et accueillie, peu importe son \u00e2ge, son niveau de scolarit\u00e9, son orientation sexuelle, son expression et son identit\u00e9 sexuelles, son statut ou sa responsabilit\u00e9 parentale, son statut d&rsquo;immigrant ou d&rsquo;Autochtone, sa religion, son handicap, sa langue, sa race, son lieu d&rsquo;origine, son ethnicit\u00e9, sa culture, son statut socio-\u00e9conomique ou toute autre caract\u00e9ristique. Nous encourageons vivement les membres de la soci\u00e9t\u00e9 qui sont confront\u00e9s \u00e0 des obstacles et \u00e0 des pr\u00e9jug\u00e9s syst\u00e9miques \u00e0 pr\u00e9senter leur candidature, y compris, mais sans s&rsquo;y limiter, les femmes, les Autochtones, les membres de minorit\u00e9s visibles ou racis\u00e9es, les personnes 2SLGBTQ+, les membres de communaut\u00e9s d&rsquo;identit\u00e9 sexuelle marginalis\u00e9e et les personnes handicap\u00e9es. Les candidats peuvent s&rsquo;identifier de mani\u00e8re confidentielle au moment de la pr\u00e9sentation de leur candidature.<\/p>\r\n   <!-- Mandeep add class on anchor -->\r\n\t<a href=\"https:\/\/cifar.ca\/fr\/plan-daction-sur-ledi\/\" target=\"_self\" rel=\"noopener\">\r\n\t\t\t\tEN SAVOIR PLUS \r\n\t\t\t<\/a>\r\n<h2>\r\n\t\tSoutenez-nous\r\n\t<\/h2>\r\n\t<p>L&rsquo;Institut canadien de recherches avanc\u00e9es (CIFAR) est une organisation de recherche d&rsquo;influence mondiale fi\u00e8rement bas\u00e9e au Canada. Nous mobilisons les plus brillants personnes du monde, dans toutes les disciplines et \u00e0 tous les stades de carri\u00e8re, pour faire progresser les connaissances transformatrices et r\u00e9soudre ensemble les plus grands probl\u00e8mes de l&rsquo;humanit\u00e9. Nous recevons l&rsquo;appui des gouvernements du Canada, de l&rsquo;Alberta et du Qu\u00e9bec, ainsi que de fondations, de particuliers, d&rsquo;entreprises et d&rsquo;organisations partenaires du Canada et du monde entier.<\/p>\r\n   <!-- Mandeep add class on anchor -->\r\n\t<a href=\"https:\/\/cifar.ca\/fr\/dons\/\" target=\"_self\" rel=\"noopener\">\r\n\t\t\t\t\tDons\t\t\t\t\t\t\t\r\n\t\t\t\t\t\t<\/a>\r\n\r\n","protected":false},"excerpt":{"rendered":"<p>Suivez-nous FaceBook Twitter YouTube LinkedIn Instagram TRAVAILLER AVEC NOUS Nous r\u00e9unissons de brillants cerveaux. Dans notre bureau du centre MaRS dans le quartier de la [&hellip;]<\/p>\n","protected":false},"author":65,"featured_media":36923,"parent":0,"menu_order":0,"comment_status":"closed","ping_status":"closed","template":"","meta":{"_acf_changed":false,"footnotes":""},"class_list":["post-40577","page","type-page","status-publish","has-post-thumbnail","hentry"],"acf":[],"yoast_head":"<!-- This site is optimized with the Yoast SEO plugin v27.2 - https:\/\/yoast.com\/product\/yoast-seo-wordpress\/ -->\n<title>CIFAR<\/title>\n<meta name=\"robots\" content=\"index, follow, max-snippet:-1, max-image-preview:large, max-video-preview:-1\" \/>\n<link rel=\"canonical\" href=\"https:\/\/cifar.ca\/fr\/carrieres\/\" \/>\n<meta property=\"og:locale\" content=\"fr_FR\" \/>\n<meta property=\"og:type\" content=\"article\" \/>\n<meta property=\"og:title\" content=\"Carri\u00e8res - CIFAR\" \/>\n<meta property=\"og:description\" content=\"Suivez-nous FaceBook Twitter YouTube LinkedIn Instagram TRAVAILLER AVEC NOUS Nous r\u00e9unissons de brillants cerveaux. Dans notre bureau du centre MaRS dans le quartier de la [&hellip;]\" \/>\n<meta property=\"og:url\" content=\"https:\/\/cifar.ca\/fr\/carrieres\/\" \/>\n<meta property=\"og:site_name\" content=\"CIFAR\" \/>\n<meta property=\"article:modified_time\" content=\"2025-12-17T11:46:37+00:00\" \/>\n<meta property=\"og:image\" content=\"https:\/\/cifar.ca\/wp-content\/uploads\/2020\/10\/red-backgrounf-06-3.jpg\" \/>\n\t<meta property=\"og:image:width\" content=\"2501\" \/>\n\t<meta property=\"og:image:height\" content=\"982\" \/>\n\t<meta property=\"og:image:type\" content=\"image\/jpeg\" \/>\n<meta name=\"twitter:card\" content=\"summary_large_image\" \/>\n<meta name=\"twitter:label1\" content=\"Dur\u00e9e de lecture estim\u00e9e\" \/>\n\t<meta name=\"twitter:data1\" content=\"7 minutes\" \/>\n<script type=\"application\/ld+json\" class=\"yoast-schema-graph\">{\"@context\":\"https:\/\/schema.org\",\"@graph\":[{\"@type\":\"WebPage\",\"@id\":\"https:\/\/cifar.ca\/fr\/carrieres\/\",\"url\":\"https:\/\/cifar.ca\/fr\/carrieres\/\",\"name\":\"Carri\u00e8res - CIFAR\",\"isPartOf\":{\"@id\":\"https:\/\/cifar.ca\/fr\/#website\"},\"primaryImageOfPage\":{\"@id\":\"https:\/\/cifar.ca\/fr\/carrieres\/#primaryimage\"},\"image\":{\"@id\":\"https:\/\/cifar.ca\/fr\/carrieres\/#primaryimage\"},\"thumbnailUrl\":\"https:\/\/cifar.ca\/wp-content\/uploads\/2020\/10\/red-backgrounf-06-3.jpg\",\"datePublished\":\"2018-06-06T21:20:30+00:00\",\"dateModified\":\"2025-12-17T11:46:37+00:00\",\"breadcrumb\":{\"@id\":\"https:\/\/cifar.ca\/fr\/carrieres\/#breadcrumb\"},\"inLanguage\":\"fr-FR\",\"potentialAction\":[{\"@type\":\"ReadAction\",\"target\":[\"https:\/\/cifar.ca\/fr\/carrieres\/\"]}]},{\"@type\":\"ImageObject\",\"inLanguage\":\"fr-FR\",\"@id\":\"https:\/\/cifar.ca\/fr\/carrieres\/#primaryimage\",\"url\":\"https:\/\/cifar.ca\/wp-content\/uploads\/2020\/10\/red-backgrounf-06-3.jpg\",\"contentUrl\":\"https:\/\/cifar.ca\/wp-content\/uploads\/2020\/10\/red-backgrounf-06-3.jpg\",\"width\":2501,\"height\":982},{\"@type\":\"BreadcrumbList\",\"@id\":\"https:\/\/cifar.ca\/fr\/carrieres\/#breadcrumb\",\"itemListElement\":[{\"@type\":\"ListItem\",\"position\":1,\"name\":\"Acceuil\",\"item\":\"https:\/\/cifar.ca\/fr\/\"},{\"@type\":\"ListItem\",\"position\":2,\"name\":\"Carri\u00e8res\"}]},{\"@type\":\"WebSite\",\"@id\":\"https:\/\/cifar.ca\/fr\/#website\",\"url\":\"https:\/\/cifar.ca\/fr\/\",\"name\":\"CIFAR\",\"description\":\"Convoquer des esprits extraordinaires pour r\u00e9pondre aux questions les plus importantes auxquelles la science et l'humanit\u00e9 sont confront\u00e9es.\",\"publisher\":{\"@id\":\"https:\/\/cifar.ca\/fr\/#organization\"},\"potentialAction\":[{\"@type\":\"SearchAction\",\"target\":{\"@type\":\"EntryPoint\",\"urlTemplate\":\"https:\/\/cifar.ca\/fr\/?s={search_term_string}\"},\"query-input\":{\"@type\":\"PropertyValueSpecification\",\"valueRequired\":true,\"valueName\":\"search_term_string\"}}],\"inLanguage\":\"fr-FR\"},{\"@type\":\"Organization\",\"@id\":\"https:\/\/cifar.ca\/fr\/#organization\",\"name\":\"CIFAR\",\"url\":\"https:\/\/cifar.ca\/fr\/\",\"logo\":{\"@type\":\"ImageObject\",\"inLanguage\":\"fr-FR\",\"@id\":\"https:\/\/cifar.ca\/fr\/#\/schema\/logo\/image\/\",\"url\":\"https:\/\/cifar.ca\/wp-content\/uploads\/2020\/01\/cifar-logo-rgb-colour.png\",\"contentUrl\":\"https:\/\/cifar.ca\/wp-content\/uploads\/2020\/01\/cifar-logo-rgb-colour.png\",\"width\":1884,\"height\":681,\"caption\":\"CIFAR\"},\"image\":{\"@id\":\"https:\/\/cifar.ca\/fr\/#\/schema\/logo\/image\/\"}}]}<\/script>\n<!-- \/ Yoast SEO plugin. -->","yoast_head_json":{"title":"CIFAR","robots":{"index":"index","follow":"follow","max-snippet":"max-snippet:-1","max-image-preview":"max-image-preview:large","max-video-preview":"max-video-preview:-1"},"canonical":"https:\/\/cifar.ca\/fr\/carrieres\/","og_locale":"fr_FR","og_type":"article","og_title":"Carri\u00e8res - CIFAR","og_description":"Suivez-nous FaceBook Twitter YouTube LinkedIn Instagram TRAVAILLER AVEC NOUS Nous r\u00e9unissons de brillants cerveaux. Dans notre bureau du centre MaRS dans le quartier de la [&hellip;]","og_url":"https:\/\/cifar.ca\/fr\/carrieres\/","og_site_name":"CIFAR","article_modified_time":"2025-12-17T11:46:37+00:00","og_image":[{"width":2501,"height":982,"url":"https:\/\/cifar.ca\/wp-content\/uploads\/2020\/10\/red-backgrounf-06-3.jpg","type":"image\/jpeg"}],"twitter_card":"summary_large_image","twitter_misc":{"Dur\u00e9e de lecture estim\u00e9e":"7 minutes"},"schema":{"@context":"https:\/\/schema.org","@graph":[{"@type":"WebPage","@id":"https:\/\/cifar.ca\/fr\/carrieres\/","url":"https:\/\/cifar.ca\/fr\/carrieres\/","name":"Carri\u00e8res - CIFAR","isPartOf":{"@id":"https:\/\/cifar.ca\/fr\/#website"},"primaryImageOfPage":{"@id":"https:\/\/cifar.ca\/fr\/carrieres\/#primaryimage"},"image":{"@id":"https:\/\/cifar.ca\/fr\/carrieres\/#primaryimage"},"thumbnailUrl":"https:\/\/cifar.ca\/wp-content\/uploads\/2020\/10\/red-backgrounf-06-3.jpg","datePublished":"2018-06-06T21:20:30+00:00","dateModified":"2025-12-17T11:46:37+00:00","breadcrumb":{"@id":"https:\/\/cifar.ca\/fr\/carrieres\/#breadcrumb"},"inLanguage":"fr-FR","potentialAction":[{"@type":"ReadAction","target":["https:\/\/cifar.ca\/fr\/carrieres\/"]}]},{"@type":"ImageObject","inLanguage":"fr-FR","@id":"https:\/\/cifar.ca\/fr\/carrieres\/#primaryimage","url":"https:\/\/cifar.ca\/wp-content\/uploads\/2020\/10\/red-backgrounf-06-3.jpg","contentUrl":"https:\/\/cifar.ca\/wp-content\/uploads\/2020\/10\/red-backgrounf-06-3.jpg","width":2501,"height":982},{"@type":"BreadcrumbList","@id":"https:\/\/cifar.ca\/fr\/carrieres\/#breadcrumb","itemListElement":[{"@type":"ListItem","position":1,"name":"Acceuil","item":"https:\/\/cifar.ca\/fr\/"},{"@type":"ListItem","position":2,"name":"Carri\u00e8res"}]},{"@type":"WebSite","@id":"https:\/\/cifar.ca\/fr\/#website","url":"https:\/\/cifar.ca\/fr\/","name":"CIFAR","description":"Convoquer des esprits extraordinaires pour r\u00e9pondre aux questions les plus importantes auxquelles la science et l'humanit\u00e9 sont confront\u00e9es.","publisher":{"@id":"https:\/\/cifar.ca\/fr\/#organization"},"potentialAction":[{"@type":"SearchAction","target":{"@type":"EntryPoint","urlTemplate":"https:\/\/cifar.ca\/fr\/?s={search_term_string}"},"query-input":{"@type":"PropertyValueSpecification","valueRequired":true,"valueName":"search_term_string"}}],"inLanguage":"fr-FR"},{"@type":"Organization","@id":"https:\/\/cifar.ca\/fr\/#organization","name":"CIFAR","url":"https:\/\/cifar.ca\/fr\/","logo":{"@type":"ImageObject","inLanguage":"fr-FR","@id":"https:\/\/cifar.ca\/fr\/#\/schema\/logo\/image\/","url":"https:\/\/cifar.ca\/wp-content\/uploads\/2020\/01\/cifar-logo-rgb-colour.png","contentUrl":"https:\/\/cifar.ca\/wp-content\/uploads\/2020\/01\/cifar-logo-rgb-colour.png","width":1884,"height":681,"caption":"CIFAR"},"image":{"@id":"https:\/\/cifar.ca\/fr\/#\/schema\/logo\/image\/"}}]}},"_links":{"self":[{"href":"https:\/\/cifar.ca\/fr\/wp-json\/wp\/v2\/pages\/40577","targetHints":{"allow":["GET"]}}],"collection":[{"href":"https:\/\/cifar.ca\/fr\/wp-json\/wp\/v2\/pages"}],"about":[{"href":"https:\/\/cifar.ca\/fr\/wp-json\/wp\/v2\/types\/page"}],"author":[{"embeddable":true,"href":"https:\/\/cifar.ca\/fr\/wp-json\/wp\/v2\/users\/65"}],"replies":[{"embeddable":true,"href":"https:\/\/cifar.ca\/fr\/wp-json\/wp\/v2\/comments?post=40577"}],"version-history":[{"count":0,"href":"https:\/\/cifar.ca\/fr\/wp-json\/wp\/v2\/pages\/40577\/revisions"}],"wp:featuredmedia":[{"embeddable":true,"href":"https:\/\/cifar.ca\/fr\/wp-json\/wp\/v2\/media\/36923"}],"wp:attachment":[{"href":"https:\/\/cifar.ca\/fr\/wp-json\/wp\/v2\/media?parent=40577"}],"curies":[{"name":"wp","href":"https:\/\/api.w.org\/{rel}","templated":true}]}}