{"id":48338,"date":"2021-06-15T09:00:05","date_gmt":"2021-06-15T13:00:05","guid":{"rendered":"https:\/\/cifar661.wpengine.com\/how-to-apply-through-cifars-application-portal\/"},"modified":"2025-12-17T06:51:12","modified_gmt":"2025-12-17T11:51:12","slug":"registration","status":"publish","type":"page","link":"https:\/\/cifar.ca\/fr\/registration\/","title":{"rendered":"Comment postuler sur le portail de candidature du CIFAR"},"content":{"rendered":"\r\n\r\n\t\t\t<h2>\r\n\t\t\tSuivez-nous\t\t<\/h2>\r\n\t\t<button class='connect square balloon white-transparent facebook left' data-url='https:\/\/www.facebook.com\/CIFAR\/' aria-haspopup=\"false\"   aria-label='Suis nous surFaceBook' data-balloon-pos='right'>\r\n\t\t\tFaceBook\r\n\t\t<\/button>\r\n\t\t<button class='connect square balloon white-transparent twitter' data-url='https:\/\/twitter.com\/nouvelles_CIFAR' aria-haspopup=\"false\"   aria-label='Suis nous surTwitter' data-balloon-pos='right'>\r\n\t\t\tTwitter\r\n\t\t<\/button>\r\n\t\t<button class='connect square balloon white-transparent youtube left' data-url='https:\/\/www.youtube.com\/channel\/UCZj1nnTIiutUjEg-22e8UTA' aria-haspopup=\"false\"   aria-label='Suis nous surYouTube' data-balloon-pos='right'>\r\n\t\t\tYouTube\r\n\t\t<\/button>\r\n\t\t<button class='connect square balloon white-transparent linkedin' data-url='https:\/\/ca.linkedin.com\/company\/canadian-institute-for-advanced-research' aria-haspopup=\"false\"   aria-label='Suis nous surLinkedIn' data-balloon-pos='right'>\r\n\t\t\tLinkedIn\r\n\t\t<\/button>\r\n\t\t<button class='connect square balloon white-transparent instagram left' data-url='https:\/\/www.instagram.com\/cifar.ca_fr\/' aria-haspopup=\"false\"   aria-label='Suis nous surInstagram' data-balloon-pos='right'>\r\n\t\t\tInstagram\r\n\t\t<\/button>\r\n\r\n\t<p>     Si vous avez d\u00e9j\u00e0 un compte, veuillez cliquer sur \u00ab\u00a0Connexion\u00a0\u00bb et saisir votre adresse \u00e9lectronique et votre mot de passe. Si vous avez oubli\u00e9 votre mot de passe, veuillez choisir l&rsquo;option \u00ab\u00a0Mot de passe oubli\u00e9\u00a0\u00bb et suivre les instructions du syst\u00e8me pour entrer dans le syst\u00e8me. REMARQUE\u00a0: Veuillez ne pas utiliser d&rsquo;identifiant de m\u00e9dias sociaux.<\/p>\r\n<p>     Si vous \u00eates un nouveau candidat, veuillez cliquer sur le bouton d&rsquo;inscription pour <em>cr\u00e9er un compte<\/em>. Saisissez les renseignements demand\u00e9s. Le syst\u00e8me vous demandera de v\u00e9rifier votre adresse \u00e9lectronique, puis vous pourrez entrer dans le syst\u00e8me. REMARQUE\u00a0: Veuillez ne pas utiliser d&rsquo;identifiant de m\u00e9dias sociaux pour vous inscrire ici.<\/p>\r\n<p>     Une fois que vous serez dans le syst\u00e8me en tant que candidat, le syst\u00e8me affichera la liste des programmes auxquels vous \u00eates admissible OU il vous demandera de saisir vos donn\u00e9es d&rsquo;admissibilit\u00e9. Si le programme \u00ab\u00a0Appel \u00e0 id\u00e9es mondial\u00a0\u00bb ne figure pas dans la liste, veuillez cliquer sur l&rsquo;onglet \u00ab\u00a0Programmes\u00a0\u00bb en haut de la page et v\u00e9rifier s&rsquo;il s&rsquo;y trouve. S&rsquo;il n&rsquo;y est pas, veuillez saisir vos donn\u00e9es d&rsquo;admissibilit\u00e9 en passant par le syst\u00e8me\u00a0:<\/p>\r\n<ul>\r\n<li>Naviguez jusqu&rsquo;\u00e0 votre nom en haut \u00e0 droite. Cliquez ici pour r\u00e9v\u00e9ler quelques options. Cliquez sur \u00ab\u00a0Mon compte\u00a0\u00bb.<\/li>\r\n<li>Rep\u00e9rez la section Admissibilit\u00e9 \u00e0 gauche \u00e0 l&rsquo;\u00e9cran et cliquez dessus.<\/li>\r\n<li>Vous verrez l&rsquo;option \u00ab\u00a0Mettre \u00e0 jour le profil d&rsquo;admissibilit\u00e9\u00a0\u00bb et vous pourrez choisir l&rsquo;option \u00ab\u00a0Appel \u00e0 id\u00e9es mondial\u00a0\u00bb et sauvegarder. En revenant \u00e0 l&rsquo;onglet des programmes, vous devriez voir le programme dans la liste.<\/li>\r\n<\/ul>\r\n<p>     Cliquez sur \u00ab\u00a0Plus\u00a0\u00bb \u00e0 c\u00f4t\u00e9 du nom du programme.<\/p>\r\n<p>     Cliquez sur \u00ab\u00a0Postuler\u00a0\u00bb et suivez les instructions de chaque section.<\/p>\r\n<p>     Veuillez noter que les candidats doivent cliquer sur le bouton \u00ab\u00a0Soumettre\u00a0\u00bb ci-dessus pour soumettre leur candidature. Le bouton sera activ\u00e9 lorsque toutes les t\u00e2ches requises dans une \u00e9tape seront achev\u00e9es.<\/p>\r\n<hr \/>\r\n<p>     <strong>L&rsquo;inscription \u00e0 l&rsquo;Appel mondial se compose de trois sections\u00a0:<\/strong><\/p>\r\n<ul>\r\n<li>Formulaire d&rsquo;inscription \u00e0 l&rsquo;Appel \u00e0 id\u00e9es mondial du CIFAR;<\/li>\r\n<li>Membres de l&rsquo;\u00e9quipe principale;<\/li>\r\n<li>Suggestion d&rsquo;examinateurs &#8211; Pour l&rsquo;inscription, cette section est facultative.<\/li>\r\n<\/ul>\r\n<p>     &nbsp;<\/p>\r\n<h2>\r\n\t\tSoutenez-nous\r\n\t<\/h2>\r\n\t<p>L&rsquo;Institut canadien de recherches avanc\u00e9es (CIFAR) est une organisation de recherche d&rsquo;influence mondiale fi\u00e8rement bas\u00e9e au Canada. Nous mobilisons les plus brillants personnes du monde, dans toutes les disciplines et \u00e0 tous les stades de carri\u00e8re, pour faire progresser les connaissances transformatrices et r\u00e9soudre ensemble les plus grands probl\u00e8mes de l&rsquo;humanit\u00e9. Nous recevons l&rsquo;appui des gouvernements du Canada, de l&rsquo;Alberta et du Qu\u00e9bec, ainsi que de fondations, de particuliers, d&rsquo;entreprises et d&rsquo;organisations partenaires du Canada et du monde entier.<\/p>\r\n   <!-- Mandeep add class on anchor -->\r\n\t<a href=\"https:\/\/cifar.ca\/fr\/dons\/\" target=\"_self\" rel=\"noopener\">\r\n\t\t\t\t\tDons\t\t\t\t\t\t\t\r\n\t\t\t\t\t\t<\/a>\r\n\r\n","protected":false},"excerpt":{"rendered":"<p>Suivez-nous FaceBook Twitter YouTube LinkedIn Instagram Si vous avez d\u00e9j\u00e0 un compte, veuillez cliquer sur \u00ab\u00a0Connexion\u00a0\u00bb et saisir votre adresse \u00e9lectronique et votre mot de [&hellip;]<\/p>\n","protected":false},"author":65,"featured_media":48000,"parent":0,"menu_order":0,"comment_status":"closed","ping_status":"closed","template":"","meta":{"_acf_changed":false,"footnotes":""},"class_list":["post-48338","page","type-page","status-publish","has-post-thumbnail","hentry"],"acf":[],"yoast_head":"<!-- This site is optimized with the Yoast SEO plugin v27.2 - https:\/\/yoast.com\/product\/yoast-seo-wordpress\/ -->\n<title>CIFAR<\/title>\n<meta name=\"robots\" content=\"index, follow, max-snippet:-1, max-image-preview:large, max-video-preview:-1\" \/>\n<link rel=\"canonical\" href=\"https:\/\/cifar.ca\/fr\/registration\/\" \/>\n<meta property=\"og:locale\" content=\"fr_FR\" \/>\n<meta property=\"og:type\" content=\"article\" \/>\n<meta property=\"og:title\" content=\"Comment postuler sur le portail de candidature du CIFAR - CIFAR\" \/>\n<meta property=\"og:description\" content=\"Suivez-nous FaceBook Twitter YouTube LinkedIn Instagram Si vous avez d\u00e9j\u00e0 un compte, veuillez cliquer sur \u00ab\u00a0Connexion\u00a0\u00bb et saisir votre adresse \u00e9lectronique et votre mot de [&hellip;]\" \/>\n<meta property=\"og:url\" content=\"https:\/\/cifar.ca\/fr\/registration\/\" \/>\n<meta property=\"og:site_name\" content=\"CIFAR\" \/>\n<meta property=\"article:modified_time\" content=\"2025-12-17T11:51:12+00:00\" \/>\n<meta property=\"og:image\" content=\"https:\/\/cifar.ca\/wp-content\/uploads\/2021\/06\/GC-Frames00071.png\" \/>\n\t<meta property=\"og:image:width\" content=\"3840\" \/>\n\t<meta property=\"og:image:height\" content=\"2160\" \/>\n\t<meta property=\"og:image:type\" content=\"image\/png\" \/>\n<meta name=\"twitter:card\" content=\"summary_large_image\" \/>\n<meta name=\"twitter:label1\" content=\"Dur\u00e9e de lecture estim\u00e9e\" \/>\n\t<meta name=\"twitter:data1\" content=\"2 minutes\" \/>\n<script type=\"application\/ld+json\" class=\"yoast-schema-graph\">{\"@context\":\"https:\/\/schema.org\",\"@graph\":[{\"@type\":\"WebPage\",\"@id\":\"https:\/\/cifar.ca\/fr\/registration\/\",\"url\":\"https:\/\/cifar.ca\/fr\/registration\/\",\"name\":\"Comment postuler sur le portail de candidature du CIFAR - CIFAR\",\"isPartOf\":{\"@id\":\"https:\/\/cifar.ca\/fr\/#website\"},\"primaryImageOfPage\":{\"@id\":\"https:\/\/cifar.ca\/fr\/registration\/#primaryimage\"},\"image\":{\"@id\":\"https:\/\/cifar.ca\/fr\/registration\/#primaryimage\"},\"thumbnailUrl\":\"https:\/\/cifar.ca\/wp-content\/uploads\/2021\/06\/GC-Frames00071.png\",\"datePublished\":\"2021-06-15T13:00:05+00:00\",\"dateModified\":\"2025-12-17T11:51:12+00:00\",\"breadcrumb\":{\"@id\":\"https:\/\/cifar.ca\/fr\/registration\/#breadcrumb\"},\"inLanguage\":\"fr-FR\",\"potentialAction\":[{\"@type\":\"ReadAction\",\"target\":[\"https:\/\/cifar.ca\/fr\/registration\/\"]}]},{\"@type\":\"ImageObject\",\"inLanguage\":\"fr-FR\",\"@id\":\"https:\/\/cifar.ca\/fr\/registration\/#primaryimage\",\"url\":\"https:\/\/cifar.ca\/wp-content\/uploads\/2021\/06\/GC-Frames00071.png\",\"contentUrl\":\"https:\/\/cifar.ca\/wp-content\/uploads\/2021\/06\/GC-Frames00071.png\",\"width\":3840,\"height\":2160},{\"@type\":\"BreadcrumbList\",\"@id\":\"https:\/\/cifar.ca\/fr\/registration\/#breadcrumb\",\"itemListElement\":[{\"@type\":\"ListItem\",\"position\":1,\"name\":\"Acceuil\",\"item\":\"https:\/\/cifar.ca\/fr\/\"},{\"@type\":\"ListItem\",\"position\":2,\"name\":\"Comment postuler sur le portail de candidature du CIFAR\"}]},{\"@type\":\"WebSite\",\"@id\":\"https:\/\/cifar.ca\/fr\/#website\",\"url\":\"https:\/\/cifar.ca\/fr\/\",\"name\":\"CIFAR\",\"description\":\"Convoquer des esprits extraordinaires pour r\u00e9pondre aux questions les plus importantes auxquelles la science et l'humanit\u00e9 sont confront\u00e9es.\",\"publisher\":{\"@id\":\"https:\/\/cifar.ca\/fr\/#organization\"},\"potentialAction\":[{\"@type\":\"SearchAction\",\"target\":{\"@type\":\"EntryPoint\",\"urlTemplate\":\"https:\/\/cifar.ca\/fr\/?s={search_term_string}\"},\"query-input\":{\"@type\":\"PropertyValueSpecification\",\"valueRequired\":true,\"valueName\":\"search_term_string\"}}],\"inLanguage\":\"fr-FR\"},{\"@type\":\"Organization\",\"@id\":\"https:\/\/cifar.ca\/fr\/#organization\",\"name\":\"CIFAR\",\"url\":\"https:\/\/cifar.ca\/fr\/\",\"logo\":{\"@type\":\"ImageObject\",\"inLanguage\":\"fr-FR\",\"@id\":\"https:\/\/cifar.ca\/fr\/#\/schema\/logo\/image\/\",\"url\":\"https:\/\/cifar.ca\/wp-content\/uploads\/2020\/01\/cifar-logo-rgb-colour.png\",\"contentUrl\":\"https:\/\/cifar.ca\/wp-content\/uploads\/2020\/01\/cifar-logo-rgb-colour.png\",\"width\":1884,\"height\":681,\"caption\":\"CIFAR\"},\"image\":{\"@id\":\"https:\/\/cifar.ca\/fr\/#\/schema\/logo\/image\/\"}}]}<\/script>\n<!-- \/ Yoast SEO plugin. -->","yoast_head_json":{"title":"CIFAR","robots":{"index":"index","follow":"follow","max-snippet":"max-snippet:-1","max-image-preview":"max-image-preview:large","max-video-preview":"max-video-preview:-1"},"canonical":"https:\/\/cifar.ca\/fr\/registration\/","og_locale":"fr_FR","og_type":"article","og_title":"Comment postuler sur le portail de candidature du CIFAR - CIFAR","og_description":"Suivez-nous FaceBook Twitter YouTube LinkedIn Instagram Si vous avez d\u00e9j\u00e0 un compte, veuillez cliquer sur \u00ab\u00a0Connexion\u00a0\u00bb et saisir votre adresse \u00e9lectronique et votre mot de [&hellip;]","og_url":"https:\/\/cifar.ca\/fr\/registration\/","og_site_name":"CIFAR","article_modified_time":"2025-12-17T11:51:12+00:00","og_image":[{"width":3840,"height":2160,"url":"https:\/\/cifar.ca\/wp-content\/uploads\/2021\/06\/GC-Frames00071.png","type":"image\/png"}],"twitter_card":"summary_large_image","twitter_misc":{"Dur\u00e9e de lecture estim\u00e9e":"2 minutes"},"schema":{"@context":"https:\/\/schema.org","@graph":[{"@type":"WebPage","@id":"https:\/\/cifar.ca\/fr\/registration\/","url":"https:\/\/cifar.ca\/fr\/registration\/","name":"Comment postuler sur le portail de candidature du CIFAR - CIFAR","isPartOf":{"@id":"https:\/\/cifar.ca\/fr\/#website"},"primaryImageOfPage":{"@id":"https:\/\/cifar.ca\/fr\/registration\/#primaryimage"},"image":{"@id":"https:\/\/cifar.ca\/fr\/registration\/#primaryimage"},"thumbnailUrl":"https:\/\/cifar.ca\/wp-content\/uploads\/2021\/06\/GC-Frames00071.png","datePublished":"2021-06-15T13:00:05+00:00","dateModified":"2025-12-17T11:51:12+00:00","breadcrumb":{"@id":"https:\/\/cifar.ca\/fr\/registration\/#breadcrumb"},"inLanguage":"fr-FR","potentialAction":[{"@type":"ReadAction","target":["https:\/\/cifar.ca\/fr\/registration\/"]}]},{"@type":"ImageObject","inLanguage":"fr-FR","@id":"https:\/\/cifar.ca\/fr\/registration\/#primaryimage","url":"https:\/\/cifar.ca\/wp-content\/uploads\/2021\/06\/GC-Frames00071.png","contentUrl":"https:\/\/cifar.ca\/wp-content\/uploads\/2021\/06\/GC-Frames00071.png","width":3840,"height":2160},{"@type":"BreadcrumbList","@id":"https:\/\/cifar.ca\/fr\/registration\/#breadcrumb","itemListElement":[{"@type":"ListItem","position":1,"name":"Acceuil","item":"https:\/\/cifar.ca\/fr\/"},{"@type":"ListItem","position":2,"name":"Comment postuler sur le portail de candidature du CIFAR"}]},{"@type":"WebSite","@id":"https:\/\/cifar.ca\/fr\/#website","url":"https:\/\/cifar.ca\/fr\/","name":"CIFAR","description":"Convoquer des esprits extraordinaires pour r\u00e9pondre aux questions les plus importantes auxquelles la science et l'humanit\u00e9 sont confront\u00e9es.","publisher":{"@id":"https:\/\/cifar.ca\/fr\/#organization"},"potentialAction":[{"@type":"SearchAction","target":{"@type":"EntryPoint","urlTemplate":"https:\/\/cifar.ca\/fr\/?s={search_term_string}"},"query-input":{"@type":"PropertyValueSpecification","valueRequired":true,"valueName":"search_term_string"}}],"inLanguage":"fr-FR"},{"@type":"Organization","@id":"https:\/\/cifar.ca\/fr\/#organization","name":"CIFAR","url":"https:\/\/cifar.ca\/fr\/","logo":{"@type":"ImageObject","inLanguage":"fr-FR","@id":"https:\/\/cifar.ca\/fr\/#\/schema\/logo\/image\/","url":"https:\/\/cifar.ca\/wp-content\/uploads\/2020\/01\/cifar-logo-rgb-colour.png","contentUrl":"https:\/\/cifar.ca\/wp-content\/uploads\/2020\/01\/cifar-logo-rgb-colour.png","width":1884,"height":681,"caption":"CIFAR"},"image":{"@id":"https:\/\/cifar.ca\/fr\/#\/schema\/logo\/image\/"}}]}},"_links":{"self":[{"href":"https:\/\/cifar.ca\/fr\/wp-json\/wp\/v2\/pages\/48338","targetHints":{"allow":["GET"]}}],"collection":[{"href":"https:\/\/cifar.ca\/fr\/wp-json\/wp\/v2\/pages"}],"about":[{"href":"https:\/\/cifar.ca\/fr\/wp-json\/wp\/v2\/types\/page"}],"author":[{"embeddable":true,"href":"https:\/\/cifar.ca\/fr\/wp-json\/wp\/v2\/users\/65"}],"replies":[{"embeddable":true,"href":"https:\/\/cifar.ca\/fr\/wp-json\/wp\/v2\/comments?post=48338"}],"version-history":[{"count":0,"href":"https:\/\/cifar.ca\/fr\/wp-json\/wp\/v2\/pages\/48338\/revisions"}],"wp:featuredmedia":[{"embeddable":true,"href":"https:\/\/cifar.ca\/fr\/wp-json\/wp\/v2\/media\/48000"}],"wp:attachment":[{"href":"https:\/\/cifar.ca\/fr\/wp-json\/wp\/v2\/media?parent=48338"}],"curies":[{"name":"wp","href":"https:\/\/api.w.org\/{rel}","templated":true}]}}