{"id":51093,"date":"2022-02-28T16:06:02","date_gmt":"2022-02-28T21:06:02","guid":{"rendered":"https:\/\/cifar661.wpengine.com\/?page_id=51093"},"modified":"2025-12-17T06:51:09","modified_gmt":"2025-12-17T11:51:09","slug":"foire-aux-questions-sur-les-questionnaires-sur-lequite-la-diversite-et-linclusion-du-cifar-communautes-du-cifar","status":"publish","type":"page","link":"https:\/\/cifar.ca\/fr\/equite-diversite-et-inclusion\/foire-aux-questions-sur-les-questionnaires-sur-lequite-la-diversite-et-linclusion-du-cifar-communautes-du-cifar\/","title":{"rendered":"Foire aux questions sur les questionnaires sur l\u2019\u00e9quit\u00e9, la diversit\u00e9 et l\u2019inclusion du CIFAR \u2014 communaut\u00e9s du CIFAR"},"content":{"rendered":"\r\n\r\n\t\t\t<h2>\r\n\t\t\tSuivez-nous\t\t<\/h2>\r\n\t\t<button class='connect square balloon white-transparent facebook left' data-url='https:\/\/www.facebook.com\/CIFAR\/' aria-haspopup=\"false\"   aria-label='Suis nous surFaceBook' data-balloon-pos='right'>\r\n\t\t\tFaceBook\r\n\t\t<\/button>\r\n\t\t<button class='connect square balloon white-transparent twitter' data-url='https:\/\/twitter.com\/cifar_news' aria-haspopup=\"false\"   aria-label='Suis nous surTwitter' data-balloon-pos='right'>\r\n\t\t\tTwitter\r\n\t\t<\/button>\r\n\t\t<button class='connect square balloon white-transparent youtube left' data-url='https:\/\/www.youtube.com\/channel\/UCZj1nnTIiutUjEg-22e8UTA' aria-haspopup=\"false\"   aria-label='Suis nous surYouTube' data-balloon-pos='right'>\r\n\t\t\tYouTube\r\n\t\t<\/button>\r\n\t\t<button class='connect square balloon white-transparent linkedin' data-url='https:\/\/ca.linkedin.com\/company\/canadian-institute-for-advanced-research' aria-haspopup=\"false\"   aria-label='Suis nous surLinkedIn' data-balloon-pos='right'>\r\n\t\t\tLinkedIn\r\n\t\t<\/button>\r\n\t\t<button class='connect square balloon white-transparent instagram left' data-url='https:\/\/www.instagram.com\/cifar.ca_fr\/' aria-haspopup=\"false\"   aria-label='Suis nous surInstagram' data-balloon-pos='right'>\r\n\t\t\tInstagram\r\n\t\t<\/button>\r\n\r\n\t\t\t\t<img loading=\"lazy\" decoding=\"async\" src=\"https:\/\/cifar.ca\/wp-content\/uploads\/2020\/09\/lines-for-web-2.0-small-01.png\" alt=\"smaller line_two\" itemprop=\"image\" height=\"34\" width=\"34\" title=\"lines for web 2.0 small -01\" onerror=\"this.style.display='none'\"  \/>\t\t\t\t\t\r\n\t<h2><b>Questionnaire d\u00e9mographique<\/b><\/h2>\r\n<strong>Pourquoi le CIFAR recueille-t-il ces donn\u00e9es?<\/strong><br \/>\r\nL&rsquo;excellence s&rsquo;\u00e9panouit dans un environnement qui accueille la plus grande diversit\u00e9 de personnes. Ces donn\u00e9es appuieront l&rsquo;<a href=\"https:\/\/cifar.ca\/fr\/equite-diversite-et-inclusion\/\" target=\"_blank\" rel=\"noopener\">engagement du CIFAR<\/a> \u00e0 cr\u00e9er un environnement plus diversifi\u00e9, \u00e9quitable et inclusif qui, \u00e0 son tour, soutiendra l&rsquo;excellence et la collaboration en recherche \u00e0 l&rsquo;\u00e9chelle internationale. Plus pr\u00e9cis\u00e9ment, les donn\u00e9es aideront \u00e0 \u00e9valuer les progr\u00e8s de notre <a href=\"https:\/\/cifar.ca\/wp-content\/uploads\/2021\/03\/CIFAR-EDI-Action-Plan-fr-2020.pdf\" target=\"_blank\" rel=\"noopener\">Plan d&rsquo;action en mati\u00e8re d&rsquo;EDI<\/a>, \u00e0 rep\u00e9rer et \u00e0 \u00e9liminer les obstacles et \u00e0 cerner les initiatives n\u00e9cessaires pour faire progresser l&rsquo;EDI au sein de la communaut\u00e9 du CIFAR.\r\n<strong>Qui devrait remplir le Questionnaire sur l&rsquo;\u00e9quit\u00e9, la diversit\u00e9 et l&rsquo;inclusion (EDI)?<\/strong><br \/>\r\nIl est demand\u00e9 \u00e0 l&rsquo;ensemble du personnel, des membres du conseil d&rsquo;administration, des membres du conseil consultatif du pr\u00e9sident et de notre communaut\u00e9 de recherche (sp\u00e9cialistes-conseils, responsables de programme, membres, membres du programme des chercheurs mondiaux CIFAR-Azrieli) au sein des programmes du CIFAR, des R\u00e9seaux de solutions et du programme de chaires en IA Canada-CIFAR de remplir le questionnaire. Ce dernier sera \u00e0 remplir au cours de notre p\u00e9riode habituelle de rapport et accompagnera les rapports annuels.\r\n<strong>Comment puis-je acc\u00e9der au questionnaire et combien de temps faudra-t-il pour le remplir?<\/strong><br \/>\r\nUn lien sera fourni et il ne faudra que cinq minutes environ pour remplir le questionnaire.\r\n<strong>Puis-je changer mes r\u00e9ponses?<\/strong><br \/>\r\nVous aurez l&rsquo;occasion de remplir le questionnaire chaque ann\u00e9e pendant la p\u00e9riode de rapport; cependant, une fois le questionnaire soumis, vous ne pourrez pas y acc\u00e9der pour le mettre \u00e0 jour.\r\n<strong>Puis-je supprimer mes r\u00e9ponses apr\u00e8s avoir soumis le questionnaire?<\/strong><br \/>\r\nNon, une fois le questionnaire soumis, vous ne pourrez pas y acc\u00e9der pour supprimer vos r\u00e9ponses.\r\n<strong>Que dois-je faire si je ne suis pas \u00e0 l&rsquo;aise pour r\u00e9pondre \u00e0 ces questions? Dois-je remplir le questionnaire?<\/strong><br \/>\r\nSi vous ne souhaitez pas vous auto-identifier, vous avez la possibilit\u00e9 de choisir \u00ab Je pr\u00e9f\u00e8re ne pas r\u00e9pondre \u00bb pour chaque question. Vous devez s\u00e9lectionner une option pour chaque question afin de remplir et de soumettre le questionnaire.\r\n<strong>Comment ces donn\u00e9es seront-elles utilis\u00e9es? Comment seront-elles stock\u00e9es?<\/strong><br \/>\r\nCes donn\u00e9es sont recueillies, utilis\u00e9es, divulgu\u00e9es, conserv\u00e9es et \u00e9limin\u00e9es par le fournisseur tiers Diversio, conform\u00e9ment \u00e0 la l\u00e9gislation relative \u00e0 la protection de la vie priv\u00e9e. Les r\u00e9ponses recueillies sont anonymis\u00e9es et agr\u00e9g\u00e9es de sorte qu&rsquo;il est impossible de jumeler des r\u00e9ponses sp\u00e9cifiques \u00e0 une personne. Le CIFAR ne recevra que des donn\u00e9es anonymis\u00e9es et agr\u00e9g\u00e9es. <a href=\"https:\/\/diversio.com\/assets\/23589514-v1-Diversio%20Privacy%20Statement.pdf\" target=\"_blank\" rel=\"noopener\">D\u00e9claration de confidentialit\u00e9 de Diversio (en anglais)<\/a>.\r\n<strong>Pourquoi ces questions d\u00e9mographiques en particulier sont-elles pos\u00e9es?<\/strong><br \/>\r\nLe questionnaire recueille un vaste \u00e9ventail de renseignements d\u00e9mographiques, notamment sur l&rsquo;\u00e2ge, la citoyennet\u00e9, l&rsquo;identit\u00e9 de genre, l&rsquo;orientation sexuelle, le handicap, la religion, l&rsquo;indig\u00e9n\u00e9it\u00e9 et la communaut\u00e9 raciale ou ethnique. Ces donn\u00e9es nous aideront \u00e0 comprendre notre communaut\u00e9 et \u00e0 cerner toute lacune en mati\u00e8re de repr\u00e9sentation.\r\n<strong>Comment la terminologie utilis\u00e9e dans le questionnaire a-t-elle \u00e9t\u00e9 choisie?<\/strong><br \/>\r\nL&rsquo;identit\u00e9 est personnelle et complexe, voil\u00e0 pourquoi nous avons examin\u00e9 une grande vari\u00e9t\u00e9 de terminologies et envisag\u00e9 de nombreuses fa\u00e7ons de recueillir ces renseignements. Nous travaillons avec des personnes expertes en mati\u00e8re d&rsquo;\u00e9quit\u00e9, de diversit\u00e9 et d&rsquo;inclusion chez Diversio qui ont pass\u00e9 des ann\u00e9es \u00e0 consulter des sp\u00e9cialistes de la communaut\u00e9 de l&rsquo;\u00e9quit\u00e9, de la diversit\u00e9 et de l&rsquo;inclusion (EDI) pour formuler et valider les questions.\r\n<strong>Je ne m&rsquo;identifie \u00e0 aucun groupe digne d&rsquo;\u00e9quit\u00e9. Pourquoi devrais-je remplir le questionnaire?<\/strong><br \/>\r\nL&rsquo;objectif principal de ce questionnaire est de mieux comprendre la composition de notre communaut\u00e9. Votre participation au questionnaire vous permettra de contribuer \u00e0 notre action collective pour faire progresser l&rsquo;EDI au CIFAR.\r\n<strong>Mes r\u00e9ponses auront-elles une incidence sur mon statut au CIFAR?<\/strong><br \/>\r\nNon. Les r\u00e9ponses recueillies sont anonymis\u00e9es et agr\u00e9g\u00e9es de sorte qu&rsquo;il est impossible de jumeler des r\u00e9ponses sp\u00e9cifiques \u00e0 une personne. Le CIFAR ne recevra que des donn\u00e9es anonymis\u00e9es et agr\u00e9g\u00e9es.\r\n<strong>Pourquoi le questionnaire me pose-t-il des questions sur mon exp\u00e9rience au sein du CIFAR?<\/strong><br \/>\r\nEn recueillant des donn\u00e9es sur l&rsquo;inclusion, nous pouvons mieux comprendre les exp\u00e9riences v\u00e9cues par les membres de la communaut\u00e9 du CIFAR. Il s&rsquo;agit de donn\u00e9es pr\u00e9cieuses qui nous aideront \u00e0 promouvoir un environnement inclusif, s\u00e9curitaire, accessible, \u00e9quitable et respectueux pour tout le monde.\r\n<h2>\r\n\t\tSoutenez-nous\r\n\t<\/h2>\r\n\t<p>L&rsquo;Institut canadien de recherches avanc\u00e9es (CIFAR) est une organisation de recherche d&rsquo;influence mondiale fi\u00e8rement bas\u00e9e au Canada. Nous mobilisons les plus brillants personnes du monde, dans toutes les disciplines et \u00e0 tous les stades de carri\u00e8re, pour faire progresser les connaissances transformatrices et r\u00e9soudre ensemble les plus grands probl\u00e8mes de l&rsquo;humanit\u00e9. Nous recevons l&rsquo;appui des gouvernements du Canada, de l&rsquo;Alberta et du Qu\u00e9bec, ainsi que de fondations, de particuliers, d&rsquo;entreprises et d&rsquo;organisations partenaires du Canada et du monde entier.<\/p>\r\n   <!-- Mandeep add class on anchor -->\r\n\t<a href=\"https:\/\/cifar.ca\/fr\/dons\/\" target=\"_self\" rel=\"noopener\">\r\n\t\t\t\t\tDons\t\t\t\t\t\t\t\r\n\t\t\t\t\t\t<\/a>\r\n\r\n","protected":false},"excerpt":{"rendered":"<p>Suivez-nous FaceBook Twitter YouTube LinkedIn Instagram Questionnaire d\u00e9mographique Pourquoi le CIFAR recueille-t-il ces donn\u00e9es? L&rsquo;excellence s&rsquo;\u00e9panouit dans un environnement qui accueille la plus grande diversit\u00e9 [&hellip;]<\/p>\n","protected":false},"author":65,"featured_media":0,"parent":40663,"menu_order":0,"comment_status":"closed","ping_status":"closed","template":"","meta":{"_acf_changed":false,"footnotes":""},"class_list":["post-51093","page","type-page","status-publish","hentry"],"acf":[],"yoast_head":"<!-- This site is optimized with the Yoast SEO plugin v27.2 - https:\/\/yoast.com\/product\/yoast-seo-wordpress\/ -->\n<title>CIFAR<\/title>\n<meta name=\"robots\" content=\"index, follow, max-snippet:-1, max-image-preview:large, max-video-preview:-1\" \/>\n<link rel=\"canonical\" href=\"https:\/\/cifar.ca\/fr\/equite-diversite-et-inclusion\/foire-aux-questions-sur-les-questionnaires-sur-lequite-la-diversite-et-linclusion-du-cifar-communautes-du-cifar\/\" \/>\n<meta property=\"og:locale\" content=\"fr_FR\" \/>\n<meta property=\"og:type\" content=\"article\" \/>\n<meta property=\"og:title\" content=\"Foire aux questions sur les questionnaires sur l\u2019\u00e9quit\u00e9, la diversit\u00e9 et l\u2019inclusion du CIFAR \u2014 communaut\u00e9s du CIFAR - CIFAR\" \/>\n<meta property=\"og:description\" content=\"Suivez-nous FaceBook Twitter YouTube LinkedIn Instagram Questionnaire d\u00e9mographique Pourquoi le CIFAR recueille-t-il ces donn\u00e9es? L&rsquo;excellence s&rsquo;\u00e9panouit dans un environnement qui accueille la plus grande diversit\u00e9 [&hellip;]\" \/>\n<meta property=\"og:url\" content=\"https:\/\/cifar.ca\/fr\/equite-diversite-et-inclusion\/foire-aux-questions-sur-les-questionnaires-sur-lequite-la-diversite-et-linclusion-du-cifar-communautes-du-cifar\/\" \/>\n<meta property=\"og:site_name\" content=\"CIFAR\" \/>\n<meta property=\"article:modified_time\" content=\"2025-12-17T11:51:09+00:00\" \/>\n<meta property=\"og:image\" content=\"https:\/\/cifar.ca\/wp-content\/uploads\/2020\/09\/lines-for-web-2.0-small-01.png\" \/>\n<meta name=\"twitter:card\" content=\"summary_large_image\" \/>\n<meta name=\"twitter:label1\" content=\"Dur\u00e9e de lecture estim\u00e9e\" \/>\n\t<meta name=\"twitter:data1\" content=\"4 minutes\" \/>\n<script type=\"application\/ld+json\" class=\"yoast-schema-graph\">{\"@context\":\"https:\/\/schema.org\",\"@graph\":[{\"@type\":\"WebPage\",\"@id\":\"https:\/\/cifar.ca\/fr\/equite-diversite-et-inclusion\/foire-aux-questions-sur-les-questionnaires-sur-lequite-la-diversite-et-linclusion-du-cifar-communautes-du-cifar\/\",\"url\":\"https:\/\/cifar.ca\/fr\/equite-diversite-et-inclusion\/foire-aux-questions-sur-les-questionnaires-sur-lequite-la-diversite-et-linclusion-du-cifar-communautes-du-cifar\/\",\"name\":\"Foire aux questions sur les questionnaires sur l\u2019\u00e9quit\u00e9, la diversit\u00e9 et l\u2019inclusion du CIFAR \u2014 communaut\u00e9s du CIFAR - CIFAR\",\"isPartOf\":{\"@id\":\"https:\/\/cifar.ca\/fr\/#website\"},\"primaryImageOfPage\":{\"@id\":\"https:\/\/cifar.ca\/fr\/equite-diversite-et-inclusion\/foire-aux-questions-sur-les-questionnaires-sur-lequite-la-diversite-et-linclusion-du-cifar-communautes-du-cifar\/#primaryimage\"},\"image\":{\"@id\":\"https:\/\/cifar.ca\/fr\/equite-diversite-et-inclusion\/foire-aux-questions-sur-les-questionnaires-sur-lequite-la-diversite-et-linclusion-du-cifar-communautes-du-cifar\/#primaryimage\"},\"thumbnailUrl\":\"https:\/\/cifar.ca\/wp-content\/uploads\/2020\/09\/lines-for-web-2.0-small-01.png\",\"datePublished\":\"2022-02-28T21:06:02+00:00\",\"dateModified\":\"2025-12-17T11:51:09+00:00\",\"breadcrumb\":{\"@id\":\"https:\/\/cifar.ca\/fr\/equite-diversite-et-inclusion\/foire-aux-questions-sur-les-questionnaires-sur-lequite-la-diversite-et-linclusion-du-cifar-communautes-du-cifar\/#breadcrumb\"},\"inLanguage\":\"fr-FR\",\"potentialAction\":[{\"@type\":\"ReadAction\",\"target\":[\"https:\/\/cifar.ca\/fr\/equite-diversite-et-inclusion\/foire-aux-questions-sur-les-questionnaires-sur-lequite-la-diversite-et-linclusion-du-cifar-communautes-du-cifar\/\"]}]},{\"@type\":\"ImageObject\",\"inLanguage\":\"fr-FR\",\"@id\":\"https:\/\/cifar.ca\/fr\/equite-diversite-et-inclusion\/foire-aux-questions-sur-les-questionnaires-sur-lequite-la-diversite-et-linclusion-du-cifar-communautes-du-cifar\/#primaryimage\",\"url\":\"https:\/\/cifar.ca\/wp-content\/uploads\/2020\/09\/lines-for-web-2.0-small-01.png\",\"contentUrl\":\"https:\/\/cifar.ca\/wp-content\/uploads\/2020\/09\/lines-for-web-2.0-small-01.png\"},{\"@type\":\"BreadcrumbList\",\"@id\":\"https:\/\/cifar.ca\/fr\/equite-diversite-et-inclusion\/foire-aux-questions-sur-les-questionnaires-sur-lequite-la-diversite-et-linclusion-du-cifar-communautes-du-cifar\/#breadcrumb\",\"itemListElement\":[{\"@type\":\"ListItem\",\"position\":1,\"name\":\"Acceuil\",\"item\":\"https:\/\/cifar.ca\/fr\/\"},{\"@type\":\"ListItem\",\"position\":2,\"name\":\"\u00c9quit\u00e9, diversit\u00e9 et inclusion\",\"item\":\"https:\/\/cifar.ca\/fr\/equite-diversite-et-inclusion\/\"},{\"@type\":\"ListItem\",\"position\":3,\"name\":\"Foire aux questions sur les questionnaires sur l\u2019\u00e9quit\u00e9, la diversit\u00e9 et l\u2019inclusion du CIFAR \u2014 communaut\u00e9s du CIFAR\"}]},{\"@type\":\"WebSite\",\"@id\":\"https:\/\/cifar.ca\/fr\/#website\",\"url\":\"https:\/\/cifar.ca\/fr\/\",\"name\":\"CIFAR\",\"description\":\"Convoquer des esprits extraordinaires pour r\u00e9pondre aux questions les plus importantes auxquelles la science et l'humanit\u00e9 sont confront\u00e9es.\",\"publisher\":{\"@id\":\"https:\/\/cifar.ca\/fr\/#organization\"},\"potentialAction\":[{\"@type\":\"SearchAction\",\"target\":{\"@type\":\"EntryPoint\",\"urlTemplate\":\"https:\/\/cifar.ca\/fr\/?s={search_term_string}\"},\"query-input\":{\"@type\":\"PropertyValueSpecification\",\"valueRequired\":true,\"valueName\":\"search_term_string\"}}],\"inLanguage\":\"fr-FR\"},{\"@type\":\"Organization\",\"@id\":\"https:\/\/cifar.ca\/fr\/#organization\",\"name\":\"CIFAR\",\"url\":\"https:\/\/cifar.ca\/fr\/\",\"logo\":{\"@type\":\"ImageObject\",\"inLanguage\":\"fr-FR\",\"@id\":\"https:\/\/cifar.ca\/fr\/#\/schema\/logo\/image\/\",\"url\":\"https:\/\/cifar.ca\/wp-content\/uploads\/2020\/01\/cifar-logo-rgb-colour.png\",\"contentUrl\":\"https:\/\/cifar.ca\/wp-content\/uploads\/2020\/01\/cifar-logo-rgb-colour.png\",\"width\":1884,\"height\":681,\"caption\":\"CIFAR\"},\"image\":{\"@id\":\"https:\/\/cifar.ca\/fr\/#\/schema\/logo\/image\/\"}}]}<\/script>\n<!-- \/ Yoast SEO plugin. -->","yoast_head_json":{"title":"CIFAR","robots":{"index":"index","follow":"follow","max-snippet":"max-snippet:-1","max-image-preview":"max-image-preview:large","max-video-preview":"max-video-preview:-1"},"canonical":"https:\/\/cifar.ca\/fr\/equite-diversite-et-inclusion\/foire-aux-questions-sur-les-questionnaires-sur-lequite-la-diversite-et-linclusion-du-cifar-communautes-du-cifar\/","og_locale":"fr_FR","og_type":"article","og_title":"Foire aux questions sur les questionnaires sur l\u2019\u00e9quit\u00e9, la diversit\u00e9 et l\u2019inclusion du CIFAR \u2014 communaut\u00e9s du CIFAR - CIFAR","og_description":"Suivez-nous FaceBook Twitter YouTube LinkedIn Instagram Questionnaire d\u00e9mographique Pourquoi le CIFAR recueille-t-il ces donn\u00e9es? L&rsquo;excellence s&rsquo;\u00e9panouit dans un environnement qui accueille la plus grande diversit\u00e9 [&hellip;]","og_url":"https:\/\/cifar.ca\/fr\/equite-diversite-et-inclusion\/foire-aux-questions-sur-les-questionnaires-sur-lequite-la-diversite-et-linclusion-du-cifar-communautes-du-cifar\/","og_site_name":"CIFAR","article_modified_time":"2025-12-17T11:51:09+00:00","og_image":[{"url":"https:\/\/cifar.ca\/wp-content\/uploads\/2020\/09\/lines-for-web-2.0-small-01.png","type":"","width":"","height":""}],"twitter_card":"summary_large_image","twitter_misc":{"Dur\u00e9e de lecture estim\u00e9e":"4 minutes"},"schema":{"@context":"https:\/\/schema.org","@graph":[{"@type":"WebPage","@id":"https:\/\/cifar.ca\/fr\/equite-diversite-et-inclusion\/foire-aux-questions-sur-les-questionnaires-sur-lequite-la-diversite-et-linclusion-du-cifar-communautes-du-cifar\/","url":"https:\/\/cifar.ca\/fr\/equite-diversite-et-inclusion\/foire-aux-questions-sur-les-questionnaires-sur-lequite-la-diversite-et-linclusion-du-cifar-communautes-du-cifar\/","name":"Foire aux questions sur les questionnaires sur l\u2019\u00e9quit\u00e9, la diversit\u00e9 et l\u2019inclusion du CIFAR \u2014 communaut\u00e9s du CIFAR - CIFAR","isPartOf":{"@id":"https:\/\/cifar.ca\/fr\/#website"},"primaryImageOfPage":{"@id":"https:\/\/cifar.ca\/fr\/equite-diversite-et-inclusion\/foire-aux-questions-sur-les-questionnaires-sur-lequite-la-diversite-et-linclusion-du-cifar-communautes-du-cifar\/#primaryimage"},"image":{"@id":"https:\/\/cifar.ca\/fr\/equite-diversite-et-inclusion\/foire-aux-questions-sur-les-questionnaires-sur-lequite-la-diversite-et-linclusion-du-cifar-communautes-du-cifar\/#primaryimage"},"thumbnailUrl":"https:\/\/cifar.ca\/wp-content\/uploads\/2020\/09\/lines-for-web-2.0-small-01.png","datePublished":"2022-02-28T21:06:02+00:00","dateModified":"2025-12-17T11:51:09+00:00","breadcrumb":{"@id":"https:\/\/cifar.ca\/fr\/equite-diversite-et-inclusion\/foire-aux-questions-sur-les-questionnaires-sur-lequite-la-diversite-et-linclusion-du-cifar-communautes-du-cifar\/#breadcrumb"},"inLanguage":"fr-FR","potentialAction":[{"@type":"ReadAction","target":["https:\/\/cifar.ca\/fr\/equite-diversite-et-inclusion\/foire-aux-questions-sur-les-questionnaires-sur-lequite-la-diversite-et-linclusion-du-cifar-communautes-du-cifar\/"]}]},{"@type":"ImageObject","inLanguage":"fr-FR","@id":"https:\/\/cifar.ca\/fr\/equite-diversite-et-inclusion\/foire-aux-questions-sur-les-questionnaires-sur-lequite-la-diversite-et-linclusion-du-cifar-communautes-du-cifar\/#primaryimage","url":"https:\/\/cifar.ca\/wp-content\/uploads\/2020\/09\/lines-for-web-2.0-small-01.png","contentUrl":"https:\/\/cifar.ca\/wp-content\/uploads\/2020\/09\/lines-for-web-2.0-small-01.png"},{"@type":"BreadcrumbList","@id":"https:\/\/cifar.ca\/fr\/equite-diversite-et-inclusion\/foire-aux-questions-sur-les-questionnaires-sur-lequite-la-diversite-et-linclusion-du-cifar-communautes-du-cifar\/#breadcrumb","itemListElement":[{"@type":"ListItem","position":1,"name":"Acceuil","item":"https:\/\/cifar.ca\/fr\/"},{"@type":"ListItem","position":2,"name":"\u00c9quit\u00e9, diversit\u00e9 et inclusion","item":"https:\/\/cifar.ca\/fr\/equite-diversite-et-inclusion\/"},{"@type":"ListItem","position":3,"name":"Foire aux questions sur les questionnaires sur l\u2019\u00e9quit\u00e9, la diversit\u00e9 et l\u2019inclusion du CIFAR \u2014 communaut\u00e9s du CIFAR"}]},{"@type":"WebSite","@id":"https:\/\/cifar.ca\/fr\/#website","url":"https:\/\/cifar.ca\/fr\/","name":"CIFAR","description":"Convoquer des esprits extraordinaires pour r\u00e9pondre aux questions les plus importantes auxquelles la science et l'humanit\u00e9 sont confront\u00e9es.","publisher":{"@id":"https:\/\/cifar.ca\/fr\/#organization"},"potentialAction":[{"@type":"SearchAction","target":{"@type":"EntryPoint","urlTemplate":"https:\/\/cifar.ca\/fr\/?s={search_term_string}"},"query-input":{"@type":"PropertyValueSpecification","valueRequired":true,"valueName":"search_term_string"}}],"inLanguage":"fr-FR"},{"@type":"Organization","@id":"https:\/\/cifar.ca\/fr\/#organization","name":"CIFAR","url":"https:\/\/cifar.ca\/fr\/","logo":{"@type":"ImageObject","inLanguage":"fr-FR","@id":"https:\/\/cifar.ca\/fr\/#\/schema\/logo\/image\/","url":"https:\/\/cifar.ca\/wp-content\/uploads\/2020\/01\/cifar-logo-rgb-colour.png","contentUrl":"https:\/\/cifar.ca\/wp-content\/uploads\/2020\/01\/cifar-logo-rgb-colour.png","width":1884,"height":681,"caption":"CIFAR"},"image":{"@id":"https:\/\/cifar.ca\/fr\/#\/schema\/logo\/image\/"}}]}},"_links":{"self":[{"href":"https:\/\/cifar.ca\/fr\/wp-json\/wp\/v2\/pages\/51093","targetHints":{"allow":["GET"]}}],"collection":[{"href":"https:\/\/cifar.ca\/fr\/wp-json\/wp\/v2\/pages"}],"about":[{"href":"https:\/\/cifar.ca\/fr\/wp-json\/wp\/v2\/types\/page"}],"author":[{"embeddable":true,"href":"https:\/\/cifar.ca\/fr\/wp-json\/wp\/v2\/users\/65"}],"replies":[{"embeddable":true,"href":"https:\/\/cifar.ca\/fr\/wp-json\/wp\/v2\/comments?post=51093"}],"version-history":[{"count":0,"href":"https:\/\/cifar.ca\/fr\/wp-json\/wp\/v2\/pages\/51093\/revisions"}],"up":[{"embeddable":true,"href":"https:\/\/cifar.ca\/fr\/wp-json\/wp\/v2\/pages\/40663"}],"wp:attachment":[{"href":"https:\/\/cifar.ca\/fr\/wp-json\/wp\/v2\/media?parent=51093"}],"curies":[{"name":"wp","href":"https:\/\/api.w.org\/{rel}","templated":true}]}}