{"id":52891,"date":"2022-06-10T10:34:33","date_gmt":"2022-06-10T14:34:33","guid":{"rendered":"https:\/\/cifarst661.wpengine.com\/?page_id=52863"},"modified":"2025-12-17T06:03:09","modified_gmt":"2025-12-17T11:03:09","slug":"equite-diversite-et-inclusion-en-ia","status":"publish","type":"page","link":"https:\/\/cifar.ca\/fr\/ia\/equite-diversite-et-inclusion-en-ia\/","title":{"rendered":"\u00c9quit\u00e9, diversit\u00e9 et inclusion en IA"},"content":{"rendered":"\r\n\r\n\t\t\t<h2>\r\n\t\t\tSuivez-nous\t\t<\/h2>\r\n\t\t<button class='connect square balloon white-transparent facebook left' data-url='https:\/\/www.facebook.com\/CIFAR\/' aria-haspopup=\"false\"   aria-label='Suis nous surFaceBook' data-balloon-pos='right'>\r\n\t\t\tFaceBook\r\n\t\t<\/button>\r\n\t\t<button class='connect square balloon white-transparent twitter' data-url='https:\/\/twitter.com\/cifar_news' aria-haspopup=\"false\"   aria-label='Suis nous surTwitter' data-balloon-pos='right'>\r\n\t\t\tTwitter\r\n\t\t<\/button>\r\n\t\t<button class='connect square balloon white-transparent youtube left' data-url='https:\/\/www.youtube.com\/channel\/UCZj1nnTIiutUjEg-22e8UTA' aria-haspopup=\"false\"   aria-label='Suis nous surYouTube' data-balloon-pos='right'>\r\n\t\t\tYouTube\r\n\t\t<\/button>\r\n\t\t<button class='connect square balloon white-transparent linkedin' data-url='https:\/\/ca.linkedin.com\/company\/canadian-institute-for-advanced-research' aria-haspopup=\"false\"   aria-label='Suis nous surLinkedIn' data-balloon-pos='right'>\r\n\t\t\tLinkedIn\r\n\t\t<\/button>\r\n\t\t<button class='connect square balloon white-transparent instagram left' data-url='https:\/\/www.instagram.com\/cifar.ca\/' aria-haspopup=\"false\"   aria-label='Suis nous surInstagram' data-balloon-pos='right'>\r\n\t\t\tInstagram\r\n\t\t<\/button>\r\n<h1>\r\n\t\t\t\u00c9quit\u00e9, diversit\u00e9 et inclusion en&nbsp;IA\t<\/h1>\r\n\t<p>Le CIFAR et ses partenaires s&rsquo;engagent \u00e0 faire progresser l&rsquo;\u00e9quit\u00e9, la diversit\u00e9 et l&rsquo;inclusion dans l&rsquo;\u00e9cosyst\u00e8me de l&rsquo;IA au Canada et dans le reste du monde, afin de veiller au d\u00e9veloppement et au d\u00e9ploiement de l&rsquo;IA au profit de la population mondiale.<\/p>\r\n\t\t\t\t<img decoding=\"async\" src=\"https:\/\/cifar.ca\/wp-content\/uploads\/2022\/06\/edi-logo.svg\" alt=\"Equity, Diversity, and Inclusion\" itemprop=\"image\" title=\"edi-logo\" onerror=\"this.style.display='none'\"  \/>\t\t\t\t\t\r\n\t<h3>Le plan d&rsquo;action sur l&rsquo;EDI du CIFAR<\/h3>\r\n<p>Le plan d&rsquo;action vise \u00e0 cr\u00e9er des espaces inclusifs, \u00e0 assurer l&rsquo;\u00e9galit\u00e9 des chances, \u00e0 \u00e9liminer les biais inconscients et \u00e0 favoriser la diversit\u00e9 au sein de la direction. <\/p>\r\n   <!-- Mandeep add class on anchor -->\r\n\t<a href=\"https:\/\/cifar.ca\/fr\/equite-diversite-et-inclusion\/\" target=\"_self\">\r\n\t\t\t\tEn savoir plus \r\n\t\t\t<\/a>\r\n\t<h2>Communiquez avec nous<\/h2>\r\n\t<p>Vous avez des questions au sujet de la Strat\u00e9gie pancanadienne en mati\u00e8re d&rsquo;intelligence artificielle?<\/p>\r\n   <!-- Mandeep add class on anchor -->\r\n\t<a href=\"mailto:ai@cifar.ca\" target=\"_self\">\r\n\t\t\t\t\tEmail us\t\t\t\t\t\t\t\r\n\t\t\t\t\t\t<\/a>\r\n<h2>\r\n\t\t\tSoutenez-nous\t<\/h2>\r\n\t<p>L&rsquo;Institut canadien de recherches avanc\u00e9es (CIFAR) est une organisation de recherche d&rsquo;influence mondiale fi\u00e8rement bas\u00e9e au Canada. Nous mobilisons les plus brillants personnes du monde, dans toutes les disciplines et \u00e0 tous les stades de carri\u00e8re, pour faire progresser les connaissances transformatrices et r\u00e9soudre ensemble les plus grands probl\u00e8mes de l&rsquo;humanit\u00e9. Nous recevons l&rsquo;appui des gouvernements du Canada, de l&rsquo;Alberta et du Qu\u00e9bec, ainsi que de fondations, de particuliers, d&rsquo;entreprises et d&rsquo;organisations partenaires du Canada et du monde entier.<\/p>\r\n   <!-- Mandeep add class on anchor -->\r\n\t<a href=\"https:\/\/cifar.ca\/fr\/dons\/\" target=\"_self\">\r\n\t\t\t\t\tDons\t\t\t\t\t\t\t\r\n\t\t\t\t\t\t<\/a>\r\n\r\n","protected":false},"excerpt":{"rendered":"<p>Suivez-nous FaceBook Twitter YouTube LinkedIn Instagram \u00c9quit\u00e9, diversit\u00e9 et inclusion en&nbsp;IA Le CIFAR et ses partenaires s&rsquo;engagent \u00e0 faire progresser l&rsquo;\u00e9quit\u00e9, la diversit\u00e9 et l&rsquo;inclusion [&hellip;]<\/p>\n","protected":false},"author":76,"featured_media":53089,"parent":52888,"menu_order":0,"comment_status":"closed","ping_status":"closed","template":"","meta":{"_acf_changed":false,"footnotes":""},"class_list":["post-52891","page","type-page","status-publish","has-post-thumbnail","hentry"],"acf":[],"yoast_head":"<!-- This site is optimized with the Yoast SEO plugin v27.2 - https:\/\/yoast.com\/product\/yoast-seo-wordpress\/ -->\n<title>CIFAR<\/title>\n<meta name=\"description\" content=\"Pour une intelligence artificielle inclusive, \u00e9quitable et diversifi\u00e9e au Canada et ailleurs dans le monde.\" \/>\n<meta name=\"robots\" content=\"index, follow, max-snippet:-1, max-image-preview:large, max-video-preview:-1\" \/>\n<link rel=\"canonical\" href=\"https:\/\/cifar.ca\/fr\/ia\/equite-diversite-et-inclusion-en-ia\/\" \/>\n<meta property=\"og:locale\" content=\"fr_FR\" \/>\n<meta property=\"og:type\" content=\"article\" \/>\n<meta property=\"og:title\" content=\"\u00c9quit\u00e9, diversit\u00e9 et inclusion en IA - CIFAR\" \/>\n<meta property=\"og:description\" content=\"Pour une intelligence artificielle inclusive, \u00e9quitable et diversifi\u00e9e au Canada et ailleurs dans le monde.\" \/>\n<meta property=\"og:url\" content=\"https:\/\/cifar.ca\/fr\/ia\/equite-diversite-et-inclusion-en-ia\/\" \/>\n<meta property=\"og:site_name\" content=\"CIFAR\" \/>\n<meta property=\"article:modified_time\" content=\"2025-12-17T11:03:09+00:00\" \/>\n<meta property=\"og:image\" content=\"https:\/\/cifar.ca\/wp-content\/uploads\/2022\/06\/og-image-edi-fr.jpg\" \/>\n\t<meta property=\"og:image:width\" content=\"1200\" \/>\n\t<meta property=\"og:image:height\" content=\"630\" \/>\n\t<meta property=\"og:image:type\" content=\"image\/jpeg\" \/>\n<meta name=\"twitter:card\" content=\"summary_large_image\" \/>\n<meta name=\"twitter:image\" content=\"https:\/\/cifar.ca\/wp-content\/uploads\/2022\/06\/og-image-edi-fr.jpg\" \/>\n<meta name=\"twitter:label1\" content=\"Dur\u00e9e de lecture estim\u00e9e\" \/>\n\t<meta name=\"twitter:data1\" content=\"2 minutes\" \/>\n<script type=\"application\/ld+json\" class=\"yoast-schema-graph\">{\"@context\":\"https:\/\/schema.org\",\"@graph\":[{\"@type\":\"WebPage\",\"@id\":\"https:\/\/cifar.ca\/fr\/ia\/equite-diversite-et-inclusion-en-ia\/\",\"url\":\"https:\/\/cifar.ca\/fr\/ia\/equite-diversite-et-inclusion-en-ia\/\",\"name\":\"\u00c9quit\u00e9, diversit\u00e9 et inclusion en IA - CIFAR\",\"isPartOf\":{\"@id\":\"https:\/\/cifar.ca\/fr\/#website\"},\"primaryImageOfPage\":{\"@id\":\"https:\/\/cifar.ca\/fr\/ia\/equite-diversite-et-inclusion-en-ia\/#primaryimage\"},\"image\":{\"@id\":\"https:\/\/cifar.ca\/fr\/ia\/equite-diversite-et-inclusion-en-ia\/#primaryimage\"},\"thumbnailUrl\":\"https:\/\/cifar.ca\/wp-content\/uploads\/2022\/06\/og-image-edi-eng.jpg\",\"datePublished\":\"2022-06-10T14:34:33+00:00\",\"dateModified\":\"2025-12-17T11:03:09+00:00\",\"description\":\"Pour une intelligence artificielle inclusive, \u00e9quitable et diversifi\u00e9e au Canada et ailleurs dans le monde.\",\"breadcrumb\":{\"@id\":\"https:\/\/cifar.ca\/fr\/ia\/equite-diversite-et-inclusion-en-ia\/#breadcrumb\"},\"inLanguage\":\"fr-FR\",\"potentialAction\":[{\"@type\":\"ReadAction\",\"target\":[\"https:\/\/cifar.ca\/fr\/ia\/equite-diversite-et-inclusion-en-ia\/\"]}]},{\"@type\":\"ImageObject\",\"inLanguage\":\"fr-FR\",\"@id\":\"https:\/\/cifar.ca\/fr\/ia\/equite-diversite-et-inclusion-en-ia\/#primaryimage\",\"url\":\"https:\/\/cifar.ca\/wp-content\/uploads\/2022\/06\/og-image-edi-eng.jpg\",\"contentUrl\":\"https:\/\/cifar.ca\/wp-content\/uploads\/2022\/06\/og-image-edi-eng.jpg\",\"width\":1200,\"height\":630,\"caption\":\"The Pan-Canadian AI Strategy \u2014 CIFAR, amii, Mila, Vector Institute\"},{\"@type\":\"BreadcrumbList\",\"@id\":\"https:\/\/cifar.ca\/fr\/ia\/equite-diversite-et-inclusion-en-ia\/#breadcrumb\",\"itemListElement\":[{\"@type\":\"ListItem\",\"position\":1,\"name\":\"Acceuil\",\"item\":\"https:\/\/cifar.ca\/fr\/\"},{\"@type\":\"ListItem\",\"position\":2,\"name\":\"Strat\u00e9gie pancanadienne en mati\u00e8re d\u2019IA\",\"item\":\"https:\/\/cifar.ca\/fr\/ia\/\"},{\"@type\":\"ListItem\",\"position\":3,\"name\":\"\u00c9quit\u00e9, diversit\u00e9 et inclusion en IA\"}]},{\"@type\":\"WebSite\",\"@id\":\"https:\/\/cifar.ca\/fr\/#website\",\"url\":\"https:\/\/cifar.ca\/fr\/\",\"name\":\"CIFAR\",\"description\":\"Convoquer des esprits extraordinaires pour r\u00e9pondre aux questions les plus importantes auxquelles la science et l'humanit\u00e9 sont confront\u00e9es.\",\"publisher\":{\"@id\":\"https:\/\/cifar.ca\/fr\/#organization\"},\"potentialAction\":[{\"@type\":\"SearchAction\",\"target\":{\"@type\":\"EntryPoint\",\"urlTemplate\":\"https:\/\/cifar.ca\/fr\/?s={search_term_string}\"},\"query-input\":{\"@type\":\"PropertyValueSpecification\",\"valueRequired\":true,\"valueName\":\"search_term_string\"}}],\"inLanguage\":\"fr-FR\"},{\"@type\":\"Organization\",\"@id\":\"https:\/\/cifar.ca\/fr\/#organization\",\"name\":\"CIFAR\",\"url\":\"https:\/\/cifar.ca\/fr\/\",\"logo\":{\"@type\":\"ImageObject\",\"inLanguage\":\"fr-FR\",\"@id\":\"https:\/\/cifar.ca\/fr\/#\/schema\/logo\/image\/\",\"url\":\"https:\/\/cifar.ca\/wp-content\/uploads\/2020\/01\/cifar-logo-rgb-colour.png\",\"contentUrl\":\"https:\/\/cifar.ca\/wp-content\/uploads\/2020\/01\/cifar-logo-rgb-colour.png\",\"width\":1884,\"height\":681,\"caption\":\"CIFAR\"},\"image\":{\"@id\":\"https:\/\/cifar.ca\/fr\/#\/schema\/logo\/image\/\"}}]}<\/script>\n<!-- \/ Yoast SEO plugin. -->","yoast_head_json":{"title":"CIFAR","description":"Pour une intelligence artificielle inclusive, \u00e9quitable et diversifi\u00e9e au Canada et ailleurs dans le monde.","robots":{"index":"index","follow":"follow","max-snippet":"max-snippet:-1","max-image-preview":"max-image-preview:large","max-video-preview":"max-video-preview:-1"},"canonical":"https:\/\/cifar.ca\/fr\/ia\/equite-diversite-et-inclusion-en-ia\/","og_locale":"fr_FR","og_type":"article","og_title":"\u00c9quit\u00e9, diversit\u00e9 et inclusion en IA - CIFAR","og_description":"Pour une intelligence artificielle inclusive, \u00e9quitable et diversifi\u00e9e au Canada et ailleurs dans le monde.","og_url":"https:\/\/cifar.ca\/fr\/ia\/equite-diversite-et-inclusion-en-ia\/","og_site_name":"CIFAR","article_modified_time":"2025-12-17T11:03:09+00:00","og_image":[{"width":1200,"height":630,"url":"https:\/\/cifar.ca\/wp-content\/uploads\/2022\/06\/og-image-edi-fr.jpg","type":"image\/jpeg"}],"twitter_card":"summary_large_image","twitter_image":"https:\/\/cifar.ca\/wp-content\/uploads\/2022\/06\/og-image-edi-fr.jpg","twitter_misc":{"Dur\u00e9e de lecture estim\u00e9e":"2 minutes"},"schema":{"@context":"https:\/\/schema.org","@graph":[{"@type":"WebPage","@id":"https:\/\/cifar.ca\/fr\/ia\/equite-diversite-et-inclusion-en-ia\/","url":"https:\/\/cifar.ca\/fr\/ia\/equite-diversite-et-inclusion-en-ia\/","name":"\u00c9quit\u00e9, diversit\u00e9 et inclusion en IA - CIFAR","isPartOf":{"@id":"https:\/\/cifar.ca\/fr\/#website"},"primaryImageOfPage":{"@id":"https:\/\/cifar.ca\/fr\/ia\/equite-diversite-et-inclusion-en-ia\/#primaryimage"},"image":{"@id":"https:\/\/cifar.ca\/fr\/ia\/equite-diversite-et-inclusion-en-ia\/#primaryimage"},"thumbnailUrl":"https:\/\/cifar.ca\/wp-content\/uploads\/2022\/06\/og-image-edi-eng.jpg","datePublished":"2022-06-10T14:34:33+00:00","dateModified":"2025-12-17T11:03:09+00:00","description":"Pour une intelligence artificielle inclusive, \u00e9quitable et diversifi\u00e9e au Canada et ailleurs dans le monde.","breadcrumb":{"@id":"https:\/\/cifar.ca\/fr\/ia\/equite-diversite-et-inclusion-en-ia\/#breadcrumb"},"inLanguage":"fr-FR","potentialAction":[{"@type":"ReadAction","target":["https:\/\/cifar.ca\/fr\/ia\/equite-diversite-et-inclusion-en-ia\/"]}]},{"@type":"ImageObject","inLanguage":"fr-FR","@id":"https:\/\/cifar.ca\/fr\/ia\/equite-diversite-et-inclusion-en-ia\/#primaryimage","url":"https:\/\/cifar.ca\/wp-content\/uploads\/2022\/06\/og-image-edi-eng.jpg","contentUrl":"https:\/\/cifar.ca\/wp-content\/uploads\/2022\/06\/og-image-edi-eng.jpg","width":1200,"height":630,"caption":"The Pan-Canadian AI Strategy \u2014 CIFAR, amii, Mila, Vector Institute"},{"@type":"BreadcrumbList","@id":"https:\/\/cifar.ca\/fr\/ia\/equite-diversite-et-inclusion-en-ia\/#breadcrumb","itemListElement":[{"@type":"ListItem","position":1,"name":"Acceuil","item":"https:\/\/cifar.ca\/fr\/"},{"@type":"ListItem","position":2,"name":"Strat\u00e9gie pancanadienne en mati\u00e8re d\u2019IA","item":"https:\/\/cifar.ca\/fr\/ia\/"},{"@type":"ListItem","position":3,"name":"\u00c9quit\u00e9, diversit\u00e9 et inclusion en IA"}]},{"@type":"WebSite","@id":"https:\/\/cifar.ca\/fr\/#website","url":"https:\/\/cifar.ca\/fr\/","name":"CIFAR","description":"Convoquer des esprits extraordinaires pour r\u00e9pondre aux questions les plus importantes auxquelles la science et l'humanit\u00e9 sont confront\u00e9es.","publisher":{"@id":"https:\/\/cifar.ca\/fr\/#organization"},"potentialAction":[{"@type":"SearchAction","target":{"@type":"EntryPoint","urlTemplate":"https:\/\/cifar.ca\/fr\/?s={search_term_string}"},"query-input":{"@type":"PropertyValueSpecification","valueRequired":true,"valueName":"search_term_string"}}],"inLanguage":"fr-FR"},{"@type":"Organization","@id":"https:\/\/cifar.ca\/fr\/#organization","name":"CIFAR","url":"https:\/\/cifar.ca\/fr\/","logo":{"@type":"ImageObject","inLanguage":"fr-FR","@id":"https:\/\/cifar.ca\/fr\/#\/schema\/logo\/image\/","url":"https:\/\/cifar.ca\/wp-content\/uploads\/2020\/01\/cifar-logo-rgb-colour.png","contentUrl":"https:\/\/cifar.ca\/wp-content\/uploads\/2020\/01\/cifar-logo-rgb-colour.png","width":1884,"height":681,"caption":"CIFAR"},"image":{"@id":"https:\/\/cifar.ca\/fr\/#\/schema\/logo\/image\/"}}]}},"_links":{"self":[{"href":"https:\/\/cifar.ca\/fr\/wp-json\/wp\/v2\/pages\/52891","targetHints":{"allow":["GET"]}}],"collection":[{"href":"https:\/\/cifar.ca\/fr\/wp-json\/wp\/v2\/pages"}],"about":[{"href":"https:\/\/cifar.ca\/fr\/wp-json\/wp\/v2\/types\/page"}],"author":[{"embeddable":true,"href":"https:\/\/cifar.ca\/fr\/wp-json\/wp\/v2\/users\/76"}],"replies":[{"embeddable":true,"href":"https:\/\/cifar.ca\/fr\/wp-json\/wp\/v2\/comments?post=52891"}],"version-history":[{"count":0,"href":"https:\/\/cifar.ca\/fr\/wp-json\/wp\/v2\/pages\/52891\/revisions"}],"up":[{"embeddable":true,"href":"https:\/\/cifar.ca\/fr\/wp-json\/wp\/v2\/pages\/52888"}],"wp:featuredmedia":[{"embeddable":true,"href":"https:\/\/cifar.ca\/fr\/wp-json\/wp\/v2\/media\/53089"}],"wp:attachment":[{"href":"https:\/\/cifar.ca\/fr\/wp-json\/wp\/v2\/media?parent=52891"}],"curies":[{"name":"wp","href":"https:\/\/api.w.org\/{rel}","templated":true}]}}