{"id":54890,"date":"2023-03-16T12:36:22","date_gmt":"2023-03-16T16:36:22","guid":{"rendered":"https:\/\/cifar.ca\/?page_id=54890"},"modified":"2025-12-17T06:37:01","modified_gmt":"2025-12-17T11:37:01","slug":"laissez-une-trace","status":"publish","type":"page","link":"https:\/\/cifar.ca\/fr\/soutenez-nous\/laissez-une-trace\/","title":{"rendered":"Laissez une trace"},"content":{"rendered":"\r\n\r\n\t\t\t<h2>\r\n\t\t\tSuivez-nous\t\t<\/h2>\r\n\t\t<button class='connect square balloon white-transparent facebook left' data-url='https:\/\/www.facebook.com\/CIFAR\/' aria-haspopup=\"false\"   aria-label='Suis nous surFaceBook' data-balloon-pos='right'>\r\n\t\t\tFaceBook\r\n\t\t<\/button>\r\n\t\t<button class='connect square balloon white-transparent twitter' data-url='https:\/\/twitter.com\/cifar_news' aria-haspopup=\"false\"   aria-label='Suis nous surTwitter' data-balloon-pos='right'>\r\n\t\t\tTwitter\r\n\t\t<\/button>\r\n\t\t<button class='connect square balloon white-transparent youtube left' data-url='https:\/\/www.youtube.com\/channel\/UCZj1nnTIiutUjEg-22e8UTA' aria-haspopup=\"false\"   aria-label='Suis nous surYouTube' data-balloon-pos='right'>\r\n\t\t\tYouTube\r\n\t\t<\/button>\r\n\t\t<button class='connect square balloon white-transparent linkedin' data-url='https:\/\/ca.linkedin.com\/company\/canadian-institute-for-advanced-research' aria-haspopup=\"false\"   aria-label='Suis nous surLinkedIn' data-balloon-pos='right'>\r\n\t\t\tLinkedIn\r\n\t\t<\/button>\r\n\t\t<button class='connect square balloon white-transparent instagram left' data-url='https:\/\/www.instagram.com\/cifar.ca_fr\/' aria-haspopup=\"false\"   aria-label='Suis nous surInstagram' data-balloon-pos='right'>\r\n\t\t\tInstagram\r\n\t\t<\/button>\r\n\r\n\t\t\t\t<img loading=\"lazy\" decoding=\"async\" src=\"https:\/\/cifar.ca\/wp-content\/uploads\/2020\/09\/lines-for-web-2.0-small-01.png\" alt=\"smaller line_two\" itemprop=\"image\" height=\"34\" width=\"34\" title=\"lines for web 2.0 small -01\" onerror=\"this.style.display='none'\"  \/>\t\t\t\t\t\r\n\t<h4>Vous \u00eates PERSPICACE &#8211; et vous anticipez clairement ce qui se passera bient\u00f4t et l&rsquo;avenir lointain.<\/h4>\r\n<h4>La CURIOSIT\u00c9 vous anime &#8211; et vous cherchez \u00e0 comprendre les merveilles de la science et de la soci\u00e9t\u00e9.<\/h4>\r\n<h4>Vous \u00eates VISIONNAIRE &#8211; et vous tenez \u00e0 am\u00e9liorer le milieu naturel et l&rsquo;environnement social pour les g\u00e9n\u00e9rations futures.<\/h4>\r\n<p>Plus nous d\u00e9couvrons de choses &#8211; sur les microorganismes qui nous entourent, sur notre \u00eatre physique et mental, sur les soci\u00e9t\u00e9s que nous b\u00e2tissons, sur l&rsquo;orbe majestueux que nous habitons, sur les plan\u00e8tes du syst\u00e8me solaire, sur notre place parmi les \u00e9toiles et sur les galaxies inaccessibles &#8211; plus il y a de choses \u00e0 apprendre.<\/p>\r\n<p>ET POURTANT, VOTRE \u00c9MERVEILLEMENT N&rsquo;A DE CESSE. La splendeur, la richesse et la complexit\u00e9 de notre monde naturel et social vous inspirent. Et cet engagement, cette curiosit\u00e9 sans bornes motivent les scientifiques du CIFAR \u00e0 poursuivre leur qu\u00eate de d\u00e9couvertes&#8230; et de r\u00e9ponses.<\/p>\r\n<p>L&rsquo;ajout d&rsquo;une seule phrase \u00e0 votre testament peut assurer un avenir meilleur aux g\u00e9n\u00e9rations futures. Si vous envisagez de faire un don testamentaire, nous serions ravis de discuter avec vous de votre vision d&rsquo;un avenir meilleur.<\/p>\r\n<p>Contactez <a href=\"mailto:giving@cifar.ca\">giving@cifar.ca<\/a> \/ 416-971-4877.<\/p>\r\n<p>&nbsp;<\/p>\r\n\t\t\t\t<img decoding=\"async\" src=\"https:\/\/cifar.ca\/wp-content\/plugins\/bb-plugin\/img\/pixel.png\" alt=\"\" itemprop=\"image\" onerror=\"this.style.display='none'\"  \/>\t\t\t\t\t\r\n                        \r\n                <!--[if IE 9]><video style=\"display: none;><![endif]-->\r\n                <source data-src=\"https:\/\/cifar.ca\/wp-content\/uploads\/2023\/03\/Legacy_1-430x450.jpg\"\r\n                    media=\"--media-collage-small\" \/>\r\n                <source data-src=\"https:\/\/cifar.ca\/wp-content\/uploads\/2023\/03\/Legacy_1-780x450.jpg\"\r\n                    media=\"--media-collage-medium\" \/>\r\n                <source data-src=\"https:\/\/cifar.ca\/wp-content\/uploads\/2023\/03\/Legacy_1.jpg \/>\u00a0\u00bb\r\n                <!--[if IE 9]><\/video><![endif]-->\r\n                <img data-src=\"https:\/\/cifar.ca\/wp-content\/uploads\/2023\/03\/Legacy_1.jpg\"\r\n                                        alt=\"And man and woman sit with their granddaughter. They are smiling. The man is wearing a blue shirt and plaid button down and the granddaughter is wearing a pink tshirt\" \/>\r\n            \r\n                        \r\n                <!--[if IE 9]><video style=\"display: none;><![endif]-->\r\n                <source data-src=\"https:\/\/cifar.ca\/wp-content\/uploads\/2023\/03\/Legacy_2-430x450.jpg\"\r\n                    media=\"--media-collage-small\" \/>\r\n                <source data-src=\"https:\/\/cifar.ca\/wp-content\/uploads\/2023\/03\/Legacy_2-480x450.jpg\"\r\n                    media=\"--media-collage-medium\" \/>\r\n                <source data-src=\"https:\/\/cifar.ca\/wp-content\/uploads\/2023\/03\/Legacy_2-480x450.jpg \/>\u00a0\u00bb\r\n                <!--[if IE 9]><\/video><![endif]-->\r\n                <img data-src=\"https:\/\/cifar.ca\/wp-content\/uploads\/2023\/03\/Legacy_2-480x450.jpg\"\r\n                                        alt=\"A man with white hair, white beard and glasses talks with a woman. He is wearing a blue suit and is holding a tablet. The woman is wearing a beige suit, has curly hair styled in an afro; her hands are clasped. They are both smiling\" \/>\r\n            \r\n                        \r\n                <!--[if IE 9]><video style=\"display: none;><![endif]-->\r\n                <source data-src=\"https:\/\/cifar.ca\/wp-content\/uploads\/2023\/03\/Legacy_3-430x450.jpg\"\r\n                    media=\"--media-collage-small\" \/>\r\n                <source data-src=\"https:\/\/cifar.ca\/wp-content\/uploads\/2023\/03\/Legacy_3-480x450.jpg\"\r\n                    media=\"--media-collage-medium\" \/>\r\n                <source data-src=\"https:\/\/cifar.ca\/wp-content\/uploads\/2023\/03\/Legacy_3-480x450.jpg \/>\u00a0\u00bb\r\n                <!--[if IE 9]><\/video><![endif]-->\r\n                <img data-src=\"https:\/\/cifar.ca\/wp-content\/uploads\/2023\/03\/Legacy_3-480x450.jpg\"\r\n                                        alt=\"Two researchers, one a black woman, the other an asian man, look at a tree in a greenhouse. They are wearing blue latex gloves and white protective suits. The woman researcher is holding a tablet\" \/>\r\n            \r\n<h2>\r\n\t\tSoutenez-nous\r\n\t<\/h2>\r\n\t<p>L&rsquo;Institut canadien de recherches avanc\u00e9es (CIFAR) est une organisation de recherche d&rsquo;influence mondiale fi\u00e8rement bas\u00e9e au Canada. Nous mobilisons les plus brillants personnes du monde, dans toutes les disciplines et \u00e0 tous les stades de carri\u00e8re, pour faire progresser les connaissances transformatrices et r\u00e9soudre ensemble les plus grands probl\u00e8mes de l&rsquo;humanit\u00e9. Nous recevons l&rsquo;appui des gouvernements du Canada, de l&rsquo;Alberta et du Qu\u00e9bec, ainsi que de fondations, de particuliers, d&rsquo;entreprises et d&rsquo;organisations partenaires du Canada et du monde entier.<\/p>\r\n   <!-- Mandeep add class on anchor -->\r\n\t<a href=\"https:\/\/cifar.ca\/fr\/dons\/\" target=\"_self\">\r\n\t\t\t\t\tDons\t\t\t\t\t\t\t\r\n\t\t\t\t\t\t<\/a>\r\n\r\n","protected":false},"excerpt":{"rendered":"<p>Suivez-nous FaceBook Twitter YouTube LinkedIn Instagram Vous \u00eates PERSPICACE &#8211; et vous anticipez clairement ce qui se passera bient\u00f4t et l&rsquo;avenir lointain. La CURIOSIT\u00c9 vous [&hellip;]<\/p>\n","protected":false},"author":65,"featured_media":54733,"parent":14266,"menu_order":0,"comment_status":"closed","ping_status":"closed","template":"","meta":{"_acf_changed":false,"footnotes":""},"class_list":["post-54890","page","type-page","status-publish","has-post-thumbnail","hentry"],"acf":[],"yoast_head":"<!-- This site is optimized with the Yoast SEO plugin v27.2 - https:\/\/yoast.com\/product\/yoast-seo-wordpress\/ -->\n<title>CIFAR<\/title>\n<meta name=\"robots\" content=\"index, follow, max-snippet:-1, max-image-preview:large, max-video-preview:-1\" \/>\n<link rel=\"canonical\" href=\"https:\/\/cifar.ca\/fr\/soutenez-nous\/laissez-une-trace\/\" \/>\n<meta property=\"og:locale\" content=\"fr_FR\" \/>\n<meta property=\"og:type\" content=\"article\" \/>\n<meta property=\"og:title\" content=\"Laissez une trace - CIFAR\" \/>\n<meta property=\"og:description\" content=\"Suivez-nous FaceBook Twitter YouTube LinkedIn Instagram Vous \u00eates PERSPICACE &#8211; et vous anticipez clairement ce qui se passera bient\u00f4t et l&rsquo;avenir lointain. La CURIOSIT\u00c9 vous [&hellip;]\" \/>\n<meta property=\"og:url\" content=\"https:\/\/cifar.ca\/fr\/soutenez-nous\/laissez-une-trace\/\" \/>\n<meta property=\"og:site_name\" content=\"CIFAR\" \/>\n<meta property=\"article:modified_time\" content=\"2025-12-17T11:37:01+00:00\" \/>\n<meta property=\"og:image\" content=\"https:\/\/cifar.ca\/wp-content\/uploads\/2023\/03\/Legacy_web.jpg\" \/>\n\t<meta property=\"og:image:width\" content=\"1280\" \/>\n\t<meta property=\"og:image:height\" content=\"524\" \/>\n\t<meta property=\"og:image:type\" content=\"image\/jpeg\" \/>\n<meta name=\"twitter:card\" content=\"summary_large_image\" \/>\n<meta name=\"twitter:label1\" content=\"Dur\u00e9e de lecture estim\u00e9e\" \/>\n\t<meta name=\"twitter:data1\" content=\"3 minutes\" \/>\n<script type=\"application\/ld+json\" class=\"yoast-schema-graph\">{\"@context\":\"https:\/\/schema.org\",\"@graph\":[{\"@type\":\"WebPage\",\"@id\":\"https:\/\/cifar.ca\/fr\/soutenez-nous\/laissez-une-trace\/\",\"url\":\"https:\/\/cifar.ca\/fr\/soutenez-nous\/laissez-une-trace\/\",\"name\":\"Laissez une trace - CIFAR\",\"isPartOf\":{\"@id\":\"https:\/\/cifar.ca\/fr\/#website\"},\"primaryImageOfPage\":{\"@id\":\"https:\/\/cifar.ca\/fr\/soutenez-nous\/laissez-une-trace\/#primaryimage\"},\"image\":{\"@id\":\"https:\/\/cifar.ca\/fr\/soutenez-nous\/laissez-une-trace\/#primaryimage\"},\"thumbnailUrl\":\"https:\/\/cifar.ca\/wp-content\/uploads\/2023\/03\/Legacy_web.jpg\",\"datePublished\":\"2023-03-16T16:36:22+00:00\",\"dateModified\":\"2025-12-17T11:37:01+00:00\",\"breadcrumb\":{\"@id\":\"https:\/\/cifar.ca\/fr\/soutenez-nous\/laissez-une-trace\/#breadcrumb\"},\"inLanguage\":\"fr-FR\",\"potentialAction\":[{\"@type\":\"ReadAction\",\"target\":[\"https:\/\/cifar.ca\/fr\/soutenez-nous\/laissez-une-trace\/\"]}]},{\"@type\":\"ImageObject\",\"inLanguage\":\"fr-FR\",\"@id\":\"https:\/\/cifar.ca\/fr\/soutenez-nous\/laissez-une-trace\/#primaryimage\",\"url\":\"https:\/\/cifar.ca\/wp-content\/uploads\/2023\/03\/Legacy_web.jpg\",\"contentUrl\":\"https:\/\/cifar.ca\/wp-content\/uploads\/2023\/03\/Legacy_web.jpg\",\"width\":1280,\"height\":524},{\"@type\":\"BreadcrumbList\",\"@id\":\"https:\/\/cifar.ca\/fr\/soutenez-nous\/laissez-une-trace\/#breadcrumb\",\"itemListElement\":[{\"@type\":\"ListItem\",\"position\":1,\"name\":\"Acceuil\",\"item\":\"https:\/\/cifar.ca\/fr\/\"},{\"@type\":\"ListItem\",\"position\":2,\"name\":\"Soutenez-nous\",\"item\":\"https:\/\/cifar.ca\/fr\/soutenez-nous\/\"},{\"@type\":\"ListItem\",\"position\":3,\"name\":\"Laissez une trace\"}]},{\"@type\":\"WebSite\",\"@id\":\"https:\/\/cifar.ca\/fr\/#website\",\"url\":\"https:\/\/cifar.ca\/fr\/\",\"name\":\"CIFAR\",\"description\":\"Convoquer des esprits extraordinaires pour r\u00e9pondre aux questions les plus importantes auxquelles la science et l'humanit\u00e9 sont confront\u00e9es.\",\"publisher\":{\"@id\":\"https:\/\/cifar.ca\/fr\/#organization\"},\"potentialAction\":[{\"@type\":\"SearchAction\",\"target\":{\"@type\":\"EntryPoint\",\"urlTemplate\":\"https:\/\/cifar.ca\/fr\/?s={search_term_string}\"},\"query-input\":{\"@type\":\"PropertyValueSpecification\",\"valueRequired\":true,\"valueName\":\"search_term_string\"}}],\"inLanguage\":\"fr-FR\"},{\"@type\":\"Organization\",\"@id\":\"https:\/\/cifar.ca\/fr\/#organization\",\"name\":\"CIFAR\",\"url\":\"https:\/\/cifar.ca\/fr\/\",\"logo\":{\"@type\":\"ImageObject\",\"inLanguage\":\"fr-FR\",\"@id\":\"https:\/\/cifar.ca\/fr\/#\/schema\/logo\/image\/\",\"url\":\"https:\/\/cifar.ca\/wp-content\/uploads\/2020\/01\/cifar-logo-rgb-colour.png\",\"contentUrl\":\"https:\/\/cifar.ca\/wp-content\/uploads\/2020\/01\/cifar-logo-rgb-colour.png\",\"width\":1884,\"height\":681,\"caption\":\"CIFAR\"},\"image\":{\"@id\":\"https:\/\/cifar.ca\/fr\/#\/schema\/logo\/image\/\"}}]}<\/script>\n<!-- \/ Yoast SEO plugin. -->","yoast_head_json":{"title":"CIFAR","robots":{"index":"index","follow":"follow","max-snippet":"max-snippet:-1","max-image-preview":"max-image-preview:large","max-video-preview":"max-video-preview:-1"},"canonical":"https:\/\/cifar.ca\/fr\/soutenez-nous\/laissez-une-trace\/","og_locale":"fr_FR","og_type":"article","og_title":"Laissez une trace - CIFAR","og_description":"Suivez-nous FaceBook Twitter YouTube LinkedIn Instagram Vous \u00eates PERSPICACE &#8211; et vous anticipez clairement ce qui se passera bient\u00f4t et l&rsquo;avenir lointain. La CURIOSIT\u00c9 vous [&hellip;]","og_url":"https:\/\/cifar.ca\/fr\/soutenez-nous\/laissez-une-trace\/","og_site_name":"CIFAR","article_modified_time":"2025-12-17T11:37:01+00:00","og_image":[{"width":1280,"height":524,"url":"https:\/\/cifar.ca\/wp-content\/uploads\/2023\/03\/Legacy_web.jpg","type":"image\/jpeg"}],"twitter_card":"summary_large_image","twitter_misc":{"Dur\u00e9e de lecture estim\u00e9e":"3 minutes"},"schema":{"@context":"https:\/\/schema.org","@graph":[{"@type":"WebPage","@id":"https:\/\/cifar.ca\/fr\/soutenez-nous\/laissez-une-trace\/","url":"https:\/\/cifar.ca\/fr\/soutenez-nous\/laissez-une-trace\/","name":"Laissez une trace - CIFAR","isPartOf":{"@id":"https:\/\/cifar.ca\/fr\/#website"},"primaryImageOfPage":{"@id":"https:\/\/cifar.ca\/fr\/soutenez-nous\/laissez-une-trace\/#primaryimage"},"image":{"@id":"https:\/\/cifar.ca\/fr\/soutenez-nous\/laissez-une-trace\/#primaryimage"},"thumbnailUrl":"https:\/\/cifar.ca\/wp-content\/uploads\/2023\/03\/Legacy_web.jpg","datePublished":"2023-03-16T16:36:22+00:00","dateModified":"2025-12-17T11:37:01+00:00","breadcrumb":{"@id":"https:\/\/cifar.ca\/fr\/soutenez-nous\/laissez-une-trace\/#breadcrumb"},"inLanguage":"fr-FR","potentialAction":[{"@type":"ReadAction","target":["https:\/\/cifar.ca\/fr\/soutenez-nous\/laissez-une-trace\/"]}]},{"@type":"ImageObject","inLanguage":"fr-FR","@id":"https:\/\/cifar.ca\/fr\/soutenez-nous\/laissez-une-trace\/#primaryimage","url":"https:\/\/cifar.ca\/wp-content\/uploads\/2023\/03\/Legacy_web.jpg","contentUrl":"https:\/\/cifar.ca\/wp-content\/uploads\/2023\/03\/Legacy_web.jpg","width":1280,"height":524},{"@type":"BreadcrumbList","@id":"https:\/\/cifar.ca\/fr\/soutenez-nous\/laissez-une-trace\/#breadcrumb","itemListElement":[{"@type":"ListItem","position":1,"name":"Acceuil","item":"https:\/\/cifar.ca\/fr\/"},{"@type":"ListItem","position":2,"name":"Soutenez-nous","item":"https:\/\/cifar.ca\/fr\/soutenez-nous\/"},{"@type":"ListItem","position":3,"name":"Laissez une trace"}]},{"@type":"WebSite","@id":"https:\/\/cifar.ca\/fr\/#website","url":"https:\/\/cifar.ca\/fr\/","name":"CIFAR","description":"Convoquer des esprits extraordinaires pour r\u00e9pondre aux questions les plus importantes auxquelles la science et l'humanit\u00e9 sont confront\u00e9es.","publisher":{"@id":"https:\/\/cifar.ca\/fr\/#organization"},"potentialAction":[{"@type":"SearchAction","target":{"@type":"EntryPoint","urlTemplate":"https:\/\/cifar.ca\/fr\/?s={search_term_string}"},"query-input":{"@type":"PropertyValueSpecification","valueRequired":true,"valueName":"search_term_string"}}],"inLanguage":"fr-FR"},{"@type":"Organization","@id":"https:\/\/cifar.ca\/fr\/#organization","name":"CIFAR","url":"https:\/\/cifar.ca\/fr\/","logo":{"@type":"ImageObject","inLanguage":"fr-FR","@id":"https:\/\/cifar.ca\/fr\/#\/schema\/logo\/image\/","url":"https:\/\/cifar.ca\/wp-content\/uploads\/2020\/01\/cifar-logo-rgb-colour.png","contentUrl":"https:\/\/cifar.ca\/wp-content\/uploads\/2020\/01\/cifar-logo-rgb-colour.png","width":1884,"height":681,"caption":"CIFAR"},"image":{"@id":"https:\/\/cifar.ca\/fr\/#\/schema\/logo\/image\/"}}]}},"_links":{"self":[{"href":"https:\/\/cifar.ca\/fr\/wp-json\/wp\/v2\/pages\/54890","targetHints":{"allow":["GET"]}}],"collection":[{"href":"https:\/\/cifar.ca\/fr\/wp-json\/wp\/v2\/pages"}],"about":[{"href":"https:\/\/cifar.ca\/fr\/wp-json\/wp\/v2\/types\/page"}],"author":[{"embeddable":true,"href":"https:\/\/cifar.ca\/fr\/wp-json\/wp\/v2\/users\/65"}],"replies":[{"embeddable":true,"href":"https:\/\/cifar.ca\/fr\/wp-json\/wp\/v2\/comments?post=54890"}],"version-history":[{"count":0,"href":"https:\/\/cifar.ca\/fr\/wp-json\/wp\/v2\/pages\/54890\/revisions"}],"up":[{"embeddable":true,"href":"https:\/\/cifar.ca\/fr\/wp-json\/wp\/v2\/pages\/14266"}],"wp:featuredmedia":[{"embeddable":true,"href":"https:\/\/cifar.ca\/fr\/wp-json\/wp\/v2\/media\/54733"}],"wp:attachment":[{"href":"https:\/\/cifar.ca\/fr\/wp-json\/wp\/v2\/media?parent=54890"}],"curies":[{"name":"wp","href":"https:\/\/api.w.org\/{rel}","templated":true}]}}