{"id":55893,"date":"2023-07-04T11:54:31","date_gmt":"2023-07-04T15:54:31","guid":{"rendered":"https:\/\/cifar.ca\/?page_id=55893"},"modified":"2025-12-17T07:02:21","modified_gmt":"2025-12-17T12:02:21","slug":"ailaunchlab","status":"publish","type":"page","link":"https:\/\/cifar.ca\/fr\/ia\/objectifia\/ailaunchlab\/","title":{"rendered":"AI Launch Lab"},"content":{"rendered":"\r\n\r\n\t\t\t<h2>\r\n\t\t\tSuivez-nous\t\t<\/h2>\r\n\t\t<button class='connect square balloon white-transparent facebook left' data-url='https:\/\/www.facebook.com\/CIFAR\/' aria-haspopup=\"false\"   aria-label='Suis nous surFaceBook' data-balloon-pos='right'>\r\n\t\t\tFaceBook\r\n\t\t<\/button>\r\n\t\t<button class='connect square balloon white-transparent twitter' data-url='https:\/\/twitter.com\/cifar_news' aria-haspopup=\"false\"   aria-label='Suis nous surTwitter' data-balloon-pos='right'>\r\n\t\t\tTwitter\r\n\t\t<\/button>\r\n\t\t<button class='connect square balloon white-transparent youtube left' data-url='https:\/\/www.youtube.com\/channel\/UCZj1nnTIiutUjEg-22e8UTA' aria-haspopup=\"false\"   aria-label='Suis nous surYouTube' data-balloon-pos='right'>\r\n\t\t\tYouTube\r\n\t\t<\/button>\r\n\t\t<button class='connect square balloon white-transparent linkedin' data-url='https:\/\/ca.linkedin.com\/company\/canadian-institute-for-advanced-research' aria-haspopup=\"false\"   aria-label='Suis nous surLinkedIn' data-balloon-pos='right'>\r\n\t\t\tLinkedIn\r\n\t\t<\/button>\r\n\t\t<button class='connect square balloon white-transparent instagram left' data-url='https:\/\/www.instagram.com\/cifar.ca_fr\/' aria-haspopup=\"false\"   aria-label='Suis nous surInstagram' data-balloon-pos='right'>\r\n\t\t\tInstagram\r\n\t\t<\/button>\r\n\t\t\t\t<h1><img decoding=\"async\" src=\"https:\/\/cifar.ca\/wp-content\/uploads\/2022\/12\/destination-ai-fr.svg\" alt=\"Objectif IA\" itemprop=\"image\" title=\"destination-ai-fr\" onerror=\"this.style.display='none'\"  \/><\/h1>\t\t\t\t\t\r\n\t<p>Entrez dans le monde de l&rsquo;intelligence artificielle<\/p>\r\n\t\t\t\t<img loading=\"lazy\" decoding=\"async\" src=\"https:\/\/cifar.ca\/wp-content\/uploads\/2022\/12\/desktop-fr-1_5x.png\" alt=\"Que veut vraiment dire IA? Comment influence-t-elle ma vie personnelle et professionnelle? Quels sont ses avantages et ses risques?\" itemprop=\"image\" height=\"641\" width=\"926\" title=\"desktop-fr-1_5x\" onerror=\"this.style.display='none'\"  \/>\t\t\t\t\t\r\n\t<h2>La Strat\u00e9gie pancanadienne en mati\u00e8re d&rsquo;IA au CIFAR accueille les participants des programmes de R\u00a0et\u00a0D du AI Launch Lab. Destination\u00a0AI vous donnera les outils pour comprendre le fonctionnement de l&rsquo;IA et son impact sur la\u00a0soci\u00e9t\u00e9.<\/h2>\r\n\t<p>Apprenez de certains des plus remarquables scientifiques du monde qui se penchent sur le r\u00f4le de l&rsquo;intelligence artificielle (IA) dans la vie quotidienne aujourd&rsquo;hui, et sur ce que r\u00e9serve le domaine \u00e0 l&rsquo;avenir.<\/p>\r\n   <!-- Mandeep add class on anchor -->\r\n\t<a href=\"https:\/\/openclassrooms.com\/fr\/courses\/6417031-objectif-ia-initiez-vous-a-lintelligence-artificielle?utm_source=cifar&#038;utm_medium=email&#038;utm_campaign=email_students_montaigne&#038;utm_content=objectif-ia\" target=\"_self\" rel=\"noopener\">\r\n\t\t\t\t\tS&rsquo;INSCRIRE SANS TARDER\t\t\t\t\t\t\t\r\n\t\t\t\t\t\t<\/a>\r\n\t\t\t\t<img loading=\"lazy\" decoding=\"async\" src=\"https:\/\/cifar.ca\/wp-content\/uploads\/2022\/06\/lines-for-web-2.0-small-01.png\" alt=\"smaller line\" itemprop=\"image\" height=\"34\" width=\"34\" title=\"lines-for-web-2.0-small-01\" onerror=\"this.style.display='none'\"  \/>\t\t\t\t\t\r\n<h2>\r\n\t\tSujets couverts :\r\n\t<\/h2>\r\n\t<ul>\r\n<li>Ce qu&rsquo;est vraiment l&rsquo;IA (et ce qu&rsquo;elle n&rsquo;est pas!).<\/li>\r\n<li>L&rsquo;impact de l&rsquo;intelligence artificielle sur le lieu de travail et la soci\u00e9t\u00e9 dans son ensemble.<\/li>\r\n<li>D\u00e9couvrez l&rsquo;envers du d\u00e9cor d&rsquo;un projet d&rsquo;intelligence artificielle et familiarisez-vous avec des concepts comme l&rsquo;apprentissage profond et l&rsquo;apprentissage automatique.<\/li>\r\n<\/ul>\r\n<p>Ce cours s&rsquo;adresse \u00e0 toute personne qui souhaite d\u00e9couvrir ce qu&rsquo;est l&rsquo;intelligence artificielle, comprendre son fonctionnement et en savoir davantage. <strong>Le cours est gratuit et il n&rsquo;y a pas de pr\u00e9requis.<\/strong><\/p>\r\n<strong>\u00c0 la fin du cours, vous recevrez un certificat \u00e0 pr\u00e9senter \u00e0 votre \u00e9cole ou \u00e0 votre employeur.<br \/>\r\n<\/strong>\r\n   <!-- Mandeep add class on anchor -->\r\n\t<a href=\"https:\/\/openclassrooms.com\/fr\/courses\/6417031-objectif-ia-initiez-vous-a-lintelligence-artificielle?utm_source=cifar&#038;utm_medium=email&#038;utm_campaign=email_students_montaigne&#038;utm_content=objectif-ia\" target=\"_self\" rel=\"noopener\">\r\n\t\t\t\tS&rsquo;INSCRIRE SANS TARDER\r\n\t\t\t<\/a>\r\n\t<hr \/>\r\n<p><strong>Vous pensez que ce programme pourrait int\u00e9resser les membres de votre\u00a0personnel?<\/strong><\/p>\r\n<p>Communiquez avec nous d\u00e8s aujourd&rsquo;hui <a href=\"mailto:ai@cifar.ca?subject=Objectif IA pour mes employ\u00e9s\">ai@cifar.ca<\/a> pour voir comment ce cours peut vous \u00eatre\u00a0utile.<\/p>\r\n\t\t\t\t<img loading=\"lazy\" decoding=\"async\" src=\"https:\/\/cifar.ca\/wp-content\/uploads\/2022\/06\/lines-for-web-2.0-small-03.png\" alt=\"smaller line_one\" itemprop=\"image\" height=\"34\" width=\"34\" title=\"lines-for-web-2.0-small-03\" onerror=\"this.style.display='none'\"  \/>\t\t\t\t\t\r\n<h2>\r\n\t\tFoire aux questions\r\n\t<\/h2>\r\n\t\t\t\t\t<h4>\u00c0 qui ce cours s&rsquo;adresse-t-il?<\/h4>\r\n\t\t\t\t\t\t<p>Ce cours s&rsquo;adresse \u00e0 toute personne qui souhaite d\u00e9couvrir ce qu&rsquo;est l&rsquo;intelligence artificielle, comprendre son fonctionnement et en savoir davantage. <strong>Il n&rsquo;y a aucun pr\u00e9requis.<\/strong><\/p>\r\n\t\t\t\t\t<h4>Qui sont les partenaires?<\/h4>\r\n\t\t\t\t\t\t<p>Objectif IA a \u00e9t\u00e9 con\u00e7u en partenariat avec l&rsquo;Institut Montaigne, OpenClassrooms et la Fondation Abeona.Ce cours a \u00e9t\u00e9 adapt\u00e9 pour un public canadien, en fran\u00e7ais et en anglais, avec le soutien du CIFAR dans le cadre de la Strat\u00e9gie pancanadienne en mati\u00e8re d&rsquo;intelligence artificielle.<a href=\"https:\/\/cifar.ca\/fr\/ia\/\">D\u00e9couvrez plus \u00e0 fond la Strat\u00e9gie pancanadienne en mati\u00e8re d&rsquo;IA<\/a> au CIFAR dont la mission est de faire progresser la recherche, la formation et l&rsquo;innovation en mati\u00e8re d&rsquo;IA au Canada, en partenariat avec le gouvernement du Canada et les trois instituts nationaux d&rsquo;IA : Amii \u00e0 Edmonton, Mila \u00e0 Montr\u00e9al et l&rsquo;Institut Vecteur \u00e0 Toronto.<\/p>\t\t\t\t\t\r\n\t\t\t\t\t<h4>Comment le cours se d\u00e9roule-t-il?<\/h4>\r\n\t\t\t\t\t\t<p>Le cours se donne en ligne, au rythme qui vous convient le mieux. Vous apprendrez au moyen de textes \u00e9crits et de vid\u00e9os, ainsi que de questionnaires contextuels occasionnels.<\/p>\r\n\t\t\t\t\t<h4>Combien de temps dure le cours?<\/h4>\r\n\t\t\t\t\t\t<p>Il faut compter environ 4 \u00e0 5 heures au total pour suivre le cours. Vous pouvez le diviser en plusieurs sections et les regarder au rythme qui vous convient le\u00a0mieux.<\/p>\r\n\t\t\t\t\t<h4>Que vais-je apprendre?<\/h4>\r\n\t\t\t\t\t\t<p>Voici les sujets couverts :<\/p>\r\n<ul>\r\n<li>Ce qu&rsquo;est vraiment l&rsquo;IA (et ce qu&rsquo;elle n&rsquo;est pas!).<\/li>\r\n<li>\tL&rsquo;impact de l&rsquo;intelligence artificielle sur le lieu de travail et la soci\u00e9t\u00e9 dans son ensemble.<\/li>\r\n<li>D\u00e9couvrez l&rsquo;envers du d\u00e9cor d&rsquo;un projet d&rsquo;intelligence artificielle et familiarisez-vous avec des concepts comme l&rsquo;apprentissage profond et l&rsquo;apprentissage automatique. <\/li>\r\n<\/ul>\r\n\t\t\t\t\t<h4>Vais-je recevoir un certificat?<\/h4>\r\n\t\t\t\t\t\t<p>Oui! \u00c0 la fin du cours, vous recevrez un lien pour t\u00e9l\u00e9charger un certificat de r\u00e9ussite personnalis\u00e9 Open Classrooms.<\/p>\r\n\t\t\t\t<img loading=\"lazy\" decoding=\"async\" src=\"https:\/\/cifar.ca\/wp-content\/uploads\/2022\/06\/lines-for-web-2.0-small-03.png\" alt=\"smaller line_one\" itemprop=\"image\" height=\"34\" width=\"34\" title=\"lines-for-web-2.0-small-03\" onerror=\"this.style.display='none'\"  \/>\t\t\t\t\t\r\n<h2>\r\n\t\tENCORE UNE QUESTION?\r\n\t<\/h2>\r\n   <!-- Mandeep add class on anchor -->\r\n\t<a href=\"mailto:ai@cifar.ca?subject=Objectif IA\" target=\"_self\" rel=\"noopener\">\r\n\t\t\t\tCommuniquez avec nous\r\n\t\t\t<\/a>\r\n<h3>\r\n\t\t<a href=\"https:\/\/cifar.ca\/fr\/ia\/\" title=\"La Strat\u00e9gie pancanadienne en mati\u00e8re d'IA\" target=\"_self\" rel=\"noopener\">\r\n\t\tLa Strat\u00e9gie pancanadienne en mati\u00e8re d&rsquo;IA\r\n\t\t<\/a>\r\n\t<\/h3>\r\n   <!-- Mandeep add class on anchor -->\r\n\t<a href=\"https:\/\/cifar.ca\/fr\/ia\/\" target=\"_self\" rel=\"noopener\">\r\n\t\t\t\tEn savoir plus\r\n\t\t\t<\/a>\r\n\t\t\t\r\n\t\t\t\t<img data-src=\"https:\/\/cifar.ca\/wp-content\/uploads\/2020\/01\/marc-antoine-dilhac.jpg\"\r\n\t\t\t\t\tclass=\"d-block lazyload\"\r\n\t\t\t\t\talt=\"Photo of  Titulaire de chaire en IA Canada-CIFAR; professeur agr\u00e9g\u00e9, Universit\u00e9 de Montr\u00e9al; copr\u00e9sident, Groupe de travail sur la sensibilisation du public, Conseil consultatif en mati\u00e8re d'IA du&nbsp;Canada.\" \/>\r\n\t\t\t\r\n\t\t\t\t<p>L&rsquo;intelligence artificielle occupe une place de plus en plus grande dans notre quotidien, que ce soit pour nous aider \u00e0 faire des recherches sur internet, \u00e0 trier des photos ou pour aider les m\u00e9decins. Elle fait aussi partie int\u00e9grante de nombreux outils que nous utilisons au travail. Si vous souhaitez mieux comprendre les nombreuses possibilit\u00e9s qu&rsquo;offre l&rsquo;IA, ainsi que les risques et les d\u00e9fis qu&rsquo;elle pose, ce cours r\u00e9pondra \u00e0 vos&nbsp;attentes.<\/p>\r\n\t\t\t\t\tMarc-Antoine Dilhac\r\n\t\t\t\t\tTitulaire de chaire en IA Canada-CIFAR; professeur agr\u00e9g\u00e9, Universit\u00e9 de Montr\u00e9al; copr\u00e9sident, Groupe de travail sur la sensibilisation du public, Conseil consultatif en mati\u00e8re d&rsquo;IA du&nbsp;Canada.\t\t\t\t\r\n\t\t\t\r\n\t\t\t\t<img data-src=\"https:\/\/cifar.ca\/wp-content\/uploads\/2021\/09\/elissa-strome-1-480x450.jpg\"\r\n\t\t\t\t\tclass=\"d-block lazyload\"\r\n\t\t\t\t\talt=\"Photo of  Directrice g\u00e9n\u00e9rale, Strat\u00e9gie pancanadienne en mati\u00e8re d'IA au CIFAR; copr\u00e9sidente, Groupe de travail sur la sensibilisation du public, Conseil consultatif en mati\u00e8re d'IA du&nbsp;Canada.\" \/>\r\n\t\t\t\r\n\t\t\t\t<p>Objectif IA s&rsquo;adresse \u00e0 tout le monde, n&rsquo;exige aucun pr\u00e9requis et est accessible en ligne gratuitement. Que vous vouliez simplement d\u00e9couvrir comment l&rsquo;intelligence artificielle (IA) influence votre vie quotidienne ou que vous souhaitiez en avoir une meilleure compr\u00e9hension dans le cadre de votre carri\u00e8re, ce cours est fait pour&nbsp;vous.<\/p>\r\n\t\t\t\t\tElissa Strome\r\n\t\t\t\t\tDirectrice g\u00e9n\u00e9rale, Strat\u00e9gie pancanadienne en mati\u00e8re d&rsquo;IA au CIFAR; copr\u00e9sidente, Groupe de travail sur la sensibilisation du public, Conseil consultatif en mati\u00e8re d&rsquo;IA du&nbsp;Canada.\t\t\t\t\r\n\t\t\t<a href=\"#tCarousel-7ced93f59572678b113e8d6cbeb45c6c\" data-slide=\"prev\">\r\n\t\t\t\tPrevious\r\n\t\t\t<\/a><a href=\"#tCarousel-7ced93f59572678b113e8d6cbeb45c6c\" data-slide=\"next\">\r\n\t\t\t\tNext\r\n\t\t\t<\/a>\r\n<h2>\r\n\t\tSoutenez-nous\r\n\t<\/h2>\r\n\t<p>L&rsquo;Institut canadien de recherches avanc\u00e9es (CIFAR) est une organisation de recherche d&rsquo;influence mondiale fi\u00e8rement bas\u00e9e au Canada. Nous mobilisons les plus brillants personnes du monde, dans toutes les disciplines et \u00e0 tous les stades de carri\u00e8re, pour faire progresser les connaissances transformatrices et r\u00e9soudre ensemble les plus grands probl\u00e8mes de l&rsquo;humanit\u00e9. Nous recevons l&rsquo;appui des gouvernements du Canada, de l&rsquo;Alberta et du Qu\u00e9bec, ainsi que de fondations, de particuliers, d&rsquo;entreprises et d&rsquo;organisations partenaires du Canada et du monde entier.<\/p>\r\n   <!-- Mandeep add class on anchor -->\r\n\t<a href=\"https:\/\/cifar.ca\/fr\/dons\/\" target=\"_self\" rel=\"noopener\">\r\n\t\t\t\t\tDons\t\t\t\t\t\t\t\r\n\t\t\t\t\t\t<\/a>\r\n\r\n","protected":false},"excerpt":{"rendered":"<p>Objectif IA est un cours en ligne gratuit o\u00f9 vous pouvez apprendre de certains des plus remarquables scientifiques du monde qui se penchent sur le r\u00f4le de l\u2019intelligence artificielle (IA) dans la vie quotidienne aujourd\u2019hui, et sur ce que r\u00e9serve le domaine \u00e0 l\u2019avenir.<\/p>\n","protected":false},"author":32,"featured_media":0,"parent":54122,"menu_order":0,"comment_status":"closed","ping_status":"closed","template":"","meta":{"_acf_changed":false,"footnotes":""},"class_list":["post-55893","page","type-page","status-publish","hentry"],"acf":[],"yoast_head":"<!-- This site is optimized with the Yoast SEO plugin v27.2 - https:\/\/yoast.com\/product\/yoast-seo-wordpress\/ -->\n<title>CIFAR<\/title>\n<meta name=\"description\" content=\"Objectif IA est un cours en ligne gratuit o\u00f9 vous pouvez apprendre de certains des plus remarquables scientifiques du monde qui se penchent sur le r\u00f4le de l\u2019intelligence artificielle (IA) dans la vie quotidienne aujourd\u2019hui, et sur ce que r\u00e9serve le domaine \u00e0 l\u2019avenir.\" \/>\n<meta name=\"robots\" content=\"index, follow, max-snippet:-1, max-image-preview:large, max-video-preview:-1\" \/>\n<link rel=\"canonical\" href=\"https:\/\/cifar.ca\/fr\/ia\/objectifia\/ailaunchlab\/\" \/>\n<meta property=\"og:locale\" content=\"fr_FR\" \/>\n<meta property=\"og:type\" content=\"article\" \/>\n<meta property=\"og:title\" content=\"AI Launch Lab - CIFAR\" \/>\n<meta property=\"og:description\" content=\"Objectif IA est un cours en ligne gratuit o\u00f9 vous pouvez apprendre de certains des plus remarquables scientifiques du monde qui se penchent sur le r\u00f4le de l\u2019intelligence artificielle (IA) dans la vie quotidienne aujourd\u2019hui, et sur ce que r\u00e9serve le domaine \u00e0 l\u2019avenir.\" \/>\n<meta property=\"og:url\" content=\"https:\/\/cifar.ca\/fr\/ia\/objectifia\/ailaunchlab\/\" \/>\n<meta property=\"og:site_name\" content=\"CIFAR\" \/>\n<meta property=\"article:modified_time\" content=\"2025-12-17T12:02:21+00:00\" \/>\n<meta property=\"og:image\" content=\"https:\/\/cifar.ca\/wp-content\/uploads\/2022\/12\/destination-ai-fr.svg\" \/>\n<meta name=\"twitter:card\" content=\"summary_large_image\" \/>\n<meta name=\"twitter:label1\" content=\"Dur\u00e9e de lecture estim\u00e9e\" \/>\n\t<meta name=\"twitter:data1\" content=\"6 minutes\" \/>\n<script type=\"application\/ld+json\" class=\"yoast-schema-graph\">{\"@context\":\"https:\/\/schema.org\",\"@graph\":[{\"@type\":\"WebPage\",\"@id\":\"https:\/\/cifar.ca\/fr\/ia\/objectifia\/ailaunchlab\/\",\"url\":\"https:\/\/cifar.ca\/fr\/ia\/objectifia\/ailaunchlab\/\",\"name\":\"AI Launch Lab - CIFAR\",\"isPartOf\":{\"@id\":\"https:\/\/cifar.ca\/fr\/#website\"},\"primaryImageOfPage\":{\"@id\":\"https:\/\/cifar.ca\/fr\/ia\/objectifia\/ailaunchlab\/#primaryimage\"},\"image\":{\"@id\":\"https:\/\/cifar.ca\/fr\/ia\/objectifia\/ailaunchlab\/#primaryimage\"},\"thumbnailUrl\":\"https:\/\/cifar.ca\/wp-content\/uploads\/2022\/12\/destination-ai-fr.svg\",\"datePublished\":\"2023-07-04T15:54:31+00:00\",\"dateModified\":\"2025-12-17T12:02:21+00:00\",\"description\":\"Objectif IA est un cours en ligne gratuit o\u00f9 vous pouvez apprendre de certains des plus remarquables scientifiques du monde qui se penchent sur le r\u00f4le de l\u2019intelligence artificielle (IA) dans la vie quotidienne aujourd\u2019hui, et sur ce que r\u00e9serve le domaine \u00e0 l\u2019avenir.\",\"breadcrumb\":{\"@id\":\"https:\/\/cifar.ca\/fr\/ia\/objectifia\/ailaunchlab\/#breadcrumb\"},\"inLanguage\":\"fr-FR\",\"potentialAction\":[{\"@type\":\"ReadAction\",\"target\":[\"https:\/\/cifar.ca\/fr\/ia\/objectifia\/ailaunchlab\/\"]}]},{\"@type\":\"ImageObject\",\"inLanguage\":\"fr-FR\",\"@id\":\"https:\/\/cifar.ca\/fr\/ia\/objectifia\/ailaunchlab\/#primaryimage\",\"url\":\"https:\/\/cifar.ca\/wp-content\/uploads\/2022\/12\/destination-ai-fr.svg\",\"contentUrl\":\"https:\/\/cifar.ca\/wp-content\/uploads\/2022\/12\/destination-ai-fr.svg\"},{\"@type\":\"BreadcrumbList\",\"@id\":\"https:\/\/cifar.ca\/fr\/ia\/objectifia\/ailaunchlab\/#breadcrumb\",\"itemListElement\":[{\"@type\":\"ListItem\",\"position\":1,\"name\":\"Acceuil\",\"item\":\"https:\/\/cifar.ca\/fr\/\"},{\"@type\":\"ListItem\",\"position\":2,\"name\":\"Strat\u00e9gie pancanadienne en mati\u00e8re d\u2019IA\",\"item\":\"https:\/\/cifar.ca\/fr\/ia\/\"},{\"@type\":\"ListItem\",\"position\":3,\"name\":\"Objectif IA\",\"item\":\"https:\/\/cifar.ca\/fr\/ia\/objectifia\/\"},{\"@type\":\"ListItem\",\"position\":4,\"name\":\"AI Launch Lab\"}]},{\"@type\":\"WebSite\",\"@id\":\"https:\/\/cifar.ca\/fr\/#website\",\"url\":\"https:\/\/cifar.ca\/fr\/\",\"name\":\"CIFAR\",\"description\":\"Convoquer des esprits extraordinaires pour r\u00e9pondre aux questions les plus importantes auxquelles la science et l'humanit\u00e9 sont confront\u00e9es.\",\"publisher\":{\"@id\":\"https:\/\/cifar.ca\/fr\/#organization\"},\"potentialAction\":[{\"@type\":\"SearchAction\",\"target\":{\"@type\":\"EntryPoint\",\"urlTemplate\":\"https:\/\/cifar.ca\/fr\/?s={search_term_string}\"},\"query-input\":{\"@type\":\"PropertyValueSpecification\",\"valueRequired\":true,\"valueName\":\"search_term_string\"}}],\"inLanguage\":\"fr-FR\"},{\"@type\":\"Organization\",\"@id\":\"https:\/\/cifar.ca\/fr\/#organization\",\"name\":\"CIFAR\",\"url\":\"https:\/\/cifar.ca\/fr\/\",\"logo\":{\"@type\":\"ImageObject\",\"inLanguage\":\"fr-FR\",\"@id\":\"https:\/\/cifar.ca\/fr\/#\/schema\/logo\/image\/\",\"url\":\"https:\/\/cifar.ca\/wp-content\/uploads\/2020\/01\/cifar-logo-rgb-colour.png\",\"contentUrl\":\"https:\/\/cifar.ca\/wp-content\/uploads\/2020\/01\/cifar-logo-rgb-colour.png\",\"width\":1884,\"height\":681,\"caption\":\"CIFAR\"},\"image\":{\"@id\":\"https:\/\/cifar.ca\/fr\/#\/schema\/logo\/image\/\"}}]}<\/script>\n<!-- \/ Yoast SEO plugin. -->","yoast_head_json":{"title":"CIFAR","description":"Objectif IA est un cours en ligne gratuit o\u00f9 vous pouvez apprendre de certains des plus remarquables scientifiques du monde qui se penchent sur le r\u00f4le de l\u2019intelligence artificielle (IA) dans la vie quotidienne aujourd\u2019hui, et sur ce que r\u00e9serve le domaine \u00e0 l\u2019avenir.","robots":{"index":"index","follow":"follow","max-snippet":"max-snippet:-1","max-image-preview":"max-image-preview:large","max-video-preview":"max-video-preview:-1"},"canonical":"https:\/\/cifar.ca\/fr\/ia\/objectifia\/ailaunchlab\/","og_locale":"fr_FR","og_type":"article","og_title":"AI Launch Lab - CIFAR","og_description":"Objectif IA est un cours en ligne gratuit o\u00f9 vous pouvez apprendre de certains des plus remarquables scientifiques du monde qui se penchent sur le r\u00f4le de l\u2019intelligence artificielle (IA) dans la vie quotidienne aujourd\u2019hui, et sur ce que r\u00e9serve le domaine \u00e0 l\u2019avenir.","og_url":"https:\/\/cifar.ca\/fr\/ia\/objectifia\/ailaunchlab\/","og_site_name":"CIFAR","article_modified_time":"2025-12-17T12:02:21+00:00","og_image":[{"url":"https:\/\/cifar.ca\/wp-content\/uploads\/2022\/12\/destination-ai-fr.svg","type":"","width":"","height":""}],"twitter_card":"summary_large_image","twitter_misc":{"Dur\u00e9e de lecture estim\u00e9e":"6 minutes"},"schema":{"@context":"https:\/\/schema.org","@graph":[{"@type":"WebPage","@id":"https:\/\/cifar.ca\/fr\/ia\/objectifia\/ailaunchlab\/","url":"https:\/\/cifar.ca\/fr\/ia\/objectifia\/ailaunchlab\/","name":"AI Launch Lab - CIFAR","isPartOf":{"@id":"https:\/\/cifar.ca\/fr\/#website"},"primaryImageOfPage":{"@id":"https:\/\/cifar.ca\/fr\/ia\/objectifia\/ailaunchlab\/#primaryimage"},"image":{"@id":"https:\/\/cifar.ca\/fr\/ia\/objectifia\/ailaunchlab\/#primaryimage"},"thumbnailUrl":"https:\/\/cifar.ca\/wp-content\/uploads\/2022\/12\/destination-ai-fr.svg","datePublished":"2023-07-04T15:54:31+00:00","dateModified":"2025-12-17T12:02:21+00:00","description":"Objectif IA est un cours en ligne gratuit o\u00f9 vous pouvez apprendre de certains des plus remarquables scientifiques du monde qui se penchent sur le r\u00f4le de l\u2019intelligence artificielle (IA) dans la vie quotidienne aujourd\u2019hui, et sur ce que r\u00e9serve le domaine \u00e0 l\u2019avenir.","breadcrumb":{"@id":"https:\/\/cifar.ca\/fr\/ia\/objectifia\/ailaunchlab\/#breadcrumb"},"inLanguage":"fr-FR","potentialAction":[{"@type":"ReadAction","target":["https:\/\/cifar.ca\/fr\/ia\/objectifia\/ailaunchlab\/"]}]},{"@type":"ImageObject","inLanguage":"fr-FR","@id":"https:\/\/cifar.ca\/fr\/ia\/objectifia\/ailaunchlab\/#primaryimage","url":"https:\/\/cifar.ca\/wp-content\/uploads\/2022\/12\/destination-ai-fr.svg","contentUrl":"https:\/\/cifar.ca\/wp-content\/uploads\/2022\/12\/destination-ai-fr.svg"},{"@type":"BreadcrumbList","@id":"https:\/\/cifar.ca\/fr\/ia\/objectifia\/ailaunchlab\/#breadcrumb","itemListElement":[{"@type":"ListItem","position":1,"name":"Acceuil","item":"https:\/\/cifar.ca\/fr\/"},{"@type":"ListItem","position":2,"name":"Strat\u00e9gie pancanadienne en mati\u00e8re d\u2019IA","item":"https:\/\/cifar.ca\/fr\/ia\/"},{"@type":"ListItem","position":3,"name":"Objectif IA","item":"https:\/\/cifar.ca\/fr\/ia\/objectifia\/"},{"@type":"ListItem","position":4,"name":"AI Launch Lab"}]},{"@type":"WebSite","@id":"https:\/\/cifar.ca\/fr\/#website","url":"https:\/\/cifar.ca\/fr\/","name":"CIFAR","description":"Convoquer des esprits extraordinaires pour r\u00e9pondre aux questions les plus importantes auxquelles la science et l'humanit\u00e9 sont confront\u00e9es.","publisher":{"@id":"https:\/\/cifar.ca\/fr\/#organization"},"potentialAction":[{"@type":"SearchAction","target":{"@type":"EntryPoint","urlTemplate":"https:\/\/cifar.ca\/fr\/?s={search_term_string}"},"query-input":{"@type":"PropertyValueSpecification","valueRequired":true,"valueName":"search_term_string"}}],"inLanguage":"fr-FR"},{"@type":"Organization","@id":"https:\/\/cifar.ca\/fr\/#organization","name":"CIFAR","url":"https:\/\/cifar.ca\/fr\/","logo":{"@type":"ImageObject","inLanguage":"fr-FR","@id":"https:\/\/cifar.ca\/fr\/#\/schema\/logo\/image\/","url":"https:\/\/cifar.ca\/wp-content\/uploads\/2020\/01\/cifar-logo-rgb-colour.png","contentUrl":"https:\/\/cifar.ca\/wp-content\/uploads\/2020\/01\/cifar-logo-rgb-colour.png","width":1884,"height":681,"caption":"CIFAR"},"image":{"@id":"https:\/\/cifar.ca\/fr\/#\/schema\/logo\/image\/"}}]}},"_links":{"self":[{"href":"https:\/\/cifar.ca\/fr\/wp-json\/wp\/v2\/pages\/55893","targetHints":{"allow":["GET"]}}],"collection":[{"href":"https:\/\/cifar.ca\/fr\/wp-json\/wp\/v2\/pages"}],"about":[{"href":"https:\/\/cifar.ca\/fr\/wp-json\/wp\/v2\/types\/page"}],"author":[{"embeddable":true,"href":"https:\/\/cifar.ca\/fr\/wp-json\/wp\/v2\/users\/32"}],"replies":[{"embeddable":true,"href":"https:\/\/cifar.ca\/fr\/wp-json\/wp\/v2\/comments?post=55893"}],"version-history":[{"count":0,"href":"https:\/\/cifar.ca\/fr\/wp-json\/wp\/v2\/pages\/55893\/revisions"}],"up":[{"embeddable":true,"href":"https:\/\/cifar.ca\/fr\/wp-json\/wp\/v2\/pages\/54122"}],"wp:attachment":[{"href":"https:\/\/cifar.ca\/fr\/wp-json\/wp\/v2\/media?parent=55893"}],"curies":[{"name":"wp","href":"https:\/\/api.w.org\/{rel}","templated":true}]}}