{"id":55968,"date":"2023-07-09T15:00:07","date_gmt":"2023-07-09T19:00:07","guid":{"rendered":"https:\/\/cifar.ca\/?page_id=55968"},"modified":"2026-02-05T10:25:14","modified_gmt":"2026-02-05T15:25:14","slug":"lia-integree-au-service-de-limagerie-medicale","status":"publish","type":"page","link":"https:\/\/cifar.ca\/fr\/ia\/reseaux-de-solutions-du-cifar\/lia-integree-au-service-de-limagerie-medicale\/","title":{"rendered":"L\u2019IA int\u00e9gr\u00e9e au service de l\u2019imagerie m\u00e9dicale"},"content":{"rendered":"\n\n\t\t\t<h2>\n\t\t\tSuivez-nous\t\t<\/h2>\n\t\t<button class='connect square balloon white-transparent facebook left' data-url='https:\/\/www.facebook.com\/CIFAR\/' aria-haspopup=\"false\"   aria-label='Suis nous surFaceBook' data-balloon-pos='right'>\n\t\t\tFaceBook\n\t\t<\/button>\n\t\t<button class='connect square balloon white-transparent twitter' data-url='https:\/\/twitter.com\/nouvelles_CIFAR' aria-haspopup=\"false\"   aria-label='Suis nous surTwitter' data-balloon-pos='right'>\n\t\t\tTwitter\n\t\t<\/button>\n\t\t<button class='connect square balloon white-transparent youtube left' data-url='https:\/\/www.youtube.com\/channel\/UCZj1nnTIiutUjEg-22e8UTA' aria-haspopup=\"false\"   aria-label='Suis nous surYouTube' data-balloon-pos='right'>\n\t\t\tYouTube\n\t\t<\/button>\n\t\t<button class='connect square balloon white-transparent linkedin' data-url='https:\/\/ca.linkedin.com\/company\/canadian-institute-for-advanced-research' aria-haspopup=\"false\"   aria-label='Suis nous surLinkedIn' data-balloon-pos='right'>\n\t\t\tLinkedIn\n\t\t<\/button>\n\t\t<button class='connect square balloon white-transparent instagram left' data-url='https:\/\/www.instagram.com\/cifar.ca_fr\/' aria-haspopup=\"false\"   aria-label='Suis nous surInstagram' data-balloon-pos='right'>\n\t\t\tInstagram\n\t\t<\/button>\n\n\t<h2>Activit\u00e9s r\u00e9centes<\/h2>\n<ul>\n<li><strong>30 janvier 2026<\/strong>: Tenue de la cinqui\u00e8me r\u00e9union \u00e0 Montr\u00e9al<\/li>\n<li><strong>26 mai 2025<\/strong>: Tenue de la quatri\u00e8me r\u00e9union \u00e0 Montr\u00e9al<\/li>\n<li><strong>30 janvier 2025<\/strong>: Tenue de la troisi\u00e8me r\u00e9union \u00e0 Montr\u00e9al<\/li>\n<li><strong>15 juin 2024 :<\/strong> Publication, dans le Canadian Journal of Cardiology, d&rsquo;un article portant sur PACS-AI, une plateforme de donn\u00e9es \u00e0 code source ouvert servant au d\u00e9ploiement de mod\u00e8les d&rsquo;IA m\u00e9dicale, qui a \u00e9t\u00e9 d\u00e9velopp\u00e9e par des membres du R\u00e9seau de solutions dans un souci de responsabilit\u00e9, d&rsquo;ind\u00e9pendance \u00e0 l&rsquo;\u00e9gard des fournisseurs et de facilit\u00e9 de validation. Lisez l&rsquo;<a href=\"https:\/\/join.slack.com\/t\/pacs-ai\/shared_invite\/zt-2jjaz02qa-gjk6Zv12ngS9mLCIklx8Ug\" target=\"_blank\" rel=\"noopener\">article<\/a> et rejoignez la communaut\u00e9 sur <a href=\"https:\/\/onlinecjc.ca\/article\/S0828-282X(24)00427-6\/fulltext\" target=\"_blank\" rel=\"noopener\">Slack<\/a> pour acc\u00e9der \u00e0 des d\u00e9monstrations et \u00e0 des possibilit\u00e9s de collaboration.<\/li>\n<li><strong>24 mai 2024 :<\/strong> Tenue de la deuxi\u00e8me r\u00e9union \u00e0 Montr\u00e9al<\/li>\n<li><strong>18 janvier 2024 :<\/strong> Tenue de la <a href=\"https:\/\/cifar.ca\/fr\/cifarnews\/2024\/03\/13\/les-reseaux-de-solutions-du-cifar-en-sante-tiennent-leurs-premieres-reunions\/\" target=\"_blank\" rel=\"noopener\">premi\u00e8re r\u00e9union<\/a> \u00e0 Montr\u00e9al<\/li>\n<\/ul>\n\t<h2>Une solution d&rsquo;intelligence artificielle peut-elle \u00eatre mise en \u0153uvre pour tous les types de donn\u00e9es et tous les centres de eonn\u00e9es afin d&rsquo;am\u00e9liorer la prise de d\u00e9cision clinique d&rsquo;une mani\u00e8re \u00e9quitable et responsable\u00a0?<\/h2>\n<p>Les solutions d&rsquo;intelligence artificielle (IA) analysant les images et les signaux m\u00e9dicaux ont connu une croissance exponentielle et ont commenc\u00e9 \u00e0 \u00eatre d\u00e9ploy\u00e9es dans la pratique clinique. Cependant, au Canada, il n&rsquo;existe pas encore de logiciel largement d\u00e9ploy\u00e9 pour exploiter l&rsquo;IA sur ce type de donn\u00e9es. En effet, les mod\u00e8les d&rsquo;IA sont principalement limit\u00e9s au mat\u00e9riel et aux logiciels commerciaux (c.-\u00e0-d. l&rsquo;\u00e9chocardiogramme par voie transthoracique dot\u00e9 d&rsquo;un logiciel exclusif). Aucune solution d&rsquo;IA facilement accessible n&rsquo;exploite l&rsquo;infrastructure pr\u00e9existante des h\u00f4pitaux canadiens. Par ailleurs, les mod\u00e8les peuvent \u00eatre biais\u00e9s \u00e0 l&rsquo;encontre de sous-populations en pr\u00e9sentant des performances disparates pour ces sous-groupes, et les donn\u00e9es relatives \u00e0 l&rsquo;\u00e9quit\u00e9 ne sont g\u00e9n\u00e9ralement pas pr\u00e9sent\u00e9es aux utilisateurs et utilisatrices du mod\u00e8le.<\/p>\n<p>Ce r\u00e9seau de solutions vise \u00e0 r\u00e9soudre ces probl\u00e8mes en d\u00e9ployant un logiciel personnalis\u00e9 construit par l&rsquo;\u00e9quipe, appel\u00e9 \u00ab\u00a0PACS IA\u00a0\u00bb, mais qui n&rsquo;a pas encore \u00e9t\u00e9 mis en \u0153uvre de mani\u00e8re efficace dans l&rsquo;ensemble du Canada.<\/p>\n<p>Ce logiciel se distingue des solutions actuelles :<\/p>\n<ol>\n<li>il effectue des inf\u00e9rences \u00e0 l&rsquo;aide de mod\u00e8les d&rsquo;IA sur des examens radiologiques et des \u00e9lectrocardiogrammes \u00e0 12 d\u00e9rivations qui sont enregistr\u00e9s dans le syst\u00e8me PACS (syst\u00e8me d&rsquo;archivage et de transmission d&rsquo;images), qui est une infrastructure universelle accessible dans tous les centres de soins de sant\u00e9 au Canada;<\/li>\n<li>il permet de rendre des comptes, en enregistrant son utilisation et en stockant les mod\u00e9lisations pr\u00e9dictives et les donn\u00e9es sur lesquelles il a \u00e9t\u00e9 utilis\u00e9;<\/li>\n<li>il encourage la coop\u00e9ration entre les m\u00e9decins et l&rsquo;IA en permettant \u00e0 un m\u00e9decin de signaler les pr\u00e9dictions erron\u00e9es \u00e0 des fins d&rsquo;apprentissage continu. De plus, notre solution affiche des indicateurs d&rsquo;\u00e9quit\u00e9 en mati\u00e8re d&rsquo;IA pour les mod\u00e8les et les ensembles de donn\u00e9es disponibles en son sein, afin d&rsquo;aider le personnel clinique \u00e0 comprendre les donn\u00e9es sur lesquelles il a \u00e9t\u00e9 entra\u00een\u00e9 et la performance du mod\u00e8le stratifi\u00e9e par sous-groupes.<\/li>\n<\/ol>\n<p><strong>Ce r\u00e9seau de solutions collaborera avec les parties prenantes pour mettre en \u0153uvre PACS IA dans les centres participants, le faire \u00e9voluer et d\u00e9montrer son utilit\u00e9 \u00e0 l&rsquo;aide d&rsquo;un projet de recherche pilote. L&rsquo;objectif global consiste \u00e0 promouvoir des pratiques de gestion des donn\u00e9es responsables pour le d\u00e9ploiement de mod\u00e8les d&rsquo;IA \u00e9quitables dans le secteur des soins de sant\u00e9, ainsi qu&rsquo;\u00e0 fournir des orientations quant au d\u00e9ploiement de PACS IA dans divers\u00a0contextes.<\/strong><\/p>\n\n    Fondation\n<p>2023<\/p>\nnumber_of_members\npartners\n\n    Bienfaiteurs\nCIFAR<br \/>\nIVADO\nrenewal_dates\ninterdisciplinary_collaboration\n\n    Personne-ressource\n<a href=\"mailto:anjali.mazumder@cifar.ca\">Anjali&nbsp;Mazumder<\/a><br \/>\nDirectrice de la recherche en&nbsp;IA\n<h2>\n\t\t\tRencontrez les membres du R\u00e9seau de solutions du\u00a0CIFAR\u00a0:\t<\/h2>\n\t\t\t\t\t\t\t<a href=\"https:\/\/cifar.ca\/fr\/biographie\/robert-avram\/\" aria-label=\"Robert Avram. Voir le profil\">\n\t\t\t\t\t\t\t\t<img loading=\"lazy\" decoding=\"async\" width=\"160\" height=\"160\" src=\"https:\/\/cifar.ca\/wp-content\/uploads\/2023\/07\/AvramRobert-190x190.png\"\n\t\t\t\t\t\t\t\t\talt=\"Robert Avram\" itemprop=\"image\"\n\t\t\t\t\t\t\t\t\tsrcset=\"https:\/\/cifar.ca\/wp-content\/uploads\/2023\/07\/AvramRobert-190x190.png 160w, https:\/\/cifar.ca\/wp-content\/uploads\/2023\/07\/AvramRobert-125x125.png  125w\"\n\t\t\t\t\t\t\t\t\tsizes=\"auto, (max-width: 160px) 100vw, 160px\"\/>\t\t\n\t\t\t\t\t\t\t<\/a>\n\t\t\t\t\t\t    <h2>Robert Avram<\/h2>\n\t\t\t\t\t\t\t\t\t\t\t\t\t\t<h3>Coresponsable, R\u00e9seau de solutions<\/h3>\n\t\t\t\t\t\t\t\t\t\t\t\t\t\t\t\t\t\t\t\t\t\t\t\t\t\t\t\tL&rsquo;IA int\u00e9gr\u00e9e au service de l&rsquo;imagerie m\u00e9dicale<br \/>Strat\u00e9gie pancanadienne en mati\u00e8re d&rsquo;IA\n\t\t\t\t\t\t\t\tInstitut de cardiologie de Montr\u00e9al<br \/>Universit\u00e9 de Montr\u00e9al\t\t\t\t\t\t\t\n\t\t\t\t\t\t\t\tCanada<br \/>Canada\t\t\t\t\t\t\t\n\t\t\t\t\t\t\t<a href=\"https:\/\/cifar.ca\/fr\/biographie\/sarath-chandar\/\" aria-label=\"Sarath Chandar. Voir le profil\">\n\t\t\t\t\t\t\t\t<img loading=\"lazy\" decoding=\"async\" width=\"160\" height=\"160\" src=\"https:\/\/cifar.ca\/wp-content\/uploads\/2020\/01\/sarath-chandar.tmb_.jpg\"\n\t\t\t\t\t\t\t\t\talt=\"Sarath Chandar\" itemprop=\"image\"\n\t\t\t\t\t\t\t\t\tsrcset=\"https:\/\/cifar.ca\/wp-content\/uploads\/2020\/01\/sarath-chandar.tmb_.jpg 160w, https:\/\/cifar.ca\/wp-content\/uploads\/2020\/01\/sarath-chandar.tmb_-125x125.jpg  125w\"\n\t\t\t\t\t\t\t\t\tsizes=\"auto, (max-width: 160px) 100vw, 160px\"\/>\t\t\n\t\t\t\t\t\t\t<\/a>\n\t\t\t\t\t\t    <h2>Sarath Chandar<\/h2>\n\t\t\t\t\t\t\t\t\t\t\t\t\t\t<h3>Membre des R\u00e9seaux de solutions<br \/>Titulaire de chaire en IA Canada-CIFAR<\/h3>\n\t\t\t\t\t\t\t\t\t\t\t\t\t\t\t\t\t\t\t\t\t\t\t\t\t\t\t\tL&rsquo;IA int\u00e9gr\u00e9e au service de l&rsquo;imagerie m\u00e9dicale<br \/>Strat\u00e9gie pancanadienne en mati\u00e8re d&rsquo;IA\n\t\t\t\t\t\t\t\t\u00c9cole Polytechnique de Montr\u00e9al<br \/>Indian Institute of Technology Madras<br \/>Mila<br \/>Polytechnique Montr\u00e9al<br \/>Universit\u00e9 de Montr\u00e9al\t\t\t\t\t\t\t\n\t\t\t\t\t\t\t\tCanada<br \/>Canada\t\t\t\t\t\t\t\n\t\t\t\t\t\t\t<a href=\"https:\/\/cifar.ca\/fr\/biographie\/pierre-luc-deziel\/\" aria-label=\"Pierre-Luc D\u00e9ziel. Voir le profil\">\n\t\t\t\t\t\t\t\t<img loading=\"lazy\" decoding=\"async\" width=\"160\" height=\"160\" src=\"https:\/\/cifar.ca\/wp-content\/uploads\/2023\/07\/DezielPierreLuc-190x190.png\"\n\t\t\t\t\t\t\t\t\talt=\"Pierre-Luc D\u00e9ziel\" itemprop=\"image\"\n\t\t\t\t\t\t\t\t\tsrcset=\"https:\/\/cifar.ca\/wp-content\/uploads\/2023\/07\/DezielPierreLuc-190x190.png 160w, https:\/\/cifar.ca\/wp-content\/uploads\/2023\/07\/DezielPierreLuc-125x125.png  125w\"\n\t\t\t\t\t\t\t\t\tsizes=\"auto, (max-width: 160px) 100vw, 160px\"\/>\t\t\n\t\t\t\t\t\t\t<\/a>\n\t\t\t\t\t\t    <h2>Pierre-Luc D\u00e9ziel<\/h2>\n\t\t\t\t\t\t\t\t\t\t\t\t\t\t<h3>Membre des R\u00e9seaux de solutions<\/h3>\n\t\t\t\t\t\t\t\t\t\t\t\t\t\t\t\t\t\t\t\t\t\t\t\t\t\t\t\tL&rsquo;IA int\u00e9gr\u00e9e au service de l&rsquo;imagerie m\u00e9dicale<br \/>Strat\u00e9gie pancanadienne en mati\u00e8re d&rsquo;IA\n\t\t\t\t\t\t\t\tUniversit\u00e9 Laval\t\t\t\t\t\t\t\n\t\t\t\t\t\t\t\tCanada<br \/>Canada\t\t\t\t\t\t\t\n\t\t\t\t\t\t\t<a href=\"https:\/\/cifar.ca\/fr\/biographie\/julie-hussin\/\" aria-label=\"Julie Hussin. Voir le profil\">\n\t\t\t\t\t\t\t\t<img loading=\"lazy\" decoding=\"async\" width=\"160\" height=\"160\" src=\"https:\/\/cifar.ca\/wp-content\/uploads\/2023\/07\/HussinJulie-190x190.png\"\n\t\t\t\t\t\t\t\t\talt=\"Julie Hussin\" itemprop=\"image\"\n\t\t\t\t\t\t\t\t\tsrcset=\"https:\/\/cifar.ca\/wp-content\/uploads\/2023\/07\/HussinJulie-190x190.png 160w, https:\/\/cifar.ca\/wp-content\/uploads\/2023\/07\/HussinJulie-125x125.png  125w\"\n\t\t\t\t\t\t\t\t\tsizes=\"auto, (max-width: 160px) 100vw, 160px\"\/>\t\t\n\t\t\t\t\t\t\t<\/a>\n\t\t\t\t\t\t    <h2>Julie Hussin<\/h2>\n\t\t\t\t\t\t\t\t\t\t\t\t\t\t<h3>Membre des R\u00e9seaux de solutions<\/h3>\n\t\t\t\t\t\t\t\t\t\t\t\t\t\t\t\t\t\t\t\t\t\t\t\t\t\t\t\tL&rsquo;IA int\u00e9gr\u00e9e au service de l&rsquo;imagerie m\u00e9dicale<br \/>Strat\u00e9gie pancanadienne en mati\u00e8re d&rsquo;IA\n\t\t\t\t\t\t\t\tInstitut de cardiologie de Montr\u00e9al<br \/>IVADO<br \/>Universit\u00e9 de Montr\u00e9al\t\t\t\t\t\t\t\n\t\t\t\t\t\t\t\tCanada<br \/>Canada\t\t\t\t\t\t\t\n\t\t\t\t\t\t\t<a href=\"https:\/\/cifar.ca\/fr\/biographie\/samuel-kadoury\/\" aria-label=\"Samuel Kadoury. Voir le profil\">\n\t\t\t\t\t\t\t\t<img loading=\"lazy\" decoding=\"async\" width=\"160\" height=\"160\" src=\"https:\/\/cifar.ca\/wp-content\/uploads\/2023\/07\/KadourySamuel-190x190.png\"\n\t\t\t\t\t\t\t\t\talt=\"Samuel Kadoury\" itemprop=\"image\"\n\t\t\t\t\t\t\t\t\tsrcset=\"https:\/\/cifar.ca\/wp-content\/uploads\/2023\/07\/KadourySamuel-190x190.png 160w, https:\/\/cifar.ca\/wp-content\/uploads\/2023\/07\/KadourySamuel-125x125.png  125w\"\n\t\t\t\t\t\t\t\t\tsizes=\"auto, (max-width: 160px) 100vw, 160px\"\/>\t\t\n\t\t\t\t\t\t\t<\/a>\n\t\t\t\t\t\t    <h2>Samuel Kadoury<\/h2>\n\t\t\t\t\t\t\t\t\t\t\t\t\t\t<h3>Coresponsable, R\u00e9seau de solutions<\/h3>\n\t\t\t\t\t\t\t\t\t\t\t\t\t\t\t\t\t\t\t\t\t\t\t\t\t\t\t\tL&rsquo;IA int\u00e9gr\u00e9e au service de l&rsquo;imagerie m\u00e9dicale<br \/>Strat\u00e9gie pancanadienne en mati\u00e8re d&rsquo;IA\n\t\t\t\t\t\t\t\tCentre hospitalier de l&rsquo;Universit\u00e9 de Montr\u00e9al<br \/>Polytechnique Montr\u00e9al\t\t\t\t\t\t\t\n\t\t\t\t\t\t\t\tCanada<br \/>Canada\t\t\t\t\t\t\t\n\t\t\t\t\t\t\t<a href=\"https:\/\/cifar.ca\/fr\/biographie\/pascal-theriault-lauzier\/\" aria-label=\"Pascal Theriault Lauzier. Voir le profil\">\n\t\t\t\t\t\t\t\t<img loading=\"lazy\" decoding=\"async\" width=\"160\" height=\"160\" src=\"https:\/\/cifar.ca\/wp-content\/uploads\/2023\/07\/TheriaultLauzierPascal-190x190.png\"\n\t\t\t\t\t\t\t\t\talt=\"Pascal Theriault Lauzier\" itemprop=\"image\"\n\t\t\t\t\t\t\t\t\tsrcset=\"https:\/\/cifar.ca\/wp-content\/uploads\/2023\/07\/TheriaultLauzierPascal-190x190.png 160w, https:\/\/cifar.ca\/wp-content\/uploads\/2023\/07\/TheriaultLauzierPascal-125x125.png  125w\"\n\t\t\t\t\t\t\t\t\tsizes=\"auto, (max-width: 160px) 100vw, 160px\"\/>\t\t\n\t\t\t\t\t\t\t<\/a>\n\t\t\t\t\t\t    <h2>Pascal Theriault Lauzier<\/h2>\n\t\t\t\t\t\t\t\t\t\t\t\t\t\t<h3>Membre des R\u00e9seaux de solutions<\/h3>\n\t\t\t\t\t\t\t\t\t\t\t\t\t\t\t\t\t\t\t\t\t\t\t\t\t\t\t\tL&rsquo;IA int\u00e9gr\u00e9e au service de l&rsquo;imagerie m\u00e9dicale<br \/>Strat\u00e9gie pancanadienne en mati\u00e8re d&rsquo;IA\n\t\t\t\t\t\t\t\tInstitut de cardiologie de l&rsquo;Universit\u00e9 d&rsquo;Ottawa<br \/>Universit\u00e9 Stanford\t\t\t\t\t\t\t\n\t\t\t\t\t\t\t\tCanada\t\t\t\t\t\t\t\n\t<ul>\n\t\t<li>\n\t\t\t<button>\n\t\t\t\tImprimer\n\t\t\t<\/button>\n\t\t<\/li>\n\t\t<li>\n\t\t\t<button>\n\t\t\t\tCopier le lien\n\t\t\t<\/button>\n\t\t\t<label for=\"singleShareHiddenInput\">single share hidden input<\/label>\n\t\t\t<input id=\"singleShareHiddenInput\" tabindex=\"-1\" type=\"text\"\/>\n\t\t<\/li>\n\t\t\t\t<li>\n\t\t\t<button aria-controls=\"singleSharePlatforms-b07a4d1117c9ccb16b83985d941f8b80\">\n\t\t\t\tPartager\n\t\t\t<\/button>\n\t\t<\/li>\n\t\t\t<\/ul>\n<h2>\n\t\t\tSoutenez-nous\t<\/h2>\n\t<p>L&rsquo;Institut canadien de recherches avanc\u00e9es (CIFAR) est une organisation de recherche d&rsquo;influence mondiale fi\u00e8rement bas\u00e9e au Canada. Nous mobilisons les plus brillants personnes du monde, dans toutes les disciplines et \u00e0 tous les stades de carri\u00e8re, pour faire progresser les connaissances transformatrices et r\u00e9soudre ensemble les plus grands probl\u00e8mes de l&rsquo;humanit\u00e9. Nous recevons l&rsquo;appui des gouvernements du Canada, de l&rsquo;Alberta et du Qu\u00e9bec, ainsi que de fondations, de particuliers, d&rsquo;entreprises et d&rsquo;organisations partenaires du Canada et du monde entier.<\/p>\n   <!-- Mandeep add class on anchor -->\n\t<a href=\"\/fr\/dons\/\" target=\"_self\">\n\t\t\t\t\tDons\t\t\t\t\t\t\t\n\t\t\t\t\t\t<\/a>\n\n","protected":false},"excerpt":{"rendered":"<p>Suivez-nous FaceBook Twitter YouTube LinkedIn Instagram Activit\u00e9s r\u00e9centes 30 janvier 2026: Tenue de la cinqui\u00e8me r\u00e9union \u00e0 Montr\u00e9al 26 mai 2025: Tenue de la quatri\u00e8me [&hellip;]<\/p>\n","protected":false},"author":32,"featured_media":55827,"parent":55982,"menu_order":0,"comment_status":"closed","ping_status":"closed","template":"templates\/template-with-sidebar.php","meta":{"_acf_changed":false,"footnotes":""},"class_list":["post-55968","page","type-page","status-publish","has-post-thumbnail","hentry"],"acf":[],"yoast_head":"<!-- This site is optimized with the Yoast SEO plugin v27.2 - https:\/\/yoast.com\/product\/yoast-seo-wordpress\/ -->\n<title>CIFAR<\/title>\n<meta name=\"robots\" content=\"index, follow, max-snippet:-1, max-image-preview:large, max-video-preview:-1\" \/>\n<link rel=\"canonical\" href=\"https:\/\/cifar.ca\/fr\/ia\/reseaux-de-solutions-du-cifar\/lia-integree-au-service-de-limagerie-medicale\/\" \/>\n<meta property=\"og:locale\" content=\"fr_FR\" \/>\n<meta property=\"og:type\" content=\"article\" \/>\n<meta property=\"og:title\" content=\"L\u2019IA int\u00e9gr\u00e9e au service de l\u2019imagerie m\u00e9dicale - CIFAR\" \/>\n<meta property=\"og:description\" content=\"Suivez-nous FaceBook Twitter YouTube LinkedIn Instagram Activit\u00e9s r\u00e9centes 30 janvier 2026: Tenue de la cinqui\u00e8me r\u00e9union \u00e0 Montr\u00e9al 26 mai 2025: Tenue de la quatri\u00e8me [&hellip;]\" \/>\n<meta property=\"og:url\" content=\"https:\/\/cifar.ca\/fr\/ia\/reseaux-de-solutions-du-cifar\/lia-integree-au-service-de-limagerie-medicale\/\" \/>\n<meta property=\"og:site_name\" content=\"CIFAR\" \/>\n<meta property=\"article:modified_time\" content=\"2026-02-05T15:25:14+00:00\" \/>\n<meta property=\"og:image\" content=\"https:\/\/cifar.ca\/wp-content\/uploads\/2023\/06\/networks-ai4hi-1920x400-3.jpg\" \/>\n\t<meta property=\"og:image:width\" content=\"1920\" \/>\n\t<meta property=\"og:image:height\" content=\"400\" \/>\n\t<meta property=\"og:image:type\" content=\"image\/jpeg\" \/>\n<meta name=\"twitter:card\" content=\"summary_large_image\" \/>\n<meta name=\"twitter:label1\" content=\"Dur\u00e9e de lecture estim\u00e9e\" \/>\n\t<meta name=\"twitter:data1\" content=\"5 minutes\" \/>\n<script type=\"application\/ld+json\" class=\"yoast-schema-graph\">{\"@context\":\"https:\/\/schema.org\",\"@graph\":[{\"@type\":\"WebPage\",\"@id\":\"https:\/\/cifar.ca\/fr\/ia\/reseaux-de-solutions-du-cifar\/lia-integree-au-service-de-limagerie-medicale\/\",\"url\":\"https:\/\/cifar.ca\/fr\/ia\/reseaux-de-solutions-du-cifar\/lia-integree-au-service-de-limagerie-medicale\/\",\"name\":\"L\u2019IA int\u00e9gr\u00e9e au service de l\u2019imagerie m\u00e9dicale - CIFAR\",\"isPartOf\":{\"@id\":\"https:\/\/cifar.ca\/fr\/#website\"},\"primaryImageOfPage\":{\"@id\":\"https:\/\/cifar.ca\/fr\/ia\/reseaux-de-solutions-du-cifar\/lia-integree-au-service-de-limagerie-medicale\/#primaryimage\"},\"image\":{\"@id\":\"https:\/\/cifar.ca\/fr\/ia\/reseaux-de-solutions-du-cifar\/lia-integree-au-service-de-limagerie-medicale\/#primaryimage\"},\"thumbnailUrl\":\"https:\/\/cifar.ca\/wp-content\/uploads\/2023\/06\/networks-ai4hi-1920x400-3.jpg\",\"datePublished\":\"2023-07-09T19:00:07+00:00\",\"dateModified\":\"2026-02-05T15:25:14+00:00\",\"breadcrumb\":{\"@id\":\"https:\/\/cifar.ca\/fr\/ia\/reseaux-de-solutions-du-cifar\/lia-integree-au-service-de-limagerie-medicale\/#breadcrumb\"},\"inLanguage\":\"fr-FR\",\"potentialAction\":[{\"@type\":\"ReadAction\",\"target\":[\"https:\/\/cifar.ca\/fr\/ia\/reseaux-de-solutions-du-cifar\/lia-integree-au-service-de-limagerie-medicale\/\"]}]},{\"@type\":\"ImageObject\",\"inLanguage\":\"fr-FR\",\"@id\":\"https:\/\/cifar.ca\/fr\/ia\/reseaux-de-solutions-du-cifar\/lia-integree-au-service-de-limagerie-medicale\/#primaryimage\",\"url\":\"https:\/\/cifar.ca\/wp-content\/uploads\/2023\/06\/networks-ai4hi-1920x400-3.jpg\",\"contentUrl\":\"https:\/\/cifar.ca\/wp-content\/uploads\/2023\/06\/networks-ai4hi-1920x400-3.jpg\",\"width\":1920,\"height\":400},{\"@type\":\"BreadcrumbList\",\"@id\":\"https:\/\/cifar.ca\/fr\/ia\/reseaux-de-solutions-du-cifar\/lia-integree-au-service-de-limagerie-medicale\/#breadcrumb\",\"itemListElement\":[{\"@type\":\"ListItem\",\"position\":1,\"name\":\"Acceuil\",\"item\":\"https:\/\/cifar.ca\/fr\/\"},{\"@type\":\"ListItem\",\"position\":2,\"name\":\"Strat\u00e9gie pancanadienne en mati\u00e8re d\u2019IA\",\"item\":\"https:\/\/cifar.ca\/fr\/ia\/\"},{\"@type\":\"ListItem\",\"position\":3,\"name\":\"R\u00e9seaux de solutions du CIFAR\",\"item\":\"https:\/\/cifar.ca\/fr\/ia\/reseaux-de-solutions-du-cifar\/\"},{\"@type\":\"ListItem\",\"position\":4,\"name\":\"L\u2019IA int\u00e9gr\u00e9e au service de l\u2019imagerie m\u00e9dicale\"}]},{\"@type\":\"WebSite\",\"@id\":\"https:\/\/cifar.ca\/fr\/#website\",\"url\":\"https:\/\/cifar.ca\/fr\/\",\"name\":\"CIFAR\",\"description\":\"Convoquer des esprits extraordinaires pour r\u00e9pondre aux questions les plus importantes auxquelles la science et l'humanit\u00e9 sont confront\u00e9es.\",\"publisher\":{\"@id\":\"https:\/\/cifar.ca\/fr\/#organization\"},\"potentialAction\":[{\"@type\":\"SearchAction\",\"target\":{\"@type\":\"EntryPoint\",\"urlTemplate\":\"https:\/\/cifar.ca\/fr\/?s={search_term_string}\"},\"query-input\":{\"@type\":\"PropertyValueSpecification\",\"valueRequired\":true,\"valueName\":\"search_term_string\"}}],\"inLanguage\":\"fr-FR\"},{\"@type\":\"Organization\",\"@id\":\"https:\/\/cifar.ca\/fr\/#organization\",\"name\":\"CIFAR\",\"url\":\"https:\/\/cifar.ca\/fr\/\",\"logo\":{\"@type\":\"ImageObject\",\"inLanguage\":\"fr-FR\",\"@id\":\"https:\/\/cifar.ca\/fr\/#\/schema\/logo\/image\/\",\"url\":\"https:\/\/cifar.ca\/wp-content\/uploads\/2020\/01\/cifar-logo-rgb-colour.png\",\"contentUrl\":\"https:\/\/cifar.ca\/wp-content\/uploads\/2020\/01\/cifar-logo-rgb-colour.png\",\"width\":1884,\"height\":681,\"caption\":\"CIFAR\"},\"image\":{\"@id\":\"https:\/\/cifar.ca\/fr\/#\/schema\/logo\/image\/\"}}]}<\/script>\n<!-- \/ Yoast SEO plugin. -->","yoast_head_json":{"title":"CIFAR","robots":{"index":"index","follow":"follow","max-snippet":"max-snippet:-1","max-image-preview":"max-image-preview:large","max-video-preview":"max-video-preview:-1"},"canonical":"https:\/\/cifar.ca\/fr\/ia\/reseaux-de-solutions-du-cifar\/lia-integree-au-service-de-limagerie-medicale\/","og_locale":"fr_FR","og_type":"article","og_title":"L\u2019IA int\u00e9gr\u00e9e au service de l\u2019imagerie m\u00e9dicale - CIFAR","og_description":"Suivez-nous FaceBook Twitter YouTube LinkedIn Instagram Activit\u00e9s r\u00e9centes 30 janvier 2026: Tenue de la cinqui\u00e8me r\u00e9union \u00e0 Montr\u00e9al 26 mai 2025: Tenue de la quatri\u00e8me [&hellip;]","og_url":"https:\/\/cifar.ca\/fr\/ia\/reseaux-de-solutions-du-cifar\/lia-integree-au-service-de-limagerie-medicale\/","og_site_name":"CIFAR","article_modified_time":"2026-02-05T15:25:14+00:00","og_image":[{"width":1920,"height":400,"url":"https:\/\/cifar.ca\/wp-content\/uploads\/2023\/06\/networks-ai4hi-1920x400-3.jpg","type":"image\/jpeg"}],"twitter_card":"summary_large_image","twitter_misc":{"Dur\u00e9e de lecture estim\u00e9e":"5 minutes"},"schema":{"@context":"https:\/\/schema.org","@graph":[{"@type":"WebPage","@id":"https:\/\/cifar.ca\/fr\/ia\/reseaux-de-solutions-du-cifar\/lia-integree-au-service-de-limagerie-medicale\/","url":"https:\/\/cifar.ca\/fr\/ia\/reseaux-de-solutions-du-cifar\/lia-integree-au-service-de-limagerie-medicale\/","name":"L\u2019IA int\u00e9gr\u00e9e au service de l\u2019imagerie m\u00e9dicale - CIFAR","isPartOf":{"@id":"https:\/\/cifar.ca\/fr\/#website"},"primaryImageOfPage":{"@id":"https:\/\/cifar.ca\/fr\/ia\/reseaux-de-solutions-du-cifar\/lia-integree-au-service-de-limagerie-medicale\/#primaryimage"},"image":{"@id":"https:\/\/cifar.ca\/fr\/ia\/reseaux-de-solutions-du-cifar\/lia-integree-au-service-de-limagerie-medicale\/#primaryimage"},"thumbnailUrl":"https:\/\/cifar.ca\/wp-content\/uploads\/2023\/06\/networks-ai4hi-1920x400-3.jpg","datePublished":"2023-07-09T19:00:07+00:00","dateModified":"2026-02-05T15:25:14+00:00","breadcrumb":{"@id":"https:\/\/cifar.ca\/fr\/ia\/reseaux-de-solutions-du-cifar\/lia-integree-au-service-de-limagerie-medicale\/#breadcrumb"},"inLanguage":"fr-FR","potentialAction":[{"@type":"ReadAction","target":["https:\/\/cifar.ca\/fr\/ia\/reseaux-de-solutions-du-cifar\/lia-integree-au-service-de-limagerie-medicale\/"]}]},{"@type":"ImageObject","inLanguage":"fr-FR","@id":"https:\/\/cifar.ca\/fr\/ia\/reseaux-de-solutions-du-cifar\/lia-integree-au-service-de-limagerie-medicale\/#primaryimage","url":"https:\/\/cifar.ca\/wp-content\/uploads\/2023\/06\/networks-ai4hi-1920x400-3.jpg","contentUrl":"https:\/\/cifar.ca\/wp-content\/uploads\/2023\/06\/networks-ai4hi-1920x400-3.jpg","width":1920,"height":400},{"@type":"BreadcrumbList","@id":"https:\/\/cifar.ca\/fr\/ia\/reseaux-de-solutions-du-cifar\/lia-integree-au-service-de-limagerie-medicale\/#breadcrumb","itemListElement":[{"@type":"ListItem","position":1,"name":"Acceuil","item":"https:\/\/cifar.ca\/fr\/"},{"@type":"ListItem","position":2,"name":"Strat\u00e9gie pancanadienne en mati\u00e8re d\u2019IA","item":"https:\/\/cifar.ca\/fr\/ia\/"},{"@type":"ListItem","position":3,"name":"R\u00e9seaux de solutions du CIFAR","item":"https:\/\/cifar.ca\/fr\/ia\/reseaux-de-solutions-du-cifar\/"},{"@type":"ListItem","position":4,"name":"L\u2019IA int\u00e9gr\u00e9e au service de l\u2019imagerie m\u00e9dicale"}]},{"@type":"WebSite","@id":"https:\/\/cifar.ca\/fr\/#website","url":"https:\/\/cifar.ca\/fr\/","name":"CIFAR","description":"Convoquer des esprits extraordinaires pour r\u00e9pondre aux questions les plus importantes auxquelles la science et l'humanit\u00e9 sont confront\u00e9es.","publisher":{"@id":"https:\/\/cifar.ca\/fr\/#organization"},"potentialAction":[{"@type":"SearchAction","target":{"@type":"EntryPoint","urlTemplate":"https:\/\/cifar.ca\/fr\/?s={search_term_string}"},"query-input":{"@type":"PropertyValueSpecification","valueRequired":true,"valueName":"search_term_string"}}],"inLanguage":"fr-FR"},{"@type":"Organization","@id":"https:\/\/cifar.ca\/fr\/#organization","name":"CIFAR","url":"https:\/\/cifar.ca\/fr\/","logo":{"@type":"ImageObject","inLanguage":"fr-FR","@id":"https:\/\/cifar.ca\/fr\/#\/schema\/logo\/image\/","url":"https:\/\/cifar.ca\/wp-content\/uploads\/2020\/01\/cifar-logo-rgb-colour.png","contentUrl":"https:\/\/cifar.ca\/wp-content\/uploads\/2020\/01\/cifar-logo-rgb-colour.png","width":1884,"height":681,"caption":"CIFAR"},"image":{"@id":"https:\/\/cifar.ca\/fr\/#\/schema\/logo\/image\/"}}]}},"_links":{"self":[{"href":"https:\/\/cifar.ca\/fr\/wp-json\/wp\/v2\/pages\/55968","targetHints":{"allow":["GET"]}}],"collection":[{"href":"https:\/\/cifar.ca\/fr\/wp-json\/wp\/v2\/pages"}],"about":[{"href":"https:\/\/cifar.ca\/fr\/wp-json\/wp\/v2\/types\/page"}],"author":[{"embeddable":true,"href":"https:\/\/cifar.ca\/fr\/wp-json\/wp\/v2\/users\/32"}],"replies":[{"embeddable":true,"href":"https:\/\/cifar.ca\/fr\/wp-json\/wp\/v2\/comments?post=55968"}],"version-history":[{"count":0,"href":"https:\/\/cifar.ca\/fr\/wp-json\/wp\/v2\/pages\/55968\/revisions"}],"up":[{"embeddable":true,"href":"https:\/\/cifar.ca\/fr\/wp-json\/wp\/v2\/pages\/55982"}],"wp:featuredmedia":[{"embeddable":true,"href":"https:\/\/cifar.ca\/fr\/wp-json\/wp\/v2\/media\/55827"}],"wp:attachment":[{"href":"https:\/\/cifar.ca\/fr\/wp-json\/wp\/v2\/media?parent=55968"}],"curies":[{"name":"wp","href":"https:\/\/api.w.org\/{rel}","templated":true}]}}