{"id":55982,"date":"2023-07-10T18:10:47","date_gmt":"2023-07-10T22:10:47","guid":{"rendered":"https:\/\/cifar.ca\/?page_id=55982"},"modified":"2025-12-17T07:01:49","modified_gmt":"2025-12-17T12:01:49","slug":"reseaux-de-solutions-du-cifar","status":"publish","type":"page","link":"https:\/\/cifar.ca\/fr\/ia\/reseaux-de-solutions-du-cifar\/","title":{"rendered":"R\u00e9seaux de solutions du CIFAR"},"content":{"rendered":"\r\n\r\n\t\t\t<h2>\r\n\t\t\tSuivez-nous\t\t<\/h2>\r\n\t\t<button class='connect square balloon white-transparent facebook left' data-url='https:\/\/www.facebook.com\/CIFAR\/' aria-haspopup=\"false\"   aria-label='Suis nous surFaceBook' data-balloon-pos='right'>\r\n\t\t\tFaceBook\r\n\t\t<\/button>\r\n\t\t<button class='connect square balloon white-transparent twitter' data-url='https:\/\/twitter.com\/cifar_news' aria-haspopup=\"false\"   aria-label='Suis nous surTwitter' data-balloon-pos='right'>\r\n\t\t\tTwitter\r\n\t\t<\/button>\r\n\t\t<button class='connect square balloon white-transparent youtube left' data-url='https:\/\/www.youtube.com\/channel\/UCZj1nnTIiutUjEg-22e8UTA' aria-haspopup=\"false\"   aria-label='Suis nous surYouTube' data-balloon-pos='right'>\r\n\t\t\tYouTube\r\n\t\t<\/button>\r\n\t\t<button class='connect square balloon white-transparent linkedin' data-url='https:\/\/ca.linkedin.com\/company\/canadian-institute-for-advanced-research' aria-haspopup=\"false\"   aria-label='Suis nous surLinkedIn' data-balloon-pos='right'>\r\n\t\t\tLinkedIn\r\n\t\t<\/button>\r\n<h1>\r\n\t\t\tR\u00e9seaux de solutions du&nbsp;CIFAR\t<\/h1>\r\n\t<h2>Solutions pour une IA responsable<\/h2>\r\n<p>Le programme R\u00e9seaux de solutions du CIFAR soutient des \u00e9quipes intersectorielles et multidisciplinaires pour concevoir, d\u00e9velopper et mettre en \u0153uvre des solutions qui r\u00e9pondent aux d\u00e9fis du d\u00e9ploiement d&rsquo;une IA responsable \u00e0 l&rsquo;\u00e9chelle mondiale.<\/p>\r\n   <!-- Mandeep add class on anchor -->\r\n\t<a href=\"#program-details\" target=\"_self\">\r\n\t\t\t\t\tD\u00e9tails du programme\t\t\t\t\t\t\t\r\n\t\t\t\t\t\t<\/a>\r\n\t<h2>Derni\u00e8res mises \u00e0 jour<\/h2>\r\n\t<p>19 novembre 2025<\/p>\r\n<p><a href=\"https:\/\/cifar.ca\/fr\/cifarnews\/2025\/11\/19\/le-cifar-lance-de-nouveaux-reseaux-de-solutions-axes-sur-la-securite-de-lia\/\">Le CIFAR lance de nouveaux r\u00e9seaux ax\u00e9s sur la s\u00e9curit\u00e9 de l&rsquo;IA afin de se pencher sur les in\u00e9galit\u00e9s linguistiques et sur les preuves synth\u00e9tiques dans le syst\u00e8me judiciaire.<\/a><\/p>\r\n\t<p>26 mai 2025<\/p>\r\n<p>Tenue de la quatri\u00e8me r\u00e9union du r\u00e9seau L&rsquo;IA int\u00e9gr\u00e9e au service de l&rsquo;imagerie m\u00e9dicale \u00e0&nbsp;Montr\u00e9al.<\/p>\r\n\t<p>24 avril 2025<\/p>\r\n<p>Publication, par le r\u00e9seau L&rsquo;IA int\u00e9gr\u00e9e au service de l&rsquo;imagerie m\u00e9dicale, d&rsquo;un article dans le <a href=\"https:\/\/ai.nejm.org\/doi\/full\/10.1056\/AIcs2401008\" target=\"_blank\">New England Journal of Medicine<\/a> sur le traitement des patients souffrant d&rsquo;une crise cardiaque pendant des proc\u00e9dures m\u00e9dicales d&rsquo;urgence. <\/p>\r\n\t<p>4 mars 2025<\/p>\r\n<p>Annonce de l&rsquo;appel \u00e0 manifestations d&rsquo;int\u00e9r\u00eat pour des r\u00e9seaux de solutions pour la s\u00e9curit\u00e9 de l&rsquo;IA. La p\u00e9riode de d\u00e9p\u00f4t s&rsquo;est termin\u00e9e le 15 avril&nbsp;2025.<\/p>\r\n\t<p>27 f\u00e9vrier 2025<\/p>\r\n<p><a href=\"https:\/\/cifar.ca\/fr\/cifarnews\/2025\/03\/31\/limportance-de-la-participation-communautaire-dans-le-deploiement-de-lia\/\">Tenue de la troisi\u00e8me r\u00e9union du r\u00e9seau L&rsquo;IA au service de la pr\u00e9diction et de la pr\u00e9vention du diab\u00e8te \u00e0 Mississauga.<\/a> <\/p>\r\n\t<h2>R\u00e9seaux de solutions du CIFAR<\/h2>\r\n\t\t\t\t<a href=\"https:\/\/cifar.ca\/fr\/ia\/reseaux-de-solutions-du-cifar\/lia-au-service-de-la-prediction-et-de-la-prevention-du-diabete\/\" target=\"_self\" itemprop=\"url\">\r\n\t\t\t\t<img loading=\"lazy\" decoding=\"async\" src=\"https:\/\/cifar.ca\/wp-content\/uploads\/2023\/06\/networks-ai4dpp-800x800-2.jpg\" alt=\"Image of a diabetes test device\" itemprop=\"image\" height=\"800\" width=\"800\" title=\"networks-ai4dpp-800x800\" onerror=\"this.style.display='none'\"  \/>\t\t\t\t<\/a>\r\n\t<h3><a href=\"https:\/\/cifar.ca\/fr\/ia\/reseaux-de-solutions-du-cifar\/lia-au-service-de-la-prediction-et-de-la-prevention-du-diabete\/\">L&rsquo;IA au service de la pr\u00e9diction et de la pr\u00e9vention du\u00a0diab\u00e8te<\/a><\/h3>\r\n<p>&nbsp;<\/p>\r\n<p>Am\u00e9liorer les syst\u00e8mes de pr\u00e9diction des risques li\u00e9s au diab\u00e8te de type 2 afin de mieux pr\u00e9venir et traiter cette\u00a0maladie.<\/p>\r\n<p>&nbsp;<\/p>\r\n\t\t\t\t<a href=\"https:\/\/cifar.ca\/fr\/ia\/reseaux-de-solutions-du-cifar\/lia-integree-au-service-de-limagerie-medicale\/\" target=\"_self\" itemprop=\"url\">\r\n\t\t\t\t<img loading=\"lazy\" decoding=\"async\" src=\"https:\/\/cifar.ca\/wp-content\/uploads\/2023\/06\/networks-ai4hi-800x800-3.jpg\" alt=\"networks-ai4hi-800x800-3\" itemprop=\"image\" height=\"800\" width=\"800\" title=\"networks-ai4hi-800x800-3\" onerror=\"this.style.display='none'\"  \/>\t\t\t\t<\/a>\r\n\t<h3><a href=\"https:\/\/cifar.ca\/fr\/ia\/reseaux-de-solutions-du-cifar\/lia-integree-au-service-de-limagerie-medicale\/\">L&rsquo;IA int\u00e9gr\u00e9e au service de l&rsquo;imagerie m\u00e9dicale<\/a><\/h3>\r\n<p>D\u00e9ployer un logiciel sur mesure qui exploite l&rsquo;infrastructure m\u00e9dicale existante afin d&rsquo;am\u00e9liorer la prise de d\u00e9cision clinique de mani\u00e8re \u00e9quitable et responsable.<\/p>\r\n\t\t\t\t<a href=\"https:\/\/cifar.ca\/fr\/ia\/reseaux-de-solutions-du-cifar\/communautes-de-donnees-favorisant-linclusion\/\" target=\"_self\" itemprop=\"url\">\r\n\t\t\t\t<img loading=\"lazy\" decoding=\"async\" src=\"https:\/\/cifar.ca\/wp-content\/uploads\/2023\/06\/networks-dci-800x800-1.jpg\" alt=\"networks-dci-800x800\" itemprop=\"image\" height=\"800\" width=\"800\" title=\"networks-dci-800x800\" onerror=\"this.style.display='none'\"  \/>\t\t\t\t<\/a>\r\n\t<h3><a href=\"https:\/\/cifar.ca\/fr\/ia\/reseaux-de-solutions-du-cifar\/communautes-de-donnees-favorisant-linclusion\/\">Communaut\u00e9s de donn\u00e9es favorisant l&rsquo;inclusion<\/a><\/h3>\r\n<p>&nbsp;<\/p>\r\n<p>D\u00e9velopper une plateforme de donn\u00e9es \u00e0 code source ouvert pour les travailleuses agricoles en Inde afin qu&rsquo;elles puissent exploiter de pr\u00e9cieuses informations et b\u00e9n\u00e9ficier d&rsquo;un acc\u00e8s \u00e9quitable \u00e0 un march\u00e9 concurrentiel.<\/p>\r\n\t\t\t\t<a href=\"https:\/\/cifar.ca\/fr\/ia\/reseaux-de-solutions-du-cifar\/reduire-les-biais-dialectaux\/\" target=\"_self\" itemprop=\"url\">\r\n\t\t\t\t<img loading=\"lazy\" decoding=\"async\" src=\"https:\/\/cifar.ca\/wp-content\/uploads\/2025\/10\/dialect-bias-solnet-page-800x800-3.jpg\" alt=\"Mitigating Dialect Bias\" itemprop=\"image\" height=\"800\" width=\"800\" title=\"dialect-bias-solnet-page-800x800-3\" onerror=\"this.style.display='none'\"  \/>\t\t\t\t<\/a>\r\n\t<h3><a href=\"https:\/\/cifar.ca\/fr\/ia\/reseaux-de-solutions-du-cifar\/reduire-les-biais-dialectaux\/\">R\u00e9duire les biais dialectaux<\/a><\/h3>\r\n<p>&nbsp;<\/p>\r\n<p>\u00c9laborer des indicateurs, des outils et des politiques pour emp\u00eacher les grands mod\u00e8les de langage d&rsquo;exercer une discrimination envers certains dialectes.<\/p>\r\n\t\t\t\t<a href=\"https:\/\/cifar.ca\/fr\/ia\/reseaux-de-solutions-du-cifar\/proteger-les-tribunaux-contre-les-contenus-synthetiques-generes-par-lia\/\" target=\"_self\" itemprop=\"url\">\r\n\t\t\t\t<img loading=\"lazy\" decoding=\"async\" src=\"https:\/\/cifar.ca\/wp-content\/uploads\/2025\/10\/safeguarding-courts-solnet-page-800x800-1.jpg\" alt=\"Lady Justice and geometric shapes in the background\" itemprop=\"image\" height=\"800\" width=\"800\" title=\"safeguarding-courts-solnet-page-800x800\" onerror=\"this.style.display='none'\"  \/>\t\t\t\t<\/a>\r\n\t<h3><a href=\"https:\/\/cifar.ca\/fr\/ia\/reseaux-de-solutions-du-cifar\/proteger-les-tribunaux-contre-les-contenus-synthetiques-generes-par-lia\/\">Prot\u00e9ger les tribunaux contre les contenus synth\u00e9tiques g\u00e9n\u00e9r\u00e9s par\u00a0l&rsquo;IA<\/a><\/h3>\r\n<p>&nbsp;<\/p>\r\n<p>Concevoir des outils destin\u00e9s \u00e0 d\u00e9tecter et \u00e0 invalider les fausses preuves g\u00e9n\u00e9r\u00e9es par\u00a0l&rsquo;IA.<\/p>\r\n\t<h2 id=\"program-details\">D\u00e9tails du programme<\/h2>\r\n<p>Les R\u00e9seaux de solutions du CIFAR re\u00e7oivent, pendant une p\u00e9riode de trois ans, un financement flexible pour concevoir, d\u00e9velopper et mettre en \u0153uvre une solution d&rsquo;IA responsable.<\/p>\r\n<h3>Vision\u00a0:<\/h3>\r\n<p>Ce programme vise \u00e0 r\u00e9unir des expertes et experts internationaux issus du monde universitaire, de la soci\u00e9t\u00e9 civile, du gouvernement et de l&rsquo;industrie afin d&rsquo;encourager des pratiques et des actions dans des secteurs sp\u00e9cifiques en d\u00e9veloppant et en mettant en \u0153uvre des solutions utilisant une IA responsable.<\/p>\r\n<p>Les R\u00e9seaux de solutions du CIFAR sont des initiatives de collaboration d&rsquo;\u00e9quipes interdisciplinaires dirig\u00e9es par un noyau central de six personnes au maximum. Chaque \u00e9quipe travaille ensemble pour d\u00e9velopper des approches et des applications visant \u00e0 soutenir la mise en \u0153uvre d&rsquo;une IA responsable afin de r\u00e9soudre des probl\u00e8mes urgents et\u00a0actuels.<\/p>\r\n<h3>Le R\u00e9seau de solutions retenu re\u00e7oit\u00a0:<\/h3>\r\n<ul>\r\n<li>60\u2009000 $ CA par ann\u00e9e pour chaque coresponsable (jusqu&rsquo;\u00e0 concurrence de 2) et 25\u00a0000\u00a0$ CA par ann\u00e9e pour chaque membre du noyau central (jusqu&rsquo;\u00e0 concurrence de\u00a04);<\/li>\r\n<li>jusqu&rsquo;\u00e0 60\u00a0000\u00a0$ CA par ann\u00e9e pour couvrir les co\u00fbts directement li\u00e9s \u00e0 l&rsquo;avancement de la solution du R\u00e9seau;<\/li>\r\n<li>un soutien financier et logistique afin de mener au moins deux rencontres par ann\u00e9e (en pr\u00e9sentiel ou en virtuel) entre les membres du R\u00e9seau et les sp\u00e9cialistes externes;<\/li>\r\n<li>le soutien programmatique et administratif du CIFAR.<\/li>\r\n<\/ul>\r\n<h3>Crit\u00e8res d&rsquo;admissibilit\u00e9 :<\/h3>\r\n<p>Le R\u00e9seau de solutions devrait \u00eatre constitu\u00e9 d&rsquo;une \u00e9quipe interdisciplinaire et intersectorielle, et il doit\u00a0:<\/p>\r\n<ul>\r\n<li>\u00eatre dirig\u00e9 par deux coresponsables et comprendre au plus quatre membres additionnels, dont au moins un ou une sp\u00e9cialiste en informatique ou en science des donn\u00e9es et au moins un expert ou une experte des implications juridiques, \u00e9thiques ou politiques de\u00a0l&rsquo;IA;<\/li>\r\n<li>comprendre au moins un membre bas\u00e9 dans le milieu o\u00f9 la solution sera mise en\u00a0\u0153uvre;<\/li>\r\n<li>tenir compte de l&rsquo;\u00e9quit\u00e9, de la diversit\u00e9 et de l&rsquo;inclusion dans la composition de\u00a0l&rsquo;\u00e9quipe.<\/li>\r\n<\/ul>\r\n\t<h2>Communiquez avec nous<\/h2>\r\n\t<p>Vous avez des questions au sujet de la Strat\u00e9gie pancanadienne en mati\u00e8re d&rsquo;intelligence artificielle?<\/p>\r\n   <!-- Mandeep add class on anchor -->\r\n\t<a href=\"mailto:ai@cifar.ca\" target=\"_self\">\r\n\t\t\t\t\tEmail us\t\t\t\t\t\t\t\r\n\t\t\t\t\t\t<\/a>\r\n<h2>\r\n\t\t\tSoutenez-nous\t<\/h2>\r\n\t<p>L&rsquo;Institut canadien de recherches avanc\u00e9es (CIFAR) est une organisation de recherche d&rsquo;influence mondiale fi\u00e8rement bas\u00e9e au Canada. Nous mobilisons les plus brillants personnes du monde, dans toutes les disciplines et \u00e0 tous les stades de carri\u00e8re, pour faire progresser les connaissances transformatrices et r\u00e9soudre ensemble les plus grands probl\u00e8mes de l&rsquo;humanit\u00e9. Nous recevons l&rsquo;appui des gouvernements du Canada, de l&rsquo;Alberta et du Qu\u00e9bec, ainsi que de fondations, de particuliers, d&rsquo;entreprises et d&rsquo;organisations partenaires du Canada et du monde entier.<\/p>\r\n   <!-- Mandeep add class on anchor -->\r\n\t<a href=\"https:\/\/cifar.ca\/fr\/dons\/\" target=\"_self\">\r\n\t\t\t\t\tDons\t\t\t\t\t\t\t\r\n\t\t\t\t\t\t<\/a>\r\n\r\n","protected":false},"excerpt":{"rendered":"<p>Pour une recherche en IA responsable. Les R\u00e9seaux de solutions financent des \u00e9quipes multidisciplinaires charg\u00e9es de concevoir et d\u2019implanter des solutions aux enjeux mondiaux.<\/p>\n","protected":false},"author":32,"featured_media":38968,"parent":52888,"menu_order":0,"comment_status":"closed","ping_status":"closed","template":"","meta":{"_acf_changed":false,"footnotes":""},"class_list":["post-55982","page","type-page","status-publish","has-post-thumbnail","hentry"],"acf":[],"yoast_head":"<!-- This site is optimized with the Yoast SEO plugin v27.2 - https:\/\/yoast.com\/product\/yoast-seo-wordpress\/ -->\n<title>CIFAR<\/title>\n<meta name=\"description\" content=\"Pour une recherche en IA responsable. Les R\u00e9seaux de solutions financent des \u00e9quipes multidisciplinaires charg\u00e9es de concevoir et d\u2019implanter des solutions aux enjeux mondiaux.\" \/>\n<meta name=\"robots\" content=\"index, follow, max-snippet:-1, max-image-preview:large, max-video-preview:-1\" \/>\n<link rel=\"canonical\" href=\"https:\/\/cifar.ca\/fr\/ia\/reseaux-de-solutions-du-cifar\/\" \/>\n<meta property=\"og:locale\" content=\"fr_FR\" \/>\n<meta property=\"og:type\" content=\"article\" \/>\n<meta property=\"og:title\" content=\"R\u00e9seaux de solutions du CIFAR - CIFAR\" \/>\n<meta property=\"og:description\" content=\"Pour une recherche en IA responsable. Les R\u00e9seaux de solutions financent des \u00e9quipes multidisciplinaires charg\u00e9es de concevoir et d\u2019implanter des solutions aux enjeux mondiaux.\" \/>\n<meta property=\"og:url\" content=\"https:\/\/cifar.ca\/fr\/ia\/reseaux-de-solutions-du-cifar\/\" \/>\n<meta property=\"og:site_name\" content=\"CIFAR\" \/>\n<meta property=\"article:modified_time\" content=\"2025-12-17T12:01:49+00:00\" \/>\n<meta property=\"og:image\" content=\"https:\/\/cifar.ca\/wp-content\/uploads\/2020\/11\/SN_website-banner-copy-3-e1709924896532.jpg\" \/>\n\t<meta property=\"og:image:width\" content=\"1685\" \/>\n\t<meta property=\"og:image:height\" content=\"558\" \/>\n\t<meta property=\"og:image:type\" content=\"image\/jpeg\" \/>\n<meta name=\"twitter:card\" content=\"summary_large_image\" \/>\n<meta name=\"twitter:label1\" content=\"Dur\u00e9e de lecture estim\u00e9e\" \/>\n\t<meta name=\"twitter:data1\" content=\"5 minutes\" \/>\n<script type=\"application\/ld+json\" class=\"yoast-schema-graph\">{\"@context\":\"https:\/\/schema.org\",\"@graph\":[{\"@type\":\"WebPage\",\"@id\":\"https:\/\/cifar.ca\/fr\/ia\/reseaux-de-solutions-du-cifar\/\",\"url\":\"https:\/\/cifar.ca\/fr\/ia\/reseaux-de-solutions-du-cifar\/\",\"name\":\"R\u00e9seaux de solutions du CIFAR - CIFAR\",\"isPartOf\":{\"@id\":\"https:\/\/cifar.ca\/fr\/#website\"},\"primaryImageOfPage\":{\"@id\":\"https:\/\/cifar.ca\/fr\/ia\/reseaux-de-solutions-du-cifar\/#primaryimage\"},\"image\":{\"@id\":\"https:\/\/cifar.ca\/fr\/ia\/reseaux-de-solutions-du-cifar\/#primaryimage\"},\"thumbnailUrl\":\"https:\/\/cifar.ca\/wp-content\/uploads\/2020\/11\/SN_website-banner-copy-3-e1709924896532.jpg\",\"datePublished\":\"2023-07-10T22:10:47+00:00\",\"dateModified\":\"2025-12-17T12:01:49+00:00\",\"description\":\"Pour une recherche en IA responsable. Les R\u00e9seaux de solutions financent des \u00e9quipes multidisciplinaires charg\u00e9es de concevoir et d\u2019implanter des solutions aux enjeux mondiaux.\",\"breadcrumb\":{\"@id\":\"https:\/\/cifar.ca\/fr\/ia\/reseaux-de-solutions-du-cifar\/#breadcrumb\"},\"inLanguage\":\"fr-FR\",\"potentialAction\":[{\"@type\":\"ReadAction\",\"target\":[\"https:\/\/cifar.ca\/fr\/ia\/reseaux-de-solutions-du-cifar\/\"]}]},{\"@type\":\"ImageObject\",\"inLanguage\":\"fr-FR\",\"@id\":\"https:\/\/cifar.ca\/fr\/ia\/reseaux-de-solutions-du-cifar\/#primaryimage\",\"url\":\"https:\/\/cifar.ca\/wp-content\/uploads\/2020\/11\/SN_website-banner-copy-3-e1709924896532.jpg\",\"contentUrl\":\"https:\/\/cifar.ca\/wp-content\/uploads\/2020\/11\/SN_website-banner-copy-3-e1709924896532.jpg\",\"width\":1685,\"height\":558},{\"@type\":\"BreadcrumbList\",\"@id\":\"https:\/\/cifar.ca\/fr\/ia\/reseaux-de-solutions-du-cifar\/#breadcrumb\",\"itemListElement\":[{\"@type\":\"ListItem\",\"position\":1,\"name\":\"Acceuil\",\"item\":\"https:\/\/cifar.ca\/fr\/\"},{\"@type\":\"ListItem\",\"position\":2,\"name\":\"Strat\u00e9gie pancanadienne en mati\u00e8re d\u2019IA\",\"item\":\"https:\/\/cifar.ca\/fr\/ia\/\"},{\"@type\":\"ListItem\",\"position\":3,\"name\":\"R\u00e9seaux de solutions du CIFAR\"}]},{\"@type\":\"WebSite\",\"@id\":\"https:\/\/cifar.ca\/fr\/#website\",\"url\":\"https:\/\/cifar.ca\/fr\/\",\"name\":\"CIFAR\",\"description\":\"Convoquer des esprits extraordinaires pour r\u00e9pondre aux questions les plus importantes auxquelles la science et l'humanit\u00e9 sont confront\u00e9es.\",\"publisher\":{\"@id\":\"https:\/\/cifar.ca\/fr\/#organization\"},\"potentialAction\":[{\"@type\":\"SearchAction\",\"target\":{\"@type\":\"EntryPoint\",\"urlTemplate\":\"https:\/\/cifar.ca\/fr\/?s={search_term_string}\"},\"query-input\":{\"@type\":\"PropertyValueSpecification\",\"valueRequired\":true,\"valueName\":\"search_term_string\"}}],\"inLanguage\":\"fr-FR\"},{\"@type\":\"Organization\",\"@id\":\"https:\/\/cifar.ca\/fr\/#organization\",\"name\":\"CIFAR\",\"url\":\"https:\/\/cifar.ca\/fr\/\",\"logo\":{\"@type\":\"ImageObject\",\"inLanguage\":\"fr-FR\",\"@id\":\"https:\/\/cifar.ca\/fr\/#\/schema\/logo\/image\/\",\"url\":\"https:\/\/cifar.ca\/wp-content\/uploads\/2020\/01\/cifar-logo-rgb-colour.png\",\"contentUrl\":\"https:\/\/cifar.ca\/wp-content\/uploads\/2020\/01\/cifar-logo-rgb-colour.png\",\"width\":1884,\"height\":681,\"caption\":\"CIFAR\"},\"image\":{\"@id\":\"https:\/\/cifar.ca\/fr\/#\/schema\/logo\/image\/\"}}]}<\/script>\n<!-- \/ Yoast SEO plugin. -->","yoast_head_json":{"title":"CIFAR","description":"Pour une recherche en IA responsable. Les R\u00e9seaux de solutions financent des \u00e9quipes multidisciplinaires charg\u00e9es de concevoir et d\u2019implanter des solutions aux enjeux mondiaux.","robots":{"index":"index","follow":"follow","max-snippet":"max-snippet:-1","max-image-preview":"max-image-preview:large","max-video-preview":"max-video-preview:-1"},"canonical":"https:\/\/cifar.ca\/fr\/ia\/reseaux-de-solutions-du-cifar\/","og_locale":"fr_FR","og_type":"article","og_title":"R\u00e9seaux de solutions du CIFAR - CIFAR","og_description":"Pour une recherche en IA responsable. Les R\u00e9seaux de solutions financent des \u00e9quipes multidisciplinaires charg\u00e9es de concevoir et d\u2019implanter des solutions aux enjeux mondiaux.","og_url":"https:\/\/cifar.ca\/fr\/ia\/reseaux-de-solutions-du-cifar\/","og_site_name":"CIFAR","article_modified_time":"2025-12-17T12:01:49+00:00","og_image":[{"width":1685,"height":558,"url":"https:\/\/cifar.ca\/wp-content\/uploads\/2020\/11\/SN_website-banner-copy-3-e1709924896532.jpg","type":"image\/jpeg"}],"twitter_card":"summary_large_image","twitter_misc":{"Dur\u00e9e de lecture estim\u00e9e":"5 minutes"},"schema":{"@context":"https:\/\/schema.org","@graph":[{"@type":"WebPage","@id":"https:\/\/cifar.ca\/fr\/ia\/reseaux-de-solutions-du-cifar\/","url":"https:\/\/cifar.ca\/fr\/ia\/reseaux-de-solutions-du-cifar\/","name":"R\u00e9seaux de solutions du CIFAR - CIFAR","isPartOf":{"@id":"https:\/\/cifar.ca\/fr\/#website"},"primaryImageOfPage":{"@id":"https:\/\/cifar.ca\/fr\/ia\/reseaux-de-solutions-du-cifar\/#primaryimage"},"image":{"@id":"https:\/\/cifar.ca\/fr\/ia\/reseaux-de-solutions-du-cifar\/#primaryimage"},"thumbnailUrl":"https:\/\/cifar.ca\/wp-content\/uploads\/2020\/11\/SN_website-banner-copy-3-e1709924896532.jpg","datePublished":"2023-07-10T22:10:47+00:00","dateModified":"2025-12-17T12:01:49+00:00","description":"Pour une recherche en IA responsable. Les R\u00e9seaux de solutions financent des \u00e9quipes multidisciplinaires charg\u00e9es de concevoir et d\u2019implanter des solutions aux enjeux mondiaux.","breadcrumb":{"@id":"https:\/\/cifar.ca\/fr\/ia\/reseaux-de-solutions-du-cifar\/#breadcrumb"},"inLanguage":"fr-FR","potentialAction":[{"@type":"ReadAction","target":["https:\/\/cifar.ca\/fr\/ia\/reseaux-de-solutions-du-cifar\/"]}]},{"@type":"ImageObject","inLanguage":"fr-FR","@id":"https:\/\/cifar.ca\/fr\/ia\/reseaux-de-solutions-du-cifar\/#primaryimage","url":"https:\/\/cifar.ca\/wp-content\/uploads\/2020\/11\/SN_website-banner-copy-3-e1709924896532.jpg","contentUrl":"https:\/\/cifar.ca\/wp-content\/uploads\/2020\/11\/SN_website-banner-copy-3-e1709924896532.jpg","width":1685,"height":558},{"@type":"BreadcrumbList","@id":"https:\/\/cifar.ca\/fr\/ia\/reseaux-de-solutions-du-cifar\/#breadcrumb","itemListElement":[{"@type":"ListItem","position":1,"name":"Acceuil","item":"https:\/\/cifar.ca\/fr\/"},{"@type":"ListItem","position":2,"name":"Strat\u00e9gie pancanadienne en mati\u00e8re d\u2019IA","item":"https:\/\/cifar.ca\/fr\/ia\/"},{"@type":"ListItem","position":3,"name":"R\u00e9seaux de solutions du CIFAR"}]},{"@type":"WebSite","@id":"https:\/\/cifar.ca\/fr\/#website","url":"https:\/\/cifar.ca\/fr\/","name":"CIFAR","description":"Convoquer des esprits extraordinaires pour r\u00e9pondre aux questions les plus importantes auxquelles la science et l'humanit\u00e9 sont confront\u00e9es.","publisher":{"@id":"https:\/\/cifar.ca\/fr\/#organization"},"potentialAction":[{"@type":"SearchAction","target":{"@type":"EntryPoint","urlTemplate":"https:\/\/cifar.ca\/fr\/?s={search_term_string}"},"query-input":{"@type":"PropertyValueSpecification","valueRequired":true,"valueName":"search_term_string"}}],"inLanguage":"fr-FR"},{"@type":"Organization","@id":"https:\/\/cifar.ca\/fr\/#organization","name":"CIFAR","url":"https:\/\/cifar.ca\/fr\/","logo":{"@type":"ImageObject","inLanguage":"fr-FR","@id":"https:\/\/cifar.ca\/fr\/#\/schema\/logo\/image\/","url":"https:\/\/cifar.ca\/wp-content\/uploads\/2020\/01\/cifar-logo-rgb-colour.png","contentUrl":"https:\/\/cifar.ca\/wp-content\/uploads\/2020\/01\/cifar-logo-rgb-colour.png","width":1884,"height":681,"caption":"CIFAR"},"image":{"@id":"https:\/\/cifar.ca\/fr\/#\/schema\/logo\/image\/"}}]}},"_links":{"self":[{"href":"https:\/\/cifar.ca\/fr\/wp-json\/wp\/v2\/pages\/55982","targetHints":{"allow":["GET"]}}],"collection":[{"href":"https:\/\/cifar.ca\/fr\/wp-json\/wp\/v2\/pages"}],"about":[{"href":"https:\/\/cifar.ca\/fr\/wp-json\/wp\/v2\/types\/page"}],"author":[{"embeddable":true,"href":"https:\/\/cifar.ca\/fr\/wp-json\/wp\/v2\/users\/32"}],"replies":[{"embeddable":true,"href":"https:\/\/cifar.ca\/fr\/wp-json\/wp\/v2\/comments?post=55982"}],"version-history":[{"count":0,"href":"https:\/\/cifar.ca\/fr\/wp-json\/wp\/v2\/pages\/55982\/revisions"}],"up":[{"embeddable":true,"href":"https:\/\/cifar.ca\/fr\/wp-json\/wp\/v2\/pages\/52888"}],"wp:featuredmedia":[{"embeddable":true,"href":"https:\/\/cifar.ca\/fr\/wp-json\/wp\/v2\/media\/38968"}],"wp:attachment":[{"href":"https:\/\/cifar.ca\/fr\/wp-json\/wp\/v2\/media?parent=55982"}],"curies":[{"name":"wp","href":"https:\/\/api.w.org\/{rel}","templated":true}]}}