{"id":57050,"date":"2023-10-24T08:23:57","date_gmt":"2023-10-24T12:23:57","guid":{"rendered":"https:\/\/cifar.ca\/?page_id=57050"},"modified":"2025-12-17T06:36:55","modified_gmt":"2025-12-17T11:36:55","slug":"le-defi-de-la-conversion-du-carbone","status":"publish","type":"page","link":"https:\/\/cifar.ca\/fr\/le-defi-de-la-conversion-du-carbone\/","title":{"rendered":"Le d\u00e9fi de la conversion du carbone"},"content":{"rendered":"\r\n\r\n\t<p><strong>FAVORISER LA R\u00c9SILIENCE DE LA TERRE<\/strong><\/p>\r\n<h1>\r\n\t\tLe d\u00e9fi de la conversion du carbone\r\n\t<\/h1>\r\n\tPar : <strong>Liz Do &amp; Alison Rutka<\/strong><br \/>\r\nle 24 octobre 2023\r\n\t<h3>Les effets des changements climatiques se font sentir \u00e0 l&rsquo;\u00e9chelle mondiale \u00e0 un rythme alarmant. Le CIFAR est \u00e0 l&rsquo;avant-garde de la lutte contre ce ph\u00e9nom\u00e8ne. Cette s\u00e9rie sp\u00e9ciale, <a href=\"https:\/\/cifar.ca\/fr\/favoriser-la-resilience-de-la-terre\/\" target=\"_blank\" rel=\"noopener\">Favoriser la r\u00e9silience de la Terre<\/a>, examine comment la communaut\u00e9 du CIFAR &#8211; par-del\u00e0 les fronti\u00e8res, les r\u00f4les et les disciplines &#8211; a un impact significatif sur la concr\u00e9tisation de changements importants.<\/h3>\r\n<h5>D\u00e9couvrez comment <a href=\"https:\/\/cifar.ca\/fr\/biographie\/chibueze-amanchukwu\/\" target=\"_blank\" rel=\"noopener\">Chibueze Amanchukwu<\/a>, membre du CIFAR, transforme le probl\u00e8me du carbone en solution.<\/h5>\r\n\t<strong>Vous souhaitez en savoir plus sur ces recherches? <\/strong><br \/>\r\nVous souhaitez en savoir plus sur ces recherches?<br \/>\r\nRegardez maintenant : Conf\u00e9rences du CIFAR :  Favoriser la r\u00e9silience de la Terre, mettant en<br \/>\r\nvedette des sp\u00e9cialistes de notre s\u00e9rie.\r\n   <!-- Mandeep add class on anchor -->\r\n\t<a href=\"https:\/\/youtu.be\/L-HC0nH2QWY\" target=\"_self\" rel=\"noopener\">\r\n\t\t\t\tRegardez maintenant\r\n\t\t\t<\/a>\r\n\t\t\t\t<img loading=\"lazy\" decoding=\"async\" src=\"https:\/\/cifar.ca\/wp-content\/uploads\/2023\/10\/Chibueze_Amanchukwu_ourimpact.jpg\" alt=\"Photo of Chibueze Amanchukwu\" itemprop=\"image\" height=\"1000\" width=\"744\" title=\"Chibueze_Amanchukwu_ourimpact\" onerror=\"this.style.display='none'\"  \/>\t\t\t\t\t\r\n\t<p><em>Photo : Saverio Truglia<\/em><\/p>\r\n\t<p>L&rsquo;augmentation des \u00e9missions de carbone sur la plan\u00e8te constitue un d\u00e9fi majeur de la crise climatique. En 2022, la population mondiale a \u00e9mis <a href=\"https:\/\/www.iea.org\/news\/global-co2-emissions-rose-less-than-initially-feared-in-2022-as-clean-energy-growth-offset-much-of-the-impact-of-greater-coal-and-oil-use\" target=\"_blank\" rel=\"noopener\">36,8 milliards de tonnes de CO<sub>2<\/sub><\/a>, soit 321 millions de tonnes de plus que l&rsquo;ann\u00e9e pr\u00e9c\u00e9dente.<\/p>\r\n<p>Selon <a href=\"https:\/\/www.iea.org\/news\/pathway-to-critical-and-formidable-goal-of-net-zero-emissions-by-2050-is-narrow-but-brings-huge-benefits\" target=\"_blank\" rel=\"noopener\">l&rsquo;Agence internationale de l&rsquo;\u00e9nergie<\/a>, la voie vers la carboneutralit\u00e9 en 2050 est difficile et requiert un virage sans pr\u00e9c\u00e9dent dans le mode de production \u00e9nerg\u00e9tique. Le pi\u00e9geage et la conversion du carbone ne repr\u00e9sentent pas encore une solution de rechange \u00e9conomiquement viable aux combustibles fossiles, mais cette technologie est un \u00e9l\u00e9ment cl\u00e9 de la r\u00e9duction des \u00e9missions \u00e0 l&rsquo;\u00e9chelle mondiale.<\/p>\r\n<p>C&rsquo;est pourquoi des scientifiques comme Chibueze Amanchukwu, membre du programme des chercheurs mondiaux CIFAR-Azrieli au sein du programme <a href=\"https:\/\/cifar.ca\/fr\/programmes-de-recherche\/acceleration-de-la-decarbonisation\/\" target=\"_blank\" rel=\"noopener\">Acc\u00e9l\u00e9ration de la d\u00e9carbonisation<\/a>, se tournent \u00e9galement vers le carbone dans la lutte contre les changements climatiques. Amanchukwu souhaite trouver de meilleures m\u00e9thodes \u00e9lectrochimiques pour convertir le CO<sub>2<\/sub> ind\u00e9sirable et nocif en produits \u00e0 valeur commerciale, comme l&rsquo;\u00e9thyl\u00e8ne.<\/p>\r\n<p>\u00ab\u2009L&rsquo;\u00e9thyl\u00e8ne, pr\u00e9curseur de la production de nombreux plastiques et biens de consommation, est le produit chimique organique industriel le plus r\u00e9pandu au monde\u2009\u00bb, explique Amanchukwu.<\/p>\r\n<p>Avec son groupe, Amanchukwu associe du CO<sub>2<\/sub>, du H<sub>2<\/sub>O et des \u00e9lectrons pour convertir \u00e9lectrochimiquement le CO<sub>2<\/sub>. Le processus \u00e9lectrochimique de conversion du carbone se fait dans un appareil appel\u00e9 \u00e9lectrolyseur. \u00c0 la surface d&rsquo;un catalyseur solide, le CO<sub>2<\/sub> est dissous dans un \u00e9lectrolyte liquide, il absorbe les \u00e9lectrons et peut \u00eatre transform\u00e9 en \u00e9thyl\u00e8ne et autres produits.<\/p>\r\n\t<p>Malheureusement, la conversion \u00e9lectrochimique du CO<sub>2<\/sub> se heurte \u00e0 de nombreuses difficult\u00e9s. Tout d&rsquo;abord, il faut une grande quantit\u00e9 d&rsquo;\u00e9nergie pour convertir le CO<sub>2<\/sub>; les scientifiques continuent d&rsquo;am\u00e9liorer le processus afin d&rsquo;optimiser et d&rsquo;\u00e9tendre la technologie.<\/p>\r\n<p>Les travaux d&rsquo;Amanchukwu visent principalement \u00e0 mieux comprendre les strat\u00e9gies de conception des \u00e9lectrolytes, \u00e0 investiguer comment la s\u00e9lection des \u00e9lectrolytes peut modifier et am\u00e9liorer la r\u00e9action \u00e9lectrochimique et \u00e0 contr\u00f4ler s\u00e9lectivement la formation du produit souhait\u00e9 &#8211; des perc\u00e9es qui peuvent accro\u00eetre la capture et la conversion du carbone.<\/p>\r\n<p>\u00ab\u2009Pour faire face \u00e0 l&rsquo;augmentation des \u00e9missions de CO<sub>2<\/sub>, l&rsquo;objectif principal est toujours de r\u00e9duire les \u00e9missions \u00e0 la source, note-t-il. Mais pour relever le d\u00e9fi que posent les changements climatiques, nous avons aussi besoin d&rsquo;approches diff\u00e9rentes. Nous devons \u00eatre en mesure de d\u00e9carboniser et d&rsquo;explorer la capture et la conversion du carbone.\u2009\u00bb<\/p>\r\n<p>Trouver le moyen d&rsquo;\u00e9tendre la capture et la conversion du CO<sub>2<\/sub> reste une priorit\u00e9 absolue pour Amanchukwu. Mais pour ce faire, il devra r\u00e9soudre certaines questions de science fondamentale. \u00c0 ce jour, personne ne sait quel serait le meilleur mat\u00e9riau pour permettre la capture et la conversion du carbone. Alors qu&rsquo;Amanchukwu et son \u00e9quipe continuent de r\u00e9aliser des essais sur divers compos\u00e9s prometteurs, il reconna\u00eet que la collaboration sera n\u00e9cessaire pour concr\u00e9tiser l&rsquo;impact fondamental de son travail.<\/p>\r\n<p>Dans le cadre de ses travaux en collaboration, en plus de travailler avec des partenaires et des organisations, il doit tirer parti des connaissances de ses pairs du CIFAR issus de diverses disciplines au sein du programme Acc\u00e9l\u00e9ration de la d\u00e9carbonisation. Depuis qu&rsquo;il est devenu membre du programme des chercheurs mondiaux CIFAR-Azrieli en 2022, il travaille activement avec les membres de son programme du CIFAR et d&rsquo;autres stagiaires du programme des chercheurs mondiaux CIFAR-Azrieli, ce qui lui a permis de d\u00e9couvrir diff\u00e9rentes perspectives sur le probl\u00e8me de la conversion du carbone.<\/p>\r\n<p>\u00ab\u2009Le CIFAR m&rsquo;a permis de me joindre \u00e0 un r\u00e9seau extraordinaire et de rencontrer des scientifiques de calibre mondial qui sont \u00e0 l&rsquo;avant-garde de la lutte contre les changements climatiques par l&rsquo;adoption de perspectives diff\u00e9rentes. Ces perspectives contribuent \u00e0 d\u00e9finir le type de travail sur lequel je me concentre et fournissent un contexte plus large \u00e0 mes recherches, d\u00e9clare-t-il. Je suis expos\u00e9 \u00e0 la fois \u00e0 des id\u00e9es d&rsquo;ensemble et \u00e0 des approches scientifiques granulaires. C&rsquo;est incroyable d&rsquo;avoir acc\u00e8s \u00e0 une communaut\u00e9 de recherche qui r\u00e9fl\u00e9chit \u00e0 ce probl\u00e8me particulier; le CIFAR nous a donn\u00e9 cette tr\u00e8s rare occasion.\u2009\u00bb<\/p>\r\n<p>Alors qu&rsquo;Amanchukwu continue d&rsquo;am\u00e9liorer les m\u00e9thodes de conversion du carbone, son travail est motiv\u00e9 en partie par son pays d&rsquo;origine, le Nigeria : il veut s&rsquo;assurer que lorsque la conversion du carbone sera mise \u00e0 l&rsquo;\u00e9chelle, cette technologie sera \u00e9quitable pour tous.<\/p>\r\n<p>\u00ab\u2009Je veux veiller \u00e0 ce que les technologies que nous d\u00e9veloppons soient suffisamment bon march\u00e9 pour que personne ne soit laiss\u00e9 pour compte, explique-t-il. Les Nig\u00e9rians, par exemple, essaient d&rsquo;atteindre le niveau de confort dont nous jouissons aux \u00c9tats-Unis et au Canada. Comment s&rsquo;assurer qu&rsquo;ils disposent de produits &#8211; aliment\u00e9s par une \u00e9lectricit\u00e9 renouvelable &#8211; qui ne les privent pas des plaisirs dont nous jouissons en Occident? Voil\u00e0 qui motive en grande partie ce que je fais.\u2009\u00bb<\/p>\r\n\t<h4><strong>Comment le CIFAR vous aide-t-il \u00e0 mener des recherches pertinentes pour lutter contre les changements climatiques?<\/strong><\/h4>\r\n<br \/>\r\n\u00ab\u2009Le CIFAR m&rsquo;a permis de me joindre \u00e0 un r\u00e9seau extraordinaire et de rencontrer des scientifiques de calibre mondial qui sont \u00e0 l&rsquo;avant-garde de la lutte contre les changements climatiques par l&rsquo;adoption de perspectives diff\u00e9rentes. Ces perspectives contribuent \u00e0 d\u00e9finir le type de travail sur lequel je me concentre et fournissent un contexte plus large \u00e0 mes recherches.\u2009\u00bb<br \/>\r\n\r\n\t<p><strong>Joignez-vous \u00e0 nous pour relever l&rsquo;un des plus grands d\u00e9fis de notre \u00e9poque en soutenant le fonds Terre r\u00e9siliente. Votre contribution permet \u00e0 des scientifiques de pointe de jeter des ponts entre les disciplines et les situations g\u00e9ographiques pour poser les bases des solutions de demain.<\/strong><\/p>\r\n   <!-- Mandeep add class on anchor -->\r\n\t<a href=\"https:\/\/cifar.ca\/fr\/faites-un-don-sans-tarder\/\" target=\"_self\" rel=\"noopener\">\r\n\t\t\t\tfaites un don sans tarder\r\n\t\t\t<\/a>\r\n\r\n","protected":false},"excerpt":{"rendered":"<p>D\u00e9couvrez comment Chibueze Amanchukwu transforme le probl\u00e8me du carbone en solution.<\/p>\n","protected":false},"author":65,"featured_media":56920,"parent":0,"menu_order":0,"comment_status":"closed","ping_status":"closed","template":"","meta":{"_acf_changed":false,"footnotes":""},"class_list":["post-57050","page","type-page","status-publish","has-post-thumbnail","hentry"],"acf":[],"yoast_head":"<!-- This site is optimized with the Yoast SEO plugin v27.2 - https:\/\/yoast.com\/product\/yoast-seo-wordpress\/ -->\n<title>CIFAR<\/title>\n<meta name=\"description\" content=\"D\u00e9couvrez comment Chibueze Amanchukwu transforme le probl\u00e8me du carbone en solution.\" \/>\n<meta name=\"robots\" content=\"index, follow, max-snippet:-1, max-image-preview:large, max-video-preview:-1\" \/>\n<link rel=\"canonical\" href=\"https:\/\/cifar.ca\/fr\/le-defi-de-la-conversion-du-carbone\/\" \/>\n<meta property=\"og:locale\" content=\"fr_FR\" \/>\n<meta property=\"og:type\" content=\"article\" \/>\n<meta property=\"og:title\" content=\"Le d\u00e9fi de la conversion du carbone - CIFAR\" \/>\n<meta property=\"og:description\" content=\"D\u00e9couvrez comment Chibueze Amanchukwu transforme le probl\u00e8me du carbone en solution.\" \/>\n<meta property=\"og:url\" content=\"https:\/\/cifar.ca\/fr\/le-defi-de-la-conversion-du-carbone\/\" \/>\n<meta property=\"og:site_name\" content=\"CIFAR\" \/>\n<meta property=\"article:modified_time\" content=\"2025-12-17T11:36:55+00:00\" \/>\n<meta property=\"og:image\" content=\"https:\/\/cifar.ca\/wp-content\/uploads\/2023\/10\/Pollutionbackground.jpg\" \/>\n\t<meta property=\"og:image:width\" content=\"2000\" \/>\n\t<meta property=\"og:image:height\" content=\"446\" \/>\n\t<meta property=\"og:image:type\" content=\"image\/jpeg\" \/>\n<meta name=\"twitter:card\" content=\"summary_large_image\" \/>\n<meta name=\"twitter:label1\" content=\"Dur\u00e9e de lecture estim\u00e9e\" \/>\n\t<meta name=\"twitter:data1\" content=\"5 minutes\" \/>\n<script type=\"application\/ld+json\" class=\"yoast-schema-graph\">{\"@context\":\"https:\/\/schema.org\",\"@graph\":[{\"@type\":\"WebPage\",\"@id\":\"https:\/\/cifar.ca\/fr\/le-defi-de-la-conversion-du-carbone\/\",\"url\":\"https:\/\/cifar.ca\/fr\/le-defi-de-la-conversion-du-carbone\/\",\"name\":\"Le d\u00e9fi de la conversion du carbone - CIFAR\",\"isPartOf\":{\"@id\":\"https:\/\/cifar.ca\/fr\/#website\"},\"primaryImageOfPage\":{\"@id\":\"https:\/\/cifar.ca\/fr\/le-defi-de-la-conversion-du-carbone\/#primaryimage\"},\"image\":{\"@id\":\"https:\/\/cifar.ca\/fr\/le-defi-de-la-conversion-du-carbone\/#primaryimage\"},\"thumbnailUrl\":\"https:\/\/cifar.ca\/wp-content\/uploads\/2023\/10\/Pollutionbackground.jpg\",\"datePublished\":\"2023-10-24T12:23:57+00:00\",\"dateModified\":\"2025-12-17T11:36:55+00:00\",\"description\":\"D\u00e9couvrez comment Chibueze Amanchukwu transforme le probl\u00e8me du carbone en solution.\",\"breadcrumb\":{\"@id\":\"https:\/\/cifar.ca\/fr\/le-defi-de-la-conversion-du-carbone\/#breadcrumb\"},\"inLanguage\":\"fr-FR\",\"potentialAction\":[{\"@type\":\"ReadAction\",\"target\":[\"https:\/\/cifar.ca\/fr\/le-defi-de-la-conversion-du-carbone\/\"]}]},{\"@type\":\"ImageObject\",\"inLanguage\":\"fr-FR\",\"@id\":\"https:\/\/cifar.ca\/fr\/le-defi-de-la-conversion-du-carbone\/#primaryimage\",\"url\":\"https:\/\/cifar.ca\/wp-content\/uploads\/2023\/10\/Pollutionbackground.jpg\",\"contentUrl\":\"https:\/\/cifar.ca\/wp-content\/uploads\/2023\/10\/Pollutionbackground.jpg\",\"width\":2000,\"height\":446},{\"@type\":\"BreadcrumbList\",\"@id\":\"https:\/\/cifar.ca\/fr\/le-defi-de-la-conversion-du-carbone\/#breadcrumb\",\"itemListElement\":[{\"@type\":\"ListItem\",\"position\":1,\"name\":\"Acceuil\",\"item\":\"https:\/\/cifar.ca\/fr\/\"},{\"@type\":\"ListItem\",\"position\":2,\"name\":\"Le d\u00e9fi de la conversion du carbone\"}]},{\"@type\":\"WebSite\",\"@id\":\"https:\/\/cifar.ca\/fr\/#website\",\"url\":\"https:\/\/cifar.ca\/fr\/\",\"name\":\"CIFAR\",\"description\":\"Convoquer des esprits extraordinaires pour r\u00e9pondre aux questions les plus importantes auxquelles la science et l'humanit\u00e9 sont confront\u00e9es.\",\"publisher\":{\"@id\":\"https:\/\/cifar.ca\/fr\/#organization\"},\"potentialAction\":[{\"@type\":\"SearchAction\",\"target\":{\"@type\":\"EntryPoint\",\"urlTemplate\":\"https:\/\/cifar.ca\/fr\/?s={search_term_string}\"},\"query-input\":{\"@type\":\"PropertyValueSpecification\",\"valueRequired\":true,\"valueName\":\"search_term_string\"}}],\"inLanguage\":\"fr-FR\"},{\"@type\":\"Organization\",\"@id\":\"https:\/\/cifar.ca\/fr\/#organization\",\"name\":\"CIFAR\",\"url\":\"https:\/\/cifar.ca\/fr\/\",\"logo\":{\"@type\":\"ImageObject\",\"inLanguage\":\"fr-FR\",\"@id\":\"https:\/\/cifar.ca\/fr\/#\/schema\/logo\/image\/\",\"url\":\"https:\/\/cifar.ca\/wp-content\/uploads\/2020\/01\/cifar-logo-rgb-colour.png\",\"contentUrl\":\"https:\/\/cifar.ca\/wp-content\/uploads\/2020\/01\/cifar-logo-rgb-colour.png\",\"width\":1884,\"height\":681,\"caption\":\"CIFAR\"},\"image\":{\"@id\":\"https:\/\/cifar.ca\/fr\/#\/schema\/logo\/image\/\"}}]}<\/script>\n<!-- \/ Yoast SEO plugin. -->","yoast_head_json":{"title":"CIFAR","description":"D\u00e9couvrez comment Chibueze Amanchukwu transforme le probl\u00e8me du carbone en solution.","robots":{"index":"index","follow":"follow","max-snippet":"max-snippet:-1","max-image-preview":"max-image-preview:large","max-video-preview":"max-video-preview:-1"},"canonical":"https:\/\/cifar.ca\/fr\/le-defi-de-la-conversion-du-carbone\/","og_locale":"fr_FR","og_type":"article","og_title":"Le d\u00e9fi de la conversion du carbone - CIFAR","og_description":"D\u00e9couvrez comment Chibueze Amanchukwu transforme le probl\u00e8me du carbone en solution.","og_url":"https:\/\/cifar.ca\/fr\/le-defi-de-la-conversion-du-carbone\/","og_site_name":"CIFAR","article_modified_time":"2025-12-17T11:36:55+00:00","og_image":[{"width":2000,"height":446,"url":"https:\/\/cifar.ca\/wp-content\/uploads\/2023\/10\/Pollutionbackground.jpg","type":"image\/jpeg"}],"twitter_card":"summary_large_image","twitter_misc":{"Dur\u00e9e de lecture estim\u00e9e":"5 minutes"},"schema":{"@context":"https:\/\/schema.org","@graph":[{"@type":"WebPage","@id":"https:\/\/cifar.ca\/fr\/le-defi-de-la-conversion-du-carbone\/","url":"https:\/\/cifar.ca\/fr\/le-defi-de-la-conversion-du-carbone\/","name":"Le d\u00e9fi de la conversion du carbone - CIFAR","isPartOf":{"@id":"https:\/\/cifar.ca\/fr\/#website"},"primaryImageOfPage":{"@id":"https:\/\/cifar.ca\/fr\/le-defi-de-la-conversion-du-carbone\/#primaryimage"},"image":{"@id":"https:\/\/cifar.ca\/fr\/le-defi-de-la-conversion-du-carbone\/#primaryimage"},"thumbnailUrl":"https:\/\/cifar.ca\/wp-content\/uploads\/2023\/10\/Pollutionbackground.jpg","datePublished":"2023-10-24T12:23:57+00:00","dateModified":"2025-12-17T11:36:55+00:00","description":"D\u00e9couvrez comment Chibueze Amanchukwu transforme le probl\u00e8me du carbone en solution.","breadcrumb":{"@id":"https:\/\/cifar.ca\/fr\/le-defi-de-la-conversion-du-carbone\/#breadcrumb"},"inLanguage":"fr-FR","potentialAction":[{"@type":"ReadAction","target":["https:\/\/cifar.ca\/fr\/le-defi-de-la-conversion-du-carbone\/"]}]},{"@type":"ImageObject","inLanguage":"fr-FR","@id":"https:\/\/cifar.ca\/fr\/le-defi-de-la-conversion-du-carbone\/#primaryimage","url":"https:\/\/cifar.ca\/wp-content\/uploads\/2023\/10\/Pollutionbackground.jpg","contentUrl":"https:\/\/cifar.ca\/wp-content\/uploads\/2023\/10\/Pollutionbackground.jpg","width":2000,"height":446},{"@type":"BreadcrumbList","@id":"https:\/\/cifar.ca\/fr\/le-defi-de-la-conversion-du-carbone\/#breadcrumb","itemListElement":[{"@type":"ListItem","position":1,"name":"Acceuil","item":"https:\/\/cifar.ca\/fr\/"},{"@type":"ListItem","position":2,"name":"Le d\u00e9fi de la conversion du carbone"}]},{"@type":"WebSite","@id":"https:\/\/cifar.ca\/fr\/#website","url":"https:\/\/cifar.ca\/fr\/","name":"CIFAR","description":"Convoquer des esprits extraordinaires pour r\u00e9pondre aux questions les plus importantes auxquelles la science et l'humanit\u00e9 sont confront\u00e9es.","publisher":{"@id":"https:\/\/cifar.ca\/fr\/#organization"},"potentialAction":[{"@type":"SearchAction","target":{"@type":"EntryPoint","urlTemplate":"https:\/\/cifar.ca\/fr\/?s={search_term_string}"},"query-input":{"@type":"PropertyValueSpecification","valueRequired":true,"valueName":"search_term_string"}}],"inLanguage":"fr-FR"},{"@type":"Organization","@id":"https:\/\/cifar.ca\/fr\/#organization","name":"CIFAR","url":"https:\/\/cifar.ca\/fr\/","logo":{"@type":"ImageObject","inLanguage":"fr-FR","@id":"https:\/\/cifar.ca\/fr\/#\/schema\/logo\/image\/","url":"https:\/\/cifar.ca\/wp-content\/uploads\/2020\/01\/cifar-logo-rgb-colour.png","contentUrl":"https:\/\/cifar.ca\/wp-content\/uploads\/2020\/01\/cifar-logo-rgb-colour.png","width":1884,"height":681,"caption":"CIFAR"},"image":{"@id":"https:\/\/cifar.ca\/fr\/#\/schema\/logo\/image\/"}}]}},"_links":{"self":[{"href":"https:\/\/cifar.ca\/fr\/wp-json\/wp\/v2\/pages\/57050","targetHints":{"allow":["GET"]}}],"collection":[{"href":"https:\/\/cifar.ca\/fr\/wp-json\/wp\/v2\/pages"}],"about":[{"href":"https:\/\/cifar.ca\/fr\/wp-json\/wp\/v2\/types\/page"}],"author":[{"embeddable":true,"href":"https:\/\/cifar.ca\/fr\/wp-json\/wp\/v2\/users\/65"}],"replies":[{"embeddable":true,"href":"https:\/\/cifar.ca\/fr\/wp-json\/wp\/v2\/comments?post=57050"}],"version-history":[{"count":0,"href":"https:\/\/cifar.ca\/fr\/wp-json\/wp\/v2\/pages\/57050\/revisions"}],"wp:featuredmedia":[{"embeddable":true,"href":"https:\/\/cifar.ca\/fr\/wp-json\/wp\/v2\/media\/56920"}],"wp:attachment":[{"href":"https:\/\/cifar.ca\/fr\/wp-json\/wp\/v2\/media?parent=57050"}],"curies":[{"name":"wp","href":"https:\/\/api.w.org\/{rel}","templated":true}]}}