{"id":57061,"date":"2023-10-24T08:14:11","date_gmt":"2023-10-24T12:14:11","guid":{"rendered":"https:\/\/cifar.ca\/?page_id=57061"},"modified":"2025-12-17T06:33:29","modified_gmt":"2025-12-17T11:33:29","slug":"la-bombe-de-carbone-qui-se-cache-sous-terre","status":"publish","type":"page","link":"https:\/\/cifar.ca\/fr\/la-bombe-de-carbone-qui-se-cache-sous-terre\/","title":{"rendered":"La \u00ab\u2009bombe de carbone\u2009\u00bb qui se cache sous terre"},"content":{"rendered":"\r\n\r\n\t<p><strong>FAVORISER UNE TERRE R\u00c9SILIENTE<\/strong><\/p>\r\n<h1>\r\n\t\tLa \u00ab\u2009bombe de carbone\u2009\u00bb qui se cache sous terre\r\n\t<\/h1>\r\n\tPar : <strong>Liz Do et Alison Rutka<br \/>\r\n<\/strong>le 24 octobre 2023\r\n\t<h3>Les effets des changements climatiques se font sentir \u00e0 l&rsquo;\u00e9chelle mondiale \u00e0 un rythme alarmant. Le CIFAR est \u00e0 l&rsquo;avant-garde de la lutte contre ce ph\u00e9nom\u00e8ne. Cette s\u00e9rie sp\u00e9ciale, <a href=\"https:\/\/cifar.ca\/fr\/favoriser-la-resilience-de-la-terre\/\" target=\"_blank\" rel=\"noopener\">Favoriser la r\u00e9silience de la Terre<\/a>, examine comment la communaut\u00e9 du CIFAR &#8211; par-del\u00e0 les fronti\u00e8res, les r\u00f4les et les disciplines &#8211; a un impact significatif sur la concr\u00e9tisation de changements importants.<\/h3>\r\n<h5>D\u00e9couvrez comment les \u00e9tudes sur les microorganismes \u00e9metteurs de carbone que m\u00e8ne <a href=\"https:\/\/cifar.ca\/fr\/biographie\/jacqueline-goordial\/\" target=\"_blank\" rel=\"noopener\">Jacqueline Goordial<\/a>, membre du CIFAR, pourraient ralentir le d\u00e9gel rapide du perg\u00e9lisol.<\/h5>\r\n\tVous souhaitez en savoir plus sur ces recherches?\r\nRegardez maintenant : Conf\u00e9rences du CIFAR :\u00a0 Favoriser la r\u00e9silience de la Terre, mettant en\r\nvedette des sp\u00e9cialistes de notre s\u00e9rie.\r\n   <!-- Mandeep add class on anchor -->\r\n\t<a href=\"https:\/\/youtu.be\/L-HC0nH2QWY\" target=\"_self\" rel=\"noopener\">\r\n\t\t\t\tRegardez maintenant\r\n\t\t\t<\/a>\r\n\t\t\t\t<img loading=\"lazy\" decoding=\"async\" src=\"https:\/\/cifar.ca\/wp-content\/uploads\/2023\/10\/JacquelineGoordial.jpg\" alt=\"Photo of Jacqueline Goordial sitting on a grey couch. She is looking at the camera and is wearing a white blouse\" itemprop=\"image\" height=\"1000\" width=\"710\" title=\"JacquelineGoordial\" onerror=\"this.style.display='none'\"  \/>\t\t\t\t\t\r\n\t<p><em>Photo : Josh Fee<\/em><\/p>\r\n\t<p>Jacqueline Goordial, membre du programme des chercheurs mondiaux CIFAR-Azrieli au sein du programme <a href=\"https:\/\/cifar.ca\/fr\/programmes-de-recherche\/terre-4d-science-et-exploration-du-sous-sol\/\" target=\"_blank\" rel=\"noopener\">Terre 4D : Science et exploration du sous-sol<\/a>, se souvient de sa derni\u00e8re visite dans l&rsquo;Arctique canadien. Avec son \u00e9quipe, elle a survol\u00e9 en h\u00e9licopt\u00e8re une vaste zone de perg\u00e9lisol qui d\u00e9g\u00e8le \u00e0 une telle vitesse que les contours de sa structure s&rsquo;affaissent, comme si un g\u00e9ant avait pris une bouch\u00e9e du sol sous la surface.<\/p>\r\n<p>Une fois \u00e0 terre, l&rsquo;\u00e9quipe s&rsquo;est aventur\u00e9e dans la toundra, parfois de la boue jusqu&rsquo;aux cuisses, et a enfonc\u00e9 profond\u00e9ment ses instruments dans le perg\u00e9lisol, \u00e0 c\u00f4t\u00e9 d&rsquo;une veine de glace mill\u00e9naire, pour mesurer les niveaux de m\u00e9thane s&rsquo;\u00e9chappant du sol gel\u00e9.<\/p>\r\n<p>Le lendemain, ils sont revenus pour constater que le front de d\u00e9gel du perg\u00e9lisol avait fondu, emportant leurs instruments.<\/p>\r\n<p>\u00ab\u2009Cela s&rsquo;est pass\u00e9 en moins de 24 heures, explique Goordial. Il s&rsquo;agit d&rsquo;une structure gel\u00e9e depuis des milliers d&rsquo;ann\u00e9es, mais nous l&rsquo;avons vu s&rsquo;\u00e9roder en temps r\u00e9el, centim\u00e8tre par centim\u00e8tre, en l&rsquo;espace d&rsquo;une journ\u00e9e.\u2009\u00bb<\/p>\r\n<p>L&rsquo;\u00e9rosion rapide du perg\u00e9lisol est l&rsquo;un des nombreux exemples alarmants des effets des changements climatiques, qu&rsquo;il s&rsquo;agisse du retrait des glaciers, de la fr\u00e9quence des ph\u00e9nom\u00e8nes m\u00e9t\u00e9orologiques extr\u00eames, de l&rsquo;aggravation de la p\u00e9nurie alimentaire ou de l&rsquo;\u00e9l\u00e9vation du niveau des mers.<\/p>\r\n<p>Les travaux de Goordial portent sur la persistance de la vie microbienne dans des environnements souterrains extr\u00eames comme le perg\u00e9lisol, la cro\u00fbte oc\u00e9anique et les s\u00e9diments marins.<\/p>\r\n\t<p>Bien que Goordial n&rsquo;ait pas pu r\u00e9cup\u00e9rer ses instruments, son \u00e9quipe a r\u00e9ussi \u00e0 recueillir des donn\u00e9es sur le m\u00e9thane dans l&rsquo;Arctique canadien.<\/p>\r\n<p>\u00ab\u2009Nous installons des enceintes dans la face du perg\u00e9lisol et nous constatons entre autres que ces \u00e9l\u00e9ments d&rsquo;\u00e9rosion rapide lib\u00e8rent instantan\u00e9ment du m\u00e9thane, explique Goordial. Il y a beaucoup de vieux carbone gel\u00e9.\u2009\u00bb<\/p>\r\n<p>La fonte rapide du perg\u00e9lisol lib\u00e8re le m\u00e9thane pi\u00e9g\u00e9 par les microorganismes souterrains. Le m\u00e9thane est 25 fois plus puissant que le dioxyde de carbone (CO<sub>2<\/sub>) pour pi\u00e9ger la chaleur dans l&rsquo;atmosph\u00e8re et finit par se lier \u00e0 l&rsquo;oxyg\u00e8ne pour cr\u00e9er du CO<sub>2<\/sub>.<\/p>\r\n<p>Le perg\u00e9lisol de l&rsquo;h\u00e9misph\u00e8re nord pi\u00e8ge actuellement environ 1\u2009700 tonnes de carbone, dont du m\u00e9thane et du CO<sub>2<\/sub>. Dans un article publi\u00e9 en mars 2021 dans <em><a href=\"https:\/\/www.nature.com\/articles\/d41586-021-00659-y\" target=\"_blank\" rel=\"noopener\">Nature<\/a><\/em> sur les effets du d\u00e9gel du perg\u00e9lisol, les climatologues expliquent que la disparition du perg\u00e9lisol pourrait d\u00e9clencher une \u00ab\u2009bombe de carbone\u2009\u00bb massive.<\/p>\r\n\t<p><strong>Comment le CIFAR vous aide-t-il \u00e0 mener des recherches pertinentes pour lutter contre les changements climatiques?<\/strong><\/p>\r\n<p>\u00ab\u2009Gr\u00e2ce au CIFAR, j&rsquo;ai eu l&rsquo;occasion d&rsquo;apprendre comment interagir avec les d\u00e9cideurs politiques, comment freiner la d\u00e9sinformation et comment amorcer un dialogue avec les m\u00e9dias par des articles d&rsquo;opinion. Il s&rsquo;agit d&rsquo;outils auxquels je n&rsquo;aurais pas eu acc\u00e8s autrement, mais qui m&rsquo;aideront \u00e0 veiller \u00e0 ce que le travail que je fais et que d&rsquo;autres font dans le domaine ait un impact sur le monde r\u00e9el, au-del\u00e0 des articles universitaires.\u2009\u00bb<\/p>\r\n\t\t\t\t<img loading=\"lazy\" decoding=\"async\" src=\"https:\/\/cifar.ca\/wp-content\/uploads\/2023\/10\/JacquelineGoordial_1.jpg\" alt=\"Jacqueline Goordial taking methane measurements from the permafrost headwall at a thaw slump in the North West Territories\" itemprop=\"image\" height=\"654\" width=\"1000\" title=\"JacquelineGoordial_1\" onerror=\"this.style.display='none'\"  \/>\t\t\t\t\t\r\n\t\t\t\t<img loading=\"lazy\" decoding=\"async\" src=\"https:\/\/cifar.ca\/wp-content\/uploads\/2023\/10\/JacquelineGoordial_2.jpg\" alt=\"Jacqueline Goordial taking measurements of a thaw slump. \" itemprop=\"image\" height=\"654\" width=\"1000\" title=\"JacquelineGoordial_2\" onerror=\"this.style.display='none'\"  \/>\t\t\t\t\t\r\n\t\t\t\t<img loading=\"lazy\" decoding=\"async\" src=\"https:\/\/cifar.ca\/wp-content\/uploads\/2023\/10\/JacquelineGoordial_3_courtesyofResearcher1.jpg\" alt=\"Jacqueline Goordial and a graduate student drilling through the thawed portion of the soil, into the permafrost. They use this technique to recover ~3 metres of core material.\u00a0\" itemprop=\"image\" height=\"529\" width=\"1000\" title=\"JacquelineGoordial_3_courtesyofResearcher1\" onerror=\"this.style.display='none'\"  \/>\t\t\t\t\t\r\n\t<p><em>En haut \u00e0 gauche et \u00e0 droite : Jacqueline Goordial prend des mesures d&rsquo;un effondrement li\u00e9 au d\u00e9gel dans les Territoires du Nord-Ouest. De tels effondrements se produisent lorsque le perg\u00e9lisol se d\u00e9grade rapidement, cr\u00e9ant un glissement de terrain lorsque le sol d\u00e9g\u00e8le et se transforme en boue. Le \u00ab\u2009mur\u2009\u00bb sur les photos est constitu\u00e9 de perg\u00e9lisol gel\u00e9, et des veines de glace sont visibles.<\/em><\/p>\r\n<p><em>\u00c0 droite : Jacqueline Goordial et un stagiaire dipl\u00f4m\u00e9 proc\u00e8dent au forage de la partie d\u00e9gel\u00e9e du sol dans le perg\u00e9lisol. Ils utilisent cette technique pour r\u00e9cup\u00e9rer une carotte d&rsquo;environ 3 m\u00e8tres.<\/em><\/p>\r\n<p><em>Photos reproduites avec l&rsquo;autorisation de la chercheuse.<\/em><\/p>\r\n\t<p>\u00ab\u2009Lors du d\u00e9gel, nous craignons notamment qu&rsquo;une partie de ce carbone devienne disponible pour les microorganismes qui sont pass\u00e9s d&rsquo;un \u00e9tat de cong\u00e9lation \u00e0 un \u00e9tat plus chaud. Ensuite, par leur propre m\u00e9tabolisme, ces microorganismes convertiront ce carbone en davantage de gaz \u00e0 effet de serre\u2009\u00bb, explique Goordial.<\/p>\r\n<p>Bien que les microorganismes aient la capacit\u00e9 mortelle de produire davantage de gaz \u00e0 effet de serre, Goordial estime qu&rsquo;ils pourraient bien faire partie de la solution aux changements climatiques.<\/p>\r\n<p>\u00ab\u2009Les microorganismes peuvent en fait absorber et s\u00e9questrer le m\u00e9thane, fait-elle remarquer. Ils pourraient contribuer \u00e0 att\u00e9nuer l&rsquo;ampleur des \u00e9missions de m\u00e9thane. Notre laboratoire tente de trouver un \u00e9quilibre entre les microorganismes mangeurs de m\u00e9thane et les microorganismes producteurs de m\u00e9thane, ainsi que de d\u00e9terminer les conditions favorables \u00e0 un type de microorganisme plut\u00f4t qu&rsquo;un autre.\u2009\u00bb<\/p>\r\n<p>L&rsquo;un des grands objectifs de Goordial et de son \u00e9quipe est de comprendre les conditions qui permettent d&rsquo;exploiter les capacit\u00e9s de pi\u00e9geage du carbone des microorganismes, car cela leur permettrait de mieux comprendre comment cr\u00e9er des \u00ab\u2009puits de m\u00e9thane nets\u2009\u00bb (zones o\u00f9 les microorganismes pi\u00e8gent le m\u00e9thane) dans diff\u00e9rents contextes g\u00e9ologiques. Sans ces connaissances fondamentales, il sera difficile d&rsquo;\u00e9tablir des bilans carbone qui tiennent compte des v\u00e9ritables \u00e9missions naturelles, limitant ainsi notre capacit\u00e9 en tant que soci\u00e9t\u00e9 \u00e0 fixer des objectifs pertinents en mati\u00e8re d&rsquo;\u00e9missions de carbone.<\/p>\r\n<p>Bien que pour Goordial les r\u00e9alit\u00e9s des changements climatiques dans l&rsquo;Arctique canadien semblent parfois redoutables \u00e0 surmonter, elle garde espoir que ses contributions, et celles d&rsquo;autres membres du CIFAR, apporteront des changements positifs.<\/p>\r\n<p>\u00ab\u2009Les changements climatiques constituent l&rsquo;un des probl\u00e8mes les plus urgents de notre \u00e9poque, d\u00e9clare Goordial. J&rsquo;ai l&rsquo;impression d&rsquo;avoir l&rsquo;occasion, gr\u00e2ce \u00e0 mes comp\u00e9tences et \u00e0 mes connaissances intellectuelles, de contribuer modestement \u00e0 une meilleure compr\u00e9hension du probl\u00e8me. Je contribue \u00e0 repousser les fronti\u00e8res de la science pour l&rsquo;humanit\u00e9, et \u00e0 faire avancer la recherche.\u2009\u00bb<\/p>\r\n\t<p><strong>Joignez-vous \u00e0 nous pour relever l&rsquo;un des plus grands d\u00e9fis de notre \u00e9poque en soutenant le fonds Terre r\u00e9siliente. Votre contribution permet \u00e0 des scientifiques de pointe de jeter des ponts entre les disciplines et les situations g\u00e9ographiques pour poser les bases des solutions de demain.<\/strong><\/p>\r\n   <!-- Mandeep add class on anchor -->\r\n\t<a href=\"https:\/\/cifar.ca\/fr\/faites-un-don-sans-tarder\/\" target=\"_self\" rel=\"noopener\">\r\n\t\t\t\tFaites un don sans tarder\r\n\t\t\t<\/a>\r\n\r\n","protected":false},"excerpt":{"rendered":"<p>D\u00e9couvrez comment les \u00e9tudes sur les microorganismes \u00e9metteurs de carbone que m\u00e8ne Jacqueline Goordial pourraient ralentir le d\u00e9gel rapide du perg\u00e9lisol.<\/p>\n","protected":false},"author":65,"featured_media":56859,"parent":0,"menu_order":0,"comment_status":"closed","ping_status":"closed","template":"","meta":{"_acf_changed":false,"footnotes":""},"class_list":["post-57061","page","type-page","status-publish","has-post-thumbnail","hentry"],"acf":[],"yoast_head":"<!-- This site is optimized with the Yoast SEO plugin v27.2 - https:\/\/yoast.com\/product\/yoast-seo-wordpress\/ -->\n<title>CIFAR<\/title>\n<meta name=\"description\" content=\"D\u00e9couvrez comment les \u00e9tudes sur les microorganismes \u00e9metteurs de carbone que m\u00e8ne Jacqueline Goordial pourraient ralentir le d\u00e9gel rapide du perg\u00e9lisol.\" \/>\n<meta name=\"robots\" content=\"index, follow, max-snippet:-1, max-image-preview:large, max-video-preview:-1\" \/>\n<link rel=\"canonical\" href=\"https:\/\/cifar.ca\/fr\/la-bombe-de-carbone-qui-se-cache-sous-terre\/\" \/>\n<meta property=\"og:locale\" content=\"fr_FR\" \/>\n<meta property=\"og:type\" content=\"article\" \/>\n<meta property=\"og:title\" content=\"La \u00ab\u2009bombe de carbone\u2009\u00bb qui se cache sous terre - CIFAR\" \/>\n<meta property=\"og:description\" content=\"D\u00e9couvrez comment les \u00e9tudes sur les microorganismes \u00e9metteurs de carbone que m\u00e8ne Jacqueline Goordial pourraient ralentir le d\u00e9gel rapide du perg\u00e9lisol.\" \/>\n<meta property=\"og:url\" content=\"https:\/\/cifar.ca\/fr\/la-bombe-de-carbone-qui-se-cache-sous-terre\/\" \/>\n<meta property=\"og:site_name\" content=\"CIFAR\" \/>\n<meta property=\"article:modified_time\" content=\"2025-12-17T11:33:29+00:00\" \/>\n<meta property=\"og:image\" content=\"https:\/\/cifar.ca\/wp-content\/uploads\/2023\/10\/ResilientEarth-carbonbomb2.jpg\" \/>\n\t<meta property=\"og:image:width\" content=\"2000\" \/>\n\t<meta property=\"og:image:height\" content=\"446\" \/>\n\t<meta property=\"og:image:type\" content=\"image\/jpeg\" \/>\n<meta name=\"twitter:card\" content=\"summary_large_image\" \/>\n<meta name=\"twitter:label1\" content=\"Dur\u00e9e de lecture estim\u00e9e\" \/>\n\t<meta name=\"twitter:data1\" content=\"6 minutes\" \/>\n<script type=\"application\/ld+json\" class=\"yoast-schema-graph\">{\"@context\":\"https:\/\/schema.org\",\"@graph\":[{\"@type\":\"WebPage\",\"@id\":\"https:\/\/cifar.ca\/fr\/la-bombe-de-carbone-qui-se-cache-sous-terre\/\",\"url\":\"https:\/\/cifar.ca\/fr\/la-bombe-de-carbone-qui-se-cache-sous-terre\/\",\"name\":\"La \u00ab\u2009bombe de carbone\u2009\u00bb qui se cache sous terre - CIFAR\",\"isPartOf\":{\"@id\":\"https:\/\/cifar.ca\/fr\/#website\"},\"primaryImageOfPage\":{\"@id\":\"https:\/\/cifar.ca\/fr\/la-bombe-de-carbone-qui-se-cache-sous-terre\/#primaryimage\"},\"image\":{\"@id\":\"https:\/\/cifar.ca\/fr\/la-bombe-de-carbone-qui-se-cache-sous-terre\/#primaryimage\"},\"thumbnailUrl\":\"https:\/\/cifar.ca\/wp-content\/uploads\/2023\/10\/ResilientEarth-carbonbomb2.jpg\",\"datePublished\":\"2023-10-24T12:14:11+00:00\",\"dateModified\":\"2025-12-17T11:33:29+00:00\",\"description\":\"D\u00e9couvrez comment les \u00e9tudes sur les microorganismes \u00e9metteurs de carbone que m\u00e8ne Jacqueline Goordial pourraient ralentir le d\u00e9gel rapide du perg\u00e9lisol.\",\"breadcrumb\":{\"@id\":\"https:\/\/cifar.ca\/fr\/la-bombe-de-carbone-qui-se-cache-sous-terre\/#breadcrumb\"},\"inLanguage\":\"fr-FR\",\"potentialAction\":[{\"@type\":\"ReadAction\",\"target\":[\"https:\/\/cifar.ca\/fr\/la-bombe-de-carbone-qui-se-cache-sous-terre\/\"]}]},{\"@type\":\"ImageObject\",\"inLanguage\":\"fr-FR\",\"@id\":\"https:\/\/cifar.ca\/fr\/la-bombe-de-carbone-qui-se-cache-sous-terre\/#primaryimage\",\"url\":\"https:\/\/cifar.ca\/wp-content\/uploads\/2023\/10\/ResilientEarth-carbonbomb2.jpg\",\"contentUrl\":\"https:\/\/cifar.ca\/wp-content\/uploads\/2023\/10\/ResilientEarth-carbonbomb2.jpg\",\"width\":2000,\"height\":446},{\"@type\":\"BreadcrumbList\",\"@id\":\"https:\/\/cifar.ca\/fr\/la-bombe-de-carbone-qui-se-cache-sous-terre\/#breadcrumb\",\"itemListElement\":[{\"@type\":\"ListItem\",\"position\":1,\"name\":\"Acceuil\",\"item\":\"https:\/\/cifar.ca\/fr\/\"},{\"@type\":\"ListItem\",\"position\":2,\"name\":\"La \u00ab\u2009bombe de carbone\u2009\u00bb qui se cache sous terre\"}]},{\"@type\":\"WebSite\",\"@id\":\"https:\/\/cifar.ca\/fr\/#website\",\"url\":\"https:\/\/cifar.ca\/fr\/\",\"name\":\"CIFAR\",\"description\":\"Convoquer des esprits extraordinaires pour r\u00e9pondre aux questions les plus importantes auxquelles la science et l'humanit\u00e9 sont confront\u00e9es.\",\"publisher\":{\"@id\":\"https:\/\/cifar.ca\/fr\/#organization\"},\"potentialAction\":[{\"@type\":\"SearchAction\",\"target\":{\"@type\":\"EntryPoint\",\"urlTemplate\":\"https:\/\/cifar.ca\/fr\/?s={search_term_string}\"},\"query-input\":{\"@type\":\"PropertyValueSpecification\",\"valueRequired\":true,\"valueName\":\"search_term_string\"}}],\"inLanguage\":\"fr-FR\"},{\"@type\":\"Organization\",\"@id\":\"https:\/\/cifar.ca\/fr\/#organization\",\"name\":\"CIFAR\",\"url\":\"https:\/\/cifar.ca\/fr\/\",\"logo\":{\"@type\":\"ImageObject\",\"inLanguage\":\"fr-FR\",\"@id\":\"https:\/\/cifar.ca\/fr\/#\/schema\/logo\/image\/\",\"url\":\"https:\/\/cifar.ca\/wp-content\/uploads\/2020\/01\/cifar-logo-rgb-colour.png\",\"contentUrl\":\"https:\/\/cifar.ca\/wp-content\/uploads\/2020\/01\/cifar-logo-rgb-colour.png\",\"width\":1884,\"height\":681,\"caption\":\"CIFAR\"},\"image\":{\"@id\":\"https:\/\/cifar.ca\/fr\/#\/schema\/logo\/image\/\"}}]}<\/script>\n<!-- \/ Yoast SEO plugin. -->","yoast_head_json":{"title":"CIFAR","description":"D\u00e9couvrez comment les \u00e9tudes sur les microorganismes \u00e9metteurs de carbone que m\u00e8ne Jacqueline Goordial pourraient ralentir le d\u00e9gel rapide du perg\u00e9lisol.","robots":{"index":"index","follow":"follow","max-snippet":"max-snippet:-1","max-image-preview":"max-image-preview:large","max-video-preview":"max-video-preview:-1"},"canonical":"https:\/\/cifar.ca\/fr\/la-bombe-de-carbone-qui-se-cache-sous-terre\/","og_locale":"fr_FR","og_type":"article","og_title":"La \u00ab\u2009bombe de carbone\u2009\u00bb qui se cache sous terre - CIFAR","og_description":"D\u00e9couvrez comment les \u00e9tudes sur les microorganismes \u00e9metteurs de carbone que m\u00e8ne Jacqueline Goordial pourraient ralentir le d\u00e9gel rapide du perg\u00e9lisol.","og_url":"https:\/\/cifar.ca\/fr\/la-bombe-de-carbone-qui-se-cache-sous-terre\/","og_site_name":"CIFAR","article_modified_time":"2025-12-17T11:33:29+00:00","og_image":[{"width":2000,"height":446,"url":"https:\/\/cifar.ca\/wp-content\/uploads\/2023\/10\/ResilientEarth-carbonbomb2.jpg","type":"image\/jpeg"}],"twitter_card":"summary_large_image","twitter_misc":{"Dur\u00e9e de lecture estim\u00e9e":"6 minutes"},"schema":{"@context":"https:\/\/schema.org","@graph":[{"@type":"WebPage","@id":"https:\/\/cifar.ca\/fr\/la-bombe-de-carbone-qui-se-cache-sous-terre\/","url":"https:\/\/cifar.ca\/fr\/la-bombe-de-carbone-qui-se-cache-sous-terre\/","name":"La \u00ab\u2009bombe de carbone\u2009\u00bb qui se cache sous terre - CIFAR","isPartOf":{"@id":"https:\/\/cifar.ca\/fr\/#website"},"primaryImageOfPage":{"@id":"https:\/\/cifar.ca\/fr\/la-bombe-de-carbone-qui-se-cache-sous-terre\/#primaryimage"},"image":{"@id":"https:\/\/cifar.ca\/fr\/la-bombe-de-carbone-qui-se-cache-sous-terre\/#primaryimage"},"thumbnailUrl":"https:\/\/cifar.ca\/wp-content\/uploads\/2023\/10\/ResilientEarth-carbonbomb2.jpg","datePublished":"2023-10-24T12:14:11+00:00","dateModified":"2025-12-17T11:33:29+00:00","description":"D\u00e9couvrez comment les \u00e9tudes sur les microorganismes \u00e9metteurs de carbone que m\u00e8ne Jacqueline Goordial pourraient ralentir le d\u00e9gel rapide du perg\u00e9lisol.","breadcrumb":{"@id":"https:\/\/cifar.ca\/fr\/la-bombe-de-carbone-qui-se-cache-sous-terre\/#breadcrumb"},"inLanguage":"fr-FR","potentialAction":[{"@type":"ReadAction","target":["https:\/\/cifar.ca\/fr\/la-bombe-de-carbone-qui-se-cache-sous-terre\/"]}]},{"@type":"ImageObject","inLanguage":"fr-FR","@id":"https:\/\/cifar.ca\/fr\/la-bombe-de-carbone-qui-se-cache-sous-terre\/#primaryimage","url":"https:\/\/cifar.ca\/wp-content\/uploads\/2023\/10\/ResilientEarth-carbonbomb2.jpg","contentUrl":"https:\/\/cifar.ca\/wp-content\/uploads\/2023\/10\/ResilientEarth-carbonbomb2.jpg","width":2000,"height":446},{"@type":"BreadcrumbList","@id":"https:\/\/cifar.ca\/fr\/la-bombe-de-carbone-qui-se-cache-sous-terre\/#breadcrumb","itemListElement":[{"@type":"ListItem","position":1,"name":"Acceuil","item":"https:\/\/cifar.ca\/fr\/"},{"@type":"ListItem","position":2,"name":"La \u00ab\u2009bombe de carbone\u2009\u00bb qui se cache sous terre"}]},{"@type":"WebSite","@id":"https:\/\/cifar.ca\/fr\/#website","url":"https:\/\/cifar.ca\/fr\/","name":"CIFAR","description":"Convoquer des esprits extraordinaires pour r\u00e9pondre aux questions les plus importantes auxquelles la science et l'humanit\u00e9 sont confront\u00e9es.","publisher":{"@id":"https:\/\/cifar.ca\/fr\/#organization"},"potentialAction":[{"@type":"SearchAction","target":{"@type":"EntryPoint","urlTemplate":"https:\/\/cifar.ca\/fr\/?s={search_term_string}"},"query-input":{"@type":"PropertyValueSpecification","valueRequired":true,"valueName":"search_term_string"}}],"inLanguage":"fr-FR"},{"@type":"Organization","@id":"https:\/\/cifar.ca\/fr\/#organization","name":"CIFAR","url":"https:\/\/cifar.ca\/fr\/","logo":{"@type":"ImageObject","inLanguage":"fr-FR","@id":"https:\/\/cifar.ca\/fr\/#\/schema\/logo\/image\/","url":"https:\/\/cifar.ca\/wp-content\/uploads\/2020\/01\/cifar-logo-rgb-colour.png","contentUrl":"https:\/\/cifar.ca\/wp-content\/uploads\/2020\/01\/cifar-logo-rgb-colour.png","width":1884,"height":681,"caption":"CIFAR"},"image":{"@id":"https:\/\/cifar.ca\/fr\/#\/schema\/logo\/image\/"}}]}},"_links":{"self":[{"href":"https:\/\/cifar.ca\/fr\/wp-json\/wp\/v2\/pages\/57061","targetHints":{"allow":["GET"]}}],"collection":[{"href":"https:\/\/cifar.ca\/fr\/wp-json\/wp\/v2\/pages"}],"about":[{"href":"https:\/\/cifar.ca\/fr\/wp-json\/wp\/v2\/types\/page"}],"author":[{"embeddable":true,"href":"https:\/\/cifar.ca\/fr\/wp-json\/wp\/v2\/users\/65"}],"replies":[{"embeddable":true,"href":"https:\/\/cifar.ca\/fr\/wp-json\/wp\/v2\/comments?post=57061"}],"version-history":[{"count":0,"href":"https:\/\/cifar.ca\/fr\/wp-json\/wp\/v2\/pages\/57061\/revisions"}],"wp:featuredmedia":[{"embeddable":true,"href":"https:\/\/cifar.ca\/fr\/wp-json\/wp\/v2\/media\/56859"}],"wp:attachment":[{"href":"https:\/\/cifar.ca\/fr\/wp-json\/wp\/v2\/media?parent=57061"}],"curies":[{"name":"wp","href":"https:\/\/api.w.org\/{rel}","templated":true}]}}