{"id":57063,"date":"2023-10-24T08:24:35","date_gmt":"2023-10-24T12:24:35","guid":{"rendered":"https:\/\/cifar.ca\/?page_id=57063"},"modified":"2025-12-17T06:44:28","modified_gmt":"2025-12-17T11:44:28","slug":"lapprovisionnement-mondial-en-eau","status":"publish","type":"page","link":"https:\/\/cifar.ca\/fr\/lapprovisionnement-mondial-en-eau\/","title":{"rendered":"L\u2019approvisionnement mondial en eau"},"content":{"rendered":"\r\n\r\n\t<p><strong>FAVORISER UNE TERRE R\u00c9SILIENTE<\/strong><\/p>\r\n<h1>\r\n\t\tL&rsquo;approvisionnement mondial en eau\r\n\t<\/h1>\r\n\tPar : <strong>Liz Do et Alison Rutka<\/strong><br \/>\r\nle 24 octobre 2023\r\n\t<h3>Les effets des changements climatiques se font sentir \u00e0 l&rsquo;\u00e9chelle mondiale \u00e0 un rythme alarmant. Le CIFAR est \u00e0 l&rsquo;avant-garde de la lutte contre ce ph\u00e9nom\u00e8ne. Cette s\u00e9rie sp\u00e9ciale, <a href=\"https:\/\/cifar.ca\/fr\/favoriser-la-resilience-de-la-terre\/\" target=\"_blank\" rel=\"noopener\">Favoriser la r\u00e9silience de la Terre<\/a>, examine comment la communaut\u00e9 du CIFAR &#8211; par-del\u00e0 les fronti\u00e8res, les r\u00f4les et les disciplines &#8211; a un impact significatif sur la concr\u00e9tisation de changements importants.<\/h3>\r\n<h5>Dans ce num\u00e9ro, d\u00e9couvrez comment <a href=\"https:\/\/cifar.ca\/fr\/biographie\/richard-g-taylor\/\" target=\"_blank\" rel=\"noopener\">Richard Taylor<\/a>, membre du CIFAR, explore la question des fortes pr\u00e9cipitations et de leurs effets sur l&rsquo;approvisionnement mondial en eau.<\/h5>\r\n\tVous souhaitez en savoir plus sur ces recherches?\r\nRegardez maintenant : Conf\u00e9rences du CIFAR :\u00a0 Favoriser la r\u00e9silience de la Terre, mettant en\r\nvedette des sp\u00e9cialistes de notre s\u00e9rie.\r\n   <!-- Mandeep add class on anchor -->\r\n\t<a href=\"https:\/\/youtu.be\/L-HC0nH2QWY\" target=\"_self\" rel=\"noopener\">\r\n\t\t\t\tRegardez maintenant\r\n\t\t\t<\/a>\r\n\t\t\t\t<img loading=\"lazy\" decoding=\"async\" src=\"https:\/\/cifar.ca\/wp-content\/uploads\/2023\/10\/RichardTaylor_main.jpg\" alt=\"Photo Richard Taylor\" itemprop=\"image\" height=\"1000\" width=\"710\" title=\"RichardTaylor_main\" onerror=\"this.style.display='none'\"  \/>\t\t\t\t\t\r\n\t<p>Le probl\u00e8me croissant des changements climatiques a mis en lumi\u00e8re des domaines d&rsquo;in\u00e9galit\u00e9 largement document\u00e9s. Le <a href=\"https:\/\/www.imf.org\/en\/Publications\/fandd\/issues\/2021\/09\/climate-change-and-inequality-guivarch-mejean-taconet#:~:text=People%20with%20the%20lowest%20incomes,clean%20water%20and%20affordable%20food.\" target=\"_blank\" rel=\"noopener\">Fonds mon\u00e9taire international<\/a> note que les pays les plus pauvres du monde &#8211; ceux qui d\u00e9pendent le plus de secteurs comme l&rsquo;agriculture, la p\u00eache et la sylviculture &#8211; connaissent des difficult\u00e9s accrues associ\u00e9es \u00e0 l&rsquo;acc\u00e9l\u00e9ration des changements climatiques.<\/p>\r\n<p>Pour les pays \u00e0 faible revenu des tropiques, l&rsquo;am\u00e9lioration de l&rsquo;acc\u00e8s \u00e0 l&rsquo;eau potable et la fiabilit\u00e9 de l&rsquo;approvisionnement alimentaire deviennent des d\u00e9fis encore plus importants. Les membres du CIFAR s&rsquo;interrogent sur la mani\u00e8re de lutter contre les effets des changements climatiques qui engendrent de graves in\u00e9galit\u00e9s \u00e0 l&rsquo;\u00e9chelle mondiale.<\/p>\r\n<p>Richard Taylor, membre du programme <a href=\"https:\/\/cifar.ca\/fr\/programmes-de-recherche\/terre-4d-science-et-exploration-du-sous-sol\/\" target=\"_blank\" rel=\"noopener\">Terre 4D : Science et exploration du sous-sol<\/a> du CIFAR, examine comment renforcer la r\u00e9silience des r\u00e9serves d&rsquo;eau mondiales touch\u00e9es par les changements climatiques. L&rsquo;augmentation de la temp\u00e9rature sur la plan\u00e8te a des r\u00e9percussions int\u00e9ressantes sur l&rsquo;eau. La fonte des glaciers et de la glace augmente la quantit\u00e9 d&rsquo;eau et de vapeur d&rsquo;eau atmosph\u00e9rique dans le cycle mondial de l&rsquo;eau. Selon la <a href=\"https:\/\/climate.nasa.gov\/vital-signs\/ice-sheets\/#:~:text=Key%20Takeaway%3A,adding%20to%20sea%20level%20rise.\" target=\"_blank\" rel=\"noopener\">NASA<\/a>, l&rsquo;Antarctique \u00e0 lui seul fond \u00e0 un rythme de 150 milliards de tonnes par an, ce qui contribue grandement \u00e0 l&rsquo;\u00e9l\u00e9vation du niveau de la mer \u00e0 l&rsquo;\u00e9chelle mondiale. Mais Taylor accorde une attention particuli\u00e8re \u00e0 un autre ph\u00e9nom\u00e8ne hydrologique r\u00e9sultant des changements climatiques : la transition vers des pr\u00e9cipitations moins fr\u00e9quentes, mais plus abondantes.<\/p>\r\n<p>Comme d&rsquo;autres impacts climatiques, l&rsquo;augmentation de la fr\u00e9quence des inondations et des s\u00e9cheresses met en \u00e9vidence les in\u00e9galit\u00e9s climatiques existantes. Taylor note que l&rsquo;amplification de ces \u00e9v\u00e9nements est trois fois plus grande dans les tropiques \u00e9quatoriaux qu&rsquo;aux latitudes moyennes et \u00e9lev\u00e9es, \u00e0 des endroits o\u00f9 la demande en eau augmente d\u00e9j\u00e0.<\/p>\r\n<p>Mais il y a encore de l&rsquo;espoir. Selon Taylor, ces pr\u00e9cipitations abondantes peuvent se r\u00e9v\u00e9ler \u00e0 la fois une b\u00e9n\u00e9diction et une mal\u00e9diction.<\/p>\r\n\t<p>\u00ab\u2009Des pr\u00e9cipitations moins fr\u00e9quentes, mais plus abondantes se traduisent par des ressources en eau de surface plus variables et moins fiables. Cela signifie une demande d&rsquo;irrigation plus importante pour maintenir la production agricole, car la diminution des pr\u00e9cipitations nuit \u00e0 l&rsquo;humidit\u00e9 du sol, explique Taylor. Toutefois, j&rsquo;ai montr\u00e9 que cette intensification des pr\u00e9cipitations favorise \u00e9galement la reconstitution des eaux souterraines dans de nombreux environnements tropicaux.\u2009\u00bb<\/p>\r\n<p>Et les eaux souterraines, comme le sait Taylor, ont la capacit\u00e9 de lutter contre les probl\u00e8mes climatiques tels que l&rsquo;ins\u00e9curit\u00e9 alimentaire et l&rsquo;acc\u00e8s \u00e0 l&rsquo;eau potable. Travaillant dans des r\u00e9gions du globe o\u00f9 la demande en eau augmente, Taylor et ses coll\u00e8gues \u00e9tudient des solutions bas\u00e9es sur les eaux souterraines qui sont bien adapt\u00e9es aux communaut\u00e9s qu&rsquo;elles sont cens\u00e9es servir.<\/p>\r\n<p>L&rsquo;un de ces exemples est l&rsquo;utilisation d&rsquo;eaux souterraines bien r\u00e9parties pour soutenir l&rsquo;irrigation de petits exploitants agricoles dans les r\u00e9gions tropicales. Dans un article publi\u00e9 en 2022 dans <a href=\"https:\/\/pubmed.ncbi.nlm.nih.gov\/36108006\/\" target=\"_blank\" rel=\"noopener\"><em>Science<\/em><\/a>, Taylor et ses coll\u00e8gues ont d\u00e9montr\u00e9 o\u00f9 et comment il est possible d&rsquo;assurer la durabilit\u00e9 des pr\u00e9l\u00e8vements d&rsquo;eau souterraine pour la culture du riz pendant la saison s\u00e8che dans les m\u00e9gadeltas asiatiques, une solution connue sous le nom de \u00ab\u2009machine \u00e0 eau du Bengale\u2009\u00bb.<\/p>\r\n\t<p><strong>Comment le CIFAR vous aide-t-il \u00e0 mener des recherches pertinentes pour lutter contre les changements climatiques?<\/strong><\/p>\r\n<p>\u00ab\u2009Le CIFAR, gr\u00e2ce au programme Terre 4D, me permet d&rsquo;interagir avec un groupe mondial de scientifiques extraordinaires aux int\u00e9r\u00eats de recherche connexes. Ce processus \u00e9largit non seulement mes horizons sur les techniques et m\u00e9thodologies particuli\u00e8res dont je peux tirer profit dans mes recherches, mais aussi l&rsquo;impact de mes travaux scientifiques.\u2009\u00bb<\/p>\r\n\t\t\t\t<img loading=\"lazy\" decoding=\"async\" src=\"https:\/\/cifar.ca\/wp-content\/uploads\/2023\/10\/RichardTaylor-1.jpg\" alt=\"RichardTaylor-1\" itemprop=\"image\" height=\"1230\" width=\"800\" title=\"RichardTaylor-1\" onerror=\"this.style.display='none'\"  \/>\t\t\t\t\t\r\n\t\t\t\t<img loading=\"lazy\" decoding=\"async\" src=\"https:\/\/cifar.ca\/wp-content\/uploads\/2023\/10\/RichardTaylor-2.jpg\" alt=\"RichardTaylor-2\" itemprop=\"image\" height=\"497\" width=\"800\" title=\"RichardTaylor-2\" onerror=\"this.style.display='none'\"  \/>\t\t\t\t\t\r\n\t<p><em>Dans les zones arides du centre de la Tanzanie, Richard Taylor et ses coll\u00e8gues mettent en place une surveillance t\u00e9l\u00e9m\u00e9trique en temps r\u00e9el du niveau des eaux souterraines dans le champ de captage de Makutapora (seule source d&rsquo;eau de la capitale nationale de la Tanzanie, Dodoma). \u00c0 gauche : Hosea Sanga et Richard Taylor; \u00e0 droite : Hosea Sanga, Kefa Malingwa, Emmanuel Nahozya, Richard Taylor, Japhet Kashaigili et Joseph Marimoto. Photos reproduites avec l&rsquo;autorisation du chercheur.<\/em><\/p>\r\n\t<p>Cette capacit\u00e9 \u00e0 exploiter les r\u00e9percussions des changements climatiques pour lutter contre les in\u00e9galit\u00e9s climatiques permet d&rsquo;envisager l&rsquo;avenir de la plan\u00e8te avec optimisme.<\/p>\r\n<p>\u00ab\u2009Nous ne pouvons pas revenir au climat et \u00e0 l&rsquo;hydrologie d&rsquo;il y a 50 ans, d\u00e9clare Taylor. Nous avons le climat que nous connaissons aujourd&rsquo;hui, et qu&rsquo;allons-nous faire pour r\u00e9soudre la question? Et comment allons-nous nous adapter?\u2009\u00bb<\/p>\r\n<p>Ses recherches apportent une perspective originale \u00e0 la crise climatique : exploiter les r\u00e9percussions des changements climatiques pour cerner une solution d\u00e9terminante. Son travail s&rsquo;ajoute \u00e0 l&rsquo;immense panoplie de recherches r\u00e9alis\u00e9es au CIFAR qui s&rsquo;attaquent \u00e0 la crise climatique de multiples fa\u00e7ons.<\/p>\r\n<p>\u00ab\u2009Le CIFAR, gr\u00e2ce au programme Terre 4D, me permet d&rsquo;interagir avec un groupe mondial de scientifiques extraordinaires aux int\u00e9r\u00eats de recherche connexes. Ce processus \u00e9largit non seulement mes horizons sur les techniques et m\u00e9thodologies particuli\u00e8res dont je peux tirer profit dans mes recherches, mais aussi l&rsquo;impact de mes travaux scientifiques.\u2009\u00bb<\/p>\r\n<p>En poursuivant ses travaux sur le terrain dans le monde entier, Taylor esp\u00e8re continuer \u00e0 partager ses connaissances avec les d\u00e9cideurs politiques sur la gestion des eaux souterraines et la capacit\u00e9 de ces eaux \u00e0 att\u00e9nuer les effets des changements climatiques.<\/p>\r\n\t<p><strong>Joignez-vous \u00e0 nous pour relever l&rsquo;un des plus grands d\u00e9fis de notre \u00e9poque en soutenant le fonds Terre r\u00e9siliente. Votre contribution permet \u00e0 des scientifiques de pointe de jeter des ponts entre les disciplines et les situations g\u00e9ographiques pour poser les bases des solutions de demain.<\/strong><\/p>\r\n   <!-- Mandeep add class on anchor -->\r\n\t<a href=\"https:\/\/cifar.ca\/fr\/faites-un-don-sans-tarder\/\" target=\"_self\" rel=\"noopener\">\r\n\t\t\t\tfaites un don sans tarder\r\n\t\t\t<\/a>\r\n<h2>\r\n\t\tSoutenez-nous\r\n\t<\/h2>\r\n\t<p>L&rsquo;Institut canadien de recherches avanc\u00e9es (CIFAR) est une organisation de recherche d&rsquo;influence mondiale fi\u00e8rement bas\u00e9e au Canada. Nous mobilisons les plus brillants personnes du monde, dans toutes les disciplines et \u00e0 tous les stades de carri\u00e8re, pour faire progresser les connaissances transformatrices et r\u00e9soudre ensemble les plus grands probl\u00e8mes de l&rsquo;humanit\u00e9. Nous recevons l&rsquo;appui des gouvernements du Canada, de l&rsquo;Alberta et du Qu\u00e9bec, ainsi que de fondations, de particuliers, d&rsquo;entreprises et d&rsquo;organisations partenaires du Canada et du monde entier.<\/p>\r\n   <!-- Mandeep add class on anchor -->\r\n\t<a href=\"https:\/\/cifar.ca\/fr\/dons\/\" target=\"_self\" rel=\"noopener\">\r\n\t\t\t\t\tDons\t\t\t\t\t\t\t\r\n\t\t\t\t\t\t<\/a>\r\n\r\n","protected":false},"excerpt":{"rendered":"<p>D\u00e9couvrez comment Richard Taylor, membre du CIFAR, explore la question des fortes pr\u00e9cipitations et de leurs effets sur l\u2019approvisionnement mondial en eau.<\/p>\n","protected":false},"author":65,"featured_media":56918,"parent":0,"menu_order":0,"comment_status":"closed","ping_status":"closed","template":"","meta":{"_acf_changed":false,"footnotes":""},"class_list":["post-57063","page","type-page","status-publish","has-post-thumbnail","hentry"],"acf":[],"yoast_head":"<!-- This site is optimized with the Yoast SEO plugin v27.2 - https:\/\/yoast.com\/product\/yoast-seo-wordpress\/ -->\n<title>CIFAR<\/title>\n<meta name=\"description\" content=\"D\u00e9couvrez comment Richard Taylor, membre du CIFAR, explore la question des fortes pr\u00e9cipitations et de leurs effets sur l\u2019approvisionnement mondial en eau.\" \/>\n<meta name=\"robots\" content=\"index, follow, max-snippet:-1, max-image-preview:large, max-video-preview:-1\" \/>\n<link rel=\"canonical\" href=\"https:\/\/cifar.ca\/fr\/lapprovisionnement-mondial-en-eau\/\" \/>\n<meta property=\"og:locale\" content=\"fr_FR\" \/>\n<meta property=\"og:type\" content=\"article\" \/>\n<meta property=\"og:title\" content=\"L\u2019approvisionnement mondial en eau - CIFAR\" \/>\n<meta property=\"og:description\" content=\"D\u00e9couvrez comment Richard Taylor, membre du CIFAR, explore la question des fortes pr\u00e9cipitations et de leurs effets sur l\u2019approvisionnement mondial en eau.\" \/>\n<meta property=\"og:url\" content=\"https:\/\/cifar.ca\/fr\/lapprovisionnement-mondial-en-eau\/\" \/>\n<meta property=\"og:site_name\" content=\"CIFAR\" \/>\n<meta property=\"article:modified_time\" content=\"2025-12-17T11:44:28+00:00\" \/>\n<meta property=\"og:image\" content=\"https:\/\/cifar.ca\/wp-content\/uploads\/2023\/10\/water-background.jpg\" \/>\n\t<meta property=\"og:image:width\" content=\"2000\" \/>\n\t<meta property=\"og:image:height\" content=\"446\" \/>\n\t<meta property=\"og:image:type\" content=\"image\/jpeg\" \/>\n<meta name=\"twitter:card\" content=\"summary_large_image\" \/>\n<meta name=\"twitter:label1\" content=\"Dur\u00e9e de lecture estim\u00e9e\" \/>\n\t<meta name=\"twitter:data1\" content=\"6 minutes\" \/>\n<script type=\"application\/ld+json\" class=\"yoast-schema-graph\">{\"@context\":\"https:\/\/schema.org\",\"@graph\":[{\"@type\":\"WebPage\",\"@id\":\"https:\/\/cifar.ca\/fr\/lapprovisionnement-mondial-en-eau\/\",\"url\":\"https:\/\/cifar.ca\/fr\/lapprovisionnement-mondial-en-eau\/\",\"name\":\"L\u2019approvisionnement mondial en eau - CIFAR\",\"isPartOf\":{\"@id\":\"https:\/\/cifar.ca\/fr\/#website\"},\"primaryImageOfPage\":{\"@id\":\"https:\/\/cifar.ca\/fr\/lapprovisionnement-mondial-en-eau\/#primaryimage\"},\"image\":{\"@id\":\"https:\/\/cifar.ca\/fr\/lapprovisionnement-mondial-en-eau\/#primaryimage\"},\"thumbnailUrl\":\"https:\/\/cifar.ca\/wp-content\/uploads\/2023\/10\/water-background.jpg\",\"datePublished\":\"2023-10-24T12:24:35+00:00\",\"dateModified\":\"2025-12-17T11:44:28+00:00\",\"description\":\"D\u00e9couvrez comment Richard Taylor, membre du CIFAR, explore la question des fortes pr\u00e9cipitations et de leurs effets sur l\u2019approvisionnement mondial en eau.\",\"breadcrumb\":{\"@id\":\"https:\/\/cifar.ca\/fr\/lapprovisionnement-mondial-en-eau\/#breadcrumb\"},\"inLanguage\":\"fr-FR\",\"potentialAction\":[{\"@type\":\"ReadAction\",\"target\":[\"https:\/\/cifar.ca\/fr\/lapprovisionnement-mondial-en-eau\/\"]}]},{\"@type\":\"ImageObject\",\"inLanguage\":\"fr-FR\",\"@id\":\"https:\/\/cifar.ca\/fr\/lapprovisionnement-mondial-en-eau\/#primaryimage\",\"url\":\"https:\/\/cifar.ca\/wp-content\/uploads\/2023\/10\/water-background.jpg\",\"contentUrl\":\"https:\/\/cifar.ca\/wp-content\/uploads\/2023\/10\/water-background.jpg\",\"width\":2000,\"height\":446},{\"@type\":\"BreadcrumbList\",\"@id\":\"https:\/\/cifar.ca\/fr\/lapprovisionnement-mondial-en-eau\/#breadcrumb\",\"itemListElement\":[{\"@type\":\"ListItem\",\"position\":1,\"name\":\"Acceuil\",\"item\":\"https:\/\/cifar.ca\/fr\/\"},{\"@type\":\"ListItem\",\"position\":2,\"name\":\"L\u2019approvisionnement mondial en eau\"}]},{\"@type\":\"WebSite\",\"@id\":\"https:\/\/cifar.ca\/fr\/#website\",\"url\":\"https:\/\/cifar.ca\/fr\/\",\"name\":\"CIFAR\",\"description\":\"Convoquer des esprits extraordinaires pour r\u00e9pondre aux questions les plus importantes auxquelles la science et l'humanit\u00e9 sont confront\u00e9es.\",\"publisher\":{\"@id\":\"https:\/\/cifar.ca\/fr\/#organization\"},\"potentialAction\":[{\"@type\":\"SearchAction\",\"target\":{\"@type\":\"EntryPoint\",\"urlTemplate\":\"https:\/\/cifar.ca\/fr\/?s={search_term_string}\"},\"query-input\":{\"@type\":\"PropertyValueSpecification\",\"valueRequired\":true,\"valueName\":\"search_term_string\"}}],\"inLanguage\":\"fr-FR\"},{\"@type\":\"Organization\",\"@id\":\"https:\/\/cifar.ca\/fr\/#organization\",\"name\":\"CIFAR\",\"url\":\"https:\/\/cifar.ca\/fr\/\",\"logo\":{\"@type\":\"ImageObject\",\"inLanguage\":\"fr-FR\",\"@id\":\"https:\/\/cifar.ca\/fr\/#\/schema\/logo\/image\/\",\"url\":\"https:\/\/cifar.ca\/wp-content\/uploads\/2020\/01\/cifar-logo-rgb-colour.png\",\"contentUrl\":\"https:\/\/cifar.ca\/wp-content\/uploads\/2020\/01\/cifar-logo-rgb-colour.png\",\"width\":1884,\"height\":681,\"caption\":\"CIFAR\"},\"image\":{\"@id\":\"https:\/\/cifar.ca\/fr\/#\/schema\/logo\/image\/\"}}]}<\/script>\n<!-- \/ Yoast SEO plugin. -->","yoast_head_json":{"title":"CIFAR","description":"D\u00e9couvrez comment Richard Taylor, membre du CIFAR, explore la question des fortes pr\u00e9cipitations et de leurs effets sur l\u2019approvisionnement mondial en eau.","robots":{"index":"index","follow":"follow","max-snippet":"max-snippet:-1","max-image-preview":"max-image-preview:large","max-video-preview":"max-video-preview:-1"},"canonical":"https:\/\/cifar.ca\/fr\/lapprovisionnement-mondial-en-eau\/","og_locale":"fr_FR","og_type":"article","og_title":"L\u2019approvisionnement mondial en eau - CIFAR","og_description":"D\u00e9couvrez comment Richard Taylor, membre du CIFAR, explore la question des fortes pr\u00e9cipitations et de leurs effets sur l\u2019approvisionnement mondial en eau.","og_url":"https:\/\/cifar.ca\/fr\/lapprovisionnement-mondial-en-eau\/","og_site_name":"CIFAR","article_modified_time":"2025-12-17T11:44:28+00:00","og_image":[{"width":2000,"height":446,"url":"https:\/\/cifar.ca\/wp-content\/uploads\/2023\/10\/water-background.jpg","type":"image\/jpeg"}],"twitter_card":"summary_large_image","twitter_misc":{"Dur\u00e9e de lecture estim\u00e9e":"6 minutes"},"schema":{"@context":"https:\/\/schema.org","@graph":[{"@type":"WebPage","@id":"https:\/\/cifar.ca\/fr\/lapprovisionnement-mondial-en-eau\/","url":"https:\/\/cifar.ca\/fr\/lapprovisionnement-mondial-en-eau\/","name":"L\u2019approvisionnement mondial en eau - CIFAR","isPartOf":{"@id":"https:\/\/cifar.ca\/fr\/#website"},"primaryImageOfPage":{"@id":"https:\/\/cifar.ca\/fr\/lapprovisionnement-mondial-en-eau\/#primaryimage"},"image":{"@id":"https:\/\/cifar.ca\/fr\/lapprovisionnement-mondial-en-eau\/#primaryimage"},"thumbnailUrl":"https:\/\/cifar.ca\/wp-content\/uploads\/2023\/10\/water-background.jpg","datePublished":"2023-10-24T12:24:35+00:00","dateModified":"2025-12-17T11:44:28+00:00","description":"D\u00e9couvrez comment Richard Taylor, membre du CIFAR, explore la question des fortes pr\u00e9cipitations et de leurs effets sur l\u2019approvisionnement mondial en eau.","breadcrumb":{"@id":"https:\/\/cifar.ca\/fr\/lapprovisionnement-mondial-en-eau\/#breadcrumb"},"inLanguage":"fr-FR","potentialAction":[{"@type":"ReadAction","target":["https:\/\/cifar.ca\/fr\/lapprovisionnement-mondial-en-eau\/"]}]},{"@type":"ImageObject","inLanguage":"fr-FR","@id":"https:\/\/cifar.ca\/fr\/lapprovisionnement-mondial-en-eau\/#primaryimage","url":"https:\/\/cifar.ca\/wp-content\/uploads\/2023\/10\/water-background.jpg","contentUrl":"https:\/\/cifar.ca\/wp-content\/uploads\/2023\/10\/water-background.jpg","width":2000,"height":446},{"@type":"BreadcrumbList","@id":"https:\/\/cifar.ca\/fr\/lapprovisionnement-mondial-en-eau\/#breadcrumb","itemListElement":[{"@type":"ListItem","position":1,"name":"Acceuil","item":"https:\/\/cifar.ca\/fr\/"},{"@type":"ListItem","position":2,"name":"L\u2019approvisionnement mondial en eau"}]},{"@type":"WebSite","@id":"https:\/\/cifar.ca\/fr\/#website","url":"https:\/\/cifar.ca\/fr\/","name":"CIFAR","description":"Convoquer des esprits extraordinaires pour r\u00e9pondre aux questions les plus importantes auxquelles la science et l'humanit\u00e9 sont confront\u00e9es.","publisher":{"@id":"https:\/\/cifar.ca\/fr\/#organization"},"potentialAction":[{"@type":"SearchAction","target":{"@type":"EntryPoint","urlTemplate":"https:\/\/cifar.ca\/fr\/?s={search_term_string}"},"query-input":{"@type":"PropertyValueSpecification","valueRequired":true,"valueName":"search_term_string"}}],"inLanguage":"fr-FR"},{"@type":"Organization","@id":"https:\/\/cifar.ca\/fr\/#organization","name":"CIFAR","url":"https:\/\/cifar.ca\/fr\/","logo":{"@type":"ImageObject","inLanguage":"fr-FR","@id":"https:\/\/cifar.ca\/fr\/#\/schema\/logo\/image\/","url":"https:\/\/cifar.ca\/wp-content\/uploads\/2020\/01\/cifar-logo-rgb-colour.png","contentUrl":"https:\/\/cifar.ca\/wp-content\/uploads\/2020\/01\/cifar-logo-rgb-colour.png","width":1884,"height":681,"caption":"CIFAR"},"image":{"@id":"https:\/\/cifar.ca\/fr\/#\/schema\/logo\/image\/"}}]}},"_links":{"self":[{"href":"https:\/\/cifar.ca\/fr\/wp-json\/wp\/v2\/pages\/57063","targetHints":{"allow":["GET"]}}],"collection":[{"href":"https:\/\/cifar.ca\/fr\/wp-json\/wp\/v2\/pages"}],"about":[{"href":"https:\/\/cifar.ca\/fr\/wp-json\/wp\/v2\/types\/page"}],"author":[{"embeddable":true,"href":"https:\/\/cifar.ca\/fr\/wp-json\/wp\/v2\/users\/65"}],"replies":[{"embeddable":true,"href":"https:\/\/cifar.ca\/fr\/wp-json\/wp\/v2\/comments?post=57063"}],"version-history":[{"count":0,"href":"https:\/\/cifar.ca\/fr\/wp-json\/wp\/v2\/pages\/57063\/revisions"}],"wp:featuredmedia":[{"embeddable":true,"href":"https:\/\/cifar.ca\/fr\/wp-json\/wp\/v2\/media\/56918"}],"wp:attachment":[{"href":"https:\/\/cifar.ca\/fr\/wp-json\/wp\/v2\/media?parent=57063"}],"curies":[{"name":"wp","href":"https:\/\/api.w.org\/{rel}","templated":true}]}}