{"id":57104,"date":"2023-10-24T08:46:04","date_gmt":"2023-10-24T12:46:04","guid":{"rendered":"https:\/\/cifar.ca\/?page_id=57104"},"modified":"2025-12-17T06:56:40","modified_gmt":"2025-12-17T11:56:40","slug":"favoriser-la-resilience-de-la-terre","status":"publish","type":"page","link":"https:\/\/cifar.ca\/fr\/favoriser-la-resilience-de-la-terre\/","title":{"rendered":"Favoriser la r\u00e9silience de la Terre"},"content":{"rendered":"\r\n\r\n\t\t\t<h2>\r\n\t\t\tSuivez-nous\t\t<\/h2>\r\n\t\t<button class='connect square balloon white-transparent facebook left' data-url='https:\/\/www.facebook.com\/CIFAR\/' aria-haspopup=\"false\"   aria-label='Suis nous surFaceBook' data-balloon-pos='right'>\r\n\t\t\tFaceBook\r\n\t\t<\/button>\r\n\t\t<button class='connect square balloon white-transparent twitter' data-url='https:\/\/twitter.com\/cifar_news' aria-haspopup=\"false\"   aria-label='Suis nous surTwitter' data-balloon-pos='right'>\r\n\t\t\tTwitter\r\n\t\t<\/button>\r\n\t\t<button class='connect square balloon white-transparent youtube left' data-url='https:\/\/www.youtube.com\/channel\/UCZj1nnTIiutUjEg-22e8UTA' aria-haspopup=\"false\"   aria-label='Suis nous surYouTube' data-balloon-pos='right'>\r\n\t\t\tYouTube\r\n\t\t<\/button>\r\n\t\t<button class='connect square balloon white-transparent linkedin' data-url='https:\/\/ca.linkedin.com\/company\/canadian-institute-for-advanced-research' aria-haspopup=\"false\"   aria-label='Suis nous surLinkedIn' data-balloon-pos='right'>\r\n\t\t\tLinkedIn\r\n\t\t<\/button>\r\n\t\t<button class='connect square balloon white-transparent instagram left' data-url='https:\/\/www.instagram.com\/cifar.ca_fr\/' aria-haspopup=\"false\"   aria-label='Suis nous surInstagram' data-balloon-pos='right'>\r\n\t\t\tInstagram\r\n\t\t<\/button>\r\n\r\n\t\t\t\t<img loading=\"lazy\" decoding=\"async\" src=\"https:\/\/cifar.ca\/wp-content\/uploads\/2020\/09\/lines-for-web-2.0-small-01.png\" alt=\"smaller line_two\" itemprop=\"image\" height=\"34\" width=\"34\" title=\"lines for web 2.0 small -01\" onerror=\"this.style.display='none'\"  \/>\t\t\t\t\t\r\n\t<h2><b>R\u00c9FLEXIONS AUDACIEUSES POUR LUTTER CONTRE LE R\u00c9CHAUFFEMENT DE LA PLAN\u00c8TE<\/b><\/h2>\r\n<strong>Le r\u00e9chauffement de la plan\u00e8te a des r\u00e9percussions sur tous les aspects de la vie quotidienne, qu&rsquo;il s&rsquo;agisse d&rsquo;inondations, de propagation d&rsquo;agents pathog\u00e8nes ou d&rsquo;ins\u00e9curit\u00e9 alimentaire.<br \/>\r\n<\/strong>\r\n<p>Faire marche arri\u00e8re n&rsquo;est pas une option. Le statu quo non plus. Il nous faut donc nous adapter et agir.<\/p>\r\n\t<h3>Vous souhaitez en savoir plus sur ces recherches? Regardez maintenant : Conf\u00e9rences du CIFAR :  Favoriser la<br \/>\r\nr\u00e9silience de la Terre, mettant en vedette<br \/>\r\ndes sp\u00e9cialistes de notre s\u00e9rie. \r\n   <!-- Mandeep add class on anchor -->\r\n\t<a href=\"https:\/\/youtu.be\/L-HC0nH2QWY\" target=\"_self\" rel=\"noopener\">\r\n\t\t\t\tRegardez maintenant\r\n\t\t\t<\/a>\r\n\t<iframe loading=\"lazy\" width=\"560\" height=\"315\" src=\"https:\/\/www.youtube.com\/embed\/q1v6hgNwYm8?si=iEooUqW2Gdw3I-1T\" title=\"YouTube video player\" frameborder=\"0\" allow=\"accelerometer; autoplay; clipboard-write; encrypted-media; gyroscope; picture-in-picture; web-share\" allowfullscreen><\/iframe>\r\n\t<p>La s\u00e9rie Favoriser la r\u00e9silience de la Terre met en lumi\u00e8re le r\u00f4le jou\u00e9 par le CIFAR dans la lutte contre les r\u00e9alit\u00e9s des changements climatiques, afin de permettre \u00e0 la soci\u00e9t\u00e9 mondiale de continuer \u00e0 s&rsquo;\u00e9panouir.<\/p>\r\n<p>Gr\u00e2ce \u00e0 la communaut\u00e9 donatrice qui permet la r\u00e9alisation de ce travail et aux scientifiques de premier plan qui jettent des ponts entre les disciplines et les situations g\u00e9ographiques pour comprendre et explorer les facteurs contribuant aux changements climatiques, le CIFAR pose les bases des solutions de demain.<\/p>\r\n<p>Lisez la suite pour d\u00e9couvrir les r\u00e9flexions audacieuses et provocatrices qui nous positionnent \u00e0 l&rsquo;avant-garde de la lutte contre les changements climatiques.<\/p>\r\n\t\t\t\t<a href=\"https:\/\/cifar.ca\/fr\/la-bombe-de-carbone-qui-se-cache-sous-terre\/\" target=\"_self\" itemprop=\"url\" rel=\"noopener\">\r\n\t\t\t\t<img loading=\"lazy\" decoding=\"async\" src=\"https:\/\/cifar.ca\/wp-content\/uploads\/2023\/10\/JaquelineGoordial_cropped.jpg\" alt=\"Headshot for Jacqueline Goordial\" itemprop=\"image\" height=\"500\" width=\"710\" title=\"JaquelineGoordial_cropped\" onerror=\"this.style.display='none'\"  \/>\t\t\t\t<\/a>\r\n\t\t\t\t<img loading=\"lazy\" decoding=\"async\" src=\"https:\/\/cifar.ca\/wp-content\/uploads\/2020\/10\/lines-for-web-2.0-small-teal.png\" alt=\"small-teal\" itemprop=\"image\" height=\"34\" width=\"34\" title=\"lines-for-web-2.0-small-teal\" onerror=\"this.style.display='none'\"  \/>\t\t\t\t\t\r\n\t<h2>LA \u00ab\u2009BOMBE DE CARBONE\u2009\u00bb QUI SE CACHE SOUS TERRE<\/h2>\r\n<p>D\u00e9couvrez comment les \u00e9tudes sur les microorganismes \u00e9metteurs de carbone que m\u00e8ne Jacqueline Goordial, membre du CIFAR, pourraient ralentir le d\u00e9gel rapide du perg\u00e9lisol.<\/p>\r\n\t<p>Learn about how CIFAR researcher Jacqueline Goordial&rsquo;s studies into carbon-emitting microbes have the power to slow rapidly-thawing permafrost.<\/p>\r\n   <!-- Mandeep add class on anchor -->\r\n\t<a href=\"https:\/\/cifar.ca\/fr\/la-bombe-de-carbone-qui-se-cache-sous-terre\/\" target=\"_self\" rel=\"noopener\">\r\n\t\t\t\tLIRE LA SUITE\r\n\t\t\t<\/a>\r\n\t\t\t\t<a href=\"https:\/\/cifar.ca\/fr\/le-defi-de-la-conversion-du-carbone\/\" target=\"_self\" itemprop=\"url\" rel=\"noopener\">\r\n\t\t\t\t<img loading=\"lazy\" decoding=\"async\" src=\"https:\/\/cifar.ca\/wp-content\/uploads\/2023\/10\/Chibueze_Amanchukwu_small.jpg\" alt=\"Photo of Chibueze Amanchukwu\" itemprop=\"image\" height=\"500\" width=\"710\" title=\"Chibueze_Amanchukwu_small\" onerror=\"this.style.display='none'\"  \/>\t\t\t\t<\/a>\r\n\t\t\t\t<img loading=\"lazy\" decoding=\"async\" src=\"https:\/\/cifar.ca\/wp-content\/uploads\/2020\/10\/lines-for-web-2.0-small-teal.png\" alt=\"small-teal\" itemprop=\"image\" height=\"34\" width=\"34\" title=\"lines-for-web-2.0-small-teal\" onerror=\"this.style.display='none'\"  \/>\t\t\t\t\t\r\n\t<h2>LE D\u00c9FI DE LA CONVERSION DU CARBONE<\/h2>\r\n\t<p>D\u00e9couvrez comment Chibueze Amanchukwu, membre du CIFAR, transforme le probl\u00e8me du carbone en solution.<\/p>\r\n   <!-- Mandeep add class on anchor -->\r\n\t<a href=\"https:\/\/cifar.ca\/fr\/le-defi-de-la-conversion-du-carbone\/\" target=\"_self\" rel=\"noopener\">\r\n\t\t\t\tLIRE LA SUITE\r\n\t\t\t<\/a>\r\n\t\t\t\t<a href=\"https:\/\/cifar.ca\/fr\/lapprovisionnement-mondial-en-eau\/\" target=\"_self\" itemprop=\"url\" rel=\"noopener\">\r\n\t\t\t\t<img loading=\"lazy\" decoding=\"async\" src=\"https:\/\/cifar.ca\/wp-content\/uploads\/2023\/10\/RichardTaylor_small.jpg\" alt=\"Photo Richard Taylor\" itemprop=\"image\" height=\"500\" width=\"710\" title=\"RichardTaylor_small\" onerror=\"this.style.display='none'\"  \/>\t\t\t\t<\/a>\r\n\t\t\t\t<img loading=\"lazy\" decoding=\"async\" src=\"https:\/\/cifar.ca\/wp-content\/uploads\/2020\/10\/lines-for-web-2.0-small-teal.png\" alt=\"small-teal\" itemprop=\"image\" height=\"34\" width=\"34\" title=\"lines-for-web-2.0-small-teal\" onerror=\"this.style.display='none'\"  \/>\t\t\t\t\t\r\n\t<h2>L&rsquo;APPROVISIONNEMENT MONDIAL EN EAU<\/h2>\r\n\t<p>Dans ce num\u00e9ro, d\u00e9couvrez comment Richard Taylor, membre du CIFAR, explore la question des fortes pr\u00e9cipitations et de leurs effets sur l&rsquo;approvisionnement mondial en eau.<\/p>\r\n   <!-- Mandeep add class on anchor -->\r\n\t<a href=\"https:\/\/cifar.ca\/fr\/lapprovisionnement-mondial-en-eau\/\" target=\"_self\" rel=\"noopener\">\r\n\t\t\t\tLIRE LA SUITE\r\n\t\t\t<\/a>\r\n\t\t\t\t<a href=\"https:\/\/cifar.ca\/fr\/la-securite-alimentaire\/\" target=\"_self\" itemprop=\"url\" rel=\"noopener\">\r\n\t\t\t\t<img loading=\"lazy\" decoding=\"async\" src=\"https:\/\/cifar.ca\/wp-content\/uploads\/2023\/10\/Sarah-Gurr-small.jpg\" alt=\"Photo Sarah Gurr\" itemprop=\"image\" height=\"500\" width=\"710\" title=\"Sarah-Gurr-small\" onerror=\"this.style.display='none'\"  \/>\t\t\t\t<\/a>\r\n\t\t\t\t<img loading=\"lazy\" decoding=\"async\" src=\"https:\/\/cifar.ca\/wp-content\/uploads\/2020\/10\/lines-for-web-2.0-small-teal.png\" alt=\"small-teal\" itemprop=\"image\" height=\"34\" width=\"34\" title=\"lines-for-web-2.0-small-teal\" onerror=\"this.style.display='none'\"  \/>\t\t\t\t\t\r\n\t<h2>LA S\u00c9CURIT\u00c9 ALIMENTAIRE<\/h2>\r\n\t<p>D\u00e9couvrez comment les \u00e9v\u00e9nements m\u00e9t\u00e9orologiques extr\u00eames et la hausse des temp\u00e9ratures sont en passe de cr\u00e9er de plus grandes in\u00e9galit\u00e9s alimentaires \u00e0 l&rsquo;\u00e9chelle mondiale et ce que les scientifiques du CIFAR, comme Sarah Gurr, font pour y rem\u00e9dier.<\/p>\r\n   <!-- Mandeep add class on anchor -->\r\n\t<a href=\"https:\/\/cifar.ca\/fr\/la-securite-alimentaire\/\" target=\"_self\" rel=\"noopener\">\r\n\t\t\t\tLIRE LA SUITE\r\n\t\t\t<\/a>\r\n\t\t\t\t<a href=\"https:\/\/cifar.ca\/fr\/les-changements-climatiques-et-lutilisation-de-lia\/\" target=\"_self\" itemprop=\"url\" rel=\"noopener\">\r\n\t\t\t\t<img loading=\"lazy\" decoding=\"async\" src=\"https:\/\/cifar.ca\/wp-content\/uploads\/2023\/10\/DavidRolnick_small.jpg\" alt=\"Photo David Rolnick\" itemprop=\"image\" height=\"500\" width=\"710\" title=\"DavidRolnick_small\" onerror=\"this.style.display='none'\"  \/>\t\t\t\t<\/a>\r\n\t\t\t\t<img loading=\"lazy\" decoding=\"async\" src=\"https:\/\/cifar.ca\/wp-content\/uploads\/2020\/10\/lines-for-web-2.0-small-teal.png\" alt=\"small-teal\" itemprop=\"image\" height=\"34\" width=\"34\" title=\"lines-for-web-2.0-small-teal\" onerror=\"this.style.display='none'\"  \/>\t\t\t\t\t\r\n\t<h2>LES CHANGEMENTS CLIMATIQUES ET L&rsquo;UTILISATION DE L&rsquo;IA<\/h2>\r\n\t<p>D\u00e9couvrez comment David Rolnick, titulaire de chaire en IA Canada-CIFAR, met \u00e0 profit l&rsquo;IA pour acc\u00e9l\u00e9rer les d\u00e9couvertes susceptibles de contribuer \u00e0 la lutte contre les changements climatiques.<\/p>\r\n   <!-- Mandeep add class on anchor -->\r\n\t<a href=\"https:\/\/cifar.ca\/fr\/les-changements-climatiques-et-lutilisation-de-lia\/\" target=\"_self\" rel=\"noopener\">\r\n\t\t\t\tLIRE LA SUITE\r\n\t\t\t<\/a>\r\n\t\t\t\t<a href=\"https:\/\/cifar.ca\/fr\/les-changements-climatiques-et-la-politique\/\" target=\"_self\" itemprop=\"url\" rel=\"noopener\">\r\n\t\t\t\t<img loading=\"lazy\" decoding=\"async\" src=\"https:\/\/cifar.ca\/wp-content\/uploads\/2023\/10\/AldanaCohen_small.jpg\" alt=\"Photo Daniel Aldana Cohen\" itemprop=\"image\" height=\"500\" width=\"710\" title=\"AldanaCohen_small\" onerror=\"this.style.display='none'\"  \/>\t\t\t\t<\/a>\r\n\t\t\t\t<img loading=\"lazy\" decoding=\"async\" src=\"https:\/\/cifar.ca\/wp-content\/uploads\/2020\/10\/lines-for-web-2.0-small-teal.png\" alt=\"small-teal\" itemprop=\"image\" height=\"34\" width=\"34\" title=\"lines-for-web-2.0-small-teal\" onerror=\"this.style.display='none'\"  \/>\t\t\t\t\t\r\n\t<h2>LES CHANGEMENTS CLIMATIQUES ET LA POLITIQUE<\/h2>\r\n\t<p>Dans ce num\u00e9ro, nous examinons la politique des changements climatiques et ce que fait Daniel Aldana Cohen, membre du CIFAR, pour rem\u00e9dier aux goulots d&rsquo;\u00e9tranglement qui entravent la mise en place de politiques efficaces de lutte contre les changements climatiques \u00e0 travers le monde.<\/p>\r\n   <!-- Mandeep add class on anchor -->\r\n\t<a href=\"https:\/\/cifar.ca\/fr\/les-changements-climatiques-et-la-politique\/\" target=\"_self\" rel=\"noopener\">\r\n\t\t\t\tLIRE LA SUITE\r\n\t\t\t<\/a>\r\n\t\t\t\t<img loading=\"lazy\" decoding=\"async\" src=\"https:\/\/cifar.ca\/wp-content\/uploads\/2022\/06\/lines-for-web-2.0-small-03.png\" alt=\"smaller line_one\" itemprop=\"image\" height=\"34\" width=\"34\" title=\"lines-for-web-2.0-small-03\" onerror=\"this.style.display='none'\"  \/>\t\t\t\t\t\r\n\t<h2><b>APPUYEZ LE FONDS TERRE R\u00c9SILIENTE<\/b><\/h2>\r\n<strong>Pour lutter contre le r\u00e9chauffement climatique, il faut faire preuve d&rsquo;audace dans nos r\u00e9flexions &#8211; et agir.<br \/>\r\n<\/strong>\r\n<p>Joignez-vous \u00e0 nous pour relever l&rsquo;un des plus grands d\u00e9fis de notre \u00e9poque en soutenant le fonds Terre r\u00e9siliente.<\/p>\r\n   <!-- Mandeep add class on anchor -->\r\n\t<a href=\"https:\/\/cifar.ca\/fr\/faites-un-don-sans-tarder\/\" target=\"_self\" rel=\"noopener\">\r\n\t\t\t\tFaites un don sans tarder\r\n\t\t\t<\/a>\r\n<h2>\r\n\t\tSoutenez-nous\r\n\t<\/h2>\r\n\t<p>L&rsquo;Institut canadien de recherches avanc\u00e9es (CIFAR) est une organisation de recherche d&rsquo;influence mondiale fi\u00e8rement bas\u00e9e au Canada. Nous mobilisons les plus brillants personnes du monde, dans toutes les disciplines et \u00e0 tous les stades de carri\u00e8re, pour faire progresser les connaissances transformatrices et r\u00e9soudre ensemble les plus grands probl\u00e8mes de l&rsquo;humanit\u00e9. Nous recevons l&rsquo;appui des gouvernements du Canada, de l&rsquo;Alberta et du Qu\u00e9bec, ainsi que de fondations, de particuliers, d&rsquo;entreprises et d&rsquo;organisations partenaires du Canada et du monde entier.<\/p>\r\n   <!-- Mandeep add class on anchor -->\r\n\t<a href=\"https:\/\/cifar.ca\/fr\/dons\/\" target=\"_self\" rel=\"noopener\">\r\n\t\t\t\t\tDons\t\t\t\t\t\t\t\r\n\t\t\t\t\t\t<\/a>\r\n<\/h3>\r\n","protected":false},"excerpt":{"rendered":"<p>R\u00e9flexions audacieuses pour lutter contre le r\u00e9chauffement de la plan\u00e8te<\/p>\n","protected":false},"author":65,"featured_media":56634,"parent":0,"menu_order":0,"comment_status":"closed","ping_status":"closed","template":"","meta":{"_acf_changed":false,"footnotes":""},"class_list":["post-57104","page","type-page","status-publish","has-post-thumbnail","hentry"],"acf":[],"yoast_head":"<!-- This site is optimized with the Yoast SEO plugin v27.2 - https:\/\/yoast.com\/product\/yoast-seo-wordpress\/ -->\n<title>CIFAR<\/title>\n<meta name=\"description\" content=\"R\u00e9flexions audacieuses pour lutter contre le r\u00e9chauffement de la plan\u00e8te\" \/>\n<meta name=\"robots\" content=\"index, follow, max-snippet:-1, max-image-preview:large, max-video-preview:-1\" \/>\n<link rel=\"canonical\" href=\"https:\/\/cifar.ca\/fr\/favoriser-la-resilience-de-la-terre\/\" \/>\n<meta property=\"og:locale\" content=\"fr_FR\" \/>\n<meta property=\"og:type\" content=\"article\" \/>\n<meta property=\"og:title\" content=\"Favoriser la r\u00e9silience de la Terre - CIFAR\" \/>\n<meta property=\"og:description\" content=\"R\u00e9flexions audacieuses pour lutter contre le r\u00e9chauffement de la plan\u00e8te\" \/>\n<meta property=\"og:url\" content=\"https:\/\/cifar.ca\/fr\/favoriser-la-resilience-de-la-terre\/\" \/>\n<meta property=\"og:site_name\" content=\"CIFAR\" \/>\n<meta property=\"article:modified_time\" content=\"2025-12-17T11:56:40+00:00\" \/>\n<meta property=\"og:image\" content=\"https:\/\/cifar.ca\/wp-content\/uploads\/2023\/10\/CIFARTalks-Resilientearth.jpg\" \/>\n\t<meta property=\"og:image:width\" content=\"1288\" \/>\n\t<meta property=\"og:image:height\" content=\"338\" \/>\n\t<meta property=\"og:image:type\" content=\"image\/jpeg\" \/>\n<meta name=\"twitter:card\" content=\"summary_large_image\" \/>\n<meta name=\"twitter:label1\" content=\"Dur\u00e9e de lecture estim\u00e9e\" \/>\n\t<meta name=\"twitter:data1\" content=\"6 minutes\" \/>\n<script type=\"application\/ld+json\" class=\"yoast-schema-graph\">{\"@context\":\"https:\/\/schema.org\",\"@graph\":[{\"@type\":\"WebPage\",\"@id\":\"https:\/\/cifar.ca\/fr\/favoriser-la-resilience-de-la-terre\/\",\"url\":\"https:\/\/cifar.ca\/fr\/favoriser-la-resilience-de-la-terre\/\",\"name\":\"Favoriser la r\u00e9silience de la Terre - CIFAR\",\"isPartOf\":{\"@id\":\"https:\/\/cifar.ca\/fr\/#website\"},\"primaryImageOfPage\":{\"@id\":\"https:\/\/cifar.ca\/fr\/favoriser-la-resilience-de-la-terre\/#primaryimage\"},\"image\":{\"@id\":\"https:\/\/cifar.ca\/fr\/favoriser-la-resilience-de-la-terre\/#primaryimage\"},\"thumbnailUrl\":\"https:\/\/cifar.ca\/wp-content\/uploads\/2023\/10\/CIFARTalks-Resilientearth.jpg\",\"datePublished\":\"2023-10-24T12:46:04+00:00\",\"dateModified\":\"2025-12-17T11:56:40+00:00\",\"description\":\"R\u00e9flexions audacieuses pour lutter contre le r\u00e9chauffement de la plan\u00e8te\",\"breadcrumb\":{\"@id\":\"https:\/\/cifar.ca\/fr\/favoriser-la-resilience-de-la-terre\/#breadcrumb\"},\"inLanguage\":\"fr-FR\",\"potentialAction\":[{\"@type\":\"ReadAction\",\"target\":[\"https:\/\/cifar.ca\/fr\/favoriser-la-resilience-de-la-terre\/\"]}]},{\"@type\":\"ImageObject\",\"inLanguage\":\"fr-FR\",\"@id\":\"https:\/\/cifar.ca\/fr\/favoriser-la-resilience-de-la-terre\/#primaryimage\",\"url\":\"https:\/\/cifar.ca\/wp-content\/uploads\/2023\/10\/CIFARTalks-Resilientearth.jpg\",\"contentUrl\":\"https:\/\/cifar.ca\/wp-content\/uploads\/2023\/10\/CIFARTalks-Resilientearth.jpg\",\"width\":1288,\"height\":338},{\"@type\":\"BreadcrumbList\",\"@id\":\"https:\/\/cifar.ca\/fr\/favoriser-la-resilience-de-la-terre\/#breadcrumb\",\"itemListElement\":[{\"@type\":\"ListItem\",\"position\":1,\"name\":\"Acceuil\",\"item\":\"https:\/\/cifar.ca\/fr\/\"},{\"@type\":\"ListItem\",\"position\":2,\"name\":\"Favoriser la r\u00e9silience de la Terre\"}]},{\"@type\":\"WebSite\",\"@id\":\"https:\/\/cifar.ca\/fr\/#website\",\"url\":\"https:\/\/cifar.ca\/fr\/\",\"name\":\"CIFAR\",\"description\":\"Convoquer des esprits extraordinaires pour r\u00e9pondre aux questions les plus importantes auxquelles la science et l'humanit\u00e9 sont confront\u00e9es.\",\"publisher\":{\"@id\":\"https:\/\/cifar.ca\/fr\/#organization\"},\"potentialAction\":[{\"@type\":\"SearchAction\",\"target\":{\"@type\":\"EntryPoint\",\"urlTemplate\":\"https:\/\/cifar.ca\/fr\/?s={search_term_string}\"},\"query-input\":{\"@type\":\"PropertyValueSpecification\",\"valueRequired\":true,\"valueName\":\"search_term_string\"}}],\"inLanguage\":\"fr-FR\"},{\"@type\":\"Organization\",\"@id\":\"https:\/\/cifar.ca\/fr\/#organization\",\"name\":\"CIFAR\",\"url\":\"https:\/\/cifar.ca\/fr\/\",\"logo\":{\"@type\":\"ImageObject\",\"inLanguage\":\"fr-FR\",\"@id\":\"https:\/\/cifar.ca\/fr\/#\/schema\/logo\/image\/\",\"url\":\"https:\/\/cifar.ca\/wp-content\/uploads\/2020\/01\/cifar-logo-rgb-colour.png\",\"contentUrl\":\"https:\/\/cifar.ca\/wp-content\/uploads\/2020\/01\/cifar-logo-rgb-colour.png\",\"width\":1884,\"height\":681,\"caption\":\"CIFAR\"},\"image\":{\"@id\":\"https:\/\/cifar.ca\/fr\/#\/schema\/logo\/image\/\"}}]}<\/script>\n<!-- \/ Yoast SEO plugin. -->","yoast_head_json":{"title":"CIFAR","description":"R\u00e9flexions audacieuses pour lutter contre le r\u00e9chauffement de la plan\u00e8te","robots":{"index":"index","follow":"follow","max-snippet":"max-snippet:-1","max-image-preview":"max-image-preview:large","max-video-preview":"max-video-preview:-1"},"canonical":"https:\/\/cifar.ca\/fr\/favoriser-la-resilience-de-la-terre\/","og_locale":"fr_FR","og_type":"article","og_title":"Favoriser la r\u00e9silience de la Terre - CIFAR","og_description":"R\u00e9flexions audacieuses pour lutter contre le r\u00e9chauffement de la plan\u00e8te","og_url":"https:\/\/cifar.ca\/fr\/favoriser-la-resilience-de-la-terre\/","og_site_name":"CIFAR","article_modified_time":"2025-12-17T11:56:40+00:00","og_image":[{"width":1288,"height":338,"url":"https:\/\/cifar.ca\/wp-content\/uploads\/2023\/10\/CIFARTalks-Resilientearth.jpg","type":"image\/jpeg"}],"twitter_card":"summary_large_image","twitter_misc":{"Dur\u00e9e de lecture estim\u00e9e":"6 minutes"},"schema":{"@context":"https:\/\/schema.org","@graph":[{"@type":"WebPage","@id":"https:\/\/cifar.ca\/fr\/favoriser-la-resilience-de-la-terre\/","url":"https:\/\/cifar.ca\/fr\/favoriser-la-resilience-de-la-terre\/","name":"Favoriser la r\u00e9silience de la Terre - CIFAR","isPartOf":{"@id":"https:\/\/cifar.ca\/fr\/#website"},"primaryImageOfPage":{"@id":"https:\/\/cifar.ca\/fr\/favoriser-la-resilience-de-la-terre\/#primaryimage"},"image":{"@id":"https:\/\/cifar.ca\/fr\/favoriser-la-resilience-de-la-terre\/#primaryimage"},"thumbnailUrl":"https:\/\/cifar.ca\/wp-content\/uploads\/2023\/10\/CIFARTalks-Resilientearth.jpg","datePublished":"2023-10-24T12:46:04+00:00","dateModified":"2025-12-17T11:56:40+00:00","description":"R\u00e9flexions audacieuses pour lutter contre le r\u00e9chauffement de la plan\u00e8te","breadcrumb":{"@id":"https:\/\/cifar.ca\/fr\/favoriser-la-resilience-de-la-terre\/#breadcrumb"},"inLanguage":"fr-FR","potentialAction":[{"@type":"ReadAction","target":["https:\/\/cifar.ca\/fr\/favoriser-la-resilience-de-la-terre\/"]}]},{"@type":"ImageObject","inLanguage":"fr-FR","@id":"https:\/\/cifar.ca\/fr\/favoriser-la-resilience-de-la-terre\/#primaryimage","url":"https:\/\/cifar.ca\/wp-content\/uploads\/2023\/10\/CIFARTalks-Resilientearth.jpg","contentUrl":"https:\/\/cifar.ca\/wp-content\/uploads\/2023\/10\/CIFARTalks-Resilientearth.jpg","width":1288,"height":338},{"@type":"BreadcrumbList","@id":"https:\/\/cifar.ca\/fr\/favoriser-la-resilience-de-la-terre\/#breadcrumb","itemListElement":[{"@type":"ListItem","position":1,"name":"Acceuil","item":"https:\/\/cifar.ca\/fr\/"},{"@type":"ListItem","position":2,"name":"Favoriser la r\u00e9silience de la Terre"}]},{"@type":"WebSite","@id":"https:\/\/cifar.ca\/fr\/#website","url":"https:\/\/cifar.ca\/fr\/","name":"CIFAR","description":"Convoquer des esprits extraordinaires pour r\u00e9pondre aux questions les plus importantes auxquelles la science et l'humanit\u00e9 sont confront\u00e9es.","publisher":{"@id":"https:\/\/cifar.ca\/fr\/#organization"},"potentialAction":[{"@type":"SearchAction","target":{"@type":"EntryPoint","urlTemplate":"https:\/\/cifar.ca\/fr\/?s={search_term_string}"},"query-input":{"@type":"PropertyValueSpecification","valueRequired":true,"valueName":"search_term_string"}}],"inLanguage":"fr-FR"},{"@type":"Organization","@id":"https:\/\/cifar.ca\/fr\/#organization","name":"CIFAR","url":"https:\/\/cifar.ca\/fr\/","logo":{"@type":"ImageObject","inLanguage":"fr-FR","@id":"https:\/\/cifar.ca\/fr\/#\/schema\/logo\/image\/","url":"https:\/\/cifar.ca\/wp-content\/uploads\/2020\/01\/cifar-logo-rgb-colour.png","contentUrl":"https:\/\/cifar.ca\/wp-content\/uploads\/2020\/01\/cifar-logo-rgb-colour.png","width":1884,"height":681,"caption":"CIFAR"},"image":{"@id":"https:\/\/cifar.ca\/fr\/#\/schema\/logo\/image\/"}}]}},"_links":{"self":[{"href":"https:\/\/cifar.ca\/fr\/wp-json\/wp\/v2\/pages\/57104","targetHints":{"allow":["GET"]}}],"collection":[{"href":"https:\/\/cifar.ca\/fr\/wp-json\/wp\/v2\/pages"}],"about":[{"href":"https:\/\/cifar.ca\/fr\/wp-json\/wp\/v2\/types\/page"}],"author":[{"embeddable":true,"href":"https:\/\/cifar.ca\/fr\/wp-json\/wp\/v2\/users\/65"}],"replies":[{"embeddable":true,"href":"https:\/\/cifar.ca\/fr\/wp-json\/wp\/v2\/comments?post=57104"}],"version-history":[{"count":0,"href":"https:\/\/cifar.ca\/fr\/wp-json\/wp\/v2\/pages\/57104\/revisions"}],"wp:featuredmedia":[{"embeddable":true,"href":"https:\/\/cifar.ca\/fr\/wp-json\/wp\/v2\/media\/56634"}],"wp:attachment":[{"href":"https:\/\/cifar.ca\/fr\/wp-json\/wp\/v2\/media?parent=57104"}],"curies":[{"name":"wp","href":"https:\/\/api.w.org\/{rel}","templated":true}]}}