{"id":57123,"date":"2023-10-24T08:22:22","date_gmt":"2023-10-24T12:22:22","guid":{"rendered":"https:\/\/cifar.ca\/?page_id=57123"},"modified":"2025-12-17T06:52:24","modified_gmt":"2025-12-17T11:52:24","slug":"les-changements-climatiques-et-la-politique","status":"publish","type":"page","link":"https:\/\/cifar.ca\/fr\/les-changements-climatiques-et-la-politique\/","title":{"rendered":"Les changements climatiques et la politique"},"content":{"rendered":"\r\n<h5>\r\n\t\tFAVORISER LA R\u00c9SILIENCE DE LA TERRE\r\n\t<\/h5>\r\n<h1>\r\n\t\tLes changements climatiques et la politique\r\n\t<\/h1>\r\n\tPar : <strong>Liz Do et Alison Rutka<\/strong><br \/>\r\nle 24 octobre 2023\r\n\t<h5>Les effets des changements climatiques se font sentir \u00e0 l&rsquo;\u00e9chelle mondiale \u00e0 un rythme alarmant. Le CIFAR est \u00e0 l&rsquo;avant-garde de la lutte contre ce ph\u00e9nom\u00e8ne. Cette s\u00e9rie sp\u00e9ciale, <a href=\"https:\/\/cifar.ca\/fr\/favoriser-la-resilience-de-la-terre\/\" target=\"_blank\" rel=\"noopener\">Favoriser la r\u00e9silience de la Terre<\/a>, examine comment la communaut\u00e9 du CIFAR &#8211; par-del\u00e0 les fronti\u00e8res, les r\u00f4les et les disciplines &#8211; a un impact significatif sur la concr\u00e9tisation de changements importants.<\/h5>\r\n<p><strong>Dans ce num\u00e9ro, nous examinons la politique des changements climatiques et ce que fait <a href=\"https:\/\/cifar.ca\/fr\/biographie\/daniel-aldana-cohen\/\" target=\"_blank\" rel=\"noopener\">Daniel Aldana Cohen<\/a>, membre du CIFAR, pour rem\u00e9dier aux goulots d&rsquo;\u00e9tranglement qui entravent la mise en place de politiques efficaces de lutte contre les changements climatiques \u00e0 travers le monde.<\/strong><\/p>\r\n\t<strong>Vous souhaitez en savoir plus sur ces recherches? Regardez maintenant : Conf\u00e9rences du CIFAR :  Favoriser la r\u00e9silience de la Terre, mettant en<br \/>\r\nvedette des sp\u00e9cialistes de notre s\u00e9rie.\r\n   <!-- Mandeep add class on anchor -->\r\n\t<a href=\"https:\/\/youtu.be\/L-HC0nH2QWY\" target=\"_self\" rel=\"noopener\">\r\n\t\t\t\tRegardez maintenant\r\n\t\t\t<\/a>\r\n\t\t\t\t<img loading=\"lazy\" decoding=\"async\" src=\"https:\/\/cifar.ca\/wp-content\/uploads\/2023\/10\/AldanaCohen-main.jpg\" alt=\"Photo of Daniel Aldana Cohen\" itemprop=\"image\" height=\"1000\" width=\"710\" title=\"AldanaCohen-main\" onerror=\"this.style.display='none'\"  \/>\t\t\t\t\t\r\n\t<p>Alors que les scientifiques du CIFAR cherchent des solutions pour lutter contre les changements climatiques dans diff\u00e9rents domaines, de l&rsquo;att\u00e9nuation des \u00e9missions \u00e0 la mod\u00e9lisation de ses effets sur la p\u00e9nurie alimentaire en passant par l&rsquo;exploitation de l&rsquo;IA pour acc\u00e9l\u00e9rer les d\u00e9couvertes, aucun de ces travaux n&rsquo;est applicable ni \u00e9volutif s&rsquo;il ne s&rsquo;harmonise pas aux politiques en vigueur dans le monde.<\/p>\r\n<p>C&rsquo;est l\u00e0 qu&rsquo;interviennent les recherches de Daniel Aldana Cohen, membre du programme des chercheurs mondiaux CIFAR-Azrieli. Ses travaux au sein du programme <a href=\"https:\/\/cifar.ca\/fr\/programmes-de-recherche\/innovation-equite-et-avenir-de-la-prosperite\/\" target=\"_blank\" rel=\"noopener\">Innovation, \u00e9quit\u00e9 et avenir de la prosp\u00e9rit\u00e9 <\/a>examinent de pr\u00e8s les incitations politiques, les goulots d&rsquo;\u00e9tranglement et les obstacles qui entravent l&rsquo;adoption de mesures climatiques, ainsi que les facteurs sociaux, politiques et \u00e9conomiques en jeu dans des politiques climatiques efficaces.<\/p>\r\n<p>Son analyse de pays \u00e0 travers le monde, du Br\u00e9sil \u00e0 l&rsquo;Afrique du Sud en passant par les \u00c9tats-Unis, r\u00e9v\u00e8le un sch\u00e9ma clair. Il constate que les villes aux prises avec des niveaux \u00e9lev\u00e9s d&rsquo;agitation, de violence \u00e9tatique et d&rsquo;in\u00e9galit\u00e9 \u00e9conomique affichent simultan\u00e9ment des sch\u00e9mas clairs de disparit\u00e9 environnementale, un ph\u00e9nom\u00e8ne que Cohen qualifie d&rsquo;\u00ab\u2009\u00e9co-apartheid\u2009\u00bb. Au contraire, les communaut\u00e9s ais\u00e9es b\u00e9n\u00e9ficient le plus des am\u00e9liorations ou de la pr\u00e9servation de l&rsquo;environnement.<\/p>\r\n<p>\u00ab\u2009Mes recherches montrent syst\u00e9matiquement que les politiques climatiques les plus efficaces sont celles qui sont \u00e9galement \u00e9quitables, explique Cohen. Je m&rsquo;efforce de r\u00e9pondre \u00e0 la question pratique suivante : est-il possible de formuler une politique environnementale significative sans aborder la question de l&rsquo;in\u00e9galit\u00e9? Jusqu&rsquo;\u00e0 pr\u00e9sent, je ne suis pas certain que cela soit possible.\u2009\u00bb<\/p>\r\n<p>D&rsquo;apr\u00e8s ses recherches, Cohen estime que la meilleure fa\u00e7on d&rsquo;y parvenir est de former des coalitions. Dans la pratique, Cohen a constat\u00e9 que les politiques climatiques les plus efficaces accordent une place importante \u00e0 la planification et \u00e0 la r\u00e9glementation publiques afin de garantir l&rsquo;\u00e9quit\u00e9. Il cite en exemple le Green New Deal de New York de 2019.<\/p>\r\n\t<p>\u00ab\u2009La l\u00e9gislation du Green New Deal \u00e9tait l&rsquo;ensemble de politiques d&rsquo;urbanisme le plus clairvoyant jamais adopt\u00e9 aux \u00c9tats-Unis, avec un accent particulier sur la d\u00e9carbonisation des b\u00e2timents. Il est \u00e0 noter que son adoption n&rsquo;a \u00e9t\u00e9 possible qu&rsquo;avec le soutien des mouvements pour le logement, largement men\u00e9s par des femmes de couleur, qui se sont alli\u00e9s aux \u00e9cologistes pour mettre en place cette politique urbaine tr\u00e8s progressiste en mati\u00e8re climatique, explique Cohen. Les politiques ant\u00e9rieures, propos\u00e9es avec beaucoup moins d&rsquo;\u00e9quit\u00e9, n&rsquo;ont pas pu \u00eatre adopt\u00e9es.\u2009\u00bb<\/p>\r\n<p>En fin de compte, le passage des d\u00e9fis \u00e0 l&rsquo;action climatique n\u00e9cessitera l&rsquo;intervention d&rsquo;un \u00e9chantillon repr\u00e9sentatif de parties prenantes. Cohen esp\u00e8re une int\u00e9gration plus \u00e9troite dans la recherche sur le climat entre les sciences naturelles, le g\u00e9nie, les sciences sociales et la recherche technique, afin d&rsquo;aborder les questions sous le plus grand nombre de perspectives possible. \u00c0 son avis, c&rsquo;est l\u00e0 o\u00f9 le CIFAR a une formidable occasion de jouer un r\u00f4le de premier plan sur la sc\u00e8ne mondiale, en contribuant \u00e0 la lutte contre les changements climatiques.<\/p>\r\n<p>\u00ab\u2009Le CIFAR a la possibilit\u00e9 de faire bien plus en mati\u00e8re climatique s&rsquo;il utilise son pouvoir rassembleur pour r\u00e9unir des scientifiques de diff\u00e9rentes disciplines, et en particulier des sciences sociales, afin d&rsquo;explorer les questions sous diff\u00e9rents angles\u2009\u00bb, d\u00e9clare Cohen, en esp\u00e9rant que son travail continuera \u00e0 \u00e9clairer les programmes de politiques et de recherche.<\/p>\r\n<p>\u00ab\u2009Comment modifier l&rsquo;environnement b\u00e2ti, l&rsquo;infrastructure physique de cette plan\u00e8te, afin d&rsquo;assurer une plus grande \u00e9quit\u00e9 et de stabiliser le climat? Je pense que le CIFAR poss\u00e8de d&rsquo;\u00e9normes capacit\u00e9s d&rsquo;exploration en la mati\u00e8re. J&rsquo;ai discut\u00e9 avec plusieurs personnes au CIFAR, pas seulement dans mon programme, et il existe tant de liens stimulants. Il est possible d&rsquo;utiliser des investissements cr\u00e9atifs en recherche pour nous r\u00e9unir plus longtemps et lancer des projets.\u2009\u00bb<\/p>\r\n\t<p><strong>Comment le CIFAR vous aide-t-il \u00e0 mener des recherches pertinentes pour lutter contre les changements climatiques?<\/strong><\/p>\r\n<p>\u00ab\u2009Le CIFAR m&rsquo;a permis de rencontrer de brillants cerveaux en dehors de mon domaine et de mes r\u00e9seaux existants, ce qui est particuli\u00e8rement important pour quelqu&rsquo;un qui effectue des recherches sur les changements climatiques, car l&rsquo;expertise est \u00e9parpill\u00e9e dans tous les domaines, partout dans le monde. Fondamentalement, le climat est le type de probl\u00e8me tentaculaire auquel les structures universitaires traditionnelles n&rsquo;ont pas r\u00e9ussi \u00e0 s&rsquo;attaquer. Le mod\u00e8le du CIFAR, qui consiste \u00e0 donner aux scientifiques les moyens d&rsquo;innover en dehors des silos traditionnels, m&rsquo;a \u00e9t\u00e9 d&rsquo;une aide pr\u00e9cieuse.\u2009\u00bb<\/p>\r\n\t<p><strong>Joignez-vous \u00e0 nous pour relever l&rsquo;un des plus grands d\u00e9fis de notre \u00e9poque en soutenant le fonds Terre r\u00e9siliente. Votre contribution permet \u00e0 des scientifiques de pointe de jeter des ponts entre les disciplines et les situations g\u00e9ographiques pour poser les bases des solutions de demain.<\/strong><\/p>\r\n   <!-- Mandeep add class on anchor -->\r\n\t<a href=\"https:\/\/cifar.ca\/fr\/faites-un-don-sans-tarder\/\" target=\"_self\" rel=\"noopener\">\r\n\t\t\t\tfaites un don sans tarder\r\n\t\t\t<\/a>\r\n<\/strong>\r\n","protected":false},"excerpt":{"rendered":"<p>Nous examinons la politique des changements climatiques et ce que fait Daniel Aldana Cohen pour rem\u00e9dier aux goulots d\u2019\u00e9tranglement qui entravent la mise en place de politiques efficaces de lutte contre les changements climatiques \u00e0 travers le monde.<\/p>\n","protected":false},"author":65,"featured_media":56908,"parent":0,"menu_order":0,"comment_status":"closed","ping_status":"closed","template":"","meta":{"_acf_changed":false,"footnotes":""},"class_list":["post-57123","page","type-page","status-publish","has-post-thumbnail","hentry"],"acf":[],"yoast_head":"<!-- This site is optimized with the Yoast SEO plugin v27.2 - https:\/\/yoast.com\/product\/yoast-seo-wordpress\/ -->\n<title>CIFAR<\/title>\n<meta name=\"description\" content=\"Nous examinons la politique des changements climatiques et ce que fait Daniel Aldana Cohen pour rem\u00e9dier aux goulots d\u2019\u00e9tranglement qui entravent la mise en place de politiques efficaces de lutte contre les changements climatiques \u00e0 travers le monde.\" \/>\n<meta name=\"robots\" content=\"index, follow, max-snippet:-1, max-image-preview:large, max-video-preview:-1\" \/>\n<link rel=\"canonical\" href=\"https:\/\/cifar.ca\/fr\/les-changements-climatiques-et-la-politique\/\" \/>\n<meta property=\"og:locale\" content=\"fr_FR\" \/>\n<meta property=\"og:type\" content=\"article\" \/>\n<meta property=\"og:title\" content=\"Les changements climatiques et la politique - CIFAR\" \/>\n<meta property=\"og:description\" content=\"Nous examinons la politique des changements climatiques et ce que fait Daniel Aldana Cohen pour rem\u00e9dier aux goulots d\u2019\u00e9tranglement qui entravent la mise en place de politiques efficaces de lutte contre les changements climatiques \u00e0 travers le monde.\" \/>\n<meta property=\"og:url\" content=\"https:\/\/cifar.ca\/fr\/les-changements-climatiques-et-la-politique\/\" \/>\n<meta property=\"og:site_name\" content=\"CIFAR\" \/>\n<meta property=\"article:modified_time\" content=\"2025-12-17T11:52:24+00:00\" \/>\n<meta property=\"og:image\" content=\"https:\/\/cifar.ca\/wp-content\/uploads\/2023\/10\/AldanaCohen_small.jpg\" \/>\n\t<meta property=\"og:image:width\" content=\"710\" \/>\n\t<meta property=\"og:image:height\" content=\"500\" \/>\n\t<meta property=\"og:image:type\" content=\"image\/jpeg\" \/>\n<meta name=\"twitter:card\" content=\"summary_large_image\" \/>\n<meta name=\"twitter:label1\" content=\"Dur\u00e9e de lecture estim\u00e9e\" \/>\n\t<meta name=\"twitter:data1\" content=\"5 minutes\" \/>\n<script type=\"application\/ld+json\" class=\"yoast-schema-graph\">{\"@context\":\"https:\/\/schema.org\",\"@graph\":[{\"@type\":\"WebPage\",\"@id\":\"https:\/\/cifar.ca\/fr\/les-changements-climatiques-et-la-politique\/\",\"url\":\"https:\/\/cifar.ca\/fr\/les-changements-climatiques-et-la-politique\/\",\"name\":\"Les changements climatiques et la politique - CIFAR\",\"isPartOf\":{\"@id\":\"https:\/\/cifar.ca\/fr\/#website\"},\"primaryImageOfPage\":{\"@id\":\"https:\/\/cifar.ca\/fr\/les-changements-climatiques-et-la-politique\/#primaryimage\"},\"image\":{\"@id\":\"https:\/\/cifar.ca\/fr\/les-changements-climatiques-et-la-politique\/#primaryimage\"},\"thumbnailUrl\":\"https:\/\/cifar.ca\/wp-content\/uploads\/2023\/10\/AldanaCohen_small.jpg\",\"datePublished\":\"2023-10-24T12:22:22+00:00\",\"dateModified\":\"2025-12-17T11:52:24+00:00\",\"description\":\"Nous examinons la politique des changements climatiques et ce que fait Daniel Aldana Cohen pour rem\u00e9dier aux goulots d\u2019\u00e9tranglement qui entravent la mise en place de politiques efficaces de lutte contre les changements climatiques \u00e0 travers le monde.\",\"breadcrumb\":{\"@id\":\"https:\/\/cifar.ca\/fr\/les-changements-climatiques-et-la-politique\/#breadcrumb\"},\"inLanguage\":\"fr-FR\",\"potentialAction\":[{\"@type\":\"ReadAction\",\"target\":[\"https:\/\/cifar.ca\/fr\/les-changements-climatiques-et-la-politique\/\"]}]},{\"@type\":\"ImageObject\",\"inLanguage\":\"fr-FR\",\"@id\":\"https:\/\/cifar.ca\/fr\/les-changements-climatiques-et-la-politique\/#primaryimage\",\"url\":\"https:\/\/cifar.ca\/wp-content\/uploads\/2023\/10\/AldanaCohen_small.jpg\",\"contentUrl\":\"https:\/\/cifar.ca\/wp-content\/uploads\/2023\/10\/AldanaCohen_small.jpg\",\"width\":710,\"height\":500,\"caption\":\"Photo Daniel Aldana Cohen\"},{\"@type\":\"BreadcrumbList\",\"@id\":\"https:\/\/cifar.ca\/fr\/les-changements-climatiques-et-la-politique\/#breadcrumb\",\"itemListElement\":[{\"@type\":\"ListItem\",\"position\":1,\"name\":\"Acceuil\",\"item\":\"https:\/\/cifar.ca\/fr\/\"},{\"@type\":\"ListItem\",\"position\":2,\"name\":\"Les changements climatiques et la politique\"}]},{\"@type\":\"WebSite\",\"@id\":\"https:\/\/cifar.ca\/fr\/#website\",\"url\":\"https:\/\/cifar.ca\/fr\/\",\"name\":\"CIFAR\",\"description\":\"Convoquer des esprits extraordinaires pour r\u00e9pondre aux questions les plus importantes auxquelles la science et l'humanit\u00e9 sont confront\u00e9es.\",\"publisher\":{\"@id\":\"https:\/\/cifar.ca\/fr\/#organization\"},\"potentialAction\":[{\"@type\":\"SearchAction\",\"target\":{\"@type\":\"EntryPoint\",\"urlTemplate\":\"https:\/\/cifar.ca\/fr\/?s={search_term_string}\"},\"query-input\":{\"@type\":\"PropertyValueSpecification\",\"valueRequired\":true,\"valueName\":\"search_term_string\"}}],\"inLanguage\":\"fr-FR\"},{\"@type\":\"Organization\",\"@id\":\"https:\/\/cifar.ca\/fr\/#organization\",\"name\":\"CIFAR\",\"url\":\"https:\/\/cifar.ca\/fr\/\",\"logo\":{\"@type\":\"ImageObject\",\"inLanguage\":\"fr-FR\",\"@id\":\"https:\/\/cifar.ca\/fr\/#\/schema\/logo\/image\/\",\"url\":\"https:\/\/cifar.ca\/wp-content\/uploads\/2020\/01\/cifar-logo-rgb-colour.png\",\"contentUrl\":\"https:\/\/cifar.ca\/wp-content\/uploads\/2020\/01\/cifar-logo-rgb-colour.png\",\"width\":1884,\"height\":681,\"caption\":\"CIFAR\"},\"image\":{\"@id\":\"https:\/\/cifar.ca\/fr\/#\/schema\/logo\/image\/\"}}]}<\/script>\n<!-- \/ Yoast SEO plugin. -->","yoast_head_json":{"title":"CIFAR","description":"Nous examinons la politique des changements climatiques et ce que fait Daniel Aldana Cohen pour rem\u00e9dier aux goulots d\u2019\u00e9tranglement qui entravent la mise en place de politiques efficaces de lutte contre les changements climatiques \u00e0 travers le monde.","robots":{"index":"index","follow":"follow","max-snippet":"max-snippet:-1","max-image-preview":"max-image-preview:large","max-video-preview":"max-video-preview:-1"},"canonical":"https:\/\/cifar.ca\/fr\/les-changements-climatiques-et-la-politique\/","og_locale":"fr_FR","og_type":"article","og_title":"Les changements climatiques et la politique - CIFAR","og_description":"Nous examinons la politique des changements climatiques et ce que fait Daniel Aldana Cohen pour rem\u00e9dier aux goulots d\u2019\u00e9tranglement qui entravent la mise en place de politiques efficaces de lutte contre les changements climatiques \u00e0 travers le monde.","og_url":"https:\/\/cifar.ca\/fr\/les-changements-climatiques-et-la-politique\/","og_site_name":"CIFAR","article_modified_time":"2025-12-17T11:52:24+00:00","og_image":[{"width":710,"height":500,"url":"https:\/\/cifar.ca\/wp-content\/uploads\/2023\/10\/AldanaCohen_small.jpg","type":"image\/jpeg"}],"twitter_card":"summary_large_image","twitter_misc":{"Dur\u00e9e de lecture estim\u00e9e":"5 minutes"},"schema":{"@context":"https:\/\/schema.org","@graph":[{"@type":"WebPage","@id":"https:\/\/cifar.ca\/fr\/les-changements-climatiques-et-la-politique\/","url":"https:\/\/cifar.ca\/fr\/les-changements-climatiques-et-la-politique\/","name":"Les changements climatiques et la politique - CIFAR","isPartOf":{"@id":"https:\/\/cifar.ca\/fr\/#website"},"primaryImageOfPage":{"@id":"https:\/\/cifar.ca\/fr\/les-changements-climatiques-et-la-politique\/#primaryimage"},"image":{"@id":"https:\/\/cifar.ca\/fr\/les-changements-climatiques-et-la-politique\/#primaryimage"},"thumbnailUrl":"https:\/\/cifar.ca\/wp-content\/uploads\/2023\/10\/AldanaCohen_small.jpg","datePublished":"2023-10-24T12:22:22+00:00","dateModified":"2025-12-17T11:52:24+00:00","description":"Nous examinons la politique des changements climatiques et ce que fait Daniel Aldana Cohen pour rem\u00e9dier aux goulots d\u2019\u00e9tranglement qui entravent la mise en place de politiques efficaces de lutte contre les changements climatiques \u00e0 travers le monde.","breadcrumb":{"@id":"https:\/\/cifar.ca\/fr\/les-changements-climatiques-et-la-politique\/#breadcrumb"},"inLanguage":"fr-FR","potentialAction":[{"@type":"ReadAction","target":["https:\/\/cifar.ca\/fr\/les-changements-climatiques-et-la-politique\/"]}]},{"@type":"ImageObject","inLanguage":"fr-FR","@id":"https:\/\/cifar.ca\/fr\/les-changements-climatiques-et-la-politique\/#primaryimage","url":"https:\/\/cifar.ca\/wp-content\/uploads\/2023\/10\/AldanaCohen_small.jpg","contentUrl":"https:\/\/cifar.ca\/wp-content\/uploads\/2023\/10\/AldanaCohen_small.jpg","width":710,"height":500,"caption":"Photo Daniel Aldana Cohen"},{"@type":"BreadcrumbList","@id":"https:\/\/cifar.ca\/fr\/les-changements-climatiques-et-la-politique\/#breadcrumb","itemListElement":[{"@type":"ListItem","position":1,"name":"Acceuil","item":"https:\/\/cifar.ca\/fr\/"},{"@type":"ListItem","position":2,"name":"Les changements climatiques et la politique"}]},{"@type":"WebSite","@id":"https:\/\/cifar.ca\/fr\/#website","url":"https:\/\/cifar.ca\/fr\/","name":"CIFAR","description":"Convoquer des esprits extraordinaires pour r\u00e9pondre aux questions les plus importantes auxquelles la science et l'humanit\u00e9 sont confront\u00e9es.","publisher":{"@id":"https:\/\/cifar.ca\/fr\/#organization"},"potentialAction":[{"@type":"SearchAction","target":{"@type":"EntryPoint","urlTemplate":"https:\/\/cifar.ca\/fr\/?s={search_term_string}"},"query-input":{"@type":"PropertyValueSpecification","valueRequired":true,"valueName":"search_term_string"}}],"inLanguage":"fr-FR"},{"@type":"Organization","@id":"https:\/\/cifar.ca\/fr\/#organization","name":"CIFAR","url":"https:\/\/cifar.ca\/fr\/","logo":{"@type":"ImageObject","inLanguage":"fr-FR","@id":"https:\/\/cifar.ca\/fr\/#\/schema\/logo\/image\/","url":"https:\/\/cifar.ca\/wp-content\/uploads\/2020\/01\/cifar-logo-rgb-colour.png","contentUrl":"https:\/\/cifar.ca\/wp-content\/uploads\/2020\/01\/cifar-logo-rgb-colour.png","width":1884,"height":681,"caption":"CIFAR"},"image":{"@id":"https:\/\/cifar.ca\/fr\/#\/schema\/logo\/image\/"}}]}},"_links":{"self":[{"href":"https:\/\/cifar.ca\/fr\/wp-json\/wp\/v2\/pages\/57123","targetHints":{"allow":["GET"]}}],"collection":[{"href":"https:\/\/cifar.ca\/fr\/wp-json\/wp\/v2\/pages"}],"about":[{"href":"https:\/\/cifar.ca\/fr\/wp-json\/wp\/v2\/types\/page"}],"author":[{"embeddable":true,"href":"https:\/\/cifar.ca\/fr\/wp-json\/wp\/v2\/users\/65"}],"replies":[{"embeddable":true,"href":"https:\/\/cifar.ca\/fr\/wp-json\/wp\/v2\/comments?post=57123"}],"version-history":[{"count":0,"href":"https:\/\/cifar.ca\/fr\/wp-json\/wp\/v2\/pages\/57123\/revisions"}],"wp:featuredmedia":[{"embeddable":true,"href":"https:\/\/cifar.ca\/fr\/wp-json\/wp\/v2\/media\/56908"}],"wp:attachment":[{"href":"https:\/\/cifar.ca\/fr\/wp-json\/wp\/v2\/media?parent=57123"}],"curies":[{"name":"wp","href":"https:\/\/api.w.org\/{rel}","templated":true}]}}