{"id":57839,"date":"2024-02-15T09:33:30","date_gmt":"2024-02-15T14:33:30","guid":{"rendered":"https:\/\/cifar.ca\/?page_id=57839"},"modified":"2024-03-10T19:06:48","modified_gmt":"2024-03-10T23:06:48","slug":"conversation-grace","status":"publish","type":"page","link":"https:\/\/cifar.ca\/fr\/conversation-grace\/","title":{"rendered":"Les femmes en recherche : Entretien avec Grace Adeniyi-Ogunyankin du CIFAR"},"content":{"rendered":"\n<h1>\n\t\tLes femmes en recherche : Entretien avec Grace Adeniyi-Ogunyankin du CIFAR\n\t<\/h1>\n\tPar : <strong>Liz Do<\/strong><br \/>\n15 f\u00e9vrier 2024\n<h3>\n\t\tGrace Adeniyi-Ogunyankin fait partie d&rsquo;un panel dynamique de chercheuses qui parleront de leur parcours universitaire et des d\u00e9fis \u00e0 relever \u00e0 la prochaine Conf\u00e9rence du CIFAR, le 28 f\u00e9vrier\n\t<\/h3>\n\t<p>En r\u00e9fl\u00e9chissant \u00e0 sa carri\u00e8re universitaire,<a href=\"https:\/\/cifar.ca\/fr\/biographie\/grace-adeniyi-ogunyankin\/\"> Grace Adeniyi-Ogunyankin<\/a> dit qu&rsquo;elle n&rsquo;a pas eu l&rsquo;impression d&rsquo;avoir b\u00e9n\u00e9fici\u00e9 d&rsquo;un mentorat ad\u00e9quat.<\/p>\n<p>\u00ab\u2009Voil\u00e0 pourquoi je suis plus sensible \u00e0 mon r\u00f4le de mentor\u2009\u00bb, explique Adeniyi-Ogunyankin, membre du programme<a href=\"https:\/\/cifar.ca\/fr\/programmes-de-recherche\/avenir-urbain-de-lhumanite\/\"> Avenir urbain de l&rsquo;humanit\u00e9<\/a> du CIFAR et professeure agr\u00e9g\u00e9e \u00e0 l&rsquo;Universit\u00e9 Queen&rsquo;s.<\/p>\n<p>De plus, elle est d\u00e9termin\u00e9e \u00e0 participer \u00e0 des initiatives et \u00e0 des \u00e9v\u00e9nements qui mettent en lumi\u00e8re les questions intersectionnelles au sein de la communaut\u00e9 de recherche, ce qui lui donne l&rsquo;occasion de parler de ses exp\u00e9riences et de son engagement en faveur du f\u00e9minisme.<\/p>\n\t<strong>Conf\u00e9rence du CIFAR : Les femmes en recherche<\/strong>\n<h6 id=\"tw-target-text\" dir=\"ltr\" data-placeholder=\"Translation\" data-ved=\"2ahUKEwio9P_n5uqEAxWSlokEHcb8CEcQ3ewLegQIBRAU\">REGARDEZ MAINTENANT sur YouTube.<br \/>\nCliquez sur le lien ci-dessous.<\/h6>\n   <!-- Mandeep add class on anchor -->\n\t<a href=\"https:\/\/www.youtube.com\/watch?v=1nwpk4fjXVk\" target=\"_self\" rel=\"noopener\">\n\t\t\t\tREGARDEZ MAINTENANT\n\t\t\t<\/a>\n\t\t\t\t<img loading=\"lazy\" decoding=\"async\" src=\"https:\/\/cifar.ca\/wp-content\/uploads\/2024\/01\/Grace-Banners.png\" alt=\"Grace - Banners\" itemprop=\"image\" height=\"2779\" width=\"4846\" title=\"Grace - Banners\" onerror=\"this.style.display='none'\"  \/>\t\t\t\t\t\n\t<p>\u00c0 l&rsquo;approche de la<a href=\"https:\/\/cifar.ca\/fr\/evenements\/les-femmes-en-recherche\/\"> Conf\u00e9rence du CIFAR : Les femmes en recherche<\/a>, qui se tiendra le 28 f\u00e9vrier, Adeniyi-Ogunyankin &#8211; dont les recherches portent sur l&rsquo;identit\u00e9, la race, le capitalisme et la colonialit\u00e9 &#8211; s&rsquo;est entretenue avec le CIFAR au sujet de son travail et des raisons pour lesquelles il est important pour elle de participer \u00e0 cet \u00e9v\u00e9nement.<\/p>\n<p><b>CIFAR :<\/b> Votre travail examine comment l&rsquo;avenir urbain africain est d\u00e9peint dans la culture populaire et imagin\u00e9 par les populations urbaines, les personnes \u00e9lues et les responsables des politiques. Qu&rsquo;est-ce qui a suscit\u00e9 votre int\u00e9r\u00eat pour le domaine?<\/p>\n<p><b>Adeniyi-Ogunyankin :<\/b> Apr\u00e8s la crise financi\u00e8re mondiale de 2008, le capitalisme \u00e9tait sans doute \u00e0 la recherche de sa prochaine cible. Et g\u00e9ographiquement, l&rsquo;Afrique faisait partie des options. Tout d&rsquo;un coup, les entreprises ont commenc\u00e9 \u00e0 parler de l&rsquo;Afrique comme de la prochaine destination pour les opportunit\u00e9s d&rsquo;investissement.<\/p>\n<p>Je me suis donc pench\u00e9e sur la mani\u00e8re dont les personnes \u00e9lues et les responsables des politiques envisagent l&rsquo;avenir de l&rsquo;Afrique, en particulier dans le contexte du Nigeria, mon pays de naissance. Je souhaite savoir comment les personnes \u00e9lues imaginent l&rsquo;avenir urbain. Et quels sont les exercices auxquels ces personnes se livrent, notamment dans l&rsquo;espoir de susciter des investissements, afin de d\u00e9finir une vision particuli\u00e8re de l&rsquo;avenir urbain? Comment la population, en particulier les jeunes, r\u00e9agit-elle aux changements qui se passent?<\/p>\n<p><b>CIFAR :<\/b> Parlez-moi de votre parcours de recherche, depuis l&rsquo;\u00e9tincelle initiale jusqu&rsquo;\u00e0 aujourd&rsquo;hui &#8211; quelles r\u00e9alisations vous procurent le plus de fiert\u00e9? Quels sont les d\u00e9fis que vous avez rencontr\u00e9s en cours de route?<\/p>\n<p><b>Adeniyi-Ogunyankin :<\/b> Je dirais que mon parcours de recherche a compt\u00e9 bien des d\u00e9fis vu le type de travail que j&rsquo;ai d\u00fb accomplir, surtout quand je pense aux personnes qui ont particip\u00e9 \u00e0 mes recherches.<\/p>\n<p>D&rsquo;une part, je suis une universitaire \u00e9tablie en Am\u00e9rique du Nord. Mon avenir financier est vraisemblablement assur\u00e9. D&rsquo;autre part, je vois que la vie de certaines des personnes qui prennent part \u00e0 mes recherches n&rsquo;a pas chang\u00e9 &#8211; c&rsquo;est un aspect difficile lorsqu&rsquo;on r\u00e9alise des recherches dans certains domaines. Mais il est aussi gratifiant de tisser des liens avec ces personnes et d&rsquo;\u00eatre en mesure de faire un portrait plus diversifi\u00e9 des populations et des villes africaines.<\/p>\n<p><b>CIFAR<\/b> : Le 28 f\u00e9vrier, vous ferez partie des pan\u00e9listes de la<a href=\"https:\/\/cifar.ca\/fr\/evenements\/les-femmes-en-recherche\/\"> Conf\u00e9rence du CIFAR : Les femmes en recherche<\/a>. Pourquoi avez-vous d\u00e9cid\u00e9 d&rsquo;y participer?<\/p>\n<p><b>Adeniyi-Ogunyankin :<\/b> Je voulais participer pour partager mes exp\u00e9riences en tant que f\u00e9ministe et personne qui r\u00e9fl\u00e9chit \u00e0 l&rsquo;intersectionnalit\u00e9 . Je veux partager mes points de vue et les d\u00e9fis auxquels je suis confront\u00e9e \u00e0 titre de chercheuse et professeure, en particulier en ce qui concerne ma situation sociale en tant que femme et m\u00e8re noire et africaine.<\/p>\n<p><b>CIFAR :<\/b> Vous \u00eates \u00e9galement membre de la communaut\u00e9 des ambassadeurs de l&rsquo;EDI en recherche du CIFAR (REDIAC) qui soutient l&rsquo;avancement de l&rsquo;\u00e9quit\u00e9, de la diversit\u00e9 et de l&rsquo;inclusion (EDI) au sein de la communaut\u00e9 de recherche du CIFAR. Pourquoi est-ce important pour vous de participer \u00e0 cette initiative?<\/p>\n<p><b>Adeniyi-Ogunyankin :<\/b> Je pense qu&rsquo;il est important de faire partie de ces comit\u00e9s, car il y a toujours le risque que l&rsquo;EDI s&rsquo;affaiblisse dans les \u00e9tablissements. Quand il s&rsquo;agit de la communaut\u00e9 de recherche, le processus de recherche est rarement neutre &#8211; il est donc essentiel d&rsquo;introduire l&rsquo;EDI et d&rsquo;inciter les scientifiques \u00e0 s&rsquo;engager autant que possible dans une d\u00e9marche de r\u00e9flexion. Je veux pouvoir faire valoir mes origines, en tant que f\u00e9ministe et en tant que personne engag\u00e9e dans la lutte antiraciste et anticoloniale, ainsi que dans la remise en question de la colonialit\u00e9. Il est important pour moi de continuer \u00e0 contribuer &#8211; et \u00e0 apprendre.<\/p>\n<p><b>CIFAR :<\/b> Qui ont \u00e9t\u00e9 vos mentors ou vos mod\u00e8les dans votre trajectoire de recherche?<\/p>\n<p>J&rsquo;ai souvent eu l&rsquo;impression de ne pas avoir b\u00e9n\u00e9fici\u00e9 d&rsquo;un mentorat ad\u00e9quat. Voil\u00e0 pourquoi je suis plus sensible \u00e0 mon r\u00f4le de mentor.<\/p>\n<p><b>Adeniyi-Ogunyankin :<\/b> J&rsquo;ai particip\u00e9 \u00e0 bon nombre de relations de comentorat, mais avec des coll\u00e8gues de mon universit\u00e9 et d&rsquo;autres universit\u00e9s au Canada et aux \u00c9tats-Unis &#8211; nous nous soutenons mutuellement parce que le milieu universitaire est un espace difficile pour nous en tant que femmes de couleur. Je pense que le mentorat est d&rsquo;une incroyable importance pour la prochaine g\u00e9n\u00e9ration, et je crois aussi profond\u00e9ment au comentorat.<\/p>\n\n","protected":false},"excerpt":{"rendered":"<p>D\u00e9couvrez comment David Rolnick met \u00e0 profit l\u2019IA pour acc\u00e9l\u00e9rer les d\u00e9couvertes susceptibles de contribuer \u00e0 la lutte contre les changements climatiques.<\/p>\n","protected":false},"author":67,"featured_media":57457,"parent":0,"menu_order":0,"comment_status":"closed","ping_status":"closed","template":"","meta":{"_acf_changed":false,"footnotes":""},"class_list":["post-57839","page","type-page","status-publish","has-post-thumbnail","hentry"],"acf":[],"yoast_head":"<!-- This site is optimized with the Yoast SEO plugin v27.2 - https:\/\/yoast.com\/product\/yoast-seo-wordpress\/ -->\n<title>CIFAR<\/title>\n<meta name=\"robots\" content=\"index, follow, max-snippet:-1, max-image-preview:large, max-video-preview:-1\" \/>\n<link rel=\"canonical\" href=\"https:\/\/cifar.ca\/fr\/conversation-grace\/\" \/>\n<meta property=\"og:locale\" content=\"fr_FR\" \/>\n<meta property=\"og:type\" content=\"article\" \/>\n<meta property=\"og:title\" content=\"Les femmes en recherche : Entretien avec Grace Adeniyi-Ogunyankin du CIFAR - CIFAR\" \/>\n<meta property=\"og:description\" content=\"D\u00e9couvrez comment David Rolnick met \u00e0 profit l\u2019IA pour acc\u00e9l\u00e9rer les d\u00e9couvertes susceptibles de contribuer \u00e0 la lutte contre les changements climatiques.\" \/>\n<meta property=\"og:url\" content=\"https:\/\/cifar.ca\/fr\/conversation-grace\/\" \/>\n<meta property=\"og:site_name\" content=\"CIFAR\" \/>\n<meta property=\"article:modified_time\" content=\"2024-03-10T23:06:48+00:00\" \/>\n<meta property=\"og:image\" content=\"https:\/\/cifar.ca\/wp-content\/uploads\/2023\/12\/Grace-Adeniyi-Ogunyankin_square.jpg\" \/>\n\t<meta property=\"og:image:width\" content=\"400\" \/>\n\t<meta property=\"og:image:height\" content=\"400\" \/>\n\t<meta property=\"og:image:type\" content=\"image\/jpeg\" \/>\n<meta name=\"twitter:card\" content=\"summary_large_image\" \/>\n<meta name=\"twitter:label1\" content=\"Dur\u00e9e de lecture estim\u00e9e\" \/>\n\t<meta name=\"twitter:data1\" content=\"4 minutes\" \/>\n<script type=\"application\/ld+json\" class=\"yoast-schema-graph\">{\"@context\":\"https:\/\/schema.org\",\"@graph\":[{\"@type\":\"WebPage\",\"@id\":\"https:\/\/cifar.ca\/fr\/conversation-grace\/\",\"url\":\"https:\/\/cifar.ca\/fr\/conversation-grace\/\",\"name\":\"Les femmes en recherche : Entretien avec Grace Adeniyi-Ogunyankin du CIFAR - CIFAR\",\"isPartOf\":{\"@id\":\"https:\/\/cifar.ca\/fr\/#website\"},\"primaryImageOfPage\":{\"@id\":\"https:\/\/cifar.ca\/fr\/conversation-grace\/#primaryimage\"},\"image\":{\"@id\":\"https:\/\/cifar.ca\/fr\/conversation-grace\/#primaryimage\"},\"thumbnailUrl\":\"https:\/\/cifar.ca\/wp-content\/uploads\/2023\/12\/Grace-Adeniyi-Ogunyankin_square.jpg\",\"datePublished\":\"2024-02-15T14:33:30+00:00\",\"dateModified\":\"2024-03-10T23:06:48+00:00\",\"breadcrumb\":{\"@id\":\"https:\/\/cifar.ca\/fr\/conversation-grace\/#breadcrumb\"},\"inLanguage\":\"fr-FR\",\"potentialAction\":[{\"@type\":\"ReadAction\",\"target\":[\"https:\/\/cifar.ca\/fr\/conversation-grace\/\"]}]},{\"@type\":\"ImageObject\",\"inLanguage\":\"fr-FR\",\"@id\":\"https:\/\/cifar.ca\/fr\/conversation-grace\/#primaryimage\",\"url\":\"https:\/\/cifar.ca\/wp-content\/uploads\/2023\/12\/Grace-Adeniyi-Ogunyankin_square.jpg\",\"contentUrl\":\"https:\/\/cifar.ca\/wp-content\/uploads\/2023\/12\/Grace-Adeniyi-Ogunyankin_square.jpg\",\"width\":400,\"height\":400},{\"@type\":\"BreadcrumbList\",\"@id\":\"https:\/\/cifar.ca\/fr\/conversation-grace\/#breadcrumb\",\"itemListElement\":[{\"@type\":\"ListItem\",\"position\":1,\"name\":\"Acceuil\",\"item\":\"https:\/\/cifar.ca\/fr\/\"},{\"@type\":\"ListItem\",\"position\":2,\"name\":\"Les femmes en recherche : Entretien avec Grace Adeniyi-Ogunyankin du CIFAR\"}]},{\"@type\":\"WebSite\",\"@id\":\"https:\/\/cifar.ca\/fr\/#website\",\"url\":\"https:\/\/cifar.ca\/fr\/\",\"name\":\"CIFAR\",\"description\":\"Convoquer des esprits extraordinaires pour r\u00e9pondre aux questions les plus importantes auxquelles la science et l'humanit\u00e9 sont confront\u00e9es.\",\"publisher\":{\"@id\":\"https:\/\/cifar.ca\/fr\/#organization\"},\"potentialAction\":[{\"@type\":\"SearchAction\",\"target\":{\"@type\":\"EntryPoint\",\"urlTemplate\":\"https:\/\/cifar.ca\/fr\/?s={search_term_string}\"},\"query-input\":{\"@type\":\"PropertyValueSpecification\",\"valueRequired\":true,\"valueName\":\"search_term_string\"}}],\"inLanguage\":\"fr-FR\"},{\"@type\":\"Organization\",\"@id\":\"https:\/\/cifar.ca\/fr\/#organization\",\"name\":\"CIFAR\",\"url\":\"https:\/\/cifar.ca\/fr\/\",\"logo\":{\"@type\":\"ImageObject\",\"inLanguage\":\"fr-FR\",\"@id\":\"https:\/\/cifar.ca\/fr\/#\/schema\/logo\/image\/\",\"url\":\"https:\/\/cifar.ca\/wp-content\/uploads\/2020\/01\/cifar-logo-rgb-colour.png\",\"contentUrl\":\"https:\/\/cifar.ca\/wp-content\/uploads\/2020\/01\/cifar-logo-rgb-colour.png\",\"width\":1884,\"height\":681,\"caption\":\"CIFAR\"},\"image\":{\"@id\":\"https:\/\/cifar.ca\/fr\/#\/schema\/logo\/image\/\"}}]}<\/script>\n<!-- \/ Yoast SEO plugin. -->","yoast_head_json":{"title":"CIFAR","robots":{"index":"index","follow":"follow","max-snippet":"max-snippet:-1","max-image-preview":"max-image-preview:large","max-video-preview":"max-video-preview:-1"},"canonical":"https:\/\/cifar.ca\/fr\/conversation-grace\/","og_locale":"fr_FR","og_type":"article","og_title":"Les femmes en recherche : Entretien avec Grace Adeniyi-Ogunyankin du CIFAR - CIFAR","og_description":"D\u00e9couvrez comment David Rolnick met \u00e0 profit l\u2019IA pour acc\u00e9l\u00e9rer les d\u00e9couvertes susceptibles de contribuer \u00e0 la lutte contre les changements climatiques.","og_url":"https:\/\/cifar.ca\/fr\/conversation-grace\/","og_site_name":"CIFAR","article_modified_time":"2024-03-10T23:06:48+00:00","og_image":[{"width":400,"height":400,"url":"https:\/\/cifar.ca\/wp-content\/uploads\/2023\/12\/Grace-Adeniyi-Ogunyankin_square.jpg","type":"image\/jpeg"}],"twitter_card":"summary_large_image","twitter_misc":{"Dur\u00e9e de lecture estim\u00e9e":"4 minutes"},"schema":{"@context":"https:\/\/schema.org","@graph":[{"@type":"WebPage","@id":"https:\/\/cifar.ca\/fr\/conversation-grace\/","url":"https:\/\/cifar.ca\/fr\/conversation-grace\/","name":"Les femmes en recherche : Entretien avec Grace Adeniyi-Ogunyankin du CIFAR - CIFAR","isPartOf":{"@id":"https:\/\/cifar.ca\/fr\/#website"},"primaryImageOfPage":{"@id":"https:\/\/cifar.ca\/fr\/conversation-grace\/#primaryimage"},"image":{"@id":"https:\/\/cifar.ca\/fr\/conversation-grace\/#primaryimage"},"thumbnailUrl":"https:\/\/cifar.ca\/wp-content\/uploads\/2023\/12\/Grace-Adeniyi-Ogunyankin_square.jpg","datePublished":"2024-02-15T14:33:30+00:00","dateModified":"2024-03-10T23:06:48+00:00","breadcrumb":{"@id":"https:\/\/cifar.ca\/fr\/conversation-grace\/#breadcrumb"},"inLanguage":"fr-FR","potentialAction":[{"@type":"ReadAction","target":["https:\/\/cifar.ca\/fr\/conversation-grace\/"]}]},{"@type":"ImageObject","inLanguage":"fr-FR","@id":"https:\/\/cifar.ca\/fr\/conversation-grace\/#primaryimage","url":"https:\/\/cifar.ca\/wp-content\/uploads\/2023\/12\/Grace-Adeniyi-Ogunyankin_square.jpg","contentUrl":"https:\/\/cifar.ca\/wp-content\/uploads\/2023\/12\/Grace-Adeniyi-Ogunyankin_square.jpg","width":400,"height":400},{"@type":"BreadcrumbList","@id":"https:\/\/cifar.ca\/fr\/conversation-grace\/#breadcrumb","itemListElement":[{"@type":"ListItem","position":1,"name":"Acceuil","item":"https:\/\/cifar.ca\/fr\/"},{"@type":"ListItem","position":2,"name":"Les femmes en recherche : Entretien avec Grace Adeniyi-Ogunyankin du CIFAR"}]},{"@type":"WebSite","@id":"https:\/\/cifar.ca\/fr\/#website","url":"https:\/\/cifar.ca\/fr\/","name":"CIFAR","description":"Convoquer des esprits extraordinaires pour r\u00e9pondre aux questions les plus importantes auxquelles la science et l'humanit\u00e9 sont confront\u00e9es.","publisher":{"@id":"https:\/\/cifar.ca\/fr\/#organization"},"potentialAction":[{"@type":"SearchAction","target":{"@type":"EntryPoint","urlTemplate":"https:\/\/cifar.ca\/fr\/?s={search_term_string}"},"query-input":{"@type":"PropertyValueSpecification","valueRequired":true,"valueName":"search_term_string"}}],"inLanguage":"fr-FR"},{"@type":"Organization","@id":"https:\/\/cifar.ca\/fr\/#organization","name":"CIFAR","url":"https:\/\/cifar.ca\/fr\/","logo":{"@type":"ImageObject","inLanguage":"fr-FR","@id":"https:\/\/cifar.ca\/fr\/#\/schema\/logo\/image\/","url":"https:\/\/cifar.ca\/wp-content\/uploads\/2020\/01\/cifar-logo-rgb-colour.png","contentUrl":"https:\/\/cifar.ca\/wp-content\/uploads\/2020\/01\/cifar-logo-rgb-colour.png","width":1884,"height":681,"caption":"CIFAR"},"image":{"@id":"https:\/\/cifar.ca\/fr\/#\/schema\/logo\/image\/"}}]}},"_links":{"self":[{"href":"https:\/\/cifar.ca\/fr\/wp-json\/wp\/v2\/pages\/57839","targetHints":{"allow":["GET"]}}],"collection":[{"href":"https:\/\/cifar.ca\/fr\/wp-json\/wp\/v2\/pages"}],"about":[{"href":"https:\/\/cifar.ca\/fr\/wp-json\/wp\/v2\/types\/page"}],"author":[{"embeddable":true,"href":"https:\/\/cifar.ca\/fr\/wp-json\/wp\/v2\/users\/67"}],"replies":[{"embeddable":true,"href":"https:\/\/cifar.ca\/fr\/wp-json\/wp\/v2\/comments?post=57839"}],"version-history":[{"count":0,"href":"https:\/\/cifar.ca\/fr\/wp-json\/wp\/v2\/pages\/57839\/revisions"}],"wp:featuredmedia":[{"embeddable":true,"href":"https:\/\/cifar.ca\/fr\/wp-json\/wp\/v2\/media\/57457"}],"wp:attachment":[{"href":"https:\/\/cifar.ca\/fr\/wp-json\/wp\/v2\/media?parent=57839"}],"curies":[{"name":"wp","href":"https:\/\/api.w.org\/{rel}","templated":true}]}}