{"id":57886,"date":"2024-02-27T09:58:38","date_gmt":"2024-02-27T14:58:38","guid":{"rendered":"https:\/\/cifar.ca\/?page_id=57886"},"modified":"2025-12-17T06:47:08","modified_gmt":"2025-12-17T11:47:08","slug":"declaration-du-cifar-sur-la-neutralite-institutionnelle","status":"publish","type":"page","link":"https:\/\/cifar.ca\/fr\/declaration-du-cifar-sur-la-neutralite-institutionnelle\/","title":{"rendered":"D\u00e9claration du CIFAR sur la neutralit\u00e9 institutionnelle"},"content":{"rendered":"\r\n\r\n\t\t\t<h2>\r\n\t\t\tSuivez-nous\t\t<\/h2>\r\n\t\t<button class='connect square balloon white-transparent facebook left' data-url='https:\/\/www.facebook.com\/CIFAR\/' aria-haspopup=\"false\"   aria-label='Suis nous surFaceBook' data-balloon-pos='right'>\r\n\t\t\tFaceBook\r\n\t\t<\/button>\r\n\t\t<button class='connect square balloon white-transparent twitter' data-url='https:\/\/twitter.com\/nouvelles_CIFAR' aria-haspopup=\"false\"   aria-label='Suis nous surTwitter' data-balloon-pos='right'>\r\n\t\t\tTwitter\r\n\t\t<\/button>\r\n\t\t<button class='connect square balloon white-transparent youtube left' data-url='https:\/\/www.youtube.com\/channel\/UCZj1nnTIiutUjEg-22e8UTA' aria-haspopup=\"false\"   aria-label='Suis nous surYouTube' data-balloon-pos='right'>\r\n\t\t\tYouTube\r\n\t\t<\/button>\r\n\t\t<button class='connect square balloon white-transparent linkedin' data-url='https:\/\/ca.linkedin.com\/company\/canadian-institute-for-advanced-research' aria-haspopup=\"false\"   aria-label='Suis nous surLinkedIn' data-balloon-pos='right'>\r\n\t\t\tLinkedIn\r\n\t\t<\/button>\r\n\t\t<button class='connect square balloon white-transparent instagram left' data-url='https:\/\/www.instagram.com\/cifar.ca_fr\/' aria-haspopup=\"false\"   aria-label='Suis nous surInstagram' data-balloon-pos='right'>\r\n\t\t\tInstagram\r\n\t\t<\/button>\r\n<h1>\r\n\t\tD\u00e9claration du CIFAR sur la neutralit\u00e9 institutionnelle\r\n\t<\/h1>\r\n\t<p><strong>F\u00e9vrier 2024<\/strong><\/p>\r\n<h2>La d\u00e9claration qui suit d\u00e9crit l&rsquo;approche du CIFAR en mati\u00e8re de prise de position \u00e0 l&rsquo;\u00e9gard d&rsquo;actions politiques ou sociales ou d&rsquo;\u00e9v\u00e9nements mondiaux particuliers.<\/h2>\r\n<p>L&rsquo;Institut canadien de recherches avanc\u00e9es (CIFAR) est un organisme de recherche mondial fi\u00e8rement bas\u00e9 au Canada.<\/p>\r\n<p>Le CIFAR encourage la collaboration par-del\u00e0 les disciplines et les fronti\u00e8res. Les initiatives internationales particuli\u00e8res que nous entreprenons sont motiv\u00e9es par les activit\u00e9s intellectuelles ou scientifiques de notre communaut\u00e9 de recherche diversifi\u00e9e. Le CIFAR collabore avec les plus brillants cerveaux du monde, car il attache de l&rsquo;importance \u00e0 la richesse, \u00e0 la diversit\u00e9 et \u00e0 la cr\u00e9ativit\u00e9 d&rsquo;une communaut\u00e9 de recherche mondiale. Au c\u0153ur du travail du CIFAR se trouve un engagement en faveur de la libert\u00e9 universitaire, c&rsquo;est-\u00e0-dire la libert\u00e9 de diffuser des connaissances, de collaborer, d&rsquo;enseigner, d&rsquo;apprendre et de d\u00e9couvrir sans entrave.<\/p>\r\n<p>Le CIFAR maintiendra toujours sa neutralit\u00e9 par rapport \u00e0 des actions politiques ou sociales ou \u00e0 des \u00e9v\u00e9nements mondiaux particuliers. Afin de remplir sa mission avec succ\u00e8s, le CIFAR continuera \u00e0 soutenir un environnement qui valorise la libert\u00e9 de recherche intellectuelle. Nous accueillerons et encouragerons la diversit\u00e9 de pens\u00e9e, d&rsquo;opinion, de croyance et de discussion. Les seules circonstances o\u00f9 le CIFAR pourrait choisir de prendre position en tant qu&rsquo;organisation sont celles o\u00f9 les politiques des organismes subventionnaires entravent la mission du CIFAR.<\/p>\r\n<p>Chaque membre de la communaut\u00e9 du CIFAR pourrait choisir d&rsquo;exprimer son point de vue, en priv\u00e9 ou en public, sur les \u00e9v\u00e9nements mondiaux, l&rsquo;action politique ou sociale. Ces d\u00e9clarations se feront \u00e0 titre personnel et ne repr\u00e9senteront jamais la position du CIFAR en tant qu&rsquo;organisme de bienfaisance.<\/p>\r\n<h2>\r\n\t\tSoutenez-nous\r\n\t<\/h2>\r\n\t<p>L&rsquo;Institut canadien de recherches avanc\u00e9es (CIFAR) est une organisation de recherche d&rsquo;influence mondiale fi\u00e8rement bas\u00e9e au Canada. Nous mobilisons les plus brillants personnes du monde, dans toutes les disciplines et \u00e0 tous les stades de carri\u00e8re, pour faire progresser les connaissances transformatrices et r\u00e9soudre ensemble les plus grands probl\u00e8mes de l&rsquo;humanit\u00e9. Nous recevons l&rsquo;appui des gouvernements du Canada, de l&rsquo;Alberta et du Qu\u00e9bec, ainsi que de fondations, de particuliers, d&rsquo;entreprises et d&rsquo;organisations partenaires du Canada et du monde entier.<\/p>\r\n   <!-- Mandeep add class on anchor -->\r\n\t<a href=\"https:\/\/cifar.ca\/fr\/dons\/\" target=\"_self\" rel=\"noopener\">\r\n\t\t\t\t\tDons\t\t\t\t\t\t\t\r\n\t\t\t\t\t\t<\/a>\r\n\r\n","protected":false},"excerpt":{"rendered":"<p>La d\u00e9claration qui suit d\u00e9crit l\u2019approche du CIFAR en mati\u00e8re de prise de position \u00e0 l\u2019\u00e9gard d\u2019actions politiques ou sociales ou d\u2019\u00e9v\u00e9nements mondiaux particuliers.<\/p>\n","protected":false},"author":65,"featured_media":38385,"parent":0,"menu_order":0,"comment_status":"closed","ping_status":"closed","template":"","meta":{"_acf_changed":false,"footnotes":""},"class_list":["post-57886","page","type-page","status-publish","has-post-thumbnail","hentry"],"acf":[],"yoast_head":"<!-- This site is optimized with the Yoast SEO plugin v27.2 - https:\/\/yoast.com\/product\/yoast-seo-wordpress\/ -->\n<title>CIFAR<\/title>\n<meta name=\"description\" content=\"La d\u00e9claration qui suit d\u00e9crit l\u2019approche du CIFAR en mati\u00e8re de prise de position \u00e0 l\u2019\u00e9gard d\u2019actions politiques ou sociales ou d\u2019\u00e9v\u00e9nements mondiaux particuliers.\" \/>\n<meta name=\"robots\" content=\"index, follow, max-snippet:-1, max-image-preview:large, max-video-preview:-1\" \/>\n<link rel=\"canonical\" href=\"https:\/\/cifar.ca\/fr\/declaration-du-cifar-sur-la-neutralite-institutionnelle\/\" \/>\n<meta property=\"og:locale\" content=\"fr_FR\" \/>\n<meta property=\"og:type\" content=\"article\" \/>\n<meta property=\"og:title\" content=\"D\u00e9claration du CIFAR sur la neutralit\u00e9 institutionnelle - CIFAR\" \/>\n<meta property=\"og:description\" content=\"La d\u00e9claration qui suit d\u00e9crit l\u2019approche du CIFAR en mati\u00e8re de prise de position \u00e0 l\u2019\u00e9gard d\u2019actions politiques ou sociales ou d\u2019\u00e9v\u00e9nements mondiaux particuliers.\" \/>\n<meta property=\"og:url\" content=\"https:\/\/cifar.ca\/fr\/declaration-du-cifar-sur-la-neutralite-institutionnelle\/\" \/>\n<meta property=\"og:site_name\" content=\"CIFAR\" \/>\n<meta property=\"article:modified_time\" content=\"2025-12-17T11:47:08+00:00\" \/>\n<meta property=\"og:image\" content=\"https:\/\/cifar.ca\/wp-content\/uploads\/2020\/11\/Circular-pattern-01.png\" \/>\n\t<meta property=\"og:image:width\" content=\"2501\" \/>\n\t<meta property=\"og:image:height\" content=\"2547\" \/>\n\t<meta property=\"og:image:type\" content=\"image\/png\" \/>\n<meta name=\"twitter:card\" content=\"summary_large_image\" \/>\n<meta name=\"twitter:label1\" content=\"Dur\u00e9e de lecture estim\u00e9e\" \/>\n\t<meta name=\"twitter:data1\" content=\"2 minutes\" \/>\n<script type=\"application\/ld+json\" class=\"yoast-schema-graph\">{\"@context\":\"https:\/\/schema.org\",\"@graph\":[{\"@type\":\"WebPage\",\"@id\":\"https:\/\/cifar.ca\/fr\/declaration-du-cifar-sur-la-neutralite-institutionnelle\/\",\"url\":\"https:\/\/cifar.ca\/fr\/declaration-du-cifar-sur-la-neutralite-institutionnelle\/\",\"name\":\"D\u00e9claration du CIFAR sur la neutralit\u00e9 institutionnelle - CIFAR\",\"isPartOf\":{\"@id\":\"https:\/\/cifar.ca\/fr\/#website\"},\"primaryImageOfPage\":{\"@id\":\"https:\/\/cifar.ca\/fr\/declaration-du-cifar-sur-la-neutralite-institutionnelle\/#primaryimage\"},\"image\":{\"@id\":\"https:\/\/cifar.ca\/fr\/declaration-du-cifar-sur-la-neutralite-institutionnelle\/#primaryimage\"},\"thumbnailUrl\":\"https:\/\/cifar.ca\/wp-content\/uploads\/2020\/11\/Circular-pattern-01.png\",\"datePublished\":\"2024-02-27T14:58:38+00:00\",\"dateModified\":\"2025-12-17T11:47:08+00:00\",\"description\":\"La d\u00e9claration qui suit d\u00e9crit l\u2019approche du CIFAR en mati\u00e8re de prise de position \u00e0 l\u2019\u00e9gard d\u2019actions politiques ou sociales ou d\u2019\u00e9v\u00e9nements mondiaux particuliers.\",\"breadcrumb\":{\"@id\":\"https:\/\/cifar.ca\/fr\/declaration-du-cifar-sur-la-neutralite-institutionnelle\/#breadcrumb\"},\"inLanguage\":\"fr-FR\",\"potentialAction\":[{\"@type\":\"ReadAction\",\"target\":[\"https:\/\/cifar.ca\/fr\/declaration-du-cifar-sur-la-neutralite-institutionnelle\/\"]}]},{\"@type\":\"ImageObject\",\"inLanguage\":\"fr-FR\",\"@id\":\"https:\/\/cifar.ca\/fr\/declaration-du-cifar-sur-la-neutralite-institutionnelle\/#primaryimage\",\"url\":\"https:\/\/cifar.ca\/wp-content\/uploads\/2020\/11\/Circular-pattern-01.png\",\"contentUrl\":\"https:\/\/cifar.ca\/wp-content\/uploads\/2020\/11\/Circular-pattern-01.png\",\"width\":2501,\"height\":2547},{\"@type\":\"BreadcrumbList\",\"@id\":\"https:\/\/cifar.ca\/fr\/declaration-du-cifar-sur-la-neutralite-institutionnelle\/#breadcrumb\",\"itemListElement\":[{\"@type\":\"ListItem\",\"position\":1,\"name\":\"Acceuil\",\"item\":\"https:\/\/cifar.ca\/fr\/\"},{\"@type\":\"ListItem\",\"position\":2,\"name\":\"D\u00e9claration du CIFAR sur la neutralit\u00e9 institutionnelle\"}]},{\"@type\":\"WebSite\",\"@id\":\"https:\/\/cifar.ca\/fr\/#website\",\"url\":\"https:\/\/cifar.ca\/fr\/\",\"name\":\"CIFAR\",\"description\":\"Convoquer des esprits extraordinaires pour r\u00e9pondre aux questions les plus importantes auxquelles la science et l'humanit\u00e9 sont confront\u00e9es.\",\"publisher\":{\"@id\":\"https:\/\/cifar.ca\/fr\/#organization\"},\"potentialAction\":[{\"@type\":\"SearchAction\",\"target\":{\"@type\":\"EntryPoint\",\"urlTemplate\":\"https:\/\/cifar.ca\/fr\/?s={search_term_string}\"},\"query-input\":{\"@type\":\"PropertyValueSpecification\",\"valueRequired\":true,\"valueName\":\"search_term_string\"}}],\"inLanguage\":\"fr-FR\"},{\"@type\":\"Organization\",\"@id\":\"https:\/\/cifar.ca\/fr\/#organization\",\"name\":\"CIFAR\",\"url\":\"https:\/\/cifar.ca\/fr\/\",\"logo\":{\"@type\":\"ImageObject\",\"inLanguage\":\"fr-FR\",\"@id\":\"https:\/\/cifar.ca\/fr\/#\/schema\/logo\/image\/\",\"url\":\"https:\/\/cifar.ca\/wp-content\/uploads\/2020\/01\/cifar-logo-rgb-colour.png\",\"contentUrl\":\"https:\/\/cifar.ca\/wp-content\/uploads\/2020\/01\/cifar-logo-rgb-colour.png\",\"width\":1884,\"height\":681,\"caption\":\"CIFAR\"},\"image\":{\"@id\":\"https:\/\/cifar.ca\/fr\/#\/schema\/logo\/image\/\"}}]}<\/script>\n<!-- \/ Yoast SEO plugin. -->","yoast_head_json":{"title":"CIFAR","description":"La d\u00e9claration qui suit d\u00e9crit l\u2019approche du CIFAR en mati\u00e8re de prise de position \u00e0 l\u2019\u00e9gard d\u2019actions politiques ou sociales ou d\u2019\u00e9v\u00e9nements mondiaux particuliers.","robots":{"index":"index","follow":"follow","max-snippet":"max-snippet:-1","max-image-preview":"max-image-preview:large","max-video-preview":"max-video-preview:-1"},"canonical":"https:\/\/cifar.ca\/fr\/declaration-du-cifar-sur-la-neutralite-institutionnelle\/","og_locale":"fr_FR","og_type":"article","og_title":"D\u00e9claration du CIFAR sur la neutralit\u00e9 institutionnelle - CIFAR","og_description":"La d\u00e9claration qui suit d\u00e9crit l\u2019approche du CIFAR en mati\u00e8re de prise de position \u00e0 l\u2019\u00e9gard d\u2019actions politiques ou sociales ou d\u2019\u00e9v\u00e9nements mondiaux particuliers.","og_url":"https:\/\/cifar.ca\/fr\/declaration-du-cifar-sur-la-neutralite-institutionnelle\/","og_site_name":"CIFAR","article_modified_time":"2025-12-17T11:47:08+00:00","og_image":[{"width":2501,"height":2547,"url":"https:\/\/cifar.ca\/wp-content\/uploads\/2020\/11\/Circular-pattern-01.png","type":"image\/png"}],"twitter_card":"summary_large_image","twitter_misc":{"Dur\u00e9e de lecture estim\u00e9e":"2 minutes"},"schema":{"@context":"https:\/\/schema.org","@graph":[{"@type":"WebPage","@id":"https:\/\/cifar.ca\/fr\/declaration-du-cifar-sur-la-neutralite-institutionnelle\/","url":"https:\/\/cifar.ca\/fr\/declaration-du-cifar-sur-la-neutralite-institutionnelle\/","name":"D\u00e9claration du CIFAR sur la neutralit\u00e9 institutionnelle - CIFAR","isPartOf":{"@id":"https:\/\/cifar.ca\/fr\/#website"},"primaryImageOfPage":{"@id":"https:\/\/cifar.ca\/fr\/declaration-du-cifar-sur-la-neutralite-institutionnelle\/#primaryimage"},"image":{"@id":"https:\/\/cifar.ca\/fr\/declaration-du-cifar-sur-la-neutralite-institutionnelle\/#primaryimage"},"thumbnailUrl":"https:\/\/cifar.ca\/wp-content\/uploads\/2020\/11\/Circular-pattern-01.png","datePublished":"2024-02-27T14:58:38+00:00","dateModified":"2025-12-17T11:47:08+00:00","description":"La d\u00e9claration qui suit d\u00e9crit l\u2019approche du CIFAR en mati\u00e8re de prise de position \u00e0 l\u2019\u00e9gard d\u2019actions politiques ou sociales ou d\u2019\u00e9v\u00e9nements mondiaux particuliers.","breadcrumb":{"@id":"https:\/\/cifar.ca\/fr\/declaration-du-cifar-sur-la-neutralite-institutionnelle\/#breadcrumb"},"inLanguage":"fr-FR","potentialAction":[{"@type":"ReadAction","target":["https:\/\/cifar.ca\/fr\/declaration-du-cifar-sur-la-neutralite-institutionnelle\/"]}]},{"@type":"ImageObject","inLanguage":"fr-FR","@id":"https:\/\/cifar.ca\/fr\/declaration-du-cifar-sur-la-neutralite-institutionnelle\/#primaryimage","url":"https:\/\/cifar.ca\/wp-content\/uploads\/2020\/11\/Circular-pattern-01.png","contentUrl":"https:\/\/cifar.ca\/wp-content\/uploads\/2020\/11\/Circular-pattern-01.png","width":2501,"height":2547},{"@type":"BreadcrumbList","@id":"https:\/\/cifar.ca\/fr\/declaration-du-cifar-sur-la-neutralite-institutionnelle\/#breadcrumb","itemListElement":[{"@type":"ListItem","position":1,"name":"Acceuil","item":"https:\/\/cifar.ca\/fr\/"},{"@type":"ListItem","position":2,"name":"D\u00e9claration du CIFAR sur la neutralit\u00e9 institutionnelle"}]},{"@type":"WebSite","@id":"https:\/\/cifar.ca\/fr\/#website","url":"https:\/\/cifar.ca\/fr\/","name":"CIFAR","description":"Convoquer des esprits extraordinaires pour r\u00e9pondre aux questions les plus importantes auxquelles la science et l'humanit\u00e9 sont confront\u00e9es.","publisher":{"@id":"https:\/\/cifar.ca\/fr\/#organization"},"potentialAction":[{"@type":"SearchAction","target":{"@type":"EntryPoint","urlTemplate":"https:\/\/cifar.ca\/fr\/?s={search_term_string}"},"query-input":{"@type":"PropertyValueSpecification","valueRequired":true,"valueName":"search_term_string"}}],"inLanguage":"fr-FR"},{"@type":"Organization","@id":"https:\/\/cifar.ca\/fr\/#organization","name":"CIFAR","url":"https:\/\/cifar.ca\/fr\/","logo":{"@type":"ImageObject","inLanguage":"fr-FR","@id":"https:\/\/cifar.ca\/fr\/#\/schema\/logo\/image\/","url":"https:\/\/cifar.ca\/wp-content\/uploads\/2020\/01\/cifar-logo-rgb-colour.png","contentUrl":"https:\/\/cifar.ca\/wp-content\/uploads\/2020\/01\/cifar-logo-rgb-colour.png","width":1884,"height":681,"caption":"CIFAR"},"image":{"@id":"https:\/\/cifar.ca\/fr\/#\/schema\/logo\/image\/"}}]}},"_links":{"self":[{"href":"https:\/\/cifar.ca\/fr\/wp-json\/wp\/v2\/pages\/57886","targetHints":{"allow":["GET"]}}],"collection":[{"href":"https:\/\/cifar.ca\/fr\/wp-json\/wp\/v2\/pages"}],"about":[{"href":"https:\/\/cifar.ca\/fr\/wp-json\/wp\/v2\/types\/page"}],"author":[{"embeddable":true,"href":"https:\/\/cifar.ca\/fr\/wp-json\/wp\/v2\/users\/65"}],"replies":[{"embeddable":true,"href":"https:\/\/cifar.ca\/fr\/wp-json\/wp\/v2\/comments?post=57886"}],"version-history":[{"count":0,"href":"https:\/\/cifar.ca\/fr\/wp-json\/wp\/v2\/pages\/57886\/revisions"}],"wp:featuredmedia":[{"embeddable":true,"href":"https:\/\/cifar.ca\/fr\/wp-json\/wp\/v2\/media\/38385"}],"wp:attachment":[{"href":"https:\/\/cifar.ca\/fr\/wp-json\/wp\/v2\/media?parent=57886"}],"curies":[{"name":"wp","href":"https:\/\/api.w.org\/{rel}","templated":true}]}}