{"id":58113,"date":"2024-03-21T14:14:17","date_gmt":"2024-03-21T18:14:17","guid":{"rendered":"https:\/\/cifar.ca\/?page_id=58113"},"modified":"2025-12-17T06:37:31","modified_gmt":"2025-12-17T11:37:31","slug":"securite-de-la-recherche","status":"publish","type":"page","link":"https:\/\/cifar.ca\/fr\/securite-de-la-recherche\/","title":{"rendered":"S\u00e9curit\u00e9 de la recherche"},"content":{"rendered":"\r\n\r\n\t\t\t<h2>\r\n\t\t\tSuivez-nous\t\t<\/h2>\r\n\t\t<button class='connect square balloon white-transparent facebook left' data-url='https:\/\/www.facebook.com\/CIFAR\/' aria-haspopup=\"false\"   aria-label='Suis nous surFaceBook' data-balloon-pos='right'>\r\n\t\t\tFaceBook\r\n\t\t<\/button>\r\n\t\t<button class='connect square balloon white-transparent twitter' data-url='https:\/\/twitter.com\/cifar_news' aria-haspopup=\"false\"   aria-label='Suis nous surTwitter' data-balloon-pos='right'>\r\n\t\t\tTwitter\r\n\t\t<\/button>\r\n\t\t<button class='connect square balloon white-transparent youtube left' data-url='https:\/\/www.youtube.com\/channel\/UCZj1nnTIiutUjEg-22e8UTA' aria-haspopup=\"false\"   aria-label='Suis nous surYouTube' data-balloon-pos='right'>\r\n\t\t\tYouTube\r\n\t\t<\/button>\r\n\t\t<button class='connect square balloon white-transparent linkedin' data-url='https:\/\/ca.linkedin.com\/company\/canadian-institute-for-advanced-research' aria-haspopup=\"false\"   aria-label='Suis nous surLinkedIn' data-balloon-pos='right'>\r\n\t\t\tLinkedIn\r\n\t\t<\/button>\r\n\t\t<button class='connect square balloon white-transparent instagram left' data-url='https:\/\/www.instagram.com\/cifar.ca_fr\/' aria-haspopup=\"false\"   aria-label='Suis nous surInstagram' data-balloon-pos='right'>\r\n\t\t\tInstagram\r\n\t\t<\/button>\r\n\r\n\t\t\t\t<img loading=\"lazy\" decoding=\"async\" src=\"https:\/\/cifar.ca\/wp-content\/uploads\/2020\/09\/lines-for-web-2.0-small-01.png\" alt=\"smaller line_two\" itemprop=\"image\" height=\"34\" width=\"34\" title=\"lines for web 2.0 small -01\" onerror=\"this.style.display='none'\"  \/>\t\t\t\t\t\r\n\tLe CIFAR est d\u00e9termin\u00e9 \u00e0 faire de la s\u00e9curit\u00e9 de la recherche un \u00e9l\u00e9ment central de la constitution d&rsquo;un solide \u00e9cosyst\u00e8me de recherche interdisciplinaire et mondial.<br \/>\r\n\r\n<p>En 2021, le gouvernement du Canada a publi\u00e9 son <a href=\"https:\/\/www.canada.ca\/fr\/innovation-sciences-developpement-economique\/nouvelles\/2021\/03\/enonce-de-politique-sur-la-securite-de-la-recherche--printemps2021.html\" target=\"_blank\" rel=\"noopener\">\u00c9nonc\u00e9 de politique sur la s\u00e9curit\u00e9 de la recherche<\/a> qui souligne l&rsquo;importance de la s\u00e9curit\u00e9 de la recherche dans l&rsquo;avancement de la recherche de classe mondiale au Canada. Cet \u00e9nonc\u00e9 a appel\u00e9 tous les membres de la communaut\u00e9 de recherche du pays \u00e0 prendre des pr\u00e9cautions pour prot\u00e9ger le savoir et la propri\u00e9t\u00e9 intellectuelle du milieu de la recherche au Canada.<\/p>\r\n<p>Le CIFAR reconna\u00eet l&rsquo;importance de la s\u00e9curit\u00e9 de la recherche dans le maintien de l&rsquo;int\u00e9grit\u00e9 de l&rsquo;\u00e9cosyst\u00e8me de recherche mondial et interdisciplinaire du Canada. \u00c0 ce titre, le CIFAR &#8211; en consultation avec ses partenaires sectoriels, universitaires et gouvernementaux &#8211; a mis en \u0153uvre une s\u00e9rie de mesures permettant d&rsquo;assurer l&rsquo;\u00e9quilibre entre une recherche solide, responsable et ouverte, et les int\u00e9r\u00eats de la s\u00e9curit\u00e9 nationale. Le CIFAR continuera \u00e0 revoir et \u00e0 mettre \u00e0 jour ses mesures de s\u00e9curit\u00e9 de la recherche sur une base permanente pour r\u00e9pondre aux changements rapides dans ce domaine.<\/p>\r\n<p>Pour toute question relative au Plan de s\u00e9curit\u00e9 de la recherche du CIFAR ou pour signaler un probl\u00e8me de s\u00e9curit\u00e9 de la recherche, veuillez communiquer avec la personne responsable de la s\u00e9curit\u00e9 de la recherche \u00e0 l&rsquo;adresse suivante : <a href=\"mailto:rso@cifar.ca\" target=\"_blank\" rel=\"noopener\">rso@cifar.ca<\/a>.<\/p>\r\n<h2>\r\n\t\tSoutenez-nous\r\n\t<\/h2>\r\n\t<p>L&rsquo;Institut canadien de recherches avanc\u00e9es (CIFAR) est une organisation de recherche d&rsquo;influence mondiale fi\u00e8rement bas\u00e9e au Canada. Nous mobilisons les plus brillants personnes du monde, dans toutes les disciplines et \u00e0 tous les stades de carri\u00e8re, pour faire progresser les connaissances transformatrices et r\u00e9soudre ensemble les plus grands probl\u00e8mes de l&rsquo;humanit\u00e9. Nous recevons l&rsquo;appui des gouvernements du Canada, de l&rsquo;Alberta et du Qu\u00e9bec, ainsi que de fondations, de particuliers, d&rsquo;entreprises et d&rsquo;organisations partenaires du Canada et du monde entier.<\/p>\r\n   <!-- Mandeep add class on anchor -->\r\n\t<a href=\"https:\/\/cifar.ca\/fr\/dons\/\" target=\"_self\" rel=\"noopener\">\r\n\t\t\t\t\tDons\t\t\t\t\t\t\t\r\n\t\t\t\t\t\t<\/a>\r\n\r\n","protected":false},"excerpt":{"rendered":"<p>Le CIFAR est d\u00e9termin\u00e9 \u00e0 faire de la s\u00e9curit\u00e9 de la recherche un \u00e9l\u00e9ment central de la constitution d\u2019un solide \u00e9cosyst\u00e8me de recherche interdisciplinaire et mondial.<\/p>\n","protected":false},"author":65,"featured_media":38584,"parent":0,"menu_order":0,"comment_status":"closed","ping_status":"closed","template":"","meta":{"_acf_changed":false,"footnotes":""},"class_list":["post-58113","page","type-page","status-publish","has-post-thumbnail","hentry"],"acf":[],"yoast_head":"<!-- This site is optimized with the Yoast SEO plugin v27.2 - https:\/\/yoast.com\/product\/yoast-seo-wordpress\/ -->\n<title>CIFAR<\/title>\n<meta name=\"description\" content=\"Le CIFAR est d\u00e9termin\u00e9 \u00e0 faire de la s\u00e9curit\u00e9 de la recherche un \u00e9l\u00e9ment central de la constitution d\u2019un solide \u00e9cosyst\u00e8me de recherche interdisciplinaire et mondial.\" \/>\n<meta name=\"robots\" content=\"index, follow, max-snippet:-1, max-image-preview:large, max-video-preview:-1\" \/>\n<link rel=\"canonical\" href=\"https:\/\/cifar.ca\/fr\/securite-de-la-recherche\/\" \/>\n<meta property=\"og:locale\" content=\"fr_FR\" \/>\n<meta property=\"og:type\" content=\"article\" \/>\n<meta property=\"og:title\" content=\"S\u00e9curit\u00e9 de la recherche - CIFAR\" \/>\n<meta property=\"og:description\" content=\"Le CIFAR est d\u00e9termin\u00e9 \u00e0 faire de la s\u00e9curit\u00e9 de la recherche un \u00e9l\u00e9ment central de la constitution d\u2019un solide \u00e9cosyst\u00e8me de recherche interdisciplinaire et mondial.\" \/>\n<meta property=\"og:url\" content=\"https:\/\/cifar.ca\/fr\/securite-de-la-recherche\/\" \/>\n<meta property=\"og:site_name\" content=\"CIFAR\" \/>\n<meta property=\"article:modified_time\" content=\"2025-12-17T11:37:31+00:00\" \/>\n<meta property=\"og:image\" content=\"https:\/\/cifar.ca\/wp-content\/uploads\/2020\/11\/Circular-pattern_DRK_24001.jpg\" \/>\n\t<meta property=\"og:image:width\" content=\"2400\" \/>\n\t<meta property=\"og:image:height\" content=\"2444\" \/>\n\t<meta property=\"og:image:type\" content=\"image\/jpeg\" \/>\n<meta name=\"twitter:card\" content=\"summary_large_image\" \/>\n<meta name=\"twitter:label1\" content=\"Dur\u00e9e de lecture estim\u00e9e\" \/>\n\t<meta name=\"twitter:data1\" content=\"2 minutes\" \/>\n<script type=\"application\/ld+json\" class=\"yoast-schema-graph\">{\"@context\":\"https:\/\/schema.org\",\"@graph\":[{\"@type\":\"WebPage\",\"@id\":\"https:\/\/cifar.ca\/fr\/securite-de-la-recherche\/\",\"url\":\"https:\/\/cifar.ca\/fr\/securite-de-la-recherche\/\",\"name\":\"S\u00e9curit\u00e9 de la recherche - CIFAR\",\"isPartOf\":{\"@id\":\"https:\/\/cifar.ca\/fr\/#website\"},\"primaryImageOfPage\":{\"@id\":\"https:\/\/cifar.ca\/fr\/securite-de-la-recherche\/#primaryimage\"},\"image\":{\"@id\":\"https:\/\/cifar.ca\/fr\/securite-de-la-recherche\/#primaryimage\"},\"thumbnailUrl\":\"https:\/\/cifar.ca\/wp-content\/uploads\/2020\/11\/Circular-pattern_DRK_24001.jpg\",\"datePublished\":\"2024-03-21T18:14:17+00:00\",\"dateModified\":\"2025-12-17T11:37:31+00:00\",\"description\":\"Le CIFAR est d\u00e9termin\u00e9 \u00e0 faire de la s\u00e9curit\u00e9 de la recherche un \u00e9l\u00e9ment central de la constitution d\u2019un solide \u00e9cosyst\u00e8me de recherche interdisciplinaire et mondial.\",\"breadcrumb\":{\"@id\":\"https:\/\/cifar.ca\/fr\/securite-de-la-recherche\/#breadcrumb\"},\"inLanguage\":\"fr-FR\",\"potentialAction\":[{\"@type\":\"ReadAction\",\"target\":[\"https:\/\/cifar.ca\/fr\/securite-de-la-recherche\/\"]}]},{\"@type\":\"ImageObject\",\"inLanguage\":\"fr-FR\",\"@id\":\"https:\/\/cifar.ca\/fr\/securite-de-la-recherche\/#primaryimage\",\"url\":\"https:\/\/cifar.ca\/wp-content\/uploads\/2020\/11\/Circular-pattern_DRK_24001.jpg\",\"contentUrl\":\"https:\/\/cifar.ca\/wp-content\/uploads\/2020\/11\/Circular-pattern_DRK_24001.jpg\",\"width\":2400,\"height\":2444},{\"@type\":\"BreadcrumbList\",\"@id\":\"https:\/\/cifar.ca\/fr\/securite-de-la-recherche\/#breadcrumb\",\"itemListElement\":[{\"@type\":\"ListItem\",\"position\":1,\"name\":\"Acceuil\",\"item\":\"https:\/\/cifar.ca\/fr\/\"},{\"@type\":\"ListItem\",\"position\":2,\"name\":\"S\u00e9curit\u00e9 de la recherche\"}]},{\"@type\":\"WebSite\",\"@id\":\"https:\/\/cifar.ca\/fr\/#website\",\"url\":\"https:\/\/cifar.ca\/fr\/\",\"name\":\"CIFAR\",\"description\":\"Convoquer des esprits extraordinaires pour r\u00e9pondre aux questions les plus importantes auxquelles la science et l'humanit\u00e9 sont confront\u00e9es.\",\"publisher\":{\"@id\":\"https:\/\/cifar.ca\/fr\/#organization\"},\"potentialAction\":[{\"@type\":\"SearchAction\",\"target\":{\"@type\":\"EntryPoint\",\"urlTemplate\":\"https:\/\/cifar.ca\/fr\/?s={search_term_string}\"},\"query-input\":{\"@type\":\"PropertyValueSpecification\",\"valueRequired\":true,\"valueName\":\"search_term_string\"}}],\"inLanguage\":\"fr-FR\"},{\"@type\":\"Organization\",\"@id\":\"https:\/\/cifar.ca\/fr\/#organization\",\"name\":\"CIFAR\",\"url\":\"https:\/\/cifar.ca\/fr\/\",\"logo\":{\"@type\":\"ImageObject\",\"inLanguage\":\"fr-FR\",\"@id\":\"https:\/\/cifar.ca\/fr\/#\/schema\/logo\/image\/\",\"url\":\"https:\/\/cifar.ca\/wp-content\/uploads\/2020\/01\/cifar-logo-rgb-colour.png\",\"contentUrl\":\"https:\/\/cifar.ca\/wp-content\/uploads\/2020\/01\/cifar-logo-rgb-colour.png\",\"width\":1884,\"height\":681,\"caption\":\"CIFAR\"},\"image\":{\"@id\":\"https:\/\/cifar.ca\/fr\/#\/schema\/logo\/image\/\"}}]}<\/script>\n<!-- \/ Yoast SEO plugin. -->","yoast_head_json":{"title":"CIFAR","description":"Le CIFAR est d\u00e9termin\u00e9 \u00e0 faire de la s\u00e9curit\u00e9 de la recherche un \u00e9l\u00e9ment central de la constitution d\u2019un solide \u00e9cosyst\u00e8me de recherche interdisciplinaire et mondial.","robots":{"index":"index","follow":"follow","max-snippet":"max-snippet:-1","max-image-preview":"max-image-preview:large","max-video-preview":"max-video-preview:-1"},"canonical":"https:\/\/cifar.ca\/fr\/securite-de-la-recherche\/","og_locale":"fr_FR","og_type":"article","og_title":"S\u00e9curit\u00e9 de la recherche - CIFAR","og_description":"Le CIFAR est d\u00e9termin\u00e9 \u00e0 faire de la s\u00e9curit\u00e9 de la recherche un \u00e9l\u00e9ment central de la constitution d\u2019un solide \u00e9cosyst\u00e8me de recherche interdisciplinaire et mondial.","og_url":"https:\/\/cifar.ca\/fr\/securite-de-la-recherche\/","og_site_name":"CIFAR","article_modified_time":"2025-12-17T11:37:31+00:00","og_image":[{"width":2400,"height":2444,"url":"https:\/\/cifar.ca\/wp-content\/uploads\/2020\/11\/Circular-pattern_DRK_24001.jpg","type":"image\/jpeg"}],"twitter_card":"summary_large_image","twitter_misc":{"Dur\u00e9e de lecture estim\u00e9e":"2 minutes"},"schema":{"@context":"https:\/\/schema.org","@graph":[{"@type":"WebPage","@id":"https:\/\/cifar.ca\/fr\/securite-de-la-recherche\/","url":"https:\/\/cifar.ca\/fr\/securite-de-la-recherche\/","name":"S\u00e9curit\u00e9 de la recherche - CIFAR","isPartOf":{"@id":"https:\/\/cifar.ca\/fr\/#website"},"primaryImageOfPage":{"@id":"https:\/\/cifar.ca\/fr\/securite-de-la-recherche\/#primaryimage"},"image":{"@id":"https:\/\/cifar.ca\/fr\/securite-de-la-recherche\/#primaryimage"},"thumbnailUrl":"https:\/\/cifar.ca\/wp-content\/uploads\/2020\/11\/Circular-pattern_DRK_24001.jpg","datePublished":"2024-03-21T18:14:17+00:00","dateModified":"2025-12-17T11:37:31+00:00","description":"Le CIFAR est d\u00e9termin\u00e9 \u00e0 faire de la s\u00e9curit\u00e9 de la recherche un \u00e9l\u00e9ment central de la constitution d\u2019un solide \u00e9cosyst\u00e8me de recherche interdisciplinaire et mondial.","breadcrumb":{"@id":"https:\/\/cifar.ca\/fr\/securite-de-la-recherche\/#breadcrumb"},"inLanguage":"fr-FR","potentialAction":[{"@type":"ReadAction","target":["https:\/\/cifar.ca\/fr\/securite-de-la-recherche\/"]}]},{"@type":"ImageObject","inLanguage":"fr-FR","@id":"https:\/\/cifar.ca\/fr\/securite-de-la-recherche\/#primaryimage","url":"https:\/\/cifar.ca\/wp-content\/uploads\/2020\/11\/Circular-pattern_DRK_24001.jpg","contentUrl":"https:\/\/cifar.ca\/wp-content\/uploads\/2020\/11\/Circular-pattern_DRK_24001.jpg","width":2400,"height":2444},{"@type":"BreadcrumbList","@id":"https:\/\/cifar.ca\/fr\/securite-de-la-recherche\/#breadcrumb","itemListElement":[{"@type":"ListItem","position":1,"name":"Acceuil","item":"https:\/\/cifar.ca\/fr\/"},{"@type":"ListItem","position":2,"name":"S\u00e9curit\u00e9 de la recherche"}]},{"@type":"WebSite","@id":"https:\/\/cifar.ca\/fr\/#website","url":"https:\/\/cifar.ca\/fr\/","name":"CIFAR","description":"Convoquer des esprits extraordinaires pour r\u00e9pondre aux questions les plus importantes auxquelles la science et l'humanit\u00e9 sont confront\u00e9es.","publisher":{"@id":"https:\/\/cifar.ca\/fr\/#organization"},"potentialAction":[{"@type":"SearchAction","target":{"@type":"EntryPoint","urlTemplate":"https:\/\/cifar.ca\/fr\/?s={search_term_string}"},"query-input":{"@type":"PropertyValueSpecification","valueRequired":true,"valueName":"search_term_string"}}],"inLanguage":"fr-FR"},{"@type":"Organization","@id":"https:\/\/cifar.ca\/fr\/#organization","name":"CIFAR","url":"https:\/\/cifar.ca\/fr\/","logo":{"@type":"ImageObject","inLanguage":"fr-FR","@id":"https:\/\/cifar.ca\/fr\/#\/schema\/logo\/image\/","url":"https:\/\/cifar.ca\/wp-content\/uploads\/2020\/01\/cifar-logo-rgb-colour.png","contentUrl":"https:\/\/cifar.ca\/wp-content\/uploads\/2020\/01\/cifar-logo-rgb-colour.png","width":1884,"height":681,"caption":"CIFAR"},"image":{"@id":"https:\/\/cifar.ca\/fr\/#\/schema\/logo\/image\/"}}]}},"_links":{"self":[{"href":"https:\/\/cifar.ca\/fr\/wp-json\/wp\/v2\/pages\/58113","targetHints":{"allow":["GET"]}}],"collection":[{"href":"https:\/\/cifar.ca\/fr\/wp-json\/wp\/v2\/pages"}],"about":[{"href":"https:\/\/cifar.ca\/fr\/wp-json\/wp\/v2\/types\/page"}],"author":[{"embeddable":true,"href":"https:\/\/cifar.ca\/fr\/wp-json\/wp\/v2\/users\/65"}],"replies":[{"embeddable":true,"href":"https:\/\/cifar.ca\/fr\/wp-json\/wp\/v2\/comments?post=58113"}],"version-history":[{"count":0,"href":"https:\/\/cifar.ca\/fr\/wp-json\/wp\/v2\/pages\/58113\/revisions"}],"wp:featuredmedia":[{"embeddable":true,"href":"https:\/\/cifar.ca\/fr\/wp-json\/wp\/v2\/media\/38584"}],"wp:attachment":[{"href":"https:\/\/cifar.ca\/fr\/wp-json\/wp\/v2\/media?parent=58113"}],"curies":[{"name":"wp","href":"https:\/\/api.w.org\/{rel}","templated":true}]}}