{"id":58257,"date":"2024-04-18T10:08:56","date_gmt":"2024-04-18T14:08:56","guid":{"rendered":"https:\/\/cifar.ca\/cifar-edi-research-excellence-module\/"},"modified":"2025-12-17T06:46:40","modified_gmt":"2025-12-17T11:46:40","slug":"module-sur-ledi-et-lexcellence-en-recherche-du-cifar","status":"publish","type":"page","link":"https:\/\/cifar.ca\/fr\/module-sur-ledi-et-lexcellence-en-recherche-du-cifar\/","title":{"rendered":"Module sur l\u2019EDI et l\u2019excellence en recherche du CIFAR"},"content":{"rendered":"\r\n\r\n\t\t\t<h2>\r\n\t\t\tSuivez-nous\t\t<\/h2>\r\n\t\t<button class='connect square balloon white-transparent facebook left' data-url='https:\/\/www.facebook.com\/CIFAR\/' aria-haspopup=\"false\"   aria-label='Suis nous surFaceBook' data-balloon-pos='right'>\r\n\t\t\tFaceBook\r\n\t\t<\/button>\r\n\t\t<button class='connect square balloon white-transparent twitter' data-url='https:\/\/twitter.com\/cifar_news' aria-haspopup=\"false\"   aria-label='Suis nous surTwitter' data-balloon-pos='right'>\r\n\t\t\tTwitter\r\n\t\t<\/button>\r\n\t\t<button class='connect square balloon white-transparent youtube left' data-url='https:\/\/www.youtube.com\/channel\/UCZj1nnTIiutUjEg-22e8UTA' aria-haspopup=\"false\"   aria-label='Suis nous surYouTube' data-balloon-pos='right'>\r\n\t\t\tYouTube\r\n\t\t<\/button>\r\n\t\t<button class='connect square balloon white-transparent linkedin' data-url='https:\/\/ca.linkedin.com\/company\/canadian-institute-for-advanced-research' aria-haspopup=\"false\"   aria-label='Suis nous surLinkedIn' data-balloon-pos='right'>\r\n\t\t\tLinkedIn\r\n\t\t<\/button>\r\n\t\t<button class='connect square balloon white-transparent instagram left' data-url='https:\/\/www.instagram.com\/cifar.ca_fr\/' aria-haspopup=\"false\"   aria-label='Suis nous surInstagram' data-balloon-pos='right'>\r\n\t\t\tInstagram\r\n\t\t<\/button>\r\n\r\n\t\t\t\t<img loading=\"lazy\" decoding=\"async\" src=\"https:\/\/cifar.ca\/wp-content\/uploads\/2020\/09\/lines-for-web-2.0-small-01.png\" alt=\"smaller line_two\" itemprop=\"image\" height=\"34\" width=\"34\" title=\"lines for web 2.0 small -01\" onerror=\"this.style.display='none'\"  \/>\t\t\t\t\t\r\n\t<p><strong>Le CIFAR est d\u00e9termin\u00e9 \u00e0 promouvoir l&rsquo;\u00e9quit\u00e9, la diversit\u00e9 et l&rsquo;inclusion (EDI), comme en t\u00e9moignent son <a href=\"https:\/\/cifar.ca\/wp-content\/uploads\/2021\/03\/CIFAR-EDI-Action-Plan-fr-2020.pdf\" target=\"_blank\" rel=\"noopener\">Plan d&rsquo;action en mati\u00e8re d&rsquo;EDI<\/a> et son adh\u00e9sion \u00e0 la <a href=\"https:\/\/www.nserc-crsng.gc.ca\/InterAgency-Interorganismes\/EDI-EDI\/Dimensions_Dimensions_fra.asp\" target=\"_blank\" rel=\"noopener\">charte Dimensions<\/a> du gouvernement du Canada. <\/strong><\/p>\r\n<p>Nous sommes heureux de lancer un <a href=\"https:\/\/learning-s-site-12cb.thinkific.com\/courses\/cifar-edi-fr\" target=\"_blank\" rel=\"noopener\">nouveau module<\/a> qui invite la communaut\u00e9 du CIFAR \u00e0 r\u00e9fl\u00e9chir \u00e0 la mani\u00e8re dont l&rsquo;\u00e9largissement de notre d\u00e9finition de l&rsquo;excellence en recherche peut enrichir les programmes du CIFAR en incluant un plus vaste \u00e9ventail de scientifiques et de perspectives. Le rassemblement de personnes talentueuses provenant de communaut\u00e9s, d&rsquo;exp\u00e9riences et d&rsquo;horizons diff\u00e9rents peut mener \u00e0 un meilleur travail scientifique et, en fin de compte, accro\u00eetre le rayonnement et l&rsquo;impact du CIFAR. L&rsquo;\u00e9quit\u00e9, la diversit\u00e9 et l&rsquo;inclusion vont de pair avec une recherche de haute qualit\u00e9.<\/p>\r\n<p>Le CIFAR a cr\u00e9\u00e9 ce module en partenariat avec Andrea Mariko Grant, stagiaire postdoctorale \u00e0 l&rsquo;Universit\u00e9 de Victoria. Une r\u00e9troaction sur le contenu du module a \u00e9t\u00e9 obtenue aupr\u00e8s d&rsquo;un groupe repr\u00e9sentatif de membres de la communaut\u00e9 du CIFAR, y compris des coresponsables de programme, des membres de programme, des titulaires de chaire en IA Canada-CIFAR, ainsi que des membres du conseil d&rsquo;administration, du conseil de recherches et du personnel.<\/p>\r\n<p>Il faut compter environ une heure pour compl\u00e9ter le module.<\/p>\r\n<h2>\r\n\t\tSoutenez-nous\r\n\t<\/h2>\r\n\t<p>L&rsquo;Institut canadien de recherches avanc\u00e9es (CIFAR) est une organisation de recherche d&rsquo;influence mondiale fi\u00e8rement bas\u00e9e au Canada. Nous mobilisons les plus brillants personnes du monde, dans toutes les disciplines et \u00e0 tous les stades de carri\u00e8re, pour faire progresser les connaissances transformatrices et r\u00e9soudre ensemble les plus grands probl\u00e8mes de l&rsquo;humanit\u00e9. Nous recevons l&rsquo;appui des gouvernements du Canada, de l&rsquo;Alberta et du Qu\u00e9bec, ainsi que de fondations, de particuliers, d&rsquo;entreprises et d&rsquo;organisations partenaires du Canada et du monde entier.<\/p>\r\n   <!-- Mandeep add class on anchor -->\r\n\t<a href=\"https:\/\/cifar.ca\/fr\/dons\/\" target=\"_self\" rel=\"noopener\">\r\n\t\t\t\t\tDons\t\t\t\t\t\t\t\r\n\t\t\t\t\t\t<\/a>\r\n\r\n","protected":false},"excerpt":{"rendered":"<p>Nous sommes heureux de lancer un nouveau module qui invite la communaut\u00e9 du CIFAR \u00e0 r\u00e9fl\u00e9chir \u00e0 la mani\u00e8re dont l\u2019\u00e9largissement de notre d\u00e9finition de l\u2019excellence en recherche peut enrichir les programmes du CIFAR en incluant un plus vaste \u00e9ventail de scientifiques et de perspectives. <\/p>\n","protected":false},"author":65,"featured_media":0,"parent":0,"menu_order":0,"comment_status":"closed","ping_status":"closed","template":"","meta":{"_acf_changed":false,"footnotes":""},"class_list":["post-58257","page","type-page","status-publish","hentry"],"acf":[],"yoast_head":"<!-- This site is optimized with the Yoast SEO plugin v27.2 - https:\/\/yoast.com\/product\/yoast-seo-wordpress\/ -->\n<title>CIFAR<\/title>\n<meta name=\"description\" content=\"Nous sommes heureux de lancer un nouveau module qui invite la communaut\u00e9 du CIFAR \u00e0 r\u00e9fl\u00e9chir \u00e0 la mani\u00e8re dont l\u2019\u00e9largissement de notre d\u00e9finition de l\u2019excellence en recherche peut enrichir les programmes du CIFAR en incluant un plus vaste \u00e9ventail de scientifiques et de perspectives.\" \/>\n<meta name=\"robots\" content=\"index, follow, max-snippet:-1, max-image-preview:large, max-video-preview:-1\" \/>\n<link rel=\"canonical\" href=\"https:\/\/cifar.ca\/fr\/module-sur-ledi-et-lexcellence-en-recherche-du-cifar\/\" \/>\n<meta property=\"og:locale\" content=\"fr_FR\" \/>\n<meta property=\"og:type\" content=\"article\" \/>\n<meta property=\"og:title\" content=\"Module sur l\u2019EDI et l\u2019excellence en recherche du CIFAR - CIFAR\" \/>\n<meta property=\"og:description\" content=\"Nous sommes heureux de lancer un nouveau module qui invite la communaut\u00e9 du CIFAR \u00e0 r\u00e9fl\u00e9chir \u00e0 la mani\u00e8re dont l\u2019\u00e9largissement de notre d\u00e9finition de l\u2019excellence en recherche peut enrichir les programmes du CIFAR en incluant un plus vaste \u00e9ventail de scientifiques et de perspectives.\" \/>\n<meta property=\"og:url\" content=\"https:\/\/cifar.ca\/fr\/module-sur-ledi-et-lexcellence-en-recherche-du-cifar\/\" \/>\n<meta property=\"og:site_name\" content=\"CIFAR\" \/>\n<meta property=\"article:modified_time\" content=\"2025-12-17T11:46:40+00:00\" \/>\n<meta property=\"og:image\" content=\"https:\/\/cifar.ca\/wp-content\/uploads\/2020\/09\/lines-for-web-2.0-small-01.png\" \/>\n<meta name=\"twitter:card\" content=\"summary_large_image\" \/>\n<meta name=\"twitter:label1\" content=\"Dur\u00e9e de lecture estim\u00e9e\" \/>\n\t<meta name=\"twitter:data1\" content=\"2 minutes\" \/>\n<script type=\"application\/ld+json\" class=\"yoast-schema-graph\">{\"@context\":\"https:\/\/schema.org\",\"@graph\":[{\"@type\":\"WebPage\",\"@id\":\"https:\/\/cifar.ca\/fr\/module-sur-ledi-et-lexcellence-en-recherche-du-cifar\/\",\"url\":\"https:\/\/cifar.ca\/fr\/module-sur-ledi-et-lexcellence-en-recherche-du-cifar\/\",\"name\":\"Module sur l\u2019EDI et l\u2019excellence en recherche du CIFAR - CIFAR\",\"isPartOf\":{\"@id\":\"https:\/\/cifar.ca\/fr\/#website\"},\"primaryImageOfPage\":{\"@id\":\"https:\/\/cifar.ca\/fr\/module-sur-ledi-et-lexcellence-en-recherche-du-cifar\/#primaryimage\"},\"image\":{\"@id\":\"https:\/\/cifar.ca\/fr\/module-sur-ledi-et-lexcellence-en-recherche-du-cifar\/#primaryimage\"},\"thumbnailUrl\":\"https:\/\/cifar.ca\/wp-content\/uploads\/2020\/09\/lines-for-web-2.0-small-01.png\",\"datePublished\":\"2024-04-18T14:08:56+00:00\",\"dateModified\":\"2025-12-17T11:46:40+00:00\",\"description\":\"Nous sommes heureux de lancer un nouveau module qui invite la communaut\u00e9 du CIFAR \u00e0 r\u00e9fl\u00e9chir \u00e0 la mani\u00e8re dont l\u2019\u00e9largissement de notre d\u00e9finition de l\u2019excellence en recherche peut enrichir les programmes du CIFAR en incluant un plus vaste \u00e9ventail de scientifiques et de perspectives.\",\"breadcrumb\":{\"@id\":\"https:\/\/cifar.ca\/fr\/module-sur-ledi-et-lexcellence-en-recherche-du-cifar\/#breadcrumb\"},\"inLanguage\":\"fr-FR\",\"potentialAction\":[{\"@type\":\"ReadAction\",\"target\":[\"https:\/\/cifar.ca\/fr\/module-sur-ledi-et-lexcellence-en-recherche-du-cifar\/\"]}]},{\"@type\":\"ImageObject\",\"inLanguage\":\"fr-FR\",\"@id\":\"https:\/\/cifar.ca\/fr\/module-sur-ledi-et-lexcellence-en-recherche-du-cifar\/#primaryimage\",\"url\":\"https:\/\/cifar.ca\/wp-content\/uploads\/2020\/09\/lines-for-web-2.0-small-01.png\",\"contentUrl\":\"https:\/\/cifar.ca\/wp-content\/uploads\/2020\/09\/lines-for-web-2.0-small-01.png\"},{\"@type\":\"BreadcrumbList\",\"@id\":\"https:\/\/cifar.ca\/fr\/module-sur-ledi-et-lexcellence-en-recherche-du-cifar\/#breadcrumb\",\"itemListElement\":[{\"@type\":\"ListItem\",\"position\":1,\"name\":\"Acceuil\",\"item\":\"https:\/\/cifar.ca\/fr\/\"},{\"@type\":\"ListItem\",\"position\":2,\"name\":\"Module sur l\u2019EDI et l\u2019excellence en recherche du CIFAR\"}]},{\"@type\":\"WebSite\",\"@id\":\"https:\/\/cifar.ca\/fr\/#website\",\"url\":\"https:\/\/cifar.ca\/fr\/\",\"name\":\"CIFAR\",\"description\":\"Convoquer des esprits extraordinaires pour r\u00e9pondre aux questions les plus importantes auxquelles la science et l'humanit\u00e9 sont confront\u00e9es.\",\"publisher\":{\"@id\":\"https:\/\/cifar.ca\/fr\/#organization\"},\"potentialAction\":[{\"@type\":\"SearchAction\",\"target\":{\"@type\":\"EntryPoint\",\"urlTemplate\":\"https:\/\/cifar.ca\/fr\/?s={search_term_string}\"},\"query-input\":{\"@type\":\"PropertyValueSpecification\",\"valueRequired\":true,\"valueName\":\"search_term_string\"}}],\"inLanguage\":\"fr-FR\"},{\"@type\":\"Organization\",\"@id\":\"https:\/\/cifar.ca\/fr\/#organization\",\"name\":\"CIFAR\",\"url\":\"https:\/\/cifar.ca\/fr\/\",\"logo\":{\"@type\":\"ImageObject\",\"inLanguage\":\"fr-FR\",\"@id\":\"https:\/\/cifar.ca\/fr\/#\/schema\/logo\/image\/\",\"url\":\"https:\/\/cifar.ca\/wp-content\/uploads\/2020\/01\/cifar-logo-rgb-colour.png\",\"contentUrl\":\"https:\/\/cifar.ca\/wp-content\/uploads\/2020\/01\/cifar-logo-rgb-colour.png\",\"width\":1884,\"height\":681,\"caption\":\"CIFAR\"},\"image\":{\"@id\":\"https:\/\/cifar.ca\/fr\/#\/schema\/logo\/image\/\"}}]}<\/script>\n<!-- \/ Yoast SEO plugin. -->","yoast_head_json":{"title":"CIFAR","description":"Nous sommes heureux de lancer un nouveau module qui invite la communaut\u00e9 du CIFAR \u00e0 r\u00e9fl\u00e9chir \u00e0 la mani\u00e8re dont l\u2019\u00e9largissement de notre d\u00e9finition de l\u2019excellence en recherche peut enrichir les programmes du CIFAR en incluant un plus vaste \u00e9ventail de scientifiques et de perspectives.","robots":{"index":"index","follow":"follow","max-snippet":"max-snippet:-1","max-image-preview":"max-image-preview:large","max-video-preview":"max-video-preview:-1"},"canonical":"https:\/\/cifar.ca\/fr\/module-sur-ledi-et-lexcellence-en-recherche-du-cifar\/","og_locale":"fr_FR","og_type":"article","og_title":"Module sur l\u2019EDI et l\u2019excellence en recherche du CIFAR - CIFAR","og_description":"Nous sommes heureux de lancer un nouveau module qui invite la communaut\u00e9 du CIFAR \u00e0 r\u00e9fl\u00e9chir \u00e0 la mani\u00e8re dont l\u2019\u00e9largissement de notre d\u00e9finition de l\u2019excellence en recherche peut enrichir les programmes du CIFAR en incluant un plus vaste \u00e9ventail de scientifiques et de perspectives.","og_url":"https:\/\/cifar.ca\/fr\/module-sur-ledi-et-lexcellence-en-recherche-du-cifar\/","og_site_name":"CIFAR","article_modified_time":"2025-12-17T11:46:40+00:00","og_image":[{"url":"https:\/\/cifar.ca\/wp-content\/uploads\/2020\/09\/lines-for-web-2.0-small-01.png","type":"","width":"","height":""}],"twitter_card":"summary_large_image","twitter_misc":{"Dur\u00e9e de lecture estim\u00e9e":"2 minutes"},"schema":{"@context":"https:\/\/schema.org","@graph":[{"@type":"WebPage","@id":"https:\/\/cifar.ca\/fr\/module-sur-ledi-et-lexcellence-en-recherche-du-cifar\/","url":"https:\/\/cifar.ca\/fr\/module-sur-ledi-et-lexcellence-en-recherche-du-cifar\/","name":"Module sur l\u2019EDI et l\u2019excellence en recherche du CIFAR - CIFAR","isPartOf":{"@id":"https:\/\/cifar.ca\/fr\/#website"},"primaryImageOfPage":{"@id":"https:\/\/cifar.ca\/fr\/module-sur-ledi-et-lexcellence-en-recherche-du-cifar\/#primaryimage"},"image":{"@id":"https:\/\/cifar.ca\/fr\/module-sur-ledi-et-lexcellence-en-recherche-du-cifar\/#primaryimage"},"thumbnailUrl":"https:\/\/cifar.ca\/wp-content\/uploads\/2020\/09\/lines-for-web-2.0-small-01.png","datePublished":"2024-04-18T14:08:56+00:00","dateModified":"2025-12-17T11:46:40+00:00","description":"Nous sommes heureux de lancer un nouveau module qui invite la communaut\u00e9 du CIFAR \u00e0 r\u00e9fl\u00e9chir \u00e0 la mani\u00e8re dont l\u2019\u00e9largissement de notre d\u00e9finition de l\u2019excellence en recherche peut enrichir les programmes du CIFAR en incluant un plus vaste \u00e9ventail de scientifiques et de perspectives.","breadcrumb":{"@id":"https:\/\/cifar.ca\/fr\/module-sur-ledi-et-lexcellence-en-recherche-du-cifar\/#breadcrumb"},"inLanguage":"fr-FR","potentialAction":[{"@type":"ReadAction","target":["https:\/\/cifar.ca\/fr\/module-sur-ledi-et-lexcellence-en-recherche-du-cifar\/"]}]},{"@type":"ImageObject","inLanguage":"fr-FR","@id":"https:\/\/cifar.ca\/fr\/module-sur-ledi-et-lexcellence-en-recherche-du-cifar\/#primaryimage","url":"https:\/\/cifar.ca\/wp-content\/uploads\/2020\/09\/lines-for-web-2.0-small-01.png","contentUrl":"https:\/\/cifar.ca\/wp-content\/uploads\/2020\/09\/lines-for-web-2.0-small-01.png"},{"@type":"BreadcrumbList","@id":"https:\/\/cifar.ca\/fr\/module-sur-ledi-et-lexcellence-en-recherche-du-cifar\/#breadcrumb","itemListElement":[{"@type":"ListItem","position":1,"name":"Acceuil","item":"https:\/\/cifar.ca\/fr\/"},{"@type":"ListItem","position":2,"name":"Module sur l\u2019EDI et l\u2019excellence en recherche du CIFAR"}]},{"@type":"WebSite","@id":"https:\/\/cifar.ca\/fr\/#website","url":"https:\/\/cifar.ca\/fr\/","name":"CIFAR","description":"Convoquer des esprits extraordinaires pour r\u00e9pondre aux questions les plus importantes auxquelles la science et l'humanit\u00e9 sont confront\u00e9es.","publisher":{"@id":"https:\/\/cifar.ca\/fr\/#organization"},"potentialAction":[{"@type":"SearchAction","target":{"@type":"EntryPoint","urlTemplate":"https:\/\/cifar.ca\/fr\/?s={search_term_string}"},"query-input":{"@type":"PropertyValueSpecification","valueRequired":true,"valueName":"search_term_string"}}],"inLanguage":"fr-FR"},{"@type":"Organization","@id":"https:\/\/cifar.ca\/fr\/#organization","name":"CIFAR","url":"https:\/\/cifar.ca\/fr\/","logo":{"@type":"ImageObject","inLanguage":"fr-FR","@id":"https:\/\/cifar.ca\/fr\/#\/schema\/logo\/image\/","url":"https:\/\/cifar.ca\/wp-content\/uploads\/2020\/01\/cifar-logo-rgb-colour.png","contentUrl":"https:\/\/cifar.ca\/wp-content\/uploads\/2020\/01\/cifar-logo-rgb-colour.png","width":1884,"height":681,"caption":"CIFAR"},"image":{"@id":"https:\/\/cifar.ca\/fr\/#\/schema\/logo\/image\/"}}]}},"_links":{"self":[{"href":"https:\/\/cifar.ca\/fr\/wp-json\/wp\/v2\/pages\/58257","targetHints":{"allow":["GET"]}}],"collection":[{"href":"https:\/\/cifar.ca\/fr\/wp-json\/wp\/v2\/pages"}],"about":[{"href":"https:\/\/cifar.ca\/fr\/wp-json\/wp\/v2\/types\/page"}],"author":[{"embeddable":true,"href":"https:\/\/cifar.ca\/fr\/wp-json\/wp\/v2\/users\/65"}],"replies":[{"embeddable":true,"href":"https:\/\/cifar.ca\/fr\/wp-json\/wp\/v2\/comments?post=58257"}],"version-history":[{"count":0,"href":"https:\/\/cifar.ca\/fr\/wp-json\/wp\/v2\/pages\/58257\/revisions"}],"wp:attachment":[{"href":"https:\/\/cifar.ca\/fr\/wp-json\/wp\/v2\/media?parent=58257"}],"curies":[{"name":"wp","href":"https:\/\/api.w.org\/{rel}","templated":true}]}}