{"id":58712,"date":"2024-06-06T11:21:24","date_gmt":"2024-06-06T15:21:24","guid":{"rendered":"https:\/\/cifar.ca\/publications-et-rapports\/la-revue-reach\/day-with-kristin-andrews\/"},"modified":"2025-12-17T06:16:46","modified_gmt":"2025-12-17T11:16:46","slug":"journee-avec-kristin-andrews","status":"publish","type":"page","link":"https:\/\/cifar.ca\/fr\/publications-et-rapports\/la-revue-reach\/journee-avec-kristin-andrews\/","title":{"rendered":"Reach 2024: Une journ\u00e9e avec Kristin Andrews"},"content":{"rendered":"\r\n\r\n\t\t\t<h2>\r\n\t\t\tSuivez-nous\t\t<\/h2>\r\n\t\t<button class='connect square balloon white-transparent facebook left' data-url='https:\/\/www.facebook.com\/CIFAR\/' aria-haspopup=\"false\"   aria-label='Suis nous surFaceBook' data-balloon-pos='right'>\r\n\t\t\tFaceBook\r\n\t\t<\/button>\r\n\t\t<button class='connect square balloon white-transparent twitter' data-url='https:\/\/twitter.com\/cifar_news' aria-haspopup=\"false\"   aria-label='Suis nous surTwitter' data-balloon-pos='right'>\r\n\t\t\tTwitter\r\n\t\t<\/button>\r\n\t\t<button class='connect square balloon white-transparent youtube left' data-url='https:\/\/www.youtube.com\/channel\/UCZj1nnTIiutUjEg-22e8UTA' aria-haspopup=\"false\"   aria-label='Suis nous surYouTube' data-balloon-pos='right'>\r\n\t\t\tYouTube\r\n\t\t<\/button>\r\n\t\t<button class='connect square balloon white-transparent linkedin' data-url='https:\/\/ca.linkedin.com\/company\/canadian-institute-for-advanced-research' aria-haspopup=\"false\"   aria-label='Suis nous surLinkedIn' data-balloon-pos='right'>\r\n\t\t\tLinkedIn\r\n\t\t<\/button>\r\n\t\t<button class='connect square balloon white-transparent instagram left' data-url='https:\/\/www.instagram.com\/cifar.ca_fr\/' aria-haspopup=\"false\"   aria-label='Suis nous surInstagram' data-balloon-pos='right'>\r\n\t\t\tInstagram\r\n\t\t<\/button>\r\n\r\n\t<p><strong>By Zahra Kharrati<\/strong><\/p>\r\n<h2>Kristin Andrews, membre du programme Avenir et \u00e9panouissement, a accueilli le CIFAR chez elle pendant une journ\u00e9e pour parler de ce qui inspire son travail<\/h2>\r\n<p>Ce n&rsquo;est pas une journ\u00e9e ordinaire pour <a href=\"https:\/\/cifar.ca\/fr\/biographie\/kristin-a-andrews\/\" target=\"_blank\" rel=\"noopener\">Kristin Andrews<\/a>, professeure \u00e0 l&rsquo;Universit\u00e9 de York et titulaire de la chaire de recherche York sur l&rsquo;esprit animal. Mais si vous entrez dans le monde sauvage de cette philosophe talentueuse, vous d\u00e9couvrirez rapidement que des journ\u00e9es ordinaires, il n&rsquo;y en a pas.<\/p>\r\n<p>Qu&rsquo;il s&rsquo;agisse de l&rsquo;observation du comportement des dauphins au Honduras, de l&rsquo;\u00e9tude des orangs-outans \u00e0 Born\u00e9o ou du suivi des courriels depuis son domicile de Toronto, Andrews a toujours le m\u00eame objectif en t\u00eate : explorer en profondeur des questions de longue date sur la cognition et la socialit\u00e9, gr\u00e2ce \u00e0 l&rsquo;aide du r\u00e8gne animal. Dans le cadre de son travail, Andrews conjugue expertise empirique et th\u00e9orique pour trouver r\u00e9ponse \u00e0 des questions sur les similitudes et les diff\u00e9rences entre les animaux humains et les animaux non humains, y compris en ce qui concerne leurs capacit\u00e9s c\u00e9r\u00e9brales.<\/p>\r\n<p>Membre du nouveau programme <a href=\"https:\/\/cifar.ca\/fr\/programmes-de-recherche\/avenir-et-epanouissement\/\" target=\"_blank\" rel=\"noopener\">Avenir et \u00e9panouissement<\/a> du CIFAR, Andrews explique que ce partenariat a donn\u00e9 lieu \u00e0 un certain nombre de relations de travail fructueuses qui ont renforc\u00e9 ses recherches de mani\u00e8re exponentielle.<\/p>\r\n<p>\u00ab\u2009Je suis convaincue que ces liens m\u00e8neront \u00e0 des recherches r\u00e9volutionnaires dans ce domaine, dit-elle. Des recherches qui inciteront le monde \u00e0 revoir les relations qui existent entre les animaux humains et les animaux non humains.\u2009\u00bb<\/p>\r\n\t\t\t\t<img loading=\"lazy\" decoding=\"async\" src=\"https:\/\/cifar.ca\/wp-content\/uploads\/2024\/06\/Kristin-1.jpg\" alt=\"A photo of Kristin Andrews sitting on a rust-coloured couch reading a book. There are a couple of stuffed animals sitting on the top right corner of the couch in the background. A plant is in the bottom-left corner of the photo.\tPhoto de Kristin Andrews assise sur un canap\u00e9 couleur rouille, en train de lire un livre. Deux animaux en peluche sont assis dans le coin sup\u00e9rieur droit du canap\u00e9, \u00e0 l'arri\u00e8re-plan. Il y a une plante dans le coin inf\u00e9rieur gauche de la photo. \" itemprop=\"image\" height=\"1080\" width=\"1920\" title=\"Kristin-1\" onerror=\"this.style.display='none'\"  \/>\t\t\t\t\t\r\n\t<p>Bien qu&rsquo;elle passe le gros de sa vie professionnelle dans le confort de son bureau au grenier, Kristin sillonne aussi le monde pour ses travaux de recherche. Prochaine \u00e9tape? La Tha\u00eflande, o\u00f9 elle \u00e9tudiera les interactions sociales entre les humains et les \u00e9l\u00e9phants.<\/p>\r\n\t\t\t\t<img loading=\"lazy\" decoding=\"async\" src=\"https:\/\/cifar.ca\/wp-content\/uploads\/2024\/06\/Kristin2-web.jpg\" alt=\"A photo of Kristin Andrews sitting at her desk and working on her laptop. The desk is situated in a corner by a window. There are sticky notes on the wall in front and on her desk, along with postcards, a keyboard and notebooks.\tPhoto de Kristin Andrews assise \u00e0 son bureau et travaillant \u00e0 son ordinateur portable. Le bureau se trouve dans un coin, pr\u00e8s d'une fen\u00eatre. Il y a des notes adh\u00e9sives sur le mur en face et sur son bureau, ainsi que des cartes postales, un clavier et des cahiers.\" itemprop=\"image\" height=\"600\" width=\"800\" title=\"Kristin2-web\" onerror=\"this.style.display='none'\"  \/>\t\t\t\t\t\r\n\t<p>Kristin, qui supervise la chaire de recherche York sur l&rsquo;esprit animal, pense que pour mener correctement des recherches sur des questions philosophiques traditionnelles et y trouver r\u00e9ponse &#8211; comme la nature de l&rsquo;action et la nature de l&rsquo;esprit &#8211; il convient d&rsquo;observer un vaste \u00e9ventail de sujets.<\/p>\r\n\t\t\t\t<img loading=\"lazy\" decoding=\"async\" src=\"https:\/\/cifar.ca\/wp-content\/uploads\/2024\/06\/kristin3-web.jpg\" alt=\"A photo Kristin's mudlarking collection. Pictured on a steel tray is a lice comb, a Victorian shilling and shards of Roman pottery. There is a wicker basket in the background.\tPhoto de la collection de trouvailles dans la boue de Kristin. Sur un plateau en acier se trouvent un peigne \u00e0 poux, un shilling victorien et des tessons de poterie romaine. Un panier en osier se trouve \u00e0 l'arri\u00e8re-plan. \r\n\" itemprop=\"image\" height=\"600\" width=\"800\" title=\"kristin3-web\" onerror=\"this.style.display='none'\"  \/>\t\t\t\t\t\r\n\t<p>Empreintes historiques : un peigne \u00e0 poux, un shilling victorien et des tessons de poterie romaine composent la collection de trouvailles dans la boue de Kristin. Ce passe-temps particulier &#8211; l&rsquo;un des pr\u00e9f\u00e9r\u00e9s de cette professeure de l&rsquo;Universit\u00e9 de York &#8211; consiste \u00e0 collectionner des objets historiques \u00e9chou\u00e9s \u00e0 mar\u00e9e basse au bord de la Tamise, \u00e0 Londres.<\/p>\r\n\t\t\t\t<img loading=\"lazy\" decoding=\"async\" src=\"https:\/\/cifar.ca\/wp-content\/uploads\/2024\/06\/kristin4-web.jpg\" alt=\"A photo of a stack of books written or edited by Kristin Andrews. The titles, from top to bottom are: The Animal Mind (Second Edition), Do Apes Read Minds? and The Routledge Handbook of Philosophy of Animal Minds.\tPhoto d'une pile de livres \u00e9crits ou dirig\u00e9s par Kristin Andrews. Les titres, de haut en bas, sont les suivants : The Animal Mind (deuxi\u00e8me \u00e9dition), Do Apes Read Minds? et The Routledge Handbook of Philosophy of Animal Minds. \r\n\" itemprop=\"image\" height=\"900\" width=\"800\" title=\"kristin4-web\" onerror=\"this.style.display='none'\"  \/>\t\t\t\t\t\r\n\t<p>Auteur publi\u00e9e dans le domaine de la philosophie de l&rsquo;esprit animal, Kristin travaille actuellement sur son premier livre grand public, <em>Societies in the Wild<\/em>, \u00e0 para\u00eetre en 2026. Ce livre examinera la culture animale et l&rsquo;existence interesp\u00e8ces et multiculturelle profonde dont font partie les animaux humains et non humains.<\/p>\r\n\t\t\t\t<img loading=\"lazy\" decoding=\"async\" src=\"https:\/\/cifar.ca\/wp-content\/uploads\/2024\/06\/kirstin5-web.jpg\" alt=\"A photo of Riddle, a five-year-old Havanese dog. Riddle is sitting on top of a coffee table, surrounded by a blue sectional.\tPhoto de Riddle, un bichon havanais de cinq ans. Riddle est assis sur une table basse, entour\u00e9 d'un canap\u00e9 bleu. \r\n\" itemprop=\"image\" height=\"900\" width=\"800\" title=\"kirstin5-web\" onerror=\"this.style.display='none'\"  \/>\t\t\t\t\t\r\n\t<p>Riddle, le chien de Kristin, un bichon havanais de cinq ans, lui donne chaque jour des le\u00e7ons de diversit\u00e9 cognitive. Elle affirme que l&rsquo;observation des particularit\u00e9s et des comportements quotidiens de son chien lui permet de mieux comprendre l&rsquo;individualisme chez les animaux non humains.<\/p>\r\n\t\t\t\t<img loading=\"lazy\" decoding=\"async\" src=\"https:\/\/cifar.ca\/wp-content\/uploads\/2024\/06\/kristin-web.jpg\" alt=\"A photo of Kristin Andrews sitting with graduate students and post-doctoral fellows from York University at her home. They are sitting around a table with their laptops and notes.\tPhoto de Kristin Andrews en compagnie de personnes dipl\u00f4m\u00e9es et de stagiaires au postdoctorat de l'Universit\u00e9 de York, chez elle. Le groupe est assis autour d'une table avec leurs ordinateurs portables et leurs notes. \" itemprop=\"image\" height=\"1080\" width=\"1920\" title=\"kristin-web\" onerror=\"this.style.display='none'\"  \/>\t\t\t\t\t\r\n\t<p>Des personnes dipl\u00f4m\u00e9es et des stagiaires au postdoctorat de l&rsquo;Universit\u00e9 de York se r\u00e9unissent au domicile de leur professeure.<\/p>\r\n\t<ul>\r\n\t\t<li>\r\n\t\t\t<button>\r\n\t\t\t\tImprimer\r\n\t\t\t<\/button>\r\n\t\t<\/li>\r\n\t\t<li>\r\n\t\t\t<button>\r\n\t\t\t\tCopier le lien\r\n\t\t\t<\/button>\r\n\t\t\t<label for=\"singleShareHiddenInput\">single share hidden input<\/label>\r\n\t\t\t<input id=\"singleShareHiddenInput\" tabindex=\"-1\" type=\"text\"\/>\r\n\t\t<\/li>\r\n\t\t\t\t<li>\r\n\t\t\t<button aria-controls=\"singleSharePlatforms-b07a4d1117c9ccb16b83985d941f8b80\">\r\n\t\t\t\tPartager\r\n\t\t\t<\/button>\r\n\t\t\t<h2>\r\n\t\t\tSuivez-nous\t\t<\/h2>\r\n\t\t<button class='connect square balloon white-transparent facebook left' data-url='https:\/\/www.facebook.com\/CIFAR\/' aria-haspopup=\"false\"   aria-label='Suis nous surFaceBook' data-balloon-pos='right'>\r\n\t\t\tFaceBook\r\n\t\t<\/button>\r\n\t\t<button class='connect square balloon white-transparent twitter' data-url='https:\/\/twitter.com\/nouvelles_CIFAR' aria-haspopup=\"false\"   aria-label='Suis nous surTwitter' data-balloon-pos='right'>\r\n\t\t\tTwitter\r\n\t\t<\/button>\r\n\t\t<button class='connect square balloon white-transparent youtube left' data-url='https:\/\/www.youtube.com\/channel\/UCZj1nnTIiutUjEg-22e8UTA' aria-haspopup=\"false\"   aria-label='Suis nous surYouTube' data-balloon-pos='right'>\r\n\t\t\tYouTube\r\n\t\t<\/button>\r\n\t\t<button class='connect square balloon white-transparent linkedin' data-url='https:\/\/ca.linkedin.com\/company\/canadian-institute-for-advanced-research' aria-haspopup=\"false\"   aria-label='Suis nous surLinkedIn' data-balloon-pos='right'>\r\n\t\t\tLinkedIn\r\n\t\t<\/button>\r\n\t\t<button class='connect square balloon white-transparent instagram left' data-url='https:\/\/www.instagram.com\/cifar.ca_fr\/' aria-haspopup=\"false\"   aria-label='Suis nous surInstagram' data-balloon-pos='right'>\r\n\t\t\tInstagram\r\n\t\t<\/button>\r\n\t\t<\/li>\r\n\t\t\t<\/ul>\r\n\t  \t\t \t\t\t\t<h2>Articles li\u00e9s<\/h2>\r\n\t\t\t\t\t\t<ul>\r\n\t\t\t\t\t\t\t\t\t<li>\r\n\t\t\t\t\t\t<a href=\"https:\/\/cifar.ca\/fr\/cifarnews\/2025\/07\/15\/le-cifar-lance-une-nouvelle-exploration-sur-lavenir-de-lalimentation\/\">Le CIFAR lance une nouvelle exploration sur \u00ab\u2009L&rsquo;avenir de l&rsquo;alimentation\u2009\u00bb<\/a>\r\n\t\t\t\t\t\t04 septembre 2024\r\n\t\t\t\t\t<\/li>\r\n\t\t\t\t\t\t\t\t\t<li>\r\n\t\t\t\t\t\t<a href=\"https:\/\/cifar.ca\/fr\/cifarnews\/2024\/07\/24\/la-20e-edition-de-lecole-dete-sur-lapar-amene-au-canada-les-plus-brillants-esprits-du-monde-dans-le-domaine-de-lia\/\">La 20e \u00e9dition de l&rsquo;\u00c9cole d&rsquo;\u00e9t\u00e9 sur l&rsquo;APAR am\u00e8ne au Canada les plus brillants esprits du monde dans le domaine de l&rsquo;IA<\/a>\r\n\t\t\t\t\t\t24 juillet 2024\r\n\t\t\t\t\t<\/li>\r\n\t\t\t\t\t\t\t\t\t<li>\r\n\t\t\t\t\t\t<a href=\"https:\/\/cifar.ca\/fr\/cifarnews\/2024\/06\/20\/des-titulaires-de-chaires-en-ia-canada-cifar-se-sont-reunis-a-banff-a-loccasion-de-la-rencontre-annuelle-diacan\/\">Des titulaires de chaires en IA Canada-CIFAR se sont r\u00e9unis \u00e0 Banff \u00e0 l&rsquo;occasion de la rencontre annuelle d&rsquo;IACan<\/a>\r\n\t\t\t\t\t\t20 juin 2024\r\n\t\t\t\t\t<\/li>\r\n\t\t\t\t\t\t\t\t\t<li>\r\n\t\t\t\t\t\t<a href=\"https:\/\/cifar.ca\/fr\/cifarnews\/2024\/06\/18\/perspectives-autochtone-en-ia\/\">Perspectives autochtone en IA<\/a>\r\n\t\t\t\t\t\t18 juin 2024\r\n\t\t\t\t\t<\/li>\r\n\t\t\t\t\t\t\t<\/ul>\r\n<h2>\r\n\t\tSoutenez-nous\r\n\t<\/h2>\r\n\t<p>L&rsquo;Institut canadien de recherches avanc\u00e9es (CIFAR) est une organisation de recherche d&rsquo;influence mondiale fi\u00e8rement bas\u00e9e au Canada. Nous mobilisons les plus brillants personnes du monde, dans toutes les disciplines et \u00e0 tous les stades de carri\u00e8re, pour faire progresser les connaissances transformatrices et r\u00e9soudre ensemble les plus grands probl\u00e8mes de l&rsquo;humanit\u00e9. Nous recevons l&rsquo;appui des gouvernements du Canada, de l&rsquo;Alberta et du Qu\u00e9bec, ainsi que de fondations, de particuliers, d&rsquo;entreprises et d&rsquo;organisations partenaires du Canada et du monde entier.<\/p>\r\n   <!-- Mandeep add class on anchor -->\r\n\t<a href=\"https:\/\/cifar.ca\/fr\/dons\/\" target=\"_self\" rel=\"noopener\">\r\n\t\t\t\t\tDons\t\t\t\t\t\t\t\r\n\t\t\t\t\t\t<\/a>\r\n\r\n","protected":false},"excerpt":{"rendered":"<p>Kristin Andrews, membre du programme Avenir et \u00e9panouissement, a accueilli le CIFAR chez elle pendant une journ\u00e9e pour parler de ce qui inspire son travail<\/p>\n","protected":false},"author":65,"featured_media":58598,"parent":33274,"menu_order":0,"comment_status":"closed","ping_status":"closed","template":"","meta":{"_acf_changed":false,"footnotes":""},"class_list":["post-58712","page","type-page","status-publish","has-post-thumbnail","hentry"],"acf":[],"yoast_head":"<!-- This site is optimized with the Yoast SEO plugin v27.2 - https:\/\/yoast.com\/product\/yoast-seo-wordpress\/ -->\n<title>CIFAR<\/title>\n<meta name=\"description\" content=\"Kristin Andrews, membre du programme Avenir et \u00e9panouissement, a accueilli le CIFAR chez elle pendant une journ\u00e9e pour parler de ce qui inspire son travail\" \/>\n<meta name=\"robots\" content=\"index, follow, max-snippet:-1, max-image-preview:large, max-video-preview:-1\" \/>\n<link rel=\"canonical\" href=\"https:\/\/cifar.ca\/fr\/publications-et-rapports\/la-revue-reach\/journee-avec-kristin-andrews\/\" \/>\n<meta property=\"og:locale\" content=\"fr_FR\" \/>\n<meta property=\"og:type\" content=\"article\" \/>\n<meta property=\"og:title\" content=\"Reach 2024: Une journ\u00e9e avec Kristin Andrews - CIFAR\" \/>\n<meta property=\"og:description\" content=\"Kristin Andrews, membre du programme Avenir et \u00e9panouissement, a accueilli le CIFAR chez elle pendant une journ\u00e9e pour parler de ce qui inspire son travail\" \/>\n<meta property=\"og:url\" content=\"https:\/\/cifar.ca\/fr\/publications-et-rapports\/la-revue-reach\/journee-avec-kristin-andrews\/\" \/>\n<meta property=\"og:site_name\" content=\"CIFAR\" \/>\n<meta property=\"article:modified_time\" content=\"2025-12-17T11:16:46+00:00\" \/>\n<meta property=\"og:image\" content=\"https:\/\/cifar.ca\/wp-content\/uploads\/2024\/06\/Reach-brainsection.jpg\" \/>\n\t<meta property=\"og:image:width\" content=\"1536\" \/>\n\t<meta property=\"og:image:height\" content=\"864\" \/>\n\t<meta property=\"og:image:type\" content=\"image\/jpeg\" \/>\n<meta name=\"twitter:card\" content=\"summary_large_image\" \/>\n<meta name=\"twitter:label1\" content=\"Dur\u00e9e de lecture estim\u00e9e\" \/>\n\t<meta name=\"twitter:data1\" content=\"5 minutes\" \/>\n<script type=\"application\/ld+json\" class=\"yoast-schema-graph\">{\"@context\":\"https:\/\/schema.org\",\"@graph\":[{\"@type\":\"WebPage\",\"@id\":\"https:\/\/cifar.ca\/fr\/publications-et-rapports\/la-revue-reach\/journee-avec-kristin-andrews\/\",\"url\":\"https:\/\/cifar.ca\/fr\/publications-et-rapports\/la-revue-reach\/journee-avec-kristin-andrews\/\",\"name\":\"Reach 2024: Une journ\u00e9e avec Kristin Andrews - CIFAR\",\"isPartOf\":{\"@id\":\"https:\/\/cifar.ca\/fr\/#website\"},\"primaryImageOfPage\":{\"@id\":\"https:\/\/cifar.ca\/fr\/publications-et-rapports\/la-revue-reach\/journee-avec-kristin-andrews\/#primaryimage\"},\"image\":{\"@id\":\"https:\/\/cifar.ca\/fr\/publications-et-rapports\/la-revue-reach\/journee-avec-kristin-andrews\/#primaryimage\"},\"thumbnailUrl\":\"https:\/\/cifar.ca\/wp-content\/uploads\/2024\/06\/Reach-brainsection.jpg\",\"datePublished\":\"2024-06-06T15:21:24+00:00\",\"dateModified\":\"2025-12-17T11:16:46+00:00\",\"description\":\"Kristin Andrews, membre du programme Avenir et \u00e9panouissement, a accueilli le CIFAR chez elle pendant une journ\u00e9e pour parler de ce qui inspire son travail\",\"breadcrumb\":{\"@id\":\"https:\/\/cifar.ca\/fr\/publications-et-rapports\/la-revue-reach\/journee-avec-kristin-andrews\/#breadcrumb\"},\"inLanguage\":\"fr-FR\",\"potentialAction\":[{\"@type\":\"ReadAction\",\"target\":[\"https:\/\/cifar.ca\/fr\/publications-et-rapports\/la-revue-reach\/journee-avec-kristin-andrews\/\"]}]},{\"@type\":\"ImageObject\",\"inLanguage\":\"fr-FR\",\"@id\":\"https:\/\/cifar.ca\/fr\/publications-et-rapports\/la-revue-reach\/journee-avec-kristin-andrews\/#primaryimage\",\"url\":\"https:\/\/cifar.ca\/wp-content\/uploads\/2024\/06\/Reach-brainsection.jpg\",\"contentUrl\":\"https:\/\/cifar.ca\/wp-content\/uploads\/2024\/06\/Reach-brainsection.jpg\",\"width\":1536,\"height\":864},{\"@type\":\"BreadcrumbList\",\"@id\":\"https:\/\/cifar.ca\/fr\/publications-et-rapports\/la-revue-reach\/journee-avec-kristin-andrews\/#breadcrumb\",\"itemListElement\":[{\"@type\":\"ListItem\",\"position\":1,\"name\":\"Acceuil\",\"item\":\"https:\/\/cifar.ca\/fr\/\"},{\"@type\":\"ListItem\",\"position\":2,\"name\":\"Publications et rapports\",\"item\":\"https:\/\/cifar.ca\/fr\/publications-et-rapports\/\"},{\"@type\":\"ListItem\",\"position\":3,\"name\":\"Revue Reach\",\"item\":\"https:\/\/cifar.ca\/fr\/publications-et-rapports\/la-revue-reach\/\"},{\"@type\":\"ListItem\",\"position\":4,\"name\":\"Reach 2024: Une journ\u00e9e avec Kristin Andrews\"}]},{\"@type\":\"WebSite\",\"@id\":\"https:\/\/cifar.ca\/fr\/#website\",\"url\":\"https:\/\/cifar.ca\/fr\/\",\"name\":\"CIFAR\",\"description\":\"Convoquer des esprits extraordinaires pour r\u00e9pondre aux questions les plus importantes auxquelles la science et l'humanit\u00e9 sont confront\u00e9es.\",\"publisher\":{\"@id\":\"https:\/\/cifar.ca\/fr\/#organization\"},\"potentialAction\":[{\"@type\":\"SearchAction\",\"target\":{\"@type\":\"EntryPoint\",\"urlTemplate\":\"https:\/\/cifar.ca\/fr\/?s={search_term_string}\"},\"query-input\":{\"@type\":\"PropertyValueSpecification\",\"valueRequired\":true,\"valueName\":\"search_term_string\"}}],\"inLanguage\":\"fr-FR\"},{\"@type\":\"Organization\",\"@id\":\"https:\/\/cifar.ca\/fr\/#organization\",\"name\":\"CIFAR\",\"url\":\"https:\/\/cifar.ca\/fr\/\",\"logo\":{\"@type\":\"ImageObject\",\"inLanguage\":\"fr-FR\",\"@id\":\"https:\/\/cifar.ca\/fr\/#\/schema\/logo\/image\/\",\"url\":\"https:\/\/cifar.ca\/wp-content\/uploads\/2020\/01\/cifar-logo-rgb-colour.png\",\"contentUrl\":\"https:\/\/cifar.ca\/wp-content\/uploads\/2020\/01\/cifar-logo-rgb-colour.png\",\"width\":1884,\"height\":681,\"caption\":\"CIFAR\"},\"image\":{\"@id\":\"https:\/\/cifar.ca\/fr\/#\/schema\/logo\/image\/\"}}]}<\/script>\n<!-- \/ Yoast SEO plugin. -->","yoast_head_json":{"title":"CIFAR","description":"Kristin Andrews, membre du programme Avenir et \u00e9panouissement, a accueilli le CIFAR chez elle pendant une journ\u00e9e pour parler de ce qui inspire son travail","robots":{"index":"index","follow":"follow","max-snippet":"max-snippet:-1","max-image-preview":"max-image-preview:large","max-video-preview":"max-video-preview:-1"},"canonical":"https:\/\/cifar.ca\/fr\/publications-et-rapports\/la-revue-reach\/journee-avec-kristin-andrews\/","og_locale":"fr_FR","og_type":"article","og_title":"Reach 2024: Une journ\u00e9e avec Kristin Andrews - CIFAR","og_description":"Kristin Andrews, membre du programme Avenir et \u00e9panouissement, a accueilli le CIFAR chez elle pendant une journ\u00e9e pour parler de ce qui inspire son travail","og_url":"https:\/\/cifar.ca\/fr\/publications-et-rapports\/la-revue-reach\/journee-avec-kristin-andrews\/","og_site_name":"CIFAR","article_modified_time":"2025-12-17T11:16:46+00:00","og_image":[{"width":1536,"height":864,"url":"https:\/\/cifar.ca\/wp-content\/uploads\/2024\/06\/Reach-brainsection.jpg","type":"image\/jpeg"}],"twitter_card":"summary_large_image","twitter_misc":{"Dur\u00e9e de lecture estim\u00e9e":"5 minutes"},"schema":{"@context":"https:\/\/schema.org","@graph":[{"@type":"WebPage","@id":"https:\/\/cifar.ca\/fr\/publications-et-rapports\/la-revue-reach\/journee-avec-kristin-andrews\/","url":"https:\/\/cifar.ca\/fr\/publications-et-rapports\/la-revue-reach\/journee-avec-kristin-andrews\/","name":"Reach 2024: Une journ\u00e9e avec Kristin Andrews - CIFAR","isPartOf":{"@id":"https:\/\/cifar.ca\/fr\/#website"},"primaryImageOfPage":{"@id":"https:\/\/cifar.ca\/fr\/publications-et-rapports\/la-revue-reach\/journee-avec-kristin-andrews\/#primaryimage"},"image":{"@id":"https:\/\/cifar.ca\/fr\/publications-et-rapports\/la-revue-reach\/journee-avec-kristin-andrews\/#primaryimage"},"thumbnailUrl":"https:\/\/cifar.ca\/wp-content\/uploads\/2024\/06\/Reach-brainsection.jpg","datePublished":"2024-06-06T15:21:24+00:00","dateModified":"2025-12-17T11:16:46+00:00","description":"Kristin Andrews, membre du programme Avenir et \u00e9panouissement, a accueilli le CIFAR chez elle pendant une journ\u00e9e pour parler de ce qui inspire son travail","breadcrumb":{"@id":"https:\/\/cifar.ca\/fr\/publications-et-rapports\/la-revue-reach\/journee-avec-kristin-andrews\/#breadcrumb"},"inLanguage":"fr-FR","potentialAction":[{"@type":"ReadAction","target":["https:\/\/cifar.ca\/fr\/publications-et-rapports\/la-revue-reach\/journee-avec-kristin-andrews\/"]}]},{"@type":"ImageObject","inLanguage":"fr-FR","@id":"https:\/\/cifar.ca\/fr\/publications-et-rapports\/la-revue-reach\/journee-avec-kristin-andrews\/#primaryimage","url":"https:\/\/cifar.ca\/wp-content\/uploads\/2024\/06\/Reach-brainsection.jpg","contentUrl":"https:\/\/cifar.ca\/wp-content\/uploads\/2024\/06\/Reach-brainsection.jpg","width":1536,"height":864},{"@type":"BreadcrumbList","@id":"https:\/\/cifar.ca\/fr\/publications-et-rapports\/la-revue-reach\/journee-avec-kristin-andrews\/#breadcrumb","itemListElement":[{"@type":"ListItem","position":1,"name":"Acceuil","item":"https:\/\/cifar.ca\/fr\/"},{"@type":"ListItem","position":2,"name":"Publications et rapports","item":"https:\/\/cifar.ca\/fr\/publications-et-rapports\/"},{"@type":"ListItem","position":3,"name":"Revue Reach","item":"https:\/\/cifar.ca\/fr\/publications-et-rapports\/la-revue-reach\/"},{"@type":"ListItem","position":4,"name":"Reach 2024: Une journ\u00e9e avec Kristin Andrews"}]},{"@type":"WebSite","@id":"https:\/\/cifar.ca\/fr\/#website","url":"https:\/\/cifar.ca\/fr\/","name":"CIFAR","description":"Convoquer des esprits extraordinaires pour r\u00e9pondre aux questions les plus importantes auxquelles la science et l'humanit\u00e9 sont confront\u00e9es.","publisher":{"@id":"https:\/\/cifar.ca\/fr\/#organization"},"potentialAction":[{"@type":"SearchAction","target":{"@type":"EntryPoint","urlTemplate":"https:\/\/cifar.ca\/fr\/?s={search_term_string}"},"query-input":{"@type":"PropertyValueSpecification","valueRequired":true,"valueName":"search_term_string"}}],"inLanguage":"fr-FR"},{"@type":"Organization","@id":"https:\/\/cifar.ca\/fr\/#organization","name":"CIFAR","url":"https:\/\/cifar.ca\/fr\/","logo":{"@type":"ImageObject","inLanguage":"fr-FR","@id":"https:\/\/cifar.ca\/fr\/#\/schema\/logo\/image\/","url":"https:\/\/cifar.ca\/wp-content\/uploads\/2020\/01\/cifar-logo-rgb-colour.png","contentUrl":"https:\/\/cifar.ca\/wp-content\/uploads\/2020\/01\/cifar-logo-rgb-colour.png","width":1884,"height":681,"caption":"CIFAR"},"image":{"@id":"https:\/\/cifar.ca\/fr\/#\/schema\/logo\/image\/"}}]}},"_links":{"self":[{"href":"https:\/\/cifar.ca\/fr\/wp-json\/wp\/v2\/pages\/58712","targetHints":{"allow":["GET"]}}],"collection":[{"href":"https:\/\/cifar.ca\/fr\/wp-json\/wp\/v2\/pages"}],"about":[{"href":"https:\/\/cifar.ca\/fr\/wp-json\/wp\/v2\/types\/page"}],"author":[{"embeddable":true,"href":"https:\/\/cifar.ca\/fr\/wp-json\/wp\/v2\/users\/65"}],"replies":[{"embeddable":true,"href":"https:\/\/cifar.ca\/fr\/wp-json\/wp\/v2\/comments?post=58712"}],"version-history":[{"count":0,"href":"https:\/\/cifar.ca\/fr\/wp-json\/wp\/v2\/pages\/58712\/revisions"}],"up":[{"embeddable":true,"href":"https:\/\/cifar.ca\/fr\/wp-json\/wp\/v2\/pages\/33274"}],"wp:featuredmedia":[{"embeddable":true,"href":"https:\/\/cifar.ca\/fr\/wp-json\/wp\/v2\/media\/58598"}],"wp:attachment":[{"href":"https:\/\/cifar.ca\/fr\/wp-json\/wp\/v2\/media?parent=58712"}],"curies":[{"name":"wp","href":"https:\/\/api.w.org\/{rel}","templated":true}]}}