{"id":58791,"date":"2024-06-13T11:26:04","date_gmt":"2024-06-13T15:26:04","guid":{"rendered":"https:\/\/cifar.ca\/publications-et-rapports\/la-revue-reach\/unlocking-the-mysteries-of-the-brain\/"},"modified":"2025-12-17T06:18:47","modified_gmt":"2025-12-17T11:18:47","slug":"elucider-les-mysteres-du-cerveau","status":"publish","type":"page","link":"https:\/\/cifar.ca\/fr\/publications-et-rapports\/la-revue-reach\/elucider-les-mysteres-du-cerveau\/","title":{"rendered":"Reach 2024 : \u00c9lucider les myst\u00e8res du cerveau gr\u00e2ce \u00e0 l&rsquo;aide d&rsquo;une commaunt\u00e9 donatrice visionnaire"},"content":{"rendered":"\r\n\r\n\t\t\t<h2>\r\n\t\t\tSuivez-nous\t\t<\/h2>\r\n\t\t<button class='connect square balloon white-transparent facebook left' data-url='https:\/\/www.facebook.com\/CIFAR\/' aria-haspopup=\"false\"   aria-label='Suis nous surFaceBook' data-balloon-pos='right'>\r\n\t\t\tFaceBook\r\n\t\t<\/button>\r\n\t\t<button class='connect square balloon white-transparent twitter' data-url='https:\/\/twitter.com\/cifar_news' aria-haspopup=\"false\"   aria-label='Suis nous surTwitter' data-balloon-pos='right'>\r\n\t\t\tTwitter\r\n\t\t<\/button>\r\n\t\t<button class='connect square balloon white-transparent youtube left' data-url='https:\/\/www.youtube.com\/channel\/UCZj1nnTIiutUjEg-22e8UTA' aria-haspopup=\"false\"   aria-label='Suis nous surYouTube' data-balloon-pos='right'>\r\n\t\t\tYouTube\r\n\t\t<\/button>\r\n\t\t<button class='connect square balloon white-transparent linkedin' data-url='https:\/\/ca.linkedin.com\/company\/canadian-institute-for-advanced-research' aria-haspopup=\"false\"   aria-label='Suis nous surLinkedIn' data-balloon-pos='right'>\r\n\t\t\tLinkedIn\r\n\t\t<\/button>\r\n\t\t<button class='connect square balloon white-transparent instagram left' data-url='https:\/\/www.instagram.com\/cifar.ca_fr\/' aria-haspopup=\"false\"   aria-label='Suis nous surInstagram' data-balloon-pos='right'>\r\n\t\t\tInstagram\r\n\t\t<\/button>\r\n\r\n\t<p><strong>Par JP Udo<\/strong><\/p>\r\n\t<p>Le parcours de l&rsquo;humanit\u00e9 pour d\u00e9chiffrer les complexit\u00e9s du cerveau a commenc\u00e9 il y a des si\u00e8cles et se poursuit activement aujourd&rsquo;hui. Plus notre exploration de l&rsquo;esprit humain s&rsquo;approfondit, mieux nous pouvons en scruter les rouages. Plus nous remontons le fil de son \u00e9volution, plus nous nous rendons compte des limites de notre compr\u00e9hension de cet organe complexe.<\/p>\r\n<p>L&rsquo;\u00e9lucidation des secrets du cerveau pourrait r\u00e9volutionner notre approche aux traitements en sant\u00e9 mentale, am\u00e9liorer nos strat\u00e9gies d&rsquo;intervention pr\u00e9coce dans les cas de maladies neurologiques et guider l&rsquo;int\u00e9gration \u00e9thique des technologies \u00e9mergentes dans nos vies.<\/p>\r\n<p>Et ce n&rsquo;est pas tout.<\/p>\r\n<p>Cependant, le financement de la recherche fondamentale constitue souvent un d\u00e9fi. En effet, il est impossible de pr\u00e9dire ce qui sera d\u00e9couvert ou comment les r\u00e9sultats pourront am\u00e9liorer notre monde naturel et social, m\u00eame si ce type de recherche repr\u00e9sente le fondement indispensable de toute perc\u00e9e.<\/p>\r\n<h4>RECHERCHE FONDAMENTALE SUR LE CERVEAU AU CIFAR<\/h4>\r\n<p>Ensemble, les scientifiques du CIFAR de plusieurs programmes, dont <a href=\"https:\/\/cifar.ca\/fr\/programmes-de-recherche\/cerveau-esprit-et-conscience\/\" target=\"_blank\" rel=\"noopener\">Cerveau, esprit et conscience<\/a>, <a href=\"https:\/\/cifar.ca\/fr\/programmes-de-recherche\/developpement-du-cerveau-et-de-lenfant\/\" target=\"_blank\" rel=\"noopener\">D\u00e9veloppement du cerveau et de l&rsquo;enfant<\/a>, <a href=\"https:\/\/cifar.ca\/fr\/programmes-de-recherche\/etre-humain-multiechelle-cifar-macmillan\/\" target=\"_blank\" rel=\"noopener\">\u00catre humain multi\u00e9chelle CIFAR-MacMillan<\/a>, <a href=\"https:\/\/cifar.ca\/fr\/programmes-de-recherche\/avenir-et-epanouissement\/\" target=\"_blank\" rel=\"noopener\">Avenir et \u00e9panouissement<\/a>, <a href=\"https:\/\/cifar.ca\/fr\/programmes-de-recherche\/apprentissage-automatique-apprentissage-biologiques\/\" target=\"_blank\" rel=\"noopener\">Apprentissage automatique, apprentissage biologique<\/a>, et de la <a href=\"https:\/\/cifar.ca\/fr\/ia\/\" target=\"_blank\" rel=\"noopener\">Strat\u00e9gie pancanadienne en mati\u00e8re d&rsquo;IA<\/a> cherchent \u00e0 cerner les principes sous-jacents qui gouvernent les fonctions c\u00e9r\u00e9brales, y compris le mode de communication des neurones, le fonctionnement de la plasticit\u00e9 synaptique, le r\u00f4le des divers neurotransmetteurs, et bien plus encore.<\/p>\r\n<p>Gr\u00e2ce \u00e0 des recherches novatrices, les membres du CIFAR ont r\u00e9alis\u00e9 des avanc\u00e9es consid\u00e9rables dans notre compr\u00e9hension du cerveau et de ses complexit\u00e9s.<\/p>\r\n<p>En voici quelques exemples : <a href=\"https:\/\/cifar.ca\/fr\/biographie\/ed-lein\/\" target=\"_blank\" rel=\"noopener\">Ed Lein<\/a>, membre du programme \u00catre humain multi\u00e9chelle CIFAR-MacMillan, a publi\u00e9 de nouvelles cartes cellulaires du cerveau humain et du cerveau des primates, issues de plusieurs \u00e9tudes de recherche fondamentale. En parall\u00e8le, <a href=\"https:\/\/cifar.ca\/fr\/biographie\/liad-mudrik\/\" target=\"_blank\" rel=\"noopener\">Liad Mudrik<\/a>, titulaire de bourse Tanenbaum, en collaboration avec d&rsquo;autres membres du programme Cerveau, esprit et conscience, a lanc\u00e9 une base de donn\u00e9es qui acc\u00e9l\u00e8re les \u00e9tudes et l&rsquo;analyse des tendances dans le domaine de la recherche sur la conscience. Par ailleurs, <a href=\"https:\/\/cifar.ca\/fr\/biographie\/yoshua-bengio\/\" target=\"_blank\" rel=\"noopener\">Yoshua Bengio<\/a>, coresponsable du programme Apprentissage automatique, apprentissage biologique (\u00e9galement titulaire de chaire en IA Canada-CIFAR), a \u00e9clairci les principes susceptibles de guider l&rsquo;intelligence humaine et animale, ce qui pourrait inspirer la recherche sur l&rsquo;IA et la neuroscience. <a href=\"https:\/\/cifar.ca\/fr\/biographie\/daniel-ansari\/\" target=\"_blank\" rel=\"noopener\">Daniel Ansari<\/a>, membre du programme D\u00e9veloppement du cerveau et de l&rsquo;enfant, et <a href=\"https:\/\/cifar.ca\/fr\/biographie\/candice-odgers\/\" target=\"_blank\" rel=\"noopener\">Candice Odgers<\/a>, coresponsable du programme, ont apport\u00e9 de solides contributions au croisement de l&rsquo;apprentissage chez l&rsquo;enfant, des m\u00e9gadonn\u00e9es et des in\u00e9galit\u00e9s par l&rsquo;analyse de la perte d&rsquo;apprentissage pendant la COVID.<\/p>\r\n<p>Les progr\u00e8s de nos scientifiques pour parvenir \u00e0 une compr\u00e9hension interdisciplinaire du cerveau humain et de ses myst\u00e8res sont remarquables et se poursuivent sans rel\u00e2che. Ces avanc\u00e9es impressionnantes ne sont possibles que gr\u00e2ce au soutien de la communaut\u00e9 donatrice.<\/p>\r\n\t\t\t\t<img loading=\"lazy\" decoding=\"async\" src=\"https:\/\/cifar.ca\/wp-content\/uploads\/2024\/06\/LarryTanenbaum.jpg\" alt=\"Larry Tanenbaum\" itemprop=\"image\" height=\"400\" width=\"300\" title=\"LarryTanenbaum\" onerror=\"this.style.display='none'\"  \/>\t\t\t\t\t\r\n\t<p><strong>\u00ab La communaut\u00e9 du CIFAR compte des scientifiques d&rsquo;exception et des philanthropes au regard tourn\u00e9 vers l&rsquo;avenir qui partagent une curiosit\u00e9 insatiable et qui investissent dans des recherches capables de percer les myst\u00e8res du cerveau \u00e0 un rythme sans pr\u00e9c\u00e9dent. \u00bb<\/strong><strong>&#8211; Larry Tanenbaum<\/strong><\/p>\r\n\t\r\n<h4>LA PHILANTHROPIE FAIT AVANCER LA RECHERCHE FONDAMENTALE SUR LE CERVEAU<\/h4>\r\n<p>\u00c0 la question de savoir si la recherche fondamentale peut ouvrir de nouveaux horizons dans la recherche sur le cerveau, Larry Tanenbaum, donateur de longue date du CIFAR qui soutient la recherche sur le cerveau, a r\u00e9pondu sans ambages :<\/p>\r\n<p>\u00ab La communaut\u00e9 du CIFAR compte des scientifiques d&rsquo;exception et des philanthropes au regard tourn\u00e9 vers l&rsquo;avenir qui partagent une curiosit\u00e9 insatiable et qui investissent dans des recherches capables de percer les myst\u00e8res du cerveau \u00e0 un rythme sans pr\u00e9c\u00e9dent. \u00bb<\/p>\r\n<p>Les nouvelles connaissances acquises gr\u00e2ce \u00e0 la philanthropie de M. Tanenbaum &#8211; et de tant d&rsquo;autres &#8211; permettront aux scientifiques de mettre au point des traitements et des technologies cibl\u00e9s, de concevoir des m\u00e9dicaments et des strat\u00e9gies th\u00e9rapeutiques contre lestroubles neurologiques, et d&rsquo;am\u00e9liorer sans cesse notre compr\u00e9hension de la nature m\u00eame de l&rsquo;\u00eatre humain &#8211; d&rsquo;une mani\u00e8re que d&rsquo;aucuns ne comprennent peut-\u00eatre pas encore pleinement aujourd&rsquo;hui.<\/p>\r\n<p>\u00ab Je suis d\u00e9termin\u00e9 \u00e0 soutenir la science du cerveau, explique M. Tanenbaum. Il est difficile d&rsquo;obtenir un financement souple et \u00e0 long terme en faveur d&rsquo;une recherche fondamentale libre de toute contrainte, mais cela reste n\u00e9anmoins essentiel \u00e0 la r\u00e9alisation de perc\u00e9es. \u00bb<\/p>\r\n<p>Ensemble, nous d\u00e9mystifierons les secrets les plus profonds du cerveau, pr\u00e9parant ainsi le terrain pour un avenir marqu\u00e9 par la compr\u00e9hension et l&rsquo;innovation.<\/p>\r\n<hr \/>\r\n<p>La recherche fondamentale au CIFAR nous a apport\u00e9 les connaissances et les \u00e9clairages n\u00e9cessaires pour \u00e9tablir les d\u00e9terminants sociaux de la sant\u00e9, d\u00e9tecter de nouveaux sursauts radio rapides et r\u00e9p\u00e9titifs \u00e9manant de l&rsquo;espace lointain et jeter les bases des garderies \u00e0 plein temps et des centres d&rsquo;\u00e9ducation parentale. La recherche pourrait aussi mener \u00e0 de nouvelles d\u00e9couvertes sur le cerveau. D\u00e9couvrez comment vous pouvez soutenir nos recherches : <a href=\"https:\/\/cifar.ca\/fr\/faites-un-don-sans-tarder\/\" target=\"_blank\" rel=\"noopener\">cifar.ca\/fr\/faites-un-don-sans-tarder<\/a><\/p>\r\n\t<ul>\r\n\t\t<li>\r\n\t\t\t<button>\r\n\t\t\t\tImprimer\r\n\t\t\t<\/button>\r\n\t\t<\/li>\r\n\t\t<li>\r\n\t\t\t<button>\r\n\t\t\t\tCopier le lien\r\n\t\t\t<\/button>\r\n\t\t\t<label for=\"singleShareHiddenInput\">single share hidden input<\/label>\r\n\t\t\t<input id=\"singleShareHiddenInput\" tabindex=\"-1\" type=\"text\"\/>\r\n\t\t<\/li>\r\n\t\t\t\t<li>\r\n\t\t\t<button aria-controls=\"singleSharePlatforms-b07a4d1117c9ccb16b83985d941f8b80\">\r\n\t\t\t\tPartager\r\n\t\t\t<\/button>\r\n\t\t\t<h2>\r\n\t\t\tSuivez-nous\t\t<\/h2>\r\n\t\t<button class='connect square balloon white-transparent facebook left' data-url='https:\/\/www.facebook.com\/CIFAR\/' aria-haspopup=\"false\"   aria-label='Suis nous surFaceBook' data-balloon-pos='right'>\r\n\t\t\tFaceBook\r\n\t\t<\/button>\r\n\t\t<button class='connect square balloon white-transparent twitter' data-url='https:\/\/twitter.com\/nouvelles_CIFAR' aria-haspopup=\"false\"   aria-label='Suis nous surTwitter' data-balloon-pos='right'>\r\n\t\t\tTwitter\r\n\t\t<\/button>\r\n\t\t<button class='connect square balloon white-transparent youtube left' data-url='https:\/\/www.youtube.com\/channel\/UCZj1nnTIiutUjEg-22e8UTA' aria-haspopup=\"false\"   aria-label='Suis nous surYouTube' data-balloon-pos='right'>\r\n\t\t\tYouTube\r\n\t\t<\/button>\r\n\t\t<button class='connect square balloon white-transparent linkedin' data-url='https:\/\/ca.linkedin.com\/company\/canadian-institute-for-advanced-research' aria-haspopup=\"false\"   aria-label='Suis nous surLinkedIn' data-balloon-pos='right'>\r\n\t\t\tLinkedIn\r\n\t\t<\/button>\r\n\t\t<button class='connect square balloon white-transparent instagram left' data-url='https:\/\/www.instagram.com\/cifar.ca_fr\/' aria-haspopup=\"false\"   aria-label='Suis nous surInstagram' data-balloon-pos='right'>\r\n\t\t\tInstagram\r\n\t\t<\/button>\r\n\t\t<\/li>\r\n\t\t\t<\/ul>\r\n\t  \t\t \t\t\t\t<h2>Articles li\u00e9s<\/h2>\r\n\t\t\t\t\t\t<ul>\r\n\t\t\t\t\t\t\t\t\t<li>\r\n\t\t\t\t\t\t<a href=\"https:\/\/cifar.ca\/fr\/cifarnews\/2024\/06\/13\/bebes-microorganismes-et-cerveaux\/\">B\u00e9b\u00e9s, microorganismes et cerveaux<\/a>\r\n\t\t\t\t\t\t13 juin 2024\r\n\t\t\t\t\t<\/li>\r\n\t\t\t\t\t\t\t\t\t<li>\r\n\t\t\t\t\t\t<a href=\"https:\/\/cifar.ca\/fr\/cifarnews\/2024\/06\/13\/comment-creer-une-carte-google-du-corps\/\">Comment cr\u00e9er une carte Google du corps?<\/a>\r\n\t\t\t\t\t\t13 juin 2024\r\n\t\t\t\t\t<\/li>\r\n\t\t\t\t\t\t\t\t\t<li>\r\n\t\t\t\t\t\t<a href=\"https:\/\/cifar.ca\/fr\/cifarnews\/2024\/06\/13\/comment-le-cerveau-donne-t-il-lieu-a-lesprit\/\">Comment le cerveau donne-t-il lieu \u00e0 l&rsquo;esprit?<\/a>\r\n\t\t\t\t\t\t13 juin 2024\r\n\t\t\t\t\t<\/li>\r\n\t\t\t\t\t\t\t\t\t<li>\r\n\t\t\t\t\t\t<a href=\"https:\/\/cifar.ca\/fr\/cifarnews\/2024\/06\/13\/une-journee-avec-kristin-andrews\/\">Une journ\u00e9e avec Kristin Andrews<\/a>\r\n\t\t\t\t\t\t13 juin 2024\r\n\t\t\t\t\t<\/li>\r\n\t\t\t\t\t\t\t<\/ul>\r\n<h2>\r\n\t\tSoutenez-nous\r\n\t<\/h2>\r\n\t<p>L&rsquo;Institut canadien de recherches avanc\u00e9es (CIFAR) est une organisation de recherche d&rsquo;influence mondiale fi\u00e8rement bas\u00e9e au Canada. Nous mobilisons les plus brillants personnes du monde, dans toutes les disciplines et \u00e0 tous les stades de carri\u00e8re, pour faire progresser les connaissances transformatrices et r\u00e9soudre ensemble les plus grands probl\u00e8mes de l&rsquo;humanit\u00e9. Nous recevons l&rsquo;appui des gouvernements du Canada, de l&rsquo;Alberta et du Qu\u00e9bec, ainsi que de fondations, de particuliers, d&rsquo;entreprises et d&rsquo;organisations partenaires du Canada et du monde entier.<\/p>\r\n   <!-- Mandeep add class on anchor -->\r\n\t<a href=\"https:\/\/cifar.ca\/fr\/dons\/\" target=\"_self\" rel=\"noopener\">\r\n\t\t\t\t\tDons\t\t\t\t\t\t\t\r\n\t\t\t\t\t\t<\/a>\r\n\r\n","protected":false},"excerpt":{"rendered":"<p>Le parcours de l\u2019humanit\u00e9 pour d\u00e9chiffrer les complexit\u00e9s du cerveau a commenc\u00e9 il y a des si\u00e8cles et se poursuit activement aujourd\u2019hui.<\/p>\n","protected":false},"author":65,"featured_media":58598,"parent":33274,"menu_order":0,"comment_status":"closed","ping_status":"closed","template":"","meta":{"_acf_changed":false,"footnotes":""},"class_list":["post-58791","page","type-page","status-publish","has-post-thumbnail","hentry"],"acf":[],"yoast_head":"<!-- This site is optimized with the Yoast SEO plugin v27.2 - https:\/\/yoast.com\/product\/yoast-seo-wordpress\/ -->\n<title>CIFAR<\/title>\n<meta name=\"description\" content=\"Le parcours de l\u2019humanit\u00e9 pour d\u00e9chiffrer les complexit\u00e9s du cerveau a commenc\u00e9 il y a des si\u00e8cles et se poursuit activement aujourd\u2019hui.\" \/>\n<meta name=\"robots\" content=\"index, follow, max-snippet:-1, max-image-preview:large, max-video-preview:-1\" \/>\n<link rel=\"canonical\" href=\"https:\/\/cifar.ca\/fr\/publications-et-rapports\/la-revue-reach\/elucider-les-mysteres-du-cerveau\/\" \/>\n<meta property=\"og:locale\" content=\"fr_FR\" \/>\n<meta property=\"og:type\" content=\"article\" \/>\n<meta property=\"og:title\" content=\"Reach 2024 : \u00c9lucider les myst\u00e8res du cerveau gr\u00e2ce \u00e0 l&#039;aide d&#039;une commaunt\u00e9 donatrice visionnaire - CIFAR\" \/>\n<meta property=\"og:description\" content=\"Le parcours de l\u2019humanit\u00e9 pour d\u00e9chiffrer les complexit\u00e9s du cerveau a commenc\u00e9 il y a des si\u00e8cles et se poursuit activement aujourd\u2019hui.\" \/>\n<meta property=\"og:url\" content=\"https:\/\/cifar.ca\/fr\/publications-et-rapports\/la-revue-reach\/elucider-les-mysteres-du-cerveau\/\" \/>\n<meta property=\"og:site_name\" content=\"CIFAR\" \/>\n<meta property=\"article:modified_time\" content=\"2025-12-17T11:18:47+00:00\" \/>\n<meta property=\"og:image\" content=\"https:\/\/cifar.ca\/wp-content\/uploads\/2024\/06\/Reach-brainsection.jpg\" \/>\n\t<meta property=\"og:image:width\" content=\"1536\" \/>\n\t<meta property=\"og:image:height\" content=\"864\" \/>\n\t<meta property=\"og:image:type\" content=\"image\/jpeg\" \/>\n<meta name=\"twitter:card\" content=\"summary_large_image\" \/>\n<meta name=\"twitter:label1\" content=\"Dur\u00e9e de lecture estim\u00e9e\" \/>\n\t<meta name=\"twitter:data1\" content=\"5 minutes\" \/>\n<script type=\"application\/ld+json\" class=\"yoast-schema-graph\">{\"@context\":\"https:\/\/schema.org\",\"@graph\":[{\"@type\":\"WebPage\",\"@id\":\"https:\/\/cifar.ca\/fr\/publications-et-rapports\/la-revue-reach\/elucider-les-mysteres-du-cerveau\/\",\"url\":\"https:\/\/cifar.ca\/fr\/publications-et-rapports\/la-revue-reach\/elucider-les-mysteres-du-cerveau\/\",\"name\":\"Reach 2024 : \u00c9lucider les myst\u00e8res du cerveau gr\u00e2ce \u00e0 l'aide d'une commaunt\u00e9 donatrice visionnaire - CIFAR\",\"isPartOf\":{\"@id\":\"https:\/\/cifar.ca\/fr\/#website\"},\"primaryImageOfPage\":{\"@id\":\"https:\/\/cifar.ca\/fr\/publications-et-rapports\/la-revue-reach\/elucider-les-mysteres-du-cerveau\/#primaryimage\"},\"image\":{\"@id\":\"https:\/\/cifar.ca\/fr\/publications-et-rapports\/la-revue-reach\/elucider-les-mysteres-du-cerveau\/#primaryimage\"},\"thumbnailUrl\":\"https:\/\/cifar.ca\/wp-content\/uploads\/2024\/06\/Reach-brainsection.jpg\",\"datePublished\":\"2024-06-13T15:26:04+00:00\",\"dateModified\":\"2025-12-17T11:18:47+00:00\",\"description\":\"Le parcours de l\u2019humanit\u00e9 pour d\u00e9chiffrer les complexit\u00e9s du cerveau a commenc\u00e9 il y a des si\u00e8cles et se poursuit activement aujourd\u2019hui.\",\"breadcrumb\":{\"@id\":\"https:\/\/cifar.ca\/fr\/publications-et-rapports\/la-revue-reach\/elucider-les-mysteres-du-cerveau\/#breadcrumb\"},\"inLanguage\":\"fr-FR\",\"potentialAction\":[{\"@type\":\"ReadAction\",\"target\":[\"https:\/\/cifar.ca\/fr\/publications-et-rapports\/la-revue-reach\/elucider-les-mysteres-du-cerveau\/\"]}]},{\"@type\":\"ImageObject\",\"inLanguage\":\"fr-FR\",\"@id\":\"https:\/\/cifar.ca\/fr\/publications-et-rapports\/la-revue-reach\/elucider-les-mysteres-du-cerveau\/#primaryimage\",\"url\":\"https:\/\/cifar.ca\/wp-content\/uploads\/2024\/06\/Reach-brainsection.jpg\",\"contentUrl\":\"https:\/\/cifar.ca\/wp-content\/uploads\/2024\/06\/Reach-brainsection.jpg\",\"width\":1536,\"height\":864},{\"@type\":\"BreadcrumbList\",\"@id\":\"https:\/\/cifar.ca\/fr\/publications-et-rapports\/la-revue-reach\/elucider-les-mysteres-du-cerveau\/#breadcrumb\",\"itemListElement\":[{\"@type\":\"ListItem\",\"position\":1,\"name\":\"Acceuil\",\"item\":\"https:\/\/cifar.ca\/fr\/\"},{\"@type\":\"ListItem\",\"position\":2,\"name\":\"Publications et rapports\",\"item\":\"https:\/\/cifar.ca\/fr\/publications-et-rapports\/\"},{\"@type\":\"ListItem\",\"position\":3,\"name\":\"Revue Reach\",\"item\":\"https:\/\/cifar.ca\/fr\/publications-et-rapports\/la-revue-reach\/\"},{\"@type\":\"ListItem\",\"position\":4,\"name\":\"Reach 2024 : \u00c9lucider les myst\u00e8res du cerveau gr\u00e2ce \u00e0 l&#8217;aide d&#8217;une commaunt\u00e9 donatrice visionnaire\"}]},{\"@type\":\"WebSite\",\"@id\":\"https:\/\/cifar.ca\/fr\/#website\",\"url\":\"https:\/\/cifar.ca\/fr\/\",\"name\":\"CIFAR\",\"description\":\"Convoquer des esprits extraordinaires pour r\u00e9pondre aux questions les plus importantes auxquelles la science et l'humanit\u00e9 sont confront\u00e9es.\",\"publisher\":{\"@id\":\"https:\/\/cifar.ca\/fr\/#organization\"},\"potentialAction\":[{\"@type\":\"SearchAction\",\"target\":{\"@type\":\"EntryPoint\",\"urlTemplate\":\"https:\/\/cifar.ca\/fr\/?s={search_term_string}\"},\"query-input\":{\"@type\":\"PropertyValueSpecification\",\"valueRequired\":true,\"valueName\":\"search_term_string\"}}],\"inLanguage\":\"fr-FR\"},{\"@type\":\"Organization\",\"@id\":\"https:\/\/cifar.ca\/fr\/#organization\",\"name\":\"CIFAR\",\"url\":\"https:\/\/cifar.ca\/fr\/\",\"logo\":{\"@type\":\"ImageObject\",\"inLanguage\":\"fr-FR\",\"@id\":\"https:\/\/cifar.ca\/fr\/#\/schema\/logo\/image\/\",\"url\":\"https:\/\/cifar.ca\/wp-content\/uploads\/2020\/01\/cifar-logo-rgb-colour.png\",\"contentUrl\":\"https:\/\/cifar.ca\/wp-content\/uploads\/2020\/01\/cifar-logo-rgb-colour.png\",\"width\":1884,\"height\":681,\"caption\":\"CIFAR\"},\"image\":{\"@id\":\"https:\/\/cifar.ca\/fr\/#\/schema\/logo\/image\/\"}}]}<\/script>\n<!-- \/ Yoast SEO plugin. -->","yoast_head_json":{"title":"CIFAR","description":"Le parcours de l\u2019humanit\u00e9 pour d\u00e9chiffrer les complexit\u00e9s du cerveau a commenc\u00e9 il y a des si\u00e8cles et se poursuit activement aujourd\u2019hui.","robots":{"index":"index","follow":"follow","max-snippet":"max-snippet:-1","max-image-preview":"max-image-preview:large","max-video-preview":"max-video-preview:-1"},"canonical":"https:\/\/cifar.ca\/fr\/publications-et-rapports\/la-revue-reach\/elucider-les-mysteres-du-cerveau\/","og_locale":"fr_FR","og_type":"article","og_title":"Reach 2024 : \u00c9lucider les myst\u00e8res du cerveau gr\u00e2ce \u00e0 l'aide d'une commaunt\u00e9 donatrice visionnaire - CIFAR","og_description":"Le parcours de l\u2019humanit\u00e9 pour d\u00e9chiffrer les complexit\u00e9s du cerveau a commenc\u00e9 il y a des si\u00e8cles et se poursuit activement aujourd\u2019hui.","og_url":"https:\/\/cifar.ca\/fr\/publications-et-rapports\/la-revue-reach\/elucider-les-mysteres-du-cerveau\/","og_site_name":"CIFAR","article_modified_time":"2025-12-17T11:18:47+00:00","og_image":[{"width":1536,"height":864,"url":"https:\/\/cifar.ca\/wp-content\/uploads\/2024\/06\/Reach-brainsection.jpg","type":"image\/jpeg"}],"twitter_card":"summary_large_image","twitter_misc":{"Dur\u00e9e de lecture estim\u00e9e":"5 minutes"},"schema":{"@context":"https:\/\/schema.org","@graph":[{"@type":"WebPage","@id":"https:\/\/cifar.ca\/fr\/publications-et-rapports\/la-revue-reach\/elucider-les-mysteres-du-cerveau\/","url":"https:\/\/cifar.ca\/fr\/publications-et-rapports\/la-revue-reach\/elucider-les-mysteres-du-cerveau\/","name":"Reach 2024 : \u00c9lucider les myst\u00e8res du cerveau gr\u00e2ce \u00e0 l'aide d'une commaunt\u00e9 donatrice visionnaire - CIFAR","isPartOf":{"@id":"https:\/\/cifar.ca\/fr\/#website"},"primaryImageOfPage":{"@id":"https:\/\/cifar.ca\/fr\/publications-et-rapports\/la-revue-reach\/elucider-les-mysteres-du-cerveau\/#primaryimage"},"image":{"@id":"https:\/\/cifar.ca\/fr\/publications-et-rapports\/la-revue-reach\/elucider-les-mysteres-du-cerveau\/#primaryimage"},"thumbnailUrl":"https:\/\/cifar.ca\/wp-content\/uploads\/2024\/06\/Reach-brainsection.jpg","datePublished":"2024-06-13T15:26:04+00:00","dateModified":"2025-12-17T11:18:47+00:00","description":"Le parcours de l\u2019humanit\u00e9 pour d\u00e9chiffrer les complexit\u00e9s du cerveau a commenc\u00e9 il y a des si\u00e8cles et se poursuit activement aujourd\u2019hui.","breadcrumb":{"@id":"https:\/\/cifar.ca\/fr\/publications-et-rapports\/la-revue-reach\/elucider-les-mysteres-du-cerveau\/#breadcrumb"},"inLanguage":"fr-FR","potentialAction":[{"@type":"ReadAction","target":["https:\/\/cifar.ca\/fr\/publications-et-rapports\/la-revue-reach\/elucider-les-mysteres-du-cerveau\/"]}]},{"@type":"ImageObject","inLanguage":"fr-FR","@id":"https:\/\/cifar.ca\/fr\/publications-et-rapports\/la-revue-reach\/elucider-les-mysteres-du-cerveau\/#primaryimage","url":"https:\/\/cifar.ca\/wp-content\/uploads\/2024\/06\/Reach-brainsection.jpg","contentUrl":"https:\/\/cifar.ca\/wp-content\/uploads\/2024\/06\/Reach-brainsection.jpg","width":1536,"height":864},{"@type":"BreadcrumbList","@id":"https:\/\/cifar.ca\/fr\/publications-et-rapports\/la-revue-reach\/elucider-les-mysteres-du-cerveau\/#breadcrumb","itemListElement":[{"@type":"ListItem","position":1,"name":"Acceuil","item":"https:\/\/cifar.ca\/fr\/"},{"@type":"ListItem","position":2,"name":"Publications et rapports","item":"https:\/\/cifar.ca\/fr\/publications-et-rapports\/"},{"@type":"ListItem","position":3,"name":"Revue Reach","item":"https:\/\/cifar.ca\/fr\/publications-et-rapports\/la-revue-reach\/"},{"@type":"ListItem","position":4,"name":"Reach 2024 : \u00c9lucider les myst\u00e8res du cerveau gr\u00e2ce \u00e0 l&#8217;aide d&#8217;une commaunt\u00e9 donatrice visionnaire"}]},{"@type":"WebSite","@id":"https:\/\/cifar.ca\/fr\/#website","url":"https:\/\/cifar.ca\/fr\/","name":"CIFAR","description":"Convoquer des esprits extraordinaires pour r\u00e9pondre aux questions les plus importantes auxquelles la science et l'humanit\u00e9 sont confront\u00e9es.","publisher":{"@id":"https:\/\/cifar.ca\/fr\/#organization"},"potentialAction":[{"@type":"SearchAction","target":{"@type":"EntryPoint","urlTemplate":"https:\/\/cifar.ca\/fr\/?s={search_term_string}"},"query-input":{"@type":"PropertyValueSpecification","valueRequired":true,"valueName":"search_term_string"}}],"inLanguage":"fr-FR"},{"@type":"Organization","@id":"https:\/\/cifar.ca\/fr\/#organization","name":"CIFAR","url":"https:\/\/cifar.ca\/fr\/","logo":{"@type":"ImageObject","inLanguage":"fr-FR","@id":"https:\/\/cifar.ca\/fr\/#\/schema\/logo\/image\/","url":"https:\/\/cifar.ca\/wp-content\/uploads\/2020\/01\/cifar-logo-rgb-colour.png","contentUrl":"https:\/\/cifar.ca\/wp-content\/uploads\/2020\/01\/cifar-logo-rgb-colour.png","width":1884,"height":681,"caption":"CIFAR"},"image":{"@id":"https:\/\/cifar.ca\/fr\/#\/schema\/logo\/image\/"}}]}},"_links":{"self":[{"href":"https:\/\/cifar.ca\/fr\/wp-json\/wp\/v2\/pages\/58791","targetHints":{"allow":["GET"]}}],"collection":[{"href":"https:\/\/cifar.ca\/fr\/wp-json\/wp\/v2\/pages"}],"about":[{"href":"https:\/\/cifar.ca\/fr\/wp-json\/wp\/v2\/types\/page"}],"author":[{"embeddable":true,"href":"https:\/\/cifar.ca\/fr\/wp-json\/wp\/v2\/users\/65"}],"replies":[{"embeddable":true,"href":"https:\/\/cifar.ca\/fr\/wp-json\/wp\/v2\/comments?post=58791"}],"version-history":[{"count":0,"href":"https:\/\/cifar.ca\/fr\/wp-json\/wp\/v2\/pages\/58791\/revisions"}],"up":[{"embeddable":true,"href":"https:\/\/cifar.ca\/fr\/wp-json\/wp\/v2\/pages\/33274"}],"wp:featuredmedia":[{"embeddable":true,"href":"https:\/\/cifar.ca\/fr\/wp-json\/wp\/v2\/media\/58598"}],"wp:attachment":[{"href":"https:\/\/cifar.ca\/fr\/wp-json\/wp\/v2\/media?parent=58791"}],"curies":[{"name":"wp","href":"https:\/\/api.w.org\/{rel}","templated":true}]}}