{"id":62015,"date":"2025-06-16T10:12:52","date_gmt":"2025-06-16T14:12:52","guid":{"rendered":"https:\/\/cifar.ca\/?page_id=62015"},"modified":"2025-12-17T06:23:44","modified_gmt":"2025-12-17T11:23:44","slug":"de-leau-partout-de-leau","status":"publish","type":"page","link":"https:\/\/cifar.ca\/fr\/publications-et-rapports\/la-revue-reach\/de-leau-partout-de-leau\/","title":{"rendered":"REACH 2025: De l\u2019eau, partout de l\u2019eau"},"content":{"rendered":"\r\n<h2>Suivez-nous<\/h2>\r\n<p><button class=\"connect square balloon white-transparent facebook left\" data-url=\"https:\/\/www.facebook.com\/CIFAR\/\" aria-haspopup=\"false\" aria-label=\"Suis nous surFaceBook\" data-balloon-pos=\"right\"> FaceBook <\/button> <button class=\"connect square balloon white-transparent twitter\" data-url=\"https:\/\/twitter.com\/cifar_news\" aria-haspopup=\"false\" aria-label=\"Suis nous surTwitter\" data-balloon-pos=\"right\"> Twitter <\/button> <button class=\"connect square balloon white-transparent youtube left\" data-url=\"https:\/\/www.youtube.com\/channel\/UCZj1nnTIiutUjEg-22e8UTA\" aria-haspopup=\"false\" aria-label=\"Suis nous surYouTube\" data-balloon-pos=\"right\"> YouTube <\/button> <button class=\"connect square balloon white-transparent linkedin\" data-url=\"https:\/\/ca.linkedin.com\/company\/canadian-institute-for-advanced-research\" aria-haspopup=\"false\" aria-label=\"Suis nous surLinkedIn\" data-balloon-pos=\"right\"> LinkedIn <\/button> <button class=\"connect square balloon white-transparent instagram left\" data-url=\"https:\/\/www.instagram.com\/cifar.ca\/\" aria-haspopup=\"false\" aria-label=\"Suis nous surInstagram\" data-balloon-pos=\"right\"> Instagram <\/button> <b>Par Ty Burke<br \/><\/b><b>Illustration par Cornelia Li<\/b><\/p>\r\n<h3><b>La recherche quantique du CIFAR veut vous mettre les technologies d&rsquo;analyse de l&rsquo;eau dans la paume de la main<\/b><\/h3>\r\n<p><img loading=\"lazy\" decoding=\"async\" title=\"Water-water\" src=\"https:\/\/cifar.ca\/wp-content\/uploads\/2025\/06\/Water-water.png\" alt=\"illustration of a water drop\" width=\"1000\" height=\"1048\" \/><\/p>\r\n<p>L&rsquo;eau potable est un besoin fondamental. Pourtant, selon la Banque mondiale, pr\u00e8s de 2 milliards de personnes dans le monde n&rsquo;y ont pas un acc\u00e8s fiable. Chaque ann\u00e9e, 3,5 millions de personnes meurent de maladies d&rsquo;origine hydrique comme la dysenterie et le chol\u00e9ra. Les contaminants tels que les plastiques, l&rsquo;arsenic et les produits chimiques dangereux peuvent contribuer \u00e0 des probl\u00e8mes de sant\u00e9 \u00e0 long terme comme le cancer.<\/p>\r\n<p>Les membres du programme Informatique quantique du CIFAR veulent pallier cette situation par la mise au point de capteurs quantiques portatifs capables d&rsquo;identifier les contaminants dans l&rsquo;eau afin d&rsquo;aider les gens \u00e0 d\u00e9terminer les risques avant qu&rsquo;il ne soit trop tard.<\/p>\r\n<h3><b>\u00ab\u2009Id\u00e9alement, il faudrait une technologie non invasive, peu co\u00fbteuse et portable\u2009\u00bb, explique Ashok Ajoy, professeur adjoint de chimie \u00e0 l&rsquo;Universit\u00e9 de la Californie \u00e0 Berkeley et membre du programme des chercheurs mondiaux CIFAR-Azrieli. \u00ab\u2009De cette fa\u00e7on, un d\u00e9ploiement \u00e0 grande \u00e9chelle est possible.\u2009\u00bb<\/b><\/h3>\r\n<p><img loading=\"lazy\" decoding=\"async\" title=\"Ashok Ajoy\" src=\"https:\/\/cifar.ca\/wp-content\/uploads\/2025\/06\/Ashok-Ajoy.png\" alt=\"Headshot of Ashok Ajoy\" width=\"625\" height=\"816\" \/><\/p>\r\n<p><b>Ashok Ajoy<\/b>, professeur adjoint de chimie \u00e0 l&rsquo;Universit\u00e9 de la Californie \u00e0 Berkeley<\/p>\r\n<p>Ajoy collabore avec Christine Muschik, Institut d&rsquo;informatique quantique de l&rsquo;Universit\u00e9 de Waterloo, \u00e0 la mise au point d&rsquo;un appareil de spectroscopie par r\u00e9sonance magn\u00e9tique nucl\u00e9aire capable d&rsquo;identifier des quantit\u00e9s infimes de contaminants en mesurant leur effet sur le spin des \u00e9lectrons. Dans cet appareil, de minuscules gouttelettes d&rsquo;eau sont incorpor\u00e9es \u00e0 une goutte d&rsquo;huile et achemin\u00e9es \u00e0 grande vitesse dans un minuscule canal. Le liquide passe devant un capteur compos\u00e9 de nanoparticules de diamant.<\/p>\r\n<p>Et la magie r\u00e9side dans leurs d\u00e9fauts, appel\u00e9s centres azote-lacune. Ces centres deviennent fluorescents &#8211; ou s&rsquo;illuminent &#8211; une fois expos\u00e9s au magn\u00e9tisme.<\/p>\r\n<p>\u00ab\u2009Ces d\u00e9fauts expliquent la couleur rose d&rsquo;un diamant, pr\u00e9cise Ajoy. Et si vous les \u00e9clairez d&rsquo;une lumi\u00e8re verte, ils deviennent rouges. Cette fluorescence est une propri\u00e9t\u00e9 du spin de l&rsquo;\u00e9lectron dans le centre du d\u00e9faut. La quantit\u00e9 de fluorescence d\u00e9pend du spin de l&rsquo;\u00e9lectron et peut se mesurer avec une tr\u00e8s grande pr\u00e9cision.\u2009\u00bb<\/p>\r\n<p>Cette technologie ouvre la voie \u00e0 l&rsquo;identification de contaminants particuliers, comme les plastiques ou les produits chimiques agricoles, en fonction de leur signature magn\u00e9tique propre. L&rsquo;appareil d&rsquo;Ajoy et Muschik est d&rsquo;une extr\u00eame sensibilit\u00e9; il peut d\u00e9tecter des niveaux de magn\u00e9tisme correspondant \u00e0 un millioni\u00e8me de l&rsquo;intensit\u00e9 du champ magn\u00e9tique terrestre.<\/p>\r\n<p>Cet appareil promet d&rsquo;\u00eatre pr\u00e9cis et portable, et constituerait une am\u00e9lioration remarquable par rapport aux technologies utilis\u00e9es aujourd&rsquo;hui pour identifier les contaminants. Parmi ces technologies figure le spectrom\u00e8tre de masse, une sorte de balance atomique qui existe depuis des dizaines d&rsquo;ann\u00e9es.<\/p>\r\n<p>La spectrom\u00e9trie de masse permet de d\u00e9tecter des quantit\u00e9s infiniment petites d&rsquo;un mat\u00e9riau par la mesure de son poids atomique. Mais ces appareils peuvent \u00eatre aussi volumineux qu&rsquo;un salon et co\u00fbter des millions de dollars. Il est donc impossible d&rsquo;en apporter un au puits d&rsquo;un village rural ou dans une zone sinistr\u00e9e o\u00f9 l&rsquo;approvisionnement en eau a \u00e9t\u00e9 compromis.<\/p>\r\n<p>\u00ab\u2009En principe, il serait possible de fabriquer un appareil de tr\u00e8s petite taille, \u00e0 faible co\u00fbt, explique Ajoy. Comme il comporte des diamants, les gens pensent souvent qu&rsquo;il est co\u00fbteux, mais les diamants en question sont tr\u00e8s bon march\u00e9. Lors d&rsquo;une exp\u00e9rience r\u00e9cente, les diamants de l&rsquo;appareil ont co\u00fbt\u00e9 moins cher que l&rsquo;huile dont nous nous sommes servis. Et le laser pourrait n&rsquo;\u00eatre qu&rsquo;une diode bon march\u00e9. Cet appareil n&rsquo;a rien d&rsquo;extraordinaire et sa fabrication pourrait se faire \u00e0 relativement petit prix.\u2009\u00bb<\/p>\r\n<p>Comme beaucoup d&rsquo;autres technologies de d\u00e9tection quantique, la technologie de la r\u00e9sonance magn\u00e9tique nucl\u00e9aire est plus \u00e9volutive que r\u00e9volutionnaire. Les capteurs quantiques peuvent \u00eatre plus sensibles, moins co\u00fbteux ou portables, ce qui ouvre la voie \u00e0 de nouvelles applications et met la technologie entre les mains de personnes qui n&rsquo;y ont pas acc\u00e8s aujourd&rsquo;hui.<\/p>\r\n<p>Ajoy estime que la flexibilit\u00e9 du financement du CIFAR a favoris\u00e9 l&rsquo;avancement de ces recherches. Ce soutien lui a permis d&rsquo;assister \u00e0 des conf\u00e9rences sur la d\u00e9tection mol\u00e9culaire qui ont approfondi sa compr\u00e9hension de la technologie des gouttelettes. En outre, les r\u00e9unions semestrielles du programme Informatique quantique du CIFAR ont permis \u00e0 Ajoy de tisser des liens avec des scientifiques de premier plan comme Muschik, qui a apport\u00e9 une perspective th\u00e9orique \u00e0 ces travaux.<\/p>\r\n<ul>\r\n<li><button> Imprimer <\/button><\/li>\r\n<li><button> Copier le lien <\/button> <label for=\"singleShareHiddenInput\">single share hidden input<\/label> <input id=\"singleShareHiddenInput\" tabindex=\"-1\" type=\"text\" \/><\/li>\r\n<li><button aria-controls=\"singleSharePlatforms-b07a4d1117c9ccb16b83985d941f8b80\"> Partager <\/button><\/li>\r\n<\/ul>\r\n<h2>Articles li\u00e9s<\/h2>\r\n<ul>\r\n<li><a href=\"https:\/\/cifar.ca\/fr\/cifarnews\/2025\/06\/04\/le-cifar-annonce-les-premieres-subventions-catalyseur-pour-la-securite-de-lia-dans-le-cadre-dun-nouveau-programme-national\/\">Le CIFAR annonce les premi\u00e8res subventions Catalyseur pour la s\u00e9curit\u00e9 de l&rsquo;IA dans le cadre d&rsquo;un nouveau programme national<\/a> 04 juin 2025<\/li>\r\n<li><a href=\"https:\/\/cifar.ca\/fr\/cifarnews\/2025\/06\/03\/de-la-recherche-aux-impacts-reels\/\">De la recherche aux impacts r\u00e9els<\/a> 03 juin 2025<\/li>\r\n<li><a href=\"https:\/\/cifar.ca\/fr\/cifarnews\/2025\/05\/22\/douze-etoiles-montantes-de-la-recherche-nommees-membres-du-programme-des-chercheurs-mondiaux-cifar-azrieli\/\">Douze \u00e9toiles montantes de la recherche nomm\u00e9es membres du programme des chercheurs mondiaux CIFAR-Azrieli<\/a> 22 mai 2025<\/li>\r\n<li><a href=\"https:\/\/cifar.ca\/fr\/cifarnews\/2025\/05\/14\/recherche-sur-le-climat-et-lia-au-cifar-une-annee-dimpact\/\">Recherche sur le climat et l&rsquo;IA au CIFAR : Une ann\u00e9e d&rsquo;impact<\/a> 14 mai 2025<\/li>\r\n<\/ul>\r\n<h2>Soutenez-nous<\/h2>\r\n<p>L&rsquo;Institut canadien de recherches avanc\u00e9es (CIFAR) est une organisation de recherche d&rsquo;influence mondiale fi\u00e8rement bas\u00e9e au Canada. Nous mobilisons les plus brillants personnes du monde, dans toutes les disciplines et \u00e0 tous les stades de carri\u00e8re, pour faire progresser les connaissances transformatrices et r\u00e9soudre ensemble les plus grands probl\u00e8mes de l&rsquo;humanit\u00e9. Nous recevons l&rsquo;appui des gouvernements du Canada, de l&rsquo;Alberta et du Qu\u00e9bec, ainsi que de fondations, de particuliers, d&rsquo;entreprises et d&rsquo;organisations partenaires du Canada et du monde entier.<\/p>\r\n<!-- Mandeep add class on anchor -->\r\n<p><a href=\"https:\/\/cifar.ca\/fr\/dons\/\" target=\"_self\"> Dons <\/a><\/p>\r\n","protected":false},"excerpt":{"rendered":"<p>Suivez-nous FaceBook Twitter YouTube LinkedIn Instagram Par Ty BurkeIllustration par Cornelia Li La recherche quantique du CIFAR veut vous mettre les technologies d&rsquo;analyse de l&rsquo;eau [&hellip;]<\/p>\n","protected":false},"author":75,"featured_media":61747,"parent":33274,"menu_order":0,"comment_status":"closed","ping_status":"closed","template":"","meta":{"_acf_changed":false,"footnotes":""},"class_list":["post-62015","page","type-page","status-publish","has-post-thumbnail","hentry"],"acf":[],"yoast_head":"<!-- This site is optimized with the Yoast SEO plugin v27.2 - https:\/\/yoast.com\/product\/yoast-seo-wordpress\/ -->\n<title>CIFAR<\/title>\n<meta name=\"robots\" content=\"index, follow, max-snippet:-1, max-image-preview:large, max-video-preview:-1\" \/>\n<link rel=\"canonical\" href=\"https:\/\/cifar.ca\/fr\/publications-et-rapports\/la-revue-reach\/de-leau-partout-de-leau\/\" \/>\n<meta property=\"og:locale\" content=\"fr_FR\" \/>\n<meta property=\"og:type\" content=\"article\" \/>\n<meta property=\"og:title\" content=\"REACH 2025: De l\u2019eau, partout de l\u2019eau - CIFAR\" \/>\n<meta property=\"og:description\" content=\"Suivez-nous FaceBook Twitter YouTube LinkedIn Instagram Par Ty BurkeIllustration par Cornelia Li La recherche quantique du CIFAR veut vous mettre les technologies d&rsquo;analyse de l&rsquo;eau [&hellip;]\" \/>\n<meta property=\"og:url\" content=\"https:\/\/cifar.ca\/fr\/publications-et-rapports\/la-revue-reach\/de-leau-partout-de-leau\/\" \/>\n<meta property=\"og:site_name\" content=\"CIFAR\" \/>\n<meta property=\"article:modified_time\" content=\"2025-12-17T11:23:44+00:00\" \/>\n<meta property=\"og:image\" content=\"https:\/\/cifar.ca\/wp-content\/uploads\/2025\/05\/REACH-2025-feature-image.png\" \/>\n\t<meta property=\"og:image:width\" content=\"1024\" \/>\n\t<meta property=\"og:image:height\" content=\"576\" \/>\n\t<meta property=\"og:image:type\" content=\"image\/png\" \/>\n<meta name=\"twitter:card\" content=\"summary_large_image\" \/>\n<meta name=\"twitter:label1\" content=\"Dur\u00e9e de lecture estim\u00e9e\" \/>\n\t<meta name=\"twitter:data1\" content=\"5 minutes\" \/>\n<script type=\"application\/ld+json\" class=\"yoast-schema-graph\">{\"@context\":\"https:\/\/schema.org\",\"@graph\":[{\"@type\":\"WebPage\",\"@id\":\"https:\/\/cifar.ca\/fr\/publications-et-rapports\/la-revue-reach\/de-leau-partout-de-leau\/\",\"url\":\"https:\/\/cifar.ca\/fr\/publications-et-rapports\/la-revue-reach\/de-leau-partout-de-leau\/\",\"name\":\"REACH 2025: De l\u2019eau, partout de l\u2019eau - CIFAR\",\"isPartOf\":{\"@id\":\"https:\/\/cifar.ca\/fr\/#website\"},\"primaryImageOfPage\":{\"@id\":\"https:\/\/cifar.ca\/fr\/publications-et-rapports\/la-revue-reach\/de-leau-partout-de-leau\/#primaryimage\"},\"image\":{\"@id\":\"https:\/\/cifar.ca\/fr\/publications-et-rapports\/la-revue-reach\/de-leau-partout-de-leau\/#primaryimage\"},\"thumbnailUrl\":\"https:\/\/cifar.ca\/wp-content\/uploads\/2025\/05\/REACH-2025-feature-image.png\",\"datePublished\":\"2025-06-16T14:12:52+00:00\",\"dateModified\":\"2025-12-17T11:23:44+00:00\",\"breadcrumb\":{\"@id\":\"https:\/\/cifar.ca\/fr\/publications-et-rapports\/la-revue-reach\/de-leau-partout-de-leau\/#breadcrumb\"},\"inLanguage\":\"fr-FR\",\"potentialAction\":[{\"@type\":\"ReadAction\",\"target\":[\"https:\/\/cifar.ca\/fr\/publications-et-rapports\/la-revue-reach\/de-leau-partout-de-leau\/\"]}]},{\"@type\":\"ImageObject\",\"inLanguage\":\"fr-FR\",\"@id\":\"https:\/\/cifar.ca\/fr\/publications-et-rapports\/la-revue-reach\/de-leau-partout-de-leau\/#primaryimage\",\"url\":\"https:\/\/cifar.ca\/wp-content\/uploads\/2025\/05\/REACH-2025-feature-image.png\",\"contentUrl\":\"https:\/\/cifar.ca\/wp-content\/uploads\/2025\/05\/REACH-2025-feature-image.png\",\"width\":1920,\"height\":1080,\"caption\":\"REACH 2025 cover page. On the cover: Microscope and photos of buildings, plant, shells and microbiome.\"},{\"@type\":\"BreadcrumbList\",\"@id\":\"https:\/\/cifar.ca\/fr\/publications-et-rapports\/la-revue-reach\/de-leau-partout-de-leau\/#breadcrumb\",\"itemListElement\":[{\"@type\":\"ListItem\",\"position\":1,\"name\":\"Acceuil\",\"item\":\"https:\/\/cifar.ca\/fr\/\"},{\"@type\":\"ListItem\",\"position\":2,\"name\":\"Publications et rapports\",\"item\":\"https:\/\/cifar.ca\/fr\/publications-et-rapports\/\"},{\"@type\":\"ListItem\",\"position\":3,\"name\":\"Revue Reach\",\"item\":\"https:\/\/cifar.ca\/fr\/publications-et-rapports\/la-revue-reach\/\"},{\"@type\":\"ListItem\",\"position\":4,\"name\":\"REACH 2025: De l\u2019eau, partout de l\u2019eau\"}]},{\"@type\":\"WebSite\",\"@id\":\"https:\/\/cifar.ca\/fr\/#website\",\"url\":\"https:\/\/cifar.ca\/fr\/\",\"name\":\"CIFAR\",\"description\":\"Convoquer des esprits extraordinaires pour r\u00e9pondre aux questions les plus importantes auxquelles la science et l'humanit\u00e9 sont confront\u00e9es.\",\"publisher\":{\"@id\":\"https:\/\/cifar.ca\/fr\/#organization\"},\"potentialAction\":[{\"@type\":\"SearchAction\",\"target\":{\"@type\":\"EntryPoint\",\"urlTemplate\":\"https:\/\/cifar.ca\/fr\/?s={search_term_string}\"},\"query-input\":{\"@type\":\"PropertyValueSpecification\",\"valueRequired\":true,\"valueName\":\"search_term_string\"}}],\"inLanguage\":\"fr-FR\"},{\"@type\":\"Organization\",\"@id\":\"https:\/\/cifar.ca\/fr\/#organization\",\"name\":\"CIFAR\",\"url\":\"https:\/\/cifar.ca\/fr\/\",\"logo\":{\"@type\":\"ImageObject\",\"inLanguage\":\"fr-FR\",\"@id\":\"https:\/\/cifar.ca\/fr\/#\/schema\/logo\/image\/\",\"url\":\"https:\/\/cifar.ca\/wp-content\/uploads\/2020\/01\/cifar-logo-rgb-colour.png\",\"contentUrl\":\"https:\/\/cifar.ca\/wp-content\/uploads\/2020\/01\/cifar-logo-rgb-colour.png\",\"width\":1884,\"height\":681,\"caption\":\"CIFAR\"},\"image\":{\"@id\":\"https:\/\/cifar.ca\/fr\/#\/schema\/logo\/image\/\"}}]}<\/script>\n<!-- \/ Yoast SEO plugin. -->","yoast_head_json":{"title":"CIFAR","robots":{"index":"index","follow":"follow","max-snippet":"max-snippet:-1","max-image-preview":"max-image-preview:large","max-video-preview":"max-video-preview:-1"},"canonical":"https:\/\/cifar.ca\/fr\/publications-et-rapports\/la-revue-reach\/de-leau-partout-de-leau\/","og_locale":"fr_FR","og_type":"article","og_title":"REACH 2025: De l\u2019eau, partout de l\u2019eau - CIFAR","og_description":"Suivez-nous FaceBook Twitter YouTube LinkedIn Instagram Par Ty BurkeIllustration par Cornelia Li La recherche quantique du CIFAR veut vous mettre les technologies d&rsquo;analyse de l&rsquo;eau [&hellip;]","og_url":"https:\/\/cifar.ca\/fr\/publications-et-rapports\/la-revue-reach\/de-leau-partout-de-leau\/","og_site_name":"CIFAR","article_modified_time":"2025-12-17T11:23:44+00:00","og_image":[{"url":"https:\/\/cifar.ca\/wp-content\/uploads\/2025\/05\/REACH-2025-feature-image.png","width":1024,"height":576,"type":"image\/png"}],"twitter_card":"summary_large_image","twitter_misc":{"Dur\u00e9e de lecture estim\u00e9e":"5 minutes"},"schema":{"@context":"https:\/\/schema.org","@graph":[{"@type":"WebPage","@id":"https:\/\/cifar.ca\/fr\/publications-et-rapports\/la-revue-reach\/de-leau-partout-de-leau\/","url":"https:\/\/cifar.ca\/fr\/publications-et-rapports\/la-revue-reach\/de-leau-partout-de-leau\/","name":"REACH 2025: De l\u2019eau, partout de l\u2019eau - CIFAR","isPartOf":{"@id":"https:\/\/cifar.ca\/fr\/#website"},"primaryImageOfPage":{"@id":"https:\/\/cifar.ca\/fr\/publications-et-rapports\/la-revue-reach\/de-leau-partout-de-leau\/#primaryimage"},"image":{"@id":"https:\/\/cifar.ca\/fr\/publications-et-rapports\/la-revue-reach\/de-leau-partout-de-leau\/#primaryimage"},"thumbnailUrl":"https:\/\/cifar.ca\/wp-content\/uploads\/2025\/05\/REACH-2025-feature-image.png","datePublished":"2025-06-16T14:12:52+00:00","dateModified":"2025-12-17T11:23:44+00:00","breadcrumb":{"@id":"https:\/\/cifar.ca\/fr\/publications-et-rapports\/la-revue-reach\/de-leau-partout-de-leau\/#breadcrumb"},"inLanguage":"fr-FR","potentialAction":[{"@type":"ReadAction","target":["https:\/\/cifar.ca\/fr\/publications-et-rapports\/la-revue-reach\/de-leau-partout-de-leau\/"]}]},{"@type":"ImageObject","inLanguage":"fr-FR","@id":"https:\/\/cifar.ca\/fr\/publications-et-rapports\/la-revue-reach\/de-leau-partout-de-leau\/#primaryimage","url":"https:\/\/cifar.ca\/wp-content\/uploads\/2025\/05\/REACH-2025-feature-image.png","contentUrl":"https:\/\/cifar.ca\/wp-content\/uploads\/2025\/05\/REACH-2025-feature-image.png","width":1920,"height":1080,"caption":"REACH 2025 cover page. On the cover: Microscope and photos of buildings, plant, shells and microbiome."},{"@type":"BreadcrumbList","@id":"https:\/\/cifar.ca\/fr\/publications-et-rapports\/la-revue-reach\/de-leau-partout-de-leau\/#breadcrumb","itemListElement":[{"@type":"ListItem","position":1,"name":"Acceuil","item":"https:\/\/cifar.ca\/fr\/"},{"@type":"ListItem","position":2,"name":"Publications et rapports","item":"https:\/\/cifar.ca\/fr\/publications-et-rapports\/"},{"@type":"ListItem","position":3,"name":"Revue Reach","item":"https:\/\/cifar.ca\/fr\/publications-et-rapports\/la-revue-reach\/"},{"@type":"ListItem","position":4,"name":"REACH 2025: De l\u2019eau, partout de l\u2019eau"}]},{"@type":"WebSite","@id":"https:\/\/cifar.ca\/fr\/#website","url":"https:\/\/cifar.ca\/fr\/","name":"CIFAR","description":"Convoquer des esprits extraordinaires pour r\u00e9pondre aux questions les plus importantes auxquelles la science et l'humanit\u00e9 sont confront\u00e9es.","publisher":{"@id":"https:\/\/cifar.ca\/fr\/#organization"},"potentialAction":[{"@type":"SearchAction","target":{"@type":"EntryPoint","urlTemplate":"https:\/\/cifar.ca\/fr\/?s={search_term_string}"},"query-input":{"@type":"PropertyValueSpecification","valueRequired":true,"valueName":"search_term_string"}}],"inLanguage":"fr-FR"},{"@type":"Organization","@id":"https:\/\/cifar.ca\/fr\/#organization","name":"CIFAR","url":"https:\/\/cifar.ca\/fr\/","logo":{"@type":"ImageObject","inLanguage":"fr-FR","@id":"https:\/\/cifar.ca\/fr\/#\/schema\/logo\/image\/","url":"https:\/\/cifar.ca\/wp-content\/uploads\/2020\/01\/cifar-logo-rgb-colour.png","contentUrl":"https:\/\/cifar.ca\/wp-content\/uploads\/2020\/01\/cifar-logo-rgb-colour.png","width":1884,"height":681,"caption":"CIFAR"},"image":{"@id":"https:\/\/cifar.ca\/fr\/#\/schema\/logo\/image\/"}}]}},"_links":{"self":[{"href":"https:\/\/cifar.ca\/fr\/wp-json\/wp\/v2\/pages\/62015","targetHints":{"allow":["GET"]}}],"collection":[{"href":"https:\/\/cifar.ca\/fr\/wp-json\/wp\/v2\/pages"}],"about":[{"href":"https:\/\/cifar.ca\/fr\/wp-json\/wp\/v2\/types\/page"}],"author":[{"embeddable":true,"href":"https:\/\/cifar.ca\/fr\/wp-json\/wp\/v2\/users\/75"}],"replies":[{"embeddable":true,"href":"https:\/\/cifar.ca\/fr\/wp-json\/wp\/v2\/comments?post=62015"}],"version-history":[{"count":0,"href":"https:\/\/cifar.ca\/fr\/wp-json\/wp\/v2\/pages\/62015\/revisions"}],"up":[{"embeddable":true,"href":"https:\/\/cifar.ca\/fr\/wp-json\/wp\/v2\/pages\/33274"}],"wp:featuredmedia":[{"embeddable":true,"href":"https:\/\/cifar.ca\/fr\/wp-json\/wp\/v2\/media\/61747"}],"wp:attachment":[{"href":"https:\/\/cifar.ca\/fr\/wp-json\/wp\/v2\/media?parent=62015"}],"curies":[{"name":"wp","href":"https:\/\/api.w.org\/{rel}","templated":true}]}}