{"id":63642,"date":"2025-11-17T12:25:21","date_gmt":"2025-11-17T17:25:21","guid":{"rendered":"https:\/\/cifar.ca\/?page_id=63642"},"modified":"2025-12-17T06:54:13","modified_gmt":"2025-12-17T11:54:13","slug":"ecole-sur-letre-humain-multiechelle-cifar-macmillan","status":"publish","type":"page","link":"https:\/\/cifar.ca\/fr\/initiatives-a-lintention-de-la-prochaine-generation\/ecole-sur-letre-humain-multiechelle-cifar-macmillan\/","title":{"rendered":"\u00c9cole sur l\u2019\u00eatre humain multi\u00e9chelle CIFAR-MacMillan"},"content":{"rendered":"\r\n\r\n\t\t\t<h2>\r\n\t\t\tSuivez-nous\t\t<\/h2>\r\n\t\t<button class='connect square balloon white-transparent facebook left' data-url='https:\/\/www.facebook.com\/CIFAR\/' aria-haspopup=\"false\"   aria-label='Suis nous surFaceBook' data-balloon-pos='right'>\r\n\t\t\tFaceBook\r\n\t\t<\/button>\r\n\t\t<button class='connect square balloon white-transparent twitter' data-url='https:\/\/twitter.com\/cifar_news' aria-haspopup=\"false\"   aria-label='Suis nous surTwitter' data-balloon-pos='right'>\r\n\t\t\tTwitter\r\n\t\t<\/button>\r\n\t\t<button class='connect square balloon white-transparent youtube left' data-url='https:\/\/www.youtube.com\/channel\/UCZj1nnTIiutUjEg-22e8UTA' aria-haspopup=\"false\"   aria-label='Suis nous surYouTube' data-balloon-pos='right'>\r\n\t\t\tYouTube\r\n\t\t<\/button>\r\n\t\t<button class='connect square balloon white-transparent linkedin' data-url='https:\/\/ca.linkedin.com\/company\/canadian-institute-for-advanced-research' aria-haspopup=\"false\"   aria-label='Suis nous surLinkedIn' data-balloon-pos='right'>\r\n\t\t\tLinkedIn\r\n\t\t<\/button>\r\n\t\t<button class='connect square balloon white-transparent instagram left' data-url='https:\/\/www.instagram.com\/cifar.ca\/' aria-haspopup=\"false\"   aria-label='Suis nous surInstagram' data-balloon-pos='right'>\r\n\t\t\tInstagram\r\n\t\t<\/button>\r\n\r\n\t<h1><b>\u00c9cole sur l&rsquo;\u00eatre humain multi\u00e9chelle CIFAR-MacMillan<\/b><\/h1>\r\n<p>L&rsquo;\u00c9cole sur l&rsquo;\u00eatre humain multi\u00e9chelle CIFAR-MacMillan r\u00e9unit des personnes au doctorat et au postdoctorat du monde entier qui s&rsquo;int\u00e9ressent au d\u00e9veloppement pr\u00e9coce, afin d&rsquo;examiner les d\u00e9fis et les normes d&rsquo;excellence en mati\u00e8re de recherche sur l&rsquo;\u00eatre humain, par l&rsquo;exploration de mod\u00e8les interdisciplinaires visant \u00e0 cr\u00e9er un jumeau virtuel qui refl\u00e8te fid\u00e8lement le d\u00e9veloppement. Organis\u00e9e par des membres du programme <a href=\"https:\/\/cifar.ca\/fr\/programmes-de-recherche\/etre-humain-multiechelle-cifar-macmillan\/\" target=\"_blank\" rel=\"noopener\">\u00catre humain multi\u00e9chelle CIFAR-MacMillan du CIFAR<\/a>, l&rsquo;\u00c9cole se tiendra les 5 et 6 mai 2026 \u00e0 Vancouver, au Canada.<\/p>\r\n\t<p><a href=\"https:\/\/cifarportal.smapply.io\/prog\/cifar_macmillan_multiscale_human_school_application\/\" target=\"_blank\" rel=\"noopener\"><button><strong><b>POSTULEZ D\u00c8S MAINTENANT<\/b><\/strong><\/button><\/a><\/p>\r\n\t<p><a href=\"mailto:global.scholars@cifar.ca\" target=\"_blank\" rel=\"noopener\"><u>Communiquez avec nous<\/u><\/a>\u00a0pour obtenir de plus amples renseignements.<\/p>\r\n\t<p><strong>Les personnes participantes pourront :<\/strong><\/p>\r\n<ul>\r\n<li aria-level=\"1\">Participer \u00e0 des d\u00e9bats structur\u00e9s sur divers sujets, comme le r\u00f4le de l&rsquo;IA dans la r\u00e9solution de probl\u00e8mes, ou d\u00e9battre de la n\u00e9cessit\u00e9 de \u00ab\u2009v\u00e9ritables\u2009\u00bb syst\u00e8mes in vitro en laboratoire;<\/li>\r\n<li aria-level=\"1\">Am\u00e9liorer leurs comp\u00e9tences en communication pour interagir avec divers domaines et apprendre \u00e0 d\u00e9cortiquer des probl\u00e8mes biologiques complexes;<\/li>\r\n<li aria-level=\"1\">Acqu\u00e9rir les outils n\u00e9cessaires pour prendre part \u00e0 des discussions sur divers sujets en biologie du d\u00e9veloppement et dans des domaines connexes;<\/li>\r\n<li aria-level=\"1\">R\u00e9seauter avec des pairs et des scientifiques de renomm\u00e9e mondiale;<\/li>\r\n<li aria-level=\"1\">Participer \u00e0 des activit\u00e9s en \u00e9quipe qui consistent \u00e0 cr\u00e9er des mod\u00e8les en pseudocode bas\u00e9s sur des questions biologiques concr\u00e8tes.<\/li>\r\n<\/ul>\r\n<p>Les frais de voyage et d&rsquo;h\u00e9bergement de toutes les personnes retenues seront pris en charge par le CIFAR.<\/p>\r\n<p>Les personnes int\u00e9ress\u00e9es doivent \u00eatre au doctorat (troisi\u00e8me ann\u00e9e ou plus) ou au postdoctorat. Il leur faut soumettre un CV ainsi qu&rsquo;une br\u00e8ve description de leurs recherches qui explique en quoi l&rsquo;\u00e9cole pourrait constituer un atout pour leur carri\u00e8re scientifique future.<\/p>\r\n\t<p><b>S\u00e9lection<\/b><\/p>\r\n<p>Les demandes font l&rsquo;objet d&rsquo;un examen interne pour v\u00e9rifier leur admissibilit\u00e9 avant d&rsquo;\u00eatre \u00e9valu\u00e9es par des membres du programme \u00catre humain multi\u00e9chelle CIFAR-MacMillan. Les personnes candidates sont \u00e9valu\u00e9es en fonction de leur d\u00e9claration de recherche, de leur parcours et de leur lien avec le th\u00e8me.<\/p>\r\n<p>Le CIFAR s&rsquo;engage \u00e0 cr\u00e9er une communaut\u00e9 de recherche et un environnement plus diversifi\u00e9s, \u00e9quitables et inclusifs. Nous accueillons les propositions de pays et d&rsquo;\u00e9tablissements du monde entier.<\/p>\r\n\t\t\t\t<img loading=\"lazy\" decoding=\"async\" src=\"https:\/\/cifar.ca\/wp-content\/uploads\/2020\/09\/lines-for-web-2.0-small-02.png\" alt=\"smaller line\" itemprop=\"image\" height=\"35\" width=\"34\" title=\"lines for web 2.0 small -02\" onerror=\"this.style.display='none'\"  \/>\t\t\t\t\t\r\n\t<h2><strong><b>Dates importantes\u00a0:<\/b><\/strong><\/h2>\r\n<ul>\r\n<li><strong>Date limite de soumission d&rsquo;une demande\u00a0: Mercredi\u00a017\u00a0d\u00e9cembre 2025<\/strong><\/li>\r\n<li><strong>Avis de d\u00e9cision\u00a0: Janvier 2026<\/strong><\/li>\r\n<li><strong>\u00c9cole\u00a0: 5 et 6\u00a0mai 2026<\/strong><\/li>\r\n<\/ul>\r\n\t<h2><b>Organisateurs<\/b><\/h2>\r\n\t\t\t\t\t\t\t\t\t<a href=\"https:\/\/cifar.ca\/fr\/biographie\/maria-abou-chakra\/\" aria-label=\"Maria Abou Chakra. Voir le profil\">\r\n\t\t\t\t\t<img loading=\"lazy\" decoding=\"async\" width=\"160\" height=\"160\" src=\"https:\/\/cifar.ca\/wp-content\/uploads\/2025\/11\/Maria-Abou-Chakra-190x190.png\"\r\n\t\t\t\t\t\talt=\"About Maria Abou Chakra\" itemprop=\"image\"\r\n\t\t\t\t\t\tsrcset=\"https:\/\/cifar.ca\/wp-content\/uploads\/2025\/11\/Maria-Abou-Chakra-190x190.png 160w, https:\/\/cifar.ca\/wp-content\/uploads\/2025\/11\/Maria-Abou-Chakra-125x125.png  125w\"\r\n\t\t\t\t\t\tsizes=\"auto, (max-width: 160px) 100vw, 160px\"\/>\r\n\t\t\t\t\t\t<\/a>\r\n\t\t\t\t\t\t<h2>Maria Abou Chakra<\/h2>\r\n\t\t\t\t\tUniversit\u00e9 de Toronto\t\t\t\t\r\n\t\t\t\t\tCanada\t\t\t\t\r\n\t\t\t\t\t\t\t\t\t<a href=\"https:\/\/cifar.ca\/fr\/biographie\/muzlifah-haniffa\/\" aria-label=\"Muzlifah Haniffa. Voir le profil\">\r\n\t\t\t\t\t<img loading=\"lazy\" decoding=\"async\" width=\"160\" height=\"160\" src=\"https:\/\/cifar.ca\/wp-content\/uploads\/2023\/03\/Muzilfah-Haniffa_bw-190x190.jpg\"\r\n\t\t\t\t\t\talt=\"About Muzlifah Haniffa\" itemprop=\"image\"\r\n\t\t\t\t\t\tsrcset=\"https:\/\/cifar.ca\/wp-content\/uploads\/2023\/03\/Muzilfah-Haniffa_bw-190x190.jpg 160w, https:\/\/cifar.ca\/wp-content\/uploads\/2023\/03\/Muzilfah-Haniffa_bw-125x125.jpg  125w\"\r\n\t\t\t\t\t\tsizes=\"auto, (max-width: 160px) 100vw, 160px\"\/>\r\n\t\t\t\t\t\t<\/a>\r\n\t\t\t\t\t\t<h2>Muzlifah Haniffa<\/h2>\r\n\t\t\t\t\t\t\t\t<h3>Membre<\/h3>\r\n\t\t\t\t\t\t\t\t\u00catre humain multi\u00e9chelle CIFAR-MacMillan\r\n\t\t\t\t\tInstitut Wellcome Sanger\t\t\t\t\r\n\t\t\t\t\tUnited Kingdom\t\t\t\t\r\n\t\t\t\t\t\t\t\t\t<a href=\"https:\/\/cifar.ca\/fr\/biographie\/nika-shakiba\/\" aria-label=\"Nika Shakiba. Voir le profil\">\r\n\t\t\t\t\t<img loading=\"lazy\" decoding=\"async\" width=\"160\" height=\"160\" src=\"https:\/\/cifar.ca\/wp-content\/uploads\/2025\/11\/Nika-Shakiba-190x190.png\"\r\n\t\t\t\t\t\talt=\"About Nika Shakiba\" itemprop=\"image\"\r\n\t\t\t\t\t\tsrcset=\"https:\/\/cifar.ca\/wp-content\/uploads\/2025\/11\/Nika-Shakiba-190x190.png 160w, https:\/\/cifar.ca\/wp-content\/uploads\/2025\/11\/Nika-Shakiba-125x125.png  125w\"\r\n\t\t\t\t\t\tsizes=\"auto, (max-width: 160px) 100vw, 160px\"\/>\r\n\t\t\t\t\t\t<\/a>\r\n\t\t\t\t\t\t<h2>Nika Shakiba<\/h2>\r\n\t\t\t\t\tUniversit\u00e9 de la Colombie-Britannique\t\t\t\t\r\n\t\t\t\t\tCanada\t\t\t\t\r\n\t\t\t\t\t\t\t\t\t<a href=\"https:\/\/cifar.ca\/fr\/biographie\/nozomu-yachie\/\" aria-label=\"Nozomu Yachie. Voir le profil\">\r\n\t\t\t\t\t<img loading=\"lazy\" decoding=\"async\" width=\"160\" height=\"160\" src=\"https:\/\/cifar.ca\/wp-content\/uploads\/2023\/03\/Nozomu-Yachie_bw-190x190.jpg\"\r\n\t\t\t\t\t\talt=\"About Nozomu Yachie\" itemprop=\"image\"\r\n\t\t\t\t\t\tsrcset=\"https:\/\/cifar.ca\/wp-content\/uploads\/2023\/03\/Nozomu-Yachie_bw-190x190.jpg 160w, https:\/\/cifar.ca\/wp-content\/uploads\/2023\/03\/Nozomu-Yachie_bw-125x125.jpg  125w\"\r\n\t\t\t\t\t\tsizes=\"auto, (max-width: 160px) 100vw, 160px\"\/>\r\n\t\t\t\t\t\t<\/a>\r\n\t\t\t\t\t\t<h2>Nozomu Yachie<\/h2>\r\n\t\t\t\t\t\t\t\t<h3>Membre<\/h3>\r\n\t\t\t\t\t\t\t\t\u00catre humain multi\u00e9chelle CIFAR-MacMillan\r\n\t\t\t\t\tOsaka University<br \/>Universit\u00e9 de la Colombie-Britannique<br \/>University of Tokyo\t\t\t\t\r\n\t\t\t\t\tCanada\t\t\t\t\r\n\t\t\t\t\t\t\t\t\t<a href=\"https:\/\/cifar.ca\/fr\/biographie\/peter-zandstra\/\" aria-label=\"Peter Zandstra. Voir le profil\">\r\n\t\t\t\t\t<img loading=\"lazy\" decoding=\"async\" width=\"160\" height=\"160\" src=\"https:\/\/cifar.ca\/wp-content\/uploads\/2023\/03\/Peter-Zandstra_bw-190x190.jpg\"\r\n\t\t\t\t\t\talt=\"About Peter Zandstra\" itemprop=\"image\"\r\n\t\t\t\t\t\tsrcset=\"https:\/\/cifar.ca\/wp-content\/uploads\/2023\/03\/Peter-Zandstra_bw-190x190.jpg 160w, https:\/\/cifar.ca\/wp-content\/uploads\/2023\/03\/Peter-Zandstra_bw-125x125.jpg  125w\"\r\n\t\t\t\t\t\tsizes=\"auto, (max-width: 160px) 100vw, 160px\"\/>\r\n\t\t\t\t\t\t<\/a>\r\n\t\t\t\t\t\t<h2>Peter Zandstra<\/h2>\r\n\t\t\t\t\t\t\t\t<h3>Membre<\/h3>\r\n\t\t\t\t\t\t\t\t\u00catre humain multi\u00e9chelle CIFAR-MacMillan\r\n\t\t\t\t\tUniversit\u00e9 de la Colombie-Britannique\t\t\t\t\r\n\t\t\t\t\tCanada\t\t\t\t\r\n<h2>\r\n\t\t\tSoutenez-nous\t<\/h2>\r\n\t<p>L&rsquo;Institut canadien de recherches avanc\u00e9es (CIFAR) est une organisation de recherche d&rsquo;influence mondiale fi\u00e8rement bas\u00e9e au Canada. Nous mobilisons les plus brillants personnes du monde, dans toutes les disciplines et \u00e0 tous les stades de carri\u00e8re, pour faire progresser les connaissances transformatrices et r\u00e9soudre ensemble les plus grands probl\u00e8mes de l&rsquo;humanit\u00e9. Nous recevons l&rsquo;appui des gouvernements du Canada, de l&rsquo;Alberta et du Qu\u00e9bec, ainsi que de fondations, de particuliers, d&rsquo;entreprises et d&rsquo;organisations partenaires du Canada et du monde entier.<\/p>\r\n   <!-- Mandeep add class on anchor -->\r\n\t<a href=\"https:\/\/cifar.ca\/fr\/dons\/\" target=\"_self\">\r\n\t\t\t\t\tDons\t\t\t\t\t\t\t\r\n\t\t\t\t\t\t<\/a>\r\n\r\n","protected":false},"excerpt":{"rendered":"<p>Suivez-nous FaceBook Twitter YouTube LinkedIn Instagram \u00c9cole sur l&rsquo;\u00eatre humain multi\u00e9chelle CIFAR-MacMillan L&rsquo;\u00c9cole sur l&rsquo;\u00eatre humain multi\u00e9chelle CIFAR-MacMillan r\u00e9unit des personnes au doctorat et au [&hellip;]<\/p>\n","protected":false},"author":75,"featured_media":63579,"parent":39730,"menu_order":0,"comment_status":"closed","ping_status":"closed","template":"","meta":{"_acf_changed":false,"footnotes":""},"class_list":["post-63642","page","type-page","status-publish","has-post-thumbnail","hentry"],"acf":[],"yoast_head":"<!-- This site is optimized with the Yoast SEO plugin v27.2 - https:\/\/yoast.com\/product\/yoast-seo-wordpress\/ -->\n<title>CIFAR<\/title>\n<meta name=\"robots\" content=\"index, follow, max-snippet:-1, max-image-preview:large, max-video-preview:-1\" \/>\n<link rel=\"canonical\" href=\"https:\/\/cifar.ca\/fr\/initiatives-a-lintention-de-la-prochaine-generation\/ecole-sur-letre-humain-multiechelle-cifar-macmillan\/\" \/>\n<meta property=\"og:locale\" content=\"fr_FR\" \/>\n<meta property=\"og:type\" content=\"article\" \/>\n<meta property=\"og:title\" content=\"\u00c9cole sur l\u2019\u00eatre humain multi\u00e9chelle CIFAR-MacMillan - CIFAR\" \/>\n<meta property=\"og:description\" content=\"Suivez-nous FaceBook Twitter YouTube LinkedIn Instagram \u00c9cole sur l&rsquo;\u00eatre humain multi\u00e9chelle CIFAR-MacMillan L&rsquo;\u00c9cole sur l&rsquo;\u00eatre humain multi\u00e9chelle CIFAR-MacMillan r\u00e9unit des personnes au doctorat et au [&hellip;]\" \/>\n<meta property=\"og:url\" content=\"https:\/\/cifar.ca\/fr\/initiatives-a-lintention-de-la-prochaine-generation\/ecole-sur-letre-humain-multiechelle-cifar-macmillan\/\" \/>\n<meta property=\"og:site_name\" content=\"CIFAR\" \/>\n<meta property=\"article:modified_time\" content=\"2025-12-17T11:54:13+00:00\" \/>\n<meta property=\"og:image\" content=\"https:\/\/cifar.ca\/wp-content\/uploads\/2025\/11\/Multiscale-Human_textured-RGB-72-1.jpg\" \/>\n\t<meta property=\"og:image:width\" content=\"1920\" \/>\n\t<meta property=\"og:image:height\" content=\"403\" \/>\n\t<meta property=\"og:image:type\" content=\"image\/jpeg\" \/>\n<meta name=\"twitter:card\" content=\"summary_large_image\" \/>\n<meta name=\"twitter:label1\" content=\"Dur\u00e9e de lecture estim\u00e9e\" \/>\n\t<meta name=\"twitter:data1\" content=\"4 minutes\" \/>\n<script type=\"application\/ld+json\" class=\"yoast-schema-graph\">{\"@context\":\"https:\/\/schema.org\",\"@graph\":[{\"@type\":\"WebPage\",\"@id\":\"https:\/\/cifar.ca\/fr\/initiatives-a-lintention-de-la-prochaine-generation\/ecole-sur-letre-humain-multiechelle-cifar-macmillan\/\",\"url\":\"https:\/\/cifar.ca\/fr\/initiatives-a-lintention-de-la-prochaine-generation\/ecole-sur-letre-humain-multiechelle-cifar-macmillan\/\",\"name\":\"\u00c9cole sur l\u2019\u00eatre humain multi\u00e9chelle CIFAR-MacMillan - CIFAR\",\"isPartOf\":{\"@id\":\"https:\/\/cifar.ca\/fr\/#website\"},\"primaryImageOfPage\":{\"@id\":\"https:\/\/cifar.ca\/fr\/initiatives-a-lintention-de-la-prochaine-generation\/ecole-sur-letre-humain-multiechelle-cifar-macmillan\/#primaryimage\"},\"image\":{\"@id\":\"https:\/\/cifar.ca\/fr\/initiatives-a-lintention-de-la-prochaine-generation\/ecole-sur-letre-humain-multiechelle-cifar-macmillan\/#primaryimage\"},\"thumbnailUrl\":\"https:\/\/cifar.ca\/wp-content\/uploads\/2025\/11\/Multiscale-Human_textured-RGB-72-1.jpg\",\"datePublished\":\"2025-11-17T17:25:21+00:00\",\"dateModified\":\"2025-12-17T11:54:13+00:00\",\"breadcrumb\":{\"@id\":\"https:\/\/cifar.ca\/fr\/initiatives-a-lintention-de-la-prochaine-generation\/ecole-sur-letre-humain-multiechelle-cifar-macmillan\/#breadcrumb\"},\"inLanguage\":\"fr-FR\",\"potentialAction\":[{\"@type\":\"ReadAction\",\"target\":[\"https:\/\/cifar.ca\/fr\/initiatives-a-lintention-de-la-prochaine-generation\/ecole-sur-letre-humain-multiechelle-cifar-macmillan\/\"]}]},{\"@type\":\"ImageObject\",\"inLanguage\":\"fr-FR\",\"@id\":\"https:\/\/cifar.ca\/fr\/initiatives-a-lintention-de-la-prochaine-generation\/ecole-sur-letre-humain-multiechelle-cifar-macmillan\/#primaryimage\",\"url\":\"https:\/\/cifar.ca\/wp-content\/uploads\/2025\/11\/Multiscale-Human_textured-RGB-72-1.jpg\",\"contentUrl\":\"https:\/\/cifar.ca\/wp-content\/uploads\/2025\/11\/Multiscale-Human_textured-RGB-72-1.jpg\",\"width\":1920,\"height\":403},{\"@type\":\"BreadcrumbList\",\"@id\":\"https:\/\/cifar.ca\/fr\/initiatives-a-lintention-de-la-prochaine-generation\/ecole-sur-letre-humain-multiechelle-cifar-macmillan\/#breadcrumb\",\"itemListElement\":[{\"@type\":\"ListItem\",\"position\":1,\"name\":\"Acceuil\",\"item\":\"https:\/\/cifar.ca\/fr\/\"},{\"@type\":\"ListItem\",\"position\":2,\"name\":\"Initiatives \u00e0 l\u2019intention de la prochaine g\u00e9n\u00e9ration\",\"item\":\"https:\/\/cifar.ca\/fr\/initiatives-a-lintention-de-la-prochaine-generation\/\"},{\"@type\":\"ListItem\",\"position\":3,\"name\":\"\u00c9cole sur l\u2019\u00eatre humain multi\u00e9chelle CIFAR-MacMillan\"}]},{\"@type\":\"WebSite\",\"@id\":\"https:\/\/cifar.ca\/fr\/#website\",\"url\":\"https:\/\/cifar.ca\/fr\/\",\"name\":\"CIFAR\",\"description\":\"Convoquer des esprits extraordinaires pour r\u00e9pondre aux questions les plus importantes auxquelles la science et l'humanit\u00e9 sont confront\u00e9es.\",\"publisher\":{\"@id\":\"https:\/\/cifar.ca\/fr\/#organization\"},\"potentialAction\":[{\"@type\":\"SearchAction\",\"target\":{\"@type\":\"EntryPoint\",\"urlTemplate\":\"https:\/\/cifar.ca\/fr\/?s={search_term_string}\"},\"query-input\":{\"@type\":\"PropertyValueSpecification\",\"valueRequired\":true,\"valueName\":\"search_term_string\"}}],\"inLanguage\":\"fr-FR\"},{\"@type\":\"Organization\",\"@id\":\"https:\/\/cifar.ca\/fr\/#organization\",\"name\":\"CIFAR\",\"url\":\"https:\/\/cifar.ca\/fr\/\",\"logo\":{\"@type\":\"ImageObject\",\"inLanguage\":\"fr-FR\",\"@id\":\"https:\/\/cifar.ca\/fr\/#\/schema\/logo\/image\/\",\"url\":\"https:\/\/cifar.ca\/wp-content\/uploads\/2020\/01\/cifar-logo-rgb-colour.png\",\"contentUrl\":\"https:\/\/cifar.ca\/wp-content\/uploads\/2020\/01\/cifar-logo-rgb-colour.png\",\"width\":1884,\"height\":681,\"caption\":\"CIFAR\"},\"image\":{\"@id\":\"https:\/\/cifar.ca\/fr\/#\/schema\/logo\/image\/\"}}]}<\/script>\n<!-- \/ Yoast SEO plugin. -->","yoast_head_json":{"title":"CIFAR","robots":{"index":"index","follow":"follow","max-snippet":"max-snippet:-1","max-image-preview":"max-image-preview:large","max-video-preview":"max-video-preview:-1"},"canonical":"https:\/\/cifar.ca\/fr\/initiatives-a-lintention-de-la-prochaine-generation\/ecole-sur-letre-humain-multiechelle-cifar-macmillan\/","og_locale":"fr_FR","og_type":"article","og_title":"\u00c9cole sur l\u2019\u00eatre humain multi\u00e9chelle CIFAR-MacMillan - CIFAR","og_description":"Suivez-nous FaceBook Twitter YouTube LinkedIn Instagram \u00c9cole sur l&rsquo;\u00eatre humain multi\u00e9chelle CIFAR-MacMillan L&rsquo;\u00c9cole sur l&rsquo;\u00eatre humain multi\u00e9chelle CIFAR-MacMillan r\u00e9unit des personnes au doctorat et au [&hellip;]","og_url":"https:\/\/cifar.ca\/fr\/initiatives-a-lintention-de-la-prochaine-generation\/ecole-sur-letre-humain-multiechelle-cifar-macmillan\/","og_site_name":"CIFAR","article_modified_time":"2025-12-17T11:54:13+00:00","og_image":[{"width":1920,"height":403,"url":"https:\/\/cifar.ca\/wp-content\/uploads\/2025\/11\/Multiscale-Human_textured-RGB-72-1.jpg","type":"image\/jpeg"}],"twitter_card":"summary_large_image","twitter_misc":{"Dur\u00e9e de lecture estim\u00e9e":"4 minutes"},"schema":{"@context":"https:\/\/schema.org","@graph":[{"@type":"WebPage","@id":"https:\/\/cifar.ca\/fr\/initiatives-a-lintention-de-la-prochaine-generation\/ecole-sur-letre-humain-multiechelle-cifar-macmillan\/","url":"https:\/\/cifar.ca\/fr\/initiatives-a-lintention-de-la-prochaine-generation\/ecole-sur-letre-humain-multiechelle-cifar-macmillan\/","name":"\u00c9cole sur l\u2019\u00eatre humain multi\u00e9chelle CIFAR-MacMillan - CIFAR","isPartOf":{"@id":"https:\/\/cifar.ca\/fr\/#website"},"primaryImageOfPage":{"@id":"https:\/\/cifar.ca\/fr\/initiatives-a-lintention-de-la-prochaine-generation\/ecole-sur-letre-humain-multiechelle-cifar-macmillan\/#primaryimage"},"image":{"@id":"https:\/\/cifar.ca\/fr\/initiatives-a-lintention-de-la-prochaine-generation\/ecole-sur-letre-humain-multiechelle-cifar-macmillan\/#primaryimage"},"thumbnailUrl":"https:\/\/cifar.ca\/wp-content\/uploads\/2025\/11\/Multiscale-Human_textured-RGB-72-1.jpg","datePublished":"2025-11-17T17:25:21+00:00","dateModified":"2025-12-17T11:54:13+00:00","breadcrumb":{"@id":"https:\/\/cifar.ca\/fr\/initiatives-a-lintention-de-la-prochaine-generation\/ecole-sur-letre-humain-multiechelle-cifar-macmillan\/#breadcrumb"},"inLanguage":"fr-FR","potentialAction":[{"@type":"ReadAction","target":["https:\/\/cifar.ca\/fr\/initiatives-a-lintention-de-la-prochaine-generation\/ecole-sur-letre-humain-multiechelle-cifar-macmillan\/"]}]},{"@type":"ImageObject","inLanguage":"fr-FR","@id":"https:\/\/cifar.ca\/fr\/initiatives-a-lintention-de-la-prochaine-generation\/ecole-sur-letre-humain-multiechelle-cifar-macmillan\/#primaryimage","url":"https:\/\/cifar.ca\/wp-content\/uploads\/2025\/11\/Multiscale-Human_textured-RGB-72-1.jpg","contentUrl":"https:\/\/cifar.ca\/wp-content\/uploads\/2025\/11\/Multiscale-Human_textured-RGB-72-1.jpg","width":1920,"height":403},{"@type":"BreadcrumbList","@id":"https:\/\/cifar.ca\/fr\/initiatives-a-lintention-de-la-prochaine-generation\/ecole-sur-letre-humain-multiechelle-cifar-macmillan\/#breadcrumb","itemListElement":[{"@type":"ListItem","position":1,"name":"Acceuil","item":"https:\/\/cifar.ca\/fr\/"},{"@type":"ListItem","position":2,"name":"Initiatives \u00e0 l\u2019intention de la prochaine g\u00e9n\u00e9ration","item":"https:\/\/cifar.ca\/fr\/initiatives-a-lintention-de-la-prochaine-generation\/"},{"@type":"ListItem","position":3,"name":"\u00c9cole sur l\u2019\u00eatre humain multi\u00e9chelle CIFAR-MacMillan"}]},{"@type":"WebSite","@id":"https:\/\/cifar.ca\/fr\/#website","url":"https:\/\/cifar.ca\/fr\/","name":"CIFAR","description":"Convoquer des esprits extraordinaires pour r\u00e9pondre aux questions les plus importantes auxquelles la science et l'humanit\u00e9 sont confront\u00e9es.","publisher":{"@id":"https:\/\/cifar.ca\/fr\/#organization"},"potentialAction":[{"@type":"SearchAction","target":{"@type":"EntryPoint","urlTemplate":"https:\/\/cifar.ca\/fr\/?s={search_term_string}"},"query-input":{"@type":"PropertyValueSpecification","valueRequired":true,"valueName":"search_term_string"}}],"inLanguage":"fr-FR"},{"@type":"Organization","@id":"https:\/\/cifar.ca\/fr\/#organization","name":"CIFAR","url":"https:\/\/cifar.ca\/fr\/","logo":{"@type":"ImageObject","inLanguage":"fr-FR","@id":"https:\/\/cifar.ca\/fr\/#\/schema\/logo\/image\/","url":"https:\/\/cifar.ca\/wp-content\/uploads\/2020\/01\/cifar-logo-rgb-colour.png","contentUrl":"https:\/\/cifar.ca\/wp-content\/uploads\/2020\/01\/cifar-logo-rgb-colour.png","width":1884,"height":681,"caption":"CIFAR"},"image":{"@id":"https:\/\/cifar.ca\/fr\/#\/schema\/logo\/image\/"}}]}},"_links":{"self":[{"href":"https:\/\/cifar.ca\/fr\/wp-json\/wp\/v2\/pages\/63642","targetHints":{"allow":["GET"]}}],"collection":[{"href":"https:\/\/cifar.ca\/fr\/wp-json\/wp\/v2\/pages"}],"about":[{"href":"https:\/\/cifar.ca\/fr\/wp-json\/wp\/v2\/types\/page"}],"author":[{"embeddable":true,"href":"https:\/\/cifar.ca\/fr\/wp-json\/wp\/v2\/users\/75"}],"replies":[{"embeddable":true,"href":"https:\/\/cifar.ca\/fr\/wp-json\/wp\/v2\/comments?post=63642"}],"version-history":[{"count":0,"href":"https:\/\/cifar.ca\/fr\/wp-json\/wp\/v2\/pages\/63642\/revisions"}],"up":[{"embeddable":true,"href":"https:\/\/cifar.ca\/fr\/wp-json\/wp\/v2\/pages\/39730"}],"wp:featuredmedia":[{"embeddable":true,"href":"https:\/\/cifar.ca\/fr\/wp-json\/wp\/v2\/media\/63579"}],"wp:attachment":[{"href":"https:\/\/cifar.ca\/fr\/wp-json\/wp\/v2\/media?parent=63642"}],"curies":[{"name":"wp","href":"https:\/\/api.w.org\/{rel}","templated":true}]}}