{"id":63659,"date":"2025-11-18T13:07:49","date_gmt":"2025-11-18T18:07:49","guid":{"rendered":"https:\/\/cifar.ca\/?page_id=63659"},"modified":"2025-12-17T06:54:27","modified_gmt":"2025-12-17T11:54:27","slug":"programme-de-bourses-de-recherche-cifar-jacobs","status":"publish","type":"page","link":"https:\/\/cifar.ca\/fr\/initiatives-a-lintention-de-la-prochaine-generation\/programme-de-bourses-de-recherche-cifar-jacobs\/","title":{"rendered":"Programme de bourses de recherche CIFAR Jacobs"},"content":{"rendered":"\r\n\r\n\t\t\t<h2>\r\n\t\t\tSuivez-nous\t\t<\/h2>\r\n\t\t<button class='connect square balloon white-transparent facebook left' data-url='https:\/\/www.facebook.com\/CIFAR\/' aria-haspopup=\"false\"   aria-label='Suis nous surFaceBook' data-balloon-pos='right'>\r\n\t\t\tFaceBook\r\n\t\t<\/button>\r\n\t\t<button class='connect square balloon white-transparent twitter' data-url='https:\/\/twitter.com\/cifar_news' aria-haspopup=\"false\"   aria-label='Suis nous surTwitter' data-balloon-pos='right'>\r\n\t\t\tTwitter\r\n\t\t<\/button>\r\n\t\t<button class='connect square balloon white-transparent youtube left' data-url='https:\/\/www.youtube.com\/channel\/UCZj1nnTIiutUjEg-22e8UTA' aria-haspopup=\"false\"   aria-label='Suis nous surYouTube' data-balloon-pos='right'>\r\n\t\t\tYouTube\r\n\t\t<\/button>\r\n\t\t<button class='connect square balloon white-transparent linkedin' data-url='https:\/\/ca.linkedin.com\/company\/canadian-institute-for-advanced-research' aria-haspopup=\"false\"   aria-label='Suis nous surLinkedIn' data-balloon-pos='right'>\r\n\t\t\tLinkedIn\r\n\t\t<\/button>\r\n\t\t<button class='connect square balloon white-transparent instagram left' data-url='https:\/\/www.instagram.com\/cifar.ca\/' aria-haspopup=\"false\"   aria-label='Suis nous surInstagram' data-balloon-pos='right'>\r\n\t\t\tInstagram\r\n\t\t<\/button>\r\n\r\n\t<p><img loading=\"lazy\" decoding=\"async\" src=\"https:\/\/cifar.ca\/wp-content\/uploads\/2025\/11\/JF-CIFAR-Fellowship-RGB-72dpi.png\" alt=\"\" width=\"447\" height=\"116\" \/><\/p>\r\n<p>Le programme de bourses de recherche CIFAR Jacobs est un partenariat entre le CIFAR et la <a href=\"https:\/\/jacobsfoundation.org\/\" target=\"_blank\" rel=\"noopener\">Fondation Jacobs<\/a>, destin\u00e9 aux scientifiques en d\u00e9but et en milieu de carri\u00e8re dont les travaux portent sur l&rsquo;am\u00e9lioration de l&rsquo;apprentissage et du d\u00e9veloppement des enfants et des jeunes dans le monde entier.<\/p>\r\n<p>Les disciplines vis\u00e9es sont, entre autres, les sciences de l&rsquo;\u00e9ducation, la psychologie, l&rsquo;\u00e9conomie, la sociologie, la science du comportement, l&rsquo;informatique, la p\u00e9dagogie, la linguistique, les neurosciences et la science de l&rsquo;apprentissage.<\/p>\r\n<p>Nous encourageons tout particuli\u00e8rement les personnes qui cherchent \u00e0 conjuguer plusieurs niveaux d&rsquo;analyse et \u00e0 entreprendre un travail interdisciplinaire \u00e0 poser leur candidature. Une attention particuli\u00e8re est accord\u00e9e aux travaux visant \u00e0 comprendre et \u00e0 int\u00e9grer la variabilit\u00e9 de l&rsquo;apprentissage, \u00e0 promouvoir la mise en application concr\u00e8te de r\u00e9sultats probants sur l&rsquo;apprentissage et le d\u00e9veloppement humains et \u00e0 mettre \u00e0 l&rsquo;\u00e9chelle des politiques et des pratiques efficaces en mati\u00e8re d&rsquo;\u00e9ducation.<\/p>\r\n\t\t\t\t<img loading=\"lazy\" decoding=\"async\" src=\"https:\/\/cifar.ca\/wp-content\/uploads\/2025\/11\/Jacobs_Foundation_Cifar.png\" alt=\"People sitting at tables and listening to speaker\" itemprop=\"image\" height=\"1238\" width=\"1920\" title=\"Jacobs_Foundation_Cifar\" onerror=\"this.style.display='none'\"  \/>\t\t\t\t\t\r\n\t<p>R\u00e9union annuelle CIFAR Jacobs 2025<\/p>\r\n\t<p><a href=\"https:\/\/cifarportal.smapply.io\/prog\/jacobs_cifar_research_fellowship_program_\/\" target=\"_blank\" rel=\"noopener\"><button><strong><b>POSTULEZ D\u00c8S MAINTENANT<\/b><\/strong><\/button><\/a><\/p>\r\n\t<h3><b>Nous nous int\u00e9ressons particuli\u00e8rement aux questions suivantes :<\/b><\/h3>\r\n<ul>\r\n<li>Comment les variations \u00e0 l&rsquo;\u00e9chelle individuelle et sur le plan des facteurs contextuels influencent-elles l&rsquo;apprentissage et le d\u00e9veloppement, ainsi que les r\u00e9sultats d&rsquo;apprentissage?<\/li>\r\n<li>Comment int\u00e9grer la variabilit\u00e9 des apprenant.es \u00e0 grande \u00e9chelle pour permettre \u00e0 tous les enfants de r\u00e9aliser leur potentiel en tant qu&rsquo;apprenant.es et dans la vie en g\u00e9n\u00e9ral?<\/li>\r\n<li>Comment concevoir des interventions qui r\u00e9duisent les in\u00e9galit\u00e9s croissantes dans l&rsquo;apprentissage des enfants?<\/li>\r\n<li>Comment mieux comprendre le r\u00f4le des donn\u00e9es pour aider les apprenant.es et les enseignant.es \u00e0 prendre des d\u00e9cisions \u00e9clair\u00e9es au sujet de leur apprentissage et de leur enseignement?<\/li>\r\n<li>Quels sont les environnements, les m\u00e9thodes et les exp\u00e9riences d&rsquo;apprentissage en milieu scolaire qui permettent d&rsquo;am\u00e9liorer les r\u00e9sultats d&rsquo;apprentissage de groupes d&rsquo;\u00e9l\u00e8ves h\u00e9t\u00e9rog\u00e8nes?<\/li>\r\n<\/ul>\r\n\t<h3>D\u00e9tails du programme<\/h3>\r\n<h3>Les bourses sont attribu\u00e9es \u00e0 des scientifiques de grand talent qui ont obtenu un doctorat il y a moins de 10 ans. Les fonds associ\u00e9 aux bourses de recherche CIFAR Jacobs sont vers\u00e9s directement \u00e0 l&rsquo;\u00e9tablissement de la personne titulaire qui pourra les utiliser sur une p\u00e9riode de trois ans afin de couvrir une partie de son salaire et \u00e0 toute autre fin destin\u00e9e \u00e0 soutenir ses recherches, comme le salaire du personnel auxiliaire, l&rsquo;\u00e9quipement, l&rsquo;assistance technique, les d\u00e9placements professionnels ou l&rsquo;aide aux stagiaires.<\/h3>\r\n<h3>La personne id\u00e9ale dispose non seulement d&rsquo;une brillante id\u00e9e de recherche, mais promet aussi d&rsquo;apporter une contribution importante aux recherches r\u00e9alis\u00e9es dans le cadre d&rsquo;\u00e9quipes interdisciplinaires au sein et en dehors du r\u00e9seau de la Fondation Jacobs. En plus d&rsquo;offrir aux personnes titulaires un financement ind\u00e9pendant et concurrentiel, le programme propose un vaste \u00e9ventail d&rsquo;avantages non p\u00e9cuniaires ax\u00e9s sur le perfectionnement du leadership en recherche.<\/h3>\r\n<h3>Creating Impact Science Program<b> (CRISP)<\/b><\/h3>\r\n<h3>CRISP est une initiative con\u00e7ue exclusivement pour les ancien.nes du programme de bourses de recherche de la <a href=\"https:\/\/jacobsfoundation.org\/strategy-2030\/\" target=\"_blank\" rel=\"noopener\">Fondation Jacobs<\/a>. Il s&rsquo;agit d&rsquo;une plateforme qui permet d&rsquo;entretenir des relations durables avec d&rsquo;ancien.nes titulaires de premier plan en vue de favoriser la p\u00e9rennit\u00e9 de leur impact. Chaque ann\u00e9e, 2 ou 3 titulaires sont s\u00e9lectionn\u00e9.es en fonction de leurs contributions et de leur d\u00e9termination \u00e0 faire avancer le domaine. Ce programme offre aux ancien.nes titulaires un financement suppl\u00e9mentaire quinquennal, apportant ainsi un soutien essentiel \u00e0 la poursuite de leurs travaux de recherche. CRISP permet aux titulaires de transposer des r\u00e9sultats probants solides en actions concr\u00e8tes, favorisant ainsi un changement positif dans les communaut\u00e9s et pays cibl\u00e9s.<\/h3>\r\n<p>Pour de plus amples renseignements au sujet d&rsquo;anciennes et d&rsquo;anciens titulaires, veuillez <a href=\"https:\/\/jacobsfoundation.org\/fellowships\/jacobs-foundation-research-fellows-2\/\" target=\"_blank\" rel=\"noopener\">cliquer ici<\/a>.<\/p>\r\n\t<h3><b>Titulaires de chaire de recherche CIFAR Jacobs 2026<\/b><\/h3>\r\n\t\t\t\t<a href=\"https:\/\/cifar.ca\/fr\/titulaires-de-chaire-de-recherche-cifar-jacobs\/\" target=\"_blank\" rel=\"noopener\"  itemprop=\"url\">\r\n\t\t\t\t<img loading=\"lazy\" decoding=\"async\" src=\"https:\/\/cifar.ca\/wp-content\/uploads\/2025\/11\/Jacob_Website_Headshot_PH01_All_Image_ALT.png\" alt=\"Jacob_Website_Headshot_PH01_All_Image_ALT\" itemprop=\"image\" height=\"668\" width=\"1496\" title=\"Jacob_Website_Headshot_PH01_All_Image_ALT\" onerror=\"this.style.display='none'\"  \/>\t\t\t\t<\/a>\r\n\t<h3><b>Dates importantes\u00a0:<\/b><\/h3>\r\n<ul>\r\n<li><strong>24 novembre 2025<\/strong> : Ouverture de la p\u00e9riode de candidatures<\/li>\r\n<li><strong>2 f\u00e9vrier 2026<\/strong> : Date limite de soumission des candidatures, 12 h HE (UTC -5)<\/li>\r\n<li><strong>23 avril 2026<\/strong> : Les personnes pr\u00e9s\u00e9lectionn\u00e9es sont invit\u00e9es \u00e0 soumettre une demande d\u00e9taill\u00e9e. Les autres recevront une notification leur indiquant si leur candidature est pass\u00e9e \u00e0 l&rsquo;\u00e9tape suivante<\/li>\r\n<li><strong>6 au 10 juillet 2026<\/strong> : Les personnes pr\u00e9s\u00e9lectionn\u00e9es sont invit\u00e9es \u00e0 un entretien. Les autres recevront une notification leur indiquant si leur candidature est pass\u00e9e \u00e0 l&rsquo;\u00e9tape suivante<\/li>\r\n<li><strong>Septembre 2026<\/strong> : Les personnes pr\u00e9s\u00e9lectionn\u00e9es sont avis\u00e9es des r\u00e9sultats du concours<\/li>\r\n<li><strong>Novembre 2026<\/strong> : Annonce publique de la cohorte 2027 des titulaires d&rsquo;une bourse de recherche CIFAR Jacobs<\/li>\r\n<\/ul>\r\n<h2>\r\n\t\t\tSoutenez-nous\t<\/h2>\r\n\t<p>L&rsquo;Institut canadien de recherches avanc\u00e9es (CIFAR) est une organisation de recherche d&rsquo;influence mondiale fi\u00e8rement bas\u00e9e au Canada. Nous mobilisons les plus brillants personnes du monde, dans toutes les disciplines et \u00e0 tous les stades de carri\u00e8re, pour faire progresser les connaissances transformatrices et r\u00e9soudre ensemble les plus grands probl\u00e8mes de l&rsquo;humanit\u00e9. Nous recevons l&rsquo;appui des gouvernements du Canada, de l&rsquo;Alberta et du Qu\u00e9bec, ainsi que de fondations, de particuliers, d&rsquo;entreprises et d&rsquo;organisations partenaires du Canada et du monde entier.<\/p>\r\n   <!-- Mandeep add class on anchor -->\r\n\t<a href=\"https:\/\/cifar.ca\/fr\/dons\/\" target=\"_self\">\r\n\t\t\t\t\tDons\t\t\t\t\t\t\t\r\n\t\t\t\t\t\t<\/a>\r\n\r\n","protected":false},"excerpt":{"rendered":"<p>Suivez-nous FaceBook Twitter YouTube LinkedIn Instagram Le programme de bourses de recherche CIFAR Jacobs est un partenariat entre le CIFAR et la Fondation Jacobs, destin\u00e9 [&hellip;]<\/p>\n","protected":false},"author":75,"featured_media":63456,"parent":39730,"menu_order":0,"comment_status":"closed","ping_status":"closed","template":"","meta":{"_acf_changed":false,"footnotes":""},"class_list":["post-63659","page","type-page","status-publish","has-post-thumbnail","hentry"],"acf":[],"yoast_head":"<!-- This site is optimized with the Yoast SEO plugin v27.2 - https:\/\/yoast.com\/product\/yoast-seo-wordpress\/ -->\n<title>CIFAR<\/title>\n<meta name=\"robots\" content=\"index, follow, max-snippet:-1, max-image-preview:large, max-video-preview:-1\" \/>\n<link rel=\"canonical\" href=\"https:\/\/cifar.ca\/fr\/initiatives-a-lintention-de-la-prochaine-generation\/programme-de-bourses-de-recherche-cifar-jacobs\/\" \/>\n<meta property=\"og:locale\" content=\"fr_FR\" \/>\n<meta property=\"og:type\" content=\"article\" \/>\n<meta property=\"og:title\" content=\"Programme de bourses de recherche CIFAR Jacobs - CIFAR\" \/>\n<meta property=\"og:description\" content=\"Suivez-nous FaceBook Twitter YouTube LinkedIn Instagram Le programme de bourses de recherche CIFAR Jacobs est un partenariat entre le CIFAR et la Fondation Jacobs, destin\u00e9 [&hellip;]\" \/>\n<meta property=\"og:url\" content=\"https:\/\/cifar.ca\/fr\/initiatives-a-lintention-de-la-prochaine-generation\/programme-de-bourses-de-recherche-cifar-jacobs\/\" \/>\n<meta property=\"og:site_name\" content=\"CIFAR\" \/>\n<meta property=\"article:modified_time\" content=\"2025-12-17T11:54:27+00:00\" \/>\n<meta property=\"og:image\" content=\"https:\/\/cifar.ca\/wp-content\/uploads\/2025\/11\/home-page-banner.png\" \/>\n\t<meta property=\"og:image:width\" content=\"1024\" \/>\n\t<meta property=\"og:image:height\" content=\"576\" \/>\n\t<meta property=\"og:image:type\" content=\"image\/png\" \/>\n<meta name=\"twitter:card\" content=\"summary_large_image\" \/>\n<meta name=\"twitter:label1\" content=\"Dur\u00e9e de lecture estim\u00e9e\" \/>\n\t<meta name=\"twitter:data1\" content=\"4 minutes\" \/>\n<script type=\"application\/ld+json\" class=\"yoast-schema-graph\">{\"@context\":\"https:\/\/schema.org\",\"@graph\":[{\"@type\":\"WebPage\",\"@id\":\"https:\/\/cifar.ca\/fr\/initiatives-a-lintention-de-la-prochaine-generation\/programme-de-bourses-de-recherche-cifar-jacobs\/\",\"url\":\"https:\/\/cifar.ca\/fr\/initiatives-a-lintention-de-la-prochaine-generation\/programme-de-bourses-de-recherche-cifar-jacobs\/\",\"name\":\"Programme de bourses de recherche CIFAR Jacobs - CIFAR\",\"isPartOf\":{\"@id\":\"https:\/\/cifar.ca\/fr\/#website\"},\"primaryImageOfPage\":{\"@id\":\"https:\/\/cifar.ca\/fr\/initiatives-a-lintention-de-la-prochaine-generation\/programme-de-bourses-de-recherche-cifar-jacobs\/#primaryimage\"},\"image\":{\"@id\":\"https:\/\/cifar.ca\/fr\/initiatives-a-lintention-de-la-prochaine-generation\/programme-de-bourses-de-recherche-cifar-jacobs\/#primaryimage\"},\"thumbnailUrl\":\"https:\/\/cifar.ca\/wp-content\/uploads\/2025\/11\/home-page-banner.png\",\"datePublished\":\"2025-11-18T18:07:49+00:00\",\"dateModified\":\"2025-12-17T11:54:27+00:00\",\"breadcrumb\":{\"@id\":\"https:\/\/cifar.ca\/fr\/initiatives-a-lintention-de-la-prochaine-generation\/programme-de-bourses-de-recherche-cifar-jacobs\/#breadcrumb\"},\"inLanguage\":\"fr-FR\",\"potentialAction\":[{\"@type\":\"ReadAction\",\"target\":[\"https:\/\/cifar.ca\/fr\/initiatives-a-lintention-de-la-prochaine-generation\/programme-de-bourses-de-recherche-cifar-jacobs\/\"]}]},{\"@type\":\"ImageObject\",\"inLanguage\":\"fr-FR\",\"@id\":\"https:\/\/cifar.ca\/fr\/initiatives-a-lintention-de-la-prochaine-generation\/programme-de-bourses-de-recherche-cifar-jacobs\/#primaryimage\",\"url\":\"https:\/\/cifar.ca\/wp-content\/uploads\/2025\/11\/home-page-banner.png\",\"contentUrl\":\"https:\/\/cifar.ca\/wp-content\/uploads\/2025\/11\/home-page-banner.png\",\"width\":1920,\"height\":1080,\"caption\":\"library\"},{\"@type\":\"BreadcrumbList\",\"@id\":\"https:\/\/cifar.ca\/fr\/initiatives-a-lintention-de-la-prochaine-generation\/programme-de-bourses-de-recherche-cifar-jacobs\/#breadcrumb\",\"itemListElement\":[{\"@type\":\"ListItem\",\"position\":1,\"name\":\"Acceuil\",\"item\":\"https:\/\/cifar.ca\/fr\/\"},{\"@type\":\"ListItem\",\"position\":2,\"name\":\"Initiatives \u00e0 l\u2019intention de la prochaine g\u00e9n\u00e9ration\",\"item\":\"https:\/\/cifar.ca\/fr\/initiatives-a-lintention-de-la-prochaine-generation\/\"},{\"@type\":\"ListItem\",\"position\":3,\"name\":\"Programme de bourses de recherche CIFAR Jacobs\"}]},{\"@type\":\"WebSite\",\"@id\":\"https:\/\/cifar.ca\/fr\/#website\",\"url\":\"https:\/\/cifar.ca\/fr\/\",\"name\":\"CIFAR\",\"description\":\"Convoquer des esprits extraordinaires pour r\u00e9pondre aux questions les plus importantes auxquelles la science et l'humanit\u00e9 sont confront\u00e9es.\",\"publisher\":{\"@id\":\"https:\/\/cifar.ca\/fr\/#organization\"},\"potentialAction\":[{\"@type\":\"SearchAction\",\"target\":{\"@type\":\"EntryPoint\",\"urlTemplate\":\"https:\/\/cifar.ca\/fr\/?s={search_term_string}\"},\"query-input\":{\"@type\":\"PropertyValueSpecification\",\"valueRequired\":true,\"valueName\":\"search_term_string\"}}],\"inLanguage\":\"fr-FR\"},{\"@type\":\"Organization\",\"@id\":\"https:\/\/cifar.ca\/fr\/#organization\",\"name\":\"CIFAR\",\"url\":\"https:\/\/cifar.ca\/fr\/\",\"logo\":{\"@type\":\"ImageObject\",\"inLanguage\":\"fr-FR\",\"@id\":\"https:\/\/cifar.ca\/fr\/#\/schema\/logo\/image\/\",\"url\":\"https:\/\/cifar.ca\/wp-content\/uploads\/2020\/01\/cifar-logo-rgb-colour.png\",\"contentUrl\":\"https:\/\/cifar.ca\/wp-content\/uploads\/2020\/01\/cifar-logo-rgb-colour.png\",\"width\":1884,\"height\":681,\"caption\":\"CIFAR\"},\"image\":{\"@id\":\"https:\/\/cifar.ca\/fr\/#\/schema\/logo\/image\/\"}}]}<\/script>\n<!-- \/ Yoast SEO plugin. -->","yoast_head_json":{"title":"CIFAR","robots":{"index":"index","follow":"follow","max-snippet":"max-snippet:-1","max-image-preview":"max-image-preview:large","max-video-preview":"max-video-preview:-1"},"canonical":"https:\/\/cifar.ca\/fr\/initiatives-a-lintention-de-la-prochaine-generation\/programme-de-bourses-de-recherche-cifar-jacobs\/","og_locale":"fr_FR","og_type":"article","og_title":"Programme de bourses de recherche CIFAR Jacobs - CIFAR","og_description":"Suivez-nous FaceBook Twitter YouTube LinkedIn Instagram Le programme de bourses de recherche CIFAR Jacobs est un partenariat entre le CIFAR et la Fondation Jacobs, destin\u00e9 [&hellip;]","og_url":"https:\/\/cifar.ca\/fr\/initiatives-a-lintention-de-la-prochaine-generation\/programme-de-bourses-de-recherche-cifar-jacobs\/","og_site_name":"CIFAR","article_modified_time":"2025-12-17T11:54:27+00:00","og_image":[{"url":"https:\/\/cifar.ca\/wp-content\/uploads\/2025\/11\/home-page-banner.png","width":1024,"height":576,"type":"image\/png"}],"twitter_card":"summary_large_image","twitter_misc":{"Dur\u00e9e de lecture estim\u00e9e":"4 minutes"},"schema":{"@context":"https:\/\/schema.org","@graph":[{"@type":"WebPage","@id":"https:\/\/cifar.ca\/fr\/initiatives-a-lintention-de-la-prochaine-generation\/programme-de-bourses-de-recherche-cifar-jacobs\/","url":"https:\/\/cifar.ca\/fr\/initiatives-a-lintention-de-la-prochaine-generation\/programme-de-bourses-de-recherche-cifar-jacobs\/","name":"Programme de bourses de recherche CIFAR Jacobs - CIFAR","isPartOf":{"@id":"https:\/\/cifar.ca\/fr\/#website"},"primaryImageOfPage":{"@id":"https:\/\/cifar.ca\/fr\/initiatives-a-lintention-de-la-prochaine-generation\/programme-de-bourses-de-recherche-cifar-jacobs\/#primaryimage"},"image":{"@id":"https:\/\/cifar.ca\/fr\/initiatives-a-lintention-de-la-prochaine-generation\/programme-de-bourses-de-recherche-cifar-jacobs\/#primaryimage"},"thumbnailUrl":"https:\/\/cifar.ca\/wp-content\/uploads\/2025\/11\/home-page-banner.png","datePublished":"2025-11-18T18:07:49+00:00","dateModified":"2025-12-17T11:54:27+00:00","breadcrumb":{"@id":"https:\/\/cifar.ca\/fr\/initiatives-a-lintention-de-la-prochaine-generation\/programme-de-bourses-de-recherche-cifar-jacobs\/#breadcrumb"},"inLanguage":"fr-FR","potentialAction":[{"@type":"ReadAction","target":["https:\/\/cifar.ca\/fr\/initiatives-a-lintention-de-la-prochaine-generation\/programme-de-bourses-de-recherche-cifar-jacobs\/"]}]},{"@type":"ImageObject","inLanguage":"fr-FR","@id":"https:\/\/cifar.ca\/fr\/initiatives-a-lintention-de-la-prochaine-generation\/programme-de-bourses-de-recherche-cifar-jacobs\/#primaryimage","url":"https:\/\/cifar.ca\/wp-content\/uploads\/2025\/11\/home-page-banner.png","contentUrl":"https:\/\/cifar.ca\/wp-content\/uploads\/2025\/11\/home-page-banner.png","width":1920,"height":1080,"caption":"library"},{"@type":"BreadcrumbList","@id":"https:\/\/cifar.ca\/fr\/initiatives-a-lintention-de-la-prochaine-generation\/programme-de-bourses-de-recherche-cifar-jacobs\/#breadcrumb","itemListElement":[{"@type":"ListItem","position":1,"name":"Acceuil","item":"https:\/\/cifar.ca\/fr\/"},{"@type":"ListItem","position":2,"name":"Initiatives \u00e0 l\u2019intention de la prochaine g\u00e9n\u00e9ration","item":"https:\/\/cifar.ca\/fr\/initiatives-a-lintention-de-la-prochaine-generation\/"},{"@type":"ListItem","position":3,"name":"Programme de bourses de recherche CIFAR Jacobs"}]},{"@type":"WebSite","@id":"https:\/\/cifar.ca\/fr\/#website","url":"https:\/\/cifar.ca\/fr\/","name":"CIFAR","description":"Convoquer des esprits extraordinaires pour r\u00e9pondre aux questions les plus importantes auxquelles la science et l'humanit\u00e9 sont confront\u00e9es.","publisher":{"@id":"https:\/\/cifar.ca\/fr\/#organization"},"potentialAction":[{"@type":"SearchAction","target":{"@type":"EntryPoint","urlTemplate":"https:\/\/cifar.ca\/fr\/?s={search_term_string}"},"query-input":{"@type":"PropertyValueSpecification","valueRequired":true,"valueName":"search_term_string"}}],"inLanguage":"fr-FR"},{"@type":"Organization","@id":"https:\/\/cifar.ca\/fr\/#organization","name":"CIFAR","url":"https:\/\/cifar.ca\/fr\/","logo":{"@type":"ImageObject","inLanguage":"fr-FR","@id":"https:\/\/cifar.ca\/fr\/#\/schema\/logo\/image\/","url":"https:\/\/cifar.ca\/wp-content\/uploads\/2020\/01\/cifar-logo-rgb-colour.png","contentUrl":"https:\/\/cifar.ca\/wp-content\/uploads\/2020\/01\/cifar-logo-rgb-colour.png","width":1884,"height":681,"caption":"CIFAR"},"image":{"@id":"https:\/\/cifar.ca\/fr\/#\/schema\/logo\/image\/"}}]}},"_links":{"self":[{"href":"https:\/\/cifar.ca\/fr\/wp-json\/wp\/v2\/pages\/63659","targetHints":{"allow":["GET"]}}],"collection":[{"href":"https:\/\/cifar.ca\/fr\/wp-json\/wp\/v2\/pages"}],"about":[{"href":"https:\/\/cifar.ca\/fr\/wp-json\/wp\/v2\/types\/page"}],"author":[{"embeddable":true,"href":"https:\/\/cifar.ca\/fr\/wp-json\/wp\/v2\/users\/75"}],"replies":[{"embeddable":true,"href":"https:\/\/cifar.ca\/fr\/wp-json\/wp\/v2\/comments?post=63659"}],"version-history":[{"count":0,"href":"https:\/\/cifar.ca\/fr\/wp-json\/wp\/v2\/pages\/63659\/revisions"}],"up":[{"embeddable":true,"href":"https:\/\/cifar.ca\/fr\/wp-json\/wp\/v2\/pages\/39730"}],"wp:featuredmedia":[{"embeddable":true,"href":"https:\/\/cifar.ca\/fr\/wp-json\/wp\/v2\/media\/63456"}],"wp:attachment":[{"href":"https:\/\/cifar.ca\/fr\/wp-json\/wp\/v2\/media?parent=63659"}],"curies":[{"name":"wp","href":"https:\/\/api.w.org\/{rel}","templated":true}]}}